{"id":768430,"date":"2026-04-16T17:13:09","date_gmt":"2026-04-16T10:13:09","guid":{"rendered":"http:\/\/tourcruiser.com\/product\/air-jordan-8-retro-sp-se-multi-color-bq7666-100"},"modified":"2026-04-17T23:01:11","modified_gmt":"2026-04-17T16:01:11","slug":"air-jordan-8-retro-sp-se-multi-color-bq7666-100","status":"publish","type":"product","link":"https:\/\/tourcruiser.com\/fr\/products\/air-jordan-8-retro-sp-se-multi-color-bq7666-100\/","title":{"rendered":"Air Jordan 8 Retro SP SE &lsquo;Multi-Color&rsquo; BQ7666-100"},"content":{"rendered":"<p>D\u00e9couvrez les Air Jordan 8 Retro SP SE Multicolores de Jordan. Ces chaussures styl\u00e9es impressionnent par leur design multicolore unique et apportent une touche de couleur vibrante \u00e0 votre tenue. Sign\u00e9es Jordan, la c\u00e9l\u00e8bre marque, elles vous garantissent une qualit\u00e9 et un confort exceptionnels. Id\u00e9ales pour les passionn\u00e9s de sneakers et les personnes soucieuses de leur style.<\/p>\n<p>\u2026 \u00c2ge\u00a0: Adultes<\/p>\n<p>Couleur\u00a0: Blanc\/Gris neutre\/Gris particule<\/p>\n<p>Genre\u00a0: Homme<\/p>\n","protected":false},"excerpt":{"rendered":"<p>D\u00e9couvrez les Air Jordan 8 Retro SP SE Multicolores de Jordan. Ces chaussures styl\u00e9es impressionnent par leur design multicolore unique et apportent une touche de couleur vibrante \u00e0 votre tenue. Sign\u00e9es Jordan, la c\u00e9l\u00e8bre marque, elles vous garantissent une qualit\u00e9 et un confort exceptionnels. Id\u00e9ales pour les passionn\u00e9s de sneakers et les personnes soucieuses de [&hellip;]<\/p>\n","protected":false},"featured_media":768431,"comment_status":"open","ping_status":"closed","template":"","meta":[],"product_brand":[],"product_cat":[38880],"product_tag":[10750,38861,38841,38975,38842,10776,11349,38875,10756],"class_list":{"0":"post-768430","1":"product","2":"type-product","3":"status-publish","4":"has-post-thumbnail","6":"product_cat-jordan","7":"product_tag-athleisure-shoes","8":"product_tag-below-retail-price","9":"product_tag-casual-shoes","10":"product_tag-casual-shoes-basketball-inspired","11":"product_tag-gift-idea-for-him","12":"product_tag-jordan","13":"product_tag-jordan-basketball-shoes","14":"product_tag-jordan-skateboard-shoes","15":"product_tag-retro-casual-shoes","17":"first","18":"instock","19":"taxable","20":"shipping-taxable","21":"purchasable","22":"product-type-simple"},"wcpa_form_fields":null,"yoast_head":"<!-- This site is optimized with the Yoast SEO plugin v26.5 - https:\/\/yoast.com\/wordpress\/plugins\/seo\/ -->\n<title>Air Jordan 8 Retro SP SE &#039;Multi-Color&#039; BQ7666-100 - TOURCRUISER PTE. LTD<\/title>\n<meta name=\"robots\" content=\"index, follow, max-snippet:-1, max-image-preview:large, max-video-preview:-1\" \/>\n<link rel=\"canonical\" href=\"https:\/\/tourcruiser.com\/fr\/products\/air-jordan-8-retro-sp-se-multi-color-bq7666-100\/\" \/>\n<meta property=\"og:locale\" content=\"fr_FR\" \/>\n<meta property=\"og:type\" content=\"article\" \/>\n<meta property=\"og:title\" content=\"Air Jordan 8 Retro SP SE &#039;Multi-Color&#039; BQ7666-100 - TOURCRUISER PTE. LTD\" \/>\n<meta property=\"og:description\" content=\"D\u00e9couvrez les Air Jordan 8 Retro SP SE Multicolores de Jordan. Ces chaussures styl\u00e9es impressionnent par leur design multicolore unique et apportent une touche de couleur vibrante \u00e0 votre tenue. Sign\u00e9es Jordan, la c\u00e9l\u00e8bre marque, elles vous garantissent une qualit\u00e9 et un confort exceptionnels. Id\u00e9ales pour les passionn\u00e9s de sneakers et les personnes soucieuses de [&hellip;]\" \/>\n<meta property=\"og:url\" content=\"https:\/\/tourcruiser.com\/fr\/products\/air-jordan-8-retro-sp-se-multi-color-bq7666-100\/\" \/>\n<meta property=\"og:site_name\" content=\"Tourcruiser Sneaker Store\" \/>\n<meta property=\"article:modified_time\" content=\"2026-04-17T16:01:11+00:00\" \/>\n<meta name=\"twitter:card\" content=\"summary_large_image\" \/>\n<meta name=\"twitter:image\" content=\"https:\/\/images.novelship.com\/product\/air_jordan_8_retro_sp_se__multi_color__bq7666_100_0_29164.jpeg;https:\/\/images.novelship.com\/product\/air_jordan_8_retro_sp_se__multi_color__bq7666_100_1_29164.jpeg;https:\/\/images.novelship.com\/product\/air_jordan_8_retro_sp_se__multi_color__bq7666_100_2_29164.jpeg;https:\/\/images.novelship.com\/product\/air_jordan_8_retro_sp_se__multi_color__bq7666_100_3_29164.jpeg;https:\/\/images.novelship.com\/product\/air_jordan_8_retro_sp_se__multi_color__bq7666_100_4_29164.jpeg;https:\/\/images.novelship.com\/product\/air_jordan_8_retro_sp_se__multi_color__bq7666_100_5_29164.jpeg;https:\/\/images.novelship.com\/product\/air_jordan_8_retro_sp_se__multi_color__bq7666_100_6_29165.jpeg;https:\/\/images.novelship.com\/product\/air_jordan_8_retro_sp_se__multi_color__bq7666_100_7_29165.jpeg\" \/>\n<script type=\"application\/ld+json\" class=\"yoast-schema-graph\">{\"@context\":\"https:\/\/schema.org\",\"@graph\":[{\"@type\":\"WebPage\",\"@id\":\"https:\/\/tourcruiser.com\/fr\/products\/air-jordan-8-retro-sp-se-multi-color-bq7666-100\/\",\"url\":\"https:\/\/tourcruiser.com\/fr\/products\/air-jordan-8-retro-sp-se-multi-color-bq7666-100\/\",\"name\":\"Air Jordan 8 Retro SP SE 'Multi-Color' BQ7666-100 - TOURCRUISER PTE. LTD\",\"isPartOf\":{\"@id\":\"\/#website\"},\"primaryImageOfPage\":{\"@id\":\"https:\/\/tourcruiser.com\/fr\/products\/air-jordan-8-retro-sp-se-multi-color-bq7666-100\/#primaryimage\"},\"image\":{\"@id\":\"https:\/\/tourcruiser.com\/fr\/products\/air-jordan-8-retro-sp-se-multi-color-bq7666-100\/#primaryimage\"},\"thumbnailUrl\":\"https:\/\/images.novelship.com\/product\/air_jordan_8_retro_sp_se__multi_color__bq7666_100_0_29164.jpeg;https:\/\/images.novelship.com\/product\/air_jordan_8_retro_sp_se__multi_color__bq7666_100_1_29164.jpeg;https:\/\/images.novelship.com\/product\/air_jordan_8_retro_sp_se__multi_color__bq7666_100_2_29164.jpeg;https:\/\/images.novelship.com\/product\/air_jordan_8_retro_sp_se__multi_color__bq7666_100_3_29164.jpeg;https:\/\/images.novelship.com\/product\/air_jordan_8_retro_sp_se__multi_color__bq7666_100_4_29164.jpeg;https:\/\/images.novelship.com\/product\/air_jordan_8_retro_sp_se__multi_color__bq7666_100_5_29164.jpeg;https:\/\/images.novelship.com\/product\/air_jordan_8_retro_sp_se__multi_color__bq7666_100_6_29165.jpeg;https:\/\/images.novelship.com\/product\/air_jordan_8_retro_sp_se__multi_color__bq7666_100_7_29165.jpeg\",\"datePublished\":\"2026-04-16T10:13:09+00:00\",\"dateModified\":\"2026-04-17T16:01:11+00:00\",\"breadcrumb\":{\"@id\":\"https:\/\/tourcruiser.com\/fr\/products\/air-jordan-8-retro-sp-se-multi-color-bq7666-100\/#breadcrumb\"},\"inLanguage\":\"fr-FR\",\"potentialAction\":[{\"@type\":\"ReadAction\",\"target\":[\"https:\/\/tourcruiser.com\/fr\/products\/air-jordan-8-retro-sp-se-multi-color-bq7666-100\/\"]}]},{\"@type\":\"ImageObject\",\"inLanguage\":\"fr-FR\",\"@id\":\"https:\/\/tourcruiser.com\/fr\/products\/air-jordan-8-retro-sp-se-multi-color-bq7666-100\/#primaryimage\",\"url\":\"https:\/\/images.novelship.com\/product\/air_jordan_8_retro_sp_se__multi_color__bq7666_100_0_29164.jpeg;https:\/\/images.novelship.com\/product\/air_jordan_8_retro_sp_se__multi_color__bq7666_100_1_29164.jpeg;https:\/\/images.novelship.com\/product\/air_jordan_8_retro_sp_se__multi_color__bq7666_100_2_29164.jpeg;https:\/\/images.novelship.com\/product\/air_jordan_8_retro_sp_se__multi_color__bq7666_100_3_29164.jpeg;https:\/\/images.novelship.com\/product\/air_jordan_8_retro_sp_se__multi_color__bq7666_100_4_29164.jpeg;https:\/\/images.novelship.com\/product\/air_jordan_8_retro_sp_se__multi_color__bq7666_100_5_29164.jpeg;https:\/\/images.novelship.com\/product\/air_jordan_8_retro_sp_se__multi_color__bq7666_100_6_29165.jpeg;https:\/\/images.novelship.com\/product\/air_jordan_8_retro_sp_se__multi_color__bq7666_100_7_29165.jpeg\",\"contentUrl\":\"https:\/\/images.novelship.com\/product\/air_jordan_8_retro_sp_se__multi_color__bq7666_100_0_29164.jpeg;https:\/\/images.novelship.com\/product\/air_jordan_8_retro_sp_se__multi_color__bq7666_100_1_29164.jpeg;https:\/\/images.novelship.com\/product\/air_jordan_8_retro_sp_se__multi_color__bq7666_100_2_29164.jpeg;https:\/\/images.novelship.com\/product\/air_jordan_8_retro_sp_se__multi_color__bq7666_100_3_29164.jpeg;https:\/\/images.novelship.com\/product\/air_jordan_8_retro_sp_se__multi_color__bq7666_100_4_29164.jpeg;https:\/\/images.novelship.com\/product\/air_jordan_8_retro_sp_se__multi_color__bq7666_100_5_29164.jpeg;https:\/\/images.novelship.com\/product\/air_jordan_8_retro_sp_se__multi_color__bq7666_100_6_29165.jpeg;https:\/\/images.novelship.com\/product\/air_jordan_8_retro_sp_se__multi_color__bq7666_100_7_29165.jpeg\"},{\"@type\":\"BreadcrumbList\",\"@id\":\"https:\/\/tourcruiser.com\/fr\/products\/air-jordan-8-retro-sp-se-multi-color-bq7666-100\/#breadcrumb\",\"itemListElement\":[{\"@type\":\"ListItem\",\"position\":1,\"name\":\"Home\",\"item\":\"https:\/\/tourcruiser.com\/fr\/\"},{\"@type\":\"ListItem\",\"position\":2,\"name\":\"Shop\",\"item\":\"https:\/\/tourcruiser.com\/fr\/shop\/\"},{\"@type\":\"ListItem\",\"position\":3,\"name\":\"Air Jordan 8 Retro SP SE &#8216;Multi-Color&#8217; BQ7666-100\"}]},{\"@type\":\"WebSite\",\"@id\":\"\/#website\",\"url\":\"\/\",\"name\":\"Styloral Jewelry Shop\",\"description\":\"Tourcruiser Sneaker Store \u2014 L\u2019endroit o\u00f9 l\u2019univers rencontre votre singularit\u00e9.\",\"publisher\":{\"@id\":\"\/#organization\"},\"potentialAction\":[{\"@type\":\"SearchAction\",\"target\":{\"@type\":\"EntryPoint\",\"urlTemplate\":\"\/?s={search_term_string}\"},\"query-input\":{\"@type\":\"PropertyValueSpecification\",\"valueRequired\":true,\"valueName\":\"search_term_string\"}}],\"inLanguage\":\"fr-FR\"},{\"@type\":\"Organization\",\"@id\":\"\/#organization\",\"name\":\"STYLORAL PTE. LTD\",\"url\":\"\/\",\"logo\":{\"@type\":\"ImageObject\",\"inLanguage\":\"fr-FR\",\"@id\":\"\/#\/schema\/logo\/image\/\",\"url\":\"https:\/\/www.tourcruiser.com\/wp-content\/uploads\/2025\/12\/logo.png\",\"contentUrl\":\"https:\/\/www.tourcruiser.com\/wp-content\/uploads\/2025\/12\/logo.png\",\"width\":200,\"height\":65,\"caption\":\"STYLORAL PTE. LTD\"},\"image\":{\"@id\":\"\/#\/schema\/logo\/image\/\"}}]}<\/script>\n<!-- \/ Yoast SEO plugin. -->","yoast_head_json":{"title":"Air Jordan 8 Retro SP SE 'Multi-Color' BQ7666-100 - TOURCRUISER PTE. LTD","robots":{"index":"index","follow":"follow","max-snippet":"max-snippet:-1","max-image-preview":"max-image-preview:large","max-video-preview":"max-video-preview:-1"},"canonical":"https:\/\/tourcruiser.com\/fr\/products\/air-jordan-8-retro-sp-se-multi-color-bq7666-100\/","og_locale":"fr_FR","og_type":"article","og_title":"Air Jordan 8 Retro SP SE 'Multi-Color' BQ7666-100 - TOURCRUISER PTE. LTD","og_description":"D\u00e9couvrez les Air Jordan 8 Retro SP SE Multicolores de Jordan. Ces chaussures styl\u00e9es impressionnent par leur design multicolore unique et apportent une touche de couleur vibrante \u00e0 votre tenue. Sign\u00e9es Jordan, la c\u00e9l\u00e8bre marque, elles vous garantissent une qualit\u00e9 et un confort exceptionnels. Id\u00e9ales pour les passionn\u00e9s de sneakers et les personnes soucieuses de [&hellip;]","og_url":"https:\/\/tourcruiser.com\/fr\/products\/air-jordan-8-retro-sp-se-multi-color-bq7666-100\/","og_site_name":"Tourcruiser Sneaker Store","article_modified_time":"2026-04-17T16:01:11+00:00","twitter_card":"summary_large_image","twitter_image":"https:\/\/images.novelship.com\/product\/air_jordan_8_retro_sp_se__multi_color__bq7666_100_0_29164.jpeg;https:\/\/images.novelship.com\/product\/air_jordan_8_retro_sp_se__multi_color__bq7666_100_1_29164.jpeg;https:\/\/images.novelship.com\/product\/air_jordan_8_retro_sp_se__multi_color__bq7666_100_2_29164.jpeg;https:\/\/images.novelship.com\/product\/air_jordan_8_retro_sp_se__multi_color__bq7666_100_3_29164.jpeg;https:\/\/images.novelship.com\/product\/air_jordan_8_retro_sp_se__multi_color__bq7666_100_4_29164.jpeg;https:\/\/images.novelship.com\/product\/air_jordan_8_retro_sp_se__multi_color__bq7666_100_5_29164.jpeg;https:\/\/images.novelship.com\/product\/air_jordan_8_retro_sp_se__multi_color__bq7666_100_6_29165.jpeg;https:\/\/images.novelship.com\/product\/air_jordan_8_retro_sp_se__multi_color__bq7666_100_7_29165.jpeg","schema":{"@context":"https:\/\/schema.org","@graph":[{"@type":"WebPage","@id":"https:\/\/tourcruiser.com\/fr\/products\/air-jordan-8-retro-sp-se-multi-color-bq7666-100\/","url":"https:\/\/tourcruiser.com\/fr\/products\/air-jordan-8-retro-sp-se-multi-color-bq7666-100\/","name":"Air Jordan 8 Retro SP SE 'Multi-Color' BQ7666-100 - TOURCRUISER PTE. LTD","isPartOf":{"@id":"\/#website"},"primaryImageOfPage":{"@id":"https:\/\/tourcruiser.com\/fr\/products\/air-jordan-8-retro-sp-se-multi-color-bq7666-100\/#primaryimage"},"image":{"@id":"https:\/\/tourcruiser.com\/fr\/products\/air-jordan-8-retro-sp-se-multi-color-bq7666-100\/#primaryimage"},"thumbnailUrl":"https:\/\/images.novelship.com\/product\/air_jordan_8_retro_sp_se__multi_color__bq7666_100_0_29164.jpeg;https:\/\/images.novelship.com\/product\/air_jordan_8_retro_sp_se__multi_color__bq7666_100_1_29164.jpeg;https:\/\/images.novelship.com\/product\/air_jordan_8_retro_sp_se__multi_color__bq7666_100_2_29164.jpeg;https:\/\/images.novelship.com\/product\/air_jordan_8_retro_sp_se__multi_color__bq7666_100_3_29164.jpeg;https:\/\/images.novelship.com\/product\/air_jordan_8_retro_sp_se__multi_color__bq7666_100_4_29164.jpeg;https:\/\/images.novelship.com\/product\/air_jordan_8_retro_sp_se__multi_color__bq7666_100_5_29164.jpeg;https:\/\/images.novelship.com\/product\/air_jordan_8_retro_sp_se__multi_color__bq7666_100_6_29165.jpeg;https:\/\/images.novelship.com\/product\/air_jordan_8_retro_sp_se__multi_color__bq7666_100_7_29165.jpeg","datePublished":"2026-04-16T10:13:09+00:00","dateModified":"2026-04-17T16:01:11+00:00","breadcrumb":{"@id":"https:\/\/tourcruiser.com\/fr\/products\/air-jordan-8-retro-sp-se-multi-color-bq7666-100\/#breadcrumb"},"inLanguage":"fr-FR","potentialAction":[{"@type":"ReadAction","target":["https:\/\/tourcruiser.com\/fr\/products\/air-jordan-8-retro-sp-se-multi-color-bq7666-100\/"]}]},{"@type":"ImageObject","inLanguage":"fr-FR","@id":"https:\/\/tourcruiser.com\/fr\/products\/air-jordan-8-retro-sp-se-multi-color-bq7666-100\/#primaryimage","url":"https:\/\/images.novelship.com\/product\/air_jordan_8_retro_sp_se__multi_color__bq7666_100_0_29164.jpeg;https:\/\/images.novelship.com\/product\/air_jordan_8_retro_sp_se__multi_color__bq7666_100_1_29164.jpeg;https:\/\/images.novelship.com\/product\/air_jordan_8_retro_sp_se__multi_color__bq7666_100_2_29164.jpeg;https:\/\/images.novelship.com\/product\/air_jordan_8_retro_sp_se__multi_color__bq7666_100_3_29164.jpeg;https:\/\/images.novelship.com\/product\/air_jordan_8_retro_sp_se__multi_color__bq7666_100_4_29164.jpeg;https:\/\/images.novelship.com\/product\/air_jordan_8_retro_sp_se__multi_color__bq7666_100_5_29164.jpeg;https:\/\/images.novelship.com\/product\/air_jordan_8_retro_sp_se__multi_color__bq7666_100_6_29165.jpeg;https:\/\/images.novelship.com\/product\/air_jordan_8_retro_sp_se__multi_color__bq7666_100_7_29165.jpeg","contentUrl":"https:\/\/images.novelship.com\/product\/air_jordan_8_retro_sp_se__multi_color__bq7666_100_0_29164.jpeg;https:\/\/images.novelship.com\/product\/air_jordan_8_retro_sp_se__multi_color__bq7666_100_1_29164.jpeg;https:\/\/images.novelship.com\/product\/air_jordan_8_retro_sp_se__multi_color__bq7666_100_2_29164.jpeg;https:\/\/images.novelship.com\/product\/air_jordan_8_retro_sp_se__multi_color__bq7666_100_3_29164.jpeg;https:\/\/images.novelship.com\/product\/air_jordan_8_retro_sp_se__multi_color__bq7666_100_4_29164.jpeg;https:\/\/images.novelship.com\/product\/air_jordan_8_retro_sp_se__multi_color__bq7666_100_5_29164.jpeg;https:\/\/images.novelship.com\/product\/air_jordan_8_retro_sp_se__multi_color__bq7666_100_6_29165.jpeg;https:\/\/images.novelship.com\/product\/air_jordan_8_retro_sp_se__multi_color__bq7666_100_7_29165.jpeg"},{"@type":"BreadcrumbList","@id":"https:\/\/tourcruiser.com\/fr\/products\/air-jordan-8-retro-sp-se-multi-color-bq7666-100\/#breadcrumb","itemListElement":[{"@type":"ListItem","position":1,"name":"Home","item":"https:\/\/tourcruiser.com\/fr\/"},{"@type":"ListItem","position":2,"name":"Shop","item":"https:\/\/tourcruiser.com\/fr\/shop\/"},{"@type":"ListItem","position":3,"name":"Air Jordan 8 Retro SP SE &#8216;Multi-Color&#8217; BQ7666-100"}]},{"@type":"WebSite","@id":"\/#website","url":"\/","name":"Styloral Jewelry Shop","description":"Tourcruiser Sneaker Store \u2014 L\u2019endroit o\u00f9 l\u2019univers rencontre votre singularit\u00e9.","publisher":{"@id":"\/#organization"},"potentialAction":[{"@type":"SearchAction","target":{"@type":"EntryPoint","urlTemplate":"\/?s={search_term_string}"},"query-input":{"@type":"PropertyValueSpecification","valueRequired":true,"valueName":"search_term_string"}}],"inLanguage":"fr-FR"},{"@type":"Organization","@id":"\/#organization","name":"STYLORAL PTE. LTD","url":"\/","logo":{"@type":"ImageObject","inLanguage":"fr-FR","@id":"\/#\/schema\/logo\/image\/","url":"https:\/\/www.tourcruiser.com\/wp-content\/uploads\/2025\/12\/logo.png","contentUrl":"https:\/\/www.tourcruiser.com\/wp-content\/uploads\/2025\/12\/logo.png","width":200,"height":65,"caption":"STYLORAL PTE. LTD"},"image":{"@id":"\/#\/schema\/logo\/image\/"}}]}},"_links":{"self":[{"href":"https:\/\/tourcruiser.com\/fr\/wp-json\/wp\/v2\/product\/768430","targetHints":{"allow":["GET"]}}],"collection":[{"href":"https:\/\/tourcruiser.com\/fr\/wp-json\/wp\/v2\/product"}],"about":[{"href":"https:\/\/tourcruiser.com\/fr\/wp-json\/wp\/v2\/types\/product"}],"replies":[{"embeddable":true,"href":"https:\/\/tourcruiser.com\/fr\/wp-json\/wp\/v2\/comments?post=768430"}],"wp:featuredmedia":[{"embeddable":true,"href":"https:\/\/tourcruiser.com\/fr\/wp-json\/wp\/v2\/media\/768431"}],"wp:attachment":[{"href":"https:\/\/tourcruiser.com\/fr\/wp-json\/wp\/v2\/media?parent=768430"}],"wp:term":[{"taxonomy":"product_brand","embeddable":true,"href":"https:\/\/tourcruiser.com\/fr\/wp-json\/wp\/v2\/product_brand?post=768430"},{"taxonomy":"product_cat","embeddable":true,"href":"https:\/\/tourcruiser.com\/fr\/wp-json\/wp\/v2\/product_cat?post=768430"},{"taxonomy":"product_tag","embeddable":true,"href":"https:\/\/tourcruiser.com\/fr\/wp-json\/wp\/v2\/product_tag?post=768430"}],"curies":[{"name":"wp","href":"https:\/\/api.w.org\/{rel}","templated":true}]}}