{"id":768421,"date":"2026-04-16T17:13:09","date_gmt":"2026-04-16T10:13:09","guid":{"rendered":"http:\/\/tourcruiser.com\/product\/air-jordan-1-low-quai-54-2023-fq6703-100"},"modified":"2026-04-17T23:01:10","modified_gmt":"2026-04-17T16:01:10","slug":"air-jordan-1-low-quai-54-2023-fq6703-100","status":"publish","type":"product","link":"https:\/\/tourcruiser.com\/fr\/products\/air-jordan-1-low-quai-54-2023-fq6703-100\/","title":{"rendered":"Air Jordan 1 Low &lsquo;Quai 54&rsquo; 2023 FQ6703-100"},"content":{"rendered":"<p>Les sneakers Air Jordan 1 Low Quai 54 2023 de Jordan sont des chaussures \u00e9l\u00e9gantes et performantes. Con\u00e7ues sp\u00e9cialement pour le tournoi de basketball Quai 54, elles offrent confort et durabilit\u00e9 sur et en dehors des terrains. Avec leur design \u00e9pur\u00e9 et le logo iconique de Jordan, elles ne manqueront pas de faire sensation. Que vous soyez un passionn\u00e9 de sneakers ou un fan de basketball, ces sneakers sont un incontournable de votre collection. Avec les Air Jordan 1 Low Quai 54 2023, vous aurez toujours une longueur d&rsquo;avance\u00a0!<\/p>\n<p>Coloris\u00a0: Blanc\/Noir-Rouge Universitaire-Vert Classique-Gris Voile<\/p>\n<p>Code article\u00a0: FQ6703-100<\/p>\n<p>Tige\u00a0: Cuir<\/p>\n<p>Semelle interm\u00e9diaire\u00a0: Air<\/p>\n<p>Couleur\u00a0: Noir<\/p>\n<p>Designer\u00a0: Peter Moore<\/p>\n<p>Saison\u00a0: Hiver<\/p>\n<p>Ann\u00e9e de sortie\u00a0: 2023<\/p>\n<p>\u00c2ge\u00a0: Adulte<\/p>\n<p>Couleur\u00a0: Blanc\/Noir-Rouge Orbit-Bleu Orbit<\/p>\n<p>Genre\u00a0: Homme<\/p>\n","protected":false},"excerpt":{"rendered":"<p>Les sneakers Air Jordan 1 Low Quai 54 2023 de Jordan sont des chaussures \u00e9l\u00e9gantes et performantes. Con\u00e7ues sp\u00e9cialement pour le tournoi de basketball Quai 54, elles offrent confort et durabilit\u00e9 sur et en dehors des terrains. Avec leur design \u00e9pur\u00e9 et le logo iconique de Jordan, elles ne manqueront pas de faire sensation. Que [&hellip;]<\/p>\n","protected":false},"featured_media":768422,"comment_status":"open","ping_status":"closed","template":"","meta":[],"product_brand":[],"product_cat":[38880],"product_tag":[38841,39257,38840,10776,11349,38875,10756,38866,38902],"class_list":{"0":"post-768421","1":"product","2":"type-product","3":"status-publish","4":"has-post-thumbnail","6":"product_cat-jordan","7":"product_tag-casual-shoes","8":"product_tag-casual-shoes-inspired-by-basketball","9":"product_tag-gift-ideas-for-him","10":"product_tag-jordan","11":"product_tag-jordan-basketball-shoes","12":"product_tag-jordan-skateboard-shoes","13":"product_tag-retro-casual-shoes","14":"product_tag-sports-shoes","15":"product_tag-trendy-offers","17":"first","18":"instock","19":"taxable","20":"shipping-taxable","21":"purchasable","22":"product-type-simple"},"wcpa_form_fields":null,"yoast_head":"<!-- This site is optimized with the Yoast SEO plugin v26.5 - https:\/\/yoast.com\/wordpress\/plugins\/seo\/ -->\n<title>Air Jordan 1 Low &#039;Quai 54&#039; 2023 FQ6703-100 - TOURCRUISER PTE. LTD<\/title>\n<meta name=\"robots\" content=\"index, follow, max-snippet:-1, max-image-preview:large, max-video-preview:-1\" \/>\n<link rel=\"canonical\" href=\"https:\/\/tourcruiser.com\/fr\/products\/air-jordan-1-low-quai-54-2023-fq6703-100\/\" \/>\n<meta property=\"og:locale\" content=\"fr_FR\" \/>\n<meta property=\"og:type\" content=\"article\" \/>\n<meta property=\"og:title\" content=\"Air Jordan 1 Low &#039;Quai 54&#039; 2023 FQ6703-100 - TOURCRUISER PTE. LTD\" \/>\n<meta property=\"og:description\" content=\"Les sneakers Air Jordan 1 Low Quai 54 2023 de Jordan sont des chaussures \u00e9l\u00e9gantes et performantes. Con\u00e7ues sp\u00e9cialement pour le tournoi de basketball Quai 54, elles offrent confort et durabilit\u00e9 sur et en dehors des terrains. Avec leur design \u00e9pur\u00e9 et le logo iconique de Jordan, elles ne manqueront pas de faire sensation. Que [&hellip;]\" \/>\n<meta property=\"og:url\" content=\"https:\/\/tourcruiser.com\/fr\/products\/air-jordan-1-low-quai-54-2023-fq6703-100\/\" \/>\n<meta property=\"og:site_name\" content=\"Tourcruiser Sneaker Store\" \/>\n<meta property=\"article:modified_time\" content=\"2026-04-17T16:01:10+00:00\" \/>\n<meta name=\"twitter:card\" content=\"summary_large_image\" \/>\n<meta name=\"twitter:image\" content=\"https:\/\/images.novelship.com\/product\/air_jordan_1_low__quai_54__2023_fq6703_100_0_95757.jpeg;https:\/\/images.novelship.com\/product\/air_jordan_1_low__quai_54__2023_fq6703_100_1_95757.jpeg;https:\/\/images.novelship.com\/product\/air_jordan_1_low__quai_54__2023_fq6703_100_2_95757.jpeg;https:\/\/images.novelship.com\/product\/air_jordan_1_low__quai_54__2023_fq6703_100_3_95757.jpeg;https:\/\/images.novelship.com\/product\/air_jordan_1_low__quai_54__2023_fq6703_100_4_95757.jpeg;https:\/\/images.novelship.com\/product\/air_jordan_1_low__quai_54__2023_fq6703_100_5_95757.jpeg;https:\/\/images.novelship.com\/product\/air_jordan_1_low__quai_54__2023_fq6703_100_6_95757.jpeg;https:\/\/images.novelship.com\/product\/air_jordan_1_low__quai_54__2023_fq6703_100_7_95757.jpeg\" \/>\n<meta name=\"twitter:label1\" content=\"Dur\u00e9e de lecture estim\u00e9e\" \/>\n\t<meta name=\"twitter:data1\" content=\"1 minute\" \/>\n<script type=\"application\/ld+json\" class=\"yoast-schema-graph\">{\"@context\":\"https:\/\/schema.org\",\"@graph\":[{\"@type\":\"WebPage\",\"@id\":\"https:\/\/tourcruiser.com\/fr\/products\/air-jordan-1-low-quai-54-2023-fq6703-100\/\",\"url\":\"https:\/\/tourcruiser.com\/fr\/products\/air-jordan-1-low-quai-54-2023-fq6703-100\/\",\"name\":\"Air Jordan 1 Low 'Quai 54' 2023 FQ6703-100 - TOURCRUISER PTE. LTD\",\"isPartOf\":{\"@id\":\"\/#website\"},\"primaryImageOfPage\":{\"@id\":\"https:\/\/tourcruiser.com\/fr\/products\/air-jordan-1-low-quai-54-2023-fq6703-100\/#primaryimage\"},\"image\":{\"@id\":\"https:\/\/tourcruiser.com\/fr\/products\/air-jordan-1-low-quai-54-2023-fq6703-100\/#primaryimage\"},\"thumbnailUrl\":\"https:\/\/images.novelship.com\/product\/air_jordan_1_low__quai_54__2023_fq6703_100_0_95757.jpeg;https:\/\/images.novelship.com\/product\/air_jordan_1_low__quai_54__2023_fq6703_100_1_95757.jpeg;https:\/\/images.novelship.com\/product\/air_jordan_1_low__quai_54__2023_fq6703_100_2_95757.jpeg;https:\/\/images.novelship.com\/product\/air_jordan_1_low__quai_54__2023_fq6703_100_3_95757.jpeg;https:\/\/images.novelship.com\/product\/air_jordan_1_low__quai_54__2023_fq6703_100_4_95757.jpeg;https:\/\/images.novelship.com\/product\/air_jordan_1_low__quai_54__2023_fq6703_100_5_95757.jpeg;https:\/\/images.novelship.com\/product\/air_jordan_1_low__quai_54__2023_fq6703_100_6_95757.jpeg;https:\/\/images.novelship.com\/product\/air_jordan_1_low__quai_54__2023_fq6703_100_7_95757.jpeg\",\"datePublished\":\"2026-04-16T10:13:09+00:00\",\"dateModified\":\"2026-04-17T16:01:10+00:00\",\"breadcrumb\":{\"@id\":\"https:\/\/tourcruiser.com\/fr\/products\/air-jordan-1-low-quai-54-2023-fq6703-100\/#breadcrumb\"},\"inLanguage\":\"fr-FR\",\"potentialAction\":[{\"@type\":\"ReadAction\",\"target\":[\"https:\/\/tourcruiser.com\/fr\/products\/air-jordan-1-low-quai-54-2023-fq6703-100\/\"]}]},{\"@type\":\"ImageObject\",\"inLanguage\":\"fr-FR\",\"@id\":\"https:\/\/tourcruiser.com\/fr\/products\/air-jordan-1-low-quai-54-2023-fq6703-100\/#primaryimage\",\"url\":\"https:\/\/images.novelship.com\/product\/air_jordan_1_low__quai_54__2023_fq6703_100_0_95757.jpeg;https:\/\/images.novelship.com\/product\/air_jordan_1_low__quai_54__2023_fq6703_100_1_95757.jpeg;https:\/\/images.novelship.com\/product\/air_jordan_1_low__quai_54__2023_fq6703_100_2_95757.jpeg;https:\/\/images.novelship.com\/product\/air_jordan_1_low__quai_54__2023_fq6703_100_3_95757.jpeg;https:\/\/images.novelship.com\/product\/air_jordan_1_low__quai_54__2023_fq6703_100_4_95757.jpeg;https:\/\/images.novelship.com\/product\/air_jordan_1_low__quai_54__2023_fq6703_100_5_95757.jpeg;https:\/\/images.novelship.com\/product\/air_jordan_1_low__quai_54__2023_fq6703_100_6_95757.jpeg;https:\/\/images.novelship.com\/product\/air_jordan_1_low__quai_54__2023_fq6703_100_7_95757.jpeg\",\"contentUrl\":\"https:\/\/images.novelship.com\/product\/air_jordan_1_low__quai_54__2023_fq6703_100_0_95757.jpeg;https:\/\/images.novelship.com\/product\/air_jordan_1_low__quai_54__2023_fq6703_100_1_95757.jpeg;https:\/\/images.novelship.com\/product\/air_jordan_1_low__quai_54__2023_fq6703_100_2_95757.jpeg;https:\/\/images.novelship.com\/product\/air_jordan_1_low__quai_54__2023_fq6703_100_3_95757.jpeg;https:\/\/images.novelship.com\/product\/air_jordan_1_low__quai_54__2023_fq6703_100_4_95757.jpeg;https:\/\/images.novelship.com\/product\/air_jordan_1_low__quai_54__2023_fq6703_100_5_95757.jpeg;https:\/\/images.novelship.com\/product\/air_jordan_1_low__quai_54__2023_fq6703_100_6_95757.jpeg;https:\/\/images.novelship.com\/product\/air_jordan_1_low__quai_54__2023_fq6703_100_7_95757.jpeg\"},{\"@type\":\"BreadcrumbList\",\"@id\":\"https:\/\/tourcruiser.com\/fr\/products\/air-jordan-1-low-quai-54-2023-fq6703-100\/#breadcrumb\",\"itemListElement\":[{\"@type\":\"ListItem\",\"position\":1,\"name\":\"Home\",\"item\":\"https:\/\/tourcruiser.com\/fr\/\"},{\"@type\":\"ListItem\",\"position\":2,\"name\":\"Shop\",\"item\":\"https:\/\/tourcruiser.com\/fr\/shop\/\"},{\"@type\":\"ListItem\",\"position\":3,\"name\":\"Air Jordan 1 Low &#8216;Quai 54&#8217; 2023 FQ6703-100\"}]},{\"@type\":\"WebSite\",\"@id\":\"\/#website\",\"url\":\"\/\",\"name\":\"Styloral Jewelry Shop\",\"description\":\"Tourcruiser Sneaker Store \u2014 L\u2019endroit o\u00f9 l\u2019univers rencontre votre singularit\u00e9.\",\"publisher\":{\"@id\":\"\/#organization\"},\"potentialAction\":[{\"@type\":\"SearchAction\",\"target\":{\"@type\":\"EntryPoint\",\"urlTemplate\":\"\/?s={search_term_string}\"},\"query-input\":{\"@type\":\"PropertyValueSpecification\",\"valueRequired\":true,\"valueName\":\"search_term_string\"}}],\"inLanguage\":\"fr-FR\"},{\"@type\":\"Organization\",\"@id\":\"\/#organization\",\"name\":\"STYLORAL PTE. LTD\",\"url\":\"\/\",\"logo\":{\"@type\":\"ImageObject\",\"inLanguage\":\"fr-FR\",\"@id\":\"\/#\/schema\/logo\/image\/\",\"url\":\"https:\/\/www.tourcruiser.com\/wp-content\/uploads\/2025\/12\/logo.png\",\"contentUrl\":\"https:\/\/www.tourcruiser.com\/wp-content\/uploads\/2025\/12\/logo.png\",\"width\":200,\"height\":65,\"caption\":\"STYLORAL PTE. LTD\"},\"image\":{\"@id\":\"\/#\/schema\/logo\/image\/\"}}]}<\/script>\n<!-- \/ Yoast SEO plugin. -->","yoast_head_json":{"title":"Air Jordan 1 Low 'Quai 54' 2023 FQ6703-100 - TOURCRUISER PTE. LTD","robots":{"index":"index","follow":"follow","max-snippet":"max-snippet:-1","max-image-preview":"max-image-preview:large","max-video-preview":"max-video-preview:-1"},"canonical":"https:\/\/tourcruiser.com\/fr\/products\/air-jordan-1-low-quai-54-2023-fq6703-100\/","og_locale":"fr_FR","og_type":"article","og_title":"Air Jordan 1 Low 'Quai 54' 2023 FQ6703-100 - TOURCRUISER PTE. LTD","og_description":"Les sneakers Air Jordan 1 Low Quai 54 2023 de Jordan sont des chaussures \u00e9l\u00e9gantes et performantes. Con\u00e7ues sp\u00e9cialement pour le tournoi de basketball Quai 54, elles offrent confort et durabilit\u00e9 sur et en dehors des terrains. Avec leur design \u00e9pur\u00e9 et le logo iconique de Jordan, elles ne manqueront pas de faire sensation. Que [&hellip;]","og_url":"https:\/\/tourcruiser.com\/fr\/products\/air-jordan-1-low-quai-54-2023-fq6703-100\/","og_site_name":"Tourcruiser Sneaker Store","article_modified_time":"2026-04-17T16:01:10+00:00","twitter_card":"summary_large_image","twitter_image":"https:\/\/images.novelship.com\/product\/air_jordan_1_low__quai_54__2023_fq6703_100_0_95757.jpeg;https:\/\/images.novelship.com\/product\/air_jordan_1_low__quai_54__2023_fq6703_100_1_95757.jpeg;https:\/\/images.novelship.com\/product\/air_jordan_1_low__quai_54__2023_fq6703_100_2_95757.jpeg;https:\/\/images.novelship.com\/product\/air_jordan_1_low__quai_54__2023_fq6703_100_3_95757.jpeg;https:\/\/images.novelship.com\/product\/air_jordan_1_low__quai_54__2023_fq6703_100_4_95757.jpeg;https:\/\/images.novelship.com\/product\/air_jordan_1_low__quai_54__2023_fq6703_100_5_95757.jpeg;https:\/\/images.novelship.com\/product\/air_jordan_1_low__quai_54__2023_fq6703_100_6_95757.jpeg;https:\/\/images.novelship.com\/product\/air_jordan_1_low__quai_54__2023_fq6703_100_7_95757.jpeg","twitter_misc":{"Dur\u00e9e de lecture estim\u00e9e":"1 minute"},"schema":{"@context":"https:\/\/schema.org","@graph":[{"@type":"WebPage","@id":"https:\/\/tourcruiser.com\/fr\/products\/air-jordan-1-low-quai-54-2023-fq6703-100\/","url":"https:\/\/tourcruiser.com\/fr\/products\/air-jordan-1-low-quai-54-2023-fq6703-100\/","name":"Air Jordan 1 Low 'Quai 54' 2023 FQ6703-100 - TOURCRUISER PTE. LTD","isPartOf":{"@id":"\/#website"},"primaryImageOfPage":{"@id":"https:\/\/tourcruiser.com\/fr\/products\/air-jordan-1-low-quai-54-2023-fq6703-100\/#primaryimage"},"image":{"@id":"https:\/\/tourcruiser.com\/fr\/products\/air-jordan-1-low-quai-54-2023-fq6703-100\/#primaryimage"},"thumbnailUrl":"https:\/\/images.novelship.com\/product\/air_jordan_1_low__quai_54__2023_fq6703_100_0_95757.jpeg;https:\/\/images.novelship.com\/product\/air_jordan_1_low__quai_54__2023_fq6703_100_1_95757.jpeg;https:\/\/images.novelship.com\/product\/air_jordan_1_low__quai_54__2023_fq6703_100_2_95757.jpeg;https:\/\/images.novelship.com\/product\/air_jordan_1_low__quai_54__2023_fq6703_100_3_95757.jpeg;https:\/\/images.novelship.com\/product\/air_jordan_1_low__quai_54__2023_fq6703_100_4_95757.jpeg;https:\/\/images.novelship.com\/product\/air_jordan_1_low__quai_54__2023_fq6703_100_5_95757.jpeg;https:\/\/images.novelship.com\/product\/air_jordan_1_low__quai_54__2023_fq6703_100_6_95757.jpeg;https:\/\/images.novelship.com\/product\/air_jordan_1_low__quai_54__2023_fq6703_100_7_95757.jpeg","datePublished":"2026-04-16T10:13:09+00:00","dateModified":"2026-04-17T16:01:10+00:00","breadcrumb":{"@id":"https:\/\/tourcruiser.com\/fr\/products\/air-jordan-1-low-quai-54-2023-fq6703-100\/#breadcrumb"},"inLanguage":"fr-FR","potentialAction":[{"@type":"ReadAction","target":["https:\/\/tourcruiser.com\/fr\/products\/air-jordan-1-low-quai-54-2023-fq6703-100\/"]}]},{"@type":"ImageObject","inLanguage":"fr-FR","@id":"https:\/\/tourcruiser.com\/fr\/products\/air-jordan-1-low-quai-54-2023-fq6703-100\/#primaryimage","url":"https:\/\/images.novelship.com\/product\/air_jordan_1_low__quai_54__2023_fq6703_100_0_95757.jpeg;https:\/\/images.novelship.com\/product\/air_jordan_1_low__quai_54__2023_fq6703_100_1_95757.jpeg;https:\/\/images.novelship.com\/product\/air_jordan_1_low__quai_54__2023_fq6703_100_2_95757.jpeg;https:\/\/images.novelship.com\/product\/air_jordan_1_low__quai_54__2023_fq6703_100_3_95757.jpeg;https:\/\/images.novelship.com\/product\/air_jordan_1_low__quai_54__2023_fq6703_100_4_95757.jpeg;https:\/\/images.novelship.com\/product\/air_jordan_1_low__quai_54__2023_fq6703_100_5_95757.jpeg;https:\/\/images.novelship.com\/product\/air_jordan_1_low__quai_54__2023_fq6703_100_6_95757.jpeg;https:\/\/images.novelship.com\/product\/air_jordan_1_low__quai_54__2023_fq6703_100_7_95757.jpeg","contentUrl":"https:\/\/images.novelship.com\/product\/air_jordan_1_low__quai_54__2023_fq6703_100_0_95757.jpeg;https:\/\/images.novelship.com\/product\/air_jordan_1_low__quai_54__2023_fq6703_100_1_95757.jpeg;https:\/\/images.novelship.com\/product\/air_jordan_1_low__quai_54__2023_fq6703_100_2_95757.jpeg;https:\/\/images.novelship.com\/product\/air_jordan_1_low__quai_54__2023_fq6703_100_3_95757.jpeg;https:\/\/images.novelship.com\/product\/air_jordan_1_low__quai_54__2023_fq6703_100_4_95757.jpeg;https:\/\/images.novelship.com\/product\/air_jordan_1_low__quai_54__2023_fq6703_100_5_95757.jpeg;https:\/\/images.novelship.com\/product\/air_jordan_1_low__quai_54__2023_fq6703_100_6_95757.jpeg;https:\/\/images.novelship.com\/product\/air_jordan_1_low__quai_54__2023_fq6703_100_7_95757.jpeg"},{"@type":"BreadcrumbList","@id":"https:\/\/tourcruiser.com\/fr\/products\/air-jordan-1-low-quai-54-2023-fq6703-100\/#breadcrumb","itemListElement":[{"@type":"ListItem","position":1,"name":"Home","item":"https:\/\/tourcruiser.com\/fr\/"},{"@type":"ListItem","position":2,"name":"Shop","item":"https:\/\/tourcruiser.com\/fr\/shop\/"},{"@type":"ListItem","position":3,"name":"Air Jordan 1 Low &#8216;Quai 54&#8217; 2023 FQ6703-100"}]},{"@type":"WebSite","@id":"\/#website","url":"\/","name":"Styloral Jewelry Shop","description":"Tourcruiser Sneaker Store \u2014 L\u2019endroit o\u00f9 l\u2019univers rencontre votre singularit\u00e9.","publisher":{"@id":"\/#organization"},"potentialAction":[{"@type":"SearchAction","target":{"@type":"EntryPoint","urlTemplate":"\/?s={search_term_string}"},"query-input":{"@type":"PropertyValueSpecification","valueRequired":true,"valueName":"search_term_string"}}],"inLanguage":"fr-FR"},{"@type":"Organization","@id":"\/#organization","name":"STYLORAL PTE. LTD","url":"\/","logo":{"@type":"ImageObject","inLanguage":"fr-FR","@id":"\/#\/schema\/logo\/image\/","url":"https:\/\/www.tourcruiser.com\/wp-content\/uploads\/2025\/12\/logo.png","contentUrl":"https:\/\/www.tourcruiser.com\/wp-content\/uploads\/2025\/12\/logo.png","width":200,"height":65,"caption":"STYLORAL PTE. LTD"},"image":{"@id":"\/#\/schema\/logo\/image\/"}}]}},"_links":{"self":[{"href":"https:\/\/tourcruiser.com\/fr\/wp-json\/wp\/v2\/product\/768421","targetHints":{"allow":["GET"]}}],"collection":[{"href":"https:\/\/tourcruiser.com\/fr\/wp-json\/wp\/v2\/product"}],"about":[{"href":"https:\/\/tourcruiser.com\/fr\/wp-json\/wp\/v2\/types\/product"}],"replies":[{"embeddable":true,"href":"https:\/\/tourcruiser.com\/fr\/wp-json\/wp\/v2\/comments?post=768421"}],"wp:featuredmedia":[{"embeddable":true,"href":"https:\/\/tourcruiser.com\/fr\/wp-json\/wp\/v2\/media\/768422"}],"wp:attachment":[{"href":"https:\/\/tourcruiser.com\/fr\/wp-json\/wp\/v2\/media?parent=768421"}],"wp:term":[{"taxonomy":"product_brand","embeddable":true,"href":"https:\/\/tourcruiser.com\/fr\/wp-json\/wp\/v2\/product_brand?post=768421"},{"taxonomy":"product_cat","embeddable":true,"href":"https:\/\/tourcruiser.com\/fr\/wp-json\/wp\/v2\/product_cat?post=768421"},{"taxonomy":"product_tag","embeddable":true,"href":"https:\/\/tourcruiser.com\/fr\/wp-json\/wp\/v2\/product_tag?post=768421"}],"curies":[{"name":"wp","href":"https:\/\/api.w.org\/{rel}","templated":true}]}}