{"id":768412,"date":"2026-04-16T17:13:09","date_gmt":"2026-04-16T10:13:09","guid":{"rendered":"http:\/\/tourcruiser.com\/product\/just-don-x-air-jordan-legacy-312-billy-hoyle-aq4160-107"},"modified":"2026-04-17T23:01:10","modified_gmt":"2026-04-17T16:01:10","slug":"just-don-x-air-jordan-legacy-312-billy-hoyle-aq4160-107","status":"publish","type":"product","link":"https:\/\/tourcruiser.com\/fr\/products\/just-don-x-air-jordan-legacy-312-billy-hoyle-aq4160-107\/","title":{"rendered":"Just Don x Air Jordan Legacy 312 &lsquo;Billy Hoyle&rsquo; AQ4160-107"},"content":{"rendered":"<p>D\u00e9couvrez la Just Don x Air Jordan Legacy 312 Billy Hoyle, fruit de la collaboration entre Jordan et Billy Hoyle. Cette sneaker iconique se distingue par son blanc \u00e9clatant, hommage \u00e0 la l\u00e9gende. Gr\u00e2ce \u00e0 l&rsquo;alliance de mat\u00e9riaux haut de gamme et de d\u00e9tails de design saisissants, elle ne passera pas inaper\u00e7ue. La Just Don x Air Jordan Legacy 312 Billy Hoyle apportera une touche de sophistication \u00e0 votre style.<\/p>\n<p>Coloris : Blanc\/Noir\/Volt\/Bleu vif\/Gris loup<\/p>\n<p>Code article : AQ4160-107<\/p>\n<p>Tige : Cuir<\/p>\n<p>Semelle interm\u00e9diaire : Air<\/p>\n<p>Couleur : Blanc<\/p>\n<p>Designer : Don C<\/p>\n<p>Saison : \u00c9t\u00e9<\/p>\n<p>Ann\u00e9e de sortie : 2018<\/p>\n<p>\u00c2ge : Adulte<br \/>\nCouleur : Argent m\u00e9tallis\u00e9\/Argent m\u00e9tallis\u00e9\/Poussi\u00e8re de photon\/Blanc<\/p>\n<p>Genre : Homme<\/p>\n","protected":false},"excerpt":{"rendered":"<p>D\u00e9couvrez la Just Don x Air Jordan Legacy 312 Billy Hoyle, fruit de la collaboration entre Jordan et Billy Hoyle. Cette sneaker iconique se distingue par son blanc \u00e9clatant, hommage \u00e0 la l\u00e9gende. Gr\u00e2ce \u00e0 l&rsquo;alliance de mat\u00e9riaux haut de gamme et de d\u00e9tails de design saisissants, elle ne passera pas inaper\u00e7ue. La Just Don [&hellip;]<\/p>\n","protected":false},"featured_media":768413,"comment_status":"open","ping_status":"closed","template":"","meta":[],"product_brand":[],"product_cat":[38880],"product_tag":[10750,38841,38975,38840,10776,38875,10756,38902],"class_list":{"0":"post-768412","1":"product","2":"type-product","3":"status-publish","4":"has-post-thumbnail","6":"product_cat-jordan","7":"product_tag-athleisure-shoes","8":"product_tag-casual-shoes","9":"product_tag-casual-shoes-basketball-inspired","10":"product_tag-gift-ideas-for-him","11":"product_tag-jordan","12":"product_tag-jordan-skateboard-shoes","13":"product_tag-retro-casual-shoes","14":"product_tag-trendy-offers","16":"first","17":"instock","18":"taxable","19":"shipping-taxable","20":"purchasable","21":"product-type-simple"},"wcpa_form_fields":null,"yoast_head":"<!-- This site is optimized with the Yoast SEO plugin v26.5 - https:\/\/yoast.com\/wordpress\/plugins\/seo\/ -->\n<title>Just Don x Air Jordan Legacy 312 &#039;Billy Hoyle&#039; AQ4160-107 - TOURCRUISER PTE. LTD<\/title>\n<meta name=\"robots\" content=\"index, follow, max-snippet:-1, max-image-preview:large, max-video-preview:-1\" \/>\n<link rel=\"canonical\" href=\"https:\/\/tourcruiser.com\/fr\/products\/just-don-x-air-jordan-legacy-312-billy-hoyle-aq4160-107\/\" \/>\n<meta property=\"og:locale\" content=\"fr_FR\" \/>\n<meta property=\"og:type\" content=\"article\" \/>\n<meta property=\"og:title\" content=\"Just Don x Air Jordan Legacy 312 &#039;Billy Hoyle&#039; AQ4160-107 - TOURCRUISER PTE. LTD\" \/>\n<meta property=\"og:description\" content=\"D\u00e9couvrez la Just Don x Air Jordan Legacy 312 Billy Hoyle, fruit de la collaboration entre Jordan et Billy Hoyle. Cette sneaker iconique se distingue par son blanc \u00e9clatant, hommage \u00e0 la l\u00e9gende. Gr\u00e2ce \u00e0 l&rsquo;alliance de mat\u00e9riaux haut de gamme et de d\u00e9tails de design saisissants, elle ne passera pas inaper\u00e7ue. La Just Don [&hellip;]\" \/>\n<meta property=\"og:url\" content=\"https:\/\/tourcruiser.com\/fr\/products\/just-don-x-air-jordan-legacy-312-billy-hoyle-aq4160-107\/\" \/>\n<meta property=\"og:site_name\" content=\"Tourcruiser Sneaker Store\" \/>\n<meta property=\"article:modified_time\" content=\"2026-04-17T16:01:10+00:00\" \/>\n<meta name=\"twitter:card\" content=\"summary_large_image\" \/>\n<meta name=\"twitter:image\" content=\"https:\/\/images.novelship.com\/product\/just_don_x_air_jordan_legacy_312__billy_hoyle__aq4_0_56692.jpeg;https:\/\/images.novelship.com\/product\/just_don_x_air_jordan_legacy_312__billy_hoyle__aq4_1_56692.jpeg;https:\/\/images.novelship.com\/product\/just_don_x_air_jordan_legacy_312__billy_hoyle__aq4_2_56693.jpeg;https:\/\/images.novelship.com\/product\/just_don_x_air_jordan_legacy_312__billy_hoyle__aq4_3_56693.jpeg;https:\/\/images.novelship.com\/product\/just_don_x_air_jordan_legacy_312__billy_hoyle__aq4_4_56693.jpeg;https:\/\/images.novelship.com\/product\/just_don_x_air_jordan_legacy_312__billy_hoyle__aq4_5_56693.jpeg;https:\/\/images.novelship.com\/product\/just_don_x_air_jordan_legacy_312__billy_hoyle__aq4_6_56693.jpeg;https:\/\/images.novelship.com\/product\/just_don_x_air_jordan_legacy_312__billy_hoyle__aq4_7_56693.jpeg\" \/>\n<meta name=\"twitter:label1\" content=\"Dur\u00e9e de lecture estim\u00e9e\" \/>\n\t<meta name=\"twitter:data1\" content=\"1 minute\" \/>\n<script type=\"application\/ld+json\" class=\"yoast-schema-graph\">{\"@context\":\"https:\/\/schema.org\",\"@graph\":[{\"@type\":\"WebPage\",\"@id\":\"https:\/\/tourcruiser.com\/fr\/products\/just-don-x-air-jordan-legacy-312-billy-hoyle-aq4160-107\/\",\"url\":\"https:\/\/tourcruiser.com\/fr\/products\/just-don-x-air-jordan-legacy-312-billy-hoyle-aq4160-107\/\",\"name\":\"Just Don x Air Jordan Legacy 312 'Billy Hoyle' AQ4160-107 - TOURCRUISER PTE. LTD\",\"isPartOf\":{\"@id\":\"\/#website\"},\"primaryImageOfPage\":{\"@id\":\"https:\/\/tourcruiser.com\/fr\/products\/just-don-x-air-jordan-legacy-312-billy-hoyle-aq4160-107\/#primaryimage\"},\"image\":{\"@id\":\"https:\/\/tourcruiser.com\/fr\/products\/just-don-x-air-jordan-legacy-312-billy-hoyle-aq4160-107\/#primaryimage\"},\"thumbnailUrl\":\"https:\/\/images.novelship.com\/product\/just_don_x_air_jordan_legacy_312__billy_hoyle__aq4_0_56692.jpeg;https:\/\/images.novelship.com\/product\/just_don_x_air_jordan_legacy_312__billy_hoyle__aq4_1_56692.jpeg;https:\/\/images.novelship.com\/product\/just_don_x_air_jordan_legacy_312__billy_hoyle__aq4_2_56693.jpeg;https:\/\/images.novelship.com\/product\/just_don_x_air_jordan_legacy_312__billy_hoyle__aq4_3_56693.jpeg;https:\/\/images.novelship.com\/product\/just_don_x_air_jordan_legacy_312__billy_hoyle__aq4_4_56693.jpeg;https:\/\/images.novelship.com\/product\/just_don_x_air_jordan_legacy_312__billy_hoyle__aq4_5_56693.jpeg;https:\/\/images.novelship.com\/product\/just_don_x_air_jordan_legacy_312__billy_hoyle__aq4_6_56693.jpeg;https:\/\/images.novelship.com\/product\/just_don_x_air_jordan_legacy_312__billy_hoyle__aq4_7_56693.jpeg\",\"datePublished\":\"2026-04-16T10:13:09+00:00\",\"dateModified\":\"2026-04-17T16:01:10+00:00\",\"breadcrumb\":{\"@id\":\"https:\/\/tourcruiser.com\/fr\/products\/just-don-x-air-jordan-legacy-312-billy-hoyle-aq4160-107\/#breadcrumb\"},\"inLanguage\":\"fr-FR\",\"potentialAction\":[{\"@type\":\"ReadAction\",\"target\":[\"https:\/\/tourcruiser.com\/fr\/products\/just-don-x-air-jordan-legacy-312-billy-hoyle-aq4160-107\/\"]}]},{\"@type\":\"ImageObject\",\"inLanguage\":\"fr-FR\",\"@id\":\"https:\/\/tourcruiser.com\/fr\/products\/just-don-x-air-jordan-legacy-312-billy-hoyle-aq4160-107\/#primaryimage\",\"url\":\"https:\/\/images.novelship.com\/product\/just_don_x_air_jordan_legacy_312__billy_hoyle__aq4_0_56692.jpeg;https:\/\/images.novelship.com\/product\/just_don_x_air_jordan_legacy_312__billy_hoyle__aq4_1_56692.jpeg;https:\/\/images.novelship.com\/product\/just_don_x_air_jordan_legacy_312__billy_hoyle__aq4_2_56693.jpeg;https:\/\/images.novelship.com\/product\/just_don_x_air_jordan_legacy_312__billy_hoyle__aq4_3_56693.jpeg;https:\/\/images.novelship.com\/product\/just_don_x_air_jordan_legacy_312__billy_hoyle__aq4_4_56693.jpeg;https:\/\/images.novelship.com\/product\/just_don_x_air_jordan_legacy_312__billy_hoyle__aq4_5_56693.jpeg;https:\/\/images.novelship.com\/product\/just_don_x_air_jordan_legacy_312__billy_hoyle__aq4_6_56693.jpeg;https:\/\/images.novelship.com\/product\/just_don_x_air_jordan_legacy_312__billy_hoyle__aq4_7_56693.jpeg\",\"contentUrl\":\"https:\/\/images.novelship.com\/product\/just_don_x_air_jordan_legacy_312__billy_hoyle__aq4_0_56692.jpeg;https:\/\/images.novelship.com\/product\/just_don_x_air_jordan_legacy_312__billy_hoyle__aq4_1_56692.jpeg;https:\/\/images.novelship.com\/product\/just_don_x_air_jordan_legacy_312__billy_hoyle__aq4_2_56693.jpeg;https:\/\/images.novelship.com\/product\/just_don_x_air_jordan_legacy_312__billy_hoyle__aq4_3_56693.jpeg;https:\/\/images.novelship.com\/product\/just_don_x_air_jordan_legacy_312__billy_hoyle__aq4_4_56693.jpeg;https:\/\/images.novelship.com\/product\/just_don_x_air_jordan_legacy_312__billy_hoyle__aq4_5_56693.jpeg;https:\/\/images.novelship.com\/product\/just_don_x_air_jordan_legacy_312__billy_hoyle__aq4_6_56693.jpeg;https:\/\/images.novelship.com\/product\/just_don_x_air_jordan_legacy_312__billy_hoyle__aq4_7_56693.jpeg\"},{\"@type\":\"BreadcrumbList\",\"@id\":\"https:\/\/tourcruiser.com\/fr\/products\/just-don-x-air-jordan-legacy-312-billy-hoyle-aq4160-107\/#breadcrumb\",\"itemListElement\":[{\"@type\":\"ListItem\",\"position\":1,\"name\":\"Home\",\"item\":\"https:\/\/tourcruiser.com\/fr\/\"},{\"@type\":\"ListItem\",\"position\":2,\"name\":\"Shop\",\"item\":\"https:\/\/tourcruiser.com\/fr\/shop\/\"},{\"@type\":\"ListItem\",\"position\":3,\"name\":\"Just Don x Air Jordan Legacy 312 &#8216;Billy Hoyle&#8217; AQ4160-107\"}]},{\"@type\":\"WebSite\",\"@id\":\"\/#website\",\"url\":\"\/\",\"name\":\"Styloral Jewelry Shop\",\"description\":\"Tourcruiser Sneaker Store \u2014 L\u2019endroit o\u00f9 l\u2019univers rencontre votre singularit\u00e9.\",\"publisher\":{\"@id\":\"\/#organization\"},\"potentialAction\":[{\"@type\":\"SearchAction\",\"target\":{\"@type\":\"EntryPoint\",\"urlTemplate\":\"\/?s={search_term_string}\"},\"query-input\":{\"@type\":\"PropertyValueSpecification\",\"valueRequired\":true,\"valueName\":\"search_term_string\"}}],\"inLanguage\":\"fr-FR\"},{\"@type\":\"Organization\",\"@id\":\"\/#organization\",\"name\":\"STYLORAL PTE. LTD\",\"url\":\"\/\",\"logo\":{\"@type\":\"ImageObject\",\"inLanguage\":\"fr-FR\",\"@id\":\"\/#\/schema\/logo\/image\/\",\"url\":\"https:\/\/www.tourcruiser.com\/wp-content\/uploads\/2025\/12\/logo.png\",\"contentUrl\":\"https:\/\/www.tourcruiser.com\/wp-content\/uploads\/2025\/12\/logo.png\",\"width\":200,\"height\":65,\"caption\":\"STYLORAL PTE. LTD\"},\"image\":{\"@id\":\"\/#\/schema\/logo\/image\/\"}}]}<\/script>\n<!-- \/ Yoast SEO plugin. -->","yoast_head_json":{"title":"Just Don x Air Jordan Legacy 312 'Billy Hoyle' AQ4160-107 - TOURCRUISER PTE. LTD","robots":{"index":"index","follow":"follow","max-snippet":"max-snippet:-1","max-image-preview":"max-image-preview:large","max-video-preview":"max-video-preview:-1"},"canonical":"https:\/\/tourcruiser.com\/fr\/products\/just-don-x-air-jordan-legacy-312-billy-hoyle-aq4160-107\/","og_locale":"fr_FR","og_type":"article","og_title":"Just Don x Air Jordan Legacy 312 'Billy Hoyle' AQ4160-107 - TOURCRUISER PTE. LTD","og_description":"D\u00e9couvrez la Just Don x Air Jordan Legacy 312 Billy Hoyle, fruit de la collaboration entre Jordan et Billy Hoyle. Cette sneaker iconique se distingue par son blanc \u00e9clatant, hommage \u00e0 la l\u00e9gende. Gr\u00e2ce \u00e0 l&rsquo;alliance de mat\u00e9riaux haut de gamme et de d\u00e9tails de design saisissants, elle ne passera pas inaper\u00e7ue. La Just Don [&hellip;]","og_url":"https:\/\/tourcruiser.com\/fr\/products\/just-don-x-air-jordan-legacy-312-billy-hoyle-aq4160-107\/","og_site_name":"Tourcruiser Sneaker Store","article_modified_time":"2026-04-17T16:01:10+00:00","twitter_card":"summary_large_image","twitter_image":"https:\/\/images.novelship.com\/product\/just_don_x_air_jordan_legacy_312__billy_hoyle__aq4_0_56692.jpeg;https:\/\/images.novelship.com\/product\/just_don_x_air_jordan_legacy_312__billy_hoyle__aq4_1_56692.jpeg;https:\/\/images.novelship.com\/product\/just_don_x_air_jordan_legacy_312__billy_hoyle__aq4_2_56693.jpeg;https:\/\/images.novelship.com\/product\/just_don_x_air_jordan_legacy_312__billy_hoyle__aq4_3_56693.jpeg;https:\/\/images.novelship.com\/product\/just_don_x_air_jordan_legacy_312__billy_hoyle__aq4_4_56693.jpeg;https:\/\/images.novelship.com\/product\/just_don_x_air_jordan_legacy_312__billy_hoyle__aq4_5_56693.jpeg;https:\/\/images.novelship.com\/product\/just_don_x_air_jordan_legacy_312__billy_hoyle__aq4_6_56693.jpeg;https:\/\/images.novelship.com\/product\/just_don_x_air_jordan_legacy_312__billy_hoyle__aq4_7_56693.jpeg","twitter_misc":{"Dur\u00e9e de lecture estim\u00e9e":"1 minute"},"schema":{"@context":"https:\/\/schema.org","@graph":[{"@type":"WebPage","@id":"https:\/\/tourcruiser.com\/fr\/products\/just-don-x-air-jordan-legacy-312-billy-hoyle-aq4160-107\/","url":"https:\/\/tourcruiser.com\/fr\/products\/just-don-x-air-jordan-legacy-312-billy-hoyle-aq4160-107\/","name":"Just Don x Air Jordan Legacy 312 'Billy Hoyle' AQ4160-107 - TOURCRUISER PTE. LTD","isPartOf":{"@id":"\/#website"},"primaryImageOfPage":{"@id":"https:\/\/tourcruiser.com\/fr\/products\/just-don-x-air-jordan-legacy-312-billy-hoyle-aq4160-107\/#primaryimage"},"image":{"@id":"https:\/\/tourcruiser.com\/fr\/products\/just-don-x-air-jordan-legacy-312-billy-hoyle-aq4160-107\/#primaryimage"},"thumbnailUrl":"https:\/\/images.novelship.com\/product\/just_don_x_air_jordan_legacy_312__billy_hoyle__aq4_0_56692.jpeg;https:\/\/images.novelship.com\/product\/just_don_x_air_jordan_legacy_312__billy_hoyle__aq4_1_56692.jpeg;https:\/\/images.novelship.com\/product\/just_don_x_air_jordan_legacy_312__billy_hoyle__aq4_2_56693.jpeg;https:\/\/images.novelship.com\/product\/just_don_x_air_jordan_legacy_312__billy_hoyle__aq4_3_56693.jpeg;https:\/\/images.novelship.com\/product\/just_don_x_air_jordan_legacy_312__billy_hoyle__aq4_4_56693.jpeg;https:\/\/images.novelship.com\/product\/just_don_x_air_jordan_legacy_312__billy_hoyle__aq4_5_56693.jpeg;https:\/\/images.novelship.com\/product\/just_don_x_air_jordan_legacy_312__billy_hoyle__aq4_6_56693.jpeg;https:\/\/images.novelship.com\/product\/just_don_x_air_jordan_legacy_312__billy_hoyle__aq4_7_56693.jpeg","datePublished":"2026-04-16T10:13:09+00:00","dateModified":"2026-04-17T16:01:10+00:00","breadcrumb":{"@id":"https:\/\/tourcruiser.com\/fr\/products\/just-don-x-air-jordan-legacy-312-billy-hoyle-aq4160-107\/#breadcrumb"},"inLanguage":"fr-FR","potentialAction":[{"@type":"ReadAction","target":["https:\/\/tourcruiser.com\/fr\/products\/just-don-x-air-jordan-legacy-312-billy-hoyle-aq4160-107\/"]}]},{"@type":"ImageObject","inLanguage":"fr-FR","@id":"https:\/\/tourcruiser.com\/fr\/products\/just-don-x-air-jordan-legacy-312-billy-hoyle-aq4160-107\/#primaryimage","url":"https:\/\/images.novelship.com\/product\/just_don_x_air_jordan_legacy_312__billy_hoyle__aq4_0_56692.jpeg;https:\/\/images.novelship.com\/product\/just_don_x_air_jordan_legacy_312__billy_hoyle__aq4_1_56692.jpeg;https:\/\/images.novelship.com\/product\/just_don_x_air_jordan_legacy_312__billy_hoyle__aq4_2_56693.jpeg;https:\/\/images.novelship.com\/product\/just_don_x_air_jordan_legacy_312__billy_hoyle__aq4_3_56693.jpeg;https:\/\/images.novelship.com\/product\/just_don_x_air_jordan_legacy_312__billy_hoyle__aq4_4_56693.jpeg;https:\/\/images.novelship.com\/product\/just_don_x_air_jordan_legacy_312__billy_hoyle__aq4_5_56693.jpeg;https:\/\/images.novelship.com\/product\/just_don_x_air_jordan_legacy_312__billy_hoyle__aq4_6_56693.jpeg;https:\/\/images.novelship.com\/product\/just_don_x_air_jordan_legacy_312__billy_hoyle__aq4_7_56693.jpeg","contentUrl":"https:\/\/images.novelship.com\/product\/just_don_x_air_jordan_legacy_312__billy_hoyle__aq4_0_56692.jpeg;https:\/\/images.novelship.com\/product\/just_don_x_air_jordan_legacy_312__billy_hoyle__aq4_1_56692.jpeg;https:\/\/images.novelship.com\/product\/just_don_x_air_jordan_legacy_312__billy_hoyle__aq4_2_56693.jpeg;https:\/\/images.novelship.com\/product\/just_don_x_air_jordan_legacy_312__billy_hoyle__aq4_3_56693.jpeg;https:\/\/images.novelship.com\/product\/just_don_x_air_jordan_legacy_312__billy_hoyle__aq4_4_56693.jpeg;https:\/\/images.novelship.com\/product\/just_don_x_air_jordan_legacy_312__billy_hoyle__aq4_5_56693.jpeg;https:\/\/images.novelship.com\/product\/just_don_x_air_jordan_legacy_312__billy_hoyle__aq4_6_56693.jpeg;https:\/\/images.novelship.com\/product\/just_don_x_air_jordan_legacy_312__billy_hoyle__aq4_7_56693.jpeg"},{"@type":"BreadcrumbList","@id":"https:\/\/tourcruiser.com\/fr\/products\/just-don-x-air-jordan-legacy-312-billy-hoyle-aq4160-107\/#breadcrumb","itemListElement":[{"@type":"ListItem","position":1,"name":"Home","item":"https:\/\/tourcruiser.com\/fr\/"},{"@type":"ListItem","position":2,"name":"Shop","item":"https:\/\/tourcruiser.com\/fr\/shop\/"},{"@type":"ListItem","position":3,"name":"Just Don x Air Jordan Legacy 312 &#8216;Billy Hoyle&#8217; AQ4160-107"}]},{"@type":"WebSite","@id":"\/#website","url":"\/","name":"Styloral Jewelry Shop","description":"Tourcruiser Sneaker Store \u2014 L\u2019endroit o\u00f9 l\u2019univers rencontre votre singularit\u00e9.","publisher":{"@id":"\/#organization"},"potentialAction":[{"@type":"SearchAction","target":{"@type":"EntryPoint","urlTemplate":"\/?s={search_term_string}"},"query-input":{"@type":"PropertyValueSpecification","valueRequired":true,"valueName":"search_term_string"}}],"inLanguage":"fr-FR"},{"@type":"Organization","@id":"\/#organization","name":"STYLORAL PTE. LTD","url":"\/","logo":{"@type":"ImageObject","inLanguage":"fr-FR","@id":"\/#\/schema\/logo\/image\/","url":"https:\/\/www.tourcruiser.com\/wp-content\/uploads\/2025\/12\/logo.png","contentUrl":"https:\/\/www.tourcruiser.com\/wp-content\/uploads\/2025\/12\/logo.png","width":200,"height":65,"caption":"STYLORAL PTE. LTD"},"image":{"@id":"\/#\/schema\/logo\/image\/"}}]}},"_links":{"self":[{"href":"https:\/\/tourcruiser.com\/fr\/wp-json\/wp\/v2\/product\/768412","targetHints":{"allow":["GET"]}}],"collection":[{"href":"https:\/\/tourcruiser.com\/fr\/wp-json\/wp\/v2\/product"}],"about":[{"href":"https:\/\/tourcruiser.com\/fr\/wp-json\/wp\/v2\/types\/product"}],"replies":[{"embeddable":true,"href":"https:\/\/tourcruiser.com\/fr\/wp-json\/wp\/v2\/comments?post=768412"}],"wp:featuredmedia":[{"embeddable":true,"href":"https:\/\/tourcruiser.com\/fr\/wp-json\/wp\/v2\/media\/768413"}],"wp:attachment":[{"href":"https:\/\/tourcruiser.com\/fr\/wp-json\/wp\/v2\/media?parent=768412"}],"wp:term":[{"taxonomy":"product_brand","embeddable":true,"href":"https:\/\/tourcruiser.com\/fr\/wp-json\/wp\/v2\/product_brand?post=768412"},{"taxonomy":"product_cat","embeddable":true,"href":"https:\/\/tourcruiser.com\/fr\/wp-json\/wp\/v2\/product_cat?post=768412"},{"taxonomy":"product_tag","embeddable":true,"href":"https:\/\/tourcruiser.com\/fr\/wp-json\/wp\/v2\/product_tag?post=768412"}],"curies":[{"name":"wp","href":"https:\/\/api.w.org\/{rel}","templated":true}]}}