{"id":768403,"date":"2026-04-16T17:13:09","date_gmt":"2026-04-16T10:13:09","guid":{"rendered":"http:\/\/tourcruiser.com\/product\/air-jordan-11-retro-low-barons-528895-010"},"modified":"2026-04-17T23:01:10","modified_gmt":"2026-04-17T16:01:10","slug":"air-jordan-11-retro-low-barons-528895-010","status":"publish","type":"product","link":"https:\/\/tourcruiser.com\/fr\/products\/air-jordan-11-retro-low-barons-528895-010\/","title":{"rendered":"Air Jordan 11 Retro Low &lsquo;Barons&rsquo; 528895-010"},"content":{"rendered":"<p>La Air Jordan 11 Retro Low Barons, aussi appel\u00e9e simplement Barons, est une sneaker noire \u00e9l\u00e9gante et styl\u00e9e de l&#8217;embl\u00e9matique marque Jordan. Avec son design r\u00e9tro et sa silhouette basse, cette chaussure est id\u00e9ale pour les passionn\u00e9s de sneakers et les fans de basketball. Affirmez votre style avec la Air Jordan 11 Retro Low Barons.<\/p>\n<p>Coloris\u00a0: Noir\/Argent m\u00e9tallis\u00e9\/Blanc<\/p>\n<p>Code article\u00a0: 528895-010<\/p>\n<p>Tige\u00a0: Cuir nubuck<\/p>\n<p>Semelle interm\u00e9diaire\u00a0: Air<\/p>\n<p>Couleur\u00a0: Noir<\/p>\n<p>Designer\u00a0: Tinker Hatfield<\/p>\n<p>Saison\u00a0: Printemps<\/p>\n<p>Ann\u00e9e de sortie\u00a0: 2017<br \/>\n\u00c2ge\u00a0: Adulte<\/p>\n<p>Couleur\u00a0: Blanc\/Noir\/Volt\/Bleu vif\/Gris loup<\/p>\n<p>Genre\u00a0: Homme<\/p>\n","protected":false},"excerpt":{"rendered":"<p>La Air Jordan 11 Retro Low Barons, aussi appel\u00e9e simplement Barons, est une sneaker noire \u00e9l\u00e9gante et styl\u00e9e de l&#8217;embl\u00e9matique marque Jordan. Avec son design r\u00e9tro et sa silhouette basse, cette chaussure est id\u00e9ale pour les passionn\u00e9s de sneakers et les fans de basketball. Affirmez votre style avec la Air Jordan 11 Retro Low Barons. [&hellip;]<\/p>\n","protected":false},"featured_media":768404,"comment_status":"open","ping_status":"closed","template":"","meta":[],"product_brand":[],"product_cat":[38880],"product_tag":[10800,38842,10776,11349,38875,11129,38846],"class_list":{"0":"post-768403","1":"product","2":"type-product","3":"status-publish","4":"has-post-thumbnail","6":"product_cat-jordan","7":"product_tag-basketball-shoes","8":"product_tag-gift-idea-for-him","9":"product_tag-jordan","10":"product_tag-jordan-basketball-shoes","11":"product_tag-jordan-skateboard-shoes","12":"product_tag-lightweight-basketball-shoes","13":"product_tag-performance-sports-shoes","15":"first","16":"instock","17":"taxable","18":"shipping-taxable","19":"purchasable","20":"product-type-simple"},"wcpa_form_fields":null,"yoast_head":"<!-- This site is optimized with the Yoast SEO plugin v26.5 - https:\/\/yoast.com\/wordpress\/plugins\/seo\/ -->\n<title>Air Jordan 11 Retro Low &#039;Barons&#039; 528895-010 - TOURCRUISER PTE. LTD<\/title>\n<meta name=\"robots\" content=\"index, follow, max-snippet:-1, max-image-preview:large, max-video-preview:-1\" \/>\n<link rel=\"canonical\" href=\"https:\/\/tourcruiser.com\/fr\/products\/air-jordan-11-retro-low-barons-528895-010\/\" \/>\n<meta property=\"og:locale\" content=\"fr_FR\" \/>\n<meta property=\"og:type\" content=\"article\" \/>\n<meta property=\"og:title\" content=\"Air Jordan 11 Retro Low &#039;Barons&#039; 528895-010 - TOURCRUISER PTE. LTD\" \/>\n<meta property=\"og:description\" content=\"La Air Jordan 11 Retro Low Barons, aussi appel\u00e9e simplement Barons, est une sneaker noire \u00e9l\u00e9gante et styl\u00e9e de l&#8217;embl\u00e9matique marque Jordan. Avec son design r\u00e9tro et sa silhouette basse, cette chaussure est id\u00e9ale pour les passionn\u00e9s de sneakers et les fans de basketball. Affirmez votre style avec la Air Jordan 11 Retro Low Barons. [&hellip;]\" \/>\n<meta property=\"og:url\" content=\"https:\/\/tourcruiser.com\/fr\/products\/air-jordan-11-retro-low-barons-528895-010\/\" \/>\n<meta property=\"og:site_name\" content=\"Tourcruiser Sneaker Store\" \/>\n<meta property=\"article:modified_time\" content=\"2026-04-17T16:01:10+00:00\" \/>\n<meta name=\"twitter:card\" content=\"summary_large_image\" \/>\n<meta name=\"twitter:image\" content=\"https:\/\/images.novelship.com\/product\/air_jordan_11_retro_low__barons__528895_010_0_67766.jpeg;https:\/\/images.novelship.com\/product\/air_jordan_11_retro_low__barons__528895_010_1_67766.jpeg;https:\/\/images.novelship.com\/product\/air_jordan_11_retro_low__barons__528895_010_2_67766.jpeg;https:\/\/images.novelship.com\/product\/air_jordan_11_retro_low__barons__528895_010_3_67766.jpeg;https:\/\/images.novelship.com\/product\/air_jordan_11_retro_low__barons__528895_010_4_67766.jpeg;https:\/\/images.novelship.com\/product\/air_jordan_11_retro_low__barons__528895_010_5_67766.jpeg;https:\/\/images.novelship.com\/product\/air_jordan_11_retro_low__barons__528895_010_6_67766.jpeg;https:\/\/images.novelship.com\/product\/air_jordan_11_retro_low__barons__528895_010_7_67766.jpeg\" \/>\n<script type=\"application\/ld+json\" class=\"yoast-schema-graph\">{\"@context\":\"https:\/\/schema.org\",\"@graph\":[{\"@type\":\"WebPage\",\"@id\":\"https:\/\/tourcruiser.com\/fr\/products\/air-jordan-11-retro-low-barons-528895-010\/\",\"url\":\"https:\/\/tourcruiser.com\/fr\/products\/air-jordan-11-retro-low-barons-528895-010\/\",\"name\":\"Air Jordan 11 Retro Low 'Barons' 528895-010 - TOURCRUISER PTE. LTD\",\"isPartOf\":{\"@id\":\"\/#website\"},\"primaryImageOfPage\":{\"@id\":\"https:\/\/tourcruiser.com\/fr\/products\/air-jordan-11-retro-low-barons-528895-010\/#primaryimage\"},\"image\":{\"@id\":\"https:\/\/tourcruiser.com\/fr\/products\/air-jordan-11-retro-low-barons-528895-010\/#primaryimage\"},\"thumbnailUrl\":\"https:\/\/images.novelship.com\/product\/air_jordan_11_retro_low__barons__528895_010_0_67766.jpeg;https:\/\/images.novelship.com\/product\/air_jordan_11_retro_low__barons__528895_010_1_67766.jpeg;https:\/\/images.novelship.com\/product\/air_jordan_11_retro_low__barons__528895_010_2_67766.jpeg;https:\/\/images.novelship.com\/product\/air_jordan_11_retro_low__barons__528895_010_3_67766.jpeg;https:\/\/images.novelship.com\/product\/air_jordan_11_retro_low__barons__528895_010_4_67766.jpeg;https:\/\/images.novelship.com\/product\/air_jordan_11_retro_low__barons__528895_010_5_67766.jpeg;https:\/\/images.novelship.com\/product\/air_jordan_11_retro_low__barons__528895_010_6_67766.jpeg;https:\/\/images.novelship.com\/product\/air_jordan_11_retro_low__barons__528895_010_7_67766.jpeg\",\"datePublished\":\"2026-04-16T10:13:09+00:00\",\"dateModified\":\"2026-04-17T16:01:10+00:00\",\"breadcrumb\":{\"@id\":\"https:\/\/tourcruiser.com\/fr\/products\/air-jordan-11-retro-low-barons-528895-010\/#breadcrumb\"},\"inLanguage\":\"fr-FR\",\"potentialAction\":[{\"@type\":\"ReadAction\",\"target\":[\"https:\/\/tourcruiser.com\/fr\/products\/air-jordan-11-retro-low-barons-528895-010\/\"]}]},{\"@type\":\"ImageObject\",\"inLanguage\":\"fr-FR\",\"@id\":\"https:\/\/tourcruiser.com\/fr\/products\/air-jordan-11-retro-low-barons-528895-010\/#primaryimage\",\"url\":\"https:\/\/images.novelship.com\/product\/air_jordan_11_retro_low__barons__528895_010_0_67766.jpeg;https:\/\/images.novelship.com\/product\/air_jordan_11_retro_low__barons__528895_010_1_67766.jpeg;https:\/\/images.novelship.com\/product\/air_jordan_11_retro_low__barons__528895_010_2_67766.jpeg;https:\/\/images.novelship.com\/product\/air_jordan_11_retro_low__barons__528895_010_3_67766.jpeg;https:\/\/images.novelship.com\/product\/air_jordan_11_retro_low__barons__528895_010_4_67766.jpeg;https:\/\/images.novelship.com\/product\/air_jordan_11_retro_low__barons__528895_010_5_67766.jpeg;https:\/\/images.novelship.com\/product\/air_jordan_11_retro_low__barons__528895_010_6_67766.jpeg;https:\/\/images.novelship.com\/product\/air_jordan_11_retro_low__barons__528895_010_7_67766.jpeg\",\"contentUrl\":\"https:\/\/images.novelship.com\/product\/air_jordan_11_retro_low__barons__528895_010_0_67766.jpeg;https:\/\/images.novelship.com\/product\/air_jordan_11_retro_low__barons__528895_010_1_67766.jpeg;https:\/\/images.novelship.com\/product\/air_jordan_11_retro_low__barons__528895_010_2_67766.jpeg;https:\/\/images.novelship.com\/product\/air_jordan_11_retro_low__barons__528895_010_3_67766.jpeg;https:\/\/images.novelship.com\/product\/air_jordan_11_retro_low__barons__528895_010_4_67766.jpeg;https:\/\/images.novelship.com\/product\/air_jordan_11_retro_low__barons__528895_010_5_67766.jpeg;https:\/\/images.novelship.com\/product\/air_jordan_11_retro_low__barons__528895_010_6_67766.jpeg;https:\/\/images.novelship.com\/product\/air_jordan_11_retro_low__barons__528895_010_7_67766.jpeg\"},{\"@type\":\"BreadcrumbList\",\"@id\":\"https:\/\/tourcruiser.com\/fr\/products\/air-jordan-11-retro-low-barons-528895-010\/#breadcrumb\",\"itemListElement\":[{\"@type\":\"ListItem\",\"position\":1,\"name\":\"Home\",\"item\":\"https:\/\/tourcruiser.com\/fr\/\"},{\"@type\":\"ListItem\",\"position\":2,\"name\":\"Shop\",\"item\":\"https:\/\/tourcruiser.com\/fr\/shop\/\"},{\"@type\":\"ListItem\",\"position\":3,\"name\":\"Air Jordan 11 Retro Low &#8216;Barons&#8217; 528895-010\"}]},{\"@type\":\"WebSite\",\"@id\":\"\/#website\",\"url\":\"\/\",\"name\":\"Styloral Jewelry Shop\",\"description\":\"Tourcruiser Sneaker Store \u2014 L\u2019endroit o\u00f9 l\u2019univers rencontre votre singularit\u00e9.\",\"publisher\":{\"@id\":\"\/#organization\"},\"potentialAction\":[{\"@type\":\"SearchAction\",\"target\":{\"@type\":\"EntryPoint\",\"urlTemplate\":\"\/?s={search_term_string}\"},\"query-input\":{\"@type\":\"PropertyValueSpecification\",\"valueRequired\":true,\"valueName\":\"search_term_string\"}}],\"inLanguage\":\"fr-FR\"},{\"@type\":\"Organization\",\"@id\":\"\/#organization\",\"name\":\"STYLORAL PTE. LTD\",\"url\":\"\/\",\"logo\":{\"@type\":\"ImageObject\",\"inLanguage\":\"fr-FR\",\"@id\":\"\/#\/schema\/logo\/image\/\",\"url\":\"https:\/\/www.tourcruiser.com\/wp-content\/uploads\/2025\/12\/logo.png\",\"contentUrl\":\"https:\/\/www.tourcruiser.com\/wp-content\/uploads\/2025\/12\/logo.png\",\"width\":200,\"height\":65,\"caption\":\"STYLORAL PTE. LTD\"},\"image\":{\"@id\":\"\/#\/schema\/logo\/image\/\"}}]}<\/script>\n<!-- \/ Yoast SEO plugin. -->","yoast_head_json":{"title":"Air Jordan 11 Retro Low 'Barons' 528895-010 - TOURCRUISER PTE. LTD","robots":{"index":"index","follow":"follow","max-snippet":"max-snippet:-1","max-image-preview":"max-image-preview:large","max-video-preview":"max-video-preview:-1"},"canonical":"https:\/\/tourcruiser.com\/fr\/products\/air-jordan-11-retro-low-barons-528895-010\/","og_locale":"fr_FR","og_type":"article","og_title":"Air Jordan 11 Retro Low 'Barons' 528895-010 - TOURCRUISER PTE. LTD","og_description":"La Air Jordan 11 Retro Low Barons, aussi appel\u00e9e simplement Barons, est une sneaker noire \u00e9l\u00e9gante et styl\u00e9e de l&#8217;embl\u00e9matique marque Jordan. Avec son design r\u00e9tro et sa silhouette basse, cette chaussure est id\u00e9ale pour les passionn\u00e9s de sneakers et les fans de basketball. Affirmez votre style avec la Air Jordan 11 Retro Low Barons. [&hellip;]","og_url":"https:\/\/tourcruiser.com\/fr\/products\/air-jordan-11-retro-low-barons-528895-010\/","og_site_name":"Tourcruiser Sneaker Store","article_modified_time":"2026-04-17T16:01:10+00:00","twitter_card":"summary_large_image","twitter_image":"https:\/\/images.novelship.com\/product\/air_jordan_11_retro_low__barons__528895_010_0_67766.jpeg;https:\/\/images.novelship.com\/product\/air_jordan_11_retro_low__barons__528895_010_1_67766.jpeg;https:\/\/images.novelship.com\/product\/air_jordan_11_retro_low__barons__528895_010_2_67766.jpeg;https:\/\/images.novelship.com\/product\/air_jordan_11_retro_low__barons__528895_010_3_67766.jpeg;https:\/\/images.novelship.com\/product\/air_jordan_11_retro_low__barons__528895_010_4_67766.jpeg;https:\/\/images.novelship.com\/product\/air_jordan_11_retro_low__barons__528895_010_5_67766.jpeg;https:\/\/images.novelship.com\/product\/air_jordan_11_retro_low__barons__528895_010_6_67766.jpeg;https:\/\/images.novelship.com\/product\/air_jordan_11_retro_low__barons__528895_010_7_67766.jpeg","schema":{"@context":"https:\/\/schema.org","@graph":[{"@type":"WebPage","@id":"https:\/\/tourcruiser.com\/fr\/products\/air-jordan-11-retro-low-barons-528895-010\/","url":"https:\/\/tourcruiser.com\/fr\/products\/air-jordan-11-retro-low-barons-528895-010\/","name":"Air Jordan 11 Retro Low 'Barons' 528895-010 - TOURCRUISER PTE. LTD","isPartOf":{"@id":"\/#website"},"primaryImageOfPage":{"@id":"https:\/\/tourcruiser.com\/fr\/products\/air-jordan-11-retro-low-barons-528895-010\/#primaryimage"},"image":{"@id":"https:\/\/tourcruiser.com\/fr\/products\/air-jordan-11-retro-low-barons-528895-010\/#primaryimage"},"thumbnailUrl":"https:\/\/images.novelship.com\/product\/air_jordan_11_retro_low__barons__528895_010_0_67766.jpeg;https:\/\/images.novelship.com\/product\/air_jordan_11_retro_low__barons__528895_010_1_67766.jpeg;https:\/\/images.novelship.com\/product\/air_jordan_11_retro_low__barons__528895_010_2_67766.jpeg;https:\/\/images.novelship.com\/product\/air_jordan_11_retro_low__barons__528895_010_3_67766.jpeg;https:\/\/images.novelship.com\/product\/air_jordan_11_retro_low__barons__528895_010_4_67766.jpeg;https:\/\/images.novelship.com\/product\/air_jordan_11_retro_low__barons__528895_010_5_67766.jpeg;https:\/\/images.novelship.com\/product\/air_jordan_11_retro_low__barons__528895_010_6_67766.jpeg;https:\/\/images.novelship.com\/product\/air_jordan_11_retro_low__barons__528895_010_7_67766.jpeg","datePublished":"2026-04-16T10:13:09+00:00","dateModified":"2026-04-17T16:01:10+00:00","breadcrumb":{"@id":"https:\/\/tourcruiser.com\/fr\/products\/air-jordan-11-retro-low-barons-528895-010\/#breadcrumb"},"inLanguage":"fr-FR","potentialAction":[{"@type":"ReadAction","target":["https:\/\/tourcruiser.com\/fr\/products\/air-jordan-11-retro-low-barons-528895-010\/"]}]},{"@type":"ImageObject","inLanguage":"fr-FR","@id":"https:\/\/tourcruiser.com\/fr\/products\/air-jordan-11-retro-low-barons-528895-010\/#primaryimage","url":"https:\/\/images.novelship.com\/product\/air_jordan_11_retro_low__barons__528895_010_0_67766.jpeg;https:\/\/images.novelship.com\/product\/air_jordan_11_retro_low__barons__528895_010_1_67766.jpeg;https:\/\/images.novelship.com\/product\/air_jordan_11_retro_low__barons__528895_010_2_67766.jpeg;https:\/\/images.novelship.com\/product\/air_jordan_11_retro_low__barons__528895_010_3_67766.jpeg;https:\/\/images.novelship.com\/product\/air_jordan_11_retro_low__barons__528895_010_4_67766.jpeg;https:\/\/images.novelship.com\/product\/air_jordan_11_retro_low__barons__528895_010_5_67766.jpeg;https:\/\/images.novelship.com\/product\/air_jordan_11_retro_low__barons__528895_010_6_67766.jpeg;https:\/\/images.novelship.com\/product\/air_jordan_11_retro_low__barons__528895_010_7_67766.jpeg","contentUrl":"https:\/\/images.novelship.com\/product\/air_jordan_11_retro_low__barons__528895_010_0_67766.jpeg;https:\/\/images.novelship.com\/product\/air_jordan_11_retro_low__barons__528895_010_1_67766.jpeg;https:\/\/images.novelship.com\/product\/air_jordan_11_retro_low__barons__528895_010_2_67766.jpeg;https:\/\/images.novelship.com\/product\/air_jordan_11_retro_low__barons__528895_010_3_67766.jpeg;https:\/\/images.novelship.com\/product\/air_jordan_11_retro_low__barons__528895_010_4_67766.jpeg;https:\/\/images.novelship.com\/product\/air_jordan_11_retro_low__barons__528895_010_5_67766.jpeg;https:\/\/images.novelship.com\/product\/air_jordan_11_retro_low__barons__528895_010_6_67766.jpeg;https:\/\/images.novelship.com\/product\/air_jordan_11_retro_low__barons__528895_010_7_67766.jpeg"},{"@type":"BreadcrumbList","@id":"https:\/\/tourcruiser.com\/fr\/products\/air-jordan-11-retro-low-barons-528895-010\/#breadcrumb","itemListElement":[{"@type":"ListItem","position":1,"name":"Home","item":"https:\/\/tourcruiser.com\/fr\/"},{"@type":"ListItem","position":2,"name":"Shop","item":"https:\/\/tourcruiser.com\/fr\/shop\/"},{"@type":"ListItem","position":3,"name":"Air Jordan 11 Retro Low &#8216;Barons&#8217; 528895-010"}]},{"@type":"WebSite","@id":"\/#website","url":"\/","name":"Styloral Jewelry Shop","description":"Tourcruiser Sneaker Store \u2014 L\u2019endroit o\u00f9 l\u2019univers rencontre votre singularit\u00e9.","publisher":{"@id":"\/#organization"},"potentialAction":[{"@type":"SearchAction","target":{"@type":"EntryPoint","urlTemplate":"\/?s={search_term_string}"},"query-input":{"@type":"PropertyValueSpecification","valueRequired":true,"valueName":"search_term_string"}}],"inLanguage":"fr-FR"},{"@type":"Organization","@id":"\/#organization","name":"STYLORAL PTE. LTD","url":"\/","logo":{"@type":"ImageObject","inLanguage":"fr-FR","@id":"\/#\/schema\/logo\/image\/","url":"https:\/\/www.tourcruiser.com\/wp-content\/uploads\/2025\/12\/logo.png","contentUrl":"https:\/\/www.tourcruiser.com\/wp-content\/uploads\/2025\/12\/logo.png","width":200,"height":65,"caption":"STYLORAL PTE. LTD"},"image":{"@id":"\/#\/schema\/logo\/image\/"}}]}},"_links":{"self":[{"href":"https:\/\/tourcruiser.com\/fr\/wp-json\/wp\/v2\/product\/768403","targetHints":{"allow":["GET"]}}],"collection":[{"href":"https:\/\/tourcruiser.com\/fr\/wp-json\/wp\/v2\/product"}],"about":[{"href":"https:\/\/tourcruiser.com\/fr\/wp-json\/wp\/v2\/types\/product"}],"replies":[{"embeddable":true,"href":"https:\/\/tourcruiser.com\/fr\/wp-json\/wp\/v2\/comments?post=768403"}],"wp:featuredmedia":[{"embeddable":true,"href":"https:\/\/tourcruiser.com\/fr\/wp-json\/wp\/v2\/media\/768404"}],"wp:attachment":[{"href":"https:\/\/tourcruiser.com\/fr\/wp-json\/wp\/v2\/media?parent=768403"}],"wp:term":[{"taxonomy":"product_brand","embeddable":true,"href":"https:\/\/tourcruiser.com\/fr\/wp-json\/wp\/v2\/product_brand?post=768403"},{"taxonomy":"product_cat","embeddable":true,"href":"https:\/\/tourcruiser.com\/fr\/wp-json\/wp\/v2\/product_cat?post=768403"},{"taxonomy":"product_tag","embeddable":true,"href":"https:\/\/tourcruiser.com\/fr\/wp-json\/wp\/v2\/product_tag?post=768403"}],"curies":[{"name":"wp","href":"https:\/\/api.w.org\/{rel}","templated":true}]}}