{"id":768385,"date":"2026-04-16T17:13:08","date_gmt":"2026-04-16T10:13:08","guid":{"rendered":"http:\/\/tourcruiser.com\/product\/air-jordan-legacy-312-black-white-av3922-001"},"modified":"2026-04-17T23:01:08","modified_gmt":"2026-04-17T16:01:08","slug":"air-jordan-legacy-312-black-white-av3922-001","status":"publish","type":"product","link":"https:\/\/tourcruiser.com\/fr\/products\/air-jordan-legacy-312-black-white-av3922-001\/","title":{"rendered":"Air Jordan Legacy 312 Black White AV3922-001"},"content":{"rendered":"<p>D\u00e9couvrez la Air Jordan Legacy 312 Black White, aussi appel\u00e9e Black Cement. Cette chaussure iconique, con\u00e7ue par Jordan lui-m\u00eame, arbore un design noir \u00e9l\u00e9gant rehauss\u00e9 de touches de blanc. Avec son style inspir\u00e9 du patrimoine Jordan et son confort moderne, elle est id\u00e9ale pour les passionn\u00e9s de sneakers et les fans de Jordan. Affirmez votre style avec la Air Jordan Legacy 312 Black White.<\/p>\n<p>Coloris\u00a0: Noir\/Blanc<br \/>\nCode article\u00a0: AV3922-001<br \/>\nMati\u00e8re ext\u00e9rieure\u00a0: Cuir synth\u00e9tique<br \/>\nCouleur\u00a0: Noir<br \/>\nDesigner\u00a0: Don C<br \/>\nSaison\u00a0: Automne<br \/>\nAnn\u00e9e de sortie\u00a0: 2018<\/p>\n<p>Couleur\u00a0: Noir\/Blanc<br \/>\n\u00c2ge\u00a0: Adulte<br \/>\nCouleur\u00a0: Noir\/Noir\/Or m\u00e9tallis\u00e9<br \/>\nGenre\u00a0: Homme<\/p>\n","protected":false},"excerpt":{"rendered":"<p>D\u00e9couvrez la Air Jordan Legacy 312 Black White, aussi appel\u00e9e Black Cement. Cette chaussure iconique, con\u00e7ue par Jordan lui-m\u00eame, arbore un design noir \u00e9l\u00e9gant rehauss\u00e9 de touches de blanc. Avec son style inspir\u00e9 du patrimoine Jordan et son confort moderne, elle est id\u00e9ale pour les passionn\u00e9s de sneakers et les fans de Jordan. Affirmez votre [&hellip;]<\/p>\n","protected":false},"featured_media":768386,"comment_status":"open","ping_status":"closed","template":"","meta":[],"product_brand":[],"product_cat":[38880],"product_tag":[10750,38841,10776,10777,10756],"class_list":{"0":"post-768385","1":"product","2":"type-product","3":"status-publish","4":"has-post-thumbnail","6":"product_cat-jordan","7":"product_tag-athleisure-shoes","8":"product_tag-casual-shoes","9":"product_tag-jordan","10":"product_tag-lifestyle-shoes-basketball-inspired","11":"product_tag-retro-casual-shoes","13":"first","14":"instock","15":"taxable","16":"shipping-taxable","17":"purchasable","18":"product-type-simple"},"wcpa_form_fields":null,"yoast_head":"<!-- This site is optimized with the Yoast SEO plugin v26.5 - https:\/\/yoast.com\/wordpress\/plugins\/seo\/ -->\n<title>Air Jordan Legacy 312 Black White AV3922-001 - TOURCRUISER PTE. LTD<\/title>\n<meta name=\"robots\" content=\"index, follow, max-snippet:-1, max-image-preview:large, max-video-preview:-1\" \/>\n<link rel=\"canonical\" href=\"https:\/\/tourcruiser.com\/fr\/products\/air-jordan-legacy-312-black-white-av3922-001\/\" \/>\n<meta property=\"og:locale\" content=\"fr_FR\" \/>\n<meta property=\"og:type\" content=\"article\" \/>\n<meta property=\"og:title\" content=\"Air Jordan Legacy 312 Black White AV3922-001 - TOURCRUISER PTE. LTD\" \/>\n<meta property=\"og:description\" content=\"D\u00e9couvrez la Air Jordan Legacy 312 Black White, aussi appel\u00e9e Black Cement. Cette chaussure iconique, con\u00e7ue par Jordan lui-m\u00eame, arbore un design noir \u00e9l\u00e9gant rehauss\u00e9 de touches de blanc. Avec son style inspir\u00e9 du patrimoine Jordan et son confort moderne, elle est id\u00e9ale pour les passionn\u00e9s de sneakers et les fans de Jordan. Affirmez votre [&hellip;]\" \/>\n<meta property=\"og:url\" content=\"https:\/\/tourcruiser.com\/fr\/products\/air-jordan-legacy-312-black-white-av3922-001\/\" \/>\n<meta property=\"og:site_name\" content=\"Tourcruiser Sneaker Store\" \/>\n<meta property=\"article:modified_time\" content=\"2026-04-17T16:01:08+00:00\" \/>\n<meta name=\"twitter:card\" content=\"summary_large_image\" \/>\n<meta name=\"twitter:image\" content=\"https:\/\/images.novelship.com\/product\/air_jordan_legacy_312_black_white_av3922_001_0_71200.jpeg;https:\/\/images.novelship.com\/product\/air_jordan_legacy_312_black_white_av3922_001_1_71200.jpeg;https:\/\/images.novelship.com\/product\/air_jordan_legacy_312_black_white_av3922_001_2_71200.jpeg;https:\/\/images.novelship.com\/product\/air_jordan_legacy_312_black_white_av3922_001_3_71200.jpeg;https:\/\/images.novelship.com\/product\/air_jordan_legacy_312_black_white_av3922_001_4_71200.jpeg;https:\/\/images.novelship.com\/product\/air_jordan_legacy_312_black_white_av3922_001_5_71200.jpeg;https:\/\/images.novelship.com\/product\/air_jordan_legacy_312_black_white_av3922_001_6_71200.jpeg;https:\/\/images.novelship.com\/product\/air_jordan_legacy_312_black_white_av3922_001_7_71200.jpeg\" \/>\n<meta name=\"twitter:label1\" content=\"Dur\u00e9e de lecture estim\u00e9e\" \/>\n\t<meta name=\"twitter:data1\" content=\"1 minute\" \/>\n<script type=\"application\/ld+json\" class=\"yoast-schema-graph\">{\"@context\":\"https:\/\/schema.org\",\"@graph\":[{\"@type\":\"WebPage\",\"@id\":\"https:\/\/tourcruiser.com\/fr\/products\/air-jordan-legacy-312-black-white-av3922-001\/\",\"url\":\"https:\/\/tourcruiser.com\/fr\/products\/air-jordan-legacy-312-black-white-av3922-001\/\",\"name\":\"Air Jordan Legacy 312 Black White AV3922-001 - TOURCRUISER PTE. LTD\",\"isPartOf\":{\"@id\":\"\/#website\"},\"primaryImageOfPage\":{\"@id\":\"https:\/\/tourcruiser.com\/fr\/products\/air-jordan-legacy-312-black-white-av3922-001\/#primaryimage\"},\"image\":{\"@id\":\"https:\/\/tourcruiser.com\/fr\/products\/air-jordan-legacy-312-black-white-av3922-001\/#primaryimage\"},\"thumbnailUrl\":\"https:\/\/images.novelship.com\/product\/air_jordan_legacy_312_black_white_av3922_001_0_71200.jpeg;https:\/\/images.novelship.com\/product\/air_jordan_legacy_312_black_white_av3922_001_1_71200.jpeg;https:\/\/images.novelship.com\/product\/air_jordan_legacy_312_black_white_av3922_001_2_71200.jpeg;https:\/\/images.novelship.com\/product\/air_jordan_legacy_312_black_white_av3922_001_3_71200.jpeg;https:\/\/images.novelship.com\/product\/air_jordan_legacy_312_black_white_av3922_001_4_71200.jpeg;https:\/\/images.novelship.com\/product\/air_jordan_legacy_312_black_white_av3922_001_5_71200.jpeg;https:\/\/images.novelship.com\/product\/air_jordan_legacy_312_black_white_av3922_001_6_71200.jpeg;https:\/\/images.novelship.com\/product\/air_jordan_legacy_312_black_white_av3922_001_7_71200.jpeg\",\"datePublished\":\"2026-04-16T10:13:08+00:00\",\"dateModified\":\"2026-04-17T16:01:08+00:00\",\"breadcrumb\":{\"@id\":\"https:\/\/tourcruiser.com\/fr\/products\/air-jordan-legacy-312-black-white-av3922-001\/#breadcrumb\"},\"inLanguage\":\"fr-FR\",\"potentialAction\":[{\"@type\":\"ReadAction\",\"target\":[\"https:\/\/tourcruiser.com\/fr\/products\/air-jordan-legacy-312-black-white-av3922-001\/\"]}]},{\"@type\":\"ImageObject\",\"inLanguage\":\"fr-FR\",\"@id\":\"https:\/\/tourcruiser.com\/fr\/products\/air-jordan-legacy-312-black-white-av3922-001\/#primaryimage\",\"url\":\"https:\/\/images.novelship.com\/product\/air_jordan_legacy_312_black_white_av3922_001_0_71200.jpeg;https:\/\/images.novelship.com\/product\/air_jordan_legacy_312_black_white_av3922_001_1_71200.jpeg;https:\/\/images.novelship.com\/product\/air_jordan_legacy_312_black_white_av3922_001_2_71200.jpeg;https:\/\/images.novelship.com\/product\/air_jordan_legacy_312_black_white_av3922_001_3_71200.jpeg;https:\/\/images.novelship.com\/product\/air_jordan_legacy_312_black_white_av3922_001_4_71200.jpeg;https:\/\/images.novelship.com\/product\/air_jordan_legacy_312_black_white_av3922_001_5_71200.jpeg;https:\/\/images.novelship.com\/product\/air_jordan_legacy_312_black_white_av3922_001_6_71200.jpeg;https:\/\/images.novelship.com\/product\/air_jordan_legacy_312_black_white_av3922_001_7_71200.jpeg\",\"contentUrl\":\"https:\/\/images.novelship.com\/product\/air_jordan_legacy_312_black_white_av3922_001_0_71200.jpeg;https:\/\/images.novelship.com\/product\/air_jordan_legacy_312_black_white_av3922_001_1_71200.jpeg;https:\/\/images.novelship.com\/product\/air_jordan_legacy_312_black_white_av3922_001_2_71200.jpeg;https:\/\/images.novelship.com\/product\/air_jordan_legacy_312_black_white_av3922_001_3_71200.jpeg;https:\/\/images.novelship.com\/product\/air_jordan_legacy_312_black_white_av3922_001_4_71200.jpeg;https:\/\/images.novelship.com\/product\/air_jordan_legacy_312_black_white_av3922_001_5_71200.jpeg;https:\/\/images.novelship.com\/product\/air_jordan_legacy_312_black_white_av3922_001_6_71200.jpeg;https:\/\/images.novelship.com\/product\/air_jordan_legacy_312_black_white_av3922_001_7_71200.jpeg\"},{\"@type\":\"BreadcrumbList\",\"@id\":\"https:\/\/tourcruiser.com\/fr\/products\/air-jordan-legacy-312-black-white-av3922-001\/#breadcrumb\",\"itemListElement\":[{\"@type\":\"ListItem\",\"position\":1,\"name\":\"Home\",\"item\":\"https:\/\/tourcruiser.com\/fr\/\"},{\"@type\":\"ListItem\",\"position\":2,\"name\":\"Shop\",\"item\":\"https:\/\/tourcruiser.com\/fr\/shop\/\"},{\"@type\":\"ListItem\",\"position\":3,\"name\":\"Air Jordan Legacy 312 Black White AV3922-001\"}]},{\"@type\":\"WebSite\",\"@id\":\"\/#website\",\"url\":\"\/\",\"name\":\"Styloral Jewelry Shop\",\"description\":\"Tourcruiser Sneaker Store \u2014 L\u2019endroit o\u00f9 l\u2019univers rencontre votre singularit\u00e9.\",\"publisher\":{\"@id\":\"\/#organization\"},\"potentialAction\":[{\"@type\":\"SearchAction\",\"target\":{\"@type\":\"EntryPoint\",\"urlTemplate\":\"\/?s={search_term_string}\"},\"query-input\":{\"@type\":\"PropertyValueSpecification\",\"valueRequired\":true,\"valueName\":\"search_term_string\"}}],\"inLanguage\":\"fr-FR\"},{\"@type\":\"Organization\",\"@id\":\"\/#organization\",\"name\":\"STYLORAL PTE. LTD\",\"url\":\"\/\",\"logo\":{\"@type\":\"ImageObject\",\"inLanguage\":\"fr-FR\",\"@id\":\"\/#\/schema\/logo\/image\/\",\"url\":\"https:\/\/www.tourcruiser.com\/wp-content\/uploads\/2025\/12\/logo.png\",\"contentUrl\":\"https:\/\/www.tourcruiser.com\/wp-content\/uploads\/2025\/12\/logo.png\",\"width\":200,\"height\":65,\"caption\":\"STYLORAL PTE. LTD\"},\"image\":{\"@id\":\"\/#\/schema\/logo\/image\/\"}}]}<\/script>\n<!-- \/ Yoast SEO plugin. -->","yoast_head_json":{"title":"Air Jordan Legacy 312 Black White AV3922-001 - TOURCRUISER PTE. LTD","robots":{"index":"index","follow":"follow","max-snippet":"max-snippet:-1","max-image-preview":"max-image-preview:large","max-video-preview":"max-video-preview:-1"},"canonical":"https:\/\/tourcruiser.com\/fr\/products\/air-jordan-legacy-312-black-white-av3922-001\/","og_locale":"fr_FR","og_type":"article","og_title":"Air Jordan Legacy 312 Black White AV3922-001 - TOURCRUISER PTE. LTD","og_description":"D\u00e9couvrez la Air Jordan Legacy 312 Black White, aussi appel\u00e9e Black Cement. Cette chaussure iconique, con\u00e7ue par Jordan lui-m\u00eame, arbore un design noir \u00e9l\u00e9gant rehauss\u00e9 de touches de blanc. Avec son style inspir\u00e9 du patrimoine Jordan et son confort moderne, elle est id\u00e9ale pour les passionn\u00e9s de sneakers et les fans de Jordan. Affirmez votre [&hellip;]","og_url":"https:\/\/tourcruiser.com\/fr\/products\/air-jordan-legacy-312-black-white-av3922-001\/","og_site_name":"Tourcruiser Sneaker Store","article_modified_time":"2026-04-17T16:01:08+00:00","twitter_card":"summary_large_image","twitter_image":"https:\/\/images.novelship.com\/product\/air_jordan_legacy_312_black_white_av3922_001_0_71200.jpeg;https:\/\/images.novelship.com\/product\/air_jordan_legacy_312_black_white_av3922_001_1_71200.jpeg;https:\/\/images.novelship.com\/product\/air_jordan_legacy_312_black_white_av3922_001_2_71200.jpeg;https:\/\/images.novelship.com\/product\/air_jordan_legacy_312_black_white_av3922_001_3_71200.jpeg;https:\/\/images.novelship.com\/product\/air_jordan_legacy_312_black_white_av3922_001_4_71200.jpeg;https:\/\/images.novelship.com\/product\/air_jordan_legacy_312_black_white_av3922_001_5_71200.jpeg;https:\/\/images.novelship.com\/product\/air_jordan_legacy_312_black_white_av3922_001_6_71200.jpeg;https:\/\/images.novelship.com\/product\/air_jordan_legacy_312_black_white_av3922_001_7_71200.jpeg","twitter_misc":{"Dur\u00e9e de lecture estim\u00e9e":"1 minute"},"schema":{"@context":"https:\/\/schema.org","@graph":[{"@type":"WebPage","@id":"https:\/\/tourcruiser.com\/fr\/products\/air-jordan-legacy-312-black-white-av3922-001\/","url":"https:\/\/tourcruiser.com\/fr\/products\/air-jordan-legacy-312-black-white-av3922-001\/","name":"Air Jordan Legacy 312 Black White AV3922-001 - TOURCRUISER PTE. LTD","isPartOf":{"@id":"\/#website"},"primaryImageOfPage":{"@id":"https:\/\/tourcruiser.com\/fr\/products\/air-jordan-legacy-312-black-white-av3922-001\/#primaryimage"},"image":{"@id":"https:\/\/tourcruiser.com\/fr\/products\/air-jordan-legacy-312-black-white-av3922-001\/#primaryimage"},"thumbnailUrl":"https:\/\/images.novelship.com\/product\/air_jordan_legacy_312_black_white_av3922_001_0_71200.jpeg;https:\/\/images.novelship.com\/product\/air_jordan_legacy_312_black_white_av3922_001_1_71200.jpeg;https:\/\/images.novelship.com\/product\/air_jordan_legacy_312_black_white_av3922_001_2_71200.jpeg;https:\/\/images.novelship.com\/product\/air_jordan_legacy_312_black_white_av3922_001_3_71200.jpeg;https:\/\/images.novelship.com\/product\/air_jordan_legacy_312_black_white_av3922_001_4_71200.jpeg;https:\/\/images.novelship.com\/product\/air_jordan_legacy_312_black_white_av3922_001_5_71200.jpeg;https:\/\/images.novelship.com\/product\/air_jordan_legacy_312_black_white_av3922_001_6_71200.jpeg;https:\/\/images.novelship.com\/product\/air_jordan_legacy_312_black_white_av3922_001_7_71200.jpeg","datePublished":"2026-04-16T10:13:08+00:00","dateModified":"2026-04-17T16:01:08+00:00","breadcrumb":{"@id":"https:\/\/tourcruiser.com\/fr\/products\/air-jordan-legacy-312-black-white-av3922-001\/#breadcrumb"},"inLanguage":"fr-FR","potentialAction":[{"@type":"ReadAction","target":["https:\/\/tourcruiser.com\/fr\/products\/air-jordan-legacy-312-black-white-av3922-001\/"]}]},{"@type":"ImageObject","inLanguage":"fr-FR","@id":"https:\/\/tourcruiser.com\/fr\/products\/air-jordan-legacy-312-black-white-av3922-001\/#primaryimage","url":"https:\/\/images.novelship.com\/product\/air_jordan_legacy_312_black_white_av3922_001_0_71200.jpeg;https:\/\/images.novelship.com\/product\/air_jordan_legacy_312_black_white_av3922_001_1_71200.jpeg;https:\/\/images.novelship.com\/product\/air_jordan_legacy_312_black_white_av3922_001_2_71200.jpeg;https:\/\/images.novelship.com\/product\/air_jordan_legacy_312_black_white_av3922_001_3_71200.jpeg;https:\/\/images.novelship.com\/product\/air_jordan_legacy_312_black_white_av3922_001_4_71200.jpeg;https:\/\/images.novelship.com\/product\/air_jordan_legacy_312_black_white_av3922_001_5_71200.jpeg;https:\/\/images.novelship.com\/product\/air_jordan_legacy_312_black_white_av3922_001_6_71200.jpeg;https:\/\/images.novelship.com\/product\/air_jordan_legacy_312_black_white_av3922_001_7_71200.jpeg","contentUrl":"https:\/\/images.novelship.com\/product\/air_jordan_legacy_312_black_white_av3922_001_0_71200.jpeg;https:\/\/images.novelship.com\/product\/air_jordan_legacy_312_black_white_av3922_001_1_71200.jpeg;https:\/\/images.novelship.com\/product\/air_jordan_legacy_312_black_white_av3922_001_2_71200.jpeg;https:\/\/images.novelship.com\/product\/air_jordan_legacy_312_black_white_av3922_001_3_71200.jpeg;https:\/\/images.novelship.com\/product\/air_jordan_legacy_312_black_white_av3922_001_4_71200.jpeg;https:\/\/images.novelship.com\/product\/air_jordan_legacy_312_black_white_av3922_001_5_71200.jpeg;https:\/\/images.novelship.com\/product\/air_jordan_legacy_312_black_white_av3922_001_6_71200.jpeg;https:\/\/images.novelship.com\/product\/air_jordan_legacy_312_black_white_av3922_001_7_71200.jpeg"},{"@type":"BreadcrumbList","@id":"https:\/\/tourcruiser.com\/fr\/products\/air-jordan-legacy-312-black-white-av3922-001\/#breadcrumb","itemListElement":[{"@type":"ListItem","position":1,"name":"Home","item":"https:\/\/tourcruiser.com\/fr\/"},{"@type":"ListItem","position":2,"name":"Shop","item":"https:\/\/tourcruiser.com\/fr\/shop\/"},{"@type":"ListItem","position":3,"name":"Air Jordan Legacy 312 Black White AV3922-001"}]},{"@type":"WebSite","@id":"\/#website","url":"\/","name":"Styloral Jewelry Shop","description":"Tourcruiser Sneaker Store \u2014 L\u2019endroit o\u00f9 l\u2019univers rencontre votre singularit\u00e9.","publisher":{"@id":"\/#organization"},"potentialAction":[{"@type":"SearchAction","target":{"@type":"EntryPoint","urlTemplate":"\/?s={search_term_string}"},"query-input":{"@type":"PropertyValueSpecification","valueRequired":true,"valueName":"search_term_string"}}],"inLanguage":"fr-FR"},{"@type":"Organization","@id":"\/#organization","name":"STYLORAL PTE. LTD","url":"\/","logo":{"@type":"ImageObject","inLanguage":"fr-FR","@id":"\/#\/schema\/logo\/image\/","url":"https:\/\/www.tourcruiser.com\/wp-content\/uploads\/2025\/12\/logo.png","contentUrl":"https:\/\/www.tourcruiser.com\/wp-content\/uploads\/2025\/12\/logo.png","width":200,"height":65,"caption":"STYLORAL PTE. LTD"},"image":{"@id":"\/#\/schema\/logo\/image\/"}}]}},"_links":{"self":[{"href":"https:\/\/tourcruiser.com\/fr\/wp-json\/wp\/v2\/product\/768385","targetHints":{"allow":["GET"]}}],"collection":[{"href":"https:\/\/tourcruiser.com\/fr\/wp-json\/wp\/v2\/product"}],"about":[{"href":"https:\/\/tourcruiser.com\/fr\/wp-json\/wp\/v2\/types\/product"}],"replies":[{"embeddable":true,"href":"https:\/\/tourcruiser.com\/fr\/wp-json\/wp\/v2\/comments?post=768385"}],"wp:featuredmedia":[{"embeddable":true,"href":"https:\/\/tourcruiser.com\/fr\/wp-json\/wp\/v2\/media\/768386"}],"wp:attachment":[{"href":"https:\/\/tourcruiser.com\/fr\/wp-json\/wp\/v2\/media?parent=768385"}],"wp:term":[{"taxonomy":"product_brand","embeddable":true,"href":"https:\/\/tourcruiser.com\/fr\/wp-json\/wp\/v2\/product_brand?post=768385"},{"taxonomy":"product_cat","embeddable":true,"href":"https:\/\/tourcruiser.com\/fr\/wp-json\/wp\/v2\/product_cat?post=768385"},{"taxonomy":"product_tag","embeddable":true,"href":"https:\/\/tourcruiser.com\/fr\/wp-json\/wp\/v2\/product_tag?post=768385"}],"curies":[{"name":"wp","href":"https:\/\/api.w.org\/{rel}","templated":true}]}}