{"id":768376,"date":"2026-04-16T17:13:08","date_gmt":"2026-04-16T10:13:08","guid":{"rendered":"http:\/\/tourcruiser.com\/product\/air-jordan-legacy-312-black-gold-patent-av3922-007"},"modified":"2026-04-17T23:01:08","modified_gmt":"2026-04-17T16:01:08","slug":"air-jordan-legacy-312-black-gold-patent-av3922-007","status":"publish","type":"product","link":"https:\/\/tourcruiser.com\/fr\/products\/air-jordan-legacy-312-black-gold-patent-av3922-007\/","title":{"rendered":"Air Jordan Legacy 312 Black Gold Patent AV3922-007"},"content":{"rendered":"<p>Prenez une longueur d&rsquo;avance avec les sneakers Air Jordan Legacy 312 Black Gold Patent. Con\u00e7ues par Jordan, ces sneakers \u00e9l\u00e9gantes arborent une empeigne en cuir verni noir rehauss\u00e9e de d\u00e9tails dor\u00e9s pour une touche de luxe. Portez-les sur et en dehors des terrains et devenez une star parmi les passionn\u00e9s de sneakers.<\/p>\n<p>Coloris\u00a0: Noir\/Or<\/p>\n<p>Code article\u00a0: AV3922-007<br \/>\nSemelle interm\u00e9diaire\u00a0: Air<br \/>\nCouleur\u00a0: Noir<br \/>\nCr\u00e9ateur\u00a0: Don C<br \/>\nSaison\u00a0: Hiver<br \/>\nAnn\u00e9e de sortie\u00a0: 2019<br \/>\n\u00c2ge\u00a0: Adulte<br \/>\nCouleur\u00a0: Noir\/Blanc<br \/>\nGenre\u00a0: Homme<\/p>\n","protected":false},"excerpt":{"rendered":"<p>Prenez une longueur d&rsquo;avance avec les sneakers Air Jordan Legacy 312 Black Gold Patent. Con\u00e7ues par Jordan, ces sneakers \u00e9l\u00e9gantes arborent une empeigne en cuir verni noir rehauss\u00e9e de d\u00e9tails dor\u00e9s pour une touche de luxe. Portez-les sur et en dehors des terrains et devenez une star parmi les passionn\u00e9s de sneakers. Coloris\u00a0: Noir\/Or Code [&hellip;]<\/p>\n","protected":false},"featured_media":768377,"comment_status":"open","ping_status":"closed","template":"","meta":[],"product_brand":[],"product_cat":[38880],"product_tag":[10750,38841,10776,10777,10756],"class_list":{"0":"post-768376","1":"product","2":"type-product","3":"status-publish","4":"has-post-thumbnail","6":"product_cat-jordan","7":"product_tag-athleisure-shoes","8":"product_tag-casual-shoes","9":"product_tag-jordan","10":"product_tag-lifestyle-shoes-basketball-inspired","11":"product_tag-retro-casual-shoes","13":"first","14":"instock","15":"taxable","16":"shipping-taxable","17":"purchasable","18":"product-type-simple"},"wcpa_form_fields":null,"yoast_head":"<!-- This site is optimized with the Yoast SEO plugin v26.5 - https:\/\/yoast.com\/wordpress\/plugins\/seo\/ -->\n<title>Air Jordan Legacy 312 Black Gold Patent AV3922-007 - TOURCRUISER PTE. LTD<\/title>\n<meta name=\"robots\" content=\"index, follow, max-snippet:-1, max-image-preview:large, max-video-preview:-1\" \/>\n<link rel=\"canonical\" href=\"https:\/\/tourcruiser.com\/fr\/products\/air-jordan-legacy-312-black-gold-patent-av3922-007\/\" \/>\n<meta property=\"og:locale\" content=\"fr_FR\" \/>\n<meta property=\"og:type\" content=\"article\" \/>\n<meta property=\"og:title\" content=\"Air Jordan Legacy 312 Black Gold Patent AV3922-007 - TOURCRUISER PTE. LTD\" \/>\n<meta property=\"og:description\" content=\"Prenez une longueur d&rsquo;avance avec les sneakers Air Jordan Legacy 312 Black Gold Patent. Con\u00e7ues par Jordan, ces sneakers \u00e9l\u00e9gantes arborent une empeigne en cuir verni noir rehauss\u00e9e de d\u00e9tails dor\u00e9s pour une touche de luxe. Portez-les sur et en dehors des terrains et devenez une star parmi les passionn\u00e9s de sneakers. Coloris\u00a0: Noir\/Or Code [&hellip;]\" \/>\n<meta property=\"og:url\" content=\"https:\/\/tourcruiser.com\/fr\/products\/air-jordan-legacy-312-black-gold-patent-av3922-007\/\" \/>\n<meta property=\"og:site_name\" content=\"Tourcruiser Sneaker Store\" \/>\n<meta property=\"article:modified_time\" content=\"2026-04-17T16:01:08+00:00\" \/>\n<meta name=\"twitter:card\" content=\"summary_large_image\" \/>\n<meta name=\"twitter:image\" content=\"https:\/\/images.novelship.com\/product\/air_jordan_legacy_312_black_gold_patent_av3922_007_0_24287.jpeg;https:\/\/images.novelship.com\/product\/air_jordan_legacy_312_black_gold_patent_av3922_007_1_24287.jpeg;https:\/\/images.novelship.com\/product\/air_jordan_legacy_312_black_gold_patent_av3922_007_2_24287.jpeg;https:\/\/images.novelship.com\/product\/air_jordan_legacy_312_black_gold_patent_av3922_007_3_24287.jpeg;https:\/\/images.novelship.com\/product\/air_jordan_legacy_312_black_gold_patent_av3922_007_4_24287.jpeg;https:\/\/images.novelship.com\/product\/air_jordan_legacy_312_black_gold_patent_av3922_007_5_24287.jpeg;https:\/\/images.novelship.com\/product\/air_jordan_legacy_312_black_gold_patent_av3922_007_6_24287.jpeg;https:\/\/images.novelship.com\/product\/air_jordan_legacy_312_black_gold_patent_av3922_007_7_24287.jpeg\" \/>\n<script type=\"application\/ld+json\" class=\"yoast-schema-graph\">{\"@context\":\"https:\/\/schema.org\",\"@graph\":[{\"@type\":\"WebPage\",\"@id\":\"https:\/\/tourcruiser.com\/fr\/products\/air-jordan-legacy-312-black-gold-patent-av3922-007\/\",\"url\":\"https:\/\/tourcruiser.com\/fr\/products\/air-jordan-legacy-312-black-gold-patent-av3922-007\/\",\"name\":\"Air Jordan Legacy 312 Black Gold Patent AV3922-007 - TOURCRUISER PTE. LTD\",\"isPartOf\":{\"@id\":\"\/#website\"},\"primaryImageOfPage\":{\"@id\":\"https:\/\/tourcruiser.com\/fr\/products\/air-jordan-legacy-312-black-gold-patent-av3922-007\/#primaryimage\"},\"image\":{\"@id\":\"https:\/\/tourcruiser.com\/fr\/products\/air-jordan-legacy-312-black-gold-patent-av3922-007\/#primaryimage\"},\"thumbnailUrl\":\"https:\/\/images.novelship.com\/product\/air_jordan_legacy_312_black_gold_patent_av3922_007_0_24287.jpeg;https:\/\/images.novelship.com\/product\/air_jordan_legacy_312_black_gold_patent_av3922_007_1_24287.jpeg;https:\/\/images.novelship.com\/product\/air_jordan_legacy_312_black_gold_patent_av3922_007_2_24287.jpeg;https:\/\/images.novelship.com\/product\/air_jordan_legacy_312_black_gold_patent_av3922_007_3_24287.jpeg;https:\/\/images.novelship.com\/product\/air_jordan_legacy_312_black_gold_patent_av3922_007_4_24287.jpeg;https:\/\/images.novelship.com\/product\/air_jordan_legacy_312_black_gold_patent_av3922_007_5_24287.jpeg;https:\/\/images.novelship.com\/product\/air_jordan_legacy_312_black_gold_patent_av3922_007_6_24287.jpeg;https:\/\/images.novelship.com\/product\/air_jordan_legacy_312_black_gold_patent_av3922_007_7_24287.jpeg\",\"datePublished\":\"2026-04-16T10:13:08+00:00\",\"dateModified\":\"2026-04-17T16:01:08+00:00\",\"breadcrumb\":{\"@id\":\"https:\/\/tourcruiser.com\/fr\/products\/air-jordan-legacy-312-black-gold-patent-av3922-007\/#breadcrumb\"},\"inLanguage\":\"fr-FR\",\"potentialAction\":[{\"@type\":\"ReadAction\",\"target\":[\"https:\/\/tourcruiser.com\/fr\/products\/air-jordan-legacy-312-black-gold-patent-av3922-007\/\"]}]},{\"@type\":\"ImageObject\",\"inLanguage\":\"fr-FR\",\"@id\":\"https:\/\/tourcruiser.com\/fr\/products\/air-jordan-legacy-312-black-gold-patent-av3922-007\/#primaryimage\",\"url\":\"https:\/\/images.novelship.com\/product\/air_jordan_legacy_312_black_gold_patent_av3922_007_0_24287.jpeg;https:\/\/images.novelship.com\/product\/air_jordan_legacy_312_black_gold_patent_av3922_007_1_24287.jpeg;https:\/\/images.novelship.com\/product\/air_jordan_legacy_312_black_gold_patent_av3922_007_2_24287.jpeg;https:\/\/images.novelship.com\/product\/air_jordan_legacy_312_black_gold_patent_av3922_007_3_24287.jpeg;https:\/\/images.novelship.com\/product\/air_jordan_legacy_312_black_gold_patent_av3922_007_4_24287.jpeg;https:\/\/images.novelship.com\/product\/air_jordan_legacy_312_black_gold_patent_av3922_007_5_24287.jpeg;https:\/\/images.novelship.com\/product\/air_jordan_legacy_312_black_gold_patent_av3922_007_6_24287.jpeg;https:\/\/images.novelship.com\/product\/air_jordan_legacy_312_black_gold_patent_av3922_007_7_24287.jpeg\",\"contentUrl\":\"https:\/\/images.novelship.com\/product\/air_jordan_legacy_312_black_gold_patent_av3922_007_0_24287.jpeg;https:\/\/images.novelship.com\/product\/air_jordan_legacy_312_black_gold_patent_av3922_007_1_24287.jpeg;https:\/\/images.novelship.com\/product\/air_jordan_legacy_312_black_gold_patent_av3922_007_2_24287.jpeg;https:\/\/images.novelship.com\/product\/air_jordan_legacy_312_black_gold_patent_av3922_007_3_24287.jpeg;https:\/\/images.novelship.com\/product\/air_jordan_legacy_312_black_gold_patent_av3922_007_4_24287.jpeg;https:\/\/images.novelship.com\/product\/air_jordan_legacy_312_black_gold_patent_av3922_007_5_24287.jpeg;https:\/\/images.novelship.com\/product\/air_jordan_legacy_312_black_gold_patent_av3922_007_6_24287.jpeg;https:\/\/images.novelship.com\/product\/air_jordan_legacy_312_black_gold_patent_av3922_007_7_24287.jpeg\"},{\"@type\":\"BreadcrumbList\",\"@id\":\"https:\/\/tourcruiser.com\/fr\/products\/air-jordan-legacy-312-black-gold-patent-av3922-007\/#breadcrumb\",\"itemListElement\":[{\"@type\":\"ListItem\",\"position\":1,\"name\":\"Home\",\"item\":\"https:\/\/tourcruiser.com\/fr\/\"},{\"@type\":\"ListItem\",\"position\":2,\"name\":\"Shop\",\"item\":\"https:\/\/tourcruiser.com\/fr\/shop\/\"},{\"@type\":\"ListItem\",\"position\":3,\"name\":\"Air Jordan Legacy 312 Black Gold Patent AV3922-007\"}]},{\"@type\":\"WebSite\",\"@id\":\"\/#website\",\"url\":\"\/\",\"name\":\"Styloral Jewelry Shop\",\"description\":\"Tourcruiser Sneaker Store \u2014 L\u2019endroit o\u00f9 l\u2019univers rencontre votre singularit\u00e9.\",\"publisher\":{\"@id\":\"\/#organization\"},\"potentialAction\":[{\"@type\":\"SearchAction\",\"target\":{\"@type\":\"EntryPoint\",\"urlTemplate\":\"\/?s={search_term_string}\"},\"query-input\":{\"@type\":\"PropertyValueSpecification\",\"valueRequired\":true,\"valueName\":\"search_term_string\"}}],\"inLanguage\":\"fr-FR\"},{\"@type\":\"Organization\",\"@id\":\"\/#organization\",\"name\":\"STYLORAL PTE. LTD\",\"url\":\"\/\",\"logo\":{\"@type\":\"ImageObject\",\"inLanguage\":\"fr-FR\",\"@id\":\"\/#\/schema\/logo\/image\/\",\"url\":\"https:\/\/www.tourcruiser.com\/wp-content\/uploads\/2025\/12\/logo.png\",\"contentUrl\":\"https:\/\/www.tourcruiser.com\/wp-content\/uploads\/2025\/12\/logo.png\",\"width\":200,\"height\":65,\"caption\":\"STYLORAL PTE. LTD\"},\"image\":{\"@id\":\"\/#\/schema\/logo\/image\/\"}}]}<\/script>\n<!-- \/ Yoast SEO plugin. -->","yoast_head_json":{"title":"Air Jordan Legacy 312 Black Gold Patent AV3922-007 - TOURCRUISER PTE. LTD","robots":{"index":"index","follow":"follow","max-snippet":"max-snippet:-1","max-image-preview":"max-image-preview:large","max-video-preview":"max-video-preview:-1"},"canonical":"https:\/\/tourcruiser.com\/fr\/products\/air-jordan-legacy-312-black-gold-patent-av3922-007\/","og_locale":"fr_FR","og_type":"article","og_title":"Air Jordan Legacy 312 Black Gold Patent AV3922-007 - TOURCRUISER PTE. LTD","og_description":"Prenez une longueur d&rsquo;avance avec les sneakers Air Jordan Legacy 312 Black Gold Patent. Con\u00e7ues par Jordan, ces sneakers \u00e9l\u00e9gantes arborent une empeigne en cuir verni noir rehauss\u00e9e de d\u00e9tails dor\u00e9s pour une touche de luxe. Portez-les sur et en dehors des terrains et devenez une star parmi les passionn\u00e9s de sneakers. Coloris\u00a0: Noir\/Or Code [&hellip;]","og_url":"https:\/\/tourcruiser.com\/fr\/products\/air-jordan-legacy-312-black-gold-patent-av3922-007\/","og_site_name":"Tourcruiser Sneaker Store","article_modified_time":"2026-04-17T16:01:08+00:00","twitter_card":"summary_large_image","twitter_image":"https:\/\/images.novelship.com\/product\/air_jordan_legacy_312_black_gold_patent_av3922_007_0_24287.jpeg;https:\/\/images.novelship.com\/product\/air_jordan_legacy_312_black_gold_patent_av3922_007_1_24287.jpeg;https:\/\/images.novelship.com\/product\/air_jordan_legacy_312_black_gold_patent_av3922_007_2_24287.jpeg;https:\/\/images.novelship.com\/product\/air_jordan_legacy_312_black_gold_patent_av3922_007_3_24287.jpeg;https:\/\/images.novelship.com\/product\/air_jordan_legacy_312_black_gold_patent_av3922_007_4_24287.jpeg;https:\/\/images.novelship.com\/product\/air_jordan_legacy_312_black_gold_patent_av3922_007_5_24287.jpeg;https:\/\/images.novelship.com\/product\/air_jordan_legacy_312_black_gold_patent_av3922_007_6_24287.jpeg;https:\/\/images.novelship.com\/product\/air_jordan_legacy_312_black_gold_patent_av3922_007_7_24287.jpeg","schema":{"@context":"https:\/\/schema.org","@graph":[{"@type":"WebPage","@id":"https:\/\/tourcruiser.com\/fr\/products\/air-jordan-legacy-312-black-gold-patent-av3922-007\/","url":"https:\/\/tourcruiser.com\/fr\/products\/air-jordan-legacy-312-black-gold-patent-av3922-007\/","name":"Air Jordan Legacy 312 Black Gold Patent AV3922-007 - TOURCRUISER PTE. LTD","isPartOf":{"@id":"\/#website"},"primaryImageOfPage":{"@id":"https:\/\/tourcruiser.com\/fr\/products\/air-jordan-legacy-312-black-gold-patent-av3922-007\/#primaryimage"},"image":{"@id":"https:\/\/tourcruiser.com\/fr\/products\/air-jordan-legacy-312-black-gold-patent-av3922-007\/#primaryimage"},"thumbnailUrl":"https:\/\/images.novelship.com\/product\/air_jordan_legacy_312_black_gold_patent_av3922_007_0_24287.jpeg;https:\/\/images.novelship.com\/product\/air_jordan_legacy_312_black_gold_patent_av3922_007_1_24287.jpeg;https:\/\/images.novelship.com\/product\/air_jordan_legacy_312_black_gold_patent_av3922_007_2_24287.jpeg;https:\/\/images.novelship.com\/product\/air_jordan_legacy_312_black_gold_patent_av3922_007_3_24287.jpeg;https:\/\/images.novelship.com\/product\/air_jordan_legacy_312_black_gold_patent_av3922_007_4_24287.jpeg;https:\/\/images.novelship.com\/product\/air_jordan_legacy_312_black_gold_patent_av3922_007_5_24287.jpeg;https:\/\/images.novelship.com\/product\/air_jordan_legacy_312_black_gold_patent_av3922_007_6_24287.jpeg;https:\/\/images.novelship.com\/product\/air_jordan_legacy_312_black_gold_patent_av3922_007_7_24287.jpeg","datePublished":"2026-04-16T10:13:08+00:00","dateModified":"2026-04-17T16:01:08+00:00","breadcrumb":{"@id":"https:\/\/tourcruiser.com\/fr\/products\/air-jordan-legacy-312-black-gold-patent-av3922-007\/#breadcrumb"},"inLanguage":"fr-FR","potentialAction":[{"@type":"ReadAction","target":["https:\/\/tourcruiser.com\/fr\/products\/air-jordan-legacy-312-black-gold-patent-av3922-007\/"]}]},{"@type":"ImageObject","inLanguage":"fr-FR","@id":"https:\/\/tourcruiser.com\/fr\/products\/air-jordan-legacy-312-black-gold-patent-av3922-007\/#primaryimage","url":"https:\/\/images.novelship.com\/product\/air_jordan_legacy_312_black_gold_patent_av3922_007_0_24287.jpeg;https:\/\/images.novelship.com\/product\/air_jordan_legacy_312_black_gold_patent_av3922_007_1_24287.jpeg;https:\/\/images.novelship.com\/product\/air_jordan_legacy_312_black_gold_patent_av3922_007_2_24287.jpeg;https:\/\/images.novelship.com\/product\/air_jordan_legacy_312_black_gold_patent_av3922_007_3_24287.jpeg;https:\/\/images.novelship.com\/product\/air_jordan_legacy_312_black_gold_patent_av3922_007_4_24287.jpeg;https:\/\/images.novelship.com\/product\/air_jordan_legacy_312_black_gold_patent_av3922_007_5_24287.jpeg;https:\/\/images.novelship.com\/product\/air_jordan_legacy_312_black_gold_patent_av3922_007_6_24287.jpeg;https:\/\/images.novelship.com\/product\/air_jordan_legacy_312_black_gold_patent_av3922_007_7_24287.jpeg","contentUrl":"https:\/\/images.novelship.com\/product\/air_jordan_legacy_312_black_gold_patent_av3922_007_0_24287.jpeg;https:\/\/images.novelship.com\/product\/air_jordan_legacy_312_black_gold_patent_av3922_007_1_24287.jpeg;https:\/\/images.novelship.com\/product\/air_jordan_legacy_312_black_gold_patent_av3922_007_2_24287.jpeg;https:\/\/images.novelship.com\/product\/air_jordan_legacy_312_black_gold_patent_av3922_007_3_24287.jpeg;https:\/\/images.novelship.com\/product\/air_jordan_legacy_312_black_gold_patent_av3922_007_4_24287.jpeg;https:\/\/images.novelship.com\/product\/air_jordan_legacy_312_black_gold_patent_av3922_007_5_24287.jpeg;https:\/\/images.novelship.com\/product\/air_jordan_legacy_312_black_gold_patent_av3922_007_6_24287.jpeg;https:\/\/images.novelship.com\/product\/air_jordan_legacy_312_black_gold_patent_av3922_007_7_24287.jpeg"},{"@type":"BreadcrumbList","@id":"https:\/\/tourcruiser.com\/fr\/products\/air-jordan-legacy-312-black-gold-patent-av3922-007\/#breadcrumb","itemListElement":[{"@type":"ListItem","position":1,"name":"Home","item":"https:\/\/tourcruiser.com\/fr\/"},{"@type":"ListItem","position":2,"name":"Shop","item":"https:\/\/tourcruiser.com\/fr\/shop\/"},{"@type":"ListItem","position":3,"name":"Air Jordan Legacy 312 Black Gold Patent AV3922-007"}]},{"@type":"WebSite","@id":"\/#website","url":"\/","name":"Styloral Jewelry Shop","description":"Tourcruiser Sneaker Store \u2014 L\u2019endroit o\u00f9 l\u2019univers rencontre votre singularit\u00e9.","publisher":{"@id":"\/#organization"},"potentialAction":[{"@type":"SearchAction","target":{"@type":"EntryPoint","urlTemplate":"\/?s={search_term_string}"},"query-input":{"@type":"PropertyValueSpecification","valueRequired":true,"valueName":"search_term_string"}}],"inLanguage":"fr-FR"},{"@type":"Organization","@id":"\/#organization","name":"STYLORAL PTE. LTD","url":"\/","logo":{"@type":"ImageObject","inLanguage":"fr-FR","@id":"\/#\/schema\/logo\/image\/","url":"https:\/\/www.tourcruiser.com\/wp-content\/uploads\/2025\/12\/logo.png","contentUrl":"https:\/\/www.tourcruiser.com\/wp-content\/uploads\/2025\/12\/logo.png","width":200,"height":65,"caption":"STYLORAL PTE. LTD"},"image":{"@id":"\/#\/schema\/logo\/image\/"}}]}},"_links":{"self":[{"href":"https:\/\/tourcruiser.com\/fr\/wp-json\/wp\/v2\/product\/768376","targetHints":{"allow":["GET"]}}],"collection":[{"href":"https:\/\/tourcruiser.com\/fr\/wp-json\/wp\/v2\/product"}],"about":[{"href":"https:\/\/tourcruiser.com\/fr\/wp-json\/wp\/v2\/types\/product"}],"replies":[{"embeddable":true,"href":"https:\/\/tourcruiser.com\/fr\/wp-json\/wp\/v2\/comments?post=768376"}],"wp:featuredmedia":[{"embeddable":true,"href":"https:\/\/tourcruiser.com\/fr\/wp-json\/wp\/v2\/media\/768377"}],"wp:attachment":[{"href":"https:\/\/tourcruiser.com\/fr\/wp-json\/wp\/v2\/media?parent=768376"}],"wp:term":[{"taxonomy":"product_brand","embeddable":true,"href":"https:\/\/tourcruiser.com\/fr\/wp-json\/wp\/v2\/product_brand?post=768376"},{"taxonomy":"product_cat","embeddable":true,"href":"https:\/\/tourcruiser.com\/fr\/wp-json\/wp\/v2\/product_cat?post=768376"},{"taxonomy":"product_tag","embeddable":true,"href":"https:\/\/tourcruiser.com\/fr\/wp-json\/wp\/v2\/product_tag?post=768376"}],"curies":[{"name":"wp","href":"https:\/\/api.w.org\/{rel}","templated":true}]}}