{"id":768367,"date":"2026-04-16T17:13:07","date_gmt":"2026-04-16T10:13:07","guid":{"rendered":"http:\/\/tourcruiser.com\/product\/grade-school-air-jordan-1-low-gym-red-553560-611"},"modified":"2026-04-17T23:01:07","modified_gmt":"2026-04-17T16:01:07","slug":"grade-school-air-jordan-1-low-gym-red-553560-611","status":"publish","type":"product","link":"https:\/\/tourcruiser.com\/fr\/products\/grade-school-air-jordan-1-low-gym-red-553560-611\/","title":{"rendered":"(Grade School) Air Jordan 1 Low &lsquo;Gym Red&rsquo; 553560-611"},"content":{"rendered":"<p>La Air Jordan 1 Low Gym Red (GS) de Jordan est une basket styl\u00e9e et embl\u00e9matique pour les jeunes. Son rouge vif lui conf\u00e8re un look affirm\u00e9 et captivant. Que ce soit pour les loisirs ou le sport, la Air Jordan 1 Low Gym Red (GS) allie confort et style et ne passe pas inaper\u00e7ue.<\/p>\n<p>Coloris\u00a0: Gym Red\/Gym Red\/White<\/p>\n<p>Code article\u00a0: 553560-611<\/p>\n<p>Tige\u00a0: Cuir<\/p>\n<p>Semelle interm\u00e9diaire\u00a0: Air<\/p>\n<p>Couleur\u00a0: Rouge<\/p>\n<p>Designer\u00a0: Peter Moore<\/p>\n<p>Saison\u00a0: Printemps<\/p>\n<p>Ann\u00e9e de sortie\u00a0: 2020<br \/>\n\u00c2ge\u00a0: Adulte<br \/>\nCouleur\u00a0: Noir\/Or<br \/>\nGenre\u00a0: Jeune<\/p>\n","protected":false},"excerpt":{"rendered":"<p>La Air Jordan 1 Low Gym Red (GS) de Jordan est une basket styl\u00e9e et embl\u00e9matique pour les jeunes. Son rouge vif lui conf\u00e8re un look affirm\u00e9 et captivant. Que ce soit pour les loisirs ou le sport, la Air Jordan 1 Low Gym Red (GS) allie confort et style et ne passe pas inaper\u00e7ue. [&hellip;]<\/p>\n","protected":false},"featured_media":768368,"comment_status":"open","ping_status":"closed","template":"","meta":[],"product_brand":[],"product_cat":[38880],"product_tag":[10750,10800,38841,39257,38874,10776,11349,38875,10756],"class_list":{"0":"post-768367","1":"product","2":"type-product","3":"status-publish","4":"has-post-thumbnail","6":"product_cat-jordan","7":"product_tag-athleisure-shoes","8":"product_tag-basketball-shoes","9":"product_tag-casual-shoes","10":"product_tag-casual-shoes-inspired-by-basketball","11":"product_tag-hari-raya-gs","12":"product_tag-jordan","13":"product_tag-jordan-basketball-shoes","14":"product_tag-jordan-skateboard-shoes","15":"product_tag-retro-casual-shoes","17":"first","18":"instock","19":"taxable","20":"shipping-taxable","21":"purchasable","22":"product-type-simple"},"wcpa_form_fields":null,"yoast_head":"<!-- This site is optimized with the Yoast SEO plugin v26.5 - https:\/\/yoast.com\/wordpress\/plugins\/seo\/ -->\n<title>(Grade School) Air Jordan 1 Low &#039;Gym Red&#039; 553560-611 - TOURCRUISER PTE. LTD<\/title>\n<meta name=\"robots\" content=\"index, follow, max-snippet:-1, max-image-preview:large, max-video-preview:-1\" \/>\n<link rel=\"canonical\" href=\"https:\/\/tourcruiser.com\/fr\/products\/grade-school-air-jordan-1-low-gym-red-553560-611\/\" \/>\n<meta property=\"og:locale\" content=\"fr_FR\" \/>\n<meta property=\"og:type\" content=\"article\" \/>\n<meta property=\"og:title\" content=\"(Grade School) Air Jordan 1 Low &#039;Gym Red&#039; 553560-611 - TOURCRUISER PTE. LTD\" \/>\n<meta property=\"og:description\" content=\"La Air Jordan 1 Low Gym Red (GS) de Jordan est une basket styl\u00e9e et embl\u00e9matique pour les jeunes. Son rouge vif lui conf\u00e8re un look affirm\u00e9 et captivant. Que ce soit pour les loisirs ou le sport, la Air Jordan 1 Low Gym Red (GS) allie confort et style et ne passe pas inaper\u00e7ue. [&hellip;]\" \/>\n<meta property=\"og:url\" content=\"https:\/\/tourcruiser.com\/fr\/products\/grade-school-air-jordan-1-low-gym-red-553560-611\/\" \/>\n<meta property=\"og:site_name\" content=\"Tourcruiser Sneaker Store\" \/>\n<meta property=\"article:modified_time\" content=\"2026-04-17T16:01:07+00:00\" \/>\n<meta name=\"twitter:card\" content=\"summary_large_image\" \/>\n<meta name=\"twitter:image\" content=\"https:\/\/images.novelship.com\/product\/_grade_school__air_jordan_1_low__gym_red__553560_6_0_15275.jpeg;https:\/\/images.novelship.com\/product\/_grade_school__air_jordan_1_low__gym_red__553560_6_1_15275.jpeg;https:\/\/images.novelship.com\/product\/_grade_school__air_jordan_1_low__gym_red__553560_6_2_15276.jpeg;https:\/\/images.novelship.com\/product\/_grade_school__air_jordan_1_low__gym_red__553560_6_3_15276.jpeg;https:\/\/images.novelship.com\/product\/_grade_school__air_jordan_1_low__gym_red__553560_6_4_15276.jpeg;https:\/\/images.novelship.com\/product\/_grade_school__air_jordan_1_low__gym_red__553560_6_5_15276.jpeg;https:\/\/images.novelship.com\/product\/_grade_school__air_jordan_1_low__gym_red__553560_6_6_15276.jpeg;https:\/\/images.novelship.com\/product\/_grade_school__air_jordan_1_low__gym_red__553560_6_7_15276.jpeg\" \/>\n<script type=\"application\/ld+json\" class=\"yoast-schema-graph\">{\"@context\":\"https:\/\/schema.org\",\"@graph\":[{\"@type\":\"WebPage\",\"@id\":\"https:\/\/tourcruiser.com\/fr\/products\/grade-school-air-jordan-1-low-gym-red-553560-611\/\",\"url\":\"https:\/\/tourcruiser.com\/fr\/products\/grade-school-air-jordan-1-low-gym-red-553560-611\/\",\"name\":\"(Grade School) Air Jordan 1 Low 'Gym Red' 553560-611 - TOURCRUISER PTE. LTD\",\"isPartOf\":{\"@id\":\"\/#website\"},\"primaryImageOfPage\":{\"@id\":\"https:\/\/tourcruiser.com\/fr\/products\/grade-school-air-jordan-1-low-gym-red-553560-611\/#primaryimage\"},\"image\":{\"@id\":\"https:\/\/tourcruiser.com\/fr\/products\/grade-school-air-jordan-1-low-gym-red-553560-611\/#primaryimage\"},\"thumbnailUrl\":\"https:\/\/images.novelship.com\/product\/_grade_school__air_jordan_1_low__gym_red__553560_6_0_15275.jpeg;https:\/\/images.novelship.com\/product\/_grade_school__air_jordan_1_low__gym_red__553560_6_1_15275.jpeg;https:\/\/images.novelship.com\/product\/_grade_school__air_jordan_1_low__gym_red__553560_6_2_15276.jpeg;https:\/\/images.novelship.com\/product\/_grade_school__air_jordan_1_low__gym_red__553560_6_3_15276.jpeg;https:\/\/images.novelship.com\/product\/_grade_school__air_jordan_1_low__gym_red__553560_6_4_15276.jpeg;https:\/\/images.novelship.com\/product\/_grade_school__air_jordan_1_low__gym_red__553560_6_5_15276.jpeg;https:\/\/images.novelship.com\/product\/_grade_school__air_jordan_1_low__gym_red__553560_6_6_15276.jpeg;https:\/\/images.novelship.com\/product\/_grade_school__air_jordan_1_low__gym_red__553560_6_7_15276.jpeg\",\"datePublished\":\"2026-04-16T10:13:07+00:00\",\"dateModified\":\"2026-04-17T16:01:07+00:00\",\"breadcrumb\":{\"@id\":\"https:\/\/tourcruiser.com\/fr\/products\/grade-school-air-jordan-1-low-gym-red-553560-611\/#breadcrumb\"},\"inLanguage\":\"fr-FR\",\"potentialAction\":[{\"@type\":\"ReadAction\",\"target\":[\"https:\/\/tourcruiser.com\/fr\/products\/grade-school-air-jordan-1-low-gym-red-553560-611\/\"]}]},{\"@type\":\"ImageObject\",\"inLanguage\":\"fr-FR\",\"@id\":\"https:\/\/tourcruiser.com\/fr\/products\/grade-school-air-jordan-1-low-gym-red-553560-611\/#primaryimage\",\"url\":\"https:\/\/images.novelship.com\/product\/_grade_school__air_jordan_1_low__gym_red__553560_6_0_15275.jpeg;https:\/\/images.novelship.com\/product\/_grade_school__air_jordan_1_low__gym_red__553560_6_1_15275.jpeg;https:\/\/images.novelship.com\/product\/_grade_school__air_jordan_1_low__gym_red__553560_6_2_15276.jpeg;https:\/\/images.novelship.com\/product\/_grade_school__air_jordan_1_low__gym_red__553560_6_3_15276.jpeg;https:\/\/images.novelship.com\/product\/_grade_school__air_jordan_1_low__gym_red__553560_6_4_15276.jpeg;https:\/\/images.novelship.com\/product\/_grade_school__air_jordan_1_low__gym_red__553560_6_5_15276.jpeg;https:\/\/images.novelship.com\/product\/_grade_school__air_jordan_1_low__gym_red__553560_6_6_15276.jpeg;https:\/\/images.novelship.com\/product\/_grade_school__air_jordan_1_low__gym_red__553560_6_7_15276.jpeg\",\"contentUrl\":\"https:\/\/images.novelship.com\/product\/_grade_school__air_jordan_1_low__gym_red__553560_6_0_15275.jpeg;https:\/\/images.novelship.com\/product\/_grade_school__air_jordan_1_low__gym_red__553560_6_1_15275.jpeg;https:\/\/images.novelship.com\/product\/_grade_school__air_jordan_1_low__gym_red__553560_6_2_15276.jpeg;https:\/\/images.novelship.com\/product\/_grade_school__air_jordan_1_low__gym_red__553560_6_3_15276.jpeg;https:\/\/images.novelship.com\/product\/_grade_school__air_jordan_1_low__gym_red__553560_6_4_15276.jpeg;https:\/\/images.novelship.com\/product\/_grade_school__air_jordan_1_low__gym_red__553560_6_5_15276.jpeg;https:\/\/images.novelship.com\/product\/_grade_school__air_jordan_1_low__gym_red__553560_6_6_15276.jpeg;https:\/\/images.novelship.com\/product\/_grade_school__air_jordan_1_low__gym_red__553560_6_7_15276.jpeg\"},{\"@type\":\"BreadcrumbList\",\"@id\":\"https:\/\/tourcruiser.com\/fr\/products\/grade-school-air-jordan-1-low-gym-red-553560-611\/#breadcrumb\",\"itemListElement\":[{\"@type\":\"ListItem\",\"position\":1,\"name\":\"Home\",\"item\":\"https:\/\/tourcruiser.com\/fr\/\"},{\"@type\":\"ListItem\",\"position\":2,\"name\":\"Shop\",\"item\":\"https:\/\/tourcruiser.com\/fr\/shop\/\"},{\"@type\":\"ListItem\",\"position\":3,\"name\":\"(Grade School) Air Jordan 1 Low &#8216;Gym Red&#8217; 553560-611\"}]},{\"@type\":\"WebSite\",\"@id\":\"\/#website\",\"url\":\"\/\",\"name\":\"Styloral Jewelry Shop\",\"description\":\"Tourcruiser Sneaker Store \u2014 L\u2019endroit o\u00f9 l\u2019univers rencontre votre singularit\u00e9.\",\"publisher\":{\"@id\":\"\/#organization\"},\"potentialAction\":[{\"@type\":\"SearchAction\",\"target\":{\"@type\":\"EntryPoint\",\"urlTemplate\":\"\/?s={search_term_string}\"},\"query-input\":{\"@type\":\"PropertyValueSpecification\",\"valueRequired\":true,\"valueName\":\"search_term_string\"}}],\"inLanguage\":\"fr-FR\"},{\"@type\":\"Organization\",\"@id\":\"\/#organization\",\"name\":\"STYLORAL PTE. LTD\",\"url\":\"\/\",\"logo\":{\"@type\":\"ImageObject\",\"inLanguage\":\"fr-FR\",\"@id\":\"\/#\/schema\/logo\/image\/\",\"url\":\"https:\/\/www.tourcruiser.com\/wp-content\/uploads\/2025\/12\/logo.png\",\"contentUrl\":\"https:\/\/www.tourcruiser.com\/wp-content\/uploads\/2025\/12\/logo.png\",\"width\":200,\"height\":65,\"caption\":\"STYLORAL PTE. LTD\"},\"image\":{\"@id\":\"\/#\/schema\/logo\/image\/\"}}]}<\/script>\n<!-- \/ Yoast SEO plugin. -->","yoast_head_json":{"title":"(Grade School) Air Jordan 1 Low 'Gym Red' 553560-611 - TOURCRUISER PTE. LTD","robots":{"index":"index","follow":"follow","max-snippet":"max-snippet:-1","max-image-preview":"max-image-preview:large","max-video-preview":"max-video-preview:-1"},"canonical":"https:\/\/tourcruiser.com\/fr\/products\/grade-school-air-jordan-1-low-gym-red-553560-611\/","og_locale":"fr_FR","og_type":"article","og_title":"(Grade School) Air Jordan 1 Low 'Gym Red' 553560-611 - TOURCRUISER PTE. LTD","og_description":"La Air Jordan 1 Low Gym Red (GS) de Jordan est une basket styl\u00e9e et embl\u00e9matique pour les jeunes. Son rouge vif lui conf\u00e8re un look affirm\u00e9 et captivant. Que ce soit pour les loisirs ou le sport, la Air Jordan 1 Low Gym Red (GS) allie confort et style et ne passe pas inaper\u00e7ue. [&hellip;]","og_url":"https:\/\/tourcruiser.com\/fr\/products\/grade-school-air-jordan-1-low-gym-red-553560-611\/","og_site_name":"Tourcruiser Sneaker Store","article_modified_time":"2026-04-17T16:01:07+00:00","twitter_card":"summary_large_image","twitter_image":"https:\/\/images.novelship.com\/product\/_grade_school__air_jordan_1_low__gym_red__553560_6_0_15275.jpeg;https:\/\/images.novelship.com\/product\/_grade_school__air_jordan_1_low__gym_red__553560_6_1_15275.jpeg;https:\/\/images.novelship.com\/product\/_grade_school__air_jordan_1_low__gym_red__553560_6_2_15276.jpeg;https:\/\/images.novelship.com\/product\/_grade_school__air_jordan_1_low__gym_red__553560_6_3_15276.jpeg;https:\/\/images.novelship.com\/product\/_grade_school__air_jordan_1_low__gym_red__553560_6_4_15276.jpeg;https:\/\/images.novelship.com\/product\/_grade_school__air_jordan_1_low__gym_red__553560_6_5_15276.jpeg;https:\/\/images.novelship.com\/product\/_grade_school__air_jordan_1_low__gym_red__553560_6_6_15276.jpeg;https:\/\/images.novelship.com\/product\/_grade_school__air_jordan_1_low__gym_red__553560_6_7_15276.jpeg","schema":{"@context":"https:\/\/schema.org","@graph":[{"@type":"WebPage","@id":"https:\/\/tourcruiser.com\/fr\/products\/grade-school-air-jordan-1-low-gym-red-553560-611\/","url":"https:\/\/tourcruiser.com\/fr\/products\/grade-school-air-jordan-1-low-gym-red-553560-611\/","name":"(Grade School) Air Jordan 1 Low 'Gym Red' 553560-611 - TOURCRUISER PTE. LTD","isPartOf":{"@id":"\/#website"},"primaryImageOfPage":{"@id":"https:\/\/tourcruiser.com\/fr\/products\/grade-school-air-jordan-1-low-gym-red-553560-611\/#primaryimage"},"image":{"@id":"https:\/\/tourcruiser.com\/fr\/products\/grade-school-air-jordan-1-low-gym-red-553560-611\/#primaryimage"},"thumbnailUrl":"https:\/\/images.novelship.com\/product\/_grade_school__air_jordan_1_low__gym_red__553560_6_0_15275.jpeg;https:\/\/images.novelship.com\/product\/_grade_school__air_jordan_1_low__gym_red__553560_6_1_15275.jpeg;https:\/\/images.novelship.com\/product\/_grade_school__air_jordan_1_low__gym_red__553560_6_2_15276.jpeg;https:\/\/images.novelship.com\/product\/_grade_school__air_jordan_1_low__gym_red__553560_6_3_15276.jpeg;https:\/\/images.novelship.com\/product\/_grade_school__air_jordan_1_low__gym_red__553560_6_4_15276.jpeg;https:\/\/images.novelship.com\/product\/_grade_school__air_jordan_1_low__gym_red__553560_6_5_15276.jpeg;https:\/\/images.novelship.com\/product\/_grade_school__air_jordan_1_low__gym_red__553560_6_6_15276.jpeg;https:\/\/images.novelship.com\/product\/_grade_school__air_jordan_1_low__gym_red__553560_6_7_15276.jpeg","datePublished":"2026-04-16T10:13:07+00:00","dateModified":"2026-04-17T16:01:07+00:00","breadcrumb":{"@id":"https:\/\/tourcruiser.com\/fr\/products\/grade-school-air-jordan-1-low-gym-red-553560-611\/#breadcrumb"},"inLanguage":"fr-FR","potentialAction":[{"@type":"ReadAction","target":["https:\/\/tourcruiser.com\/fr\/products\/grade-school-air-jordan-1-low-gym-red-553560-611\/"]}]},{"@type":"ImageObject","inLanguage":"fr-FR","@id":"https:\/\/tourcruiser.com\/fr\/products\/grade-school-air-jordan-1-low-gym-red-553560-611\/#primaryimage","url":"https:\/\/images.novelship.com\/product\/_grade_school__air_jordan_1_low__gym_red__553560_6_0_15275.jpeg;https:\/\/images.novelship.com\/product\/_grade_school__air_jordan_1_low__gym_red__553560_6_1_15275.jpeg;https:\/\/images.novelship.com\/product\/_grade_school__air_jordan_1_low__gym_red__553560_6_2_15276.jpeg;https:\/\/images.novelship.com\/product\/_grade_school__air_jordan_1_low__gym_red__553560_6_3_15276.jpeg;https:\/\/images.novelship.com\/product\/_grade_school__air_jordan_1_low__gym_red__553560_6_4_15276.jpeg;https:\/\/images.novelship.com\/product\/_grade_school__air_jordan_1_low__gym_red__553560_6_5_15276.jpeg;https:\/\/images.novelship.com\/product\/_grade_school__air_jordan_1_low__gym_red__553560_6_6_15276.jpeg;https:\/\/images.novelship.com\/product\/_grade_school__air_jordan_1_low__gym_red__553560_6_7_15276.jpeg","contentUrl":"https:\/\/images.novelship.com\/product\/_grade_school__air_jordan_1_low__gym_red__553560_6_0_15275.jpeg;https:\/\/images.novelship.com\/product\/_grade_school__air_jordan_1_low__gym_red__553560_6_1_15275.jpeg;https:\/\/images.novelship.com\/product\/_grade_school__air_jordan_1_low__gym_red__553560_6_2_15276.jpeg;https:\/\/images.novelship.com\/product\/_grade_school__air_jordan_1_low__gym_red__553560_6_3_15276.jpeg;https:\/\/images.novelship.com\/product\/_grade_school__air_jordan_1_low__gym_red__553560_6_4_15276.jpeg;https:\/\/images.novelship.com\/product\/_grade_school__air_jordan_1_low__gym_red__553560_6_5_15276.jpeg;https:\/\/images.novelship.com\/product\/_grade_school__air_jordan_1_low__gym_red__553560_6_6_15276.jpeg;https:\/\/images.novelship.com\/product\/_grade_school__air_jordan_1_low__gym_red__553560_6_7_15276.jpeg"},{"@type":"BreadcrumbList","@id":"https:\/\/tourcruiser.com\/fr\/products\/grade-school-air-jordan-1-low-gym-red-553560-611\/#breadcrumb","itemListElement":[{"@type":"ListItem","position":1,"name":"Home","item":"https:\/\/tourcruiser.com\/fr\/"},{"@type":"ListItem","position":2,"name":"Shop","item":"https:\/\/tourcruiser.com\/fr\/shop\/"},{"@type":"ListItem","position":3,"name":"(Grade School) Air Jordan 1 Low &#8216;Gym Red&#8217; 553560-611"}]},{"@type":"WebSite","@id":"\/#website","url":"\/","name":"Styloral Jewelry Shop","description":"Tourcruiser Sneaker Store \u2014 L\u2019endroit o\u00f9 l\u2019univers rencontre votre singularit\u00e9.","publisher":{"@id":"\/#organization"},"potentialAction":[{"@type":"SearchAction","target":{"@type":"EntryPoint","urlTemplate":"\/?s={search_term_string}"},"query-input":{"@type":"PropertyValueSpecification","valueRequired":true,"valueName":"search_term_string"}}],"inLanguage":"fr-FR"},{"@type":"Organization","@id":"\/#organization","name":"STYLORAL PTE. LTD","url":"\/","logo":{"@type":"ImageObject","inLanguage":"fr-FR","@id":"\/#\/schema\/logo\/image\/","url":"https:\/\/www.tourcruiser.com\/wp-content\/uploads\/2025\/12\/logo.png","contentUrl":"https:\/\/www.tourcruiser.com\/wp-content\/uploads\/2025\/12\/logo.png","width":200,"height":65,"caption":"STYLORAL PTE. LTD"},"image":{"@id":"\/#\/schema\/logo\/image\/"}}]}},"_links":{"self":[{"href":"https:\/\/tourcruiser.com\/fr\/wp-json\/wp\/v2\/product\/768367","targetHints":{"allow":["GET"]}}],"collection":[{"href":"https:\/\/tourcruiser.com\/fr\/wp-json\/wp\/v2\/product"}],"about":[{"href":"https:\/\/tourcruiser.com\/fr\/wp-json\/wp\/v2\/types\/product"}],"replies":[{"embeddable":true,"href":"https:\/\/tourcruiser.com\/fr\/wp-json\/wp\/v2\/comments?post=768367"}],"wp:featuredmedia":[{"embeddable":true,"href":"https:\/\/tourcruiser.com\/fr\/wp-json\/wp\/v2\/media\/768368"}],"wp:attachment":[{"href":"https:\/\/tourcruiser.com\/fr\/wp-json\/wp\/v2\/media?parent=768367"}],"wp:term":[{"taxonomy":"product_brand","embeddable":true,"href":"https:\/\/tourcruiser.com\/fr\/wp-json\/wp\/v2\/product_brand?post=768367"},{"taxonomy":"product_cat","embeddable":true,"href":"https:\/\/tourcruiser.com\/fr\/wp-json\/wp\/v2\/product_cat?post=768367"},{"taxonomy":"product_tag","embeddable":true,"href":"https:\/\/tourcruiser.com\/fr\/wp-json\/wp\/v2\/product_tag?post=768367"}],"curies":[{"name":"wp","href":"https:\/\/api.w.org\/{rel}","templated":true}]}}