{"id":768349,"date":"2026-04-16T17:13:07","date_gmt":"2026-04-16T10:13:07","guid":{"rendered":"http:\/\/tourcruiser.com\/product\/air-jordan-1-low-se-tear-away-silver-dx6070-101"},"modified":"2026-04-17T23:01:06","modified_gmt":"2026-04-17T16:01:06","slug":"air-jordan-1-low-se-tear-away-silver-dx6070-101","status":"publish","type":"product","link":"https:\/\/tourcruiser.com\/fr\/products\/air-jordan-1-low-se-tear-away-silver-dx6070-101\/","title":{"rendered":"Air Jordan 1 Low SE &lsquo;Tear Away Silver&rsquo; DX6070-101"},"content":{"rendered":"<p>La Air Jordan 1 Low SE Tear Away Silver de Jordan est une chaussure \u00e9l\u00e9gante et polyvalente, id\u00e9ale pour tous les fans de sneakers. Gr\u00e2ce \u00e0 son syst\u00e8me d&rsquo;attache facile \u00e0 d\u00e9tacher, cette sneaker vous permet de rester \u00e0 la pointe de la mode et offre d&rsquo;innombrables possibilit\u00e9s de style. Avec son logo Air Jordan embl\u00e9matique et sa couleur argent\u00e9e, cette sneaker est un incontournable de votre collection. Sa silhouette basse et ses mat\u00e9riaux haut de gamme garantissent un confort et une durabilit\u00e9 optimaux. Ne manquez pas cette sneaker tendance et captivante.<\/p>\n<p>Coloris : Blanc\/Argent m\u00e9tallis\u00e9-Blanc-Platine<\/p>\n<p>R\u00e9f\u00e9rence : DX6070-101<\/p>\n<p>Tige : Cuir<\/p>\n<p>Semelle interm\u00e9diaire : Air<\/p>\n<p>Couleur : Blanc<\/p>\n<p>Designer : Peter Moore<\/p>\n<p>Saison : Hiver<\/p>\n<p>Ann\u00e9e de sortie : 2022<\/p>\n<p>\u00c2ge : Adulte<\/p>\n<p>Couleur : Noir\/Noir-Noir<\/p>\n<p>Genre : Homme<\/p>\n","protected":false},"excerpt":{"rendered":"<p>La Air Jordan 1 Low SE Tear Away Silver de Jordan est une chaussure \u00e9l\u00e9gante et polyvalente, id\u00e9ale pour tous les fans de sneakers. Gr\u00e2ce \u00e0 son syst\u00e8me d&rsquo;attache facile \u00e0 d\u00e9tacher, cette sneaker vous permet de rester \u00e0 la pointe de la mode et offre d&rsquo;innombrables possibilit\u00e9s de style. Avec son logo Air Jordan [&hellip;]<\/p>\n","protected":false},"featured_media":768350,"comment_status":"open","ping_status":"closed","template":"","meta":[],"product_brand":[],"product_cat":[38880],"product_tag":[10750,38841,38842,10776,11349,38875,38886,10756],"class_list":{"0":"post-768349","1":"product","2":"type-product","3":"status-publish","4":"has-post-thumbnail","6":"product_cat-jordan","7":"product_tag-athleisure-shoes","8":"product_tag-casual-shoes","9":"product_tag-gift-idea-for-him","10":"product_tag-jordan","11":"product_tag-jordan-basketball-shoes","12":"product_tag-jordan-skateboard-shoes","13":"product_tag-lifestyle-shoes-inspired-by-basketball","14":"product_tag-retro-casual-shoes","16":"first","17":"instock","18":"taxable","19":"shipping-taxable","20":"purchasable","21":"product-type-simple"},"wcpa_form_fields":null,"yoast_head":"<!-- This site is optimized with the Yoast SEO plugin v26.5 - https:\/\/yoast.com\/wordpress\/plugins\/seo\/ -->\n<title>Air Jordan 1 Low SE &#039;Tear Away Silver&#039; DX6070-101 - TOURCRUISER PTE. LTD<\/title>\n<meta name=\"robots\" content=\"index, follow, max-snippet:-1, max-image-preview:large, max-video-preview:-1\" \/>\n<link rel=\"canonical\" href=\"https:\/\/tourcruiser.com\/fr\/products\/air-jordan-1-low-se-tear-away-silver-dx6070-101\/\" \/>\n<meta property=\"og:locale\" content=\"fr_FR\" \/>\n<meta property=\"og:type\" content=\"article\" \/>\n<meta property=\"og:title\" content=\"Air Jordan 1 Low SE &#039;Tear Away Silver&#039; DX6070-101 - TOURCRUISER PTE. LTD\" \/>\n<meta property=\"og:description\" content=\"La Air Jordan 1 Low SE Tear Away Silver de Jordan est une chaussure \u00e9l\u00e9gante et polyvalente, id\u00e9ale pour tous les fans de sneakers. Gr\u00e2ce \u00e0 son syst\u00e8me d&rsquo;attache facile \u00e0 d\u00e9tacher, cette sneaker vous permet de rester \u00e0 la pointe de la mode et offre d&rsquo;innombrables possibilit\u00e9s de style. Avec son logo Air Jordan [&hellip;]\" \/>\n<meta property=\"og:url\" content=\"https:\/\/tourcruiser.com\/fr\/products\/air-jordan-1-low-se-tear-away-silver-dx6070-101\/\" \/>\n<meta property=\"og:site_name\" content=\"Tourcruiser Sneaker Store\" \/>\n<meta property=\"article:modified_time\" content=\"2026-04-17T16:01:06+00:00\" \/>\n<meta name=\"twitter:card\" content=\"summary_large_image\" \/>\n<meta name=\"twitter:image\" content=\"https:\/\/images.novelship.com\/product\/air_jordan_1_low_se__tear_away_silver__0_58263.jpeg;https:\/\/images.novelship.com\/product\/air_jordan_1_low_se__tear_away_silver__1_58263.jpeg;https:\/\/images.novelship.com\/product\/air_jordan_1_low_se__tear_away_silver__2_58263.jpeg;https:\/\/images.novelship.com\/product\/air_jordan_1_low_se__tear_away_silver__3_58263.jpeg;https:\/\/images.novelship.com\/product\/air_jordan_1_low_se__tear_away_silver__4_58263.jpeg;https:\/\/images.novelship.com\/product\/air_jordan_1_low_se__tear_away_silver__5_58263.jpeg;https:\/\/images.novelship.com\/product\/air_jordan_1_low_se__tear_away_silver__6_58263.jpeg;https:\/\/images.novelship.com\/product\/air_jordan_1_low_se__tear_away_silver__7_58263.jpeg\" \/>\n<meta name=\"twitter:label1\" content=\"Dur\u00e9e de lecture estim\u00e9e\" \/>\n\t<meta name=\"twitter:data1\" content=\"1 minute\" \/>\n<script type=\"application\/ld+json\" class=\"yoast-schema-graph\">{\"@context\":\"https:\/\/schema.org\",\"@graph\":[{\"@type\":\"WebPage\",\"@id\":\"https:\/\/tourcruiser.com\/fr\/products\/air-jordan-1-low-se-tear-away-silver-dx6070-101\/\",\"url\":\"https:\/\/tourcruiser.com\/fr\/products\/air-jordan-1-low-se-tear-away-silver-dx6070-101\/\",\"name\":\"Air Jordan 1 Low SE 'Tear Away Silver' DX6070-101 - TOURCRUISER PTE. LTD\",\"isPartOf\":{\"@id\":\"\/#website\"},\"primaryImageOfPage\":{\"@id\":\"https:\/\/tourcruiser.com\/fr\/products\/air-jordan-1-low-se-tear-away-silver-dx6070-101\/#primaryimage\"},\"image\":{\"@id\":\"https:\/\/tourcruiser.com\/fr\/products\/air-jordan-1-low-se-tear-away-silver-dx6070-101\/#primaryimage\"},\"thumbnailUrl\":\"https:\/\/images.novelship.com\/product\/air_jordan_1_low_se__tear_away_silver__0_58263.jpeg;https:\/\/images.novelship.com\/product\/air_jordan_1_low_se__tear_away_silver__1_58263.jpeg;https:\/\/images.novelship.com\/product\/air_jordan_1_low_se__tear_away_silver__2_58263.jpeg;https:\/\/images.novelship.com\/product\/air_jordan_1_low_se__tear_away_silver__3_58263.jpeg;https:\/\/images.novelship.com\/product\/air_jordan_1_low_se__tear_away_silver__4_58263.jpeg;https:\/\/images.novelship.com\/product\/air_jordan_1_low_se__tear_away_silver__5_58263.jpeg;https:\/\/images.novelship.com\/product\/air_jordan_1_low_se__tear_away_silver__6_58263.jpeg;https:\/\/images.novelship.com\/product\/air_jordan_1_low_se__tear_away_silver__7_58263.jpeg\",\"datePublished\":\"2026-04-16T10:13:07+00:00\",\"dateModified\":\"2026-04-17T16:01:06+00:00\",\"breadcrumb\":{\"@id\":\"https:\/\/tourcruiser.com\/fr\/products\/air-jordan-1-low-se-tear-away-silver-dx6070-101\/#breadcrumb\"},\"inLanguage\":\"fr-FR\",\"potentialAction\":[{\"@type\":\"ReadAction\",\"target\":[\"https:\/\/tourcruiser.com\/fr\/products\/air-jordan-1-low-se-tear-away-silver-dx6070-101\/\"]}]},{\"@type\":\"ImageObject\",\"inLanguage\":\"fr-FR\",\"@id\":\"https:\/\/tourcruiser.com\/fr\/products\/air-jordan-1-low-se-tear-away-silver-dx6070-101\/#primaryimage\",\"url\":\"https:\/\/images.novelship.com\/product\/air_jordan_1_low_se__tear_away_silver__0_58263.jpeg;https:\/\/images.novelship.com\/product\/air_jordan_1_low_se__tear_away_silver__1_58263.jpeg;https:\/\/images.novelship.com\/product\/air_jordan_1_low_se__tear_away_silver__2_58263.jpeg;https:\/\/images.novelship.com\/product\/air_jordan_1_low_se__tear_away_silver__3_58263.jpeg;https:\/\/images.novelship.com\/product\/air_jordan_1_low_se__tear_away_silver__4_58263.jpeg;https:\/\/images.novelship.com\/product\/air_jordan_1_low_se__tear_away_silver__5_58263.jpeg;https:\/\/images.novelship.com\/product\/air_jordan_1_low_se__tear_away_silver__6_58263.jpeg;https:\/\/images.novelship.com\/product\/air_jordan_1_low_se__tear_away_silver__7_58263.jpeg\",\"contentUrl\":\"https:\/\/images.novelship.com\/product\/air_jordan_1_low_se__tear_away_silver__0_58263.jpeg;https:\/\/images.novelship.com\/product\/air_jordan_1_low_se__tear_away_silver__1_58263.jpeg;https:\/\/images.novelship.com\/product\/air_jordan_1_low_se__tear_away_silver__2_58263.jpeg;https:\/\/images.novelship.com\/product\/air_jordan_1_low_se__tear_away_silver__3_58263.jpeg;https:\/\/images.novelship.com\/product\/air_jordan_1_low_se__tear_away_silver__4_58263.jpeg;https:\/\/images.novelship.com\/product\/air_jordan_1_low_se__tear_away_silver__5_58263.jpeg;https:\/\/images.novelship.com\/product\/air_jordan_1_low_se__tear_away_silver__6_58263.jpeg;https:\/\/images.novelship.com\/product\/air_jordan_1_low_se__tear_away_silver__7_58263.jpeg\"},{\"@type\":\"BreadcrumbList\",\"@id\":\"https:\/\/tourcruiser.com\/fr\/products\/air-jordan-1-low-se-tear-away-silver-dx6070-101\/#breadcrumb\",\"itemListElement\":[{\"@type\":\"ListItem\",\"position\":1,\"name\":\"Home\",\"item\":\"https:\/\/tourcruiser.com\/fr\/\"},{\"@type\":\"ListItem\",\"position\":2,\"name\":\"Shop\",\"item\":\"https:\/\/tourcruiser.com\/fr\/shop\/\"},{\"@type\":\"ListItem\",\"position\":3,\"name\":\"Air Jordan 1 Low SE &#8216;Tear Away Silver&#8217; DX6070-101\"}]},{\"@type\":\"WebSite\",\"@id\":\"\/#website\",\"url\":\"\/\",\"name\":\"Styloral Jewelry Shop\",\"description\":\"Tourcruiser Sneaker Store \u2014 L\u2019endroit o\u00f9 l\u2019univers rencontre votre singularit\u00e9.\",\"publisher\":{\"@id\":\"\/#organization\"},\"potentialAction\":[{\"@type\":\"SearchAction\",\"target\":{\"@type\":\"EntryPoint\",\"urlTemplate\":\"\/?s={search_term_string}\"},\"query-input\":{\"@type\":\"PropertyValueSpecification\",\"valueRequired\":true,\"valueName\":\"search_term_string\"}}],\"inLanguage\":\"fr-FR\"},{\"@type\":\"Organization\",\"@id\":\"\/#organization\",\"name\":\"STYLORAL PTE. LTD\",\"url\":\"\/\",\"logo\":{\"@type\":\"ImageObject\",\"inLanguage\":\"fr-FR\",\"@id\":\"\/#\/schema\/logo\/image\/\",\"url\":\"https:\/\/www.tourcruiser.com\/wp-content\/uploads\/2025\/12\/logo.png\",\"contentUrl\":\"https:\/\/www.tourcruiser.com\/wp-content\/uploads\/2025\/12\/logo.png\",\"width\":200,\"height\":65,\"caption\":\"STYLORAL PTE. LTD\"},\"image\":{\"@id\":\"\/#\/schema\/logo\/image\/\"}}]}<\/script>\n<!-- \/ Yoast SEO plugin. -->","yoast_head_json":{"title":"Air Jordan 1 Low SE 'Tear Away Silver' DX6070-101 - TOURCRUISER PTE. LTD","robots":{"index":"index","follow":"follow","max-snippet":"max-snippet:-1","max-image-preview":"max-image-preview:large","max-video-preview":"max-video-preview:-1"},"canonical":"https:\/\/tourcruiser.com\/fr\/products\/air-jordan-1-low-se-tear-away-silver-dx6070-101\/","og_locale":"fr_FR","og_type":"article","og_title":"Air Jordan 1 Low SE 'Tear Away Silver' DX6070-101 - TOURCRUISER PTE. LTD","og_description":"La Air Jordan 1 Low SE Tear Away Silver de Jordan est une chaussure \u00e9l\u00e9gante et polyvalente, id\u00e9ale pour tous les fans de sneakers. Gr\u00e2ce \u00e0 son syst\u00e8me d&rsquo;attache facile \u00e0 d\u00e9tacher, cette sneaker vous permet de rester \u00e0 la pointe de la mode et offre d&rsquo;innombrables possibilit\u00e9s de style. Avec son logo Air Jordan [&hellip;]","og_url":"https:\/\/tourcruiser.com\/fr\/products\/air-jordan-1-low-se-tear-away-silver-dx6070-101\/","og_site_name":"Tourcruiser Sneaker Store","article_modified_time":"2026-04-17T16:01:06+00:00","twitter_card":"summary_large_image","twitter_image":"https:\/\/images.novelship.com\/product\/air_jordan_1_low_se__tear_away_silver__0_58263.jpeg;https:\/\/images.novelship.com\/product\/air_jordan_1_low_se__tear_away_silver__1_58263.jpeg;https:\/\/images.novelship.com\/product\/air_jordan_1_low_se__tear_away_silver__2_58263.jpeg;https:\/\/images.novelship.com\/product\/air_jordan_1_low_se__tear_away_silver__3_58263.jpeg;https:\/\/images.novelship.com\/product\/air_jordan_1_low_se__tear_away_silver__4_58263.jpeg;https:\/\/images.novelship.com\/product\/air_jordan_1_low_se__tear_away_silver__5_58263.jpeg;https:\/\/images.novelship.com\/product\/air_jordan_1_low_se__tear_away_silver__6_58263.jpeg;https:\/\/images.novelship.com\/product\/air_jordan_1_low_se__tear_away_silver__7_58263.jpeg","twitter_misc":{"Dur\u00e9e de lecture estim\u00e9e":"1 minute"},"schema":{"@context":"https:\/\/schema.org","@graph":[{"@type":"WebPage","@id":"https:\/\/tourcruiser.com\/fr\/products\/air-jordan-1-low-se-tear-away-silver-dx6070-101\/","url":"https:\/\/tourcruiser.com\/fr\/products\/air-jordan-1-low-se-tear-away-silver-dx6070-101\/","name":"Air Jordan 1 Low SE 'Tear Away Silver' DX6070-101 - TOURCRUISER PTE. LTD","isPartOf":{"@id":"\/#website"},"primaryImageOfPage":{"@id":"https:\/\/tourcruiser.com\/fr\/products\/air-jordan-1-low-se-tear-away-silver-dx6070-101\/#primaryimage"},"image":{"@id":"https:\/\/tourcruiser.com\/fr\/products\/air-jordan-1-low-se-tear-away-silver-dx6070-101\/#primaryimage"},"thumbnailUrl":"https:\/\/images.novelship.com\/product\/air_jordan_1_low_se__tear_away_silver__0_58263.jpeg;https:\/\/images.novelship.com\/product\/air_jordan_1_low_se__tear_away_silver__1_58263.jpeg;https:\/\/images.novelship.com\/product\/air_jordan_1_low_se__tear_away_silver__2_58263.jpeg;https:\/\/images.novelship.com\/product\/air_jordan_1_low_se__tear_away_silver__3_58263.jpeg;https:\/\/images.novelship.com\/product\/air_jordan_1_low_se__tear_away_silver__4_58263.jpeg;https:\/\/images.novelship.com\/product\/air_jordan_1_low_se__tear_away_silver__5_58263.jpeg;https:\/\/images.novelship.com\/product\/air_jordan_1_low_se__tear_away_silver__6_58263.jpeg;https:\/\/images.novelship.com\/product\/air_jordan_1_low_se__tear_away_silver__7_58263.jpeg","datePublished":"2026-04-16T10:13:07+00:00","dateModified":"2026-04-17T16:01:06+00:00","breadcrumb":{"@id":"https:\/\/tourcruiser.com\/fr\/products\/air-jordan-1-low-se-tear-away-silver-dx6070-101\/#breadcrumb"},"inLanguage":"fr-FR","potentialAction":[{"@type":"ReadAction","target":["https:\/\/tourcruiser.com\/fr\/products\/air-jordan-1-low-se-tear-away-silver-dx6070-101\/"]}]},{"@type":"ImageObject","inLanguage":"fr-FR","@id":"https:\/\/tourcruiser.com\/fr\/products\/air-jordan-1-low-se-tear-away-silver-dx6070-101\/#primaryimage","url":"https:\/\/images.novelship.com\/product\/air_jordan_1_low_se__tear_away_silver__0_58263.jpeg;https:\/\/images.novelship.com\/product\/air_jordan_1_low_se__tear_away_silver__1_58263.jpeg;https:\/\/images.novelship.com\/product\/air_jordan_1_low_se__tear_away_silver__2_58263.jpeg;https:\/\/images.novelship.com\/product\/air_jordan_1_low_se__tear_away_silver__3_58263.jpeg;https:\/\/images.novelship.com\/product\/air_jordan_1_low_se__tear_away_silver__4_58263.jpeg;https:\/\/images.novelship.com\/product\/air_jordan_1_low_se__tear_away_silver__5_58263.jpeg;https:\/\/images.novelship.com\/product\/air_jordan_1_low_se__tear_away_silver__6_58263.jpeg;https:\/\/images.novelship.com\/product\/air_jordan_1_low_se__tear_away_silver__7_58263.jpeg","contentUrl":"https:\/\/images.novelship.com\/product\/air_jordan_1_low_se__tear_away_silver__0_58263.jpeg;https:\/\/images.novelship.com\/product\/air_jordan_1_low_se__tear_away_silver__1_58263.jpeg;https:\/\/images.novelship.com\/product\/air_jordan_1_low_se__tear_away_silver__2_58263.jpeg;https:\/\/images.novelship.com\/product\/air_jordan_1_low_se__tear_away_silver__3_58263.jpeg;https:\/\/images.novelship.com\/product\/air_jordan_1_low_se__tear_away_silver__4_58263.jpeg;https:\/\/images.novelship.com\/product\/air_jordan_1_low_se__tear_away_silver__5_58263.jpeg;https:\/\/images.novelship.com\/product\/air_jordan_1_low_se__tear_away_silver__6_58263.jpeg;https:\/\/images.novelship.com\/product\/air_jordan_1_low_se__tear_away_silver__7_58263.jpeg"},{"@type":"BreadcrumbList","@id":"https:\/\/tourcruiser.com\/fr\/products\/air-jordan-1-low-se-tear-away-silver-dx6070-101\/#breadcrumb","itemListElement":[{"@type":"ListItem","position":1,"name":"Home","item":"https:\/\/tourcruiser.com\/fr\/"},{"@type":"ListItem","position":2,"name":"Shop","item":"https:\/\/tourcruiser.com\/fr\/shop\/"},{"@type":"ListItem","position":3,"name":"Air Jordan 1 Low SE &#8216;Tear Away Silver&#8217; DX6070-101"}]},{"@type":"WebSite","@id":"\/#website","url":"\/","name":"Styloral Jewelry Shop","description":"Tourcruiser Sneaker Store \u2014 L\u2019endroit o\u00f9 l\u2019univers rencontre votre singularit\u00e9.","publisher":{"@id":"\/#organization"},"potentialAction":[{"@type":"SearchAction","target":{"@type":"EntryPoint","urlTemplate":"\/?s={search_term_string}"},"query-input":{"@type":"PropertyValueSpecification","valueRequired":true,"valueName":"search_term_string"}}],"inLanguage":"fr-FR"},{"@type":"Organization","@id":"\/#organization","name":"STYLORAL PTE. LTD","url":"\/","logo":{"@type":"ImageObject","inLanguage":"fr-FR","@id":"\/#\/schema\/logo\/image\/","url":"https:\/\/www.tourcruiser.com\/wp-content\/uploads\/2025\/12\/logo.png","contentUrl":"https:\/\/www.tourcruiser.com\/wp-content\/uploads\/2025\/12\/logo.png","width":200,"height":65,"caption":"STYLORAL PTE. LTD"},"image":{"@id":"\/#\/schema\/logo\/image\/"}}]}},"_links":{"self":[{"href":"https:\/\/tourcruiser.com\/fr\/wp-json\/wp\/v2\/product\/768349","targetHints":{"allow":["GET"]}}],"collection":[{"href":"https:\/\/tourcruiser.com\/fr\/wp-json\/wp\/v2\/product"}],"about":[{"href":"https:\/\/tourcruiser.com\/fr\/wp-json\/wp\/v2\/types\/product"}],"replies":[{"embeddable":true,"href":"https:\/\/tourcruiser.com\/fr\/wp-json\/wp\/v2\/comments?post=768349"}],"wp:featuredmedia":[{"embeddable":true,"href":"https:\/\/tourcruiser.com\/fr\/wp-json\/wp\/v2\/media\/768350"}],"wp:attachment":[{"href":"https:\/\/tourcruiser.com\/fr\/wp-json\/wp\/v2\/media?parent=768349"}],"wp:term":[{"taxonomy":"product_brand","embeddable":true,"href":"https:\/\/tourcruiser.com\/fr\/wp-json\/wp\/v2\/product_brand?post=768349"},{"taxonomy":"product_cat","embeddable":true,"href":"https:\/\/tourcruiser.com\/fr\/wp-json\/wp\/v2\/product_cat?post=768349"},{"taxonomy":"product_tag","embeddable":true,"href":"https:\/\/tourcruiser.com\/fr\/wp-json\/wp\/v2\/product_tag?post=768349"}],"curies":[{"name":"wp","href":"https:\/\/api.w.org\/{rel}","templated":true}]}}