{"id":768340,"date":"2026-04-16T17:13:07","date_gmt":"2026-04-16T10:13:07","guid":{"rendered":"http:\/\/tourcruiser.com\/product\/air-jordan-1-low-white-obsidian-553558-114"},"modified":"2026-04-17T23:01:06","modified_gmt":"2026-04-17T16:01:06","slug":"air-jordan-1-low-white-obsidian-553558-114","status":"publish","type":"product","link":"https:\/\/tourcruiser.com\/fr\/products\/air-jordan-1-low-white-obsidian-553558-114\/","title":{"rendered":"Air Jordan 1 Low &lsquo;White Obsidian&rsquo; 553558-114"},"content":{"rendered":"<p>D\u00e9couvrez la Air Jordan 1 Low White Obsidian, une sneaker incontournable de la l\u00e9gendaire marque Jordan. Cette chaussure styl\u00e9e impressionne par son \u00e9l\u00e9gante base blanche et ses accents blanc obsidien, pour une touche de sophistication. Confectionn\u00e9e \u00e0 partir de mat\u00e9riaux haut de gamme et con\u00e7ue pour un confort exceptionnel, cette sneaker est parfaite pour les loisirs comme pour le sport. La Air Jordan 1 Low White Obsidian, \u00e9galement connue sous le nom de White Obsidian, rehaussera votre style.<\/p>\n<p>Coloris : Blanc\/Obsidienne\/Blanc<\/p>\n<p>Code article : 553558-114<\/p>\n<p>Tige : Cuir<\/p>\n<p>Semelle interm\u00e9diaire : Air<\/p>\n<p>Couleur : Blanc<\/p>\n<p>Designer : Peter Moore<\/p>\n<p>Saison : \u00c9t\u00e9<\/p>\n<p>Ann\u00e9e de sortie : 2019<\/p>\n<p>\u00c2ge : Adulte<\/p>\n<p>Couleur : Blanc\/Argent m\u00e9tallis\u00e9-Blanc-Platine pur<\/p>\n<p>Genre : Homme<\/p>\n","protected":false},"excerpt":{"rendered":"<p>D\u00e9couvrez la Air Jordan 1 Low White Obsidian, une sneaker incontournable de la l\u00e9gendaire marque Jordan. Cette chaussure styl\u00e9e impressionne par son \u00e9l\u00e9gante base blanche et ses accents blanc obsidien, pour une touche de sophistication. Confectionn\u00e9e \u00e0 partir de mat\u00e9riaux haut de gamme et con\u00e7ue pour un confort exceptionnel, cette sneaker est parfaite pour les [&hellip;]<\/p>\n","protected":false},"featured_media":768341,"comment_status":"open","ping_status":"closed","template":"","meta":[],"product_brand":[],"product_cat":[38880],"product_tag":[10750,38841,38842,10776,11349,38875,38886,10756],"class_list":{"0":"post-768340","1":"product","2":"type-product","3":"status-publish","4":"has-post-thumbnail","6":"product_cat-jordan","7":"product_tag-athleisure-shoes","8":"product_tag-casual-shoes","9":"product_tag-gift-idea-for-him","10":"product_tag-jordan","11":"product_tag-jordan-basketball-shoes","12":"product_tag-jordan-skateboard-shoes","13":"product_tag-lifestyle-shoes-inspired-by-basketball","14":"product_tag-retro-casual-shoes","16":"first","17":"instock","18":"taxable","19":"shipping-taxable","20":"purchasable","21":"product-type-simple"},"wcpa_form_fields":null,"yoast_head":"<!-- This site is optimized with the Yoast SEO plugin v26.5 - https:\/\/yoast.com\/wordpress\/plugins\/seo\/ -->\n<title>Air Jordan 1 Low &#039;White Obsidian&#039; 553558-114 - TOURCRUISER PTE. LTD<\/title>\n<meta name=\"robots\" content=\"index, follow, max-snippet:-1, max-image-preview:large, max-video-preview:-1\" \/>\n<link rel=\"canonical\" href=\"https:\/\/tourcruiser.com\/fr\/products\/air-jordan-1-low-white-obsidian-553558-114\/\" \/>\n<meta property=\"og:locale\" content=\"fr_FR\" \/>\n<meta property=\"og:type\" content=\"article\" \/>\n<meta property=\"og:title\" content=\"Air Jordan 1 Low &#039;White Obsidian&#039; 553558-114 - TOURCRUISER PTE. LTD\" \/>\n<meta property=\"og:description\" content=\"D\u00e9couvrez la Air Jordan 1 Low White Obsidian, une sneaker incontournable de la l\u00e9gendaire marque Jordan. Cette chaussure styl\u00e9e impressionne par son \u00e9l\u00e9gante base blanche et ses accents blanc obsidien, pour une touche de sophistication. Confectionn\u00e9e \u00e0 partir de mat\u00e9riaux haut de gamme et con\u00e7ue pour un confort exceptionnel, cette sneaker est parfaite pour les [&hellip;]\" \/>\n<meta property=\"og:url\" content=\"https:\/\/tourcruiser.com\/fr\/products\/air-jordan-1-low-white-obsidian-553558-114\/\" \/>\n<meta property=\"og:site_name\" content=\"Tourcruiser Sneaker Store\" \/>\n<meta property=\"article:modified_time\" content=\"2026-04-17T16:01:06+00:00\" \/>\n<meta name=\"twitter:card\" content=\"summary_large_image\" \/>\n<meta name=\"twitter:image\" content=\"https:\/\/images.novelship.com\/product\/air_jordan_1_low__white_obsidian__553558-114_0_38430.jpeg;https:\/\/images.novelship.com\/product\/air_jordan_1_low__white_obsidian__553558-114_1_38431.jpeg;https:\/\/images.novelship.com\/product\/air_jordan_1_low__white_obsidian__553558-114_2_38431.jpeg;https:\/\/images.novelship.com\/product\/air_jordan_1_low__white_obsidian__553558-114_3_38431.jpeg;https:\/\/images.novelship.com\/product\/air_jordan_1_low__white_obsidian__553558-114_4_38431.jpeg;https:\/\/images.novelship.com\/product\/air_jordan_1_low__white_obsidian__553558-114_5_38431.jpeg;https:\/\/images.novelship.com\/product\/air_jordan_1_low__white_obsidian__553558-114_6_38431.jpeg;https:\/\/images.novelship.com\/product\/air_jordan_1_low__white_obsidian__553558-114_7_38431.jpeg\" \/>\n<meta name=\"twitter:label1\" content=\"Dur\u00e9e de lecture estim\u00e9e\" \/>\n\t<meta name=\"twitter:data1\" content=\"1 minute\" \/>\n<script type=\"application\/ld+json\" class=\"yoast-schema-graph\">{\"@context\":\"https:\/\/schema.org\",\"@graph\":[{\"@type\":\"WebPage\",\"@id\":\"https:\/\/tourcruiser.com\/fr\/products\/air-jordan-1-low-white-obsidian-553558-114\/\",\"url\":\"https:\/\/tourcruiser.com\/fr\/products\/air-jordan-1-low-white-obsidian-553558-114\/\",\"name\":\"Air Jordan 1 Low 'White Obsidian' 553558-114 - TOURCRUISER PTE. LTD\",\"isPartOf\":{\"@id\":\"\/#website\"},\"primaryImageOfPage\":{\"@id\":\"https:\/\/tourcruiser.com\/fr\/products\/air-jordan-1-low-white-obsidian-553558-114\/#primaryimage\"},\"image\":{\"@id\":\"https:\/\/tourcruiser.com\/fr\/products\/air-jordan-1-low-white-obsidian-553558-114\/#primaryimage\"},\"thumbnailUrl\":\"https:\/\/images.novelship.com\/product\/air_jordan_1_low__white_obsidian__553558-114_0_38430.jpeg;https:\/\/images.novelship.com\/product\/air_jordan_1_low__white_obsidian__553558-114_1_38431.jpeg;https:\/\/images.novelship.com\/product\/air_jordan_1_low__white_obsidian__553558-114_2_38431.jpeg;https:\/\/images.novelship.com\/product\/air_jordan_1_low__white_obsidian__553558-114_3_38431.jpeg;https:\/\/images.novelship.com\/product\/air_jordan_1_low__white_obsidian__553558-114_4_38431.jpeg;https:\/\/images.novelship.com\/product\/air_jordan_1_low__white_obsidian__553558-114_5_38431.jpeg;https:\/\/images.novelship.com\/product\/air_jordan_1_low__white_obsidian__553558-114_6_38431.jpeg;https:\/\/images.novelship.com\/product\/air_jordan_1_low__white_obsidian__553558-114_7_38431.jpeg\",\"datePublished\":\"2026-04-16T10:13:07+00:00\",\"dateModified\":\"2026-04-17T16:01:06+00:00\",\"breadcrumb\":{\"@id\":\"https:\/\/tourcruiser.com\/fr\/products\/air-jordan-1-low-white-obsidian-553558-114\/#breadcrumb\"},\"inLanguage\":\"fr-FR\",\"potentialAction\":[{\"@type\":\"ReadAction\",\"target\":[\"https:\/\/tourcruiser.com\/fr\/products\/air-jordan-1-low-white-obsidian-553558-114\/\"]}]},{\"@type\":\"ImageObject\",\"inLanguage\":\"fr-FR\",\"@id\":\"https:\/\/tourcruiser.com\/fr\/products\/air-jordan-1-low-white-obsidian-553558-114\/#primaryimage\",\"url\":\"https:\/\/images.novelship.com\/product\/air_jordan_1_low__white_obsidian__553558-114_0_38430.jpeg;https:\/\/images.novelship.com\/product\/air_jordan_1_low__white_obsidian__553558-114_1_38431.jpeg;https:\/\/images.novelship.com\/product\/air_jordan_1_low__white_obsidian__553558-114_2_38431.jpeg;https:\/\/images.novelship.com\/product\/air_jordan_1_low__white_obsidian__553558-114_3_38431.jpeg;https:\/\/images.novelship.com\/product\/air_jordan_1_low__white_obsidian__553558-114_4_38431.jpeg;https:\/\/images.novelship.com\/product\/air_jordan_1_low__white_obsidian__553558-114_5_38431.jpeg;https:\/\/images.novelship.com\/product\/air_jordan_1_low__white_obsidian__553558-114_6_38431.jpeg;https:\/\/images.novelship.com\/product\/air_jordan_1_low__white_obsidian__553558-114_7_38431.jpeg\",\"contentUrl\":\"https:\/\/images.novelship.com\/product\/air_jordan_1_low__white_obsidian__553558-114_0_38430.jpeg;https:\/\/images.novelship.com\/product\/air_jordan_1_low__white_obsidian__553558-114_1_38431.jpeg;https:\/\/images.novelship.com\/product\/air_jordan_1_low__white_obsidian__553558-114_2_38431.jpeg;https:\/\/images.novelship.com\/product\/air_jordan_1_low__white_obsidian__553558-114_3_38431.jpeg;https:\/\/images.novelship.com\/product\/air_jordan_1_low__white_obsidian__553558-114_4_38431.jpeg;https:\/\/images.novelship.com\/product\/air_jordan_1_low__white_obsidian__553558-114_5_38431.jpeg;https:\/\/images.novelship.com\/product\/air_jordan_1_low__white_obsidian__553558-114_6_38431.jpeg;https:\/\/images.novelship.com\/product\/air_jordan_1_low__white_obsidian__553558-114_7_38431.jpeg\"},{\"@type\":\"BreadcrumbList\",\"@id\":\"https:\/\/tourcruiser.com\/fr\/products\/air-jordan-1-low-white-obsidian-553558-114\/#breadcrumb\",\"itemListElement\":[{\"@type\":\"ListItem\",\"position\":1,\"name\":\"Home\",\"item\":\"https:\/\/tourcruiser.com\/fr\/\"},{\"@type\":\"ListItem\",\"position\":2,\"name\":\"Shop\",\"item\":\"https:\/\/tourcruiser.com\/fr\/shop\/\"},{\"@type\":\"ListItem\",\"position\":3,\"name\":\"Air Jordan 1 Low &#8216;White Obsidian&#8217; 553558-114\"}]},{\"@type\":\"WebSite\",\"@id\":\"\/#website\",\"url\":\"\/\",\"name\":\"Styloral Jewelry Shop\",\"description\":\"Tourcruiser Sneaker Store \u2014 L\u2019endroit o\u00f9 l\u2019univers rencontre votre singularit\u00e9.\",\"publisher\":{\"@id\":\"\/#organization\"},\"potentialAction\":[{\"@type\":\"SearchAction\",\"target\":{\"@type\":\"EntryPoint\",\"urlTemplate\":\"\/?s={search_term_string}\"},\"query-input\":{\"@type\":\"PropertyValueSpecification\",\"valueRequired\":true,\"valueName\":\"search_term_string\"}}],\"inLanguage\":\"fr-FR\"},{\"@type\":\"Organization\",\"@id\":\"\/#organization\",\"name\":\"STYLORAL PTE. LTD\",\"url\":\"\/\",\"logo\":{\"@type\":\"ImageObject\",\"inLanguage\":\"fr-FR\",\"@id\":\"\/#\/schema\/logo\/image\/\",\"url\":\"https:\/\/www.tourcruiser.com\/wp-content\/uploads\/2025\/12\/logo.png\",\"contentUrl\":\"https:\/\/www.tourcruiser.com\/wp-content\/uploads\/2025\/12\/logo.png\",\"width\":200,\"height\":65,\"caption\":\"STYLORAL PTE. LTD\"},\"image\":{\"@id\":\"\/#\/schema\/logo\/image\/\"}}]}<\/script>\n<!-- \/ Yoast SEO plugin. -->","yoast_head_json":{"title":"Air Jordan 1 Low 'White Obsidian' 553558-114 - TOURCRUISER PTE. LTD","robots":{"index":"index","follow":"follow","max-snippet":"max-snippet:-1","max-image-preview":"max-image-preview:large","max-video-preview":"max-video-preview:-1"},"canonical":"https:\/\/tourcruiser.com\/fr\/products\/air-jordan-1-low-white-obsidian-553558-114\/","og_locale":"fr_FR","og_type":"article","og_title":"Air Jordan 1 Low 'White Obsidian' 553558-114 - TOURCRUISER PTE. LTD","og_description":"D\u00e9couvrez la Air Jordan 1 Low White Obsidian, une sneaker incontournable de la l\u00e9gendaire marque Jordan. Cette chaussure styl\u00e9e impressionne par son \u00e9l\u00e9gante base blanche et ses accents blanc obsidien, pour une touche de sophistication. Confectionn\u00e9e \u00e0 partir de mat\u00e9riaux haut de gamme et con\u00e7ue pour un confort exceptionnel, cette sneaker est parfaite pour les [&hellip;]","og_url":"https:\/\/tourcruiser.com\/fr\/products\/air-jordan-1-low-white-obsidian-553558-114\/","og_site_name":"Tourcruiser Sneaker Store","article_modified_time":"2026-04-17T16:01:06+00:00","twitter_card":"summary_large_image","twitter_image":"https:\/\/images.novelship.com\/product\/air_jordan_1_low__white_obsidian__553558-114_0_38430.jpeg;https:\/\/images.novelship.com\/product\/air_jordan_1_low__white_obsidian__553558-114_1_38431.jpeg;https:\/\/images.novelship.com\/product\/air_jordan_1_low__white_obsidian__553558-114_2_38431.jpeg;https:\/\/images.novelship.com\/product\/air_jordan_1_low__white_obsidian__553558-114_3_38431.jpeg;https:\/\/images.novelship.com\/product\/air_jordan_1_low__white_obsidian__553558-114_4_38431.jpeg;https:\/\/images.novelship.com\/product\/air_jordan_1_low__white_obsidian__553558-114_5_38431.jpeg;https:\/\/images.novelship.com\/product\/air_jordan_1_low__white_obsidian__553558-114_6_38431.jpeg;https:\/\/images.novelship.com\/product\/air_jordan_1_low__white_obsidian__553558-114_7_38431.jpeg","twitter_misc":{"Dur\u00e9e de lecture estim\u00e9e":"1 minute"},"schema":{"@context":"https:\/\/schema.org","@graph":[{"@type":"WebPage","@id":"https:\/\/tourcruiser.com\/fr\/products\/air-jordan-1-low-white-obsidian-553558-114\/","url":"https:\/\/tourcruiser.com\/fr\/products\/air-jordan-1-low-white-obsidian-553558-114\/","name":"Air Jordan 1 Low 'White Obsidian' 553558-114 - TOURCRUISER PTE. LTD","isPartOf":{"@id":"\/#website"},"primaryImageOfPage":{"@id":"https:\/\/tourcruiser.com\/fr\/products\/air-jordan-1-low-white-obsidian-553558-114\/#primaryimage"},"image":{"@id":"https:\/\/tourcruiser.com\/fr\/products\/air-jordan-1-low-white-obsidian-553558-114\/#primaryimage"},"thumbnailUrl":"https:\/\/images.novelship.com\/product\/air_jordan_1_low__white_obsidian__553558-114_0_38430.jpeg;https:\/\/images.novelship.com\/product\/air_jordan_1_low__white_obsidian__553558-114_1_38431.jpeg;https:\/\/images.novelship.com\/product\/air_jordan_1_low__white_obsidian__553558-114_2_38431.jpeg;https:\/\/images.novelship.com\/product\/air_jordan_1_low__white_obsidian__553558-114_3_38431.jpeg;https:\/\/images.novelship.com\/product\/air_jordan_1_low__white_obsidian__553558-114_4_38431.jpeg;https:\/\/images.novelship.com\/product\/air_jordan_1_low__white_obsidian__553558-114_5_38431.jpeg;https:\/\/images.novelship.com\/product\/air_jordan_1_low__white_obsidian__553558-114_6_38431.jpeg;https:\/\/images.novelship.com\/product\/air_jordan_1_low__white_obsidian__553558-114_7_38431.jpeg","datePublished":"2026-04-16T10:13:07+00:00","dateModified":"2026-04-17T16:01:06+00:00","breadcrumb":{"@id":"https:\/\/tourcruiser.com\/fr\/products\/air-jordan-1-low-white-obsidian-553558-114\/#breadcrumb"},"inLanguage":"fr-FR","potentialAction":[{"@type":"ReadAction","target":["https:\/\/tourcruiser.com\/fr\/products\/air-jordan-1-low-white-obsidian-553558-114\/"]}]},{"@type":"ImageObject","inLanguage":"fr-FR","@id":"https:\/\/tourcruiser.com\/fr\/products\/air-jordan-1-low-white-obsidian-553558-114\/#primaryimage","url":"https:\/\/images.novelship.com\/product\/air_jordan_1_low__white_obsidian__553558-114_0_38430.jpeg;https:\/\/images.novelship.com\/product\/air_jordan_1_low__white_obsidian__553558-114_1_38431.jpeg;https:\/\/images.novelship.com\/product\/air_jordan_1_low__white_obsidian__553558-114_2_38431.jpeg;https:\/\/images.novelship.com\/product\/air_jordan_1_low__white_obsidian__553558-114_3_38431.jpeg;https:\/\/images.novelship.com\/product\/air_jordan_1_low__white_obsidian__553558-114_4_38431.jpeg;https:\/\/images.novelship.com\/product\/air_jordan_1_low__white_obsidian__553558-114_5_38431.jpeg;https:\/\/images.novelship.com\/product\/air_jordan_1_low__white_obsidian__553558-114_6_38431.jpeg;https:\/\/images.novelship.com\/product\/air_jordan_1_low__white_obsidian__553558-114_7_38431.jpeg","contentUrl":"https:\/\/images.novelship.com\/product\/air_jordan_1_low__white_obsidian__553558-114_0_38430.jpeg;https:\/\/images.novelship.com\/product\/air_jordan_1_low__white_obsidian__553558-114_1_38431.jpeg;https:\/\/images.novelship.com\/product\/air_jordan_1_low__white_obsidian__553558-114_2_38431.jpeg;https:\/\/images.novelship.com\/product\/air_jordan_1_low__white_obsidian__553558-114_3_38431.jpeg;https:\/\/images.novelship.com\/product\/air_jordan_1_low__white_obsidian__553558-114_4_38431.jpeg;https:\/\/images.novelship.com\/product\/air_jordan_1_low__white_obsidian__553558-114_5_38431.jpeg;https:\/\/images.novelship.com\/product\/air_jordan_1_low__white_obsidian__553558-114_6_38431.jpeg;https:\/\/images.novelship.com\/product\/air_jordan_1_low__white_obsidian__553558-114_7_38431.jpeg"},{"@type":"BreadcrumbList","@id":"https:\/\/tourcruiser.com\/fr\/products\/air-jordan-1-low-white-obsidian-553558-114\/#breadcrumb","itemListElement":[{"@type":"ListItem","position":1,"name":"Home","item":"https:\/\/tourcruiser.com\/fr\/"},{"@type":"ListItem","position":2,"name":"Shop","item":"https:\/\/tourcruiser.com\/fr\/shop\/"},{"@type":"ListItem","position":3,"name":"Air Jordan 1 Low &#8216;White Obsidian&#8217; 553558-114"}]},{"@type":"WebSite","@id":"\/#website","url":"\/","name":"Styloral Jewelry Shop","description":"Tourcruiser Sneaker Store \u2014 L\u2019endroit o\u00f9 l\u2019univers rencontre votre singularit\u00e9.","publisher":{"@id":"\/#organization"},"potentialAction":[{"@type":"SearchAction","target":{"@type":"EntryPoint","urlTemplate":"\/?s={search_term_string}"},"query-input":{"@type":"PropertyValueSpecification","valueRequired":true,"valueName":"search_term_string"}}],"inLanguage":"fr-FR"},{"@type":"Organization","@id":"\/#organization","name":"STYLORAL PTE. LTD","url":"\/","logo":{"@type":"ImageObject","inLanguage":"fr-FR","@id":"\/#\/schema\/logo\/image\/","url":"https:\/\/www.tourcruiser.com\/wp-content\/uploads\/2025\/12\/logo.png","contentUrl":"https:\/\/www.tourcruiser.com\/wp-content\/uploads\/2025\/12\/logo.png","width":200,"height":65,"caption":"STYLORAL PTE. LTD"},"image":{"@id":"\/#\/schema\/logo\/image\/"}}]}},"_links":{"self":[{"href":"https:\/\/tourcruiser.com\/fr\/wp-json\/wp\/v2\/product\/768340","targetHints":{"allow":["GET"]}}],"collection":[{"href":"https:\/\/tourcruiser.com\/fr\/wp-json\/wp\/v2\/product"}],"about":[{"href":"https:\/\/tourcruiser.com\/fr\/wp-json\/wp\/v2\/types\/product"}],"replies":[{"embeddable":true,"href":"https:\/\/tourcruiser.com\/fr\/wp-json\/wp\/v2\/comments?post=768340"}],"wp:featuredmedia":[{"embeddable":true,"href":"https:\/\/tourcruiser.com\/fr\/wp-json\/wp\/v2\/media\/768341"}],"wp:attachment":[{"href":"https:\/\/tourcruiser.com\/fr\/wp-json\/wp\/v2\/media?parent=768340"}],"wp:term":[{"taxonomy":"product_brand","embeddable":true,"href":"https:\/\/tourcruiser.com\/fr\/wp-json\/wp\/v2\/product_brand?post=768340"},{"taxonomy":"product_cat","embeddable":true,"href":"https:\/\/tourcruiser.com\/fr\/wp-json\/wp\/v2\/product_cat?post=768340"},{"taxonomy":"product_tag","embeddable":true,"href":"https:\/\/tourcruiser.com\/fr\/wp-json\/wp\/v2\/product_tag?post=768340"}],"curies":[{"name":"wp","href":"https:\/\/api.w.org\/{rel}","templated":true}]}}