{"id":768325,"date":"2026-04-16T17:13:06","date_gmt":"2026-04-16T10:13:06","guid":{"rendered":"http:\/\/tourcruiser.com\/product\/air-jordan-1-low-triple-white-553558-112"},"modified":"2026-04-17T23:01:05","modified_gmt":"2026-04-17T16:01:05","slug":"air-jordan-1-low-triple-white-553558-112","status":"publish","type":"product","link":"https:\/\/tourcruiser.com\/fr\/products\/air-jordan-1-low-triple-white-553558-112\/","title":{"rendered":"Air Jordan 1 Low &lsquo;Triple White&rsquo; 553558-112"},"content":{"rendered":"<p>D\u00e9couvrez la Air Jordan 1 Low Triple White\u00a0: un mod\u00e8le \u00e9pur\u00e9 et classique sign\u00e9 Jordan. Cette sneaker iconique arbore une \u00e9l\u00e9gante couleur blanche et s\u2019accorde avec toutes vos tenues. Profitez du confort et du style de la Air Jordan 1, d\u00e9sormais disponible dans une version Triple White in\u00e9dite et polyvalente.<\/p>\n<p>\u2026 \u00c2ge\u00a0: Adultes<br \/>\nCouleur\u00a0: Blanc\/Noir<br \/>\nGenre\u00a0: Homme<\/p>\n","protected":false},"excerpt":{"rendered":"<p>D\u00e9couvrez la Air Jordan 1 Low Triple White\u00a0: un mod\u00e8le \u00e9pur\u00e9 et classique sign\u00e9 Jordan. Cette sneaker iconique arbore une \u00e9l\u00e9gante couleur blanche et s\u2019accorde avec toutes vos tenues. Profitez du confort et du style de la Air Jordan 1, d\u00e9sormais disponible dans une version Triple White in\u00e9dite et polyvalente. \u2026 \u00c2ge\u00a0: Adultes Couleur\u00a0: Blanc\/Noir [&hellip;]<\/p>\n","protected":false},"featured_media":768326,"comment_status":"open","ping_status":"closed","template":"","meta":[],"product_brand":[],"product_cat":[38880],"product_tag":[10750,38841,38842,10776,38875,10777,10756],"class_list":{"0":"post-768325","1":"product","2":"type-product","3":"status-publish","4":"has-post-thumbnail","6":"product_cat-jordan","7":"product_tag-athleisure-shoes","8":"product_tag-casual-shoes","9":"product_tag-gift-idea-for-him","10":"product_tag-jordan","11":"product_tag-jordan-skateboard-shoes","12":"product_tag-lifestyle-shoes-basketball-inspired","13":"product_tag-retro-casual-shoes","15":"first","16":"instock","17":"taxable","18":"shipping-taxable","19":"purchasable","20":"product-type-simple"},"wcpa_form_fields":null,"yoast_head":"<!-- This site is optimized with the Yoast SEO plugin v26.5 - https:\/\/yoast.com\/wordpress\/plugins\/seo\/ -->\n<title>Air Jordan 1 Low &#039;Triple White&#039; 553558-112 - TOURCRUISER PTE. LTD<\/title>\n<meta name=\"robots\" content=\"index, follow, max-snippet:-1, max-image-preview:large, max-video-preview:-1\" \/>\n<link rel=\"canonical\" href=\"https:\/\/tourcruiser.com\/fr\/products\/air-jordan-1-low-triple-white-553558-112\/\" \/>\n<meta property=\"og:locale\" content=\"fr_FR\" \/>\n<meta property=\"og:type\" content=\"article\" \/>\n<meta property=\"og:title\" content=\"Air Jordan 1 Low &#039;Triple White&#039; 553558-112 - TOURCRUISER PTE. LTD\" \/>\n<meta property=\"og:description\" content=\"D\u00e9couvrez la Air Jordan 1 Low Triple White\u00a0: un mod\u00e8le \u00e9pur\u00e9 et classique sign\u00e9 Jordan. Cette sneaker iconique arbore une \u00e9l\u00e9gante couleur blanche et s\u2019accorde avec toutes vos tenues. Profitez du confort et du style de la Air Jordan 1, d\u00e9sormais disponible dans une version Triple White in\u00e9dite et polyvalente. \u2026 \u00c2ge\u00a0: Adultes Couleur\u00a0: Blanc\/Noir [&hellip;]\" \/>\n<meta property=\"og:url\" content=\"https:\/\/tourcruiser.com\/fr\/products\/air-jordan-1-low-triple-white-553558-112\/\" \/>\n<meta property=\"og:site_name\" content=\"Tourcruiser Sneaker Store\" \/>\n<meta property=\"article:modified_time\" content=\"2026-04-17T16:01:05+00:00\" \/>\n<meta name=\"twitter:card\" content=\"summary_large_image\" \/>\n<meta name=\"twitter:image\" content=\"https:\/\/images.novelship.com\/product\/1683747412870_AirJordan10.jpeg;https:\/\/images.novelship.com\/product\/1683747412870_AirJordan11.jpeg;https:\/\/images.novelship.com\/product\/1683747412870_AirJordan12.jpeg;https:\/\/images.novelship.com\/product\/1683747412870_AirJordan13.jpeg;https:\/\/images.novelship.com\/product\/1683747412870_AirJordan14.jpeg;https:\/\/images.novelship.com\/product\/1683747412870_AirJordan15.jpeg;https:\/\/images.novelship.com\/product\/1683747412871_AirJordan16.jpeg;https:\/\/images.novelship.com\/product\/1683747412871_AirJordan17.jpeg\" \/>\n<script type=\"application\/ld+json\" class=\"yoast-schema-graph\">{\"@context\":\"https:\/\/schema.org\",\"@graph\":[{\"@type\":\"WebPage\",\"@id\":\"https:\/\/tourcruiser.com\/fr\/products\/air-jordan-1-low-triple-white-553558-112\/\",\"url\":\"https:\/\/tourcruiser.com\/fr\/products\/air-jordan-1-low-triple-white-553558-112\/\",\"name\":\"Air Jordan 1 Low 'Triple White' 553558-112 - TOURCRUISER PTE. LTD\",\"isPartOf\":{\"@id\":\"\/#website\"},\"primaryImageOfPage\":{\"@id\":\"https:\/\/tourcruiser.com\/fr\/products\/air-jordan-1-low-triple-white-553558-112\/#primaryimage\"},\"image\":{\"@id\":\"https:\/\/tourcruiser.com\/fr\/products\/air-jordan-1-low-triple-white-553558-112\/#primaryimage\"},\"thumbnailUrl\":\"https:\/\/images.novelship.com\/product\/1683747412870_AirJordan10.jpeg;https:\/\/images.novelship.com\/product\/1683747412870_AirJordan11.jpeg;https:\/\/images.novelship.com\/product\/1683747412870_AirJordan12.jpeg;https:\/\/images.novelship.com\/product\/1683747412870_AirJordan13.jpeg;https:\/\/images.novelship.com\/product\/1683747412870_AirJordan14.jpeg;https:\/\/images.novelship.com\/product\/1683747412870_AirJordan15.jpeg;https:\/\/images.novelship.com\/product\/1683747412871_AirJordan16.jpeg;https:\/\/images.novelship.com\/product\/1683747412871_AirJordan17.jpeg\",\"datePublished\":\"2026-04-16T10:13:06+00:00\",\"dateModified\":\"2026-04-17T16:01:05+00:00\",\"breadcrumb\":{\"@id\":\"https:\/\/tourcruiser.com\/fr\/products\/air-jordan-1-low-triple-white-553558-112\/#breadcrumb\"},\"inLanguage\":\"fr-FR\",\"potentialAction\":[{\"@type\":\"ReadAction\",\"target\":[\"https:\/\/tourcruiser.com\/fr\/products\/air-jordan-1-low-triple-white-553558-112\/\"]}]},{\"@type\":\"ImageObject\",\"inLanguage\":\"fr-FR\",\"@id\":\"https:\/\/tourcruiser.com\/fr\/products\/air-jordan-1-low-triple-white-553558-112\/#primaryimage\",\"url\":\"https:\/\/images.novelship.com\/product\/1683747412870_AirJordan10.jpeg;https:\/\/images.novelship.com\/product\/1683747412870_AirJordan11.jpeg;https:\/\/images.novelship.com\/product\/1683747412870_AirJordan12.jpeg;https:\/\/images.novelship.com\/product\/1683747412870_AirJordan13.jpeg;https:\/\/images.novelship.com\/product\/1683747412870_AirJordan14.jpeg;https:\/\/images.novelship.com\/product\/1683747412870_AirJordan15.jpeg;https:\/\/images.novelship.com\/product\/1683747412871_AirJordan16.jpeg;https:\/\/images.novelship.com\/product\/1683747412871_AirJordan17.jpeg\",\"contentUrl\":\"https:\/\/images.novelship.com\/product\/1683747412870_AirJordan10.jpeg;https:\/\/images.novelship.com\/product\/1683747412870_AirJordan11.jpeg;https:\/\/images.novelship.com\/product\/1683747412870_AirJordan12.jpeg;https:\/\/images.novelship.com\/product\/1683747412870_AirJordan13.jpeg;https:\/\/images.novelship.com\/product\/1683747412870_AirJordan14.jpeg;https:\/\/images.novelship.com\/product\/1683747412870_AirJordan15.jpeg;https:\/\/images.novelship.com\/product\/1683747412871_AirJordan16.jpeg;https:\/\/images.novelship.com\/product\/1683747412871_AirJordan17.jpeg\"},{\"@type\":\"BreadcrumbList\",\"@id\":\"https:\/\/tourcruiser.com\/fr\/products\/air-jordan-1-low-triple-white-553558-112\/#breadcrumb\",\"itemListElement\":[{\"@type\":\"ListItem\",\"position\":1,\"name\":\"Home\",\"item\":\"https:\/\/tourcruiser.com\/fr\/\"},{\"@type\":\"ListItem\",\"position\":2,\"name\":\"Shop\",\"item\":\"https:\/\/tourcruiser.com\/fr\/shop\/\"},{\"@type\":\"ListItem\",\"position\":3,\"name\":\"Air Jordan 1 Low &#8216;Triple White&#8217; 553558-112\"}]},{\"@type\":\"WebSite\",\"@id\":\"\/#website\",\"url\":\"\/\",\"name\":\"Styloral Jewelry Shop\",\"description\":\"Tourcruiser Sneaker Store \u2014 L\u2019endroit o\u00f9 l\u2019univers rencontre votre singularit\u00e9.\",\"publisher\":{\"@id\":\"\/#organization\"},\"potentialAction\":[{\"@type\":\"SearchAction\",\"target\":{\"@type\":\"EntryPoint\",\"urlTemplate\":\"\/?s={search_term_string}\"},\"query-input\":{\"@type\":\"PropertyValueSpecification\",\"valueRequired\":true,\"valueName\":\"search_term_string\"}}],\"inLanguage\":\"fr-FR\"},{\"@type\":\"Organization\",\"@id\":\"\/#organization\",\"name\":\"STYLORAL PTE. LTD\",\"url\":\"\/\",\"logo\":{\"@type\":\"ImageObject\",\"inLanguage\":\"fr-FR\",\"@id\":\"\/#\/schema\/logo\/image\/\",\"url\":\"https:\/\/www.tourcruiser.com\/wp-content\/uploads\/2025\/12\/logo.png\",\"contentUrl\":\"https:\/\/www.tourcruiser.com\/wp-content\/uploads\/2025\/12\/logo.png\",\"width\":200,\"height\":65,\"caption\":\"STYLORAL PTE. LTD\"},\"image\":{\"@id\":\"\/#\/schema\/logo\/image\/\"}}]}<\/script>\n<!-- \/ Yoast SEO plugin. -->","yoast_head_json":{"title":"Air Jordan 1 Low 'Triple White' 553558-112 - TOURCRUISER PTE. LTD","robots":{"index":"index","follow":"follow","max-snippet":"max-snippet:-1","max-image-preview":"max-image-preview:large","max-video-preview":"max-video-preview:-1"},"canonical":"https:\/\/tourcruiser.com\/fr\/products\/air-jordan-1-low-triple-white-553558-112\/","og_locale":"fr_FR","og_type":"article","og_title":"Air Jordan 1 Low 'Triple White' 553558-112 - TOURCRUISER PTE. LTD","og_description":"D\u00e9couvrez la Air Jordan 1 Low Triple White\u00a0: un mod\u00e8le \u00e9pur\u00e9 et classique sign\u00e9 Jordan. Cette sneaker iconique arbore une \u00e9l\u00e9gante couleur blanche et s\u2019accorde avec toutes vos tenues. Profitez du confort et du style de la Air Jordan 1, d\u00e9sormais disponible dans une version Triple White in\u00e9dite et polyvalente. \u2026 \u00c2ge\u00a0: Adultes Couleur\u00a0: Blanc\/Noir [&hellip;]","og_url":"https:\/\/tourcruiser.com\/fr\/products\/air-jordan-1-low-triple-white-553558-112\/","og_site_name":"Tourcruiser Sneaker Store","article_modified_time":"2026-04-17T16:01:05+00:00","twitter_card":"summary_large_image","twitter_image":"https:\/\/images.novelship.com\/product\/1683747412870_AirJordan10.jpeg;https:\/\/images.novelship.com\/product\/1683747412870_AirJordan11.jpeg;https:\/\/images.novelship.com\/product\/1683747412870_AirJordan12.jpeg;https:\/\/images.novelship.com\/product\/1683747412870_AirJordan13.jpeg;https:\/\/images.novelship.com\/product\/1683747412870_AirJordan14.jpeg;https:\/\/images.novelship.com\/product\/1683747412870_AirJordan15.jpeg;https:\/\/images.novelship.com\/product\/1683747412871_AirJordan16.jpeg;https:\/\/images.novelship.com\/product\/1683747412871_AirJordan17.jpeg","schema":{"@context":"https:\/\/schema.org","@graph":[{"@type":"WebPage","@id":"https:\/\/tourcruiser.com\/fr\/products\/air-jordan-1-low-triple-white-553558-112\/","url":"https:\/\/tourcruiser.com\/fr\/products\/air-jordan-1-low-triple-white-553558-112\/","name":"Air Jordan 1 Low 'Triple White' 553558-112 - TOURCRUISER PTE. LTD","isPartOf":{"@id":"\/#website"},"primaryImageOfPage":{"@id":"https:\/\/tourcruiser.com\/fr\/products\/air-jordan-1-low-triple-white-553558-112\/#primaryimage"},"image":{"@id":"https:\/\/tourcruiser.com\/fr\/products\/air-jordan-1-low-triple-white-553558-112\/#primaryimage"},"thumbnailUrl":"https:\/\/images.novelship.com\/product\/1683747412870_AirJordan10.jpeg;https:\/\/images.novelship.com\/product\/1683747412870_AirJordan11.jpeg;https:\/\/images.novelship.com\/product\/1683747412870_AirJordan12.jpeg;https:\/\/images.novelship.com\/product\/1683747412870_AirJordan13.jpeg;https:\/\/images.novelship.com\/product\/1683747412870_AirJordan14.jpeg;https:\/\/images.novelship.com\/product\/1683747412870_AirJordan15.jpeg;https:\/\/images.novelship.com\/product\/1683747412871_AirJordan16.jpeg;https:\/\/images.novelship.com\/product\/1683747412871_AirJordan17.jpeg","datePublished":"2026-04-16T10:13:06+00:00","dateModified":"2026-04-17T16:01:05+00:00","breadcrumb":{"@id":"https:\/\/tourcruiser.com\/fr\/products\/air-jordan-1-low-triple-white-553558-112\/#breadcrumb"},"inLanguage":"fr-FR","potentialAction":[{"@type":"ReadAction","target":["https:\/\/tourcruiser.com\/fr\/products\/air-jordan-1-low-triple-white-553558-112\/"]}]},{"@type":"ImageObject","inLanguage":"fr-FR","@id":"https:\/\/tourcruiser.com\/fr\/products\/air-jordan-1-low-triple-white-553558-112\/#primaryimage","url":"https:\/\/images.novelship.com\/product\/1683747412870_AirJordan10.jpeg;https:\/\/images.novelship.com\/product\/1683747412870_AirJordan11.jpeg;https:\/\/images.novelship.com\/product\/1683747412870_AirJordan12.jpeg;https:\/\/images.novelship.com\/product\/1683747412870_AirJordan13.jpeg;https:\/\/images.novelship.com\/product\/1683747412870_AirJordan14.jpeg;https:\/\/images.novelship.com\/product\/1683747412870_AirJordan15.jpeg;https:\/\/images.novelship.com\/product\/1683747412871_AirJordan16.jpeg;https:\/\/images.novelship.com\/product\/1683747412871_AirJordan17.jpeg","contentUrl":"https:\/\/images.novelship.com\/product\/1683747412870_AirJordan10.jpeg;https:\/\/images.novelship.com\/product\/1683747412870_AirJordan11.jpeg;https:\/\/images.novelship.com\/product\/1683747412870_AirJordan12.jpeg;https:\/\/images.novelship.com\/product\/1683747412870_AirJordan13.jpeg;https:\/\/images.novelship.com\/product\/1683747412870_AirJordan14.jpeg;https:\/\/images.novelship.com\/product\/1683747412870_AirJordan15.jpeg;https:\/\/images.novelship.com\/product\/1683747412871_AirJordan16.jpeg;https:\/\/images.novelship.com\/product\/1683747412871_AirJordan17.jpeg"},{"@type":"BreadcrumbList","@id":"https:\/\/tourcruiser.com\/fr\/products\/air-jordan-1-low-triple-white-553558-112\/#breadcrumb","itemListElement":[{"@type":"ListItem","position":1,"name":"Home","item":"https:\/\/tourcruiser.com\/fr\/"},{"@type":"ListItem","position":2,"name":"Shop","item":"https:\/\/tourcruiser.com\/fr\/shop\/"},{"@type":"ListItem","position":3,"name":"Air Jordan 1 Low &#8216;Triple White&#8217; 553558-112"}]},{"@type":"WebSite","@id":"\/#website","url":"\/","name":"Styloral Jewelry Shop","description":"Tourcruiser Sneaker Store \u2014 L\u2019endroit o\u00f9 l\u2019univers rencontre votre singularit\u00e9.","publisher":{"@id":"\/#organization"},"potentialAction":[{"@type":"SearchAction","target":{"@type":"EntryPoint","urlTemplate":"\/?s={search_term_string}"},"query-input":{"@type":"PropertyValueSpecification","valueRequired":true,"valueName":"search_term_string"}}],"inLanguage":"fr-FR"},{"@type":"Organization","@id":"\/#organization","name":"STYLORAL PTE. LTD","url":"\/","logo":{"@type":"ImageObject","inLanguage":"fr-FR","@id":"\/#\/schema\/logo\/image\/","url":"https:\/\/www.tourcruiser.com\/wp-content\/uploads\/2025\/12\/logo.png","contentUrl":"https:\/\/www.tourcruiser.com\/wp-content\/uploads\/2025\/12\/logo.png","width":200,"height":65,"caption":"STYLORAL PTE. LTD"},"image":{"@id":"\/#\/schema\/logo\/image\/"}}]}},"_links":{"self":[{"href":"https:\/\/tourcruiser.com\/fr\/wp-json\/wp\/v2\/product\/768325","targetHints":{"allow":["GET"]}}],"collection":[{"href":"https:\/\/tourcruiser.com\/fr\/wp-json\/wp\/v2\/product"}],"about":[{"href":"https:\/\/tourcruiser.com\/fr\/wp-json\/wp\/v2\/types\/product"}],"replies":[{"embeddable":true,"href":"https:\/\/tourcruiser.com\/fr\/wp-json\/wp\/v2\/comments?post=768325"}],"wp:featuredmedia":[{"embeddable":true,"href":"https:\/\/tourcruiser.com\/fr\/wp-json\/wp\/v2\/media\/768326"}],"wp:attachment":[{"href":"https:\/\/tourcruiser.com\/fr\/wp-json\/wp\/v2\/media?parent=768325"}],"wp:term":[{"taxonomy":"product_brand","embeddable":true,"href":"https:\/\/tourcruiser.com\/fr\/wp-json\/wp\/v2\/product_brand?post=768325"},{"taxonomy":"product_cat","embeddable":true,"href":"https:\/\/tourcruiser.com\/fr\/wp-json\/wp\/v2\/product_cat?post=768325"},{"taxonomy":"product_tag","embeddable":true,"href":"https:\/\/tourcruiser.com\/fr\/wp-json\/wp\/v2\/product_tag?post=768325"}],"curies":[{"name":"wp","href":"https:\/\/api.w.org\/{rel}","templated":true}]}}