{"id":768319,"date":"2026-04-16T17:13:06","date_gmt":"2026-04-16T10:13:06","guid":{"rendered":"http:\/\/tourcruiser.com\/product\/grade-school-air-jordan-1-low-flaming-swoosh-fj7222-101"},"modified":"2026-04-17T23:01:04","modified_gmt":"2026-04-17T16:01:04","slug":"grade-school-air-jordan-1-low-flaming-swoosh-fj7222-101","status":"publish","type":"product","link":"https:\/\/tourcruiser.com\/fr\/products\/grade-school-air-jordan-1-low-flaming-swoosh-fj7222-101\/","title":{"rendered":"(Grade School) Air Jordan 1 Low &lsquo;Flaming Swoosh&rsquo; FJ7222-101"},"content":{"rendered":"<p>La Air Jordan 1 Low Flaming Swoosh (GS) de Jordan est un incontournable pour les jeunes soucieux de leur style. Avec son design multicolore et dynamique et son Swoosh enflamm\u00e9 embl\u00e9matique, cette sneaker est id\u00e9ale pour affirmer sa personnalit\u00e9. Rehaussez votre style avec ces chaussures qui ne passent pas inaper\u00e7ues.<\/p>\n<p>Coloris\u00a0: Blanc, Noir\/Blanc, Rouge Gym, Orange Team<\/p>\n<p>Code article\u00a0: FJ7222-101<\/p>\n<p>Mati\u00e8re ext\u00e9rieure\u00a0: Cuir<\/p>\n<p>Couleur\u00a0: Blanc<\/p>\n<p>\u00c2ge\u00a0: Adulte<\/p>\n<p>Couleur\u00a0: Blanc<\/p>\n<p>Genre\u00a0: Jeune<\/p>\n","protected":false},"excerpt":{"rendered":"<p>La Air Jordan 1 Low Flaming Swoosh (GS) de Jordan est un incontournable pour les jeunes soucieux de leur style. Avec son design multicolore et dynamique et son Swoosh enflamm\u00e9 embl\u00e9matique, cette sneaker est id\u00e9ale pour affirmer sa personnalit\u00e9. Rehaussez votre style avec ces chaussures qui ne passent pas inaper\u00e7ues. Coloris\u00a0: Blanc, Noir\/Blanc, Rouge Gym, [&hellip;]<\/p>\n","protected":false},"featured_media":768320,"comment_status":"open","ping_status":"closed","template":"","meta":[],"product_brand":[],"product_cat":[38880],"product_tag":[10750,38988,38874,10776,11349,38875,10756,39039],"class_list":{"0":"post-768319","1":"product","2":"type-product","3":"status-publish","4":"has-post-thumbnail","6":"product_cat-jordan","7":"product_tag-athleisure-shoes","8":"product_tag-casual-shoes-for-kids","9":"product_tag-hari-raya-gs","10":"product_tag-jordan","11":"product_tag-jordan-basketball-shoes","12":"product_tag-jordan-skateboard-shoes","13":"product_tag-retro-casual-shoes","14":"product_tag-sneakers-for-kids","16":"first","17":"instock","18":"taxable","19":"shipping-taxable","20":"purchasable","21":"product-type-simple"},"wcpa_form_fields":null,"yoast_head":"<!-- This site is optimized with the Yoast SEO plugin v26.5 - https:\/\/yoast.com\/wordpress\/plugins\/seo\/ -->\n<title>(Grade School) Air Jordan 1 Low &#039;Flaming Swoosh&#039; FJ7222-101 - TOURCRUISER PTE. LTD<\/title>\n<meta name=\"robots\" content=\"index, follow, max-snippet:-1, max-image-preview:large, max-video-preview:-1\" \/>\n<link rel=\"canonical\" href=\"https:\/\/tourcruiser.com\/fr\/products\/grade-school-air-jordan-1-low-flaming-swoosh-fj7222-101\/\" \/>\n<meta property=\"og:locale\" content=\"fr_FR\" \/>\n<meta property=\"og:type\" content=\"article\" \/>\n<meta property=\"og:title\" content=\"(Grade School) Air Jordan 1 Low &#039;Flaming Swoosh&#039; FJ7222-101 - TOURCRUISER PTE. LTD\" \/>\n<meta property=\"og:description\" content=\"La Air Jordan 1 Low Flaming Swoosh (GS) de Jordan est un incontournable pour les jeunes soucieux de leur style. Avec son design multicolore et dynamique et son Swoosh enflamm\u00e9 embl\u00e9matique, cette sneaker est id\u00e9ale pour affirmer sa personnalit\u00e9. Rehaussez votre style avec ces chaussures qui ne passent pas inaper\u00e7ues. Coloris\u00a0: Blanc, Noir\/Blanc, Rouge Gym, [&hellip;]\" \/>\n<meta property=\"og:url\" content=\"https:\/\/tourcruiser.com\/fr\/products\/grade-school-air-jordan-1-low-flaming-swoosh-fj7222-101\/\" \/>\n<meta property=\"og:site_name\" content=\"Tourcruiser Sneaker Store\" \/>\n<meta property=\"article:modified_time\" content=\"2026-04-17T16:01:04+00:00\" \/>\n<meta name=\"twitter:card\" content=\"summary_large_image\" \/>\n<meta name=\"twitter:image\" content=\"https:\/\/images.novelship.com\/product\/_grade_school__air_jordan_1_low__flaming_swoosh__f_0_56679.octet-stream;https:\/\/images.novelship.com\/product\/_grade_school__air_jordan_1_low__flaming_swoosh__f_1_56679.octet-stream;https:\/\/images.novelship.com\/product\/_grade_school__air_jordan_1_low__flaming_swoosh__f_2_56679.octet-stream;https:\/\/images.novelship.com\/product\/_grade_school__air_jordan_1_low__flaming_swoosh__f_3_56679.octet-stream;https:\/\/images.novelship.com\/product\/_grade_school__air_jordan_1_low__flaming_swoosh__f_4_56679.octet-stream\" \/>\n<script type=\"application\/ld+json\" class=\"yoast-schema-graph\">{\"@context\":\"https:\/\/schema.org\",\"@graph\":[{\"@type\":\"WebPage\",\"@id\":\"https:\/\/tourcruiser.com\/fr\/products\/grade-school-air-jordan-1-low-flaming-swoosh-fj7222-101\/\",\"url\":\"https:\/\/tourcruiser.com\/fr\/products\/grade-school-air-jordan-1-low-flaming-swoosh-fj7222-101\/\",\"name\":\"(Grade School) Air Jordan 1 Low 'Flaming Swoosh' FJ7222-101 - TOURCRUISER PTE. LTD\",\"isPartOf\":{\"@id\":\"\/#website\"},\"primaryImageOfPage\":{\"@id\":\"https:\/\/tourcruiser.com\/fr\/products\/grade-school-air-jordan-1-low-flaming-swoosh-fj7222-101\/#primaryimage\"},\"image\":{\"@id\":\"https:\/\/tourcruiser.com\/fr\/products\/grade-school-air-jordan-1-low-flaming-swoosh-fj7222-101\/#primaryimage\"},\"thumbnailUrl\":\"https:\/\/images.novelship.com\/product\/_grade_school__air_jordan_1_low__flaming_swoosh__f_0_56679.octet-stream;https:\/\/images.novelship.com\/product\/_grade_school__air_jordan_1_low__flaming_swoosh__f_1_56679.octet-stream;https:\/\/images.novelship.com\/product\/_grade_school__air_jordan_1_low__flaming_swoosh__f_2_56679.octet-stream;https:\/\/images.novelship.com\/product\/_grade_school__air_jordan_1_low__flaming_swoosh__f_3_56679.octet-stream;https:\/\/images.novelship.com\/product\/_grade_school__air_jordan_1_low__flaming_swoosh__f_4_56679.octet-stream\",\"datePublished\":\"2026-04-16T10:13:06+00:00\",\"dateModified\":\"2026-04-17T16:01:04+00:00\",\"breadcrumb\":{\"@id\":\"https:\/\/tourcruiser.com\/fr\/products\/grade-school-air-jordan-1-low-flaming-swoosh-fj7222-101\/#breadcrumb\"},\"inLanguage\":\"fr-FR\",\"potentialAction\":[{\"@type\":\"ReadAction\",\"target\":[\"https:\/\/tourcruiser.com\/fr\/products\/grade-school-air-jordan-1-low-flaming-swoosh-fj7222-101\/\"]}]},{\"@type\":\"ImageObject\",\"inLanguage\":\"fr-FR\",\"@id\":\"https:\/\/tourcruiser.com\/fr\/products\/grade-school-air-jordan-1-low-flaming-swoosh-fj7222-101\/#primaryimage\",\"url\":\"https:\/\/images.novelship.com\/product\/_grade_school__air_jordan_1_low__flaming_swoosh__f_0_56679.octet-stream;https:\/\/images.novelship.com\/product\/_grade_school__air_jordan_1_low__flaming_swoosh__f_1_56679.octet-stream;https:\/\/images.novelship.com\/product\/_grade_school__air_jordan_1_low__flaming_swoosh__f_2_56679.octet-stream;https:\/\/images.novelship.com\/product\/_grade_school__air_jordan_1_low__flaming_swoosh__f_3_56679.octet-stream;https:\/\/images.novelship.com\/product\/_grade_school__air_jordan_1_low__flaming_swoosh__f_4_56679.octet-stream\",\"contentUrl\":\"https:\/\/images.novelship.com\/product\/_grade_school__air_jordan_1_low__flaming_swoosh__f_0_56679.octet-stream;https:\/\/images.novelship.com\/product\/_grade_school__air_jordan_1_low__flaming_swoosh__f_1_56679.octet-stream;https:\/\/images.novelship.com\/product\/_grade_school__air_jordan_1_low__flaming_swoosh__f_2_56679.octet-stream;https:\/\/images.novelship.com\/product\/_grade_school__air_jordan_1_low__flaming_swoosh__f_3_56679.octet-stream;https:\/\/images.novelship.com\/product\/_grade_school__air_jordan_1_low__flaming_swoosh__f_4_56679.octet-stream\"},{\"@type\":\"BreadcrumbList\",\"@id\":\"https:\/\/tourcruiser.com\/fr\/products\/grade-school-air-jordan-1-low-flaming-swoosh-fj7222-101\/#breadcrumb\",\"itemListElement\":[{\"@type\":\"ListItem\",\"position\":1,\"name\":\"Home\",\"item\":\"https:\/\/tourcruiser.com\/fr\/\"},{\"@type\":\"ListItem\",\"position\":2,\"name\":\"Shop\",\"item\":\"https:\/\/tourcruiser.com\/fr\/shop\/\"},{\"@type\":\"ListItem\",\"position\":3,\"name\":\"(Grade School) Air Jordan 1 Low &#8216;Flaming Swoosh&#8217; FJ7222-101\"}]},{\"@type\":\"WebSite\",\"@id\":\"\/#website\",\"url\":\"\/\",\"name\":\"Styloral Jewelry Shop\",\"description\":\"Tourcruiser Sneaker Store \u2014 L\u2019endroit o\u00f9 l\u2019univers rencontre votre singularit\u00e9.\",\"publisher\":{\"@id\":\"\/#organization\"},\"potentialAction\":[{\"@type\":\"SearchAction\",\"target\":{\"@type\":\"EntryPoint\",\"urlTemplate\":\"\/?s={search_term_string}\"},\"query-input\":{\"@type\":\"PropertyValueSpecification\",\"valueRequired\":true,\"valueName\":\"search_term_string\"}}],\"inLanguage\":\"fr-FR\"},{\"@type\":\"Organization\",\"@id\":\"\/#organization\",\"name\":\"STYLORAL PTE. LTD\",\"url\":\"\/\",\"logo\":{\"@type\":\"ImageObject\",\"inLanguage\":\"fr-FR\",\"@id\":\"\/#\/schema\/logo\/image\/\",\"url\":\"https:\/\/www.tourcruiser.com\/wp-content\/uploads\/2025\/12\/logo.png\",\"contentUrl\":\"https:\/\/www.tourcruiser.com\/wp-content\/uploads\/2025\/12\/logo.png\",\"width\":200,\"height\":65,\"caption\":\"STYLORAL PTE. LTD\"},\"image\":{\"@id\":\"\/#\/schema\/logo\/image\/\"}}]}<\/script>\n<!-- \/ Yoast SEO plugin. -->","yoast_head_json":{"title":"(Grade School) Air Jordan 1 Low 'Flaming Swoosh' FJ7222-101 - TOURCRUISER PTE. LTD","robots":{"index":"index","follow":"follow","max-snippet":"max-snippet:-1","max-image-preview":"max-image-preview:large","max-video-preview":"max-video-preview:-1"},"canonical":"https:\/\/tourcruiser.com\/fr\/products\/grade-school-air-jordan-1-low-flaming-swoosh-fj7222-101\/","og_locale":"fr_FR","og_type":"article","og_title":"(Grade School) Air Jordan 1 Low 'Flaming Swoosh' FJ7222-101 - TOURCRUISER PTE. LTD","og_description":"La Air Jordan 1 Low Flaming Swoosh (GS) de Jordan est un incontournable pour les jeunes soucieux de leur style. Avec son design multicolore et dynamique et son Swoosh enflamm\u00e9 embl\u00e9matique, cette sneaker est id\u00e9ale pour affirmer sa personnalit\u00e9. Rehaussez votre style avec ces chaussures qui ne passent pas inaper\u00e7ues. Coloris\u00a0: Blanc, Noir\/Blanc, Rouge Gym, [&hellip;]","og_url":"https:\/\/tourcruiser.com\/fr\/products\/grade-school-air-jordan-1-low-flaming-swoosh-fj7222-101\/","og_site_name":"Tourcruiser Sneaker Store","article_modified_time":"2026-04-17T16:01:04+00:00","twitter_card":"summary_large_image","twitter_image":"https:\/\/images.novelship.com\/product\/_grade_school__air_jordan_1_low__flaming_swoosh__f_0_56679.octet-stream;https:\/\/images.novelship.com\/product\/_grade_school__air_jordan_1_low__flaming_swoosh__f_1_56679.octet-stream;https:\/\/images.novelship.com\/product\/_grade_school__air_jordan_1_low__flaming_swoosh__f_2_56679.octet-stream;https:\/\/images.novelship.com\/product\/_grade_school__air_jordan_1_low__flaming_swoosh__f_3_56679.octet-stream;https:\/\/images.novelship.com\/product\/_grade_school__air_jordan_1_low__flaming_swoosh__f_4_56679.octet-stream","schema":{"@context":"https:\/\/schema.org","@graph":[{"@type":"WebPage","@id":"https:\/\/tourcruiser.com\/fr\/products\/grade-school-air-jordan-1-low-flaming-swoosh-fj7222-101\/","url":"https:\/\/tourcruiser.com\/fr\/products\/grade-school-air-jordan-1-low-flaming-swoosh-fj7222-101\/","name":"(Grade School) Air Jordan 1 Low 'Flaming Swoosh' FJ7222-101 - TOURCRUISER PTE. LTD","isPartOf":{"@id":"\/#website"},"primaryImageOfPage":{"@id":"https:\/\/tourcruiser.com\/fr\/products\/grade-school-air-jordan-1-low-flaming-swoosh-fj7222-101\/#primaryimage"},"image":{"@id":"https:\/\/tourcruiser.com\/fr\/products\/grade-school-air-jordan-1-low-flaming-swoosh-fj7222-101\/#primaryimage"},"thumbnailUrl":"https:\/\/images.novelship.com\/product\/_grade_school__air_jordan_1_low__flaming_swoosh__f_0_56679.octet-stream;https:\/\/images.novelship.com\/product\/_grade_school__air_jordan_1_low__flaming_swoosh__f_1_56679.octet-stream;https:\/\/images.novelship.com\/product\/_grade_school__air_jordan_1_low__flaming_swoosh__f_2_56679.octet-stream;https:\/\/images.novelship.com\/product\/_grade_school__air_jordan_1_low__flaming_swoosh__f_3_56679.octet-stream;https:\/\/images.novelship.com\/product\/_grade_school__air_jordan_1_low__flaming_swoosh__f_4_56679.octet-stream","datePublished":"2026-04-16T10:13:06+00:00","dateModified":"2026-04-17T16:01:04+00:00","breadcrumb":{"@id":"https:\/\/tourcruiser.com\/fr\/products\/grade-school-air-jordan-1-low-flaming-swoosh-fj7222-101\/#breadcrumb"},"inLanguage":"fr-FR","potentialAction":[{"@type":"ReadAction","target":["https:\/\/tourcruiser.com\/fr\/products\/grade-school-air-jordan-1-low-flaming-swoosh-fj7222-101\/"]}]},{"@type":"ImageObject","inLanguage":"fr-FR","@id":"https:\/\/tourcruiser.com\/fr\/products\/grade-school-air-jordan-1-low-flaming-swoosh-fj7222-101\/#primaryimage","url":"https:\/\/images.novelship.com\/product\/_grade_school__air_jordan_1_low__flaming_swoosh__f_0_56679.octet-stream;https:\/\/images.novelship.com\/product\/_grade_school__air_jordan_1_low__flaming_swoosh__f_1_56679.octet-stream;https:\/\/images.novelship.com\/product\/_grade_school__air_jordan_1_low__flaming_swoosh__f_2_56679.octet-stream;https:\/\/images.novelship.com\/product\/_grade_school__air_jordan_1_low__flaming_swoosh__f_3_56679.octet-stream;https:\/\/images.novelship.com\/product\/_grade_school__air_jordan_1_low__flaming_swoosh__f_4_56679.octet-stream","contentUrl":"https:\/\/images.novelship.com\/product\/_grade_school__air_jordan_1_low__flaming_swoosh__f_0_56679.octet-stream;https:\/\/images.novelship.com\/product\/_grade_school__air_jordan_1_low__flaming_swoosh__f_1_56679.octet-stream;https:\/\/images.novelship.com\/product\/_grade_school__air_jordan_1_low__flaming_swoosh__f_2_56679.octet-stream;https:\/\/images.novelship.com\/product\/_grade_school__air_jordan_1_low__flaming_swoosh__f_3_56679.octet-stream;https:\/\/images.novelship.com\/product\/_grade_school__air_jordan_1_low__flaming_swoosh__f_4_56679.octet-stream"},{"@type":"BreadcrumbList","@id":"https:\/\/tourcruiser.com\/fr\/products\/grade-school-air-jordan-1-low-flaming-swoosh-fj7222-101\/#breadcrumb","itemListElement":[{"@type":"ListItem","position":1,"name":"Home","item":"https:\/\/tourcruiser.com\/fr\/"},{"@type":"ListItem","position":2,"name":"Shop","item":"https:\/\/tourcruiser.com\/fr\/shop\/"},{"@type":"ListItem","position":3,"name":"(Grade School) Air Jordan 1 Low &#8216;Flaming Swoosh&#8217; FJ7222-101"}]},{"@type":"WebSite","@id":"\/#website","url":"\/","name":"Styloral Jewelry Shop","description":"Tourcruiser Sneaker Store \u2014 L\u2019endroit o\u00f9 l\u2019univers rencontre votre singularit\u00e9.","publisher":{"@id":"\/#organization"},"potentialAction":[{"@type":"SearchAction","target":{"@type":"EntryPoint","urlTemplate":"\/?s={search_term_string}"},"query-input":{"@type":"PropertyValueSpecification","valueRequired":true,"valueName":"search_term_string"}}],"inLanguage":"fr-FR"},{"@type":"Organization","@id":"\/#organization","name":"STYLORAL PTE. LTD","url":"\/","logo":{"@type":"ImageObject","inLanguage":"fr-FR","@id":"\/#\/schema\/logo\/image\/","url":"https:\/\/www.tourcruiser.com\/wp-content\/uploads\/2025\/12\/logo.png","contentUrl":"https:\/\/www.tourcruiser.com\/wp-content\/uploads\/2025\/12\/logo.png","width":200,"height":65,"caption":"STYLORAL PTE. LTD"},"image":{"@id":"\/#\/schema\/logo\/image\/"}}]}},"_links":{"self":[{"href":"https:\/\/tourcruiser.com\/fr\/wp-json\/wp\/v2\/product\/768319","targetHints":{"allow":["GET"]}}],"collection":[{"href":"https:\/\/tourcruiser.com\/fr\/wp-json\/wp\/v2\/product"}],"about":[{"href":"https:\/\/tourcruiser.com\/fr\/wp-json\/wp\/v2\/types\/product"}],"replies":[{"embeddable":true,"href":"https:\/\/tourcruiser.com\/fr\/wp-json\/wp\/v2\/comments?post=768319"}],"wp:featuredmedia":[{"embeddable":true,"href":"https:\/\/tourcruiser.com\/fr\/wp-json\/wp\/v2\/media\/768320"}],"wp:attachment":[{"href":"https:\/\/tourcruiser.com\/fr\/wp-json\/wp\/v2\/media?parent=768319"}],"wp:term":[{"taxonomy":"product_brand","embeddable":true,"href":"https:\/\/tourcruiser.com\/fr\/wp-json\/wp\/v2\/product_brand?post=768319"},{"taxonomy":"product_cat","embeddable":true,"href":"https:\/\/tourcruiser.com\/fr\/wp-json\/wp\/v2\/product_cat?post=768319"},{"taxonomy":"product_tag","embeddable":true,"href":"https:\/\/tourcruiser.com\/fr\/wp-json\/wp\/v2\/product_tag?post=768319"}],"curies":[{"name":"wp","href":"https:\/\/api.w.org\/{rel}","templated":true}]}}