{"id":768295,"date":"2026-04-16T17:13:06","date_gmt":"2026-04-16T10:13:06","guid":{"rendered":"http:\/\/tourcruiser.com\/product\/air-jordan-3-retro-black-cat-136064-002"},"modified":"2026-04-17T21:55:40","modified_gmt":"2026-04-17T14:55:40","slug":"air-jordan-3-retro-black-cat-136064-002","status":"publish","type":"product","link":"https:\/\/tourcruiser.com\/fr\/products\/air-jordan-3-retro-black-cat-136064-002\/","title":{"rendered":"Air Jordan 3 Retro &lsquo;Black Cat&rsquo; 136064-002"},"content":{"rendered":"<p>Rehaussez votre style sneakers avec la Air Jordan 3 Retro Black Cat 136064-002. Ces sneakers Jordan l\u00e9gendaires impressionnent par leur \u00e9l\u00e9gante couleur noire, apportant une touche de style \u00e0 toutes vos tenues. Gr\u00e2ce \u00e0 leur silhouette classique et leurs mat\u00e9riaux haut de gamme, elles sont un incontournable pour tout passionn\u00e9 de sneakers.<\/p>\n<p>Coloris\u00a0: Noir\/Gris fonc\u00e9-Noir<\/p>\n<p>Code article\u00a0: 136064-002<\/p>\n<p>Tige\u00a0: Cuir synth\u00e9tique<\/p>\n<p>Semelle interm\u00e9diaire\u00a0: Air<\/p>\n<p>Couleur\u00a0: Noir<\/p>\n<p>Designer\u00a0: Tinker Hatfield<\/p>\n<p>Saison\u00a0: Toute l\u2019ann\u00e9e<\/p>\n<p>Ann\u00e9e de sortie\u00a0: 2007<\/p>\n<p>\u00c2ge\u00a0: Adulte<br \/>\nCouleur\u00a0: Blanc\/Gris fonc\u00e9-Noir<br \/>\nGenre\u00a0: Homme<\/p>\n","protected":false},"excerpt":{"rendered":"<p>Rehaussez votre style sneakers avec la Air Jordan 3 Retro Black Cat 136064-002. Ces sneakers Jordan l\u00e9gendaires impressionnent par leur \u00e9l\u00e9gante couleur noire, apportant une touche de style \u00e0 toutes vos tenues. Gr\u00e2ce \u00e0 leur silhouette classique et leurs mat\u00e9riaux haut de gamme, elles sont un incontournable pour tout passionn\u00e9 de sneakers. Coloris\u00a0: Noir\/Gris fonc\u00e9-Noir [&hellip;]<\/p>\n","protected":false},"featured_media":768296,"comment_status":"open","ping_status":"closed","template":"","meta":[],"product_brand":[],"product_cat":[38880],"product_tag":[10750,38841,38842,10776,11349,38875,38886,10756],"class_list":{"0":"post-768295","1":"product","2":"type-product","3":"status-publish","4":"has-post-thumbnail","6":"product_cat-jordan","7":"product_tag-athleisure-shoes","8":"product_tag-casual-shoes","9":"product_tag-gift-idea-for-him","10":"product_tag-jordan","11":"product_tag-jordan-basketball-shoes","12":"product_tag-jordan-skateboard-shoes","13":"product_tag-lifestyle-shoes-inspired-by-basketball","14":"product_tag-retro-casual-shoes","16":"first","17":"instock","18":"taxable","19":"shipping-taxable","20":"purchasable","21":"product-type-simple"},"wcpa_form_fields":null,"yoast_head":"<!-- This site is optimized with the Yoast SEO plugin v26.5 - https:\/\/yoast.com\/wordpress\/plugins\/seo\/ -->\n<title>Air Jordan 3 Retro &#039;Black Cat&#039; 136064-002 - TOURCRUISER PTE. LTD<\/title>\n<meta name=\"robots\" content=\"index, follow, max-snippet:-1, max-image-preview:large, max-video-preview:-1\" \/>\n<link rel=\"canonical\" href=\"https:\/\/tourcruiser.com\/fr\/products\/air-jordan-3-retro-black-cat-136064-002\/\" \/>\n<meta property=\"og:locale\" content=\"fr_FR\" \/>\n<meta property=\"og:type\" content=\"article\" \/>\n<meta property=\"og:title\" content=\"Air Jordan 3 Retro &#039;Black Cat&#039; 136064-002 - TOURCRUISER PTE. LTD\" \/>\n<meta property=\"og:description\" content=\"Rehaussez votre style sneakers avec la Air Jordan 3 Retro Black Cat 136064-002. Ces sneakers Jordan l\u00e9gendaires impressionnent par leur \u00e9l\u00e9gante couleur noire, apportant une touche de style \u00e0 toutes vos tenues. Gr\u00e2ce \u00e0 leur silhouette classique et leurs mat\u00e9riaux haut de gamme, elles sont un incontournable pour tout passionn\u00e9 de sneakers. Coloris\u00a0: Noir\/Gris fonc\u00e9-Noir [&hellip;]\" \/>\n<meta property=\"og:url\" content=\"https:\/\/tourcruiser.com\/fr\/products\/air-jordan-3-retro-black-cat-136064-002\/\" \/>\n<meta property=\"og:site_name\" content=\"Tourcruiser Sneaker Store\" \/>\n<meta property=\"article:modified_time\" content=\"2026-04-17T14:55:40+00:00\" \/>\n<meta name=\"twitter:card\" content=\"summary_large_image\" \/>\n<meta name=\"twitter:image\" content=\"https:\/\/images.novelship.com\/product\/air_jordan_3_retro__black_cat__136064_002_0_91186.jpeg;https:\/\/images.novelship.com\/product\/air_jordan_3_retro__black_cat__136064_002_1_91186.jpeg;https:\/\/images.novelship.com\/product\/air_jordan_3_retro__black_cat__136064_002_2_91186.jpeg;https:\/\/images.novelship.com\/product\/air_jordan_3_retro__black_cat__136064_002_3_91186.jpeg;https:\/\/images.novelship.com\/product\/air_jordan_3_retro__black_cat__136064_002_4_91186.jpeg;https:\/\/images.novelship.com\/product\/air_jordan_3_retro__black_cat__136064_002_5_91186.jpeg;https:\/\/images.novelship.com\/product\/air_jordan_3_retro__black_cat__136064_002_6_91186.jpeg;https:\/\/images.novelship.com\/product\/air_jordan_3_retro__black_cat__136064_002_7_91186.jpeg\" \/>\n<script type=\"application\/ld+json\" class=\"yoast-schema-graph\">{\"@context\":\"https:\/\/schema.org\",\"@graph\":[{\"@type\":\"WebPage\",\"@id\":\"https:\/\/tourcruiser.com\/fr\/products\/air-jordan-3-retro-black-cat-136064-002\/\",\"url\":\"https:\/\/tourcruiser.com\/fr\/products\/air-jordan-3-retro-black-cat-136064-002\/\",\"name\":\"Air Jordan 3 Retro 'Black Cat' 136064-002 - TOURCRUISER PTE. LTD\",\"isPartOf\":{\"@id\":\"\/#website\"},\"primaryImageOfPage\":{\"@id\":\"https:\/\/tourcruiser.com\/fr\/products\/air-jordan-3-retro-black-cat-136064-002\/#primaryimage\"},\"image\":{\"@id\":\"https:\/\/tourcruiser.com\/fr\/products\/air-jordan-3-retro-black-cat-136064-002\/#primaryimage\"},\"thumbnailUrl\":\"https:\/\/images.novelship.com\/product\/air_jordan_3_retro__black_cat__136064_002_0_91186.jpeg;https:\/\/images.novelship.com\/product\/air_jordan_3_retro__black_cat__136064_002_1_91186.jpeg;https:\/\/images.novelship.com\/product\/air_jordan_3_retro__black_cat__136064_002_2_91186.jpeg;https:\/\/images.novelship.com\/product\/air_jordan_3_retro__black_cat__136064_002_3_91186.jpeg;https:\/\/images.novelship.com\/product\/air_jordan_3_retro__black_cat__136064_002_4_91186.jpeg;https:\/\/images.novelship.com\/product\/air_jordan_3_retro__black_cat__136064_002_5_91186.jpeg;https:\/\/images.novelship.com\/product\/air_jordan_3_retro__black_cat__136064_002_6_91186.jpeg;https:\/\/images.novelship.com\/product\/air_jordan_3_retro__black_cat__136064_002_7_91186.jpeg\",\"datePublished\":\"2026-04-16T10:13:06+00:00\",\"dateModified\":\"2026-04-17T14:55:40+00:00\",\"breadcrumb\":{\"@id\":\"https:\/\/tourcruiser.com\/fr\/products\/air-jordan-3-retro-black-cat-136064-002\/#breadcrumb\"},\"inLanguage\":\"fr-FR\",\"potentialAction\":[{\"@type\":\"ReadAction\",\"target\":[\"https:\/\/tourcruiser.com\/fr\/products\/air-jordan-3-retro-black-cat-136064-002\/\"]}]},{\"@type\":\"ImageObject\",\"inLanguage\":\"fr-FR\",\"@id\":\"https:\/\/tourcruiser.com\/fr\/products\/air-jordan-3-retro-black-cat-136064-002\/#primaryimage\",\"url\":\"https:\/\/images.novelship.com\/product\/air_jordan_3_retro__black_cat__136064_002_0_91186.jpeg;https:\/\/images.novelship.com\/product\/air_jordan_3_retro__black_cat__136064_002_1_91186.jpeg;https:\/\/images.novelship.com\/product\/air_jordan_3_retro__black_cat__136064_002_2_91186.jpeg;https:\/\/images.novelship.com\/product\/air_jordan_3_retro__black_cat__136064_002_3_91186.jpeg;https:\/\/images.novelship.com\/product\/air_jordan_3_retro__black_cat__136064_002_4_91186.jpeg;https:\/\/images.novelship.com\/product\/air_jordan_3_retro__black_cat__136064_002_5_91186.jpeg;https:\/\/images.novelship.com\/product\/air_jordan_3_retro__black_cat__136064_002_6_91186.jpeg;https:\/\/images.novelship.com\/product\/air_jordan_3_retro__black_cat__136064_002_7_91186.jpeg\",\"contentUrl\":\"https:\/\/images.novelship.com\/product\/air_jordan_3_retro__black_cat__136064_002_0_91186.jpeg;https:\/\/images.novelship.com\/product\/air_jordan_3_retro__black_cat__136064_002_1_91186.jpeg;https:\/\/images.novelship.com\/product\/air_jordan_3_retro__black_cat__136064_002_2_91186.jpeg;https:\/\/images.novelship.com\/product\/air_jordan_3_retro__black_cat__136064_002_3_91186.jpeg;https:\/\/images.novelship.com\/product\/air_jordan_3_retro__black_cat__136064_002_4_91186.jpeg;https:\/\/images.novelship.com\/product\/air_jordan_3_retro__black_cat__136064_002_5_91186.jpeg;https:\/\/images.novelship.com\/product\/air_jordan_3_retro__black_cat__136064_002_6_91186.jpeg;https:\/\/images.novelship.com\/product\/air_jordan_3_retro__black_cat__136064_002_7_91186.jpeg\"},{\"@type\":\"BreadcrumbList\",\"@id\":\"https:\/\/tourcruiser.com\/fr\/products\/air-jordan-3-retro-black-cat-136064-002\/#breadcrumb\",\"itemListElement\":[{\"@type\":\"ListItem\",\"position\":1,\"name\":\"Home\",\"item\":\"https:\/\/tourcruiser.com\/fr\/\"},{\"@type\":\"ListItem\",\"position\":2,\"name\":\"Shop\",\"item\":\"https:\/\/tourcruiser.com\/fr\/shop\/\"},{\"@type\":\"ListItem\",\"position\":3,\"name\":\"Air Jordan 3 Retro &#8216;Black Cat&#8217; 136064-002\"}]},{\"@type\":\"WebSite\",\"@id\":\"\/#website\",\"url\":\"\/\",\"name\":\"Styloral Jewelry Shop\",\"description\":\"Tourcruiser Sneaker Store \u2014 L\u2019endroit o\u00f9 l\u2019univers rencontre votre singularit\u00e9.\",\"publisher\":{\"@id\":\"\/#organization\"},\"potentialAction\":[{\"@type\":\"SearchAction\",\"target\":{\"@type\":\"EntryPoint\",\"urlTemplate\":\"\/?s={search_term_string}\"},\"query-input\":{\"@type\":\"PropertyValueSpecification\",\"valueRequired\":true,\"valueName\":\"search_term_string\"}}],\"inLanguage\":\"fr-FR\"},{\"@type\":\"Organization\",\"@id\":\"\/#organization\",\"name\":\"STYLORAL PTE. LTD\",\"url\":\"\/\",\"logo\":{\"@type\":\"ImageObject\",\"inLanguage\":\"fr-FR\",\"@id\":\"\/#\/schema\/logo\/image\/\",\"url\":\"https:\/\/www.tourcruiser.com\/wp-content\/uploads\/2025\/12\/logo.png\",\"contentUrl\":\"https:\/\/www.tourcruiser.com\/wp-content\/uploads\/2025\/12\/logo.png\",\"width\":200,\"height\":65,\"caption\":\"STYLORAL PTE. LTD\"},\"image\":{\"@id\":\"\/#\/schema\/logo\/image\/\"}}]}<\/script>\n<!-- \/ Yoast SEO plugin. -->","yoast_head_json":{"title":"Air Jordan 3 Retro 'Black Cat' 136064-002 - TOURCRUISER PTE. LTD","robots":{"index":"index","follow":"follow","max-snippet":"max-snippet:-1","max-image-preview":"max-image-preview:large","max-video-preview":"max-video-preview:-1"},"canonical":"https:\/\/tourcruiser.com\/fr\/products\/air-jordan-3-retro-black-cat-136064-002\/","og_locale":"fr_FR","og_type":"article","og_title":"Air Jordan 3 Retro 'Black Cat' 136064-002 - TOURCRUISER PTE. LTD","og_description":"Rehaussez votre style sneakers avec la Air Jordan 3 Retro Black Cat 136064-002. Ces sneakers Jordan l\u00e9gendaires impressionnent par leur \u00e9l\u00e9gante couleur noire, apportant une touche de style \u00e0 toutes vos tenues. Gr\u00e2ce \u00e0 leur silhouette classique et leurs mat\u00e9riaux haut de gamme, elles sont un incontournable pour tout passionn\u00e9 de sneakers. Coloris\u00a0: Noir\/Gris fonc\u00e9-Noir [&hellip;]","og_url":"https:\/\/tourcruiser.com\/fr\/products\/air-jordan-3-retro-black-cat-136064-002\/","og_site_name":"Tourcruiser Sneaker Store","article_modified_time":"2026-04-17T14:55:40+00:00","twitter_card":"summary_large_image","twitter_image":"https:\/\/images.novelship.com\/product\/air_jordan_3_retro__black_cat__136064_002_0_91186.jpeg;https:\/\/images.novelship.com\/product\/air_jordan_3_retro__black_cat__136064_002_1_91186.jpeg;https:\/\/images.novelship.com\/product\/air_jordan_3_retro__black_cat__136064_002_2_91186.jpeg;https:\/\/images.novelship.com\/product\/air_jordan_3_retro__black_cat__136064_002_3_91186.jpeg;https:\/\/images.novelship.com\/product\/air_jordan_3_retro__black_cat__136064_002_4_91186.jpeg;https:\/\/images.novelship.com\/product\/air_jordan_3_retro__black_cat__136064_002_5_91186.jpeg;https:\/\/images.novelship.com\/product\/air_jordan_3_retro__black_cat__136064_002_6_91186.jpeg;https:\/\/images.novelship.com\/product\/air_jordan_3_retro__black_cat__136064_002_7_91186.jpeg","schema":{"@context":"https:\/\/schema.org","@graph":[{"@type":"WebPage","@id":"https:\/\/tourcruiser.com\/fr\/products\/air-jordan-3-retro-black-cat-136064-002\/","url":"https:\/\/tourcruiser.com\/fr\/products\/air-jordan-3-retro-black-cat-136064-002\/","name":"Air Jordan 3 Retro 'Black Cat' 136064-002 - TOURCRUISER PTE. LTD","isPartOf":{"@id":"\/#website"},"primaryImageOfPage":{"@id":"https:\/\/tourcruiser.com\/fr\/products\/air-jordan-3-retro-black-cat-136064-002\/#primaryimage"},"image":{"@id":"https:\/\/tourcruiser.com\/fr\/products\/air-jordan-3-retro-black-cat-136064-002\/#primaryimage"},"thumbnailUrl":"https:\/\/images.novelship.com\/product\/air_jordan_3_retro__black_cat__136064_002_0_91186.jpeg;https:\/\/images.novelship.com\/product\/air_jordan_3_retro__black_cat__136064_002_1_91186.jpeg;https:\/\/images.novelship.com\/product\/air_jordan_3_retro__black_cat__136064_002_2_91186.jpeg;https:\/\/images.novelship.com\/product\/air_jordan_3_retro__black_cat__136064_002_3_91186.jpeg;https:\/\/images.novelship.com\/product\/air_jordan_3_retro__black_cat__136064_002_4_91186.jpeg;https:\/\/images.novelship.com\/product\/air_jordan_3_retro__black_cat__136064_002_5_91186.jpeg;https:\/\/images.novelship.com\/product\/air_jordan_3_retro__black_cat__136064_002_6_91186.jpeg;https:\/\/images.novelship.com\/product\/air_jordan_3_retro__black_cat__136064_002_7_91186.jpeg","datePublished":"2026-04-16T10:13:06+00:00","dateModified":"2026-04-17T14:55:40+00:00","breadcrumb":{"@id":"https:\/\/tourcruiser.com\/fr\/products\/air-jordan-3-retro-black-cat-136064-002\/#breadcrumb"},"inLanguage":"fr-FR","potentialAction":[{"@type":"ReadAction","target":["https:\/\/tourcruiser.com\/fr\/products\/air-jordan-3-retro-black-cat-136064-002\/"]}]},{"@type":"ImageObject","inLanguage":"fr-FR","@id":"https:\/\/tourcruiser.com\/fr\/products\/air-jordan-3-retro-black-cat-136064-002\/#primaryimage","url":"https:\/\/images.novelship.com\/product\/air_jordan_3_retro__black_cat__136064_002_0_91186.jpeg;https:\/\/images.novelship.com\/product\/air_jordan_3_retro__black_cat__136064_002_1_91186.jpeg;https:\/\/images.novelship.com\/product\/air_jordan_3_retro__black_cat__136064_002_2_91186.jpeg;https:\/\/images.novelship.com\/product\/air_jordan_3_retro__black_cat__136064_002_3_91186.jpeg;https:\/\/images.novelship.com\/product\/air_jordan_3_retro__black_cat__136064_002_4_91186.jpeg;https:\/\/images.novelship.com\/product\/air_jordan_3_retro__black_cat__136064_002_5_91186.jpeg;https:\/\/images.novelship.com\/product\/air_jordan_3_retro__black_cat__136064_002_6_91186.jpeg;https:\/\/images.novelship.com\/product\/air_jordan_3_retro__black_cat__136064_002_7_91186.jpeg","contentUrl":"https:\/\/images.novelship.com\/product\/air_jordan_3_retro__black_cat__136064_002_0_91186.jpeg;https:\/\/images.novelship.com\/product\/air_jordan_3_retro__black_cat__136064_002_1_91186.jpeg;https:\/\/images.novelship.com\/product\/air_jordan_3_retro__black_cat__136064_002_2_91186.jpeg;https:\/\/images.novelship.com\/product\/air_jordan_3_retro__black_cat__136064_002_3_91186.jpeg;https:\/\/images.novelship.com\/product\/air_jordan_3_retro__black_cat__136064_002_4_91186.jpeg;https:\/\/images.novelship.com\/product\/air_jordan_3_retro__black_cat__136064_002_5_91186.jpeg;https:\/\/images.novelship.com\/product\/air_jordan_3_retro__black_cat__136064_002_6_91186.jpeg;https:\/\/images.novelship.com\/product\/air_jordan_3_retro__black_cat__136064_002_7_91186.jpeg"},{"@type":"BreadcrumbList","@id":"https:\/\/tourcruiser.com\/fr\/products\/air-jordan-3-retro-black-cat-136064-002\/#breadcrumb","itemListElement":[{"@type":"ListItem","position":1,"name":"Home","item":"https:\/\/tourcruiser.com\/fr\/"},{"@type":"ListItem","position":2,"name":"Shop","item":"https:\/\/tourcruiser.com\/fr\/shop\/"},{"@type":"ListItem","position":3,"name":"Air Jordan 3 Retro &#8216;Black Cat&#8217; 136064-002"}]},{"@type":"WebSite","@id":"\/#website","url":"\/","name":"Styloral Jewelry Shop","description":"Tourcruiser Sneaker Store \u2014 L\u2019endroit o\u00f9 l\u2019univers rencontre votre singularit\u00e9.","publisher":{"@id":"\/#organization"},"potentialAction":[{"@type":"SearchAction","target":{"@type":"EntryPoint","urlTemplate":"\/?s={search_term_string}"},"query-input":{"@type":"PropertyValueSpecification","valueRequired":true,"valueName":"search_term_string"}}],"inLanguage":"fr-FR"},{"@type":"Organization","@id":"\/#organization","name":"STYLORAL PTE. LTD","url":"\/","logo":{"@type":"ImageObject","inLanguage":"fr-FR","@id":"\/#\/schema\/logo\/image\/","url":"https:\/\/www.tourcruiser.com\/wp-content\/uploads\/2025\/12\/logo.png","contentUrl":"https:\/\/www.tourcruiser.com\/wp-content\/uploads\/2025\/12\/logo.png","width":200,"height":65,"caption":"STYLORAL PTE. LTD"},"image":{"@id":"\/#\/schema\/logo\/image\/"}}]}},"_links":{"self":[{"href":"https:\/\/tourcruiser.com\/fr\/wp-json\/wp\/v2\/product\/768295","targetHints":{"allow":["GET"]}}],"collection":[{"href":"https:\/\/tourcruiser.com\/fr\/wp-json\/wp\/v2\/product"}],"about":[{"href":"https:\/\/tourcruiser.com\/fr\/wp-json\/wp\/v2\/types\/product"}],"replies":[{"embeddable":true,"href":"https:\/\/tourcruiser.com\/fr\/wp-json\/wp\/v2\/comments?post=768295"}],"wp:featuredmedia":[{"embeddable":true,"href":"https:\/\/tourcruiser.com\/fr\/wp-json\/wp\/v2\/media\/768296"}],"wp:attachment":[{"href":"https:\/\/tourcruiser.com\/fr\/wp-json\/wp\/v2\/media?parent=768295"}],"wp:term":[{"taxonomy":"product_brand","embeddable":true,"href":"https:\/\/tourcruiser.com\/fr\/wp-json\/wp\/v2\/product_brand?post=768295"},{"taxonomy":"product_cat","embeddable":true,"href":"https:\/\/tourcruiser.com\/fr\/wp-json\/wp\/v2\/product_cat?post=768295"},{"taxonomy":"product_tag","embeddable":true,"href":"https:\/\/tourcruiser.com\/fr\/wp-json\/wp\/v2\/product_tag?post=768295"}],"curies":[{"name":"wp","href":"https:\/\/api.w.org\/{rel}","templated":true}]}}