{"id":768294,"date":"2026-04-16T17:13:06","date_gmt":"2026-04-16T10:13:06","guid":{"rendered":"http:\/\/tourcruiser.com\/product\/air-jordan-1-retro-mid-top-3-554724-124"},"modified":"2026-04-17T23:01:03","modified_gmt":"2026-04-17T16:01:03","slug":"air-jordan-1-retro-mid-top-3-554724-124","status":"publish","type":"product","link":"https:\/\/tourcruiser.com\/fr\/products\/air-jordan-1-retro-mid-top-3-554724-124\/","title":{"rendered":"Air Jordan 1 Retro Mid &lsquo;Top 3&rsquo; 554724-124"},"content":{"rendered":"<p>La Air Jordan 1 Retro Mid Top 3 de Jordan est un incontournable pour tous les passionn\u00e9s de sneakers. Avec son design multicolore saisissant, cette chaussure est id\u00e9ale pour affirmer votre style. Que ce soit pour une balade en ville ou un look d\u00e9contract\u00e9, elle rehaussera votre allure. Ne ratez pas cette sneaker r\u00e9tro l\u00e9gendaire !<\/p>\n<p>Coloris : Blanc\/Noir\/Bleu roi\/Rouge universitaire<\/p>\n<p>Num\u00e9ro d&rsquo;article : 554724-124<\/p>\n<p>Tige : Cuir<\/p>\n<p>Semelle interm\u00e9diaire : Air<\/p>\n<p>Couleur : Multicolore<\/p>\n<p>Designer : Peter Moore<\/p>\n<p>Saison : Hiver<\/p>\n<p>Ann\u00e9e de sortie : 2019<\/p>\n<p>\u00c2ge : Adulte<\/p>\n<p>Couleur : Noir\/Gris anthracite<\/p>\n<p>Genre : Homme<\/p>\n","protected":false},"excerpt":{"rendered":"<p>La Air Jordan 1 Retro Mid Top 3 de Jordan est un incontournable pour tous les passionn\u00e9s de sneakers. Avec son design multicolore saisissant, cette chaussure est id\u00e9ale pour affirmer votre style. Que ce soit pour une balade en ville ou un look d\u00e9contract\u00e9, elle rehaussera votre allure. Ne ratez pas cette sneaker r\u00e9tro l\u00e9gendaire [&hellip;]<\/p>\n","protected":false},"featured_media":768297,"comment_status":"open","ping_status":"closed","template":"","meta":[],"product_brand":[],"product_cat":[38880],"product_tag":[10750,10800,38841,38842,10776,11349,38875,38886,10756],"class_list":{"0":"post-768294","1":"product","2":"type-product","3":"status-publish","4":"has-post-thumbnail","6":"product_cat-jordan","7":"product_tag-athleisure-shoes","8":"product_tag-basketball-shoes","9":"product_tag-casual-shoes","10":"product_tag-gift-idea-for-him","11":"product_tag-jordan","12":"product_tag-jordan-basketball-shoes","13":"product_tag-jordan-skateboard-shoes","14":"product_tag-lifestyle-shoes-inspired-by-basketball","15":"product_tag-retro-casual-shoes","17":"first","18":"instock","19":"taxable","20":"shipping-taxable","21":"purchasable","22":"product-type-simple"},"wcpa_form_fields":null,"yoast_head":"<!-- This site is optimized with the Yoast SEO plugin v26.5 - https:\/\/yoast.com\/wordpress\/plugins\/seo\/ -->\n<title>Air Jordan 1 Retro Mid &#039;Top 3&#039; 554724-124 - TOURCRUISER PTE. LTD<\/title>\n<meta name=\"robots\" content=\"index, follow, max-snippet:-1, max-image-preview:large, max-video-preview:-1\" \/>\n<link rel=\"canonical\" href=\"https:\/\/tourcruiser.com\/fr\/products\/air-jordan-1-retro-mid-top-3-554724-124\/\" \/>\n<meta property=\"og:locale\" content=\"fr_FR\" \/>\n<meta property=\"og:type\" content=\"article\" \/>\n<meta property=\"og:title\" content=\"Air Jordan 1 Retro Mid &#039;Top 3&#039; 554724-124 - TOURCRUISER PTE. LTD\" \/>\n<meta property=\"og:description\" content=\"La Air Jordan 1 Retro Mid Top 3 de Jordan est un incontournable pour tous les passionn\u00e9s de sneakers. Avec son design multicolore saisissant, cette chaussure est id\u00e9ale pour affirmer votre style. Que ce soit pour une balade en ville ou un look d\u00e9contract\u00e9, elle rehaussera votre allure. Ne ratez pas cette sneaker r\u00e9tro l\u00e9gendaire [&hellip;]\" \/>\n<meta property=\"og:url\" content=\"https:\/\/tourcruiser.com\/fr\/products\/air-jordan-1-retro-mid-top-3-554724-124\/\" \/>\n<meta property=\"og:site_name\" content=\"Tourcruiser Sneaker Store\" \/>\n<meta property=\"article:modified_time\" content=\"2026-04-17T16:01:03+00:00\" \/>\n<meta name=\"twitter:card\" content=\"summary_large_image\" \/>\n<meta name=\"twitter:image\" content=\"https:\/\/images.novelship.com\/product\/air_jordan_1_retro_mid__top_3__554724_124_0_21528.jpeg;https:\/\/images.novelship.com\/product\/air_jordan_1_retro_mid__top_3__554724_124_1_21529.jpeg;https:\/\/images.novelship.com\/product\/air_jordan_1_retro_mid__top_3__554724_124_2_21529.jpeg;https:\/\/images.novelship.com\/product\/air_jordan_1_retro_mid__top_3__554724_124_3_21529.jpeg;https:\/\/images.novelship.com\/product\/air_jordan_1_retro_mid__top_3__554724_124_4_21529.jpeg;https:\/\/images.novelship.com\/product\/air_jordan_1_retro_mid__top_3__554724_124_5_21529.jpeg;https:\/\/images.novelship.com\/product\/air_jordan_1_retro_mid__top_3__554724_124_6_21529.jpeg;https:\/\/images.novelship.com\/product\/air_jordan_1_retro_mid__top_3__554724_124_7_21529.jpeg\" \/>\n<script type=\"application\/ld+json\" class=\"yoast-schema-graph\">{\"@context\":\"https:\/\/schema.org\",\"@graph\":[{\"@type\":\"WebPage\",\"@id\":\"https:\/\/tourcruiser.com\/fr\/products\/air-jordan-1-retro-mid-top-3-554724-124\/\",\"url\":\"https:\/\/tourcruiser.com\/fr\/products\/air-jordan-1-retro-mid-top-3-554724-124\/\",\"name\":\"Air Jordan 1 Retro Mid 'Top 3' 554724-124 - TOURCRUISER PTE. LTD\",\"isPartOf\":{\"@id\":\"\/#website\"},\"primaryImageOfPage\":{\"@id\":\"https:\/\/tourcruiser.com\/fr\/products\/air-jordan-1-retro-mid-top-3-554724-124\/#primaryimage\"},\"image\":{\"@id\":\"https:\/\/tourcruiser.com\/fr\/products\/air-jordan-1-retro-mid-top-3-554724-124\/#primaryimage\"},\"thumbnailUrl\":\"https:\/\/images.novelship.com\/product\/air_jordan_1_retro_mid__top_3__554724_124_0_21528.jpeg;https:\/\/images.novelship.com\/product\/air_jordan_1_retro_mid__top_3__554724_124_1_21529.jpeg;https:\/\/images.novelship.com\/product\/air_jordan_1_retro_mid__top_3__554724_124_2_21529.jpeg;https:\/\/images.novelship.com\/product\/air_jordan_1_retro_mid__top_3__554724_124_3_21529.jpeg;https:\/\/images.novelship.com\/product\/air_jordan_1_retro_mid__top_3__554724_124_4_21529.jpeg;https:\/\/images.novelship.com\/product\/air_jordan_1_retro_mid__top_3__554724_124_5_21529.jpeg;https:\/\/images.novelship.com\/product\/air_jordan_1_retro_mid__top_3__554724_124_6_21529.jpeg;https:\/\/images.novelship.com\/product\/air_jordan_1_retro_mid__top_3__554724_124_7_21529.jpeg\",\"datePublished\":\"2026-04-16T10:13:06+00:00\",\"dateModified\":\"2026-04-17T16:01:03+00:00\",\"breadcrumb\":{\"@id\":\"https:\/\/tourcruiser.com\/fr\/products\/air-jordan-1-retro-mid-top-3-554724-124\/#breadcrumb\"},\"inLanguage\":\"fr-FR\",\"potentialAction\":[{\"@type\":\"ReadAction\",\"target\":[\"https:\/\/tourcruiser.com\/fr\/products\/air-jordan-1-retro-mid-top-3-554724-124\/\"]}]},{\"@type\":\"ImageObject\",\"inLanguage\":\"fr-FR\",\"@id\":\"https:\/\/tourcruiser.com\/fr\/products\/air-jordan-1-retro-mid-top-3-554724-124\/#primaryimage\",\"url\":\"https:\/\/images.novelship.com\/product\/air_jordan_1_retro_mid__top_3__554724_124_0_21528.jpeg;https:\/\/images.novelship.com\/product\/air_jordan_1_retro_mid__top_3__554724_124_1_21529.jpeg;https:\/\/images.novelship.com\/product\/air_jordan_1_retro_mid__top_3__554724_124_2_21529.jpeg;https:\/\/images.novelship.com\/product\/air_jordan_1_retro_mid__top_3__554724_124_3_21529.jpeg;https:\/\/images.novelship.com\/product\/air_jordan_1_retro_mid__top_3__554724_124_4_21529.jpeg;https:\/\/images.novelship.com\/product\/air_jordan_1_retro_mid__top_3__554724_124_5_21529.jpeg;https:\/\/images.novelship.com\/product\/air_jordan_1_retro_mid__top_3__554724_124_6_21529.jpeg;https:\/\/images.novelship.com\/product\/air_jordan_1_retro_mid__top_3__554724_124_7_21529.jpeg\",\"contentUrl\":\"https:\/\/images.novelship.com\/product\/air_jordan_1_retro_mid__top_3__554724_124_0_21528.jpeg;https:\/\/images.novelship.com\/product\/air_jordan_1_retro_mid__top_3__554724_124_1_21529.jpeg;https:\/\/images.novelship.com\/product\/air_jordan_1_retro_mid__top_3__554724_124_2_21529.jpeg;https:\/\/images.novelship.com\/product\/air_jordan_1_retro_mid__top_3__554724_124_3_21529.jpeg;https:\/\/images.novelship.com\/product\/air_jordan_1_retro_mid__top_3__554724_124_4_21529.jpeg;https:\/\/images.novelship.com\/product\/air_jordan_1_retro_mid__top_3__554724_124_5_21529.jpeg;https:\/\/images.novelship.com\/product\/air_jordan_1_retro_mid__top_3__554724_124_6_21529.jpeg;https:\/\/images.novelship.com\/product\/air_jordan_1_retro_mid__top_3__554724_124_7_21529.jpeg\"},{\"@type\":\"BreadcrumbList\",\"@id\":\"https:\/\/tourcruiser.com\/fr\/products\/air-jordan-1-retro-mid-top-3-554724-124\/#breadcrumb\",\"itemListElement\":[{\"@type\":\"ListItem\",\"position\":1,\"name\":\"Home\",\"item\":\"https:\/\/tourcruiser.com\/fr\/\"},{\"@type\":\"ListItem\",\"position\":2,\"name\":\"Shop\",\"item\":\"https:\/\/tourcruiser.com\/fr\/shop\/\"},{\"@type\":\"ListItem\",\"position\":3,\"name\":\"Air Jordan 1 Retro Mid &#8216;Top 3&#8217; 554724-124\"}]},{\"@type\":\"WebSite\",\"@id\":\"\/#website\",\"url\":\"\/\",\"name\":\"Styloral Jewelry Shop\",\"description\":\"Tourcruiser Sneaker Store \u2014 L\u2019endroit o\u00f9 l\u2019univers rencontre votre singularit\u00e9.\",\"publisher\":{\"@id\":\"\/#organization\"},\"potentialAction\":[{\"@type\":\"SearchAction\",\"target\":{\"@type\":\"EntryPoint\",\"urlTemplate\":\"\/?s={search_term_string}\"},\"query-input\":{\"@type\":\"PropertyValueSpecification\",\"valueRequired\":true,\"valueName\":\"search_term_string\"}}],\"inLanguage\":\"fr-FR\"},{\"@type\":\"Organization\",\"@id\":\"\/#organization\",\"name\":\"STYLORAL PTE. LTD\",\"url\":\"\/\",\"logo\":{\"@type\":\"ImageObject\",\"inLanguage\":\"fr-FR\",\"@id\":\"\/#\/schema\/logo\/image\/\",\"url\":\"https:\/\/www.tourcruiser.com\/wp-content\/uploads\/2025\/12\/logo.png\",\"contentUrl\":\"https:\/\/www.tourcruiser.com\/wp-content\/uploads\/2025\/12\/logo.png\",\"width\":200,\"height\":65,\"caption\":\"STYLORAL PTE. LTD\"},\"image\":{\"@id\":\"\/#\/schema\/logo\/image\/\"}}]}<\/script>\n<!-- \/ Yoast SEO plugin. -->","yoast_head_json":{"title":"Air Jordan 1 Retro Mid 'Top 3' 554724-124 - TOURCRUISER PTE. LTD","robots":{"index":"index","follow":"follow","max-snippet":"max-snippet:-1","max-image-preview":"max-image-preview:large","max-video-preview":"max-video-preview:-1"},"canonical":"https:\/\/tourcruiser.com\/fr\/products\/air-jordan-1-retro-mid-top-3-554724-124\/","og_locale":"fr_FR","og_type":"article","og_title":"Air Jordan 1 Retro Mid 'Top 3' 554724-124 - TOURCRUISER PTE. LTD","og_description":"La Air Jordan 1 Retro Mid Top 3 de Jordan est un incontournable pour tous les passionn\u00e9s de sneakers. Avec son design multicolore saisissant, cette chaussure est id\u00e9ale pour affirmer votre style. Que ce soit pour une balade en ville ou un look d\u00e9contract\u00e9, elle rehaussera votre allure. Ne ratez pas cette sneaker r\u00e9tro l\u00e9gendaire [&hellip;]","og_url":"https:\/\/tourcruiser.com\/fr\/products\/air-jordan-1-retro-mid-top-3-554724-124\/","og_site_name":"Tourcruiser Sneaker Store","article_modified_time":"2026-04-17T16:01:03+00:00","twitter_card":"summary_large_image","twitter_image":"https:\/\/images.novelship.com\/product\/air_jordan_1_retro_mid__top_3__554724_124_0_21528.jpeg;https:\/\/images.novelship.com\/product\/air_jordan_1_retro_mid__top_3__554724_124_1_21529.jpeg;https:\/\/images.novelship.com\/product\/air_jordan_1_retro_mid__top_3__554724_124_2_21529.jpeg;https:\/\/images.novelship.com\/product\/air_jordan_1_retro_mid__top_3__554724_124_3_21529.jpeg;https:\/\/images.novelship.com\/product\/air_jordan_1_retro_mid__top_3__554724_124_4_21529.jpeg;https:\/\/images.novelship.com\/product\/air_jordan_1_retro_mid__top_3__554724_124_5_21529.jpeg;https:\/\/images.novelship.com\/product\/air_jordan_1_retro_mid__top_3__554724_124_6_21529.jpeg;https:\/\/images.novelship.com\/product\/air_jordan_1_retro_mid__top_3__554724_124_7_21529.jpeg","schema":{"@context":"https:\/\/schema.org","@graph":[{"@type":"WebPage","@id":"https:\/\/tourcruiser.com\/fr\/products\/air-jordan-1-retro-mid-top-3-554724-124\/","url":"https:\/\/tourcruiser.com\/fr\/products\/air-jordan-1-retro-mid-top-3-554724-124\/","name":"Air Jordan 1 Retro Mid 'Top 3' 554724-124 - TOURCRUISER PTE. LTD","isPartOf":{"@id":"\/#website"},"primaryImageOfPage":{"@id":"https:\/\/tourcruiser.com\/fr\/products\/air-jordan-1-retro-mid-top-3-554724-124\/#primaryimage"},"image":{"@id":"https:\/\/tourcruiser.com\/fr\/products\/air-jordan-1-retro-mid-top-3-554724-124\/#primaryimage"},"thumbnailUrl":"https:\/\/images.novelship.com\/product\/air_jordan_1_retro_mid__top_3__554724_124_0_21528.jpeg;https:\/\/images.novelship.com\/product\/air_jordan_1_retro_mid__top_3__554724_124_1_21529.jpeg;https:\/\/images.novelship.com\/product\/air_jordan_1_retro_mid__top_3__554724_124_2_21529.jpeg;https:\/\/images.novelship.com\/product\/air_jordan_1_retro_mid__top_3__554724_124_3_21529.jpeg;https:\/\/images.novelship.com\/product\/air_jordan_1_retro_mid__top_3__554724_124_4_21529.jpeg;https:\/\/images.novelship.com\/product\/air_jordan_1_retro_mid__top_3__554724_124_5_21529.jpeg;https:\/\/images.novelship.com\/product\/air_jordan_1_retro_mid__top_3__554724_124_6_21529.jpeg;https:\/\/images.novelship.com\/product\/air_jordan_1_retro_mid__top_3__554724_124_7_21529.jpeg","datePublished":"2026-04-16T10:13:06+00:00","dateModified":"2026-04-17T16:01:03+00:00","breadcrumb":{"@id":"https:\/\/tourcruiser.com\/fr\/products\/air-jordan-1-retro-mid-top-3-554724-124\/#breadcrumb"},"inLanguage":"fr-FR","potentialAction":[{"@type":"ReadAction","target":["https:\/\/tourcruiser.com\/fr\/products\/air-jordan-1-retro-mid-top-3-554724-124\/"]}]},{"@type":"ImageObject","inLanguage":"fr-FR","@id":"https:\/\/tourcruiser.com\/fr\/products\/air-jordan-1-retro-mid-top-3-554724-124\/#primaryimage","url":"https:\/\/images.novelship.com\/product\/air_jordan_1_retro_mid__top_3__554724_124_0_21528.jpeg;https:\/\/images.novelship.com\/product\/air_jordan_1_retro_mid__top_3__554724_124_1_21529.jpeg;https:\/\/images.novelship.com\/product\/air_jordan_1_retro_mid__top_3__554724_124_2_21529.jpeg;https:\/\/images.novelship.com\/product\/air_jordan_1_retro_mid__top_3__554724_124_3_21529.jpeg;https:\/\/images.novelship.com\/product\/air_jordan_1_retro_mid__top_3__554724_124_4_21529.jpeg;https:\/\/images.novelship.com\/product\/air_jordan_1_retro_mid__top_3__554724_124_5_21529.jpeg;https:\/\/images.novelship.com\/product\/air_jordan_1_retro_mid__top_3__554724_124_6_21529.jpeg;https:\/\/images.novelship.com\/product\/air_jordan_1_retro_mid__top_3__554724_124_7_21529.jpeg","contentUrl":"https:\/\/images.novelship.com\/product\/air_jordan_1_retro_mid__top_3__554724_124_0_21528.jpeg;https:\/\/images.novelship.com\/product\/air_jordan_1_retro_mid__top_3__554724_124_1_21529.jpeg;https:\/\/images.novelship.com\/product\/air_jordan_1_retro_mid__top_3__554724_124_2_21529.jpeg;https:\/\/images.novelship.com\/product\/air_jordan_1_retro_mid__top_3__554724_124_3_21529.jpeg;https:\/\/images.novelship.com\/product\/air_jordan_1_retro_mid__top_3__554724_124_4_21529.jpeg;https:\/\/images.novelship.com\/product\/air_jordan_1_retro_mid__top_3__554724_124_5_21529.jpeg;https:\/\/images.novelship.com\/product\/air_jordan_1_retro_mid__top_3__554724_124_6_21529.jpeg;https:\/\/images.novelship.com\/product\/air_jordan_1_retro_mid__top_3__554724_124_7_21529.jpeg"},{"@type":"BreadcrumbList","@id":"https:\/\/tourcruiser.com\/fr\/products\/air-jordan-1-retro-mid-top-3-554724-124\/#breadcrumb","itemListElement":[{"@type":"ListItem","position":1,"name":"Home","item":"https:\/\/tourcruiser.com\/fr\/"},{"@type":"ListItem","position":2,"name":"Shop","item":"https:\/\/tourcruiser.com\/fr\/shop\/"},{"@type":"ListItem","position":3,"name":"Air Jordan 1 Retro Mid &#8216;Top 3&#8217; 554724-124"}]},{"@type":"WebSite","@id":"\/#website","url":"\/","name":"Styloral Jewelry Shop","description":"Tourcruiser Sneaker Store \u2014 L\u2019endroit o\u00f9 l\u2019univers rencontre votre singularit\u00e9.","publisher":{"@id":"\/#organization"},"potentialAction":[{"@type":"SearchAction","target":{"@type":"EntryPoint","urlTemplate":"\/?s={search_term_string}"},"query-input":{"@type":"PropertyValueSpecification","valueRequired":true,"valueName":"search_term_string"}}],"inLanguage":"fr-FR"},{"@type":"Organization","@id":"\/#organization","name":"STYLORAL PTE. LTD","url":"\/","logo":{"@type":"ImageObject","inLanguage":"fr-FR","@id":"\/#\/schema\/logo\/image\/","url":"https:\/\/www.tourcruiser.com\/wp-content\/uploads\/2025\/12\/logo.png","contentUrl":"https:\/\/www.tourcruiser.com\/wp-content\/uploads\/2025\/12\/logo.png","width":200,"height":65,"caption":"STYLORAL PTE. LTD"},"image":{"@id":"\/#\/schema\/logo\/image\/"}}]}},"_links":{"self":[{"href":"https:\/\/tourcruiser.com\/fr\/wp-json\/wp\/v2\/product\/768294","targetHints":{"allow":["GET"]}}],"collection":[{"href":"https:\/\/tourcruiser.com\/fr\/wp-json\/wp\/v2\/product"}],"about":[{"href":"https:\/\/tourcruiser.com\/fr\/wp-json\/wp\/v2\/types\/product"}],"replies":[{"embeddable":true,"href":"https:\/\/tourcruiser.com\/fr\/wp-json\/wp\/v2\/comments?post=768294"}],"wp:featuredmedia":[{"embeddable":true,"href":"https:\/\/tourcruiser.com\/fr\/wp-json\/wp\/v2\/media\/768297"}],"wp:attachment":[{"href":"https:\/\/tourcruiser.com\/fr\/wp-json\/wp\/v2\/media?parent=768294"}],"wp:term":[{"taxonomy":"product_brand","embeddable":true,"href":"https:\/\/tourcruiser.com\/fr\/wp-json\/wp\/v2\/product_brand?post=768294"},{"taxonomy":"product_cat","embeddable":true,"href":"https:\/\/tourcruiser.com\/fr\/wp-json\/wp\/v2\/product_cat?post=768294"},{"taxonomy":"product_tag","embeddable":true,"href":"https:\/\/tourcruiser.com\/fr\/wp-json\/wp\/v2\/product_tag?post=768294"}],"curies":[{"name":"wp","href":"https:\/\/api.w.org\/{rel}","templated":true}]}}