{"id":768285,"date":"2026-04-16T17:13:05","date_gmt":"2026-04-16T10:13:05","guid":{"rendered":"http:\/\/tourcruiser.com\/product\/air-jordan-5-retro-low-chinese-new-year-2016-840475-060"},"modified":"2026-04-17T23:01:02","modified_gmt":"2026-04-17T16:01:02","slug":"air-jordan-5-retro-low-chinese-new-year-2016-840475-060","status":"publish","type":"product","link":"https:\/\/tourcruiser.com\/fr\/products\/air-jordan-5-retro-low-chinese-new-year-2016-840475-060\/","title":{"rendered":"Air Jordan 5 Retro Low &lsquo;Chinese New Year&rsquo; 2016 840475-060"},"content":{"rendered":"<p>Pr\u00e9parez-vous \u00e0 c\u00e9l\u00e9brer le Nouvel An chinois avec style gr\u00e2ce \u00e0 la Air Jordan 5 Retro Low Chinese New Year 2016. Cette sneaker embl\u00e9matique de la marque Jordan arbore un design noir \u00e9l\u00e9gant et est parfaite pour toutes les occasions. Avec son design distinctif et son confort optimal, elle est un incontournable pour tout amateur de sneakers souhaitant ajouter une touche de classe \u00e0 sa collection.<\/p>\n<p>Coloris : Noir\/Noir\/Rouge clair\/Bleu b\u00eata\/Noir<\/p>\n<p>Num\u00e9ro d&rsquo;article : 840475-060<\/p>\n<p>Tige : Cuir<\/p>\n<p>Semelle interm\u00e9diaire : Air<\/p>\n<p>Couleur : Noir<\/p>\n<p>Designer : Tinker Hatfield<\/p>\n<p>Saison : Hiver<\/p>\n<p>Ann\u00e9e de sortie : 2016<\/p>\n<p>\u00c2ge : Adulte<br \/>\nCouleur : Blanc\/Noir\/Bleu roi\/Rouge universitaire<br \/>\nGenre : Homme<\/p>\n","protected":false},"excerpt":{"rendered":"<p>Pr\u00e9parez-vous \u00e0 c\u00e9l\u00e9brer le Nouvel An chinois avec style gr\u00e2ce \u00e0 la Air Jordan 5 Retro Low Chinese New Year 2016. Cette sneaker embl\u00e9matique de la marque Jordan arbore un design noir \u00e9l\u00e9gant et est parfaite pour toutes les occasions. Avec son design distinctif et son confort optimal, elle est un incontournable pour tout amateur [&hellip;]<\/p>\n","protected":false},"featured_media":768286,"comment_status":"open","ping_status":"closed","template":"","meta":[],"product_brand":[],"product_cat":[38880],"product_tag":[10750,10800,38841,12886,38840,10776,11349,38875,10777,10756],"class_list":{"0":"post-768285","1":"product","2":"type-product","3":"status-publish","4":"has-post-thumbnail","6":"product_cat-jordan","7":"product_tag-athleisure-shoes","8":"product_tag-basketball-shoes","9":"product_tag-casual-shoes","10":"product_tag-chinese-new-year-collection","11":"product_tag-gift-ideas-for-him","12":"product_tag-jordan","13":"product_tag-jordan-basketball-shoes","14":"product_tag-jordan-skateboard-shoes","15":"product_tag-lifestyle-shoes-basketball-inspired","16":"product_tag-retro-casual-shoes","18":"first","19":"instock","20":"taxable","21":"shipping-taxable","22":"purchasable","23":"product-type-simple"},"wcpa_form_fields":null,"yoast_head":"<!-- This site is optimized with the Yoast SEO plugin v26.5 - https:\/\/yoast.com\/wordpress\/plugins\/seo\/ -->\n<title>Air Jordan 5 Retro Low &#039;Chinese New Year&#039; 2016 840475-060 - TOURCRUISER PTE. LTD<\/title>\n<meta name=\"robots\" content=\"index, follow, max-snippet:-1, max-image-preview:large, max-video-preview:-1\" \/>\n<link rel=\"canonical\" href=\"https:\/\/tourcruiser.com\/fr\/products\/air-jordan-5-retro-low-chinese-new-year-2016-840475-060\/\" \/>\n<meta property=\"og:locale\" content=\"fr_FR\" \/>\n<meta property=\"og:type\" content=\"article\" \/>\n<meta property=\"og:title\" content=\"Air Jordan 5 Retro Low &#039;Chinese New Year&#039; 2016 840475-060 - TOURCRUISER PTE. LTD\" \/>\n<meta property=\"og:description\" content=\"Pr\u00e9parez-vous \u00e0 c\u00e9l\u00e9brer le Nouvel An chinois avec style gr\u00e2ce \u00e0 la Air Jordan 5 Retro Low Chinese New Year 2016. Cette sneaker embl\u00e9matique de la marque Jordan arbore un design noir \u00e9l\u00e9gant et est parfaite pour toutes les occasions. Avec son design distinctif et son confort optimal, elle est un incontournable pour tout amateur [&hellip;]\" \/>\n<meta property=\"og:url\" content=\"https:\/\/tourcruiser.com\/fr\/products\/air-jordan-5-retro-low-chinese-new-year-2016-840475-060\/\" \/>\n<meta property=\"og:site_name\" content=\"Tourcruiser Sneaker Store\" \/>\n<meta property=\"article:modified_time\" content=\"2026-04-17T16:01:02+00:00\" \/>\n<meta name=\"twitter:card\" content=\"summary_large_image\" \/>\n<meta name=\"twitter:image\" content=\"https:\/\/images.novelship.com\/product\/air_jordan_5_retro_low__chinese_new_year__2016_840_0_96565.jpeg;https:\/\/images.novelship.com\/product\/air_jordan_5_retro_low__chinese_new_year__2016_840_1_96565.jpeg;https:\/\/images.novelship.com\/product\/air_jordan_5_retro_low__chinese_new_year__2016_840_2_96565.jpeg;https:\/\/images.novelship.com\/product\/air_jordan_5_retro_low__chinese_new_year__2016_840_3_96565.jpeg;https:\/\/images.novelship.com\/product\/air_jordan_5_retro_low__chinese_new_year__2016_840_4_96565.jpeg;https:\/\/images.novelship.com\/product\/air_jordan_5_retro_low__chinese_new_year__2016_840_5_96565.jpeg;https:\/\/images.novelship.com\/product\/air_jordan_5_retro_low__chinese_new_year__2016_840_6_96565.jpeg;https:\/\/images.novelship.com\/product\/air_jordan_5_retro_low__chinese_new_year__2016_840_7_96565.jpeg\" \/>\n<meta name=\"twitter:label1\" content=\"Dur\u00e9e de lecture estim\u00e9e\" \/>\n\t<meta name=\"twitter:data1\" content=\"1 minute\" \/>\n<script type=\"application\/ld+json\" class=\"yoast-schema-graph\">{\"@context\":\"https:\/\/schema.org\",\"@graph\":[{\"@type\":\"WebPage\",\"@id\":\"https:\/\/tourcruiser.com\/fr\/products\/air-jordan-5-retro-low-chinese-new-year-2016-840475-060\/\",\"url\":\"https:\/\/tourcruiser.com\/fr\/products\/air-jordan-5-retro-low-chinese-new-year-2016-840475-060\/\",\"name\":\"Air Jordan 5 Retro Low 'Chinese New Year' 2016 840475-060 - TOURCRUISER PTE. LTD\",\"isPartOf\":{\"@id\":\"\/#website\"},\"primaryImageOfPage\":{\"@id\":\"https:\/\/tourcruiser.com\/fr\/products\/air-jordan-5-retro-low-chinese-new-year-2016-840475-060\/#primaryimage\"},\"image\":{\"@id\":\"https:\/\/tourcruiser.com\/fr\/products\/air-jordan-5-retro-low-chinese-new-year-2016-840475-060\/#primaryimage\"},\"thumbnailUrl\":\"https:\/\/images.novelship.com\/product\/air_jordan_5_retro_low__chinese_new_year__2016_840_0_96565.jpeg;https:\/\/images.novelship.com\/product\/air_jordan_5_retro_low__chinese_new_year__2016_840_1_96565.jpeg;https:\/\/images.novelship.com\/product\/air_jordan_5_retro_low__chinese_new_year__2016_840_2_96565.jpeg;https:\/\/images.novelship.com\/product\/air_jordan_5_retro_low__chinese_new_year__2016_840_3_96565.jpeg;https:\/\/images.novelship.com\/product\/air_jordan_5_retro_low__chinese_new_year__2016_840_4_96565.jpeg;https:\/\/images.novelship.com\/product\/air_jordan_5_retro_low__chinese_new_year__2016_840_5_96565.jpeg;https:\/\/images.novelship.com\/product\/air_jordan_5_retro_low__chinese_new_year__2016_840_6_96565.jpeg;https:\/\/images.novelship.com\/product\/air_jordan_5_retro_low__chinese_new_year__2016_840_7_96565.jpeg\",\"datePublished\":\"2026-04-16T10:13:05+00:00\",\"dateModified\":\"2026-04-17T16:01:02+00:00\",\"breadcrumb\":{\"@id\":\"https:\/\/tourcruiser.com\/fr\/products\/air-jordan-5-retro-low-chinese-new-year-2016-840475-060\/#breadcrumb\"},\"inLanguage\":\"fr-FR\",\"potentialAction\":[{\"@type\":\"ReadAction\",\"target\":[\"https:\/\/tourcruiser.com\/fr\/products\/air-jordan-5-retro-low-chinese-new-year-2016-840475-060\/\"]}]},{\"@type\":\"ImageObject\",\"inLanguage\":\"fr-FR\",\"@id\":\"https:\/\/tourcruiser.com\/fr\/products\/air-jordan-5-retro-low-chinese-new-year-2016-840475-060\/#primaryimage\",\"url\":\"https:\/\/images.novelship.com\/product\/air_jordan_5_retro_low__chinese_new_year__2016_840_0_96565.jpeg;https:\/\/images.novelship.com\/product\/air_jordan_5_retro_low__chinese_new_year__2016_840_1_96565.jpeg;https:\/\/images.novelship.com\/product\/air_jordan_5_retro_low__chinese_new_year__2016_840_2_96565.jpeg;https:\/\/images.novelship.com\/product\/air_jordan_5_retro_low__chinese_new_year__2016_840_3_96565.jpeg;https:\/\/images.novelship.com\/product\/air_jordan_5_retro_low__chinese_new_year__2016_840_4_96565.jpeg;https:\/\/images.novelship.com\/product\/air_jordan_5_retro_low__chinese_new_year__2016_840_5_96565.jpeg;https:\/\/images.novelship.com\/product\/air_jordan_5_retro_low__chinese_new_year__2016_840_6_96565.jpeg;https:\/\/images.novelship.com\/product\/air_jordan_5_retro_low__chinese_new_year__2016_840_7_96565.jpeg\",\"contentUrl\":\"https:\/\/images.novelship.com\/product\/air_jordan_5_retro_low__chinese_new_year__2016_840_0_96565.jpeg;https:\/\/images.novelship.com\/product\/air_jordan_5_retro_low__chinese_new_year__2016_840_1_96565.jpeg;https:\/\/images.novelship.com\/product\/air_jordan_5_retro_low__chinese_new_year__2016_840_2_96565.jpeg;https:\/\/images.novelship.com\/product\/air_jordan_5_retro_low__chinese_new_year__2016_840_3_96565.jpeg;https:\/\/images.novelship.com\/product\/air_jordan_5_retro_low__chinese_new_year__2016_840_4_96565.jpeg;https:\/\/images.novelship.com\/product\/air_jordan_5_retro_low__chinese_new_year__2016_840_5_96565.jpeg;https:\/\/images.novelship.com\/product\/air_jordan_5_retro_low__chinese_new_year__2016_840_6_96565.jpeg;https:\/\/images.novelship.com\/product\/air_jordan_5_retro_low__chinese_new_year__2016_840_7_96565.jpeg\"},{\"@type\":\"BreadcrumbList\",\"@id\":\"https:\/\/tourcruiser.com\/fr\/products\/air-jordan-5-retro-low-chinese-new-year-2016-840475-060\/#breadcrumb\",\"itemListElement\":[{\"@type\":\"ListItem\",\"position\":1,\"name\":\"Home\",\"item\":\"https:\/\/tourcruiser.com\/fr\/\"},{\"@type\":\"ListItem\",\"position\":2,\"name\":\"Shop\",\"item\":\"https:\/\/tourcruiser.com\/fr\/shop\/\"},{\"@type\":\"ListItem\",\"position\":3,\"name\":\"Air Jordan 5 Retro Low &#8216;Chinese New Year&#8217; 2016 840475-060\"}]},{\"@type\":\"WebSite\",\"@id\":\"\/#website\",\"url\":\"\/\",\"name\":\"Styloral Jewelry Shop\",\"description\":\"Tourcruiser Sneaker Store \u2014 L\u2019endroit o\u00f9 l\u2019univers rencontre votre singularit\u00e9.\",\"publisher\":{\"@id\":\"\/#organization\"},\"potentialAction\":[{\"@type\":\"SearchAction\",\"target\":{\"@type\":\"EntryPoint\",\"urlTemplate\":\"\/?s={search_term_string}\"},\"query-input\":{\"@type\":\"PropertyValueSpecification\",\"valueRequired\":true,\"valueName\":\"search_term_string\"}}],\"inLanguage\":\"fr-FR\"},{\"@type\":\"Organization\",\"@id\":\"\/#organization\",\"name\":\"STYLORAL PTE. LTD\",\"url\":\"\/\",\"logo\":{\"@type\":\"ImageObject\",\"inLanguage\":\"fr-FR\",\"@id\":\"\/#\/schema\/logo\/image\/\",\"url\":\"https:\/\/www.tourcruiser.com\/wp-content\/uploads\/2025\/12\/logo.png\",\"contentUrl\":\"https:\/\/www.tourcruiser.com\/wp-content\/uploads\/2025\/12\/logo.png\",\"width\":200,\"height\":65,\"caption\":\"STYLORAL PTE. LTD\"},\"image\":{\"@id\":\"\/#\/schema\/logo\/image\/\"}}]}<\/script>\n<!-- \/ Yoast SEO plugin. -->","yoast_head_json":{"title":"Air Jordan 5 Retro Low 'Chinese New Year' 2016 840475-060 - TOURCRUISER PTE. LTD","robots":{"index":"index","follow":"follow","max-snippet":"max-snippet:-1","max-image-preview":"max-image-preview:large","max-video-preview":"max-video-preview:-1"},"canonical":"https:\/\/tourcruiser.com\/fr\/products\/air-jordan-5-retro-low-chinese-new-year-2016-840475-060\/","og_locale":"fr_FR","og_type":"article","og_title":"Air Jordan 5 Retro Low 'Chinese New Year' 2016 840475-060 - TOURCRUISER PTE. LTD","og_description":"Pr\u00e9parez-vous \u00e0 c\u00e9l\u00e9brer le Nouvel An chinois avec style gr\u00e2ce \u00e0 la Air Jordan 5 Retro Low Chinese New Year 2016. Cette sneaker embl\u00e9matique de la marque Jordan arbore un design noir \u00e9l\u00e9gant et est parfaite pour toutes les occasions. Avec son design distinctif et son confort optimal, elle est un incontournable pour tout amateur [&hellip;]","og_url":"https:\/\/tourcruiser.com\/fr\/products\/air-jordan-5-retro-low-chinese-new-year-2016-840475-060\/","og_site_name":"Tourcruiser Sneaker Store","article_modified_time":"2026-04-17T16:01:02+00:00","twitter_card":"summary_large_image","twitter_image":"https:\/\/images.novelship.com\/product\/air_jordan_5_retro_low__chinese_new_year__2016_840_0_96565.jpeg;https:\/\/images.novelship.com\/product\/air_jordan_5_retro_low__chinese_new_year__2016_840_1_96565.jpeg;https:\/\/images.novelship.com\/product\/air_jordan_5_retro_low__chinese_new_year__2016_840_2_96565.jpeg;https:\/\/images.novelship.com\/product\/air_jordan_5_retro_low__chinese_new_year__2016_840_3_96565.jpeg;https:\/\/images.novelship.com\/product\/air_jordan_5_retro_low__chinese_new_year__2016_840_4_96565.jpeg;https:\/\/images.novelship.com\/product\/air_jordan_5_retro_low__chinese_new_year__2016_840_5_96565.jpeg;https:\/\/images.novelship.com\/product\/air_jordan_5_retro_low__chinese_new_year__2016_840_6_96565.jpeg;https:\/\/images.novelship.com\/product\/air_jordan_5_retro_low__chinese_new_year__2016_840_7_96565.jpeg","twitter_misc":{"Dur\u00e9e de lecture estim\u00e9e":"1 minute"},"schema":{"@context":"https:\/\/schema.org","@graph":[{"@type":"WebPage","@id":"https:\/\/tourcruiser.com\/fr\/products\/air-jordan-5-retro-low-chinese-new-year-2016-840475-060\/","url":"https:\/\/tourcruiser.com\/fr\/products\/air-jordan-5-retro-low-chinese-new-year-2016-840475-060\/","name":"Air Jordan 5 Retro Low 'Chinese New Year' 2016 840475-060 - TOURCRUISER PTE. LTD","isPartOf":{"@id":"\/#website"},"primaryImageOfPage":{"@id":"https:\/\/tourcruiser.com\/fr\/products\/air-jordan-5-retro-low-chinese-new-year-2016-840475-060\/#primaryimage"},"image":{"@id":"https:\/\/tourcruiser.com\/fr\/products\/air-jordan-5-retro-low-chinese-new-year-2016-840475-060\/#primaryimage"},"thumbnailUrl":"https:\/\/images.novelship.com\/product\/air_jordan_5_retro_low__chinese_new_year__2016_840_0_96565.jpeg;https:\/\/images.novelship.com\/product\/air_jordan_5_retro_low__chinese_new_year__2016_840_1_96565.jpeg;https:\/\/images.novelship.com\/product\/air_jordan_5_retro_low__chinese_new_year__2016_840_2_96565.jpeg;https:\/\/images.novelship.com\/product\/air_jordan_5_retro_low__chinese_new_year__2016_840_3_96565.jpeg;https:\/\/images.novelship.com\/product\/air_jordan_5_retro_low__chinese_new_year__2016_840_4_96565.jpeg;https:\/\/images.novelship.com\/product\/air_jordan_5_retro_low__chinese_new_year__2016_840_5_96565.jpeg;https:\/\/images.novelship.com\/product\/air_jordan_5_retro_low__chinese_new_year__2016_840_6_96565.jpeg;https:\/\/images.novelship.com\/product\/air_jordan_5_retro_low__chinese_new_year__2016_840_7_96565.jpeg","datePublished":"2026-04-16T10:13:05+00:00","dateModified":"2026-04-17T16:01:02+00:00","breadcrumb":{"@id":"https:\/\/tourcruiser.com\/fr\/products\/air-jordan-5-retro-low-chinese-new-year-2016-840475-060\/#breadcrumb"},"inLanguage":"fr-FR","potentialAction":[{"@type":"ReadAction","target":["https:\/\/tourcruiser.com\/fr\/products\/air-jordan-5-retro-low-chinese-new-year-2016-840475-060\/"]}]},{"@type":"ImageObject","inLanguage":"fr-FR","@id":"https:\/\/tourcruiser.com\/fr\/products\/air-jordan-5-retro-low-chinese-new-year-2016-840475-060\/#primaryimage","url":"https:\/\/images.novelship.com\/product\/air_jordan_5_retro_low__chinese_new_year__2016_840_0_96565.jpeg;https:\/\/images.novelship.com\/product\/air_jordan_5_retro_low__chinese_new_year__2016_840_1_96565.jpeg;https:\/\/images.novelship.com\/product\/air_jordan_5_retro_low__chinese_new_year__2016_840_2_96565.jpeg;https:\/\/images.novelship.com\/product\/air_jordan_5_retro_low__chinese_new_year__2016_840_3_96565.jpeg;https:\/\/images.novelship.com\/product\/air_jordan_5_retro_low__chinese_new_year__2016_840_4_96565.jpeg;https:\/\/images.novelship.com\/product\/air_jordan_5_retro_low__chinese_new_year__2016_840_5_96565.jpeg;https:\/\/images.novelship.com\/product\/air_jordan_5_retro_low__chinese_new_year__2016_840_6_96565.jpeg;https:\/\/images.novelship.com\/product\/air_jordan_5_retro_low__chinese_new_year__2016_840_7_96565.jpeg","contentUrl":"https:\/\/images.novelship.com\/product\/air_jordan_5_retro_low__chinese_new_year__2016_840_0_96565.jpeg;https:\/\/images.novelship.com\/product\/air_jordan_5_retro_low__chinese_new_year__2016_840_1_96565.jpeg;https:\/\/images.novelship.com\/product\/air_jordan_5_retro_low__chinese_new_year__2016_840_2_96565.jpeg;https:\/\/images.novelship.com\/product\/air_jordan_5_retro_low__chinese_new_year__2016_840_3_96565.jpeg;https:\/\/images.novelship.com\/product\/air_jordan_5_retro_low__chinese_new_year__2016_840_4_96565.jpeg;https:\/\/images.novelship.com\/product\/air_jordan_5_retro_low__chinese_new_year__2016_840_5_96565.jpeg;https:\/\/images.novelship.com\/product\/air_jordan_5_retro_low__chinese_new_year__2016_840_6_96565.jpeg;https:\/\/images.novelship.com\/product\/air_jordan_5_retro_low__chinese_new_year__2016_840_7_96565.jpeg"},{"@type":"BreadcrumbList","@id":"https:\/\/tourcruiser.com\/fr\/products\/air-jordan-5-retro-low-chinese-new-year-2016-840475-060\/#breadcrumb","itemListElement":[{"@type":"ListItem","position":1,"name":"Home","item":"https:\/\/tourcruiser.com\/fr\/"},{"@type":"ListItem","position":2,"name":"Shop","item":"https:\/\/tourcruiser.com\/fr\/shop\/"},{"@type":"ListItem","position":3,"name":"Air Jordan 5 Retro Low &#8216;Chinese New Year&#8217; 2016 840475-060"}]},{"@type":"WebSite","@id":"\/#website","url":"\/","name":"Styloral Jewelry Shop","description":"Tourcruiser Sneaker Store \u2014 L\u2019endroit o\u00f9 l\u2019univers rencontre votre singularit\u00e9.","publisher":{"@id":"\/#organization"},"potentialAction":[{"@type":"SearchAction","target":{"@type":"EntryPoint","urlTemplate":"\/?s={search_term_string}"},"query-input":{"@type":"PropertyValueSpecification","valueRequired":true,"valueName":"search_term_string"}}],"inLanguage":"fr-FR"},{"@type":"Organization","@id":"\/#organization","name":"STYLORAL PTE. LTD","url":"\/","logo":{"@type":"ImageObject","inLanguage":"fr-FR","@id":"\/#\/schema\/logo\/image\/","url":"https:\/\/www.tourcruiser.com\/wp-content\/uploads\/2025\/12\/logo.png","contentUrl":"https:\/\/www.tourcruiser.com\/wp-content\/uploads\/2025\/12\/logo.png","width":200,"height":65,"caption":"STYLORAL PTE. LTD"},"image":{"@id":"\/#\/schema\/logo\/image\/"}}]}},"_links":{"self":[{"href":"https:\/\/tourcruiser.com\/fr\/wp-json\/wp\/v2\/product\/768285","targetHints":{"allow":["GET"]}}],"collection":[{"href":"https:\/\/tourcruiser.com\/fr\/wp-json\/wp\/v2\/product"}],"about":[{"href":"https:\/\/tourcruiser.com\/fr\/wp-json\/wp\/v2\/types\/product"}],"replies":[{"embeddable":true,"href":"https:\/\/tourcruiser.com\/fr\/wp-json\/wp\/v2\/comments?post=768285"}],"wp:featuredmedia":[{"embeddable":true,"href":"https:\/\/tourcruiser.com\/fr\/wp-json\/wp\/v2\/media\/768286"}],"wp:attachment":[{"href":"https:\/\/tourcruiser.com\/fr\/wp-json\/wp\/v2\/media?parent=768285"}],"wp:term":[{"taxonomy":"product_brand","embeddable":true,"href":"https:\/\/tourcruiser.com\/fr\/wp-json\/wp\/v2\/product_brand?post=768285"},{"taxonomy":"product_cat","embeddable":true,"href":"https:\/\/tourcruiser.com\/fr\/wp-json\/wp\/v2\/product_cat?post=768285"},{"taxonomy":"product_tag","embeddable":true,"href":"https:\/\/tourcruiser.com\/fr\/wp-json\/wp\/v2\/product_tag?post=768285"}],"curies":[{"name":"wp","href":"https:\/\/api.w.org\/{rel}","templated":true}]}}