{"id":768276,"date":"2026-04-16T17:13:05","date_gmt":"2026-04-16T10:13:05","guid":{"rendered":"http:\/\/tourcruiser.com\/product\/air-jordan-legacy-312-black-camo-green-av3922-003"},"modified":"2026-04-17T23:01:01","modified_gmt":"2026-04-17T16:01:01","slug":"air-jordan-legacy-312-black-camo-green-av3922-003","status":"publish","type":"product","link":"https:\/\/tourcruiser.com\/fr\/products\/air-jordan-legacy-312-black-camo-green-av3922-003\/","title":{"rendered":"Air Jordan Legacy 312 &lsquo;Black Camo Green&rsquo; AV3922-003"},"content":{"rendered":"<p>Con\u00e7ue par Don C, la Air Jordan Legacy 312 Black Camo Green est une sneaker haut de gamme qui combine des \u00e9l\u00e9ments embl\u00e9matiques des Air Jordan 1, Air Jordan 3 et Nike Air Alpha Force. Avec son coloris noir \u00e9l\u00e9gant et ses accents vert camouflage, cette chaussure allie style et performance. D\u00e9couvrez la fusion parfaite entre tradition et innovation avec la Air Jordan Legacy 312 Camo Green.<\/p>\n<p>Coloris\u00a0: Noir\/Vert camouflage-Noir<\/p>\n<p>Code article\u00a0: AV3922-003<\/p>\n<p>Tige\u00a0: Cuir<\/p>\n<p>Semelle interm\u00e9diaire\u00a0: Air<\/p>\n<p>Couleur\u00a0: Noir<\/p>\n<p>Cr\u00e9ateur\u00a0: Don C<\/p>\n<p>Saison\u00a0: Hiver<\/p>\n<p>Ann\u00e9e de sortie\u00a0: 2018<\/p>\n<p>\u00c2ge\u00a0: Adulte<br \/>\nCouleur\u00a0: Noir\/Noir-Noir<br \/>\nGenre\u00a0: Homme<\/p>\n","protected":false},"excerpt":{"rendered":"<p>Con\u00e7ue par Don C, la Air Jordan Legacy 312 Black Camo Green est une sneaker haut de gamme qui combine des \u00e9l\u00e9ments embl\u00e9matiques des Air Jordan 1, Air Jordan 3 et Nike Air Alpha Force. Avec son coloris noir \u00e9l\u00e9gant et ses accents vert camouflage, cette chaussure allie style et performance. D\u00e9couvrez la fusion parfaite [&hellip;]<\/p>\n","protected":false},"featured_media":768277,"comment_status":"open","ping_status":"closed","template":"","meta":[],"product_brand":[],"product_cat":[38880],"product_tag":[10750,38841,10776,38875,10777,10756],"class_list":{"0":"post-768276","1":"product","2":"type-product","3":"status-publish","4":"has-post-thumbnail","6":"product_cat-jordan","7":"product_tag-athleisure-shoes","8":"product_tag-casual-shoes","9":"product_tag-jordan","10":"product_tag-jordan-skateboard-shoes","11":"product_tag-lifestyle-shoes-basketball-inspired","12":"product_tag-retro-casual-shoes","14":"first","15":"instock","16":"taxable","17":"shipping-taxable","18":"purchasable","19":"product-type-simple"},"wcpa_form_fields":null,"yoast_head":"<!-- This site is optimized with the Yoast SEO plugin v26.5 - https:\/\/yoast.com\/wordpress\/plugins\/seo\/ -->\n<title>Air Jordan Legacy 312 &#039;Black Camo Green&#039; AV3922-003 - TOURCRUISER PTE. LTD<\/title>\n<meta name=\"robots\" content=\"index, follow, max-snippet:-1, max-image-preview:large, max-video-preview:-1\" \/>\n<link rel=\"canonical\" href=\"https:\/\/tourcruiser.com\/fr\/products\/air-jordan-legacy-312-black-camo-green-av3922-003\/\" \/>\n<meta property=\"og:locale\" content=\"fr_FR\" \/>\n<meta property=\"og:type\" content=\"article\" \/>\n<meta property=\"og:title\" content=\"Air Jordan Legacy 312 &#039;Black Camo Green&#039; AV3922-003 - TOURCRUISER PTE. LTD\" \/>\n<meta property=\"og:description\" content=\"Con\u00e7ue par Don C, la Air Jordan Legacy 312 Black Camo Green est une sneaker haut de gamme qui combine des \u00e9l\u00e9ments embl\u00e9matiques des Air Jordan 1, Air Jordan 3 et Nike Air Alpha Force. Avec son coloris noir \u00e9l\u00e9gant et ses accents vert camouflage, cette chaussure allie style et performance. D\u00e9couvrez la fusion parfaite [&hellip;]\" \/>\n<meta property=\"og:url\" content=\"https:\/\/tourcruiser.com\/fr\/products\/air-jordan-legacy-312-black-camo-green-av3922-003\/\" \/>\n<meta property=\"og:site_name\" content=\"Tourcruiser Sneaker Store\" \/>\n<meta property=\"article:modified_time\" content=\"2026-04-17T16:01:01+00:00\" \/>\n<meta name=\"twitter:card\" content=\"summary_large_image\" \/>\n<meta name=\"twitter:image\" content=\"https:\/\/images.novelship.com\/product\/air_jordan_legacy_312__black_camo_green__av3922-00_0_7421.jpeg;https:\/\/images.novelship.com\/product\/air_jordan_legacy_312__black_camo_green__av3922-00_1_7421.jpeg;https:\/\/images.novelship.com\/product\/air_jordan_legacy_312__black_camo_green__av3922-00_2_7421.jpeg;https:\/\/images.novelship.com\/product\/air_jordan_legacy_312__black_camo_green__av3922-00_3_7421.jpeg;https:\/\/images.novelship.com\/product\/air_jordan_legacy_312__black_camo_green__av3922-00_4_7421.jpeg;https:\/\/images.novelship.com\/product\/air_jordan_legacy_312__black_camo_green__av3922-00_5_7421.jpeg;https:\/\/images.novelship.com\/product\/air_jordan_legacy_312__black_camo_green__av3922-00_6_7421.jpeg;https:\/\/images.novelship.com\/product\/air_jordan_legacy_312__black_camo_green__av3922-00_7_7421.jpeg\" \/>\n<meta name=\"twitter:label1\" content=\"Dur\u00e9e de lecture estim\u00e9e\" \/>\n\t<meta name=\"twitter:data1\" content=\"1 minute\" \/>\n<script type=\"application\/ld+json\" class=\"yoast-schema-graph\">{\"@context\":\"https:\/\/schema.org\",\"@graph\":[{\"@type\":\"WebPage\",\"@id\":\"https:\/\/tourcruiser.com\/fr\/products\/air-jordan-legacy-312-black-camo-green-av3922-003\/\",\"url\":\"https:\/\/tourcruiser.com\/fr\/products\/air-jordan-legacy-312-black-camo-green-av3922-003\/\",\"name\":\"Air Jordan Legacy 312 'Black Camo Green' AV3922-003 - TOURCRUISER PTE. LTD\",\"isPartOf\":{\"@id\":\"\/#website\"},\"primaryImageOfPage\":{\"@id\":\"https:\/\/tourcruiser.com\/fr\/products\/air-jordan-legacy-312-black-camo-green-av3922-003\/#primaryimage\"},\"image\":{\"@id\":\"https:\/\/tourcruiser.com\/fr\/products\/air-jordan-legacy-312-black-camo-green-av3922-003\/#primaryimage\"},\"thumbnailUrl\":\"https:\/\/images.novelship.com\/product\/air_jordan_legacy_312__black_camo_green__av3922-00_0_7421.jpeg;https:\/\/images.novelship.com\/product\/air_jordan_legacy_312__black_camo_green__av3922-00_1_7421.jpeg;https:\/\/images.novelship.com\/product\/air_jordan_legacy_312__black_camo_green__av3922-00_2_7421.jpeg;https:\/\/images.novelship.com\/product\/air_jordan_legacy_312__black_camo_green__av3922-00_3_7421.jpeg;https:\/\/images.novelship.com\/product\/air_jordan_legacy_312__black_camo_green__av3922-00_4_7421.jpeg;https:\/\/images.novelship.com\/product\/air_jordan_legacy_312__black_camo_green__av3922-00_5_7421.jpeg;https:\/\/images.novelship.com\/product\/air_jordan_legacy_312__black_camo_green__av3922-00_6_7421.jpeg;https:\/\/images.novelship.com\/product\/air_jordan_legacy_312__black_camo_green__av3922-00_7_7421.jpeg\",\"datePublished\":\"2026-04-16T10:13:05+00:00\",\"dateModified\":\"2026-04-17T16:01:01+00:00\",\"breadcrumb\":{\"@id\":\"https:\/\/tourcruiser.com\/fr\/products\/air-jordan-legacy-312-black-camo-green-av3922-003\/#breadcrumb\"},\"inLanguage\":\"fr-FR\",\"potentialAction\":[{\"@type\":\"ReadAction\",\"target\":[\"https:\/\/tourcruiser.com\/fr\/products\/air-jordan-legacy-312-black-camo-green-av3922-003\/\"]}]},{\"@type\":\"ImageObject\",\"inLanguage\":\"fr-FR\",\"@id\":\"https:\/\/tourcruiser.com\/fr\/products\/air-jordan-legacy-312-black-camo-green-av3922-003\/#primaryimage\",\"url\":\"https:\/\/images.novelship.com\/product\/air_jordan_legacy_312__black_camo_green__av3922-00_0_7421.jpeg;https:\/\/images.novelship.com\/product\/air_jordan_legacy_312__black_camo_green__av3922-00_1_7421.jpeg;https:\/\/images.novelship.com\/product\/air_jordan_legacy_312__black_camo_green__av3922-00_2_7421.jpeg;https:\/\/images.novelship.com\/product\/air_jordan_legacy_312__black_camo_green__av3922-00_3_7421.jpeg;https:\/\/images.novelship.com\/product\/air_jordan_legacy_312__black_camo_green__av3922-00_4_7421.jpeg;https:\/\/images.novelship.com\/product\/air_jordan_legacy_312__black_camo_green__av3922-00_5_7421.jpeg;https:\/\/images.novelship.com\/product\/air_jordan_legacy_312__black_camo_green__av3922-00_6_7421.jpeg;https:\/\/images.novelship.com\/product\/air_jordan_legacy_312__black_camo_green__av3922-00_7_7421.jpeg\",\"contentUrl\":\"https:\/\/images.novelship.com\/product\/air_jordan_legacy_312__black_camo_green__av3922-00_0_7421.jpeg;https:\/\/images.novelship.com\/product\/air_jordan_legacy_312__black_camo_green__av3922-00_1_7421.jpeg;https:\/\/images.novelship.com\/product\/air_jordan_legacy_312__black_camo_green__av3922-00_2_7421.jpeg;https:\/\/images.novelship.com\/product\/air_jordan_legacy_312__black_camo_green__av3922-00_3_7421.jpeg;https:\/\/images.novelship.com\/product\/air_jordan_legacy_312__black_camo_green__av3922-00_4_7421.jpeg;https:\/\/images.novelship.com\/product\/air_jordan_legacy_312__black_camo_green__av3922-00_5_7421.jpeg;https:\/\/images.novelship.com\/product\/air_jordan_legacy_312__black_camo_green__av3922-00_6_7421.jpeg;https:\/\/images.novelship.com\/product\/air_jordan_legacy_312__black_camo_green__av3922-00_7_7421.jpeg\"},{\"@type\":\"BreadcrumbList\",\"@id\":\"https:\/\/tourcruiser.com\/fr\/products\/air-jordan-legacy-312-black-camo-green-av3922-003\/#breadcrumb\",\"itemListElement\":[{\"@type\":\"ListItem\",\"position\":1,\"name\":\"Home\",\"item\":\"https:\/\/tourcruiser.com\/fr\/\"},{\"@type\":\"ListItem\",\"position\":2,\"name\":\"Shop\",\"item\":\"https:\/\/tourcruiser.com\/fr\/shop\/\"},{\"@type\":\"ListItem\",\"position\":3,\"name\":\"Air Jordan Legacy 312 &#8216;Black Camo Green&#8217; AV3922-003\"}]},{\"@type\":\"WebSite\",\"@id\":\"\/#website\",\"url\":\"\/\",\"name\":\"Styloral Jewelry Shop\",\"description\":\"Tourcruiser Sneaker Store \u2014 L\u2019endroit o\u00f9 l\u2019univers rencontre votre singularit\u00e9.\",\"publisher\":{\"@id\":\"\/#organization\"},\"potentialAction\":[{\"@type\":\"SearchAction\",\"target\":{\"@type\":\"EntryPoint\",\"urlTemplate\":\"\/?s={search_term_string}\"},\"query-input\":{\"@type\":\"PropertyValueSpecification\",\"valueRequired\":true,\"valueName\":\"search_term_string\"}}],\"inLanguage\":\"fr-FR\"},{\"@type\":\"Organization\",\"@id\":\"\/#organization\",\"name\":\"STYLORAL PTE. LTD\",\"url\":\"\/\",\"logo\":{\"@type\":\"ImageObject\",\"inLanguage\":\"fr-FR\",\"@id\":\"\/#\/schema\/logo\/image\/\",\"url\":\"https:\/\/www.tourcruiser.com\/wp-content\/uploads\/2025\/12\/logo.png\",\"contentUrl\":\"https:\/\/www.tourcruiser.com\/wp-content\/uploads\/2025\/12\/logo.png\",\"width\":200,\"height\":65,\"caption\":\"STYLORAL PTE. LTD\"},\"image\":{\"@id\":\"\/#\/schema\/logo\/image\/\"}}]}<\/script>\n<!-- \/ Yoast SEO plugin. -->","yoast_head_json":{"title":"Air Jordan Legacy 312 'Black Camo Green' AV3922-003 - TOURCRUISER PTE. LTD","robots":{"index":"index","follow":"follow","max-snippet":"max-snippet:-1","max-image-preview":"max-image-preview:large","max-video-preview":"max-video-preview:-1"},"canonical":"https:\/\/tourcruiser.com\/fr\/products\/air-jordan-legacy-312-black-camo-green-av3922-003\/","og_locale":"fr_FR","og_type":"article","og_title":"Air Jordan Legacy 312 'Black Camo Green' AV3922-003 - TOURCRUISER PTE. LTD","og_description":"Con\u00e7ue par Don C, la Air Jordan Legacy 312 Black Camo Green est une sneaker haut de gamme qui combine des \u00e9l\u00e9ments embl\u00e9matiques des Air Jordan 1, Air Jordan 3 et Nike Air Alpha Force. Avec son coloris noir \u00e9l\u00e9gant et ses accents vert camouflage, cette chaussure allie style et performance. D\u00e9couvrez la fusion parfaite [&hellip;]","og_url":"https:\/\/tourcruiser.com\/fr\/products\/air-jordan-legacy-312-black-camo-green-av3922-003\/","og_site_name":"Tourcruiser Sneaker Store","article_modified_time":"2026-04-17T16:01:01+00:00","twitter_card":"summary_large_image","twitter_image":"https:\/\/images.novelship.com\/product\/air_jordan_legacy_312__black_camo_green__av3922-00_0_7421.jpeg;https:\/\/images.novelship.com\/product\/air_jordan_legacy_312__black_camo_green__av3922-00_1_7421.jpeg;https:\/\/images.novelship.com\/product\/air_jordan_legacy_312__black_camo_green__av3922-00_2_7421.jpeg;https:\/\/images.novelship.com\/product\/air_jordan_legacy_312__black_camo_green__av3922-00_3_7421.jpeg;https:\/\/images.novelship.com\/product\/air_jordan_legacy_312__black_camo_green__av3922-00_4_7421.jpeg;https:\/\/images.novelship.com\/product\/air_jordan_legacy_312__black_camo_green__av3922-00_5_7421.jpeg;https:\/\/images.novelship.com\/product\/air_jordan_legacy_312__black_camo_green__av3922-00_6_7421.jpeg;https:\/\/images.novelship.com\/product\/air_jordan_legacy_312__black_camo_green__av3922-00_7_7421.jpeg","twitter_misc":{"Dur\u00e9e de lecture estim\u00e9e":"1 minute"},"schema":{"@context":"https:\/\/schema.org","@graph":[{"@type":"WebPage","@id":"https:\/\/tourcruiser.com\/fr\/products\/air-jordan-legacy-312-black-camo-green-av3922-003\/","url":"https:\/\/tourcruiser.com\/fr\/products\/air-jordan-legacy-312-black-camo-green-av3922-003\/","name":"Air Jordan Legacy 312 'Black Camo Green' AV3922-003 - TOURCRUISER PTE. LTD","isPartOf":{"@id":"\/#website"},"primaryImageOfPage":{"@id":"https:\/\/tourcruiser.com\/fr\/products\/air-jordan-legacy-312-black-camo-green-av3922-003\/#primaryimage"},"image":{"@id":"https:\/\/tourcruiser.com\/fr\/products\/air-jordan-legacy-312-black-camo-green-av3922-003\/#primaryimage"},"thumbnailUrl":"https:\/\/images.novelship.com\/product\/air_jordan_legacy_312__black_camo_green__av3922-00_0_7421.jpeg;https:\/\/images.novelship.com\/product\/air_jordan_legacy_312__black_camo_green__av3922-00_1_7421.jpeg;https:\/\/images.novelship.com\/product\/air_jordan_legacy_312__black_camo_green__av3922-00_2_7421.jpeg;https:\/\/images.novelship.com\/product\/air_jordan_legacy_312__black_camo_green__av3922-00_3_7421.jpeg;https:\/\/images.novelship.com\/product\/air_jordan_legacy_312__black_camo_green__av3922-00_4_7421.jpeg;https:\/\/images.novelship.com\/product\/air_jordan_legacy_312__black_camo_green__av3922-00_5_7421.jpeg;https:\/\/images.novelship.com\/product\/air_jordan_legacy_312__black_camo_green__av3922-00_6_7421.jpeg;https:\/\/images.novelship.com\/product\/air_jordan_legacy_312__black_camo_green__av3922-00_7_7421.jpeg","datePublished":"2026-04-16T10:13:05+00:00","dateModified":"2026-04-17T16:01:01+00:00","breadcrumb":{"@id":"https:\/\/tourcruiser.com\/fr\/products\/air-jordan-legacy-312-black-camo-green-av3922-003\/#breadcrumb"},"inLanguage":"fr-FR","potentialAction":[{"@type":"ReadAction","target":["https:\/\/tourcruiser.com\/fr\/products\/air-jordan-legacy-312-black-camo-green-av3922-003\/"]}]},{"@type":"ImageObject","inLanguage":"fr-FR","@id":"https:\/\/tourcruiser.com\/fr\/products\/air-jordan-legacy-312-black-camo-green-av3922-003\/#primaryimage","url":"https:\/\/images.novelship.com\/product\/air_jordan_legacy_312__black_camo_green__av3922-00_0_7421.jpeg;https:\/\/images.novelship.com\/product\/air_jordan_legacy_312__black_camo_green__av3922-00_1_7421.jpeg;https:\/\/images.novelship.com\/product\/air_jordan_legacy_312__black_camo_green__av3922-00_2_7421.jpeg;https:\/\/images.novelship.com\/product\/air_jordan_legacy_312__black_camo_green__av3922-00_3_7421.jpeg;https:\/\/images.novelship.com\/product\/air_jordan_legacy_312__black_camo_green__av3922-00_4_7421.jpeg;https:\/\/images.novelship.com\/product\/air_jordan_legacy_312__black_camo_green__av3922-00_5_7421.jpeg;https:\/\/images.novelship.com\/product\/air_jordan_legacy_312__black_camo_green__av3922-00_6_7421.jpeg;https:\/\/images.novelship.com\/product\/air_jordan_legacy_312__black_camo_green__av3922-00_7_7421.jpeg","contentUrl":"https:\/\/images.novelship.com\/product\/air_jordan_legacy_312__black_camo_green__av3922-00_0_7421.jpeg;https:\/\/images.novelship.com\/product\/air_jordan_legacy_312__black_camo_green__av3922-00_1_7421.jpeg;https:\/\/images.novelship.com\/product\/air_jordan_legacy_312__black_camo_green__av3922-00_2_7421.jpeg;https:\/\/images.novelship.com\/product\/air_jordan_legacy_312__black_camo_green__av3922-00_3_7421.jpeg;https:\/\/images.novelship.com\/product\/air_jordan_legacy_312__black_camo_green__av3922-00_4_7421.jpeg;https:\/\/images.novelship.com\/product\/air_jordan_legacy_312__black_camo_green__av3922-00_5_7421.jpeg;https:\/\/images.novelship.com\/product\/air_jordan_legacy_312__black_camo_green__av3922-00_6_7421.jpeg;https:\/\/images.novelship.com\/product\/air_jordan_legacy_312__black_camo_green__av3922-00_7_7421.jpeg"},{"@type":"BreadcrumbList","@id":"https:\/\/tourcruiser.com\/fr\/products\/air-jordan-legacy-312-black-camo-green-av3922-003\/#breadcrumb","itemListElement":[{"@type":"ListItem","position":1,"name":"Home","item":"https:\/\/tourcruiser.com\/fr\/"},{"@type":"ListItem","position":2,"name":"Shop","item":"https:\/\/tourcruiser.com\/fr\/shop\/"},{"@type":"ListItem","position":3,"name":"Air Jordan Legacy 312 &#8216;Black Camo Green&#8217; AV3922-003"}]},{"@type":"WebSite","@id":"\/#website","url":"\/","name":"Styloral Jewelry Shop","description":"Tourcruiser Sneaker Store \u2014 L\u2019endroit o\u00f9 l\u2019univers rencontre votre singularit\u00e9.","publisher":{"@id":"\/#organization"},"potentialAction":[{"@type":"SearchAction","target":{"@type":"EntryPoint","urlTemplate":"\/?s={search_term_string}"},"query-input":{"@type":"PropertyValueSpecification","valueRequired":true,"valueName":"search_term_string"}}],"inLanguage":"fr-FR"},{"@type":"Organization","@id":"\/#organization","name":"STYLORAL PTE. LTD","url":"\/","logo":{"@type":"ImageObject","inLanguage":"fr-FR","@id":"\/#\/schema\/logo\/image\/","url":"https:\/\/www.tourcruiser.com\/wp-content\/uploads\/2025\/12\/logo.png","contentUrl":"https:\/\/www.tourcruiser.com\/wp-content\/uploads\/2025\/12\/logo.png","width":200,"height":65,"caption":"STYLORAL PTE. LTD"},"image":{"@id":"\/#\/schema\/logo\/image\/"}}]}},"_links":{"self":[{"href":"https:\/\/tourcruiser.com\/fr\/wp-json\/wp\/v2\/product\/768276","targetHints":{"allow":["GET"]}}],"collection":[{"href":"https:\/\/tourcruiser.com\/fr\/wp-json\/wp\/v2\/product"}],"about":[{"href":"https:\/\/tourcruiser.com\/fr\/wp-json\/wp\/v2\/types\/product"}],"replies":[{"embeddable":true,"href":"https:\/\/tourcruiser.com\/fr\/wp-json\/wp\/v2\/comments?post=768276"}],"wp:featuredmedia":[{"embeddable":true,"href":"https:\/\/tourcruiser.com\/fr\/wp-json\/wp\/v2\/media\/768277"}],"wp:attachment":[{"href":"https:\/\/tourcruiser.com\/fr\/wp-json\/wp\/v2\/media?parent=768276"}],"wp:term":[{"taxonomy":"product_brand","embeddable":true,"href":"https:\/\/tourcruiser.com\/fr\/wp-json\/wp\/v2\/product_brand?post=768276"},{"taxonomy":"product_cat","embeddable":true,"href":"https:\/\/tourcruiser.com\/fr\/wp-json\/wp\/v2\/product_cat?post=768276"},{"taxonomy":"product_tag","embeddable":true,"href":"https:\/\/tourcruiser.com\/fr\/wp-json\/wp\/v2\/product_tag?post=768276"}],"curies":[{"name":"wp","href":"https:\/\/api.w.org\/{rel}","templated":true}]}}