{"id":768242,"date":"2026-04-16T17:13:04","date_gmt":"2026-04-16T10:13:04","guid":{"rendered":"http:\/\/tourcruiser.com\/product\/air-jordan-legacy-312-low-golden-moss-alligator-dx9260-001"},"modified":"2026-04-17T23:00:59","modified_gmt":"2026-04-17T16:00:59","slug":"air-jordan-legacy-312-low-golden-moss-alligator-dx9260-001","status":"publish","type":"product","link":"https:\/\/tourcruiser.com\/fr\/products\/air-jordan-legacy-312-low-golden-moss-alligator-dx9260-001\/","title":{"rendered":"Air Jordan Legacy 312 Low &lsquo;Golden Moss Alligator&rsquo; DX9260-001"},"content":{"rendered":"<p>La Air Jordan Legacy 312 Low Golden Moss Alligator, aussi appel\u00e9e Golden Moss Alligator, est une sneaker tendance et \u00e9l\u00e9gante de la l\u00e9gendaire marque Jordan. Avec sa teinte marron clair, elle arbore un design unique et captivant. Parfaite pour le sport et les loisirs, c&rsquo;est une pi\u00e8ce incontournable pour toute collection de sneakers.<\/p>\n<p>Coloris\u00a0: Phantom\/Alligator\/Golden Moss<br \/>\nR\u00e9f\u00e9rence\u00a0: DX9260-001<br \/>\nTige\u00a0: Daim<br \/>\nSemelle interm\u00e9diaire\u00a0: Air<br \/>\nCouleur\u00a0: Beige<br \/>\nDesigner\u00a0: Don C<br \/>\nSaison\u00a0: Hiver<br \/>\nAnn\u00e9e de sortie\u00a0: 2022<\/p>\n<p>\u00c2ge\u00a0: Adulte<br \/>\nCouleur\u00a0: Blanc\/Blanc-Rouge Gym-Blanc<br \/>\nGenre\u00a0: Homme<\/p>\n","protected":false},"excerpt":{"rendered":"<p>La Air Jordan Legacy 312 Low Golden Moss Alligator, aussi appel\u00e9e Golden Moss Alligator, est une sneaker tendance et \u00e9l\u00e9gante de la l\u00e9gendaire marque Jordan. Avec sa teinte marron clair, elle arbore un design unique et captivant. Parfaite pour le sport et les loisirs, c&rsquo;est une pi\u00e8ce incontournable pour toute collection de sneakers. Coloris\u00a0: Phantom\/Alligator\/Golden [&hellip;]<\/p>\n","protected":false},"featured_media":768243,"comment_status":"open","ping_status":"closed","template":"","meta":[],"product_brand":[],"product_cat":[38880],"product_tag":[10750,38841,38842,10776,11349,38875,38886,10756],"class_list":{"0":"post-768242","1":"product","2":"type-product","3":"status-publish","4":"has-post-thumbnail","6":"product_cat-jordan","7":"product_tag-athleisure-shoes","8":"product_tag-casual-shoes","9":"product_tag-gift-idea-for-him","10":"product_tag-jordan","11":"product_tag-jordan-basketball-shoes","12":"product_tag-jordan-skateboard-shoes","13":"product_tag-lifestyle-shoes-inspired-by-basketball","14":"product_tag-retro-casual-shoes","16":"first","17":"instock","18":"taxable","19":"shipping-taxable","20":"purchasable","21":"product-type-simple"},"wcpa_form_fields":null,"yoast_head":"<!-- This site is optimized with the Yoast SEO plugin v26.5 - https:\/\/yoast.com\/wordpress\/plugins\/seo\/ -->\n<title>Air Jordan Legacy 312 Low &#039;Golden Moss Alligator&#039; DX9260-001 - TOURCRUISER PTE. LTD<\/title>\n<meta name=\"robots\" content=\"index, follow, max-snippet:-1, max-image-preview:large, max-video-preview:-1\" \/>\n<link rel=\"canonical\" href=\"https:\/\/tourcruiser.com\/fr\/products\/air-jordan-legacy-312-low-golden-moss-alligator-dx9260-001\/\" \/>\n<meta property=\"og:locale\" content=\"fr_FR\" \/>\n<meta property=\"og:type\" content=\"article\" \/>\n<meta property=\"og:title\" content=\"Air Jordan Legacy 312 Low &#039;Golden Moss Alligator&#039; DX9260-001 - TOURCRUISER PTE. LTD\" \/>\n<meta property=\"og:description\" content=\"La Air Jordan Legacy 312 Low Golden Moss Alligator, aussi appel\u00e9e Golden Moss Alligator, est une sneaker tendance et \u00e9l\u00e9gante de la l\u00e9gendaire marque Jordan. Avec sa teinte marron clair, elle arbore un design unique et captivant. Parfaite pour le sport et les loisirs, c&rsquo;est une pi\u00e8ce incontournable pour toute collection de sneakers. Coloris\u00a0: Phantom\/Alligator\/Golden [&hellip;]\" \/>\n<meta property=\"og:url\" content=\"https:\/\/tourcruiser.com\/fr\/products\/air-jordan-legacy-312-low-golden-moss-alligator-dx9260-001\/\" \/>\n<meta property=\"og:site_name\" content=\"Tourcruiser Sneaker Store\" \/>\n<meta property=\"article:modified_time\" content=\"2026-04-17T16:00:59+00:00\" \/>\n<meta name=\"twitter:card\" content=\"summary_large_image\" \/>\n<meta name=\"twitter:image\" content=\"https:\/\/images.novelship.com\/product\/air_jordan_legacy_312_low__golden_moss_alligator___0_91664.jpeg;https:\/\/images.novelship.com\/product\/air_jordan_legacy_312_low__golden_moss_alligator___1_91664.jpeg;https:\/\/images.novelship.com\/product\/air_jordan_legacy_312_low__golden_moss_alligator___2_91664.jpeg;https:\/\/images.novelship.com\/product\/air_jordan_legacy_312_low__golden_moss_alligator___3_91664.jpeg;https:\/\/images.novelship.com\/product\/air_jordan_legacy_312_low__golden_moss_alligator___4_91664.jpeg;https:\/\/images.novelship.com\/product\/air_jordan_legacy_312_low__golden_moss_alligator___5_91664.jpeg\" \/>\n<script type=\"application\/ld+json\" class=\"yoast-schema-graph\">{\"@context\":\"https:\/\/schema.org\",\"@graph\":[{\"@type\":\"WebPage\",\"@id\":\"https:\/\/tourcruiser.com\/fr\/products\/air-jordan-legacy-312-low-golden-moss-alligator-dx9260-001\/\",\"url\":\"https:\/\/tourcruiser.com\/fr\/products\/air-jordan-legacy-312-low-golden-moss-alligator-dx9260-001\/\",\"name\":\"Air Jordan Legacy 312 Low 'Golden Moss Alligator' DX9260-001 - TOURCRUISER PTE. LTD\",\"isPartOf\":{\"@id\":\"\/#website\"},\"primaryImageOfPage\":{\"@id\":\"https:\/\/tourcruiser.com\/fr\/products\/air-jordan-legacy-312-low-golden-moss-alligator-dx9260-001\/#primaryimage\"},\"image\":{\"@id\":\"https:\/\/tourcruiser.com\/fr\/products\/air-jordan-legacy-312-low-golden-moss-alligator-dx9260-001\/#primaryimage\"},\"thumbnailUrl\":\"https:\/\/images.novelship.com\/product\/air_jordan_legacy_312_low__golden_moss_alligator___0_91664.jpeg;https:\/\/images.novelship.com\/product\/air_jordan_legacy_312_low__golden_moss_alligator___1_91664.jpeg;https:\/\/images.novelship.com\/product\/air_jordan_legacy_312_low__golden_moss_alligator___2_91664.jpeg;https:\/\/images.novelship.com\/product\/air_jordan_legacy_312_low__golden_moss_alligator___3_91664.jpeg;https:\/\/images.novelship.com\/product\/air_jordan_legacy_312_low__golden_moss_alligator___4_91664.jpeg;https:\/\/images.novelship.com\/product\/air_jordan_legacy_312_low__golden_moss_alligator___5_91664.jpeg\",\"datePublished\":\"2026-04-16T10:13:04+00:00\",\"dateModified\":\"2026-04-17T16:00:59+00:00\",\"breadcrumb\":{\"@id\":\"https:\/\/tourcruiser.com\/fr\/products\/air-jordan-legacy-312-low-golden-moss-alligator-dx9260-001\/#breadcrumb\"},\"inLanguage\":\"fr-FR\",\"potentialAction\":[{\"@type\":\"ReadAction\",\"target\":[\"https:\/\/tourcruiser.com\/fr\/products\/air-jordan-legacy-312-low-golden-moss-alligator-dx9260-001\/\"]}]},{\"@type\":\"ImageObject\",\"inLanguage\":\"fr-FR\",\"@id\":\"https:\/\/tourcruiser.com\/fr\/products\/air-jordan-legacy-312-low-golden-moss-alligator-dx9260-001\/#primaryimage\",\"url\":\"https:\/\/images.novelship.com\/product\/air_jordan_legacy_312_low__golden_moss_alligator___0_91664.jpeg;https:\/\/images.novelship.com\/product\/air_jordan_legacy_312_low__golden_moss_alligator___1_91664.jpeg;https:\/\/images.novelship.com\/product\/air_jordan_legacy_312_low__golden_moss_alligator___2_91664.jpeg;https:\/\/images.novelship.com\/product\/air_jordan_legacy_312_low__golden_moss_alligator___3_91664.jpeg;https:\/\/images.novelship.com\/product\/air_jordan_legacy_312_low__golden_moss_alligator___4_91664.jpeg;https:\/\/images.novelship.com\/product\/air_jordan_legacy_312_low__golden_moss_alligator___5_91664.jpeg\",\"contentUrl\":\"https:\/\/images.novelship.com\/product\/air_jordan_legacy_312_low__golden_moss_alligator___0_91664.jpeg;https:\/\/images.novelship.com\/product\/air_jordan_legacy_312_low__golden_moss_alligator___1_91664.jpeg;https:\/\/images.novelship.com\/product\/air_jordan_legacy_312_low__golden_moss_alligator___2_91664.jpeg;https:\/\/images.novelship.com\/product\/air_jordan_legacy_312_low__golden_moss_alligator___3_91664.jpeg;https:\/\/images.novelship.com\/product\/air_jordan_legacy_312_low__golden_moss_alligator___4_91664.jpeg;https:\/\/images.novelship.com\/product\/air_jordan_legacy_312_low__golden_moss_alligator___5_91664.jpeg\"},{\"@type\":\"BreadcrumbList\",\"@id\":\"https:\/\/tourcruiser.com\/fr\/products\/air-jordan-legacy-312-low-golden-moss-alligator-dx9260-001\/#breadcrumb\",\"itemListElement\":[{\"@type\":\"ListItem\",\"position\":1,\"name\":\"Home\",\"item\":\"https:\/\/tourcruiser.com\/fr\/\"},{\"@type\":\"ListItem\",\"position\":2,\"name\":\"Shop\",\"item\":\"https:\/\/tourcruiser.com\/fr\/shop\/\"},{\"@type\":\"ListItem\",\"position\":3,\"name\":\"Air Jordan Legacy 312 Low &#8216;Golden Moss Alligator&#8217; DX9260-001\"}]},{\"@type\":\"WebSite\",\"@id\":\"\/#website\",\"url\":\"\/\",\"name\":\"Styloral Jewelry Shop\",\"description\":\"Tourcruiser Sneaker Store \u2014 L\u2019endroit o\u00f9 l\u2019univers rencontre votre singularit\u00e9.\",\"publisher\":{\"@id\":\"\/#organization\"},\"potentialAction\":[{\"@type\":\"SearchAction\",\"target\":{\"@type\":\"EntryPoint\",\"urlTemplate\":\"\/?s={search_term_string}\"},\"query-input\":{\"@type\":\"PropertyValueSpecification\",\"valueRequired\":true,\"valueName\":\"search_term_string\"}}],\"inLanguage\":\"fr-FR\"},{\"@type\":\"Organization\",\"@id\":\"\/#organization\",\"name\":\"STYLORAL PTE. LTD\",\"url\":\"\/\",\"logo\":{\"@type\":\"ImageObject\",\"inLanguage\":\"fr-FR\",\"@id\":\"\/#\/schema\/logo\/image\/\",\"url\":\"https:\/\/www.tourcruiser.com\/wp-content\/uploads\/2025\/12\/logo.png\",\"contentUrl\":\"https:\/\/www.tourcruiser.com\/wp-content\/uploads\/2025\/12\/logo.png\",\"width\":200,\"height\":65,\"caption\":\"STYLORAL PTE. LTD\"},\"image\":{\"@id\":\"\/#\/schema\/logo\/image\/\"}}]}<\/script>\n<!-- \/ Yoast SEO plugin. -->","yoast_head_json":{"title":"Air Jordan Legacy 312 Low 'Golden Moss Alligator' DX9260-001 - TOURCRUISER PTE. LTD","robots":{"index":"index","follow":"follow","max-snippet":"max-snippet:-1","max-image-preview":"max-image-preview:large","max-video-preview":"max-video-preview:-1"},"canonical":"https:\/\/tourcruiser.com\/fr\/products\/air-jordan-legacy-312-low-golden-moss-alligator-dx9260-001\/","og_locale":"fr_FR","og_type":"article","og_title":"Air Jordan Legacy 312 Low 'Golden Moss Alligator' DX9260-001 - TOURCRUISER PTE. LTD","og_description":"La Air Jordan Legacy 312 Low Golden Moss Alligator, aussi appel\u00e9e Golden Moss Alligator, est une sneaker tendance et \u00e9l\u00e9gante de la l\u00e9gendaire marque Jordan. Avec sa teinte marron clair, elle arbore un design unique et captivant. Parfaite pour le sport et les loisirs, c&rsquo;est une pi\u00e8ce incontournable pour toute collection de sneakers. Coloris\u00a0: Phantom\/Alligator\/Golden [&hellip;]","og_url":"https:\/\/tourcruiser.com\/fr\/products\/air-jordan-legacy-312-low-golden-moss-alligator-dx9260-001\/","og_site_name":"Tourcruiser Sneaker Store","article_modified_time":"2026-04-17T16:00:59+00:00","twitter_card":"summary_large_image","twitter_image":"https:\/\/images.novelship.com\/product\/air_jordan_legacy_312_low__golden_moss_alligator___0_91664.jpeg;https:\/\/images.novelship.com\/product\/air_jordan_legacy_312_low__golden_moss_alligator___1_91664.jpeg;https:\/\/images.novelship.com\/product\/air_jordan_legacy_312_low__golden_moss_alligator___2_91664.jpeg;https:\/\/images.novelship.com\/product\/air_jordan_legacy_312_low__golden_moss_alligator___3_91664.jpeg;https:\/\/images.novelship.com\/product\/air_jordan_legacy_312_low__golden_moss_alligator___4_91664.jpeg;https:\/\/images.novelship.com\/product\/air_jordan_legacy_312_low__golden_moss_alligator___5_91664.jpeg","schema":{"@context":"https:\/\/schema.org","@graph":[{"@type":"WebPage","@id":"https:\/\/tourcruiser.com\/fr\/products\/air-jordan-legacy-312-low-golden-moss-alligator-dx9260-001\/","url":"https:\/\/tourcruiser.com\/fr\/products\/air-jordan-legacy-312-low-golden-moss-alligator-dx9260-001\/","name":"Air Jordan Legacy 312 Low 'Golden Moss Alligator' DX9260-001 - TOURCRUISER PTE. LTD","isPartOf":{"@id":"\/#website"},"primaryImageOfPage":{"@id":"https:\/\/tourcruiser.com\/fr\/products\/air-jordan-legacy-312-low-golden-moss-alligator-dx9260-001\/#primaryimage"},"image":{"@id":"https:\/\/tourcruiser.com\/fr\/products\/air-jordan-legacy-312-low-golden-moss-alligator-dx9260-001\/#primaryimage"},"thumbnailUrl":"https:\/\/images.novelship.com\/product\/air_jordan_legacy_312_low__golden_moss_alligator___0_91664.jpeg;https:\/\/images.novelship.com\/product\/air_jordan_legacy_312_low__golden_moss_alligator___1_91664.jpeg;https:\/\/images.novelship.com\/product\/air_jordan_legacy_312_low__golden_moss_alligator___2_91664.jpeg;https:\/\/images.novelship.com\/product\/air_jordan_legacy_312_low__golden_moss_alligator___3_91664.jpeg;https:\/\/images.novelship.com\/product\/air_jordan_legacy_312_low__golden_moss_alligator___4_91664.jpeg;https:\/\/images.novelship.com\/product\/air_jordan_legacy_312_low__golden_moss_alligator___5_91664.jpeg","datePublished":"2026-04-16T10:13:04+00:00","dateModified":"2026-04-17T16:00:59+00:00","breadcrumb":{"@id":"https:\/\/tourcruiser.com\/fr\/products\/air-jordan-legacy-312-low-golden-moss-alligator-dx9260-001\/#breadcrumb"},"inLanguage":"fr-FR","potentialAction":[{"@type":"ReadAction","target":["https:\/\/tourcruiser.com\/fr\/products\/air-jordan-legacy-312-low-golden-moss-alligator-dx9260-001\/"]}]},{"@type":"ImageObject","inLanguage":"fr-FR","@id":"https:\/\/tourcruiser.com\/fr\/products\/air-jordan-legacy-312-low-golden-moss-alligator-dx9260-001\/#primaryimage","url":"https:\/\/images.novelship.com\/product\/air_jordan_legacy_312_low__golden_moss_alligator___0_91664.jpeg;https:\/\/images.novelship.com\/product\/air_jordan_legacy_312_low__golden_moss_alligator___1_91664.jpeg;https:\/\/images.novelship.com\/product\/air_jordan_legacy_312_low__golden_moss_alligator___2_91664.jpeg;https:\/\/images.novelship.com\/product\/air_jordan_legacy_312_low__golden_moss_alligator___3_91664.jpeg;https:\/\/images.novelship.com\/product\/air_jordan_legacy_312_low__golden_moss_alligator___4_91664.jpeg;https:\/\/images.novelship.com\/product\/air_jordan_legacy_312_low__golden_moss_alligator___5_91664.jpeg","contentUrl":"https:\/\/images.novelship.com\/product\/air_jordan_legacy_312_low__golden_moss_alligator___0_91664.jpeg;https:\/\/images.novelship.com\/product\/air_jordan_legacy_312_low__golden_moss_alligator___1_91664.jpeg;https:\/\/images.novelship.com\/product\/air_jordan_legacy_312_low__golden_moss_alligator___2_91664.jpeg;https:\/\/images.novelship.com\/product\/air_jordan_legacy_312_low__golden_moss_alligator___3_91664.jpeg;https:\/\/images.novelship.com\/product\/air_jordan_legacy_312_low__golden_moss_alligator___4_91664.jpeg;https:\/\/images.novelship.com\/product\/air_jordan_legacy_312_low__golden_moss_alligator___5_91664.jpeg"},{"@type":"BreadcrumbList","@id":"https:\/\/tourcruiser.com\/fr\/products\/air-jordan-legacy-312-low-golden-moss-alligator-dx9260-001\/#breadcrumb","itemListElement":[{"@type":"ListItem","position":1,"name":"Home","item":"https:\/\/tourcruiser.com\/fr\/"},{"@type":"ListItem","position":2,"name":"Shop","item":"https:\/\/tourcruiser.com\/fr\/shop\/"},{"@type":"ListItem","position":3,"name":"Air Jordan Legacy 312 Low &#8216;Golden Moss Alligator&#8217; DX9260-001"}]},{"@type":"WebSite","@id":"\/#website","url":"\/","name":"Styloral Jewelry Shop","description":"Tourcruiser Sneaker Store \u2014 L\u2019endroit o\u00f9 l\u2019univers rencontre votre singularit\u00e9.","publisher":{"@id":"\/#organization"},"potentialAction":[{"@type":"SearchAction","target":{"@type":"EntryPoint","urlTemplate":"\/?s={search_term_string}"},"query-input":{"@type":"PropertyValueSpecification","valueRequired":true,"valueName":"search_term_string"}}],"inLanguage":"fr-FR"},{"@type":"Organization","@id":"\/#organization","name":"STYLORAL PTE. LTD","url":"\/","logo":{"@type":"ImageObject","inLanguage":"fr-FR","@id":"\/#\/schema\/logo\/image\/","url":"https:\/\/www.tourcruiser.com\/wp-content\/uploads\/2025\/12\/logo.png","contentUrl":"https:\/\/www.tourcruiser.com\/wp-content\/uploads\/2025\/12\/logo.png","width":200,"height":65,"caption":"STYLORAL PTE. LTD"},"image":{"@id":"\/#\/schema\/logo\/image\/"}}]}},"_links":{"self":[{"href":"https:\/\/tourcruiser.com\/fr\/wp-json\/wp\/v2\/product\/768242","targetHints":{"allow":["GET"]}}],"collection":[{"href":"https:\/\/tourcruiser.com\/fr\/wp-json\/wp\/v2\/product"}],"about":[{"href":"https:\/\/tourcruiser.com\/fr\/wp-json\/wp\/v2\/types\/product"}],"replies":[{"embeddable":true,"href":"https:\/\/tourcruiser.com\/fr\/wp-json\/wp\/v2\/comments?post=768242"}],"wp:featuredmedia":[{"embeddable":true,"href":"https:\/\/tourcruiser.com\/fr\/wp-json\/wp\/v2\/media\/768243"}],"wp:attachment":[{"href":"https:\/\/tourcruiser.com\/fr\/wp-json\/wp\/v2\/media?parent=768242"}],"wp:term":[{"taxonomy":"product_brand","embeddable":true,"href":"https:\/\/tourcruiser.com\/fr\/wp-json\/wp\/v2\/product_brand?post=768242"},{"taxonomy":"product_cat","embeddable":true,"href":"https:\/\/tourcruiser.com\/fr\/wp-json\/wp\/v2\/product_cat?post=768242"},{"taxonomy":"product_tag","embeddable":true,"href":"https:\/\/tourcruiser.com\/fr\/wp-json\/wp\/v2\/product_tag?post=768242"}],"curies":[{"name":"wp","href":"https:\/\/api.w.org\/{rel}","templated":true}]}}