{"id":768229,"date":"2026-04-16T17:13:04","date_gmt":"2026-04-16T10:13:04","guid":{"rendered":"http:\/\/tourcruiser.com\/product\/grade-school-air-jordan-1-low-white-black-553560-101"},"modified":"2026-04-17T23:00:58","modified_gmt":"2026-04-17T16:00:58","slug":"grade-school-air-jordan-1-low-white-black-553560-101","status":"publish","type":"product","link":"https:\/\/tourcruiser.com\/fr\/products\/grade-school-air-jordan-1-low-white-black-553560-101\/","title":{"rendered":"(Grade School) Air Jordan 1 Low &lsquo;White Black&rsquo; 553560-101"},"content":{"rendered":"<p>La Air Jordan 1 Low White Black (GS) de Jordan est une chaussure classique pour les jeunes, arborant un \u00e9l\u00e9gant coloris blanc et noir. Cette sneaker basse pr\u00e9sente le logo iconique Air Jordan sur la languette et le talon. Parfaite au quotidien comme pour les activit\u00e9s sportives, elle offre aux jeunes fans de sneakers style et confort.<\/p>\n<p>Couleur : Blanc<br \/>\nNum\u00e9ro d&rsquo;article : 553560-101<br \/>\nTige : Cuir<br \/>\nSemelle interm\u00e9diaire : Air<br \/>\nCouleur : Blanc<br \/>\nDesigner : Peter Moore<\/p>\n<p>Designer : Peter Moore<br \/>\n\u00c2ge : Adulte<br \/>\nCouleur : Blanc\/Bleu sarcelle d\u00e9lav\u00e9\/Gris loup<br \/>\nGenre : Jeune<\/p>\n","protected":false},"excerpt":{"rendered":"<p>La Air Jordan 1 Low White Black (GS) de Jordan est une chaussure classique pour les jeunes, arborant un \u00e9l\u00e9gant coloris blanc et noir. Cette sneaker basse pr\u00e9sente le logo iconique Air Jordan sur la languette et le talon. Parfaite au quotidien comme pour les activit\u00e9s sportives, elle offre aux jeunes fans de sneakers style [&hellip;]<\/p>\n","protected":false},"featured_media":768232,"comment_status":"open","ping_status":"closed","template":"","meta":[],"product_brand":[],"product_cat":[38880],"product_tag":[10750,38861,38988,10776,11349,38875,10756,39039],"class_list":{"0":"post-768229","1":"product","2":"type-product","3":"status-publish","4":"has-post-thumbnail","6":"product_cat-jordan","7":"product_tag-athleisure-shoes","8":"product_tag-below-retail-price","9":"product_tag-casual-shoes-for-kids","10":"product_tag-jordan","11":"product_tag-jordan-basketball-shoes","12":"product_tag-jordan-skateboard-shoes","13":"product_tag-retro-casual-shoes","14":"product_tag-sneakers-for-kids","16":"first","17":"instock","18":"taxable","19":"shipping-taxable","20":"purchasable","21":"product-type-simple"},"wcpa_form_fields":null,"yoast_head":"<!-- This site is optimized with the Yoast SEO plugin v26.5 - https:\/\/yoast.com\/wordpress\/plugins\/seo\/ -->\n<title>(Grade School) Air Jordan 1 Low &#039;White Black&#039; 553560-101 - TOURCRUISER PTE. LTD<\/title>\n<meta name=\"robots\" content=\"index, follow, max-snippet:-1, max-image-preview:large, max-video-preview:-1\" \/>\n<link rel=\"canonical\" href=\"https:\/\/tourcruiser.com\/fr\/products\/grade-school-air-jordan-1-low-white-black-553560-101\/\" \/>\n<meta property=\"og:locale\" content=\"fr_FR\" \/>\n<meta property=\"og:type\" content=\"article\" \/>\n<meta property=\"og:title\" content=\"(Grade School) Air Jordan 1 Low &#039;White Black&#039; 553560-101 - TOURCRUISER PTE. LTD\" \/>\n<meta property=\"og:description\" content=\"La Air Jordan 1 Low White Black (GS) de Jordan est une chaussure classique pour les jeunes, arborant un \u00e9l\u00e9gant coloris blanc et noir. Cette sneaker basse pr\u00e9sente le logo iconique Air Jordan sur la languette et le talon. Parfaite au quotidien comme pour les activit\u00e9s sportives, elle offre aux jeunes fans de sneakers style [&hellip;]\" \/>\n<meta property=\"og:url\" content=\"https:\/\/tourcruiser.com\/fr\/products\/grade-school-air-jordan-1-low-white-black-553560-101\/\" \/>\n<meta property=\"og:site_name\" content=\"Tourcruiser Sneaker Store\" \/>\n<meta property=\"article:modified_time\" content=\"2026-04-17T16:00:58+00:00\" \/>\n<meta name=\"twitter:card\" content=\"summary_large_image\" \/>\n<meta name=\"twitter:image\" content=\"https:\/\/images.novelship.com\/product\/_grade_school__air_jordan_1_low__white_black__5535_0_86104.jpeg;https:\/\/images.novelship.com\/product\/_grade_school__air_jordan_1_low__white_black__5535_1_86104.jpeg;https:\/\/images.novelship.com\/product\/_grade_school__air_jordan_1_low__white_black__5535_2_86104.jpeg;https:\/\/images.novelship.com\/product\/_grade_school__air_jordan_1_low__white_black__5535_3_86104.jpeg;https:\/\/images.novelship.com\/product\/_grade_school__air_jordan_1_low__white_black__5535_4_86104.jpeg;https:\/\/images.novelship.com\/product\/_grade_school__air_jordan_1_low__white_black__5535_5_86104.jpeg;https:\/\/images.novelship.com\/product\/_grade_school__air_jordan_1_low__white_black__5535_6_86104.jpeg;https:\/\/images.novelship.com\/product\/_grade_school__air_jordan_1_low__white_black__5535_7_86104.jpeg\" \/>\n<script type=\"application\/ld+json\" class=\"yoast-schema-graph\">{\"@context\":\"https:\/\/schema.org\",\"@graph\":[{\"@type\":\"WebPage\",\"@id\":\"https:\/\/tourcruiser.com\/fr\/products\/grade-school-air-jordan-1-low-white-black-553560-101\/\",\"url\":\"https:\/\/tourcruiser.com\/fr\/products\/grade-school-air-jordan-1-low-white-black-553560-101\/\",\"name\":\"(Grade School) Air Jordan 1 Low 'White Black' 553560-101 - TOURCRUISER PTE. LTD\",\"isPartOf\":{\"@id\":\"\/#website\"},\"primaryImageOfPage\":{\"@id\":\"https:\/\/tourcruiser.com\/fr\/products\/grade-school-air-jordan-1-low-white-black-553560-101\/#primaryimage\"},\"image\":{\"@id\":\"https:\/\/tourcruiser.com\/fr\/products\/grade-school-air-jordan-1-low-white-black-553560-101\/#primaryimage\"},\"thumbnailUrl\":\"https:\/\/images.novelship.com\/product\/_grade_school__air_jordan_1_low__white_black__5535_0_86104.jpeg;https:\/\/images.novelship.com\/product\/_grade_school__air_jordan_1_low__white_black__5535_1_86104.jpeg;https:\/\/images.novelship.com\/product\/_grade_school__air_jordan_1_low__white_black__5535_2_86104.jpeg;https:\/\/images.novelship.com\/product\/_grade_school__air_jordan_1_low__white_black__5535_3_86104.jpeg;https:\/\/images.novelship.com\/product\/_grade_school__air_jordan_1_low__white_black__5535_4_86104.jpeg;https:\/\/images.novelship.com\/product\/_grade_school__air_jordan_1_low__white_black__5535_5_86104.jpeg;https:\/\/images.novelship.com\/product\/_grade_school__air_jordan_1_low__white_black__5535_6_86104.jpeg;https:\/\/images.novelship.com\/product\/_grade_school__air_jordan_1_low__white_black__5535_7_86104.jpeg\",\"datePublished\":\"2026-04-16T10:13:04+00:00\",\"dateModified\":\"2026-04-17T16:00:58+00:00\",\"breadcrumb\":{\"@id\":\"https:\/\/tourcruiser.com\/fr\/products\/grade-school-air-jordan-1-low-white-black-553560-101\/#breadcrumb\"},\"inLanguage\":\"fr-FR\",\"potentialAction\":[{\"@type\":\"ReadAction\",\"target\":[\"https:\/\/tourcruiser.com\/fr\/products\/grade-school-air-jordan-1-low-white-black-553560-101\/\"]}]},{\"@type\":\"ImageObject\",\"inLanguage\":\"fr-FR\",\"@id\":\"https:\/\/tourcruiser.com\/fr\/products\/grade-school-air-jordan-1-low-white-black-553560-101\/#primaryimage\",\"url\":\"https:\/\/images.novelship.com\/product\/_grade_school__air_jordan_1_low__white_black__5535_0_86104.jpeg;https:\/\/images.novelship.com\/product\/_grade_school__air_jordan_1_low__white_black__5535_1_86104.jpeg;https:\/\/images.novelship.com\/product\/_grade_school__air_jordan_1_low__white_black__5535_2_86104.jpeg;https:\/\/images.novelship.com\/product\/_grade_school__air_jordan_1_low__white_black__5535_3_86104.jpeg;https:\/\/images.novelship.com\/product\/_grade_school__air_jordan_1_low__white_black__5535_4_86104.jpeg;https:\/\/images.novelship.com\/product\/_grade_school__air_jordan_1_low__white_black__5535_5_86104.jpeg;https:\/\/images.novelship.com\/product\/_grade_school__air_jordan_1_low__white_black__5535_6_86104.jpeg;https:\/\/images.novelship.com\/product\/_grade_school__air_jordan_1_low__white_black__5535_7_86104.jpeg\",\"contentUrl\":\"https:\/\/images.novelship.com\/product\/_grade_school__air_jordan_1_low__white_black__5535_0_86104.jpeg;https:\/\/images.novelship.com\/product\/_grade_school__air_jordan_1_low__white_black__5535_1_86104.jpeg;https:\/\/images.novelship.com\/product\/_grade_school__air_jordan_1_low__white_black__5535_2_86104.jpeg;https:\/\/images.novelship.com\/product\/_grade_school__air_jordan_1_low__white_black__5535_3_86104.jpeg;https:\/\/images.novelship.com\/product\/_grade_school__air_jordan_1_low__white_black__5535_4_86104.jpeg;https:\/\/images.novelship.com\/product\/_grade_school__air_jordan_1_low__white_black__5535_5_86104.jpeg;https:\/\/images.novelship.com\/product\/_grade_school__air_jordan_1_low__white_black__5535_6_86104.jpeg;https:\/\/images.novelship.com\/product\/_grade_school__air_jordan_1_low__white_black__5535_7_86104.jpeg\"},{\"@type\":\"BreadcrumbList\",\"@id\":\"https:\/\/tourcruiser.com\/fr\/products\/grade-school-air-jordan-1-low-white-black-553560-101\/#breadcrumb\",\"itemListElement\":[{\"@type\":\"ListItem\",\"position\":1,\"name\":\"Home\",\"item\":\"https:\/\/tourcruiser.com\/fr\/\"},{\"@type\":\"ListItem\",\"position\":2,\"name\":\"Shop\",\"item\":\"https:\/\/tourcruiser.com\/fr\/shop\/\"},{\"@type\":\"ListItem\",\"position\":3,\"name\":\"(Grade School) Air Jordan 1 Low &#8216;White Black&#8217; 553560-101\"}]},{\"@type\":\"WebSite\",\"@id\":\"\/#website\",\"url\":\"\/\",\"name\":\"Styloral Jewelry Shop\",\"description\":\"Tourcruiser Sneaker Store \u2014 L\u2019endroit o\u00f9 l\u2019univers rencontre votre singularit\u00e9.\",\"publisher\":{\"@id\":\"\/#organization\"},\"potentialAction\":[{\"@type\":\"SearchAction\",\"target\":{\"@type\":\"EntryPoint\",\"urlTemplate\":\"\/?s={search_term_string}\"},\"query-input\":{\"@type\":\"PropertyValueSpecification\",\"valueRequired\":true,\"valueName\":\"search_term_string\"}}],\"inLanguage\":\"fr-FR\"},{\"@type\":\"Organization\",\"@id\":\"\/#organization\",\"name\":\"STYLORAL PTE. LTD\",\"url\":\"\/\",\"logo\":{\"@type\":\"ImageObject\",\"inLanguage\":\"fr-FR\",\"@id\":\"\/#\/schema\/logo\/image\/\",\"url\":\"https:\/\/www.tourcruiser.com\/wp-content\/uploads\/2025\/12\/logo.png\",\"contentUrl\":\"https:\/\/www.tourcruiser.com\/wp-content\/uploads\/2025\/12\/logo.png\",\"width\":200,\"height\":65,\"caption\":\"STYLORAL PTE. LTD\"},\"image\":{\"@id\":\"\/#\/schema\/logo\/image\/\"}}]}<\/script>\n<!-- \/ Yoast SEO plugin. -->","yoast_head_json":{"title":"(Grade School) Air Jordan 1 Low 'White Black' 553560-101 - TOURCRUISER PTE. LTD","robots":{"index":"index","follow":"follow","max-snippet":"max-snippet:-1","max-image-preview":"max-image-preview:large","max-video-preview":"max-video-preview:-1"},"canonical":"https:\/\/tourcruiser.com\/fr\/products\/grade-school-air-jordan-1-low-white-black-553560-101\/","og_locale":"fr_FR","og_type":"article","og_title":"(Grade School) Air Jordan 1 Low 'White Black' 553560-101 - TOURCRUISER PTE. LTD","og_description":"La Air Jordan 1 Low White Black (GS) de Jordan est une chaussure classique pour les jeunes, arborant un \u00e9l\u00e9gant coloris blanc et noir. Cette sneaker basse pr\u00e9sente le logo iconique Air Jordan sur la languette et le talon. Parfaite au quotidien comme pour les activit\u00e9s sportives, elle offre aux jeunes fans de sneakers style [&hellip;]","og_url":"https:\/\/tourcruiser.com\/fr\/products\/grade-school-air-jordan-1-low-white-black-553560-101\/","og_site_name":"Tourcruiser Sneaker Store","article_modified_time":"2026-04-17T16:00:58+00:00","twitter_card":"summary_large_image","twitter_image":"https:\/\/images.novelship.com\/product\/_grade_school__air_jordan_1_low__white_black__5535_0_86104.jpeg;https:\/\/images.novelship.com\/product\/_grade_school__air_jordan_1_low__white_black__5535_1_86104.jpeg;https:\/\/images.novelship.com\/product\/_grade_school__air_jordan_1_low__white_black__5535_2_86104.jpeg;https:\/\/images.novelship.com\/product\/_grade_school__air_jordan_1_low__white_black__5535_3_86104.jpeg;https:\/\/images.novelship.com\/product\/_grade_school__air_jordan_1_low__white_black__5535_4_86104.jpeg;https:\/\/images.novelship.com\/product\/_grade_school__air_jordan_1_low__white_black__5535_5_86104.jpeg;https:\/\/images.novelship.com\/product\/_grade_school__air_jordan_1_low__white_black__5535_6_86104.jpeg;https:\/\/images.novelship.com\/product\/_grade_school__air_jordan_1_low__white_black__5535_7_86104.jpeg","schema":{"@context":"https:\/\/schema.org","@graph":[{"@type":"WebPage","@id":"https:\/\/tourcruiser.com\/fr\/products\/grade-school-air-jordan-1-low-white-black-553560-101\/","url":"https:\/\/tourcruiser.com\/fr\/products\/grade-school-air-jordan-1-low-white-black-553560-101\/","name":"(Grade School) Air Jordan 1 Low 'White Black' 553560-101 - TOURCRUISER PTE. LTD","isPartOf":{"@id":"\/#website"},"primaryImageOfPage":{"@id":"https:\/\/tourcruiser.com\/fr\/products\/grade-school-air-jordan-1-low-white-black-553560-101\/#primaryimage"},"image":{"@id":"https:\/\/tourcruiser.com\/fr\/products\/grade-school-air-jordan-1-low-white-black-553560-101\/#primaryimage"},"thumbnailUrl":"https:\/\/images.novelship.com\/product\/_grade_school__air_jordan_1_low__white_black__5535_0_86104.jpeg;https:\/\/images.novelship.com\/product\/_grade_school__air_jordan_1_low__white_black__5535_1_86104.jpeg;https:\/\/images.novelship.com\/product\/_grade_school__air_jordan_1_low__white_black__5535_2_86104.jpeg;https:\/\/images.novelship.com\/product\/_grade_school__air_jordan_1_low__white_black__5535_3_86104.jpeg;https:\/\/images.novelship.com\/product\/_grade_school__air_jordan_1_low__white_black__5535_4_86104.jpeg;https:\/\/images.novelship.com\/product\/_grade_school__air_jordan_1_low__white_black__5535_5_86104.jpeg;https:\/\/images.novelship.com\/product\/_grade_school__air_jordan_1_low__white_black__5535_6_86104.jpeg;https:\/\/images.novelship.com\/product\/_grade_school__air_jordan_1_low__white_black__5535_7_86104.jpeg","datePublished":"2026-04-16T10:13:04+00:00","dateModified":"2026-04-17T16:00:58+00:00","breadcrumb":{"@id":"https:\/\/tourcruiser.com\/fr\/products\/grade-school-air-jordan-1-low-white-black-553560-101\/#breadcrumb"},"inLanguage":"fr-FR","potentialAction":[{"@type":"ReadAction","target":["https:\/\/tourcruiser.com\/fr\/products\/grade-school-air-jordan-1-low-white-black-553560-101\/"]}]},{"@type":"ImageObject","inLanguage":"fr-FR","@id":"https:\/\/tourcruiser.com\/fr\/products\/grade-school-air-jordan-1-low-white-black-553560-101\/#primaryimage","url":"https:\/\/images.novelship.com\/product\/_grade_school__air_jordan_1_low__white_black__5535_0_86104.jpeg;https:\/\/images.novelship.com\/product\/_grade_school__air_jordan_1_low__white_black__5535_1_86104.jpeg;https:\/\/images.novelship.com\/product\/_grade_school__air_jordan_1_low__white_black__5535_2_86104.jpeg;https:\/\/images.novelship.com\/product\/_grade_school__air_jordan_1_low__white_black__5535_3_86104.jpeg;https:\/\/images.novelship.com\/product\/_grade_school__air_jordan_1_low__white_black__5535_4_86104.jpeg;https:\/\/images.novelship.com\/product\/_grade_school__air_jordan_1_low__white_black__5535_5_86104.jpeg;https:\/\/images.novelship.com\/product\/_grade_school__air_jordan_1_low__white_black__5535_6_86104.jpeg;https:\/\/images.novelship.com\/product\/_grade_school__air_jordan_1_low__white_black__5535_7_86104.jpeg","contentUrl":"https:\/\/images.novelship.com\/product\/_grade_school__air_jordan_1_low__white_black__5535_0_86104.jpeg;https:\/\/images.novelship.com\/product\/_grade_school__air_jordan_1_low__white_black__5535_1_86104.jpeg;https:\/\/images.novelship.com\/product\/_grade_school__air_jordan_1_low__white_black__5535_2_86104.jpeg;https:\/\/images.novelship.com\/product\/_grade_school__air_jordan_1_low__white_black__5535_3_86104.jpeg;https:\/\/images.novelship.com\/product\/_grade_school__air_jordan_1_low__white_black__5535_4_86104.jpeg;https:\/\/images.novelship.com\/product\/_grade_school__air_jordan_1_low__white_black__5535_5_86104.jpeg;https:\/\/images.novelship.com\/product\/_grade_school__air_jordan_1_low__white_black__5535_6_86104.jpeg;https:\/\/images.novelship.com\/product\/_grade_school__air_jordan_1_low__white_black__5535_7_86104.jpeg"},{"@type":"BreadcrumbList","@id":"https:\/\/tourcruiser.com\/fr\/products\/grade-school-air-jordan-1-low-white-black-553560-101\/#breadcrumb","itemListElement":[{"@type":"ListItem","position":1,"name":"Home","item":"https:\/\/tourcruiser.com\/fr\/"},{"@type":"ListItem","position":2,"name":"Shop","item":"https:\/\/tourcruiser.com\/fr\/shop\/"},{"@type":"ListItem","position":3,"name":"(Grade School) Air Jordan 1 Low &#8216;White Black&#8217; 553560-101"}]},{"@type":"WebSite","@id":"\/#website","url":"\/","name":"Styloral Jewelry Shop","description":"Tourcruiser Sneaker Store \u2014 L\u2019endroit o\u00f9 l\u2019univers rencontre votre singularit\u00e9.","publisher":{"@id":"\/#organization"},"potentialAction":[{"@type":"SearchAction","target":{"@type":"EntryPoint","urlTemplate":"\/?s={search_term_string}"},"query-input":{"@type":"PropertyValueSpecification","valueRequired":true,"valueName":"search_term_string"}}],"inLanguage":"fr-FR"},{"@type":"Organization","@id":"\/#organization","name":"STYLORAL PTE. LTD","url":"\/","logo":{"@type":"ImageObject","inLanguage":"fr-FR","@id":"\/#\/schema\/logo\/image\/","url":"https:\/\/www.tourcruiser.com\/wp-content\/uploads\/2025\/12\/logo.png","contentUrl":"https:\/\/www.tourcruiser.com\/wp-content\/uploads\/2025\/12\/logo.png","width":200,"height":65,"caption":"STYLORAL PTE. LTD"},"image":{"@id":"\/#\/schema\/logo\/image\/"}}]}},"_links":{"self":[{"href":"https:\/\/tourcruiser.com\/fr\/wp-json\/wp\/v2\/product\/768229","targetHints":{"allow":["GET"]}}],"collection":[{"href":"https:\/\/tourcruiser.com\/fr\/wp-json\/wp\/v2\/product"}],"about":[{"href":"https:\/\/tourcruiser.com\/fr\/wp-json\/wp\/v2\/types\/product"}],"replies":[{"embeddable":true,"href":"https:\/\/tourcruiser.com\/fr\/wp-json\/wp\/v2\/comments?post=768229"}],"wp:featuredmedia":[{"embeddable":true,"href":"https:\/\/tourcruiser.com\/fr\/wp-json\/wp\/v2\/media\/768232"}],"wp:attachment":[{"href":"https:\/\/tourcruiser.com\/fr\/wp-json\/wp\/v2\/media?parent=768229"}],"wp:term":[{"taxonomy":"product_brand","embeddable":true,"href":"https:\/\/tourcruiser.com\/fr\/wp-json\/wp\/v2\/product_brand?post=768229"},{"taxonomy":"product_cat","embeddable":true,"href":"https:\/\/tourcruiser.com\/fr\/wp-json\/wp\/v2\/product_cat?post=768229"},{"taxonomy":"product_tag","embeddable":true,"href":"https:\/\/tourcruiser.com\/fr\/wp-json\/wp\/v2\/product_tag?post=768229"}],"curies":[{"name":"wp","href":"https:\/\/api.w.org\/{rel}","templated":true}]}}