{"id":768226,"date":"2026-04-16T17:13:04","date_gmt":"2026-04-16T10:13:04","guid":{"rendered":"http:\/\/tourcruiser.com\/product\/air-jordan-legacy-312-low-white-turquoise-cd7069-130"},"modified":"2026-04-17T23:00:59","modified_gmt":"2026-04-17T16:00:59","slug":"air-jordan-legacy-312-low-white-turquoise-cd7069-130","status":"publish","type":"product","link":"https:\/\/tourcruiser.com\/fr\/products\/air-jordan-legacy-312-low-white-turquoise-cd7069-130\/","title":{"rendered":"Air Jordan Legacy 312 Low &lsquo;White Turquoise&rsquo; CD7069-130"},"content":{"rendered":"<p>Les sneakers Air Jordan Legacy 312 Low White Turquoise de Jordan allient les d\u00e9tails embl\u00e9matiques de la marque \u00e0 des innovations de pointe. Con\u00e7ues pour un confort optimal et un style affirm\u00e9, elles arborent une combinaison de couleurs blanc et turquoise saisissante qui ne manquera pas d&rsquo;attirer les regards. Gr\u00e2ce \u00e0 l&rsquo;amorti Air signature et \u00e0 une semelle ext\u00e9rieure en caoutchouc r\u00e9sistant, elles offrent un maintien et une adh\u00e9rence exceptionnels tout au long de la journ\u00e9e. Parfaites pour les passionn\u00e9s de sneakers et les fans de Jordan, ces sneakers sont un incontournable de toute collection.<\/p>\n<p>Coloris : Blanc\/Turquoise d\u00e9lav\u00e9\/Gris loup<\/p>\n<p>Code article : CD7069-130<\/p>\n<p>Tige : Cuir<\/p>\n<p>Semelle interm\u00e9diaire : Air<\/p>\n<p>Couleur : Blanc<\/p>\n<p>Cr\u00e9ateur : Don C<\/p>\n<p>Saison : Printemps<\/p>\n<p>Ann\u00e9e de sortie : 2022<\/p>\n<p>\u00c2ge : Adulte<br \/>\nCouleur : Phantom\/Alligator\/Golden Moss<\/p>\n<p>Genre : Homme<\/p>\n","protected":false},"excerpt":{"rendered":"<p>Les sneakers Air Jordan Legacy 312 Low White Turquoise de Jordan allient les d\u00e9tails embl\u00e9matiques de la marque \u00e0 des innovations de pointe. Con\u00e7ues pour un confort optimal et un style affirm\u00e9, elles arborent une combinaison de couleurs blanc et turquoise saisissante qui ne manquera pas d&rsquo;attirer les regards. Gr\u00e2ce \u00e0 l&rsquo;amorti Air signature et [&hellip;]<\/p>\n","protected":false},"featured_media":768227,"comment_status":"open","ping_status":"closed","template":"","meta":[],"product_brand":[],"product_cat":[38880],"product_tag":[10750,38841,38842,10776,11349,38875,38886,10756],"class_list":{"0":"post-768226","1":"product","2":"type-product","3":"status-publish","4":"has-post-thumbnail","6":"product_cat-jordan","7":"product_tag-athleisure-shoes","8":"product_tag-casual-shoes","9":"product_tag-gift-idea-for-him","10":"product_tag-jordan","11":"product_tag-jordan-basketball-shoes","12":"product_tag-jordan-skateboard-shoes","13":"product_tag-lifestyle-shoes-inspired-by-basketball","14":"product_tag-retro-casual-shoes","16":"first","17":"instock","18":"taxable","19":"shipping-taxable","20":"purchasable","21":"product-type-simple"},"wcpa_form_fields":null,"yoast_head":"<!-- This site is optimized with the Yoast SEO plugin v26.5 - https:\/\/yoast.com\/wordpress\/plugins\/seo\/ -->\n<title>Air Jordan Legacy 312 Low &#039;White Turquoise&#039; CD7069-130 - TOURCRUISER PTE. LTD<\/title>\n<meta name=\"robots\" content=\"index, follow, max-snippet:-1, max-image-preview:large, max-video-preview:-1\" \/>\n<link rel=\"canonical\" href=\"https:\/\/tourcruiser.com\/fr\/products\/air-jordan-legacy-312-low-white-turquoise-cd7069-130\/\" \/>\n<meta property=\"og:locale\" content=\"fr_FR\" \/>\n<meta property=\"og:type\" content=\"article\" \/>\n<meta property=\"og:title\" content=\"Air Jordan Legacy 312 Low &#039;White Turquoise&#039; CD7069-130 - TOURCRUISER PTE. LTD\" \/>\n<meta property=\"og:description\" content=\"Les sneakers Air Jordan Legacy 312 Low White Turquoise de Jordan allient les d\u00e9tails embl\u00e9matiques de la marque \u00e0 des innovations de pointe. Con\u00e7ues pour un confort optimal et un style affirm\u00e9, elles arborent une combinaison de couleurs blanc et turquoise saisissante qui ne manquera pas d&rsquo;attirer les regards. Gr\u00e2ce \u00e0 l&rsquo;amorti Air signature et [&hellip;]\" \/>\n<meta property=\"og:url\" content=\"https:\/\/tourcruiser.com\/fr\/products\/air-jordan-legacy-312-low-white-turquoise-cd7069-130\/\" \/>\n<meta property=\"og:site_name\" content=\"Tourcruiser Sneaker Store\" \/>\n<meta property=\"article:modified_time\" content=\"2026-04-17T16:00:59+00:00\" \/>\n<meta name=\"twitter:card\" content=\"summary_large_image\" \/>\n<meta name=\"twitter:image\" content=\"https:\/\/images.novelship.com\/product\/air_jordan_legacy_312_low__white_turquoise__cd7069_0_24797.jpeg;https:\/\/images.novelship.com\/product\/air_jordan_legacy_312_low__white_turquoise__cd7069_1_24797.jpeg;https:\/\/images.novelship.com\/product\/air_jordan_legacy_312_low__white_turquoise__cd7069_2_24797.jpeg;https:\/\/images.novelship.com\/product\/air_jordan_legacy_312_low__white_turquoise__cd7069_3_24798.jpeg;https:\/\/images.novelship.com\/product\/air_jordan_legacy_312_low__white_turquoise__cd7069_4_24798.jpeg;https:\/\/images.novelship.com\/product\/air_jordan_legacy_312_low__white_turquoise__cd7069_5_24798.jpeg\" \/>\n<meta name=\"twitter:label1\" content=\"Dur\u00e9e de lecture estim\u00e9e\" \/>\n\t<meta name=\"twitter:data1\" content=\"1 minute\" \/>\n<script type=\"application\/ld+json\" class=\"yoast-schema-graph\">{\"@context\":\"https:\/\/schema.org\",\"@graph\":[{\"@type\":\"WebPage\",\"@id\":\"https:\/\/tourcruiser.com\/fr\/products\/air-jordan-legacy-312-low-white-turquoise-cd7069-130\/\",\"url\":\"https:\/\/tourcruiser.com\/fr\/products\/air-jordan-legacy-312-low-white-turquoise-cd7069-130\/\",\"name\":\"Air Jordan Legacy 312 Low 'White Turquoise' CD7069-130 - TOURCRUISER PTE. LTD\",\"isPartOf\":{\"@id\":\"\/#website\"},\"primaryImageOfPage\":{\"@id\":\"https:\/\/tourcruiser.com\/fr\/products\/air-jordan-legacy-312-low-white-turquoise-cd7069-130\/#primaryimage\"},\"image\":{\"@id\":\"https:\/\/tourcruiser.com\/fr\/products\/air-jordan-legacy-312-low-white-turquoise-cd7069-130\/#primaryimage\"},\"thumbnailUrl\":\"https:\/\/images.novelship.com\/product\/air_jordan_legacy_312_low__white_turquoise__cd7069_0_24797.jpeg;https:\/\/images.novelship.com\/product\/air_jordan_legacy_312_low__white_turquoise__cd7069_1_24797.jpeg;https:\/\/images.novelship.com\/product\/air_jordan_legacy_312_low__white_turquoise__cd7069_2_24797.jpeg;https:\/\/images.novelship.com\/product\/air_jordan_legacy_312_low__white_turquoise__cd7069_3_24798.jpeg;https:\/\/images.novelship.com\/product\/air_jordan_legacy_312_low__white_turquoise__cd7069_4_24798.jpeg;https:\/\/images.novelship.com\/product\/air_jordan_legacy_312_low__white_turquoise__cd7069_5_24798.jpeg\",\"datePublished\":\"2026-04-16T10:13:04+00:00\",\"dateModified\":\"2026-04-17T16:00:59+00:00\",\"breadcrumb\":{\"@id\":\"https:\/\/tourcruiser.com\/fr\/products\/air-jordan-legacy-312-low-white-turquoise-cd7069-130\/#breadcrumb\"},\"inLanguage\":\"fr-FR\",\"potentialAction\":[{\"@type\":\"ReadAction\",\"target\":[\"https:\/\/tourcruiser.com\/fr\/products\/air-jordan-legacy-312-low-white-turquoise-cd7069-130\/\"]}]},{\"@type\":\"ImageObject\",\"inLanguage\":\"fr-FR\",\"@id\":\"https:\/\/tourcruiser.com\/fr\/products\/air-jordan-legacy-312-low-white-turquoise-cd7069-130\/#primaryimage\",\"url\":\"https:\/\/images.novelship.com\/product\/air_jordan_legacy_312_low__white_turquoise__cd7069_0_24797.jpeg;https:\/\/images.novelship.com\/product\/air_jordan_legacy_312_low__white_turquoise__cd7069_1_24797.jpeg;https:\/\/images.novelship.com\/product\/air_jordan_legacy_312_low__white_turquoise__cd7069_2_24797.jpeg;https:\/\/images.novelship.com\/product\/air_jordan_legacy_312_low__white_turquoise__cd7069_3_24798.jpeg;https:\/\/images.novelship.com\/product\/air_jordan_legacy_312_low__white_turquoise__cd7069_4_24798.jpeg;https:\/\/images.novelship.com\/product\/air_jordan_legacy_312_low__white_turquoise__cd7069_5_24798.jpeg\",\"contentUrl\":\"https:\/\/images.novelship.com\/product\/air_jordan_legacy_312_low__white_turquoise__cd7069_0_24797.jpeg;https:\/\/images.novelship.com\/product\/air_jordan_legacy_312_low__white_turquoise__cd7069_1_24797.jpeg;https:\/\/images.novelship.com\/product\/air_jordan_legacy_312_low__white_turquoise__cd7069_2_24797.jpeg;https:\/\/images.novelship.com\/product\/air_jordan_legacy_312_low__white_turquoise__cd7069_3_24798.jpeg;https:\/\/images.novelship.com\/product\/air_jordan_legacy_312_low__white_turquoise__cd7069_4_24798.jpeg;https:\/\/images.novelship.com\/product\/air_jordan_legacy_312_low__white_turquoise__cd7069_5_24798.jpeg\"},{\"@type\":\"BreadcrumbList\",\"@id\":\"https:\/\/tourcruiser.com\/fr\/products\/air-jordan-legacy-312-low-white-turquoise-cd7069-130\/#breadcrumb\",\"itemListElement\":[{\"@type\":\"ListItem\",\"position\":1,\"name\":\"Home\",\"item\":\"https:\/\/tourcruiser.com\/fr\/\"},{\"@type\":\"ListItem\",\"position\":2,\"name\":\"Shop\",\"item\":\"https:\/\/tourcruiser.com\/fr\/shop\/\"},{\"@type\":\"ListItem\",\"position\":3,\"name\":\"Air Jordan Legacy 312 Low &#8216;White Turquoise&#8217; CD7069-130\"}]},{\"@type\":\"WebSite\",\"@id\":\"\/#website\",\"url\":\"\/\",\"name\":\"Styloral Jewelry Shop\",\"description\":\"Tourcruiser Sneaker Store \u2014 L\u2019endroit o\u00f9 l\u2019univers rencontre votre singularit\u00e9.\",\"publisher\":{\"@id\":\"\/#organization\"},\"potentialAction\":[{\"@type\":\"SearchAction\",\"target\":{\"@type\":\"EntryPoint\",\"urlTemplate\":\"\/?s={search_term_string}\"},\"query-input\":{\"@type\":\"PropertyValueSpecification\",\"valueRequired\":true,\"valueName\":\"search_term_string\"}}],\"inLanguage\":\"fr-FR\"},{\"@type\":\"Organization\",\"@id\":\"\/#organization\",\"name\":\"STYLORAL PTE. LTD\",\"url\":\"\/\",\"logo\":{\"@type\":\"ImageObject\",\"inLanguage\":\"fr-FR\",\"@id\":\"\/#\/schema\/logo\/image\/\",\"url\":\"https:\/\/www.tourcruiser.com\/wp-content\/uploads\/2025\/12\/logo.png\",\"contentUrl\":\"https:\/\/www.tourcruiser.com\/wp-content\/uploads\/2025\/12\/logo.png\",\"width\":200,\"height\":65,\"caption\":\"STYLORAL PTE. LTD\"},\"image\":{\"@id\":\"\/#\/schema\/logo\/image\/\"}}]}<\/script>\n<!-- \/ Yoast SEO plugin. -->","yoast_head_json":{"title":"Air Jordan Legacy 312 Low 'White Turquoise' CD7069-130 - TOURCRUISER PTE. LTD","robots":{"index":"index","follow":"follow","max-snippet":"max-snippet:-1","max-image-preview":"max-image-preview:large","max-video-preview":"max-video-preview:-1"},"canonical":"https:\/\/tourcruiser.com\/fr\/products\/air-jordan-legacy-312-low-white-turquoise-cd7069-130\/","og_locale":"fr_FR","og_type":"article","og_title":"Air Jordan Legacy 312 Low 'White Turquoise' CD7069-130 - TOURCRUISER PTE. LTD","og_description":"Les sneakers Air Jordan Legacy 312 Low White Turquoise de Jordan allient les d\u00e9tails embl\u00e9matiques de la marque \u00e0 des innovations de pointe. Con\u00e7ues pour un confort optimal et un style affirm\u00e9, elles arborent une combinaison de couleurs blanc et turquoise saisissante qui ne manquera pas d&rsquo;attirer les regards. Gr\u00e2ce \u00e0 l&rsquo;amorti Air signature et [&hellip;]","og_url":"https:\/\/tourcruiser.com\/fr\/products\/air-jordan-legacy-312-low-white-turquoise-cd7069-130\/","og_site_name":"Tourcruiser Sneaker Store","article_modified_time":"2026-04-17T16:00:59+00:00","twitter_card":"summary_large_image","twitter_image":"https:\/\/images.novelship.com\/product\/air_jordan_legacy_312_low__white_turquoise__cd7069_0_24797.jpeg;https:\/\/images.novelship.com\/product\/air_jordan_legacy_312_low__white_turquoise__cd7069_1_24797.jpeg;https:\/\/images.novelship.com\/product\/air_jordan_legacy_312_low__white_turquoise__cd7069_2_24797.jpeg;https:\/\/images.novelship.com\/product\/air_jordan_legacy_312_low__white_turquoise__cd7069_3_24798.jpeg;https:\/\/images.novelship.com\/product\/air_jordan_legacy_312_low__white_turquoise__cd7069_4_24798.jpeg;https:\/\/images.novelship.com\/product\/air_jordan_legacy_312_low__white_turquoise__cd7069_5_24798.jpeg","twitter_misc":{"Dur\u00e9e de lecture estim\u00e9e":"1 minute"},"schema":{"@context":"https:\/\/schema.org","@graph":[{"@type":"WebPage","@id":"https:\/\/tourcruiser.com\/fr\/products\/air-jordan-legacy-312-low-white-turquoise-cd7069-130\/","url":"https:\/\/tourcruiser.com\/fr\/products\/air-jordan-legacy-312-low-white-turquoise-cd7069-130\/","name":"Air Jordan Legacy 312 Low 'White Turquoise' CD7069-130 - TOURCRUISER PTE. LTD","isPartOf":{"@id":"\/#website"},"primaryImageOfPage":{"@id":"https:\/\/tourcruiser.com\/fr\/products\/air-jordan-legacy-312-low-white-turquoise-cd7069-130\/#primaryimage"},"image":{"@id":"https:\/\/tourcruiser.com\/fr\/products\/air-jordan-legacy-312-low-white-turquoise-cd7069-130\/#primaryimage"},"thumbnailUrl":"https:\/\/images.novelship.com\/product\/air_jordan_legacy_312_low__white_turquoise__cd7069_0_24797.jpeg;https:\/\/images.novelship.com\/product\/air_jordan_legacy_312_low__white_turquoise__cd7069_1_24797.jpeg;https:\/\/images.novelship.com\/product\/air_jordan_legacy_312_low__white_turquoise__cd7069_2_24797.jpeg;https:\/\/images.novelship.com\/product\/air_jordan_legacy_312_low__white_turquoise__cd7069_3_24798.jpeg;https:\/\/images.novelship.com\/product\/air_jordan_legacy_312_low__white_turquoise__cd7069_4_24798.jpeg;https:\/\/images.novelship.com\/product\/air_jordan_legacy_312_low__white_turquoise__cd7069_5_24798.jpeg","datePublished":"2026-04-16T10:13:04+00:00","dateModified":"2026-04-17T16:00:59+00:00","breadcrumb":{"@id":"https:\/\/tourcruiser.com\/fr\/products\/air-jordan-legacy-312-low-white-turquoise-cd7069-130\/#breadcrumb"},"inLanguage":"fr-FR","potentialAction":[{"@type":"ReadAction","target":["https:\/\/tourcruiser.com\/fr\/products\/air-jordan-legacy-312-low-white-turquoise-cd7069-130\/"]}]},{"@type":"ImageObject","inLanguage":"fr-FR","@id":"https:\/\/tourcruiser.com\/fr\/products\/air-jordan-legacy-312-low-white-turquoise-cd7069-130\/#primaryimage","url":"https:\/\/images.novelship.com\/product\/air_jordan_legacy_312_low__white_turquoise__cd7069_0_24797.jpeg;https:\/\/images.novelship.com\/product\/air_jordan_legacy_312_low__white_turquoise__cd7069_1_24797.jpeg;https:\/\/images.novelship.com\/product\/air_jordan_legacy_312_low__white_turquoise__cd7069_2_24797.jpeg;https:\/\/images.novelship.com\/product\/air_jordan_legacy_312_low__white_turquoise__cd7069_3_24798.jpeg;https:\/\/images.novelship.com\/product\/air_jordan_legacy_312_low__white_turquoise__cd7069_4_24798.jpeg;https:\/\/images.novelship.com\/product\/air_jordan_legacy_312_low__white_turquoise__cd7069_5_24798.jpeg","contentUrl":"https:\/\/images.novelship.com\/product\/air_jordan_legacy_312_low__white_turquoise__cd7069_0_24797.jpeg;https:\/\/images.novelship.com\/product\/air_jordan_legacy_312_low__white_turquoise__cd7069_1_24797.jpeg;https:\/\/images.novelship.com\/product\/air_jordan_legacy_312_low__white_turquoise__cd7069_2_24797.jpeg;https:\/\/images.novelship.com\/product\/air_jordan_legacy_312_low__white_turquoise__cd7069_3_24798.jpeg;https:\/\/images.novelship.com\/product\/air_jordan_legacy_312_low__white_turquoise__cd7069_4_24798.jpeg;https:\/\/images.novelship.com\/product\/air_jordan_legacy_312_low__white_turquoise__cd7069_5_24798.jpeg"},{"@type":"BreadcrumbList","@id":"https:\/\/tourcruiser.com\/fr\/products\/air-jordan-legacy-312-low-white-turquoise-cd7069-130\/#breadcrumb","itemListElement":[{"@type":"ListItem","position":1,"name":"Home","item":"https:\/\/tourcruiser.com\/fr\/"},{"@type":"ListItem","position":2,"name":"Shop","item":"https:\/\/tourcruiser.com\/fr\/shop\/"},{"@type":"ListItem","position":3,"name":"Air Jordan Legacy 312 Low &#8216;White Turquoise&#8217; CD7069-130"}]},{"@type":"WebSite","@id":"\/#website","url":"\/","name":"Styloral Jewelry Shop","description":"Tourcruiser Sneaker Store \u2014 L\u2019endroit o\u00f9 l\u2019univers rencontre votre singularit\u00e9.","publisher":{"@id":"\/#organization"},"potentialAction":[{"@type":"SearchAction","target":{"@type":"EntryPoint","urlTemplate":"\/?s={search_term_string}"},"query-input":{"@type":"PropertyValueSpecification","valueRequired":true,"valueName":"search_term_string"}}],"inLanguage":"fr-FR"},{"@type":"Organization","@id":"\/#organization","name":"STYLORAL PTE. LTD","url":"\/","logo":{"@type":"ImageObject","inLanguage":"fr-FR","@id":"\/#\/schema\/logo\/image\/","url":"https:\/\/www.tourcruiser.com\/wp-content\/uploads\/2025\/12\/logo.png","contentUrl":"https:\/\/www.tourcruiser.com\/wp-content\/uploads\/2025\/12\/logo.png","width":200,"height":65,"caption":"STYLORAL PTE. LTD"},"image":{"@id":"\/#\/schema\/logo\/image\/"}}]}},"_links":{"self":[{"href":"https:\/\/tourcruiser.com\/fr\/wp-json\/wp\/v2\/product\/768226","targetHints":{"allow":["GET"]}}],"collection":[{"href":"https:\/\/tourcruiser.com\/fr\/wp-json\/wp\/v2\/product"}],"about":[{"href":"https:\/\/tourcruiser.com\/fr\/wp-json\/wp\/v2\/types\/product"}],"replies":[{"embeddable":true,"href":"https:\/\/tourcruiser.com\/fr\/wp-json\/wp\/v2\/comments?post=768226"}],"wp:featuredmedia":[{"embeddable":true,"href":"https:\/\/tourcruiser.com\/fr\/wp-json\/wp\/v2\/media\/768227"}],"wp:attachment":[{"href":"https:\/\/tourcruiser.com\/fr\/wp-json\/wp\/v2\/media?parent=768226"}],"wp:term":[{"taxonomy":"product_brand","embeddable":true,"href":"https:\/\/tourcruiser.com\/fr\/wp-json\/wp\/v2\/product_brand?post=768226"},{"taxonomy":"product_cat","embeddable":true,"href":"https:\/\/tourcruiser.com\/fr\/wp-json\/wp\/v2\/product_cat?post=768226"},{"taxonomy":"product_tag","embeddable":true,"href":"https:\/\/tourcruiser.com\/fr\/wp-json\/wp\/v2\/product_tag?post=768226"}],"curies":[{"name":"wp","href":"https:\/\/api.w.org\/{rel}","templated":true}]}}