{"id":768210,"date":"2026-04-16T17:13:03","date_gmt":"2026-04-16T10:13:03","guid":{"rendered":"http:\/\/tourcruiser.com\/product\/grade-school-air-jordan-1-retro-bg-black-toe-2016-575441-125"},"modified":"2026-04-17T23:00:57","modified_gmt":"2026-04-17T16:00:57","slug":"grade-school-air-jordan-1-retro-bg-black-toe-2016-575441-125","status":"publish","type":"product","link":"https:\/\/tourcruiser.com\/fr\/products\/grade-school-air-jordan-1-retro-bg-black-toe-2016-575441-125\/","title":{"rendered":"(Grade School) Air Jordan 1 Retro BG &lsquo;Black Toe&rsquo; 2016 575441-125"},"content":{"rendered":"<p>La Air Jordan 1 Retro BG Black Toe 2016 (GS) de Jordan est un incontournable pour les jeunes. Son coloris blanc classique rehauss\u00e9 de d\u00e9tails noirs \u00e0 l&rsquo;avant offre un look styl\u00e9 et intemporel. Gr\u00e2ce \u00e0 son design iconique et son confort optimal, cette sneaker est parfaite au quotidien comme pour le sport. Adoptez le style Black Toe 2016 d\u00e8s maintenant\u00a0!<\/p>\n<p>\u2026 \u00c2ge\u00a0: Adulte<\/p>\n<p>Couleur\u00a0: Violet Oxyg\u00e8ne\/Violet Oxyg\u00e8ne-Bleu Monsoon-Teinte Melon-Blanc<\/p>\n<p>Genre\u00a0: Jeune<\/p>\n","protected":false},"excerpt":{"rendered":"<p>La Air Jordan 1 Retro BG Black Toe 2016 (GS) de Jordan est un incontournable pour les jeunes. Son coloris blanc classique rehauss\u00e9 de d\u00e9tails noirs \u00e0 l&rsquo;avant offre un look styl\u00e9 et intemporel. Gr\u00e2ce \u00e0 son design iconique et son confort optimal, cette sneaker est parfaite au quotidien comme pour le sport. Adoptez le [&hellip;]<\/p>\n","protected":false},"featured_media":768211,"comment_status":"open","ping_status":"closed","template":"","meta":[],"product_brand":[],"product_cat":[38880],"product_tag":[29299,38988,10776,11349,38875,10756,39039],"class_list":{"0":"post-768210","1":"product","2":"type-product","3":"status-publish","4":"has-post-thumbnail","6":"product_cat-jordan","7":"product_tag-basketball-inspired","8":"product_tag-casual-shoes-for-kids","9":"product_tag-jordan","10":"product_tag-jordan-basketball-shoes","11":"product_tag-jordan-skateboard-shoes","12":"product_tag-retro-casual-shoes","13":"product_tag-sneakers-for-kids","15":"first","16":"instock","17":"taxable","18":"shipping-taxable","19":"purchasable","20":"product-type-simple"},"wcpa_form_fields":null,"yoast_head":"<!-- This site is optimized with the Yoast SEO plugin v26.5 - https:\/\/yoast.com\/wordpress\/plugins\/seo\/ -->\n<title>(Grade School) Air Jordan 1 Retro BG &#039;Black Toe&#039; 2016 575441-125 - TOURCRUISER PTE. LTD<\/title>\n<meta name=\"robots\" content=\"index, follow, max-snippet:-1, max-image-preview:large, max-video-preview:-1\" \/>\n<link rel=\"canonical\" href=\"https:\/\/tourcruiser.com\/fr\/products\/grade-school-air-jordan-1-retro-bg-black-toe-2016-575441-125\/\" \/>\n<meta property=\"og:locale\" content=\"fr_FR\" \/>\n<meta property=\"og:type\" content=\"article\" \/>\n<meta property=\"og:title\" content=\"(Grade School) Air Jordan 1 Retro BG &#039;Black Toe&#039; 2016 575441-125 - TOURCRUISER PTE. LTD\" \/>\n<meta property=\"og:description\" content=\"La Air Jordan 1 Retro BG Black Toe 2016 (GS) de Jordan est un incontournable pour les jeunes. Son coloris blanc classique rehauss\u00e9 de d\u00e9tails noirs \u00e0 l&rsquo;avant offre un look styl\u00e9 et intemporel. Gr\u00e2ce \u00e0 son design iconique et son confort optimal, cette sneaker est parfaite au quotidien comme pour le sport. Adoptez le [&hellip;]\" \/>\n<meta property=\"og:url\" content=\"https:\/\/tourcruiser.com\/fr\/products\/grade-school-air-jordan-1-retro-bg-black-toe-2016-575441-125\/\" \/>\n<meta property=\"og:site_name\" content=\"Tourcruiser Sneaker Store\" \/>\n<meta property=\"article:modified_time\" content=\"2026-04-17T16:00:57+00:00\" \/>\n<meta name=\"twitter:card\" content=\"summary_large_image\" \/>\n<meta name=\"twitter:image\" content=\"https:\/\/images.novelship.com\/product\/_grade_school__air_jordan_1_retro_bg__black_toe__2_0_59623.jpeg;https:\/\/images.novelship.com\/product\/_grade_school__air_jordan_1_retro_bg__black_toe__2_1_59623.jpeg;https:\/\/images.novelship.com\/product\/_grade_school__air_jordan_1_retro_bg__black_toe__2_2_59623.jpeg;https:\/\/images.novelship.com\/product\/_grade_school__air_jordan_1_retro_bg__black_toe__2_3_59623.jpeg;https:\/\/images.novelship.com\/product\/_grade_school__air_jordan_1_retro_bg__black_toe__2_4_59623.jpeg;https:\/\/images.novelship.com\/product\/_grade_school__air_jordan_1_retro_bg__black_toe__2_5_59623.jpeg;https:\/\/images.novelship.com\/product\/_grade_school__air_jordan_1_retro_bg__black_toe__2_6_59623.jpeg;https:\/\/images.novelship.com\/product\/_grade_school__air_jordan_1_retro_bg__black_toe__2_7_59623.jpeg\" \/>\n<script type=\"application\/ld+json\" class=\"yoast-schema-graph\">{\"@context\":\"https:\/\/schema.org\",\"@graph\":[{\"@type\":\"WebPage\",\"@id\":\"https:\/\/tourcruiser.com\/fr\/products\/grade-school-air-jordan-1-retro-bg-black-toe-2016-575441-125\/\",\"url\":\"https:\/\/tourcruiser.com\/fr\/products\/grade-school-air-jordan-1-retro-bg-black-toe-2016-575441-125\/\",\"name\":\"(Grade School) Air Jordan 1 Retro BG 'Black Toe' 2016 575441-125 - TOURCRUISER PTE. LTD\",\"isPartOf\":{\"@id\":\"\/#website\"},\"primaryImageOfPage\":{\"@id\":\"https:\/\/tourcruiser.com\/fr\/products\/grade-school-air-jordan-1-retro-bg-black-toe-2016-575441-125\/#primaryimage\"},\"image\":{\"@id\":\"https:\/\/tourcruiser.com\/fr\/products\/grade-school-air-jordan-1-retro-bg-black-toe-2016-575441-125\/#primaryimage\"},\"thumbnailUrl\":\"https:\/\/images.novelship.com\/product\/_grade_school__air_jordan_1_retro_bg__black_toe__2_0_59623.jpeg;https:\/\/images.novelship.com\/product\/_grade_school__air_jordan_1_retro_bg__black_toe__2_1_59623.jpeg;https:\/\/images.novelship.com\/product\/_grade_school__air_jordan_1_retro_bg__black_toe__2_2_59623.jpeg;https:\/\/images.novelship.com\/product\/_grade_school__air_jordan_1_retro_bg__black_toe__2_3_59623.jpeg;https:\/\/images.novelship.com\/product\/_grade_school__air_jordan_1_retro_bg__black_toe__2_4_59623.jpeg;https:\/\/images.novelship.com\/product\/_grade_school__air_jordan_1_retro_bg__black_toe__2_5_59623.jpeg;https:\/\/images.novelship.com\/product\/_grade_school__air_jordan_1_retro_bg__black_toe__2_6_59623.jpeg;https:\/\/images.novelship.com\/product\/_grade_school__air_jordan_1_retro_bg__black_toe__2_7_59623.jpeg\",\"datePublished\":\"2026-04-16T10:13:03+00:00\",\"dateModified\":\"2026-04-17T16:00:57+00:00\",\"breadcrumb\":{\"@id\":\"https:\/\/tourcruiser.com\/fr\/products\/grade-school-air-jordan-1-retro-bg-black-toe-2016-575441-125\/#breadcrumb\"},\"inLanguage\":\"fr-FR\",\"potentialAction\":[{\"@type\":\"ReadAction\",\"target\":[\"https:\/\/tourcruiser.com\/fr\/products\/grade-school-air-jordan-1-retro-bg-black-toe-2016-575441-125\/\"]}]},{\"@type\":\"ImageObject\",\"inLanguage\":\"fr-FR\",\"@id\":\"https:\/\/tourcruiser.com\/fr\/products\/grade-school-air-jordan-1-retro-bg-black-toe-2016-575441-125\/#primaryimage\",\"url\":\"https:\/\/images.novelship.com\/product\/_grade_school__air_jordan_1_retro_bg__black_toe__2_0_59623.jpeg;https:\/\/images.novelship.com\/product\/_grade_school__air_jordan_1_retro_bg__black_toe__2_1_59623.jpeg;https:\/\/images.novelship.com\/product\/_grade_school__air_jordan_1_retro_bg__black_toe__2_2_59623.jpeg;https:\/\/images.novelship.com\/product\/_grade_school__air_jordan_1_retro_bg__black_toe__2_3_59623.jpeg;https:\/\/images.novelship.com\/product\/_grade_school__air_jordan_1_retro_bg__black_toe__2_4_59623.jpeg;https:\/\/images.novelship.com\/product\/_grade_school__air_jordan_1_retro_bg__black_toe__2_5_59623.jpeg;https:\/\/images.novelship.com\/product\/_grade_school__air_jordan_1_retro_bg__black_toe__2_6_59623.jpeg;https:\/\/images.novelship.com\/product\/_grade_school__air_jordan_1_retro_bg__black_toe__2_7_59623.jpeg\",\"contentUrl\":\"https:\/\/images.novelship.com\/product\/_grade_school__air_jordan_1_retro_bg__black_toe__2_0_59623.jpeg;https:\/\/images.novelship.com\/product\/_grade_school__air_jordan_1_retro_bg__black_toe__2_1_59623.jpeg;https:\/\/images.novelship.com\/product\/_grade_school__air_jordan_1_retro_bg__black_toe__2_2_59623.jpeg;https:\/\/images.novelship.com\/product\/_grade_school__air_jordan_1_retro_bg__black_toe__2_3_59623.jpeg;https:\/\/images.novelship.com\/product\/_grade_school__air_jordan_1_retro_bg__black_toe__2_4_59623.jpeg;https:\/\/images.novelship.com\/product\/_grade_school__air_jordan_1_retro_bg__black_toe__2_5_59623.jpeg;https:\/\/images.novelship.com\/product\/_grade_school__air_jordan_1_retro_bg__black_toe__2_6_59623.jpeg;https:\/\/images.novelship.com\/product\/_grade_school__air_jordan_1_retro_bg__black_toe__2_7_59623.jpeg\"},{\"@type\":\"BreadcrumbList\",\"@id\":\"https:\/\/tourcruiser.com\/fr\/products\/grade-school-air-jordan-1-retro-bg-black-toe-2016-575441-125\/#breadcrumb\",\"itemListElement\":[{\"@type\":\"ListItem\",\"position\":1,\"name\":\"Home\",\"item\":\"https:\/\/tourcruiser.com\/fr\/\"},{\"@type\":\"ListItem\",\"position\":2,\"name\":\"Shop\",\"item\":\"https:\/\/tourcruiser.com\/fr\/shop\/\"},{\"@type\":\"ListItem\",\"position\":3,\"name\":\"(Grade School) Air Jordan 1 Retro BG &#8216;Black Toe&#8217; 2016 575441-125\"}]},{\"@type\":\"WebSite\",\"@id\":\"\/#website\",\"url\":\"\/\",\"name\":\"Styloral Jewelry Shop\",\"description\":\"Tourcruiser Sneaker Store \u2014 L\u2019endroit o\u00f9 l\u2019univers rencontre votre singularit\u00e9.\",\"publisher\":{\"@id\":\"\/#organization\"},\"potentialAction\":[{\"@type\":\"SearchAction\",\"target\":{\"@type\":\"EntryPoint\",\"urlTemplate\":\"\/?s={search_term_string}\"},\"query-input\":{\"@type\":\"PropertyValueSpecification\",\"valueRequired\":true,\"valueName\":\"search_term_string\"}}],\"inLanguage\":\"fr-FR\"},{\"@type\":\"Organization\",\"@id\":\"\/#organization\",\"name\":\"STYLORAL PTE. LTD\",\"url\":\"\/\",\"logo\":{\"@type\":\"ImageObject\",\"inLanguage\":\"fr-FR\",\"@id\":\"\/#\/schema\/logo\/image\/\",\"url\":\"https:\/\/www.tourcruiser.com\/wp-content\/uploads\/2025\/12\/logo.png\",\"contentUrl\":\"https:\/\/www.tourcruiser.com\/wp-content\/uploads\/2025\/12\/logo.png\",\"width\":200,\"height\":65,\"caption\":\"STYLORAL PTE. LTD\"},\"image\":{\"@id\":\"\/#\/schema\/logo\/image\/\"}}]}<\/script>\n<!-- \/ Yoast SEO plugin. -->","yoast_head_json":{"title":"(Grade School) Air Jordan 1 Retro BG 'Black Toe' 2016 575441-125 - TOURCRUISER PTE. LTD","robots":{"index":"index","follow":"follow","max-snippet":"max-snippet:-1","max-image-preview":"max-image-preview:large","max-video-preview":"max-video-preview:-1"},"canonical":"https:\/\/tourcruiser.com\/fr\/products\/grade-school-air-jordan-1-retro-bg-black-toe-2016-575441-125\/","og_locale":"fr_FR","og_type":"article","og_title":"(Grade School) Air Jordan 1 Retro BG 'Black Toe' 2016 575441-125 - TOURCRUISER PTE. LTD","og_description":"La Air Jordan 1 Retro BG Black Toe 2016 (GS) de Jordan est un incontournable pour les jeunes. Son coloris blanc classique rehauss\u00e9 de d\u00e9tails noirs \u00e0 l&rsquo;avant offre un look styl\u00e9 et intemporel. Gr\u00e2ce \u00e0 son design iconique et son confort optimal, cette sneaker est parfaite au quotidien comme pour le sport. Adoptez le [&hellip;]","og_url":"https:\/\/tourcruiser.com\/fr\/products\/grade-school-air-jordan-1-retro-bg-black-toe-2016-575441-125\/","og_site_name":"Tourcruiser Sneaker Store","article_modified_time":"2026-04-17T16:00:57+00:00","twitter_card":"summary_large_image","twitter_image":"https:\/\/images.novelship.com\/product\/_grade_school__air_jordan_1_retro_bg__black_toe__2_0_59623.jpeg;https:\/\/images.novelship.com\/product\/_grade_school__air_jordan_1_retro_bg__black_toe__2_1_59623.jpeg;https:\/\/images.novelship.com\/product\/_grade_school__air_jordan_1_retro_bg__black_toe__2_2_59623.jpeg;https:\/\/images.novelship.com\/product\/_grade_school__air_jordan_1_retro_bg__black_toe__2_3_59623.jpeg;https:\/\/images.novelship.com\/product\/_grade_school__air_jordan_1_retro_bg__black_toe__2_4_59623.jpeg;https:\/\/images.novelship.com\/product\/_grade_school__air_jordan_1_retro_bg__black_toe__2_5_59623.jpeg;https:\/\/images.novelship.com\/product\/_grade_school__air_jordan_1_retro_bg__black_toe__2_6_59623.jpeg;https:\/\/images.novelship.com\/product\/_grade_school__air_jordan_1_retro_bg__black_toe__2_7_59623.jpeg","schema":{"@context":"https:\/\/schema.org","@graph":[{"@type":"WebPage","@id":"https:\/\/tourcruiser.com\/fr\/products\/grade-school-air-jordan-1-retro-bg-black-toe-2016-575441-125\/","url":"https:\/\/tourcruiser.com\/fr\/products\/grade-school-air-jordan-1-retro-bg-black-toe-2016-575441-125\/","name":"(Grade School) Air Jordan 1 Retro BG 'Black Toe' 2016 575441-125 - TOURCRUISER PTE. LTD","isPartOf":{"@id":"\/#website"},"primaryImageOfPage":{"@id":"https:\/\/tourcruiser.com\/fr\/products\/grade-school-air-jordan-1-retro-bg-black-toe-2016-575441-125\/#primaryimage"},"image":{"@id":"https:\/\/tourcruiser.com\/fr\/products\/grade-school-air-jordan-1-retro-bg-black-toe-2016-575441-125\/#primaryimage"},"thumbnailUrl":"https:\/\/images.novelship.com\/product\/_grade_school__air_jordan_1_retro_bg__black_toe__2_0_59623.jpeg;https:\/\/images.novelship.com\/product\/_grade_school__air_jordan_1_retro_bg__black_toe__2_1_59623.jpeg;https:\/\/images.novelship.com\/product\/_grade_school__air_jordan_1_retro_bg__black_toe__2_2_59623.jpeg;https:\/\/images.novelship.com\/product\/_grade_school__air_jordan_1_retro_bg__black_toe__2_3_59623.jpeg;https:\/\/images.novelship.com\/product\/_grade_school__air_jordan_1_retro_bg__black_toe__2_4_59623.jpeg;https:\/\/images.novelship.com\/product\/_grade_school__air_jordan_1_retro_bg__black_toe__2_5_59623.jpeg;https:\/\/images.novelship.com\/product\/_grade_school__air_jordan_1_retro_bg__black_toe__2_6_59623.jpeg;https:\/\/images.novelship.com\/product\/_grade_school__air_jordan_1_retro_bg__black_toe__2_7_59623.jpeg","datePublished":"2026-04-16T10:13:03+00:00","dateModified":"2026-04-17T16:00:57+00:00","breadcrumb":{"@id":"https:\/\/tourcruiser.com\/fr\/products\/grade-school-air-jordan-1-retro-bg-black-toe-2016-575441-125\/#breadcrumb"},"inLanguage":"fr-FR","potentialAction":[{"@type":"ReadAction","target":["https:\/\/tourcruiser.com\/fr\/products\/grade-school-air-jordan-1-retro-bg-black-toe-2016-575441-125\/"]}]},{"@type":"ImageObject","inLanguage":"fr-FR","@id":"https:\/\/tourcruiser.com\/fr\/products\/grade-school-air-jordan-1-retro-bg-black-toe-2016-575441-125\/#primaryimage","url":"https:\/\/images.novelship.com\/product\/_grade_school__air_jordan_1_retro_bg__black_toe__2_0_59623.jpeg;https:\/\/images.novelship.com\/product\/_grade_school__air_jordan_1_retro_bg__black_toe__2_1_59623.jpeg;https:\/\/images.novelship.com\/product\/_grade_school__air_jordan_1_retro_bg__black_toe__2_2_59623.jpeg;https:\/\/images.novelship.com\/product\/_grade_school__air_jordan_1_retro_bg__black_toe__2_3_59623.jpeg;https:\/\/images.novelship.com\/product\/_grade_school__air_jordan_1_retro_bg__black_toe__2_4_59623.jpeg;https:\/\/images.novelship.com\/product\/_grade_school__air_jordan_1_retro_bg__black_toe__2_5_59623.jpeg;https:\/\/images.novelship.com\/product\/_grade_school__air_jordan_1_retro_bg__black_toe__2_6_59623.jpeg;https:\/\/images.novelship.com\/product\/_grade_school__air_jordan_1_retro_bg__black_toe__2_7_59623.jpeg","contentUrl":"https:\/\/images.novelship.com\/product\/_grade_school__air_jordan_1_retro_bg__black_toe__2_0_59623.jpeg;https:\/\/images.novelship.com\/product\/_grade_school__air_jordan_1_retro_bg__black_toe__2_1_59623.jpeg;https:\/\/images.novelship.com\/product\/_grade_school__air_jordan_1_retro_bg__black_toe__2_2_59623.jpeg;https:\/\/images.novelship.com\/product\/_grade_school__air_jordan_1_retro_bg__black_toe__2_3_59623.jpeg;https:\/\/images.novelship.com\/product\/_grade_school__air_jordan_1_retro_bg__black_toe__2_4_59623.jpeg;https:\/\/images.novelship.com\/product\/_grade_school__air_jordan_1_retro_bg__black_toe__2_5_59623.jpeg;https:\/\/images.novelship.com\/product\/_grade_school__air_jordan_1_retro_bg__black_toe__2_6_59623.jpeg;https:\/\/images.novelship.com\/product\/_grade_school__air_jordan_1_retro_bg__black_toe__2_7_59623.jpeg"},{"@type":"BreadcrumbList","@id":"https:\/\/tourcruiser.com\/fr\/products\/grade-school-air-jordan-1-retro-bg-black-toe-2016-575441-125\/#breadcrumb","itemListElement":[{"@type":"ListItem","position":1,"name":"Home","item":"https:\/\/tourcruiser.com\/fr\/"},{"@type":"ListItem","position":2,"name":"Shop","item":"https:\/\/tourcruiser.com\/fr\/shop\/"},{"@type":"ListItem","position":3,"name":"(Grade School) Air Jordan 1 Retro BG &#8216;Black Toe&#8217; 2016 575441-125"}]},{"@type":"WebSite","@id":"\/#website","url":"\/","name":"Styloral Jewelry Shop","description":"Tourcruiser Sneaker Store \u2014 L\u2019endroit o\u00f9 l\u2019univers rencontre votre singularit\u00e9.","publisher":{"@id":"\/#organization"},"potentialAction":[{"@type":"SearchAction","target":{"@type":"EntryPoint","urlTemplate":"\/?s={search_term_string}"},"query-input":{"@type":"PropertyValueSpecification","valueRequired":true,"valueName":"search_term_string"}}],"inLanguage":"fr-FR"},{"@type":"Organization","@id":"\/#organization","name":"STYLORAL PTE. LTD","url":"\/","logo":{"@type":"ImageObject","inLanguage":"fr-FR","@id":"\/#\/schema\/logo\/image\/","url":"https:\/\/www.tourcruiser.com\/wp-content\/uploads\/2025\/12\/logo.png","contentUrl":"https:\/\/www.tourcruiser.com\/wp-content\/uploads\/2025\/12\/logo.png","width":200,"height":65,"caption":"STYLORAL PTE. LTD"},"image":{"@id":"\/#\/schema\/logo\/image\/"}}]}},"_links":{"self":[{"href":"https:\/\/tourcruiser.com\/fr\/wp-json\/wp\/v2\/product\/768210","targetHints":{"allow":["GET"]}}],"collection":[{"href":"https:\/\/tourcruiser.com\/fr\/wp-json\/wp\/v2\/product"}],"about":[{"href":"https:\/\/tourcruiser.com\/fr\/wp-json\/wp\/v2\/types\/product"}],"replies":[{"embeddable":true,"href":"https:\/\/tourcruiser.com\/fr\/wp-json\/wp\/v2\/comments?post=768210"}],"wp:featuredmedia":[{"embeddable":true,"href":"https:\/\/tourcruiser.com\/fr\/wp-json\/wp\/v2\/media\/768211"}],"wp:attachment":[{"href":"https:\/\/tourcruiser.com\/fr\/wp-json\/wp\/v2\/media?parent=768210"}],"wp:term":[{"taxonomy":"product_brand","embeddable":true,"href":"https:\/\/tourcruiser.com\/fr\/wp-json\/wp\/v2\/product_brand?post=768210"},{"taxonomy":"product_cat","embeddable":true,"href":"https:\/\/tourcruiser.com\/fr\/wp-json\/wp\/v2\/product_cat?post=768210"},{"taxonomy":"product_tag","embeddable":true,"href":"https:\/\/tourcruiser.com\/fr\/wp-json\/wp\/v2\/product_tag?post=768210"}],"curies":[{"name":"wp","href":"https:\/\/api.w.org\/{rel}","templated":true}]}}