{"id":768183,"date":"2026-04-16T17:13:02","date_gmt":"2026-04-16T10:13:02","guid":{"rendered":"http:\/\/tourcruiser.com\/product\/grade-school-air-jordan-1-retro-mid-pro-purple-555112-500"},"modified":"2026-04-17T23:00:57","modified_gmt":"2026-04-17T16:00:57","slug":"grade-school-air-jordan-1-retro-mid-pro-purple-555112-500","status":"publish","type":"product","link":"https:\/\/tourcruiser.com\/fr\/products\/grade-school-air-jordan-1-retro-mid-pro-purple-555112-500\/","title":{"rendered":"(Grade School) Air Jordan 1 Retro Mid &lsquo;Pro Purple&rsquo; 555112-500"},"content":{"rendered":"<p>La Air Jordan 1 Retro Mid Pro Purple (GS) est une chaussure de basketball styl\u00e9e sign\u00e9e Jordan. Son coloris violet \u00e9clatant la rend id\u00e9ale pour les jeunes joueurs. Avec son design r\u00e9tro et sa silhouette mi-montante, elle allie style et performance sur le terrain. Am\u00e9liorez votre jeu avec la Air Jordan 1 Retro Mid Pro Purple.<\/p>\n<p>Coloris\u00a0: Pro Purple\/Desert Sand<\/p>\n<p>Code article\u00a0: 555112-500<\/p>\n<p>Tige\u00a0: Cuir<\/p>\n<p>Semelle interm\u00e9diaire\u00a0: Air<\/p>\n<p>Couleur\u00a0: Violet<\/p>\n<p>Designer\u00a0: Peter Moore<\/p>\n<p>Saison\u00a0: Toute l\u2019ann\u00e9e<\/p>\n<p>Ann\u00e9e de sortie\u00a0: 2016<\/p>\n<p>\u00c2ge\u00a0: Adulte<\/p>\n<p>Couleur\u00a0: Noir\/Blanc-Rouge Varsity<\/p>\n<p>Genre\u00a0: Jeune<\/p>\n","protected":false},"excerpt":{"rendered":"<p>La Air Jordan 1 Retro Mid Pro Purple (GS) est une chaussure de basketball styl\u00e9e sign\u00e9e Jordan. Son coloris violet \u00e9clatant la rend id\u00e9ale pour les jeunes joueurs. Avec son design r\u00e9tro et sa silhouette mi-montante, elle allie style et performance sur le terrain. Am\u00e9liorez votre jeu avec la Air Jordan 1 Retro Mid Pro [&hellip;]<\/p>\n","protected":false},"featured_media":768184,"comment_status":"open","ping_status":"closed","template":"","meta":[],"product_brand":[],"product_cat":[38880],"product_tag":[10750,38988,10776,11349,38875,10756,39039,38902],"class_list":{"0":"post-768183","1":"product","2":"type-product","3":"status-publish","4":"has-post-thumbnail","6":"product_cat-jordan","7":"product_tag-athleisure-shoes","8":"product_tag-casual-shoes-for-kids","9":"product_tag-jordan","10":"product_tag-jordan-basketball-shoes","11":"product_tag-jordan-skateboard-shoes","12":"product_tag-retro-casual-shoes","13":"product_tag-sneakers-for-kids","14":"product_tag-trendy-offers","16":"first","17":"instock","18":"taxable","19":"shipping-taxable","20":"purchasable","21":"product-type-simple"},"wcpa_form_fields":null,"yoast_head":"<!-- This site is optimized with the Yoast SEO plugin v26.5 - https:\/\/yoast.com\/wordpress\/plugins\/seo\/ -->\n<title>(Grade School) Air Jordan 1 Retro Mid &#039;Pro Purple&#039; 555112-500 - TOURCRUISER PTE. LTD<\/title>\n<meta name=\"robots\" content=\"index, follow, max-snippet:-1, max-image-preview:large, max-video-preview:-1\" \/>\n<link rel=\"canonical\" href=\"https:\/\/tourcruiser.com\/fr\/products\/grade-school-air-jordan-1-retro-mid-pro-purple-555112-500\/\" \/>\n<meta property=\"og:locale\" content=\"fr_FR\" \/>\n<meta property=\"og:type\" content=\"article\" \/>\n<meta property=\"og:title\" content=\"(Grade School) Air Jordan 1 Retro Mid &#039;Pro Purple&#039; 555112-500 - TOURCRUISER PTE. LTD\" \/>\n<meta property=\"og:description\" content=\"La Air Jordan 1 Retro Mid Pro Purple (GS) est une chaussure de basketball styl\u00e9e sign\u00e9e Jordan. Son coloris violet \u00e9clatant la rend id\u00e9ale pour les jeunes joueurs. Avec son design r\u00e9tro et sa silhouette mi-montante, elle allie style et performance sur le terrain. Am\u00e9liorez votre jeu avec la Air Jordan 1 Retro Mid Pro [&hellip;]\" \/>\n<meta property=\"og:url\" content=\"https:\/\/tourcruiser.com\/fr\/products\/grade-school-air-jordan-1-retro-mid-pro-purple-555112-500\/\" \/>\n<meta property=\"og:site_name\" content=\"Tourcruiser Sneaker Store\" \/>\n<meta property=\"article:modified_time\" content=\"2026-04-17T16:00:57+00:00\" \/>\n<meta name=\"twitter:card\" content=\"summary_large_image\" \/>\n<meta name=\"twitter:image\" content=\"https:\/\/images.novelship.com\/product\/_grade_school__air_jordan_1_retro_mid__pro_purple__0_72399.jpeg;https:\/\/images.novelship.com\/product\/_grade_school__air_jordan_1_retro_mid__pro_purple__1_72399.jpeg;https:\/\/images.novelship.com\/product\/_grade_school__air_jordan_1_retro_mid__pro_purple__2_72399.jpeg;https:\/\/images.novelship.com\/product\/_grade_school__air_jordan_1_retro_mid__pro_purple__3_72399.jpeg;https:\/\/images.novelship.com\/product\/_grade_school__air_jordan_1_retro_mid__pro_purple__4_72399.jpeg;https:\/\/images.novelship.com\/product\/_grade_school__air_jordan_1_retro_mid__pro_purple__5_72399.jpeg;https:\/\/images.novelship.com\/product\/_grade_school__air_jordan_1_retro_mid__pro_purple__6_72399.jpeg;https:\/\/images.novelship.com\/product\/_grade_school__air_jordan_1_retro_mid__pro_purple__7_72399.jpeg\" \/>\n<script type=\"application\/ld+json\" class=\"yoast-schema-graph\">{\"@context\":\"https:\/\/schema.org\",\"@graph\":[{\"@type\":\"WebPage\",\"@id\":\"https:\/\/tourcruiser.com\/fr\/products\/grade-school-air-jordan-1-retro-mid-pro-purple-555112-500\/\",\"url\":\"https:\/\/tourcruiser.com\/fr\/products\/grade-school-air-jordan-1-retro-mid-pro-purple-555112-500\/\",\"name\":\"(Grade School) Air Jordan 1 Retro Mid 'Pro Purple' 555112-500 - TOURCRUISER PTE. LTD\",\"isPartOf\":{\"@id\":\"\/#website\"},\"primaryImageOfPage\":{\"@id\":\"https:\/\/tourcruiser.com\/fr\/products\/grade-school-air-jordan-1-retro-mid-pro-purple-555112-500\/#primaryimage\"},\"image\":{\"@id\":\"https:\/\/tourcruiser.com\/fr\/products\/grade-school-air-jordan-1-retro-mid-pro-purple-555112-500\/#primaryimage\"},\"thumbnailUrl\":\"https:\/\/images.novelship.com\/product\/_grade_school__air_jordan_1_retro_mid__pro_purple__0_72399.jpeg;https:\/\/images.novelship.com\/product\/_grade_school__air_jordan_1_retro_mid__pro_purple__1_72399.jpeg;https:\/\/images.novelship.com\/product\/_grade_school__air_jordan_1_retro_mid__pro_purple__2_72399.jpeg;https:\/\/images.novelship.com\/product\/_grade_school__air_jordan_1_retro_mid__pro_purple__3_72399.jpeg;https:\/\/images.novelship.com\/product\/_grade_school__air_jordan_1_retro_mid__pro_purple__4_72399.jpeg;https:\/\/images.novelship.com\/product\/_grade_school__air_jordan_1_retro_mid__pro_purple__5_72399.jpeg;https:\/\/images.novelship.com\/product\/_grade_school__air_jordan_1_retro_mid__pro_purple__6_72399.jpeg;https:\/\/images.novelship.com\/product\/_grade_school__air_jordan_1_retro_mid__pro_purple__7_72399.jpeg\",\"datePublished\":\"2026-04-16T10:13:02+00:00\",\"dateModified\":\"2026-04-17T16:00:57+00:00\",\"breadcrumb\":{\"@id\":\"https:\/\/tourcruiser.com\/fr\/products\/grade-school-air-jordan-1-retro-mid-pro-purple-555112-500\/#breadcrumb\"},\"inLanguage\":\"fr-FR\",\"potentialAction\":[{\"@type\":\"ReadAction\",\"target\":[\"https:\/\/tourcruiser.com\/fr\/products\/grade-school-air-jordan-1-retro-mid-pro-purple-555112-500\/\"]}]},{\"@type\":\"ImageObject\",\"inLanguage\":\"fr-FR\",\"@id\":\"https:\/\/tourcruiser.com\/fr\/products\/grade-school-air-jordan-1-retro-mid-pro-purple-555112-500\/#primaryimage\",\"url\":\"https:\/\/images.novelship.com\/product\/_grade_school__air_jordan_1_retro_mid__pro_purple__0_72399.jpeg;https:\/\/images.novelship.com\/product\/_grade_school__air_jordan_1_retro_mid__pro_purple__1_72399.jpeg;https:\/\/images.novelship.com\/product\/_grade_school__air_jordan_1_retro_mid__pro_purple__2_72399.jpeg;https:\/\/images.novelship.com\/product\/_grade_school__air_jordan_1_retro_mid__pro_purple__3_72399.jpeg;https:\/\/images.novelship.com\/product\/_grade_school__air_jordan_1_retro_mid__pro_purple__4_72399.jpeg;https:\/\/images.novelship.com\/product\/_grade_school__air_jordan_1_retro_mid__pro_purple__5_72399.jpeg;https:\/\/images.novelship.com\/product\/_grade_school__air_jordan_1_retro_mid__pro_purple__6_72399.jpeg;https:\/\/images.novelship.com\/product\/_grade_school__air_jordan_1_retro_mid__pro_purple__7_72399.jpeg\",\"contentUrl\":\"https:\/\/images.novelship.com\/product\/_grade_school__air_jordan_1_retro_mid__pro_purple__0_72399.jpeg;https:\/\/images.novelship.com\/product\/_grade_school__air_jordan_1_retro_mid__pro_purple__1_72399.jpeg;https:\/\/images.novelship.com\/product\/_grade_school__air_jordan_1_retro_mid__pro_purple__2_72399.jpeg;https:\/\/images.novelship.com\/product\/_grade_school__air_jordan_1_retro_mid__pro_purple__3_72399.jpeg;https:\/\/images.novelship.com\/product\/_grade_school__air_jordan_1_retro_mid__pro_purple__4_72399.jpeg;https:\/\/images.novelship.com\/product\/_grade_school__air_jordan_1_retro_mid__pro_purple__5_72399.jpeg;https:\/\/images.novelship.com\/product\/_grade_school__air_jordan_1_retro_mid__pro_purple__6_72399.jpeg;https:\/\/images.novelship.com\/product\/_grade_school__air_jordan_1_retro_mid__pro_purple__7_72399.jpeg\"},{\"@type\":\"BreadcrumbList\",\"@id\":\"https:\/\/tourcruiser.com\/fr\/products\/grade-school-air-jordan-1-retro-mid-pro-purple-555112-500\/#breadcrumb\",\"itemListElement\":[{\"@type\":\"ListItem\",\"position\":1,\"name\":\"Home\",\"item\":\"https:\/\/tourcruiser.com\/fr\/\"},{\"@type\":\"ListItem\",\"position\":2,\"name\":\"Shop\",\"item\":\"https:\/\/tourcruiser.com\/fr\/shop\/\"},{\"@type\":\"ListItem\",\"position\":3,\"name\":\"(Grade School) Air Jordan 1 Retro Mid &#8216;Pro Purple&#8217; 555112-500\"}]},{\"@type\":\"WebSite\",\"@id\":\"\/#website\",\"url\":\"\/\",\"name\":\"Styloral Jewelry Shop\",\"description\":\"Tourcruiser Sneaker Store \u2014 L\u2019endroit o\u00f9 l\u2019univers rencontre votre singularit\u00e9.\",\"publisher\":{\"@id\":\"\/#organization\"},\"potentialAction\":[{\"@type\":\"SearchAction\",\"target\":{\"@type\":\"EntryPoint\",\"urlTemplate\":\"\/?s={search_term_string}\"},\"query-input\":{\"@type\":\"PropertyValueSpecification\",\"valueRequired\":true,\"valueName\":\"search_term_string\"}}],\"inLanguage\":\"fr-FR\"},{\"@type\":\"Organization\",\"@id\":\"\/#organization\",\"name\":\"STYLORAL PTE. LTD\",\"url\":\"\/\",\"logo\":{\"@type\":\"ImageObject\",\"inLanguage\":\"fr-FR\",\"@id\":\"\/#\/schema\/logo\/image\/\",\"url\":\"https:\/\/www.tourcruiser.com\/wp-content\/uploads\/2025\/12\/logo.png\",\"contentUrl\":\"https:\/\/www.tourcruiser.com\/wp-content\/uploads\/2025\/12\/logo.png\",\"width\":200,\"height\":65,\"caption\":\"STYLORAL PTE. LTD\"},\"image\":{\"@id\":\"\/#\/schema\/logo\/image\/\"}}]}<\/script>\n<!-- \/ Yoast SEO plugin. -->","yoast_head_json":{"title":"(Grade School) Air Jordan 1 Retro Mid 'Pro Purple' 555112-500 - TOURCRUISER PTE. LTD","robots":{"index":"index","follow":"follow","max-snippet":"max-snippet:-1","max-image-preview":"max-image-preview:large","max-video-preview":"max-video-preview:-1"},"canonical":"https:\/\/tourcruiser.com\/fr\/products\/grade-school-air-jordan-1-retro-mid-pro-purple-555112-500\/","og_locale":"fr_FR","og_type":"article","og_title":"(Grade School) Air Jordan 1 Retro Mid 'Pro Purple' 555112-500 - TOURCRUISER PTE. LTD","og_description":"La Air Jordan 1 Retro Mid Pro Purple (GS) est une chaussure de basketball styl\u00e9e sign\u00e9e Jordan. Son coloris violet \u00e9clatant la rend id\u00e9ale pour les jeunes joueurs. Avec son design r\u00e9tro et sa silhouette mi-montante, elle allie style et performance sur le terrain. Am\u00e9liorez votre jeu avec la Air Jordan 1 Retro Mid Pro [&hellip;]","og_url":"https:\/\/tourcruiser.com\/fr\/products\/grade-school-air-jordan-1-retro-mid-pro-purple-555112-500\/","og_site_name":"Tourcruiser Sneaker Store","article_modified_time":"2026-04-17T16:00:57+00:00","twitter_card":"summary_large_image","twitter_image":"https:\/\/images.novelship.com\/product\/_grade_school__air_jordan_1_retro_mid__pro_purple__0_72399.jpeg;https:\/\/images.novelship.com\/product\/_grade_school__air_jordan_1_retro_mid__pro_purple__1_72399.jpeg;https:\/\/images.novelship.com\/product\/_grade_school__air_jordan_1_retro_mid__pro_purple__2_72399.jpeg;https:\/\/images.novelship.com\/product\/_grade_school__air_jordan_1_retro_mid__pro_purple__3_72399.jpeg;https:\/\/images.novelship.com\/product\/_grade_school__air_jordan_1_retro_mid__pro_purple__4_72399.jpeg;https:\/\/images.novelship.com\/product\/_grade_school__air_jordan_1_retro_mid__pro_purple__5_72399.jpeg;https:\/\/images.novelship.com\/product\/_grade_school__air_jordan_1_retro_mid__pro_purple__6_72399.jpeg;https:\/\/images.novelship.com\/product\/_grade_school__air_jordan_1_retro_mid__pro_purple__7_72399.jpeg","schema":{"@context":"https:\/\/schema.org","@graph":[{"@type":"WebPage","@id":"https:\/\/tourcruiser.com\/fr\/products\/grade-school-air-jordan-1-retro-mid-pro-purple-555112-500\/","url":"https:\/\/tourcruiser.com\/fr\/products\/grade-school-air-jordan-1-retro-mid-pro-purple-555112-500\/","name":"(Grade School) Air Jordan 1 Retro Mid 'Pro Purple' 555112-500 - TOURCRUISER PTE. LTD","isPartOf":{"@id":"\/#website"},"primaryImageOfPage":{"@id":"https:\/\/tourcruiser.com\/fr\/products\/grade-school-air-jordan-1-retro-mid-pro-purple-555112-500\/#primaryimage"},"image":{"@id":"https:\/\/tourcruiser.com\/fr\/products\/grade-school-air-jordan-1-retro-mid-pro-purple-555112-500\/#primaryimage"},"thumbnailUrl":"https:\/\/images.novelship.com\/product\/_grade_school__air_jordan_1_retro_mid__pro_purple__0_72399.jpeg;https:\/\/images.novelship.com\/product\/_grade_school__air_jordan_1_retro_mid__pro_purple__1_72399.jpeg;https:\/\/images.novelship.com\/product\/_grade_school__air_jordan_1_retro_mid__pro_purple__2_72399.jpeg;https:\/\/images.novelship.com\/product\/_grade_school__air_jordan_1_retro_mid__pro_purple__3_72399.jpeg;https:\/\/images.novelship.com\/product\/_grade_school__air_jordan_1_retro_mid__pro_purple__4_72399.jpeg;https:\/\/images.novelship.com\/product\/_grade_school__air_jordan_1_retro_mid__pro_purple__5_72399.jpeg;https:\/\/images.novelship.com\/product\/_grade_school__air_jordan_1_retro_mid__pro_purple__6_72399.jpeg;https:\/\/images.novelship.com\/product\/_grade_school__air_jordan_1_retro_mid__pro_purple__7_72399.jpeg","datePublished":"2026-04-16T10:13:02+00:00","dateModified":"2026-04-17T16:00:57+00:00","breadcrumb":{"@id":"https:\/\/tourcruiser.com\/fr\/products\/grade-school-air-jordan-1-retro-mid-pro-purple-555112-500\/#breadcrumb"},"inLanguage":"fr-FR","potentialAction":[{"@type":"ReadAction","target":["https:\/\/tourcruiser.com\/fr\/products\/grade-school-air-jordan-1-retro-mid-pro-purple-555112-500\/"]}]},{"@type":"ImageObject","inLanguage":"fr-FR","@id":"https:\/\/tourcruiser.com\/fr\/products\/grade-school-air-jordan-1-retro-mid-pro-purple-555112-500\/#primaryimage","url":"https:\/\/images.novelship.com\/product\/_grade_school__air_jordan_1_retro_mid__pro_purple__0_72399.jpeg;https:\/\/images.novelship.com\/product\/_grade_school__air_jordan_1_retro_mid__pro_purple__1_72399.jpeg;https:\/\/images.novelship.com\/product\/_grade_school__air_jordan_1_retro_mid__pro_purple__2_72399.jpeg;https:\/\/images.novelship.com\/product\/_grade_school__air_jordan_1_retro_mid__pro_purple__3_72399.jpeg;https:\/\/images.novelship.com\/product\/_grade_school__air_jordan_1_retro_mid__pro_purple__4_72399.jpeg;https:\/\/images.novelship.com\/product\/_grade_school__air_jordan_1_retro_mid__pro_purple__5_72399.jpeg;https:\/\/images.novelship.com\/product\/_grade_school__air_jordan_1_retro_mid__pro_purple__6_72399.jpeg;https:\/\/images.novelship.com\/product\/_grade_school__air_jordan_1_retro_mid__pro_purple__7_72399.jpeg","contentUrl":"https:\/\/images.novelship.com\/product\/_grade_school__air_jordan_1_retro_mid__pro_purple__0_72399.jpeg;https:\/\/images.novelship.com\/product\/_grade_school__air_jordan_1_retro_mid__pro_purple__1_72399.jpeg;https:\/\/images.novelship.com\/product\/_grade_school__air_jordan_1_retro_mid__pro_purple__2_72399.jpeg;https:\/\/images.novelship.com\/product\/_grade_school__air_jordan_1_retro_mid__pro_purple__3_72399.jpeg;https:\/\/images.novelship.com\/product\/_grade_school__air_jordan_1_retro_mid__pro_purple__4_72399.jpeg;https:\/\/images.novelship.com\/product\/_grade_school__air_jordan_1_retro_mid__pro_purple__5_72399.jpeg;https:\/\/images.novelship.com\/product\/_grade_school__air_jordan_1_retro_mid__pro_purple__6_72399.jpeg;https:\/\/images.novelship.com\/product\/_grade_school__air_jordan_1_retro_mid__pro_purple__7_72399.jpeg"},{"@type":"BreadcrumbList","@id":"https:\/\/tourcruiser.com\/fr\/products\/grade-school-air-jordan-1-retro-mid-pro-purple-555112-500\/#breadcrumb","itemListElement":[{"@type":"ListItem","position":1,"name":"Home","item":"https:\/\/tourcruiser.com\/fr\/"},{"@type":"ListItem","position":2,"name":"Shop","item":"https:\/\/tourcruiser.com\/fr\/shop\/"},{"@type":"ListItem","position":3,"name":"(Grade School) Air Jordan 1 Retro Mid &#8216;Pro Purple&#8217; 555112-500"}]},{"@type":"WebSite","@id":"\/#website","url":"\/","name":"Styloral Jewelry Shop","description":"Tourcruiser Sneaker Store \u2014 L\u2019endroit o\u00f9 l\u2019univers rencontre votre singularit\u00e9.","publisher":{"@id":"\/#organization"},"potentialAction":[{"@type":"SearchAction","target":{"@type":"EntryPoint","urlTemplate":"\/?s={search_term_string}"},"query-input":{"@type":"PropertyValueSpecification","valueRequired":true,"valueName":"search_term_string"}}],"inLanguage":"fr-FR"},{"@type":"Organization","@id":"\/#organization","name":"STYLORAL PTE. LTD","url":"\/","logo":{"@type":"ImageObject","inLanguage":"fr-FR","@id":"\/#\/schema\/logo\/image\/","url":"https:\/\/www.tourcruiser.com\/wp-content\/uploads\/2025\/12\/logo.png","contentUrl":"https:\/\/www.tourcruiser.com\/wp-content\/uploads\/2025\/12\/logo.png","width":200,"height":65,"caption":"STYLORAL PTE. LTD"},"image":{"@id":"\/#\/schema\/logo\/image\/"}}]}},"_links":{"self":[{"href":"https:\/\/tourcruiser.com\/fr\/wp-json\/wp\/v2\/product\/768183","targetHints":{"allow":["GET"]}}],"collection":[{"href":"https:\/\/tourcruiser.com\/fr\/wp-json\/wp\/v2\/product"}],"about":[{"href":"https:\/\/tourcruiser.com\/fr\/wp-json\/wp\/v2\/types\/product"}],"replies":[{"embeddable":true,"href":"https:\/\/tourcruiser.com\/fr\/wp-json\/wp\/v2\/comments?post=768183"}],"wp:featuredmedia":[{"embeddable":true,"href":"https:\/\/tourcruiser.com\/fr\/wp-json\/wp\/v2\/media\/768184"}],"wp:attachment":[{"href":"https:\/\/tourcruiser.com\/fr\/wp-json\/wp\/v2\/media?parent=768183"}],"wp:term":[{"taxonomy":"product_brand","embeddable":true,"href":"https:\/\/tourcruiser.com\/fr\/wp-json\/wp\/v2\/product_brand?post=768183"},{"taxonomy":"product_cat","embeddable":true,"href":"https:\/\/tourcruiser.com\/fr\/wp-json\/wp\/v2\/product_cat?post=768183"},{"taxonomy":"product_tag","embeddable":true,"href":"https:\/\/tourcruiser.com\/fr\/wp-json\/wp\/v2\/product_tag?post=768183"}],"curies":[{"name":"wp","href":"https:\/\/api.w.org\/{rel}","templated":true}]}}