{"id":768174,"date":"2026-04-16T17:13:01","date_gmt":"2026-04-16T10:13:01","guid":{"rendered":"http:\/\/tourcruiser.com\/product\/air-jordan-1-mid-jeter-ah6342-104"},"modified":"2026-04-17T23:00:54","modified_gmt":"2026-04-17T16:00:54","slug":"air-jordan-1-mid-jeter-ah6342-104","status":"publish","type":"product","link":"https:\/\/tourcruiser.com\/fr\/products\/air-jordan-1-mid-jeter-ah6342-104\/","title":{"rendered":"Air Jordan 1 Mid &lsquo;Jeter&rsquo; AH6342-104"},"content":{"rendered":"<p>Procurez-vous les sneakers exclusives Air Jordan 1 Mid Jeter AH6342-104 de Jordan. Avec leur design \u00e9pur\u00e9, leurs mat\u00e9riaux haut de gamme et leur logo iconique, ces chaussures sont un incontournable pour tout amateur de sneakers. Affirmez votre style avec ces mod\u00e8les intemporels.<\/p>\n<p>Coloris\u00a0: Voile\/Bronze-Bleu marine<br \/>\nCode article\u00a0: AH6342-104<br \/>\nTige\u00a0: Cuir<br \/>\nSemelle interm\u00e9diaire\u00a0: Air<br \/>\nCouleur\u00a0: Blanc<br \/>\nDesigner\u00a0: Peter Moore<br \/>\nSaison\u00a0: Toute l\u2019ann\u00e9e<br \/>\nAnn\u00e9e de sortie\u00a0: 2019<\/p>\n<p>\u00c2ge\u00a0: Adulte<br \/>\nColoris\u00a0: Blanc sommet\/Rouge universitaire-Noir-Violet universitaire-Or universitaire<br \/>\nGenre\u00a0: Homme<\/p>\n","protected":false},"excerpt":{"rendered":"<p>Procurez-vous les sneakers exclusives Air Jordan 1 Mid Jeter AH6342-104 de Jordan. Avec leur design \u00e9pur\u00e9, leurs mat\u00e9riaux haut de gamme et leur logo iconique, ces chaussures sont un incontournable pour tout amateur de sneakers. Affirmez votre style avec ces mod\u00e8les intemporels. Coloris\u00a0: Voile\/Bronze-Bleu marine Code article\u00a0: AH6342-104 Tige\u00a0: Cuir Semelle interm\u00e9diaire\u00a0: Air Couleur\u00a0: Blanc [&hellip;]<\/p>\n","protected":false},"featured_media":768175,"comment_status":"open","ping_status":"closed","template":"","meta":[],"product_brand":[],"product_cat":[38880],"product_tag":[10750,38841,38842,10776,11349,38875,38886,10756],"class_list":{"0":"post-768174","1":"product","2":"type-product","3":"status-publish","4":"has-post-thumbnail","6":"product_cat-jordan","7":"product_tag-athleisure-shoes","8":"product_tag-casual-shoes","9":"product_tag-gift-idea-for-him","10":"product_tag-jordan","11":"product_tag-jordan-basketball-shoes","12":"product_tag-jordan-skateboard-shoes","13":"product_tag-lifestyle-shoes-inspired-by-basketball","14":"product_tag-retro-casual-shoes","16":"first","17":"instock","18":"taxable","19":"shipping-taxable","20":"purchasable","21":"product-type-simple"},"wcpa_form_fields":null,"yoast_head":"<!-- This site is optimized with the Yoast SEO plugin v26.5 - https:\/\/yoast.com\/wordpress\/plugins\/seo\/ -->\n<title>Air Jordan 1 Mid &#039;Jeter&#039; AH6342-104 - TOURCRUISER PTE. LTD<\/title>\n<meta name=\"robots\" content=\"index, follow, max-snippet:-1, max-image-preview:large, max-video-preview:-1\" \/>\n<link rel=\"canonical\" href=\"https:\/\/tourcruiser.com\/fr\/products\/air-jordan-1-mid-jeter-ah6342-104\/\" \/>\n<meta property=\"og:locale\" content=\"fr_FR\" \/>\n<meta property=\"og:type\" content=\"article\" \/>\n<meta property=\"og:title\" content=\"Air Jordan 1 Mid &#039;Jeter&#039; AH6342-104 - TOURCRUISER PTE. LTD\" \/>\n<meta property=\"og:description\" content=\"Procurez-vous les sneakers exclusives Air Jordan 1 Mid Jeter AH6342-104 de Jordan. Avec leur design \u00e9pur\u00e9, leurs mat\u00e9riaux haut de gamme et leur logo iconique, ces chaussures sont un incontournable pour tout amateur de sneakers. Affirmez votre style avec ces mod\u00e8les intemporels. Coloris\u00a0: Voile\/Bronze-Bleu marine Code article\u00a0: AH6342-104 Tige\u00a0: Cuir Semelle interm\u00e9diaire\u00a0: Air Couleur\u00a0: Blanc [&hellip;]\" \/>\n<meta property=\"og:url\" content=\"https:\/\/tourcruiser.com\/fr\/products\/air-jordan-1-mid-jeter-ah6342-104\/\" \/>\n<meta property=\"og:site_name\" content=\"Tourcruiser Sneaker Store\" \/>\n<meta property=\"article:modified_time\" content=\"2026-04-17T16:00:54+00:00\" \/>\n<meta name=\"twitter:card\" content=\"summary_large_image\" \/>\n<meta name=\"twitter:image\" content=\"https:\/\/images.novelship.com\/product\/air_jordan_1_mid__jeter__ah6342_104_0_54612.jpeg;https:\/\/images.novelship.com\/product\/air_jordan_1_mid__jeter__ah6342_104_1_54612.jpeg;https:\/\/images.novelship.com\/product\/air_jordan_1_mid__jeter__ah6342_104_2_54612.jpeg;https:\/\/images.novelship.com\/product\/air_jordan_1_mid__jeter__ah6342_104_3_54612.jpeg;https:\/\/images.novelship.com\/product\/air_jordan_1_mid__jeter__ah6342_104_4_54612.jpeg;https:\/\/images.novelship.com\/product\/air_jordan_1_mid__jeter__ah6342_104_5_54612.jpeg;https:\/\/images.novelship.com\/product\/air_jordan_1_mid__jeter__ah6342_104_6_54612.jpeg;https:\/\/images.novelship.com\/product\/air_jordan_1_mid__jeter__ah6342_104_7_54612.jpeg\" \/>\n<script type=\"application\/ld+json\" class=\"yoast-schema-graph\">{\"@context\":\"https:\/\/schema.org\",\"@graph\":[{\"@type\":\"WebPage\",\"@id\":\"https:\/\/tourcruiser.com\/fr\/products\/air-jordan-1-mid-jeter-ah6342-104\/\",\"url\":\"https:\/\/tourcruiser.com\/fr\/products\/air-jordan-1-mid-jeter-ah6342-104\/\",\"name\":\"Air Jordan 1 Mid 'Jeter' AH6342-104 - TOURCRUISER PTE. LTD\",\"isPartOf\":{\"@id\":\"\/#website\"},\"primaryImageOfPage\":{\"@id\":\"https:\/\/tourcruiser.com\/fr\/products\/air-jordan-1-mid-jeter-ah6342-104\/#primaryimage\"},\"image\":{\"@id\":\"https:\/\/tourcruiser.com\/fr\/products\/air-jordan-1-mid-jeter-ah6342-104\/#primaryimage\"},\"thumbnailUrl\":\"https:\/\/images.novelship.com\/product\/air_jordan_1_mid__jeter__ah6342_104_0_54612.jpeg;https:\/\/images.novelship.com\/product\/air_jordan_1_mid__jeter__ah6342_104_1_54612.jpeg;https:\/\/images.novelship.com\/product\/air_jordan_1_mid__jeter__ah6342_104_2_54612.jpeg;https:\/\/images.novelship.com\/product\/air_jordan_1_mid__jeter__ah6342_104_3_54612.jpeg;https:\/\/images.novelship.com\/product\/air_jordan_1_mid__jeter__ah6342_104_4_54612.jpeg;https:\/\/images.novelship.com\/product\/air_jordan_1_mid__jeter__ah6342_104_5_54612.jpeg;https:\/\/images.novelship.com\/product\/air_jordan_1_mid__jeter__ah6342_104_6_54612.jpeg;https:\/\/images.novelship.com\/product\/air_jordan_1_mid__jeter__ah6342_104_7_54612.jpeg\",\"datePublished\":\"2026-04-16T10:13:01+00:00\",\"dateModified\":\"2026-04-17T16:00:54+00:00\",\"breadcrumb\":{\"@id\":\"https:\/\/tourcruiser.com\/fr\/products\/air-jordan-1-mid-jeter-ah6342-104\/#breadcrumb\"},\"inLanguage\":\"fr-FR\",\"potentialAction\":[{\"@type\":\"ReadAction\",\"target\":[\"https:\/\/tourcruiser.com\/fr\/products\/air-jordan-1-mid-jeter-ah6342-104\/\"]}]},{\"@type\":\"ImageObject\",\"inLanguage\":\"fr-FR\",\"@id\":\"https:\/\/tourcruiser.com\/fr\/products\/air-jordan-1-mid-jeter-ah6342-104\/#primaryimage\",\"url\":\"https:\/\/images.novelship.com\/product\/air_jordan_1_mid__jeter__ah6342_104_0_54612.jpeg;https:\/\/images.novelship.com\/product\/air_jordan_1_mid__jeter__ah6342_104_1_54612.jpeg;https:\/\/images.novelship.com\/product\/air_jordan_1_mid__jeter__ah6342_104_2_54612.jpeg;https:\/\/images.novelship.com\/product\/air_jordan_1_mid__jeter__ah6342_104_3_54612.jpeg;https:\/\/images.novelship.com\/product\/air_jordan_1_mid__jeter__ah6342_104_4_54612.jpeg;https:\/\/images.novelship.com\/product\/air_jordan_1_mid__jeter__ah6342_104_5_54612.jpeg;https:\/\/images.novelship.com\/product\/air_jordan_1_mid__jeter__ah6342_104_6_54612.jpeg;https:\/\/images.novelship.com\/product\/air_jordan_1_mid__jeter__ah6342_104_7_54612.jpeg\",\"contentUrl\":\"https:\/\/images.novelship.com\/product\/air_jordan_1_mid__jeter__ah6342_104_0_54612.jpeg;https:\/\/images.novelship.com\/product\/air_jordan_1_mid__jeter__ah6342_104_1_54612.jpeg;https:\/\/images.novelship.com\/product\/air_jordan_1_mid__jeter__ah6342_104_2_54612.jpeg;https:\/\/images.novelship.com\/product\/air_jordan_1_mid__jeter__ah6342_104_3_54612.jpeg;https:\/\/images.novelship.com\/product\/air_jordan_1_mid__jeter__ah6342_104_4_54612.jpeg;https:\/\/images.novelship.com\/product\/air_jordan_1_mid__jeter__ah6342_104_5_54612.jpeg;https:\/\/images.novelship.com\/product\/air_jordan_1_mid__jeter__ah6342_104_6_54612.jpeg;https:\/\/images.novelship.com\/product\/air_jordan_1_mid__jeter__ah6342_104_7_54612.jpeg\"},{\"@type\":\"BreadcrumbList\",\"@id\":\"https:\/\/tourcruiser.com\/fr\/products\/air-jordan-1-mid-jeter-ah6342-104\/#breadcrumb\",\"itemListElement\":[{\"@type\":\"ListItem\",\"position\":1,\"name\":\"Home\",\"item\":\"https:\/\/tourcruiser.com\/fr\/\"},{\"@type\":\"ListItem\",\"position\":2,\"name\":\"Shop\",\"item\":\"https:\/\/tourcruiser.com\/fr\/shop\/\"},{\"@type\":\"ListItem\",\"position\":3,\"name\":\"Air Jordan 1 Mid &#8216;Jeter&#8217; AH6342-104\"}]},{\"@type\":\"WebSite\",\"@id\":\"\/#website\",\"url\":\"\/\",\"name\":\"Styloral Jewelry Shop\",\"description\":\"Tourcruiser Sneaker Store \u2014 L\u2019endroit o\u00f9 l\u2019univers rencontre votre singularit\u00e9.\",\"publisher\":{\"@id\":\"\/#organization\"},\"potentialAction\":[{\"@type\":\"SearchAction\",\"target\":{\"@type\":\"EntryPoint\",\"urlTemplate\":\"\/?s={search_term_string}\"},\"query-input\":{\"@type\":\"PropertyValueSpecification\",\"valueRequired\":true,\"valueName\":\"search_term_string\"}}],\"inLanguage\":\"fr-FR\"},{\"@type\":\"Organization\",\"@id\":\"\/#organization\",\"name\":\"STYLORAL PTE. LTD\",\"url\":\"\/\",\"logo\":{\"@type\":\"ImageObject\",\"inLanguage\":\"fr-FR\",\"@id\":\"\/#\/schema\/logo\/image\/\",\"url\":\"https:\/\/www.tourcruiser.com\/wp-content\/uploads\/2025\/12\/logo.png\",\"contentUrl\":\"https:\/\/www.tourcruiser.com\/wp-content\/uploads\/2025\/12\/logo.png\",\"width\":200,\"height\":65,\"caption\":\"STYLORAL PTE. LTD\"},\"image\":{\"@id\":\"\/#\/schema\/logo\/image\/\"}}]}<\/script>\n<!-- \/ Yoast SEO plugin. -->","yoast_head_json":{"title":"Air Jordan 1 Mid 'Jeter' AH6342-104 - TOURCRUISER PTE. LTD","robots":{"index":"index","follow":"follow","max-snippet":"max-snippet:-1","max-image-preview":"max-image-preview:large","max-video-preview":"max-video-preview:-1"},"canonical":"https:\/\/tourcruiser.com\/fr\/products\/air-jordan-1-mid-jeter-ah6342-104\/","og_locale":"fr_FR","og_type":"article","og_title":"Air Jordan 1 Mid 'Jeter' AH6342-104 - TOURCRUISER PTE. LTD","og_description":"Procurez-vous les sneakers exclusives Air Jordan 1 Mid Jeter AH6342-104 de Jordan. Avec leur design \u00e9pur\u00e9, leurs mat\u00e9riaux haut de gamme et leur logo iconique, ces chaussures sont un incontournable pour tout amateur de sneakers. Affirmez votre style avec ces mod\u00e8les intemporels. Coloris\u00a0: Voile\/Bronze-Bleu marine Code article\u00a0: AH6342-104 Tige\u00a0: Cuir Semelle interm\u00e9diaire\u00a0: Air Couleur\u00a0: Blanc [&hellip;]","og_url":"https:\/\/tourcruiser.com\/fr\/products\/air-jordan-1-mid-jeter-ah6342-104\/","og_site_name":"Tourcruiser Sneaker Store","article_modified_time":"2026-04-17T16:00:54+00:00","twitter_card":"summary_large_image","twitter_image":"https:\/\/images.novelship.com\/product\/air_jordan_1_mid__jeter__ah6342_104_0_54612.jpeg;https:\/\/images.novelship.com\/product\/air_jordan_1_mid__jeter__ah6342_104_1_54612.jpeg;https:\/\/images.novelship.com\/product\/air_jordan_1_mid__jeter__ah6342_104_2_54612.jpeg;https:\/\/images.novelship.com\/product\/air_jordan_1_mid__jeter__ah6342_104_3_54612.jpeg;https:\/\/images.novelship.com\/product\/air_jordan_1_mid__jeter__ah6342_104_4_54612.jpeg;https:\/\/images.novelship.com\/product\/air_jordan_1_mid__jeter__ah6342_104_5_54612.jpeg;https:\/\/images.novelship.com\/product\/air_jordan_1_mid__jeter__ah6342_104_6_54612.jpeg;https:\/\/images.novelship.com\/product\/air_jordan_1_mid__jeter__ah6342_104_7_54612.jpeg","schema":{"@context":"https:\/\/schema.org","@graph":[{"@type":"WebPage","@id":"https:\/\/tourcruiser.com\/fr\/products\/air-jordan-1-mid-jeter-ah6342-104\/","url":"https:\/\/tourcruiser.com\/fr\/products\/air-jordan-1-mid-jeter-ah6342-104\/","name":"Air Jordan 1 Mid 'Jeter' AH6342-104 - TOURCRUISER PTE. LTD","isPartOf":{"@id":"\/#website"},"primaryImageOfPage":{"@id":"https:\/\/tourcruiser.com\/fr\/products\/air-jordan-1-mid-jeter-ah6342-104\/#primaryimage"},"image":{"@id":"https:\/\/tourcruiser.com\/fr\/products\/air-jordan-1-mid-jeter-ah6342-104\/#primaryimage"},"thumbnailUrl":"https:\/\/images.novelship.com\/product\/air_jordan_1_mid__jeter__ah6342_104_0_54612.jpeg;https:\/\/images.novelship.com\/product\/air_jordan_1_mid__jeter__ah6342_104_1_54612.jpeg;https:\/\/images.novelship.com\/product\/air_jordan_1_mid__jeter__ah6342_104_2_54612.jpeg;https:\/\/images.novelship.com\/product\/air_jordan_1_mid__jeter__ah6342_104_3_54612.jpeg;https:\/\/images.novelship.com\/product\/air_jordan_1_mid__jeter__ah6342_104_4_54612.jpeg;https:\/\/images.novelship.com\/product\/air_jordan_1_mid__jeter__ah6342_104_5_54612.jpeg;https:\/\/images.novelship.com\/product\/air_jordan_1_mid__jeter__ah6342_104_6_54612.jpeg;https:\/\/images.novelship.com\/product\/air_jordan_1_mid__jeter__ah6342_104_7_54612.jpeg","datePublished":"2026-04-16T10:13:01+00:00","dateModified":"2026-04-17T16:00:54+00:00","breadcrumb":{"@id":"https:\/\/tourcruiser.com\/fr\/products\/air-jordan-1-mid-jeter-ah6342-104\/#breadcrumb"},"inLanguage":"fr-FR","potentialAction":[{"@type":"ReadAction","target":["https:\/\/tourcruiser.com\/fr\/products\/air-jordan-1-mid-jeter-ah6342-104\/"]}]},{"@type":"ImageObject","inLanguage":"fr-FR","@id":"https:\/\/tourcruiser.com\/fr\/products\/air-jordan-1-mid-jeter-ah6342-104\/#primaryimage","url":"https:\/\/images.novelship.com\/product\/air_jordan_1_mid__jeter__ah6342_104_0_54612.jpeg;https:\/\/images.novelship.com\/product\/air_jordan_1_mid__jeter__ah6342_104_1_54612.jpeg;https:\/\/images.novelship.com\/product\/air_jordan_1_mid__jeter__ah6342_104_2_54612.jpeg;https:\/\/images.novelship.com\/product\/air_jordan_1_mid__jeter__ah6342_104_3_54612.jpeg;https:\/\/images.novelship.com\/product\/air_jordan_1_mid__jeter__ah6342_104_4_54612.jpeg;https:\/\/images.novelship.com\/product\/air_jordan_1_mid__jeter__ah6342_104_5_54612.jpeg;https:\/\/images.novelship.com\/product\/air_jordan_1_mid__jeter__ah6342_104_6_54612.jpeg;https:\/\/images.novelship.com\/product\/air_jordan_1_mid__jeter__ah6342_104_7_54612.jpeg","contentUrl":"https:\/\/images.novelship.com\/product\/air_jordan_1_mid__jeter__ah6342_104_0_54612.jpeg;https:\/\/images.novelship.com\/product\/air_jordan_1_mid__jeter__ah6342_104_1_54612.jpeg;https:\/\/images.novelship.com\/product\/air_jordan_1_mid__jeter__ah6342_104_2_54612.jpeg;https:\/\/images.novelship.com\/product\/air_jordan_1_mid__jeter__ah6342_104_3_54612.jpeg;https:\/\/images.novelship.com\/product\/air_jordan_1_mid__jeter__ah6342_104_4_54612.jpeg;https:\/\/images.novelship.com\/product\/air_jordan_1_mid__jeter__ah6342_104_5_54612.jpeg;https:\/\/images.novelship.com\/product\/air_jordan_1_mid__jeter__ah6342_104_6_54612.jpeg;https:\/\/images.novelship.com\/product\/air_jordan_1_mid__jeter__ah6342_104_7_54612.jpeg"},{"@type":"BreadcrumbList","@id":"https:\/\/tourcruiser.com\/fr\/products\/air-jordan-1-mid-jeter-ah6342-104\/#breadcrumb","itemListElement":[{"@type":"ListItem","position":1,"name":"Home","item":"https:\/\/tourcruiser.com\/fr\/"},{"@type":"ListItem","position":2,"name":"Shop","item":"https:\/\/tourcruiser.com\/fr\/shop\/"},{"@type":"ListItem","position":3,"name":"Air Jordan 1 Mid &#8216;Jeter&#8217; AH6342-104"}]},{"@type":"WebSite","@id":"\/#website","url":"\/","name":"Styloral Jewelry Shop","description":"Tourcruiser Sneaker Store \u2014 L\u2019endroit o\u00f9 l\u2019univers rencontre votre singularit\u00e9.","publisher":{"@id":"\/#organization"},"potentialAction":[{"@type":"SearchAction","target":{"@type":"EntryPoint","urlTemplate":"\/?s={search_term_string}"},"query-input":{"@type":"PropertyValueSpecification","valueRequired":true,"valueName":"search_term_string"}}],"inLanguage":"fr-FR"},{"@type":"Organization","@id":"\/#organization","name":"STYLORAL PTE. LTD","url":"\/","logo":{"@type":"ImageObject","inLanguage":"fr-FR","@id":"\/#\/schema\/logo\/image\/","url":"https:\/\/www.tourcruiser.com\/wp-content\/uploads\/2025\/12\/logo.png","contentUrl":"https:\/\/www.tourcruiser.com\/wp-content\/uploads\/2025\/12\/logo.png","width":200,"height":65,"caption":"STYLORAL PTE. LTD"},"image":{"@id":"\/#\/schema\/logo\/image\/"}}]}},"_links":{"self":[{"href":"https:\/\/tourcruiser.com\/fr\/wp-json\/wp\/v2\/product\/768174","targetHints":{"allow":["GET"]}}],"collection":[{"href":"https:\/\/tourcruiser.com\/fr\/wp-json\/wp\/v2\/product"}],"about":[{"href":"https:\/\/tourcruiser.com\/fr\/wp-json\/wp\/v2\/types\/product"}],"replies":[{"embeddable":true,"href":"https:\/\/tourcruiser.com\/fr\/wp-json\/wp\/v2\/comments?post=768174"}],"wp:featuredmedia":[{"embeddable":true,"href":"https:\/\/tourcruiser.com\/fr\/wp-json\/wp\/v2\/media\/768175"}],"wp:attachment":[{"href":"https:\/\/tourcruiser.com\/fr\/wp-json\/wp\/v2\/media?parent=768174"}],"wp:term":[{"taxonomy":"product_brand","embeddable":true,"href":"https:\/\/tourcruiser.com\/fr\/wp-json\/wp\/v2\/product_brand?post=768174"},{"taxonomy":"product_cat","embeddable":true,"href":"https:\/\/tourcruiser.com\/fr\/wp-json\/wp\/v2\/product_cat?post=768174"},{"taxonomy":"product_tag","embeddable":true,"href":"https:\/\/tourcruiser.com\/fr\/wp-json\/wp\/v2\/product_tag?post=768174"}],"curies":[{"name":"wp","href":"https:\/\/api.w.org\/{rel}","templated":true}]}}