{"id":768165,"date":"2026-04-16T17:13:01","date_gmt":"2026-04-16T10:13:01","guid":{"rendered":"http:\/\/tourcruiser.com\/product\/air-jordan-11-retro-platinum-tint-378037-016"},"modified":"2026-04-17T23:00:53","modified_gmt":"2026-04-17T16:00:53","slug":"air-jordan-11-retro-platinum-tint-378037-016","status":"publish","type":"product","link":"https:\/\/tourcruiser.com\/fr\/products\/air-jordan-11-retro-platinum-tint-378037-016\/","title":{"rendered":"Air Jordan 11 Retro &lsquo;Platinum Tint&rsquo; 378037-016"},"content":{"rendered":"<p>La Air Jordan 11 Retro Platinum Tint, aussi appel\u00e9e Platinum Tint, est une sneaker styl\u00e9e de l&#8217;embl\u00e9matique marque Jordan. Avec son \u00e9l\u00e9gant coloris blanc et son design r\u00e9tro, elle est parfaite pour ceux qui veulent affirmer leur style. Ajoutez ce classique \u00e0 votre collection et r\u00e9v\u00e9lez votre personnalit\u00e9.<\/p>\n<p>Coloris\u00a0: Platinum Tint\/Sail\/University Red<\/p>\n<p>Code article\u00a0: 378037-016<\/p>\n<p>Tige\u00a0: Nubuck\/Mesh<\/p>\n<p>Semelle interm\u00e9diaire\u00a0: Air<\/p>\n<p>Couleur\u00a0: Blanc<\/p>\n<p>Designer\u00a0: Tinker Hatfield<\/p>\n<p>Saison\u00a0: Automne<\/p>\n<p>Ann\u00e9e de sortie\u00a0: 2018<\/p>\n<p>\u00c2ge\u00a0: Adulte<\/p>\n<p>Couleur\u00a0: Sail\/Bronze-College Navy<\/p>\n<p>Genre\u00a0: Homme<\/p>\n","protected":false},"excerpt":{"rendered":"<p>La Air Jordan 11 Retro Platinum Tint, aussi appel\u00e9e Platinum Tint, est une sneaker styl\u00e9e de l&#8217;embl\u00e9matique marque Jordan. Avec son \u00e9l\u00e9gant coloris blanc et son design r\u00e9tro, elle est parfaite pour ceux qui veulent affirmer leur style. Ajoutez ce classique \u00e0 votre collection et r\u00e9v\u00e9lez votre personnalit\u00e9. Coloris\u00a0: Platinum Tint\/Sail\/University Red Code article\u00a0: 378037-016 [&hellip;]<\/p>\n","protected":false},"featured_media":768166,"comment_status":"open","ping_status":"closed","template":"","meta":[],"product_brand":[],"product_cat":[38880],"product_tag":[10800,38842,10776,11349,38875,11129,38846],"class_list":{"0":"post-768165","1":"product","2":"type-product","3":"status-publish","4":"has-post-thumbnail","6":"product_cat-jordan","7":"product_tag-basketball-shoes","8":"product_tag-gift-idea-for-him","9":"product_tag-jordan","10":"product_tag-jordan-basketball-shoes","11":"product_tag-jordan-skateboard-shoes","12":"product_tag-lightweight-basketball-shoes","13":"product_tag-performance-sports-shoes","15":"first","16":"instock","17":"taxable","18":"shipping-taxable","19":"purchasable","20":"product-type-simple"},"wcpa_form_fields":null,"yoast_head":"<!-- This site is optimized with the Yoast SEO plugin v26.5 - https:\/\/yoast.com\/wordpress\/plugins\/seo\/ -->\n<title>Air Jordan 11 Retro &#039;Platinum Tint&#039; 378037-016 - TOURCRUISER PTE. LTD<\/title>\n<meta name=\"robots\" content=\"index, follow, max-snippet:-1, max-image-preview:large, max-video-preview:-1\" \/>\n<link rel=\"canonical\" href=\"https:\/\/tourcruiser.com\/fr\/products\/air-jordan-11-retro-platinum-tint-378037-016\/\" \/>\n<meta property=\"og:locale\" content=\"fr_FR\" \/>\n<meta property=\"og:type\" content=\"article\" \/>\n<meta property=\"og:title\" content=\"Air Jordan 11 Retro &#039;Platinum Tint&#039; 378037-016 - TOURCRUISER PTE. LTD\" \/>\n<meta property=\"og:description\" content=\"La Air Jordan 11 Retro Platinum Tint, aussi appel\u00e9e Platinum Tint, est une sneaker styl\u00e9e de l&#8217;embl\u00e9matique marque Jordan. Avec son \u00e9l\u00e9gant coloris blanc et son design r\u00e9tro, elle est parfaite pour ceux qui veulent affirmer leur style. Ajoutez ce classique \u00e0 votre collection et r\u00e9v\u00e9lez votre personnalit\u00e9. Coloris\u00a0: Platinum Tint\/Sail\/University Red Code article\u00a0: 378037-016 [&hellip;]\" \/>\n<meta property=\"og:url\" content=\"https:\/\/tourcruiser.com\/fr\/products\/air-jordan-11-retro-platinum-tint-378037-016\/\" \/>\n<meta property=\"og:site_name\" content=\"Tourcruiser Sneaker Store\" \/>\n<meta property=\"article:modified_time\" content=\"2026-04-17T16:00:53+00:00\" \/>\n<meta name=\"twitter:card\" content=\"summary_large_image\" \/>\n<meta name=\"twitter:image\" content=\"https:\/\/images.novelship.com\/product\/air_jordan_11_retro__platinum_tint__378037_016_0_55914.jpeg;https:\/\/images.novelship.com\/product\/air_jordan_11_retro__platinum_tint__378037_016_1_55914.jpeg;https:\/\/images.novelship.com\/product\/air_jordan_11_retro__platinum_tint__378037_016_2_55914.jpeg;https:\/\/images.novelship.com\/product\/air_jordan_11_retro__platinum_tint__378037_016_3_55915.jpeg;https:\/\/images.novelship.com\/product\/air_jordan_11_retro__platinum_tint__378037_016_4_55915.jpeg;https:\/\/images.novelship.com\/product\/air_jordan_11_retro__platinum_tint__378037_016_5_55915.jpeg;https:\/\/images.novelship.com\/product\/air_jordan_11_retro__platinum_tint__378037_016_6_55915.jpeg;https:\/\/images.novelship.com\/product\/air_jordan_11_retro__platinum_tint__378037_016_7_55915.jpeg\" \/>\n<script type=\"application\/ld+json\" class=\"yoast-schema-graph\">{\"@context\":\"https:\/\/schema.org\",\"@graph\":[{\"@type\":\"WebPage\",\"@id\":\"https:\/\/tourcruiser.com\/fr\/products\/air-jordan-11-retro-platinum-tint-378037-016\/\",\"url\":\"https:\/\/tourcruiser.com\/fr\/products\/air-jordan-11-retro-platinum-tint-378037-016\/\",\"name\":\"Air Jordan 11 Retro 'Platinum Tint' 378037-016 - TOURCRUISER PTE. LTD\",\"isPartOf\":{\"@id\":\"\/#website\"},\"primaryImageOfPage\":{\"@id\":\"https:\/\/tourcruiser.com\/fr\/products\/air-jordan-11-retro-platinum-tint-378037-016\/#primaryimage\"},\"image\":{\"@id\":\"https:\/\/tourcruiser.com\/fr\/products\/air-jordan-11-retro-platinum-tint-378037-016\/#primaryimage\"},\"thumbnailUrl\":\"https:\/\/images.novelship.com\/product\/air_jordan_11_retro__platinum_tint__378037_016_0_55914.jpeg;https:\/\/images.novelship.com\/product\/air_jordan_11_retro__platinum_tint__378037_016_1_55914.jpeg;https:\/\/images.novelship.com\/product\/air_jordan_11_retro__platinum_tint__378037_016_2_55914.jpeg;https:\/\/images.novelship.com\/product\/air_jordan_11_retro__platinum_tint__378037_016_3_55915.jpeg;https:\/\/images.novelship.com\/product\/air_jordan_11_retro__platinum_tint__378037_016_4_55915.jpeg;https:\/\/images.novelship.com\/product\/air_jordan_11_retro__platinum_tint__378037_016_5_55915.jpeg;https:\/\/images.novelship.com\/product\/air_jordan_11_retro__platinum_tint__378037_016_6_55915.jpeg;https:\/\/images.novelship.com\/product\/air_jordan_11_retro__platinum_tint__378037_016_7_55915.jpeg\",\"datePublished\":\"2026-04-16T10:13:01+00:00\",\"dateModified\":\"2026-04-17T16:00:53+00:00\",\"breadcrumb\":{\"@id\":\"https:\/\/tourcruiser.com\/fr\/products\/air-jordan-11-retro-platinum-tint-378037-016\/#breadcrumb\"},\"inLanguage\":\"fr-FR\",\"potentialAction\":[{\"@type\":\"ReadAction\",\"target\":[\"https:\/\/tourcruiser.com\/fr\/products\/air-jordan-11-retro-platinum-tint-378037-016\/\"]}]},{\"@type\":\"ImageObject\",\"inLanguage\":\"fr-FR\",\"@id\":\"https:\/\/tourcruiser.com\/fr\/products\/air-jordan-11-retro-platinum-tint-378037-016\/#primaryimage\",\"url\":\"https:\/\/images.novelship.com\/product\/air_jordan_11_retro__platinum_tint__378037_016_0_55914.jpeg;https:\/\/images.novelship.com\/product\/air_jordan_11_retro__platinum_tint__378037_016_1_55914.jpeg;https:\/\/images.novelship.com\/product\/air_jordan_11_retro__platinum_tint__378037_016_2_55914.jpeg;https:\/\/images.novelship.com\/product\/air_jordan_11_retro__platinum_tint__378037_016_3_55915.jpeg;https:\/\/images.novelship.com\/product\/air_jordan_11_retro__platinum_tint__378037_016_4_55915.jpeg;https:\/\/images.novelship.com\/product\/air_jordan_11_retro__platinum_tint__378037_016_5_55915.jpeg;https:\/\/images.novelship.com\/product\/air_jordan_11_retro__platinum_tint__378037_016_6_55915.jpeg;https:\/\/images.novelship.com\/product\/air_jordan_11_retro__platinum_tint__378037_016_7_55915.jpeg\",\"contentUrl\":\"https:\/\/images.novelship.com\/product\/air_jordan_11_retro__platinum_tint__378037_016_0_55914.jpeg;https:\/\/images.novelship.com\/product\/air_jordan_11_retro__platinum_tint__378037_016_1_55914.jpeg;https:\/\/images.novelship.com\/product\/air_jordan_11_retro__platinum_tint__378037_016_2_55914.jpeg;https:\/\/images.novelship.com\/product\/air_jordan_11_retro__platinum_tint__378037_016_3_55915.jpeg;https:\/\/images.novelship.com\/product\/air_jordan_11_retro__platinum_tint__378037_016_4_55915.jpeg;https:\/\/images.novelship.com\/product\/air_jordan_11_retro__platinum_tint__378037_016_5_55915.jpeg;https:\/\/images.novelship.com\/product\/air_jordan_11_retro__platinum_tint__378037_016_6_55915.jpeg;https:\/\/images.novelship.com\/product\/air_jordan_11_retro__platinum_tint__378037_016_7_55915.jpeg\"},{\"@type\":\"BreadcrumbList\",\"@id\":\"https:\/\/tourcruiser.com\/fr\/products\/air-jordan-11-retro-platinum-tint-378037-016\/#breadcrumb\",\"itemListElement\":[{\"@type\":\"ListItem\",\"position\":1,\"name\":\"Home\",\"item\":\"https:\/\/tourcruiser.com\/fr\/\"},{\"@type\":\"ListItem\",\"position\":2,\"name\":\"Shop\",\"item\":\"https:\/\/tourcruiser.com\/fr\/shop\/\"},{\"@type\":\"ListItem\",\"position\":3,\"name\":\"Air Jordan 11 Retro &#8216;Platinum Tint&#8217; 378037-016\"}]},{\"@type\":\"WebSite\",\"@id\":\"\/#website\",\"url\":\"\/\",\"name\":\"Styloral Jewelry Shop\",\"description\":\"Tourcruiser Sneaker Store \u2014 L\u2019endroit o\u00f9 l\u2019univers rencontre votre singularit\u00e9.\",\"publisher\":{\"@id\":\"\/#organization\"},\"potentialAction\":[{\"@type\":\"SearchAction\",\"target\":{\"@type\":\"EntryPoint\",\"urlTemplate\":\"\/?s={search_term_string}\"},\"query-input\":{\"@type\":\"PropertyValueSpecification\",\"valueRequired\":true,\"valueName\":\"search_term_string\"}}],\"inLanguage\":\"fr-FR\"},{\"@type\":\"Organization\",\"@id\":\"\/#organization\",\"name\":\"STYLORAL PTE. LTD\",\"url\":\"\/\",\"logo\":{\"@type\":\"ImageObject\",\"inLanguage\":\"fr-FR\",\"@id\":\"\/#\/schema\/logo\/image\/\",\"url\":\"https:\/\/www.tourcruiser.com\/wp-content\/uploads\/2025\/12\/logo.png\",\"contentUrl\":\"https:\/\/www.tourcruiser.com\/wp-content\/uploads\/2025\/12\/logo.png\",\"width\":200,\"height\":65,\"caption\":\"STYLORAL PTE. LTD\"},\"image\":{\"@id\":\"\/#\/schema\/logo\/image\/\"}}]}<\/script>\n<!-- \/ Yoast SEO plugin. -->","yoast_head_json":{"title":"Air Jordan 11 Retro 'Platinum Tint' 378037-016 - TOURCRUISER PTE. LTD","robots":{"index":"index","follow":"follow","max-snippet":"max-snippet:-1","max-image-preview":"max-image-preview:large","max-video-preview":"max-video-preview:-1"},"canonical":"https:\/\/tourcruiser.com\/fr\/products\/air-jordan-11-retro-platinum-tint-378037-016\/","og_locale":"fr_FR","og_type":"article","og_title":"Air Jordan 11 Retro 'Platinum Tint' 378037-016 - TOURCRUISER PTE. LTD","og_description":"La Air Jordan 11 Retro Platinum Tint, aussi appel\u00e9e Platinum Tint, est une sneaker styl\u00e9e de l&#8217;embl\u00e9matique marque Jordan. Avec son \u00e9l\u00e9gant coloris blanc et son design r\u00e9tro, elle est parfaite pour ceux qui veulent affirmer leur style. Ajoutez ce classique \u00e0 votre collection et r\u00e9v\u00e9lez votre personnalit\u00e9. Coloris\u00a0: Platinum Tint\/Sail\/University Red Code article\u00a0: 378037-016 [&hellip;]","og_url":"https:\/\/tourcruiser.com\/fr\/products\/air-jordan-11-retro-platinum-tint-378037-016\/","og_site_name":"Tourcruiser Sneaker Store","article_modified_time":"2026-04-17T16:00:53+00:00","twitter_card":"summary_large_image","twitter_image":"https:\/\/images.novelship.com\/product\/air_jordan_11_retro__platinum_tint__378037_016_0_55914.jpeg;https:\/\/images.novelship.com\/product\/air_jordan_11_retro__platinum_tint__378037_016_1_55914.jpeg;https:\/\/images.novelship.com\/product\/air_jordan_11_retro__platinum_tint__378037_016_2_55914.jpeg;https:\/\/images.novelship.com\/product\/air_jordan_11_retro__platinum_tint__378037_016_3_55915.jpeg;https:\/\/images.novelship.com\/product\/air_jordan_11_retro__platinum_tint__378037_016_4_55915.jpeg;https:\/\/images.novelship.com\/product\/air_jordan_11_retro__platinum_tint__378037_016_5_55915.jpeg;https:\/\/images.novelship.com\/product\/air_jordan_11_retro__platinum_tint__378037_016_6_55915.jpeg;https:\/\/images.novelship.com\/product\/air_jordan_11_retro__platinum_tint__378037_016_7_55915.jpeg","schema":{"@context":"https:\/\/schema.org","@graph":[{"@type":"WebPage","@id":"https:\/\/tourcruiser.com\/fr\/products\/air-jordan-11-retro-platinum-tint-378037-016\/","url":"https:\/\/tourcruiser.com\/fr\/products\/air-jordan-11-retro-platinum-tint-378037-016\/","name":"Air Jordan 11 Retro 'Platinum Tint' 378037-016 - TOURCRUISER PTE. LTD","isPartOf":{"@id":"\/#website"},"primaryImageOfPage":{"@id":"https:\/\/tourcruiser.com\/fr\/products\/air-jordan-11-retro-platinum-tint-378037-016\/#primaryimage"},"image":{"@id":"https:\/\/tourcruiser.com\/fr\/products\/air-jordan-11-retro-platinum-tint-378037-016\/#primaryimage"},"thumbnailUrl":"https:\/\/images.novelship.com\/product\/air_jordan_11_retro__platinum_tint__378037_016_0_55914.jpeg;https:\/\/images.novelship.com\/product\/air_jordan_11_retro__platinum_tint__378037_016_1_55914.jpeg;https:\/\/images.novelship.com\/product\/air_jordan_11_retro__platinum_tint__378037_016_2_55914.jpeg;https:\/\/images.novelship.com\/product\/air_jordan_11_retro__platinum_tint__378037_016_3_55915.jpeg;https:\/\/images.novelship.com\/product\/air_jordan_11_retro__platinum_tint__378037_016_4_55915.jpeg;https:\/\/images.novelship.com\/product\/air_jordan_11_retro__platinum_tint__378037_016_5_55915.jpeg;https:\/\/images.novelship.com\/product\/air_jordan_11_retro__platinum_tint__378037_016_6_55915.jpeg;https:\/\/images.novelship.com\/product\/air_jordan_11_retro__platinum_tint__378037_016_7_55915.jpeg","datePublished":"2026-04-16T10:13:01+00:00","dateModified":"2026-04-17T16:00:53+00:00","breadcrumb":{"@id":"https:\/\/tourcruiser.com\/fr\/products\/air-jordan-11-retro-platinum-tint-378037-016\/#breadcrumb"},"inLanguage":"fr-FR","potentialAction":[{"@type":"ReadAction","target":["https:\/\/tourcruiser.com\/fr\/products\/air-jordan-11-retro-platinum-tint-378037-016\/"]}]},{"@type":"ImageObject","inLanguage":"fr-FR","@id":"https:\/\/tourcruiser.com\/fr\/products\/air-jordan-11-retro-platinum-tint-378037-016\/#primaryimage","url":"https:\/\/images.novelship.com\/product\/air_jordan_11_retro__platinum_tint__378037_016_0_55914.jpeg;https:\/\/images.novelship.com\/product\/air_jordan_11_retro__platinum_tint__378037_016_1_55914.jpeg;https:\/\/images.novelship.com\/product\/air_jordan_11_retro__platinum_tint__378037_016_2_55914.jpeg;https:\/\/images.novelship.com\/product\/air_jordan_11_retro__platinum_tint__378037_016_3_55915.jpeg;https:\/\/images.novelship.com\/product\/air_jordan_11_retro__platinum_tint__378037_016_4_55915.jpeg;https:\/\/images.novelship.com\/product\/air_jordan_11_retro__platinum_tint__378037_016_5_55915.jpeg;https:\/\/images.novelship.com\/product\/air_jordan_11_retro__platinum_tint__378037_016_6_55915.jpeg;https:\/\/images.novelship.com\/product\/air_jordan_11_retro__platinum_tint__378037_016_7_55915.jpeg","contentUrl":"https:\/\/images.novelship.com\/product\/air_jordan_11_retro__platinum_tint__378037_016_0_55914.jpeg;https:\/\/images.novelship.com\/product\/air_jordan_11_retro__platinum_tint__378037_016_1_55914.jpeg;https:\/\/images.novelship.com\/product\/air_jordan_11_retro__platinum_tint__378037_016_2_55914.jpeg;https:\/\/images.novelship.com\/product\/air_jordan_11_retro__platinum_tint__378037_016_3_55915.jpeg;https:\/\/images.novelship.com\/product\/air_jordan_11_retro__platinum_tint__378037_016_4_55915.jpeg;https:\/\/images.novelship.com\/product\/air_jordan_11_retro__platinum_tint__378037_016_5_55915.jpeg;https:\/\/images.novelship.com\/product\/air_jordan_11_retro__platinum_tint__378037_016_6_55915.jpeg;https:\/\/images.novelship.com\/product\/air_jordan_11_retro__platinum_tint__378037_016_7_55915.jpeg"},{"@type":"BreadcrumbList","@id":"https:\/\/tourcruiser.com\/fr\/products\/air-jordan-11-retro-platinum-tint-378037-016\/#breadcrumb","itemListElement":[{"@type":"ListItem","position":1,"name":"Home","item":"https:\/\/tourcruiser.com\/fr\/"},{"@type":"ListItem","position":2,"name":"Shop","item":"https:\/\/tourcruiser.com\/fr\/shop\/"},{"@type":"ListItem","position":3,"name":"Air Jordan 11 Retro &#8216;Platinum Tint&#8217; 378037-016"}]},{"@type":"WebSite","@id":"\/#website","url":"\/","name":"Styloral Jewelry Shop","description":"Tourcruiser Sneaker Store \u2014 L\u2019endroit o\u00f9 l\u2019univers rencontre votre singularit\u00e9.","publisher":{"@id":"\/#organization"},"potentialAction":[{"@type":"SearchAction","target":{"@type":"EntryPoint","urlTemplate":"\/?s={search_term_string}"},"query-input":{"@type":"PropertyValueSpecification","valueRequired":true,"valueName":"search_term_string"}}],"inLanguage":"fr-FR"},{"@type":"Organization","@id":"\/#organization","name":"STYLORAL PTE. LTD","url":"\/","logo":{"@type":"ImageObject","inLanguage":"fr-FR","@id":"\/#\/schema\/logo\/image\/","url":"https:\/\/www.tourcruiser.com\/wp-content\/uploads\/2025\/12\/logo.png","contentUrl":"https:\/\/www.tourcruiser.com\/wp-content\/uploads\/2025\/12\/logo.png","width":200,"height":65,"caption":"STYLORAL PTE. LTD"},"image":{"@id":"\/#\/schema\/logo\/image\/"}}]}},"_links":{"self":[{"href":"https:\/\/tourcruiser.com\/fr\/wp-json\/wp\/v2\/product\/768165","targetHints":{"allow":["GET"]}}],"collection":[{"href":"https:\/\/tourcruiser.com\/fr\/wp-json\/wp\/v2\/product"}],"about":[{"href":"https:\/\/tourcruiser.com\/fr\/wp-json\/wp\/v2\/types\/product"}],"replies":[{"embeddable":true,"href":"https:\/\/tourcruiser.com\/fr\/wp-json\/wp\/v2\/comments?post=768165"}],"wp:featuredmedia":[{"embeddable":true,"href":"https:\/\/tourcruiser.com\/fr\/wp-json\/wp\/v2\/media\/768166"}],"wp:attachment":[{"href":"https:\/\/tourcruiser.com\/fr\/wp-json\/wp\/v2\/media?parent=768165"}],"wp:term":[{"taxonomy":"product_brand","embeddable":true,"href":"https:\/\/tourcruiser.com\/fr\/wp-json\/wp\/v2\/product_brand?post=768165"},{"taxonomy":"product_cat","embeddable":true,"href":"https:\/\/tourcruiser.com\/fr\/wp-json\/wp\/v2\/product_cat?post=768165"},{"taxonomy":"product_tag","embeddable":true,"href":"https:\/\/tourcruiser.com\/fr\/wp-json\/wp\/v2\/product_tag?post=768165"}],"curies":[{"name":"wp","href":"https:\/\/api.w.org\/{rel}","templated":true}]}}