{"id":768156,"date":"2026-04-16T17:13:00","date_gmt":"2026-04-16T10:13:00","guid":{"rendered":"http:\/\/tourcruiser.com\/product\/air-jordan-3-retro-fire-red-2013-136064-120"},"modified":"2026-04-17T23:00:53","modified_gmt":"2026-04-17T16:00:53","slug":"air-jordan-3-retro-fire-red-2013-136064-120","status":"publish","type":"product","link":"https:\/\/tourcruiser.com\/fr\/products\/air-jordan-3-retro-fire-red-2013-136064-120\/","title":{"rendered":"Air Jordan 3 Retro &lsquo;Fire Red&rsquo; 2013 136064-120"},"content":{"rendered":"<p>D\u00e9couvrez la Air Jordan 3 Retro Fire Red 2013, une sneaker classique port\u00e9e par Zayn en personne. Sign\u00e9e Jordan Brand, cette chaussure arbore un rouge feu \u00e9clatant sur un blanc immacul\u00e9. Avec son design iconique et son confort optimal, elle est un incontournable pour tout collectionneur de sneakers et fan de la marque.<\/p>\n<p>Coloris : Blanc\/Rouge Feu\/Argent\/Noir<\/p>\n<p>R\u00e9f\u00e9rence : 136064-120<\/p>\n<p>Tige : Cuir<\/p>\n<p>Semelle interm\u00e9diaire : Air<\/p>\n<p>Couleur : Blanc<\/p>\n<p>Designer : Tinker Hatfield<\/p>\n<p>Saison : \u00c9t\u00e9<\/p>\n<p>Ann\u00e9e de sortie : 2013<\/p>\n<p>\u00c2ge : Adulte<br \/>\nCouleur : Platinum Tint\/Sail\/University Red<br \/>\nGenre : Homme<\/p>\n","protected":false},"excerpt":{"rendered":"<p>D\u00e9couvrez la Air Jordan 3 Retro Fire Red 2013, une sneaker classique port\u00e9e par Zayn en personne. Sign\u00e9e Jordan Brand, cette chaussure arbore un rouge feu \u00e9clatant sur un blanc immacul\u00e9. Avec son design iconique et son confort optimal, elle est un incontournable pour tout collectionneur de sneakers et fan de la marque. Coloris : [&hellip;]<\/p>\n","protected":false},"featured_media":768157,"comment_status":"open","ping_status":"closed","template":"","meta":[],"product_brand":[],"product_cat":[38880],"product_tag":[10750,10800,38841,11211,38840,10776,11349,38875,38886,10756],"class_list":{"0":"post-768156","1":"product","2":"type-product","3":"status-publish","4":"has-post-thumbnail","6":"product_cat-jordan","7":"product_tag-athleisure-shoes","8":"product_tag-basketball-shoes","9":"product_tag-casual-shoes","10":"product_tag-celebrity-collection","11":"product_tag-gift-ideas-for-him","12":"product_tag-jordan","13":"product_tag-jordan-basketball-shoes","14":"product_tag-jordan-skateboard-shoes","15":"product_tag-lifestyle-shoes-inspired-by-basketball","16":"product_tag-retro-casual-shoes","18":"first","19":"instock","20":"taxable","21":"shipping-taxable","22":"purchasable","23":"product-type-simple"},"wcpa_form_fields":null,"yoast_head":"<!-- This site is optimized with the Yoast SEO plugin v26.5 - https:\/\/yoast.com\/wordpress\/plugins\/seo\/ -->\n<title>Air Jordan 3 Retro &#039;Fire Red&#039; 2013 136064-120 - TOURCRUISER PTE. LTD<\/title>\n<meta name=\"robots\" content=\"index, follow, max-snippet:-1, max-image-preview:large, max-video-preview:-1\" \/>\n<link rel=\"canonical\" href=\"https:\/\/tourcruiser.com\/fr\/products\/air-jordan-3-retro-fire-red-2013-136064-120\/\" \/>\n<meta property=\"og:locale\" content=\"fr_FR\" \/>\n<meta property=\"og:type\" content=\"article\" \/>\n<meta property=\"og:title\" content=\"Air Jordan 3 Retro &#039;Fire Red&#039; 2013 136064-120 - TOURCRUISER PTE. LTD\" \/>\n<meta property=\"og:description\" content=\"D\u00e9couvrez la Air Jordan 3 Retro Fire Red 2013, une sneaker classique port\u00e9e par Zayn en personne. Sign\u00e9e Jordan Brand, cette chaussure arbore un rouge feu \u00e9clatant sur un blanc immacul\u00e9. Avec son design iconique et son confort optimal, elle est un incontournable pour tout collectionneur de sneakers et fan de la marque. Coloris : [&hellip;]\" \/>\n<meta property=\"og:url\" content=\"https:\/\/tourcruiser.com\/fr\/products\/air-jordan-3-retro-fire-red-2013-136064-120\/\" \/>\n<meta property=\"og:site_name\" content=\"Tourcruiser Sneaker Store\" \/>\n<meta property=\"article:modified_time\" content=\"2026-04-17T16:00:53+00:00\" \/>\n<meta name=\"twitter:card\" content=\"summary_large_image\" \/>\n<meta name=\"twitter:image\" content=\"https:\/\/images.novelship.com\/product\/air_jordan_3_retro__fire_red__2013__also_worn_by_z_0_18566.jpeg;https:\/\/images.novelship.com\/product\/air_jordan_3_retro__fire_red__2013__also_worn_by_z_1_18566.jpeg;https:\/\/images.novelship.com\/product\/air_jordan_3_retro__fire_red__2013__also_worn_by_z_2_18566.jpeg;https:\/\/images.novelship.com\/product\/air_jordan_3_retro__fire_red__2013__also_worn_by_z_3_18566.jpeg;https:\/\/images.novelship.com\/product\/air_jordan_3_retro__fire_red__2013__also_worn_by_z_4_18566.jpeg;https:\/\/images.novelship.com\/product\/air_jordan_3_retro__fire_red__2013__also_worn_by_z_5_18566.jpeg;https:\/\/images.novelship.com\/product\/air_jordan_3_retro__fire_red__2013__also_worn_by_z_6_18566.jpeg;https:\/\/images.novelship.com\/product\/air_jordan_3_retro__fire_red__2013__also_worn_by_z_7_18566.jpeg\" \/>\n<script type=\"application\/ld+json\" class=\"yoast-schema-graph\">{\"@context\":\"https:\/\/schema.org\",\"@graph\":[{\"@type\":\"WebPage\",\"@id\":\"https:\/\/tourcruiser.com\/fr\/products\/air-jordan-3-retro-fire-red-2013-136064-120\/\",\"url\":\"https:\/\/tourcruiser.com\/fr\/products\/air-jordan-3-retro-fire-red-2013-136064-120\/\",\"name\":\"Air Jordan 3 Retro 'Fire Red' 2013 136064-120 - TOURCRUISER PTE. LTD\",\"isPartOf\":{\"@id\":\"\/#website\"},\"primaryImageOfPage\":{\"@id\":\"https:\/\/tourcruiser.com\/fr\/products\/air-jordan-3-retro-fire-red-2013-136064-120\/#primaryimage\"},\"image\":{\"@id\":\"https:\/\/tourcruiser.com\/fr\/products\/air-jordan-3-retro-fire-red-2013-136064-120\/#primaryimage\"},\"thumbnailUrl\":\"https:\/\/images.novelship.com\/product\/air_jordan_3_retro__fire_red__2013__also_worn_by_z_0_18566.jpeg;https:\/\/images.novelship.com\/product\/air_jordan_3_retro__fire_red__2013__also_worn_by_z_1_18566.jpeg;https:\/\/images.novelship.com\/product\/air_jordan_3_retro__fire_red__2013__also_worn_by_z_2_18566.jpeg;https:\/\/images.novelship.com\/product\/air_jordan_3_retro__fire_red__2013__also_worn_by_z_3_18566.jpeg;https:\/\/images.novelship.com\/product\/air_jordan_3_retro__fire_red__2013__also_worn_by_z_4_18566.jpeg;https:\/\/images.novelship.com\/product\/air_jordan_3_retro__fire_red__2013__also_worn_by_z_5_18566.jpeg;https:\/\/images.novelship.com\/product\/air_jordan_3_retro__fire_red__2013__also_worn_by_z_6_18566.jpeg;https:\/\/images.novelship.com\/product\/air_jordan_3_retro__fire_red__2013__also_worn_by_z_7_18566.jpeg\",\"datePublished\":\"2026-04-16T10:13:00+00:00\",\"dateModified\":\"2026-04-17T16:00:53+00:00\",\"breadcrumb\":{\"@id\":\"https:\/\/tourcruiser.com\/fr\/products\/air-jordan-3-retro-fire-red-2013-136064-120\/#breadcrumb\"},\"inLanguage\":\"fr-FR\",\"potentialAction\":[{\"@type\":\"ReadAction\",\"target\":[\"https:\/\/tourcruiser.com\/fr\/products\/air-jordan-3-retro-fire-red-2013-136064-120\/\"]}]},{\"@type\":\"ImageObject\",\"inLanguage\":\"fr-FR\",\"@id\":\"https:\/\/tourcruiser.com\/fr\/products\/air-jordan-3-retro-fire-red-2013-136064-120\/#primaryimage\",\"url\":\"https:\/\/images.novelship.com\/product\/air_jordan_3_retro__fire_red__2013__also_worn_by_z_0_18566.jpeg;https:\/\/images.novelship.com\/product\/air_jordan_3_retro__fire_red__2013__also_worn_by_z_1_18566.jpeg;https:\/\/images.novelship.com\/product\/air_jordan_3_retro__fire_red__2013__also_worn_by_z_2_18566.jpeg;https:\/\/images.novelship.com\/product\/air_jordan_3_retro__fire_red__2013__also_worn_by_z_3_18566.jpeg;https:\/\/images.novelship.com\/product\/air_jordan_3_retro__fire_red__2013__also_worn_by_z_4_18566.jpeg;https:\/\/images.novelship.com\/product\/air_jordan_3_retro__fire_red__2013__also_worn_by_z_5_18566.jpeg;https:\/\/images.novelship.com\/product\/air_jordan_3_retro__fire_red__2013__also_worn_by_z_6_18566.jpeg;https:\/\/images.novelship.com\/product\/air_jordan_3_retro__fire_red__2013__also_worn_by_z_7_18566.jpeg\",\"contentUrl\":\"https:\/\/images.novelship.com\/product\/air_jordan_3_retro__fire_red__2013__also_worn_by_z_0_18566.jpeg;https:\/\/images.novelship.com\/product\/air_jordan_3_retro__fire_red__2013__also_worn_by_z_1_18566.jpeg;https:\/\/images.novelship.com\/product\/air_jordan_3_retro__fire_red__2013__also_worn_by_z_2_18566.jpeg;https:\/\/images.novelship.com\/product\/air_jordan_3_retro__fire_red__2013__also_worn_by_z_3_18566.jpeg;https:\/\/images.novelship.com\/product\/air_jordan_3_retro__fire_red__2013__also_worn_by_z_4_18566.jpeg;https:\/\/images.novelship.com\/product\/air_jordan_3_retro__fire_red__2013__also_worn_by_z_5_18566.jpeg;https:\/\/images.novelship.com\/product\/air_jordan_3_retro__fire_red__2013__also_worn_by_z_6_18566.jpeg;https:\/\/images.novelship.com\/product\/air_jordan_3_retro__fire_red__2013__also_worn_by_z_7_18566.jpeg\"},{\"@type\":\"BreadcrumbList\",\"@id\":\"https:\/\/tourcruiser.com\/fr\/products\/air-jordan-3-retro-fire-red-2013-136064-120\/#breadcrumb\",\"itemListElement\":[{\"@type\":\"ListItem\",\"position\":1,\"name\":\"Home\",\"item\":\"https:\/\/tourcruiser.com\/fr\/\"},{\"@type\":\"ListItem\",\"position\":2,\"name\":\"Shop\",\"item\":\"https:\/\/tourcruiser.com\/fr\/shop\/\"},{\"@type\":\"ListItem\",\"position\":3,\"name\":\"Air Jordan 3 Retro &#8216;Fire Red&#8217; 2013 136064-120\"}]},{\"@type\":\"WebSite\",\"@id\":\"\/#website\",\"url\":\"\/\",\"name\":\"Styloral Jewelry Shop\",\"description\":\"Tourcruiser Sneaker Store \u2014 L\u2019endroit o\u00f9 l\u2019univers rencontre votre singularit\u00e9.\",\"publisher\":{\"@id\":\"\/#organization\"},\"potentialAction\":[{\"@type\":\"SearchAction\",\"target\":{\"@type\":\"EntryPoint\",\"urlTemplate\":\"\/?s={search_term_string}\"},\"query-input\":{\"@type\":\"PropertyValueSpecification\",\"valueRequired\":true,\"valueName\":\"search_term_string\"}}],\"inLanguage\":\"fr-FR\"},{\"@type\":\"Organization\",\"@id\":\"\/#organization\",\"name\":\"STYLORAL PTE. LTD\",\"url\":\"\/\",\"logo\":{\"@type\":\"ImageObject\",\"inLanguage\":\"fr-FR\",\"@id\":\"\/#\/schema\/logo\/image\/\",\"url\":\"https:\/\/www.tourcruiser.com\/wp-content\/uploads\/2025\/12\/logo.png\",\"contentUrl\":\"https:\/\/www.tourcruiser.com\/wp-content\/uploads\/2025\/12\/logo.png\",\"width\":200,\"height\":65,\"caption\":\"STYLORAL PTE. LTD\"},\"image\":{\"@id\":\"\/#\/schema\/logo\/image\/\"}}]}<\/script>\n<!-- \/ Yoast SEO plugin. -->","yoast_head_json":{"title":"Air Jordan 3 Retro 'Fire Red' 2013 136064-120 - TOURCRUISER PTE. LTD","robots":{"index":"index","follow":"follow","max-snippet":"max-snippet:-1","max-image-preview":"max-image-preview:large","max-video-preview":"max-video-preview:-1"},"canonical":"https:\/\/tourcruiser.com\/fr\/products\/air-jordan-3-retro-fire-red-2013-136064-120\/","og_locale":"fr_FR","og_type":"article","og_title":"Air Jordan 3 Retro 'Fire Red' 2013 136064-120 - TOURCRUISER PTE. LTD","og_description":"D\u00e9couvrez la Air Jordan 3 Retro Fire Red 2013, une sneaker classique port\u00e9e par Zayn en personne. Sign\u00e9e Jordan Brand, cette chaussure arbore un rouge feu \u00e9clatant sur un blanc immacul\u00e9. Avec son design iconique et son confort optimal, elle est un incontournable pour tout collectionneur de sneakers et fan de la marque. Coloris : [&hellip;]","og_url":"https:\/\/tourcruiser.com\/fr\/products\/air-jordan-3-retro-fire-red-2013-136064-120\/","og_site_name":"Tourcruiser Sneaker Store","article_modified_time":"2026-04-17T16:00:53+00:00","twitter_card":"summary_large_image","twitter_image":"https:\/\/images.novelship.com\/product\/air_jordan_3_retro__fire_red__2013__also_worn_by_z_0_18566.jpeg;https:\/\/images.novelship.com\/product\/air_jordan_3_retro__fire_red__2013__also_worn_by_z_1_18566.jpeg;https:\/\/images.novelship.com\/product\/air_jordan_3_retro__fire_red__2013__also_worn_by_z_2_18566.jpeg;https:\/\/images.novelship.com\/product\/air_jordan_3_retro__fire_red__2013__also_worn_by_z_3_18566.jpeg;https:\/\/images.novelship.com\/product\/air_jordan_3_retro__fire_red__2013__also_worn_by_z_4_18566.jpeg;https:\/\/images.novelship.com\/product\/air_jordan_3_retro__fire_red__2013__also_worn_by_z_5_18566.jpeg;https:\/\/images.novelship.com\/product\/air_jordan_3_retro__fire_red__2013__also_worn_by_z_6_18566.jpeg;https:\/\/images.novelship.com\/product\/air_jordan_3_retro__fire_red__2013__also_worn_by_z_7_18566.jpeg","schema":{"@context":"https:\/\/schema.org","@graph":[{"@type":"WebPage","@id":"https:\/\/tourcruiser.com\/fr\/products\/air-jordan-3-retro-fire-red-2013-136064-120\/","url":"https:\/\/tourcruiser.com\/fr\/products\/air-jordan-3-retro-fire-red-2013-136064-120\/","name":"Air Jordan 3 Retro 'Fire Red' 2013 136064-120 - TOURCRUISER PTE. LTD","isPartOf":{"@id":"\/#website"},"primaryImageOfPage":{"@id":"https:\/\/tourcruiser.com\/fr\/products\/air-jordan-3-retro-fire-red-2013-136064-120\/#primaryimage"},"image":{"@id":"https:\/\/tourcruiser.com\/fr\/products\/air-jordan-3-retro-fire-red-2013-136064-120\/#primaryimage"},"thumbnailUrl":"https:\/\/images.novelship.com\/product\/air_jordan_3_retro__fire_red__2013__also_worn_by_z_0_18566.jpeg;https:\/\/images.novelship.com\/product\/air_jordan_3_retro__fire_red__2013__also_worn_by_z_1_18566.jpeg;https:\/\/images.novelship.com\/product\/air_jordan_3_retro__fire_red__2013__also_worn_by_z_2_18566.jpeg;https:\/\/images.novelship.com\/product\/air_jordan_3_retro__fire_red__2013__also_worn_by_z_3_18566.jpeg;https:\/\/images.novelship.com\/product\/air_jordan_3_retro__fire_red__2013__also_worn_by_z_4_18566.jpeg;https:\/\/images.novelship.com\/product\/air_jordan_3_retro__fire_red__2013__also_worn_by_z_5_18566.jpeg;https:\/\/images.novelship.com\/product\/air_jordan_3_retro__fire_red__2013__also_worn_by_z_6_18566.jpeg;https:\/\/images.novelship.com\/product\/air_jordan_3_retro__fire_red__2013__also_worn_by_z_7_18566.jpeg","datePublished":"2026-04-16T10:13:00+00:00","dateModified":"2026-04-17T16:00:53+00:00","breadcrumb":{"@id":"https:\/\/tourcruiser.com\/fr\/products\/air-jordan-3-retro-fire-red-2013-136064-120\/#breadcrumb"},"inLanguage":"fr-FR","potentialAction":[{"@type":"ReadAction","target":["https:\/\/tourcruiser.com\/fr\/products\/air-jordan-3-retro-fire-red-2013-136064-120\/"]}]},{"@type":"ImageObject","inLanguage":"fr-FR","@id":"https:\/\/tourcruiser.com\/fr\/products\/air-jordan-3-retro-fire-red-2013-136064-120\/#primaryimage","url":"https:\/\/images.novelship.com\/product\/air_jordan_3_retro__fire_red__2013__also_worn_by_z_0_18566.jpeg;https:\/\/images.novelship.com\/product\/air_jordan_3_retro__fire_red__2013__also_worn_by_z_1_18566.jpeg;https:\/\/images.novelship.com\/product\/air_jordan_3_retro__fire_red__2013__also_worn_by_z_2_18566.jpeg;https:\/\/images.novelship.com\/product\/air_jordan_3_retro__fire_red__2013__also_worn_by_z_3_18566.jpeg;https:\/\/images.novelship.com\/product\/air_jordan_3_retro__fire_red__2013__also_worn_by_z_4_18566.jpeg;https:\/\/images.novelship.com\/product\/air_jordan_3_retro__fire_red__2013__also_worn_by_z_5_18566.jpeg;https:\/\/images.novelship.com\/product\/air_jordan_3_retro__fire_red__2013__also_worn_by_z_6_18566.jpeg;https:\/\/images.novelship.com\/product\/air_jordan_3_retro__fire_red__2013__also_worn_by_z_7_18566.jpeg","contentUrl":"https:\/\/images.novelship.com\/product\/air_jordan_3_retro__fire_red__2013__also_worn_by_z_0_18566.jpeg;https:\/\/images.novelship.com\/product\/air_jordan_3_retro__fire_red__2013__also_worn_by_z_1_18566.jpeg;https:\/\/images.novelship.com\/product\/air_jordan_3_retro__fire_red__2013__also_worn_by_z_2_18566.jpeg;https:\/\/images.novelship.com\/product\/air_jordan_3_retro__fire_red__2013__also_worn_by_z_3_18566.jpeg;https:\/\/images.novelship.com\/product\/air_jordan_3_retro__fire_red__2013__also_worn_by_z_4_18566.jpeg;https:\/\/images.novelship.com\/product\/air_jordan_3_retro__fire_red__2013__also_worn_by_z_5_18566.jpeg;https:\/\/images.novelship.com\/product\/air_jordan_3_retro__fire_red__2013__also_worn_by_z_6_18566.jpeg;https:\/\/images.novelship.com\/product\/air_jordan_3_retro__fire_red__2013__also_worn_by_z_7_18566.jpeg"},{"@type":"BreadcrumbList","@id":"https:\/\/tourcruiser.com\/fr\/products\/air-jordan-3-retro-fire-red-2013-136064-120\/#breadcrumb","itemListElement":[{"@type":"ListItem","position":1,"name":"Home","item":"https:\/\/tourcruiser.com\/fr\/"},{"@type":"ListItem","position":2,"name":"Shop","item":"https:\/\/tourcruiser.com\/fr\/shop\/"},{"@type":"ListItem","position":3,"name":"Air Jordan 3 Retro &#8216;Fire Red&#8217; 2013 136064-120"}]},{"@type":"WebSite","@id":"\/#website","url":"\/","name":"Styloral Jewelry Shop","description":"Tourcruiser Sneaker Store \u2014 L\u2019endroit o\u00f9 l\u2019univers rencontre votre singularit\u00e9.","publisher":{"@id":"\/#organization"},"potentialAction":[{"@type":"SearchAction","target":{"@type":"EntryPoint","urlTemplate":"\/?s={search_term_string}"},"query-input":{"@type":"PropertyValueSpecification","valueRequired":true,"valueName":"search_term_string"}}],"inLanguage":"fr-FR"},{"@type":"Organization","@id":"\/#organization","name":"STYLORAL PTE. LTD","url":"\/","logo":{"@type":"ImageObject","inLanguage":"fr-FR","@id":"\/#\/schema\/logo\/image\/","url":"https:\/\/www.tourcruiser.com\/wp-content\/uploads\/2025\/12\/logo.png","contentUrl":"https:\/\/www.tourcruiser.com\/wp-content\/uploads\/2025\/12\/logo.png","width":200,"height":65,"caption":"STYLORAL PTE. LTD"},"image":{"@id":"\/#\/schema\/logo\/image\/"}}]}},"_links":{"self":[{"href":"https:\/\/tourcruiser.com\/fr\/wp-json\/wp\/v2\/product\/768156","targetHints":{"allow":["GET"]}}],"collection":[{"href":"https:\/\/tourcruiser.com\/fr\/wp-json\/wp\/v2\/product"}],"about":[{"href":"https:\/\/tourcruiser.com\/fr\/wp-json\/wp\/v2\/types\/product"}],"replies":[{"embeddable":true,"href":"https:\/\/tourcruiser.com\/fr\/wp-json\/wp\/v2\/comments?post=768156"}],"wp:featuredmedia":[{"embeddable":true,"href":"https:\/\/tourcruiser.com\/fr\/wp-json\/wp\/v2\/media\/768157"}],"wp:attachment":[{"href":"https:\/\/tourcruiser.com\/fr\/wp-json\/wp\/v2\/media?parent=768156"}],"wp:term":[{"taxonomy":"product_brand","embeddable":true,"href":"https:\/\/tourcruiser.com\/fr\/wp-json\/wp\/v2\/product_brand?post=768156"},{"taxonomy":"product_cat","embeddable":true,"href":"https:\/\/tourcruiser.com\/fr\/wp-json\/wp\/v2\/product_cat?post=768156"},{"taxonomy":"product_tag","embeddable":true,"href":"https:\/\/tourcruiser.com\/fr\/wp-json\/wp\/v2\/product_tag?post=768156"}],"curies":[{"name":"wp","href":"https:\/\/api.w.org\/{rel}","templated":true}]}}