{"id":768131,"date":"2026-04-16T17:13:00","date_gmt":"2026-04-16T10:13:00","guid":{"rendered":"http:\/\/tourcruiser.com\/product\/air-jordan-legacy-312-elephant-print-av3922-006"},"modified":"2026-04-17T23:00:52","modified_gmt":"2026-04-17T16:00:52","slug":"air-jordan-legacy-312-elephant-print-av3922-006","status":"publish","type":"product","link":"https:\/\/tourcruiser.com\/fr\/products\/air-jordan-legacy-312-elephant-print-av3922-006\/","title":{"rendered":"Air Jordan Legacy 312 &lsquo;Elephant Print&rsquo; AV3922-006"},"content":{"rendered":"<p>La Air Jordan Legacy 312 Elephant Print de Jordan est une sneaker \u00e9l\u00e9gante et embl\u00e9matique, de couleur noire classique. Son imprim\u00e9 \u00e9l\u00e9phant saisissant lui conf\u00e8re un look unique et tendance qui ne manquera pas d&rsquo;attirer les regards. Alliant d\u00e9tails traditionnels et esprit streetwear moderne, la Air Jordan Legacy 312 Elephant Print est un incontournable pour tout amateur de sneakers.<\/p>\n<p>Coloris\u00a0: Noir\/Noir\/Rouge<\/p>\n<p>Code article\u00a0: AV3922-006<br \/>\nSemelle interm\u00e9diaire\u00a0: Air<br \/>\nCouleur\u00a0: Noir<br \/>\nDesigner\u00a0: Don C<br \/>\nSaison\u00a0: Hiver<br \/>\nAnn\u00e9e de sortie\u00a0: 2018<br \/>\n\u00c2ge\u00a0: Adulte<br \/>\nCouleur\u00a0: Noir\/Anthracite-Noir<br \/>\nGenre\u00a0: Homme<\/p>\n","protected":false},"excerpt":{"rendered":"<p>La Air Jordan Legacy 312 Elephant Print de Jordan est une sneaker \u00e9l\u00e9gante et embl\u00e9matique, de couleur noire classique. Son imprim\u00e9 \u00e9l\u00e9phant saisissant lui conf\u00e8re un look unique et tendance qui ne manquera pas d&rsquo;attirer les regards. Alliant d\u00e9tails traditionnels et esprit streetwear moderne, la Air Jordan Legacy 312 Elephant Print est un incontournable pour [&hellip;]<\/p>\n","protected":false},"featured_media":768132,"comment_status":"open","ping_status":"closed","template":"","meta":[],"product_brand":[],"product_cat":[38880],"product_tag":[10750,38841,10776,10777,10756],"class_list":{"0":"post-768131","1":"product","2":"type-product","3":"status-publish","4":"has-post-thumbnail","6":"product_cat-jordan","7":"product_tag-athleisure-shoes","8":"product_tag-casual-shoes","9":"product_tag-jordan","10":"product_tag-lifestyle-shoes-basketball-inspired","11":"product_tag-retro-casual-shoes","13":"first","14":"instock","15":"taxable","16":"shipping-taxable","17":"purchasable","18":"product-type-simple"},"wcpa_form_fields":null,"yoast_head":"<!-- This site is optimized with the Yoast SEO plugin v26.5 - https:\/\/yoast.com\/wordpress\/plugins\/seo\/ -->\n<title>Air Jordan Legacy 312 &#039;Elephant Print&#039; AV3922-006 - TOURCRUISER PTE. LTD<\/title>\n<meta name=\"robots\" content=\"index, follow, max-snippet:-1, max-image-preview:large, max-video-preview:-1\" \/>\n<link rel=\"canonical\" href=\"https:\/\/tourcruiser.com\/fr\/products\/air-jordan-legacy-312-elephant-print-av3922-006\/\" \/>\n<meta property=\"og:locale\" content=\"fr_FR\" \/>\n<meta property=\"og:type\" content=\"article\" \/>\n<meta property=\"og:title\" content=\"Air Jordan Legacy 312 &#039;Elephant Print&#039; AV3922-006 - TOURCRUISER PTE. LTD\" \/>\n<meta property=\"og:description\" content=\"La Air Jordan Legacy 312 Elephant Print de Jordan est une sneaker \u00e9l\u00e9gante et embl\u00e9matique, de couleur noire classique. Son imprim\u00e9 \u00e9l\u00e9phant saisissant lui conf\u00e8re un look unique et tendance qui ne manquera pas d&rsquo;attirer les regards. Alliant d\u00e9tails traditionnels et esprit streetwear moderne, la Air Jordan Legacy 312 Elephant Print est un incontournable pour [&hellip;]\" \/>\n<meta property=\"og:url\" content=\"https:\/\/tourcruiser.com\/fr\/products\/air-jordan-legacy-312-elephant-print-av3922-006\/\" \/>\n<meta property=\"og:site_name\" content=\"Tourcruiser Sneaker Store\" \/>\n<meta property=\"article:modified_time\" content=\"2026-04-17T16:00:52+00:00\" \/>\n<meta name=\"twitter:card\" content=\"summary_large_image\" \/>\n<meta name=\"twitter:image\" content=\"https:\/\/images.novelship.com\/product\/air_jordan_legacy_312__elephant_print__av3922_006_0_75481.jpeg;https:\/\/images.novelship.com\/product\/air_jordan_legacy_312__elephant_print__av3922_006_1_75482.jpeg;https:\/\/images.novelship.com\/product\/air_jordan_legacy_312__elephant_print__av3922_006_2_75482.jpeg;https:\/\/images.novelship.com\/product\/air_jordan_legacy_312__elephant_print__av3922_006_3_75482.jpeg;https:\/\/images.novelship.com\/product\/air_jordan_legacy_312__elephant_print__av3922_006_4_75482.jpeg;https:\/\/images.novelship.com\/product\/air_jordan_legacy_312__elephant_print__av3922_006_5_75482.jpeg;https:\/\/images.novelship.com\/product\/air_jordan_legacy_312__elephant_print__av3922_006_6_75482.jpeg;https:\/\/images.novelship.com\/product\/air_jordan_legacy_312__elephant_print__av3922_006_7_75482.jpeg\" \/>\n<script type=\"application\/ld+json\" class=\"yoast-schema-graph\">{\"@context\":\"https:\/\/schema.org\",\"@graph\":[{\"@type\":\"WebPage\",\"@id\":\"https:\/\/tourcruiser.com\/fr\/products\/air-jordan-legacy-312-elephant-print-av3922-006\/\",\"url\":\"https:\/\/tourcruiser.com\/fr\/products\/air-jordan-legacy-312-elephant-print-av3922-006\/\",\"name\":\"Air Jordan Legacy 312 'Elephant Print' AV3922-006 - TOURCRUISER PTE. LTD\",\"isPartOf\":{\"@id\":\"\/#website\"},\"primaryImageOfPage\":{\"@id\":\"https:\/\/tourcruiser.com\/fr\/products\/air-jordan-legacy-312-elephant-print-av3922-006\/#primaryimage\"},\"image\":{\"@id\":\"https:\/\/tourcruiser.com\/fr\/products\/air-jordan-legacy-312-elephant-print-av3922-006\/#primaryimage\"},\"thumbnailUrl\":\"https:\/\/images.novelship.com\/product\/air_jordan_legacy_312__elephant_print__av3922_006_0_75481.jpeg;https:\/\/images.novelship.com\/product\/air_jordan_legacy_312__elephant_print__av3922_006_1_75482.jpeg;https:\/\/images.novelship.com\/product\/air_jordan_legacy_312__elephant_print__av3922_006_2_75482.jpeg;https:\/\/images.novelship.com\/product\/air_jordan_legacy_312__elephant_print__av3922_006_3_75482.jpeg;https:\/\/images.novelship.com\/product\/air_jordan_legacy_312__elephant_print__av3922_006_4_75482.jpeg;https:\/\/images.novelship.com\/product\/air_jordan_legacy_312__elephant_print__av3922_006_5_75482.jpeg;https:\/\/images.novelship.com\/product\/air_jordan_legacy_312__elephant_print__av3922_006_6_75482.jpeg;https:\/\/images.novelship.com\/product\/air_jordan_legacy_312__elephant_print__av3922_006_7_75482.jpeg\",\"datePublished\":\"2026-04-16T10:13:00+00:00\",\"dateModified\":\"2026-04-17T16:00:52+00:00\",\"breadcrumb\":{\"@id\":\"https:\/\/tourcruiser.com\/fr\/products\/air-jordan-legacy-312-elephant-print-av3922-006\/#breadcrumb\"},\"inLanguage\":\"fr-FR\",\"potentialAction\":[{\"@type\":\"ReadAction\",\"target\":[\"https:\/\/tourcruiser.com\/fr\/products\/air-jordan-legacy-312-elephant-print-av3922-006\/\"]}]},{\"@type\":\"ImageObject\",\"inLanguage\":\"fr-FR\",\"@id\":\"https:\/\/tourcruiser.com\/fr\/products\/air-jordan-legacy-312-elephant-print-av3922-006\/#primaryimage\",\"url\":\"https:\/\/images.novelship.com\/product\/air_jordan_legacy_312__elephant_print__av3922_006_0_75481.jpeg;https:\/\/images.novelship.com\/product\/air_jordan_legacy_312__elephant_print__av3922_006_1_75482.jpeg;https:\/\/images.novelship.com\/product\/air_jordan_legacy_312__elephant_print__av3922_006_2_75482.jpeg;https:\/\/images.novelship.com\/product\/air_jordan_legacy_312__elephant_print__av3922_006_3_75482.jpeg;https:\/\/images.novelship.com\/product\/air_jordan_legacy_312__elephant_print__av3922_006_4_75482.jpeg;https:\/\/images.novelship.com\/product\/air_jordan_legacy_312__elephant_print__av3922_006_5_75482.jpeg;https:\/\/images.novelship.com\/product\/air_jordan_legacy_312__elephant_print__av3922_006_6_75482.jpeg;https:\/\/images.novelship.com\/product\/air_jordan_legacy_312__elephant_print__av3922_006_7_75482.jpeg\",\"contentUrl\":\"https:\/\/images.novelship.com\/product\/air_jordan_legacy_312__elephant_print__av3922_006_0_75481.jpeg;https:\/\/images.novelship.com\/product\/air_jordan_legacy_312__elephant_print__av3922_006_1_75482.jpeg;https:\/\/images.novelship.com\/product\/air_jordan_legacy_312__elephant_print__av3922_006_2_75482.jpeg;https:\/\/images.novelship.com\/product\/air_jordan_legacy_312__elephant_print__av3922_006_3_75482.jpeg;https:\/\/images.novelship.com\/product\/air_jordan_legacy_312__elephant_print__av3922_006_4_75482.jpeg;https:\/\/images.novelship.com\/product\/air_jordan_legacy_312__elephant_print__av3922_006_5_75482.jpeg;https:\/\/images.novelship.com\/product\/air_jordan_legacy_312__elephant_print__av3922_006_6_75482.jpeg;https:\/\/images.novelship.com\/product\/air_jordan_legacy_312__elephant_print__av3922_006_7_75482.jpeg\"},{\"@type\":\"BreadcrumbList\",\"@id\":\"https:\/\/tourcruiser.com\/fr\/products\/air-jordan-legacy-312-elephant-print-av3922-006\/#breadcrumb\",\"itemListElement\":[{\"@type\":\"ListItem\",\"position\":1,\"name\":\"Home\",\"item\":\"https:\/\/tourcruiser.com\/fr\/\"},{\"@type\":\"ListItem\",\"position\":2,\"name\":\"Shop\",\"item\":\"https:\/\/tourcruiser.com\/fr\/shop\/\"},{\"@type\":\"ListItem\",\"position\":3,\"name\":\"Air Jordan Legacy 312 &#8216;Elephant Print&#8217; AV3922-006\"}]},{\"@type\":\"WebSite\",\"@id\":\"\/#website\",\"url\":\"\/\",\"name\":\"Styloral Jewelry Shop\",\"description\":\"Tourcruiser Sneaker Store \u2014 L\u2019endroit o\u00f9 l\u2019univers rencontre votre singularit\u00e9.\",\"publisher\":{\"@id\":\"\/#organization\"},\"potentialAction\":[{\"@type\":\"SearchAction\",\"target\":{\"@type\":\"EntryPoint\",\"urlTemplate\":\"\/?s={search_term_string}\"},\"query-input\":{\"@type\":\"PropertyValueSpecification\",\"valueRequired\":true,\"valueName\":\"search_term_string\"}}],\"inLanguage\":\"fr-FR\"},{\"@type\":\"Organization\",\"@id\":\"\/#organization\",\"name\":\"STYLORAL PTE. LTD\",\"url\":\"\/\",\"logo\":{\"@type\":\"ImageObject\",\"inLanguage\":\"fr-FR\",\"@id\":\"\/#\/schema\/logo\/image\/\",\"url\":\"https:\/\/www.tourcruiser.com\/wp-content\/uploads\/2025\/12\/logo.png\",\"contentUrl\":\"https:\/\/www.tourcruiser.com\/wp-content\/uploads\/2025\/12\/logo.png\",\"width\":200,\"height\":65,\"caption\":\"STYLORAL PTE. LTD\"},\"image\":{\"@id\":\"\/#\/schema\/logo\/image\/\"}}]}<\/script>\n<!-- \/ Yoast SEO plugin. -->","yoast_head_json":{"title":"Air Jordan Legacy 312 'Elephant Print' AV3922-006 - TOURCRUISER PTE. LTD","robots":{"index":"index","follow":"follow","max-snippet":"max-snippet:-1","max-image-preview":"max-image-preview:large","max-video-preview":"max-video-preview:-1"},"canonical":"https:\/\/tourcruiser.com\/fr\/products\/air-jordan-legacy-312-elephant-print-av3922-006\/","og_locale":"fr_FR","og_type":"article","og_title":"Air Jordan Legacy 312 'Elephant Print' AV3922-006 - TOURCRUISER PTE. LTD","og_description":"La Air Jordan Legacy 312 Elephant Print de Jordan est une sneaker \u00e9l\u00e9gante et embl\u00e9matique, de couleur noire classique. Son imprim\u00e9 \u00e9l\u00e9phant saisissant lui conf\u00e8re un look unique et tendance qui ne manquera pas d&rsquo;attirer les regards. Alliant d\u00e9tails traditionnels et esprit streetwear moderne, la Air Jordan Legacy 312 Elephant Print est un incontournable pour [&hellip;]","og_url":"https:\/\/tourcruiser.com\/fr\/products\/air-jordan-legacy-312-elephant-print-av3922-006\/","og_site_name":"Tourcruiser Sneaker Store","article_modified_time":"2026-04-17T16:00:52+00:00","twitter_card":"summary_large_image","twitter_image":"https:\/\/images.novelship.com\/product\/air_jordan_legacy_312__elephant_print__av3922_006_0_75481.jpeg;https:\/\/images.novelship.com\/product\/air_jordan_legacy_312__elephant_print__av3922_006_1_75482.jpeg;https:\/\/images.novelship.com\/product\/air_jordan_legacy_312__elephant_print__av3922_006_2_75482.jpeg;https:\/\/images.novelship.com\/product\/air_jordan_legacy_312__elephant_print__av3922_006_3_75482.jpeg;https:\/\/images.novelship.com\/product\/air_jordan_legacy_312__elephant_print__av3922_006_4_75482.jpeg;https:\/\/images.novelship.com\/product\/air_jordan_legacy_312__elephant_print__av3922_006_5_75482.jpeg;https:\/\/images.novelship.com\/product\/air_jordan_legacy_312__elephant_print__av3922_006_6_75482.jpeg;https:\/\/images.novelship.com\/product\/air_jordan_legacy_312__elephant_print__av3922_006_7_75482.jpeg","schema":{"@context":"https:\/\/schema.org","@graph":[{"@type":"WebPage","@id":"https:\/\/tourcruiser.com\/fr\/products\/air-jordan-legacy-312-elephant-print-av3922-006\/","url":"https:\/\/tourcruiser.com\/fr\/products\/air-jordan-legacy-312-elephant-print-av3922-006\/","name":"Air Jordan Legacy 312 'Elephant Print' AV3922-006 - TOURCRUISER PTE. LTD","isPartOf":{"@id":"\/#website"},"primaryImageOfPage":{"@id":"https:\/\/tourcruiser.com\/fr\/products\/air-jordan-legacy-312-elephant-print-av3922-006\/#primaryimage"},"image":{"@id":"https:\/\/tourcruiser.com\/fr\/products\/air-jordan-legacy-312-elephant-print-av3922-006\/#primaryimage"},"thumbnailUrl":"https:\/\/images.novelship.com\/product\/air_jordan_legacy_312__elephant_print__av3922_006_0_75481.jpeg;https:\/\/images.novelship.com\/product\/air_jordan_legacy_312__elephant_print__av3922_006_1_75482.jpeg;https:\/\/images.novelship.com\/product\/air_jordan_legacy_312__elephant_print__av3922_006_2_75482.jpeg;https:\/\/images.novelship.com\/product\/air_jordan_legacy_312__elephant_print__av3922_006_3_75482.jpeg;https:\/\/images.novelship.com\/product\/air_jordan_legacy_312__elephant_print__av3922_006_4_75482.jpeg;https:\/\/images.novelship.com\/product\/air_jordan_legacy_312__elephant_print__av3922_006_5_75482.jpeg;https:\/\/images.novelship.com\/product\/air_jordan_legacy_312__elephant_print__av3922_006_6_75482.jpeg;https:\/\/images.novelship.com\/product\/air_jordan_legacy_312__elephant_print__av3922_006_7_75482.jpeg","datePublished":"2026-04-16T10:13:00+00:00","dateModified":"2026-04-17T16:00:52+00:00","breadcrumb":{"@id":"https:\/\/tourcruiser.com\/fr\/products\/air-jordan-legacy-312-elephant-print-av3922-006\/#breadcrumb"},"inLanguage":"fr-FR","potentialAction":[{"@type":"ReadAction","target":["https:\/\/tourcruiser.com\/fr\/products\/air-jordan-legacy-312-elephant-print-av3922-006\/"]}]},{"@type":"ImageObject","inLanguage":"fr-FR","@id":"https:\/\/tourcruiser.com\/fr\/products\/air-jordan-legacy-312-elephant-print-av3922-006\/#primaryimage","url":"https:\/\/images.novelship.com\/product\/air_jordan_legacy_312__elephant_print__av3922_006_0_75481.jpeg;https:\/\/images.novelship.com\/product\/air_jordan_legacy_312__elephant_print__av3922_006_1_75482.jpeg;https:\/\/images.novelship.com\/product\/air_jordan_legacy_312__elephant_print__av3922_006_2_75482.jpeg;https:\/\/images.novelship.com\/product\/air_jordan_legacy_312__elephant_print__av3922_006_3_75482.jpeg;https:\/\/images.novelship.com\/product\/air_jordan_legacy_312__elephant_print__av3922_006_4_75482.jpeg;https:\/\/images.novelship.com\/product\/air_jordan_legacy_312__elephant_print__av3922_006_5_75482.jpeg;https:\/\/images.novelship.com\/product\/air_jordan_legacy_312__elephant_print__av3922_006_6_75482.jpeg;https:\/\/images.novelship.com\/product\/air_jordan_legacy_312__elephant_print__av3922_006_7_75482.jpeg","contentUrl":"https:\/\/images.novelship.com\/product\/air_jordan_legacy_312__elephant_print__av3922_006_0_75481.jpeg;https:\/\/images.novelship.com\/product\/air_jordan_legacy_312__elephant_print__av3922_006_1_75482.jpeg;https:\/\/images.novelship.com\/product\/air_jordan_legacy_312__elephant_print__av3922_006_2_75482.jpeg;https:\/\/images.novelship.com\/product\/air_jordan_legacy_312__elephant_print__av3922_006_3_75482.jpeg;https:\/\/images.novelship.com\/product\/air_jordan_legacy_312__elephant_print__av3922_006_4_75482.jpeg;https:\/\/images.novelship.com\/product\/air_jordan_legacy_312__elephant_print__av3922_006_5_75482.jpeg;https:\/\/images.novelship.com\/product\/air_jordan_legacy_312__elephant_print__av3922_006_6_75482.jpeg;https:\/\/images.novelship.com\/product\/air_jordan_legacy_312__elephant_print__av3922_006_7_75482.jpeg"},{"@type":"BreadcrumbList","@id":"https:\/\/tourcruiser.com\/fr\/products\/air-jordan-legacy-312-elephant-print-av3922-006\/#breadcrumb","itemListElement":[{"@type":"ListItem","position":1,"name":"Home","item":"https:\/\/tourcruiser.com\/fr\/"},{"@type":"ListItem","position":2,"name":"Shop","item":"https:\/\/tourcruiser.com\/fr\/shop\/"},{"@type":"ListItem","position":3,"name":"Air Jordan Legacy 312 &#8216;Elephant Print&#8217; AV3922-006"}]},{"@type":"WebSite","@id":"\/#website","url":"\/","name":"Styloral Jewelry Shop","description":"Tourcruiser Sneaker Store \u2014 L\u2019endroit o\u00f9 l\u2019univers rencontre votre singularit\u00e9.","publisher":{"@id":"\/#organization"},"potentialAction":[{"@type":"SearchAction","target":{"@type":"EntryPoint","urlTemplate":"\/?s={search_term_string}"},"query-input":{"@type":"PropertyValueSpecification","valueRequired":true,"valueName":"search_term_string"}}],"inLanguage":"fr-FR"},{"@type":"Organization","@id":"\/#organization","name":"STYLORAL PTE. LTD","url":"\/","logo":{"@type":"ImageObject","inLanguage":"fr-FR","@id":"\/#\/schema\/logo\/image\/","url":"https:\/\/www.tourcruiser.com\/wp-content\/uploads\/2025\/12\/logo.png","contentUrl":"https:\/\/www.tourcruiser.com\/wp-content\/uploads\/2025\/12\/logo.png","width":200,"height":65,"caption":"STYLORAL PTE. LTD"},"image":{"@id":"\/#\/schema\/logo\/image\/"}}]}},"_links":{"self":[{"href":"https:\/\/tourcruiser.com\/fr\/wp-json\/wp\/v2\/product\/768131","targetHints":{"allow":["GET"]}}],"collection":[{"href":"https:\/\/tourcruiser.com\/fr\/wp-json\/wp\/v2\/product"}],"about":[{"href":"https:\/\/tourcruiser.com\/fr\/wp-json\/wp\/v2\/types\/product"}],"replies":[{"embeddable":true,"href":"https:\/\/tourcruiser.com\/fr\/wp-json\/wp\/v2\/comments?post=768131"}],"wp:featuredmedia":[{"embeddable":true,"href":"https:\/\/tourcruiser.com\/fr\/wp-json\/wp\/v2\/media\/768132"}],"wp:attachment":[{"href":"https:\/\/tourcruiser.com\/fr\/wp-json\/wp\/v2\/media?parent=768131"}],"wp:term":[{"taxonomy":"product_brand","embeddable":true,"href":"https:\/\/tourcruiser.com\/fr\/wp-json\/wp\/v2\/product_brand?post=768131"},{"taxonomy":"product_cat","embeddable":true,"href":"https:\/\/tourcruiser.com\/fr\/wp-json\/wp\/v2\/product_cat?post=768131"},{"taxonomy":"product_tag","embeddable":true,"href":"https:\/\/tourcruiser.com\/fr\/wp-json\/wp\/v2\/product_tag?post=768131"}],"curies":[{"name":"wp","href":"https:\/\/api.w.org\/{rel}","templated":true}]}}