{"id":768113,"date":"2026-04-16T17:12:59","date_gmt":"2026-04-16T10:12:59","guid":{"rendered":"http:\/\/tourcruiser.com\/product\/grade-school-air-jordan-1-low-pink-quilt-db3621-600"},"modified":"2026-04-17T23:00:51","modified_gmt":"2026-04-17T16:00:51","slug":"grade-school-air-jordan-1-low-pink-quilt-db3621-600","status":"publish","type":"product","link":"https:\/\/tourcruiser.com\/fr\/products\/grade-school-air-jordan-1-low-pink-quilt-db3621-600\/","title":{"rendered":"(Grade School) Air Jordan 1 Low &lsquo;Pink Quilt&rsquo; DB3621-600"},"content":{"rendered":"<p>Affirmez votre style avec les Air Jordan 1 Low \u00ab\u00a0Pink Quilt\u00a0\u00bb DB3621-600 pour les enfants du primaire. Ces baskets arborent un m\u00e9lange vibrant de nuances de rose et un motif matelass\u00e9 unique, alliant l&rsquo;h\u00e9ritage Jordan classique \u00e0 une touche de modernit\u00e9. Confectionn\u00e9es \u00e0 partir de mat\u00e9riaux haut de gamme pour une durabilit\u00e9 et un confort optimaux, elles sont parfaites pour le sport comme pour le quotidien. L&#8217;embl\u00e9matique unit\u00e9 Air-Sole offre un amorti l\u00e9ger, tandis que la semelle ext\u00e9rieure en caoutchouc assure une excellente adh\u00e9rence. Affirmez votre style, sur le terrain comme en dehors, avec ces baskets exceptionnelles.<\/p>\n<p>\u2026 Coloris\u00a0: Rouge Gym\/Rose Mousse\/Betterave Fonc\u00e9<br \/>\nR\u00e9f\u00e9rence\u00a0: DB3621-600<br \/>\nTige\u00a0: Cuir synth\u00e9tique\/Textile<br \/>\nSemelle interm\u00e9diaire\u00a0: Air<\/p>\n<p>Couleur\u00a0: Rouge<br \/>\nCr\u00e9ateur\u00a0: Peter Moore<br \/>\nSaison\u00a0: Hiver<br \/>\nAnn\u00e9e de sortie\u00a0: 2020<\/p>\n<p>\u00c2ge\u00a0: Adulte<br \/>\nCouleur\u00a0: Rouge Varsity\/Noir-Blanc<br \/>\nGenre\u00a0: Enfant<\/p>\n","protected":false},"excerpt":{"rendered":"<p>Affirmez votre style avec les Air Jordan 1 Low \u00ab\u00a0Pink Quilt\u00a0\u00bb DB3621-600 pour les enfants du primaire. Ces baskets arborent un m\u00e9lange vibrant de nuances de rose et un motif matelass\u00e9 unique, alliant l&rsquo;h\u00e9ritage Jordan classique \u00e0 une touche de modernit\u00e9. Confectionn\u00e9es \u00e0 partir de mat\u00e9riaux haut de gamme pour une durabilit\u00e9 et un confort [&hellip;]<\/p>\n","protected":false},"featured_media":768114,"comment_status":"open","ping_status":"closed","template":"","meta":[],"product_brand":[],"product_cat":[38880],"product_tag":[10750,38988,38874,10776,11349,38875,10756,39039,38902],"class_list":{"0":"post-768113","1":"product","2":"type-product","3":"status-publish","4":"has-post-thumbnail","6":"product_cat-jordan","7":"product_tag-athleisure-shoes","8":"product_tag-casual-shoes-for-kids","9":"product_tag-hari-raya-gs","10":"product_tag-jordan","11":"product_tag-jordan-basketball-shoes","12":"product_tag-jordan-skateboard-shoes","13":"product_tag-retro-casual-shoes","14":"product_tag-sneakers-for-kids","15":"product_tag-trendy-offers","17":"first","18":"instock","19":"taxable","20":"shipping-taxable","21":"purchasable","22":"product-type-simple"},"wcpa_form_fields":null,"yoast_head":"<!-- This site is optimized with the Yoast SEO plugin v26.5 - https:\/\/yoast.com\/wordpress\/plugins\/seo\/ -->\n<title>(Grade School) Air Jordan 1 Low &#039;Pink Quilt&#039; DB3621-600 - TOURCRUISER PTE. LTD<\/title>\n<meta name=\"robots\" content=\"index, follow, max-snippet:-1, max-image-preview:large, max-video-preview:-1\" \/>\n<link rel=\"canonical\" href=\"https:\/\/tourcruiser.com\/fr\/products\/grade-school-air-jordan-1-low-pink-quilt-db3621-600\/\" \/>\n<meta property=\"og:locale\" content=\"fr_FR\" \/>\n<meta property=\"og:type\" content=\"article\" \/>\n<meta property=\"og:title\" content=\"(Grade School) Air Jordan 1 Low &#039;Pink Quilt&#039; DB3621-600 - TOURCRUISER PTE. LTD\" \/>\n<meta property=\"og:description\" content=\"Affirmez votre style avec les Air Jordan 1 Low \u00ab\u00a0Pink Quilt\u00a0\u00bb DB3621-600 pour les enfants du primaire. Ces baskets arborent un m\u00e9lange vibrant de nuances de rose et un motif matelass\u00e9 unique, alliant l&rsquo;h\u00e9ritage Jordan classique \u00e0 une touche de modernit\u00e9. Confectionn\u00e9es \u00e0 partir de mat\u00e9riaux haut de gamme pour une durabilit\u00e9 et un confort [&hellip;]\" \/>\n<meta property=\"og:url\" content=\"https:\/\/tourcruiser.com\/fr\/products\/grade-school-air-jordan-1-low-pink-quilt-db3621-600\/\" \/>\n<meta property=\"og:site_name\" content=\"Tourcruiser Sneaker Store\" \/>\n<meta property=\"article:modified_time\" content=\"2026-04-17T16:00:51+00:00\" \/>\n<meta name=\"twitter:card\" content=\"summary_large_image\" \/>\n<meta name=\"twitter:image\" content=\"https:\/\/images.novelship.com\/product\/_grade_school__air_jordan_1_low__pink_quilt__db362_0_39042.jpeg;https:\/\/images.novelship.com\/product\/_grade_school__air_jordan_1_low__pink_quilt__db362_1_39042.jpeg;https:\/\/images.novelship.com\/product\/_grade_school__air_jordan_1_low__pink_quilt__db362_2_39042.jpeg;https:\/\/images.novelship.com\/product\/_grade_school__air_jordan_1_low__pink_quilt__db362_3_39042.jpeg;https:\/\/images.novelship.com\/product\/_grade_school__air_jordan_1_low__pink_quilt__db362_4_39042.jpeg;https:\/\/images.novelship.com\/product\/_grade_school__air_jordan_1_low__pink_quilt__db362_5_39042.jpeg;https:\/\/images.novelship.com\/product\/_grade_school__air_jordan_1_low__pink_quilt__db362_6_39042.jpeg;https:\/\/images.novelship.com\/product\/_grade_school__air_jordan_1_low__pink_quilt__db362_7_39042.jpeg\" \/>\n<meta name=\"twitter:label1\" content=\"Dur\u00e9e de lecture estim\u00e9e\" \/>\n\t<meta name=\"twitter:data1\" content=\"1 minute\" \/>\n<script type=\"application\/ld+json\" class=\"yoast-schema-graph\">{\"@context\":\"https:\/\/schema.org\",\"@graph\":[{\"@type\":\"WebPage\",\"@id\":\"https:\/\/tourcruiser.com\/fr\/products\/grade-school-air-jordan-1-low-pink-quilt-db3621-600\/\",\"url\":\"https:\/\/tourcruiser.com\/fr\/products\/grade-school-air-jordan-1-low-pink-quilt-db3621-600\/\",\"name\":\"(Grade School) Air Jordan 1 Low 'Pink Quilt' DB3621-600 - TOURCRUISER PTE. LTD\",\"isPartOf\":{\"@id\":\"\/#website\"},\"primaryImageOfPage\":{\"@id\":\"https:\/\/tourcruiser.com\/fr\/products\/grade-school-air-jordan-1-low-pink-quilt-db3621-600\/#primaryimage\"},\"image\":{\"@id\":\"https:\/\/tourcruiser.com\/fr\/products\/grade-school-air-jordan-1-low-pink-quilt-db3621-600\/#primaryimage\"},\"thumbnailUrl\":\"https:\/\/images.novelship.com\/product\/_grade_school__air_jordan_1_low__pink_quilt__db362_0_39042.jpeg;https:\/\/images.novelship.com\/product\/_grade_school__air_jordan_1_low__pink_quilt__db362_1_39042.jpeg;https:\/\/images.novelship.com\/product\/_grade_school__air_jordan_1_low__pink_quilt__db362_2_39042.jpeg;https:\/\/images.novelship.com\/product\/_grade_school__air_jordan_1_low__pink_quilt__db362_3_39042.jpeg;https:\/\/images.novelship.com\/product\/_grade_school__air_jordan_1_low__pink_quilt__db362_4_39042.jpeg;https:\/\/images.novelship.com\/product\/_grade_school__air_jordan_1_low__pink_quilt__db362_5_39042.jpeg;https:\/\/images.novelship.com\/product\/_grade_school__air_jordan_1_low__pink_quilt__db362_6_39042.jpeg;https:\/\/images.novelship.com\/product\/_grade_school__air_jordan_1_low__pink_quilt__db362_7_39042.jpeg\",\"datePublished\":\"2026-04-16T10:12:59+00:00\",\"dateModified\":\"2026-04-17T16:00:51+00:00\",\"breadcrumb\":{\"@id\":\"https:\/\/tourcruiser.com\/fr\/products\/grade-school-air-jordan-1-low-pink-quilt-db3621-600\/#breadcrumb\"},\"inLanguage\":\"fr-FR\",\"potentialAction\":[{\"@type\":\"ReadAction\",\"target\":[\"https:\/\/tourcruiser.com\/fr\/products\/grade-school-air-jordan-1-low-pink-quilt-db3621-600\/\"]}]},{\"@type\":\"ImageObject\",\"inLanguage\":\"fr-FR\",\"@id\":\"https:\/\/tourcruiser.com\/fr\/products\/grade-school-air-jordan-1-low-pink-quilt-db3621-600\/#primaryimage\",\"url\":\"https:\/\/images.novelship.com\/product\/_grade_school__air_jordan_1_low__pink_quilt__db362_0_39042.jpeg;https:\/\/images.novelship.com\/product\/_grade_school__air_jordan_1_low__pink_quilt__db362_1_39042.jpeg;https:\/\/images.novelship.com\/product\/_grade_school__air_jordan_1_low__pink_quilt__db362_2_39042.jpeg;https:\/\/images.novelship.com\/product\/_grade_school__air_jordan_1_low__pink_quilt__db362_3_39042.jpeg;https:\/\/images.novelship.com\/product\/_grade_school__air_jordan_1_low__pink_quilt__db362_4_39042.jpeg;https:\/\/images.novelship.com\/product\/_grade_school__air_jordan_1_low__pink_quilt__db362_5_39042.jpeg;https:\/\/images.novelship.com\/product\/_grade_school__air_jordan_1_low__pink_quilt__db362_6_39042.jpeg;https:\/\/images.novelship.com\/product\/_grade_school__air_jordan_1_low__pink_quilt__db362_7_39042.jpeg\",\"contentUrl\":\"https:\/\/images.novelship.com\/product\/_grade_school__air_jordan_1_low__pink_quilt__db362_0_39042.jpeg;https:\/\/images.novelship.com\/product\/_grade_school__air_jordan_1_low__pink_quilt__db362_1_39042.jpeg;https:\/\/images.novelship.com\/product\/_grade_school__air_jordan_1_low__pink_quilt__db362_2_39042.jpeg;https:\/\/images.novelship.com\/product\/_grade_school__air_jordan_1_low__pink_quilt__db362_3_39042.jpeg;https:\/\/images.novelship.com\/product\/_grade_school__air_jordan_1_low__pink_quilt__db362_4_39042.jpeg;https:\/\/images.novelship.com\/product\/_grade_school__air_jordan_1_low__pink_quilt__db362_5_39042.jpeg;https:\/\/images.novelship.com\/product\/_grade_school__air_jordan_1_low__pink_quilt__db362_6_39042.jpeg;https:\/\/images.novelship.com\/product\/_grade_school__air_jordan_1_low__pink_quilt__db362_7_39042.jpeg\"},{\"@type\":\"BreadcrumbList\",\"@id\":\"https:\/\/tourcruiser.com\/fr\/products\/grade-school-air-jordan-1-low-pink-quilt-db3621-600\/#breadcrumb\",\"itemListElement\":[{\"@type\":\"ListItem\",\"position\":1,\"name\":\"Home\",\"item\":\"https:\/\/tourcruiser.com\/fr\/\"},{\"@type\":\"ListItem\",\"position\":2,\"name\":\"Shop\",\"item\":\"https:\/\/tourcruiser.com\/fr\/shop\/\"},{\"@type\":\"ListItem\",\"position\":3,\"name\":\"(Grade School) Air Jordan 1 Low &#8216;Pink Quilt&#8217; DB3621-600\"}]},{\"@type\":\"WebSite\",\"@id\":\"\/#website\",\"url\":\"\/\",\"name\":\"Styloral Jewelry Shop\",\"description\":\"Tourcruiser Sneaker Store \u2014 L\u2019endroit o\u00f9 l\u2019univers rencontre votre singularit\u00e9.\",\"publisher\":{\"@id\":\"\/#organization\"},\"potentialAction\":[{\"@type\":\"SearchAction\",\"target\":{\"@type\":\"EntryPoint\",\"urlTemplate\":\"\/?s={search_term_string}\"},\"query-input\":{\"@type\":\"PropertyValueSpecification\",\"valueRequired\":true,\"valueName\":\"search_term_string\"}}],\"inLanguage\":\"fr-FR\"},{\"@type\":\"Organization\",\"@id\":\"\/#organization\",\"name\":\"STYLORAL PTE. LTD\",\"url\":\"\/\",\"logo\":{\"@type\":\"ImageObject\",\"inLanguage\":\"fr-FR\",\"@id\":\"\/#\/schema\/logo\/image\/\",\"url\":\"https:\/\/www.tourcruiser.com\/wp-content\/uploads\/2025\/12\/logo.png\",\"contentUrl\":\"https:\/\/www.tourcruiser.com\/wp-content\/uploads\/2025\/12\/logo.png\",\"width\":200,\"height\":65,\"caption\":\"STYLORAL PTE. LTD\"},\"image\":{\"@id\":\"\/#\/schema\/logo\/image\/\"}}]}<\/script>\n<!-- \/ Yoast SEO plugin. -->","yoast_head_json":{"title":"(Grade School) Air Jordan 1 Low 'Pink Quilt' DB3621-600 - TOURCRUISER PTE. LTD","robots":{"index":"index","follow":"follow","max-snippet":"max-snippet:-1","max-image-preview":"max-image-preview:large","max-video-preview":"max-video-preview:-1"},"canonical":"https:\/\/tourcruiser.com\/fr\/products\/grade-school-air-jordan-1-low-pink-quilt-db3621-600\/","og_locale":"fr_FR","og_type":"article","og_title":"(Grade School) Air Jordan 1 Low 'Pink Quilt' DB3621-600 - TOURCRUISER PTE. LTD","og_description":"Affirmez votre style avec les Air Jordan 1 Low \u00ab\u00a0Pink Quilt\u00a0\u00bb DB3621-600 pour les enfants du primaire. Ces baskets arborent un m\u00e9lange vibrant de nuances de rose et un motif matelass\u00e9 unique, alliant l&rsquo;h\u00e9ritage Jordan classique \u00e0 une touche de modernit\u00e9. Confectionn\u00e9es \u00e0 partir de mat\u00e9riaux haut de gamme pour une durabilit\u00e9 et un confort [&hellip;]","og_url":"https:\/\/tourcruiser.com\/fr\/products\/grade-school-air-jordan-1-low-pink-quilt-db3621-600\/","og_site_name":"Tourcruiser Sneaker Store","article_modified_time":"2026-04-17T16:00:51+00:00","twitter_card":"summary_large_image","twitter_image":"https:\/\/images.novelship.com\/product\/_grade_school__air_jordan_1_low__pink_quilt__db362_0_39042.jpeg;https:\/\/images.novelship.com\/product\/_grade_school__air_jordan_1_low__pink_quilt__db362_1_39042.jpeg;https:\/\/images.novelship.com\/product\/_grade_school__air_jordan_1_low__pink_quilt__db362_2_39042.jpeg;https:\/\/images.novelship.com\/product\/_grade_school__air_jordan_1_low__pink_quilt__db362_3_39042.jpeg;https:\/\/images.novelship.com\/product\/_grade_school__air_jordan_1_low__pink_quilt__db362_4_39042.jpeg;https:\/\/images.novelship.com\/product\/_grade_school__air_jordan_1_low__pink_quilt__db362_5_39042.jpeg;https:\/\/images.novelship.com\/product\/_grade_school__air_jordan_1_low__pink_quilt__db362_6_39042.jpeg;https:\/\/images.novelship.com\/product\/_grade_school__air_jordan_1_low__pink_quilt__db362_7_39042.jpeg","twitter_misc":{"Dur\u00e9e de lecture estim\u00e9e":"1 minute"},"schema":{"@context":"https:\/\/schema.org","@graph":[{"@type":"WebPage","@id":"https:\/\/tourcruiser.com\/fr\/products\/grade-school-air-jordan-1-low-pink-quilt-db3621-600\/","url":"https:\/\/tourcruiser.com\/fr\/products\/grade-school-air-jordan-1-low-pink-quilt-db3621-600\/","name":"(Grade School) Air Jordan 1 Low 'Pink Quilt' DB3621-600 - TOURCRUISER PTE. LTD","isPartOf":{"@id":"\/#website"},"primaryImageOfPage":{"@id":"https:\/\/tourcruiser.com\/fr\/products\/grade-school-air-jordan-1-low-pink-quilt-db3621-600\/#primaryimage"},"image":{"@id":"https:\/\/tourcruiser.com\/fr\/products\/grade-school-air-jordan-1-low-pink-quilt-db3621-600\/#primaryimage"},"thumbnailUrl":"https:\/\/images.novelship.com\/product\/_grade_school__air_jordan_1_low__pink_quilt__db362_0_39042.jpeg;https:\/\/images.novelship.com\/product\/_grade_school__air_jordan_1_low__pink_quilt__db362_1_39042.jpeg;https:\/\/images.novelship.com\/product\/_grade_school__air_jordan_1_low__pink_quilt__db362_2_39042.jpeg;https:\/\/images.novelship.com\/product\/_grade_school__air_jordan_1_low__pink_quilt__db362_3_39042.jpeg;https:\/\/images.novelship.com\/product\/_grade_school__air_jordan_1_low__pink_quilt__db362_4_39042.jpeg;https:\/\/images.novelship.com\/product\/_grade_school__air_jordan_1_low__pink_quilt__db362_5_39042.jpeg;https:\/\/images.novelship.com\/product\/_grade_school__air_jordan_1_low__pink_quilt__db362_6_39042.jpeg;https:\/\/images.novelship.com\/product\/_grade_school__air_jordan_1_low__pink_quilt__db362_7_39042.jpeg","datePublished":"2026-04-16T10:12:59+00:00","dateModified":"2026-04-17T16:00:51+00:00","breadcrumb":{"@id":"https:\/\/tourcruiser.com\/fr\/products\/grade-school-air-jordan-1-low-pink-quilt-db3621-600\/#breadcrumb"},"inLanguage":"fr-FR","potentialAction":[{"@type":"ReadAction","target":["https:\/\/tourcruiser.com\/fr\/products\/grade-school-air-jordan-1-low-pink-quilt-db3621-600\/"]}]},{"@type":"ImageObject","inLanguage":"fr-FR","@id":"https:\/\/tourcruiser.com\/fr\/products\/grade-school-air-jordan-1-low-pink-quilt-db3621-600\/#primaryimage","url":"https:\/\/images.novelship.com\/product\/_grade_school__air_jordan_1_low__pink_quilt__db362_0_39042.jpeg;https:\/\/images.novelship.com\/product\/_grade_school__air_jordan_1_low__pink_quilt__db362_1_39042.jpeg;https:\/\/images.novelship.com\/product\/_grade_school__air_jordan_1_low__pink_quilt__db362_2_39042.jpeg;https:\/\/images.novelship.com\/product\/_grade_school__air_jordan_1_low__pink_quilt__db362_3_39042.jpeg;https:\/\/images.novelship.com\/product\/_grade_school__air_jordan_1_low__pink_quilt__db362_4_39042.jpeg;https:\/\/images.novelship.com\/product\/_grade_school__air_jordan_1_low__pink_quilt__db362_5_39042.jpeg;https:\/\/images.novelship.com\/product\/_grade_school__air_jordan_1_low__pink_quilt__db362_6_39042.jpeg;https:\/\/images.novelship.com\/product\/_grade_school__air_jordan_1_low__pink_quilt__db362_7_39042.jpeg","contentUrl":"https:\/\/images.novelship.com\/product\/_grade_school__air_jordan_1_low__pink_quilt__db362_0_39042.jpeg;https:\/\/images.novelship.com\/product\/_grade_school__air_jordan_1_low__pink_quilt__db362_1_39042.jpeg;https:\/\/images.novelship.com\/product\/_grade_school__air_jordan_1_low__pink_quilt__db362_2_39042.jpeg;https:\/\/images.novelship.com\/product\/_grade_school__air_jordan_1_low__pink_quilt__db362_3_39042.jpeg;https:\/\/images.novelship.com\/product\/_grade_school__air_jordan_1_low__pink_quilt__db362_4_39042.jpeg;https:\/\/images.novelship.com\/product\/_grade_school__air_jordan_1_low__pink_quilt__db362_5_39042.jpeg;https:\/\/images.novelship.com\/product\/_grade_school__air_jordan_1_low__pink_quilt__db362_6_39042.jpeg;https:\/\/images.novelship.com\/product\/_grade_school__air_jordan_1_low__pink_quilt__db362_7_39042.jpeg"},{"@type":"BreadcrumbList","@id":"https:\/\/tourcruiser.com\/fr\/products\/grade-school-air-jordan-1-low-pink-quilt-db3621-600\/#breadcrumb","itemListElement":[{"@type":"ListItem","position":1,"name":"Home","item":"https:\/\/tourcruiser.com\/fr\/"},{"@type":"ListItem","position":2,"name":"Shop","item":"https:\/\/tourcruiser.com\/fr\/shop\/"},{"@type":"ListItem","position":3,"name":"(Grade School) Air Jordan 1 Low &#8216;Pink Quilt&#8217; DB3621-600"}]},{"@type":"WebSite","@id":"\/#website","url":"\/","name":"Styloral Jewelry Shop","description":"Tourcruiser Sneaker Store \u2014 L\u2019endroit o\u00f9 l\u2019univers rencontre votre singularit\u00e9.","publisher":{"@id":"\/#organization"},"potentialAction":[{"@type":"SearchAction","target":{"@type":"EntryPoint","urlTemplate":"\/?s={search_term_string}"},"query-input":{"@type":"PropertyValueSpecification","valueRequired":true,"valueName":"search_term_string"}}],"inLanguage":"fr-FR"},{"@type":"Organization","@id":"\/#organization","name":"STYLORAL PTE. LTD","url":"\/","logo":{"@type":"ImageObject","inLanguage":"fr-FR","@id":"\/#\/schema\/logo\/image\/","url":"https:\/\/www.tourcruiser.com\/wp-content\/uploads\/2025\/12\/logo.png","contentUrl":"https:\/\/www.tourcruiser.com\/wp-content\/uploads\/2025\/12\/logo.png","width":200,"height":65,"caption":"STYLORAL PTE. LTD"},"image":{"@id":"\/#\/schema\/logo\/image\/"}}]}},"_links":{"self":[{"href":"https:\/\/tourcruiser.com\/fr\/wp-json\/wp\/v2\/product\/768113","targetHints":{"allow":["GET"]}}],"collection":[{"href":"https:\/\/tourcruiser.com\/fr\/wp-json\/wp\/v2\/product"}],"about":[{"href":"https:\/\/tourcruiser.com\/fr\/wp-json\/wp\/v2\/types\/product"}],"replies":[{"embeddable":true,"href":"https:\/\/tourcruiser.com\/fr\/wp-json\/wp\/v2\/comments?post=768113"}],"wp:featuredmedia":[{"embeddable":true,"href":"https:\/\/tourcruiser.com\/fr\/wp-json\/wp\/v2\/media\/768114"}],"wp:attachment":[{"href":"https:\/\/tourcruiser.com\/fr\/wp-json\/wp\/v2\/media?parent=768113"}],"wp:term":[{"taxonomy":"product_brand","embeddable":true,"href":"https:\/\/tourcruiser.com\/fr\/wp-json\/wp\/v2\/product_brand?post=768113"},{"taxonomy":"product_cat","embeddable":true,"href":"https:\/\/tourcruiser.com\/fr\/wp-json\/wp\/v2\/product_cat?post=768113"},{"taxonomy":"product_tag","embeddable":true,"href":"https:\/\/tourcruiser.com\/fr\/wp-json\/wp\/v2\/product_tag?post=768113"}],"curies":[{"name":"wp","href":"https:\/\/api.w.org\/{rel}","templated":true}]}}