{"id":768107,"date":"2026-04-16T17:12:59","date_gmt":"2026-04-16T10:12:59","guid":{"rendered":"http:\/\/tourcruiser.com\/product\/grade-school-air-jordan-11-retro-low-bred-528896-012"},"modified":"2026-04-17T23:00:51","modified_gmt":"2026-04-17T16:00:51","slug":"grade-school-air-jordan-11-retro-low-bred-528896-012","status":"publish","type":"product","link":"https:\/\/tourcruiser.com\/fr\/products\/grade-school-air-jordan-11-retro-low-bred-528896-012\/","title":{"rendered":"(Grade School) Air Jordan 11 Retro Low &lsquo;Bred&rsquo; 528896-012"},"content":{"rendered":"<p>Affirmez le style de votre enfant avec la l\u00e9gendaire Air Jordan 11 Retro Low \u00ab\u00a0Bred\u00a0\u00bb\u00a0! Inspir\u00e9e du coloris iconique \u00ab\u00a0Concord\u00a0\u00bb, cette sneaker arbore une empeigne noire \u00e9l\u00e9gante, rehauss\u00e9e de cuir verni et d&#8217;empi\u00e8cements en mesh respirant. Sa silhouette basse offre confort et flexibilit\u00e9, tandis que l&rsquo;amorti Air sur toute la longueur assure un maintien optimal. Le logo Jumpman embl\u00e9matique et le col en fibre de carbone signature compl\u00e8tent ce look classique. Parfaites pour les \u00e9coliers, ces chaussures allient style, confort et \u00e9l\u00e9gance intemporelle.<\/p>\n<p>Coloris\u00a0: Noir\/Rouge-Blanc<\/p>\n<p>R\u00e9f\u00e9rence\u00a0: 528896-012<br \/>\nSemelle interm\u00e9diaire\u00a0: Air<\/p>\n<p>Couleur\u00a0: Noir<\/p>\n<p>Cr\u00e9ateur\u00a0: Tinker Hatfield<\/p>\n<p>Saison\u00a0: Printemps<\/p>\n<p>Ann\u00e9e de sortie\u00a0: 2015<\/p>\n<p>\u00c2ge\u00a0: Adulte<\/p>\n<p>Couleur\u00a0: Rouge Gym\/Rose Mousse\/Brun Fonc\u00e9<\/p>\n<p>Genre\u00a0: Enfant<\/p>\n","protected":false},"excerpt":{"rendered":"<p>Affirmez le style de votre enfant avec la l\u00e9gendaire Air Jordan 11 Retro Low \u00ab\u00a0Bred\u00a0\u00bb\u00a0! Inspir\u00e9e du coloris iconique \u00ab\u00a0Concord\u00a0\u00bb, cette sneaker arbore une empeigne noire \u00e9l\u00e9gante, rehauss\u00e9e de cuir verni et d&#8217;empi\u00e8cements en mesh respirant. Sa silhouette basse offre confort et flexibilit\u00e9, tandis que l&rsquo;amorti Air sur toute la longueur assure un maintien optimal. [&hellip;]<\/p>\n","protected":false},"featured_media":768108,"comment_status":"open","ping_status":"closed","template":"","meta":[],"product_brand":[],"product_cat":[38880],"product_tag":[10800,38876,38874,10776,11349,38875,11129,38877],"class_list":{"0":"post-768107","1":"product","2":"type-product","3":"status-publish","4":"has-post-thumbnail","6":"product_cat-jordan","7":"product_tag-basketball-shoes","8":"product_tag-basketball-shoes-for-kids","9":"product_tag-hari-raya-gs","10":"product_tag-jordan","11":"product_tag-jordan-basketball-shoes","12":"product_tag-jordan-skateboard-shoes","13":"product_tag-lightweight-basketball-shoes","14":"product_tag-sports-shoes-for-kids","16":"first","17":"instock","18":"taxable","19":"shipping-taxable","20":"purchasable","21":"product-type-simple"},"wcpa_form_fields":null,"yoast_head":"<!-- This site is optimized with the Yoast SEO plugin v26.5 - https:\/\/yoast.com\/wordpress\/plugins\/seo\/ -->\n<title>(Grade School) Air Jordan 11 Retro Low &#039;Bred&#039; 528896-012 - TOURCRUISER PTE. LTD<\/title>\n<meta name=\"robots\" content=\"index, follow, max-snippet:-1, max-image-preview:large, max-video-preview:-1\" \/>\n<link rel=\"canonical\" href=\"https:\/\/tourcruiser.com\/fr\/products\/grade-school-air-jordan-11-retro-low-bred-528896-012\/\" \/>\n<meta property=\"og:locale\" content=\"fr_FR\" \/>\n<meta property=\"og:type\" content=\"article\" \/>\n<meta property=\"og:title\" content=\"(Grade School) Air Jordan 11 Retro Low &#039;Bred&#039; 528896-012 - TOURCRUISER PTE. LTD\" \/>\n<meta property=\"og:description\" content=\"Affirmez le style de votre enfant avec la l\u00e9gendaire Air Jordan 11 Retro Low \u00ab\u00a0Bred\u00a0\u00bb\u00a0! Inspir\u00e9e du coloris iconique \u00ab\u00a0Concord\u00a0\u00bb, cette sneaker arbore une empeigne noire \u00e9l\u00e9gante, rehauss\u00e9e de cuir verni et d&#8217;empi\u00e8cements en mesh respirant. Sa silhouette basse offre confort et flexibilit\u00e9, tandis que l&rsquo;amorti Air sur toute la longueur assure un maintien optimal. [&hellip;]\" \/>\n<meta property=\"og:url\" content=\"https:\/\/tourcruiser.com\/fr\/products\/grade-school-air-jordan-11-retro-low-bred-528896-012\/\" \/>\n<meta property=\"og:site_name\" content=\"Tourcruiser Sneaker Store\" \/>\n<meta property=\"article:modified_time\" content=\"2026-04-17T16:00:51+00:00\" \/>\n<meta name=\"twitter:card\" content=\"summary_large_image\" \/>\n<meta name=\"twitter:image\" content=\"https:\/\/images.novelship.com\/product\/air_jordan_11_retro_low__bred___gs__0_65674.jpeg;https:\/\/images.novelship.com\/product\/air_jordan_11_retro_low__bred___gs__1_65675.jpeg;https:\/\/images.novelship.com\/product\/air_jordan_11_retro_low__bred___gs__2_65675.jpeg;https:\/\/images.novelship.com\/product\/air_jordan_11_retro_low__bred___gs__3_65675.jpeg;https:\/\/images.novelship.com\/product\/air_jordan_11_retro_low__bred___gs__4_65675.jpeg\" \/>\n<meta name=\"twitter:label1\" content=\"Dur\u00e9e de lecture estim\u00e9e\" \/>\n\t<meta name=\"twitter:data1\" content=\"1 minute\" \/>\n<script type=\"application\/ld+json\" class=\"yoast-schema-graph\">{\"@context\":\"https:\/\/schema.org\",\"@graph\":[{\"@type\":\"WebPage\",\"@id\":\"https:\/\/tourcruiser.com\/fr\/products\/grade-school-air-jordan-11-retro-low-bred-528896-012\/\",\"url\":\"https:\/\/tourcruiser.com\/fr\/products\/grade-school-air-jordan-11-retro-low-bred-528896-012\/\",\"name\":\"(Grade School) Air Jordan 11 Retro Low 'Bred' 528896-012 - TOURCRUISER PTE. LTD\",\"isPartOf\":{\"@id\":\"\/#website\"},\"primaryImageOfPage\":{\"@id\":\"https:\/\/tourcruiser.com\/fr\/products\/grade-school-air-jordan-11-retro-low-bred-528896-012\/#primaryimage\"},\"image\":{\"@id\":\"https:\/\/tourcruiser.com\/fr\/products\/grade-school-air-jordan-11-retro-low-bred-528896-012\/#primaryimage\"},\"thumbnailUrl\":\"https:\/\/images.novelship.com\/product\/air_jordan_11_retro_low__bred___gs__0_65674.jpeg;https:\/\/images.novelship.com\/product\/air_jordan_11_retro_low__bred___gs__1_65675.jpeg;https:\/\/images.novelship.com\/product\/air_jordan_11_retro_low__bred___gs__2_65675.jpeg;https:\/\/images.novelship.com\/product\/air_jordan_11_retro_low__bred___gs__3_65675.jpeg;https:\/\/images.novelship.com\/product\/air_jordan_11_retro_low__bred___gs__4_65675.jpeg\",\"datePublished\":\"2026-04-16T10:12:59+00:00\",\"dateModified\":\"2026-04-17T16:00:51+00:00\",\"breadcrumb\":{\"@id\":\"https:\/\/tourcruiser.com\/fr\/products\/grade-school-air-jordan-11-retro-low-bred-528896-012\/#breadcrumb\"},\"inLanguage\":\"fr-FR\",\"potentialAction\":[{\"@type\":\"ReadAction\",\"target\":[\"https:\/\/tourcruiser.com\/fr\/products\/grade-school-air-jordan-11-retro-low-bred-528896-012\/\"]}]},{\"@type\":\"ImageObject\",\"inLanguage\":\"fr-FR\",\"@id\":\"https:\/\/tourcruiser.com\/fr\/products\/grade-school-air-jordan-11-retro-low-bred-528896-012\/#primaryimage\",\"url\":\"https:\/\/images.novelship.com\/product\/air_jordan_11_retro_low__bred___gs__0_65674.jpeg;https:\/\/images.novelship.com\/product\/air_jordan_11_retro_low__bred___gs__1_65675.jpeg;https:\/\/images.novelship.com\/product\/air_jordan_11_retro_low__bred___gs__2_65675.jpeg;https:\/\/images.novelship.com\/product\/air_jordan_11_retro_low__bred___gs__3_65675.jpeg;https:\/\/images.novelship.com\/product\/air_jordan_11_retro_low__bred___gs__4_65675.jpeg\",\"contentUrl\":\"https:\/\/images.novelship.com\/product\/air_jordan_11_retro_low__bred___gs__0_65674.jpeg;https:\/\/images.novelship.com\/product\/air_jordan_11_retro_low__bred___gs__1_65675.jpeg;https:\/\/images.novelship.com\/product\/air_jordan_11_retro_low__bred___gs__2_65675.jpeg;https:\/\/images.novelship.com\/product\/air_jordan_11_retro_low__bred___gs__3_65675.jpeg;https:\/\/images.novelship.com\/product\/air_jordan_11_retro_low__bred___gs__4_65675.jpeg\"},{\"@type\":\"BreadcrumbList\",\"@id\":\"https:\/\/tourcruiser.com\/fr\/products\/grade-school-air-jordan-11-retro-low-bred-528896-012\/#breadcrumb\",\"itemListElement\":[{\"@type\":\"ListItem\",\"position\":1,\"name\":\"Home\",\"item\":\"https:\/\/tourcruiser.com\/fr\/\"},{\"@type\":\"ListItem\",\"position\":2,\"name\":\"Shop\",\"item\":\"https:\/\/tourcruiser.com\/fr\/shop\/\"},{\"@type\":\"ListItem\",\"position\":3,\"name\":\"(Grade School) Air Jordan 11 Retro Low &#8216;Bred&#8217; 528896-012\"}]},{\"@type\":\"WebSite\",\"@id\":\"\/#website\",\"url\":\"\/\",\"name\":\"Styloral Jewelry Shop\",\"description\":\"Tourcruiser Sneaker Store \u2014 L\u2019endroit o\u00f9 l\u2019univers rencontre votre singularit\u00e9.\",\"publisher\":{\"@id\":\"\/#organization\"},\"potentialAction\":[{\"@type\":\"SearchAction\",\"target\":{\"@type\":\"EntryPoint\",\"urlTemplate\":\"\/?s={search_term_string}\"},\"query-input\":{\"@type\":\"PropertyValueSpecification\",\"valueRequired\":true,\"valueName\":\"search_term_string\"}}],\"inLanguage\":\"fr-FR\"},{\"@type\":\"Organization\",\"@id\":\"\/#organization\",\"name\":\"STYLORAL PTE. LTD\",\"url\":\"\/\",\"logo\":{\"@type\":\"ImageObject\",\"inLanguage\":\"fr-FR\",\"@id\":\"\/#\/schema\/logo\/image\/\",\"url\":\"https:\/\/www.tourcruiser.com\/wp-content\/uploads\/2025\/12\/logo.png\",\"contentUrl\":\"https:\/\/www.tourcruiser.com\/wp-content\/uploads\/2025\/12\/logo.png\",\"width\":200,\"height\":65,\"caption\":\"STYLORAL PTE. LTD\"},\"image\":{\"@id\":\"\/#\/schema\/logo\/image\/\"}}]}<\/script>\n<!-- \/ Yoast SEO plugin. -->","yoast_head_json":{"title":"(Grade School) Air Jordan 11 Retro Low 'Bred' 528896-012 - TOURCRUISER PTE. LTD","robots":{"index":"index","follow":"follow","max-snippet":"max-snippet:-1","max-image-preview":"max-image-preview:large","max-video-preview":"max-video-preview:-1"},"canonical":"https:\/\/tourcruiser.com\/fr\/products\/grade-school-air-jordan-11-retro-low-bred-528896-012\/","og_locale":"fr_FR","og_type":"article","og_title":"(Grade School) Air Jordan 11 Retro Low 'Bred' 528896-012 - TOURCRUISER PTE. LTD","og_description":"Affirmez le style de votre enfant avec la l\u00e9gendaire Air Jordan 11 Retro Low \u00ab\u00a0Bred\u00a0\u00bb\u00a0! Inspir\u00e9e du coloris iconique \u00ab\u00a0Concord\u00a0\u00bb, cette sneaker arbore une empeigne noire \u00e9l\u00e9gante, rehauss\u00e9e de cuir verni et d&#8217;empi\u00e8cements en mesh respirant. Sa silhouette basse offre confort et flexibilit\u00e9, tandis que l&rsquo;amorti Air sur toute la longueur assure un maintien optimal. [&hellip;]","og_url":"https:\/\/tourcruiser.com\/fr\/products\/grade-school-air-jordan-11-retro-low-bred-528896-012\/","og_site_name":"Tourcruiser Sneaker Store","article_modified_time":"2026-04-17T16:00:51+00:00","twitter_card":"summary_large_image","twitter_image":"https:\/\/images.novelship.com\/product\/air_jordan_11_retro_low__bred___gs__0_65674.jpeg;https:\/\/images.novelship.com\/product\/air_jordan_11_retro_low__bred___gs__1_65675.jpeg;https:\/\/images.novelship.com\/product\/air_jordan_11_retro_low__bred___gs__2_65675.jpeg;https:\/\/images.novelship.com\/product\/air_jordan_11_retro_low__bred___gs__3_65675.jpeg;https:\/\/images.novelship.com\/product\/air_jordan_11_retro_low__bred___gs__4_65675.jpeg","twitter_misc":{"Dur\u00e9e de lecture estim\u00e9e":"1 minute"},"schema":{"@context":"https:\/\/schema.org","@graph":[{"@type":"WebPage","@id":"https:\/\/tourcruiser.com\/fr\/products\/grade-school-air-jordan-11-retro-low-bred-528896-012\/","url":"https:\/\/tourcruiser.com\/fr\/products\/grade-school-air-jordan-11-retro-low-bred-528896-012\/","name":"(Grade School) Air Jordan 11 Retro Low 'Bred' 528896-012 - TOURCRUISER PTE. LTD","isPartOf":{"@id":"\/#website"},"primaryImageOfPage":{"@id":"https:\/\/tourcruiser.com\/fr\/products\/grade-school-air-jordan-11-retro-low-bred-528896-012\/#primaryimage"},"image":{"@id":"https:\/\/tourcruiser.com\/fr\/products\/grade-school-air-jordan-11-retro-low-bred-528896-012\/#primaryimage"},"thumbnailUrl":"https:\/\/images.novelship.com\/product\/air_jordan_11_retro_low__bred___gs__0_65674.jpeg;https:\/\/images.novelship.com\/product\/air_jordan_11_retro_low__bred___gs__1_65675.jpeg;https:\/\/images.novelship.com\/product\/air_jordan_11_retro_low__bred___gs__2_65675.jpeg;https:\/\/images.novelship.com\/product\/air_jordan_11_retro_low__bred___gs__3_65675.jpeg;https:\/\/images.novelship.com\/product\/air_jordan_11_retro_low__bred___gs__4_65675.jpeg","datePublished":"2026-04-16T10:12:59+00:00","dateModified":"2026-04-17T16:00:51+00:00","breadcrumb":{"@id":"https:\/\/tourcruiser.com\/fr\/products\/grade-school-air-jordan-11-retro-low-bred-528896-012\/#breadcrumb"},"inLanguage":"fr-FR","potentialAction":[{"@type":"ReadAction","target":["https:\/\/tourcruiser.com\/fr\/products\/grade-school-air-jordan-11-retro-low-bred-528896-012\/"]}]},{"@type":"ImageObject","inLanguage":"fr-FR","@id":"https:\/\/tourcruiser.com\/fr\/products\/grade-school-air-jordan-11-retro-low-bred-528896-012\/#primaryimage","url":"https:\/\/images.novelship.com\/product\/air_jordan_11_retro_low__bred___gs__0_65674.jpeg;https:\/\/images.novelship.com\/product\/air_jordan_11_retro_low__bred___gs__1_65675.jpeg;https:\/\/images.novelship.com\/product\/air_jordan_11_retro_low__bred___gs__2_65675.jpeg;https:\/\/images.novelship.com\/product\/air_jordan_11_retro_low__bred___gs__3_65675.jpeg;https:\/\/images.novelship.com\/product\/air_jordan_11_retro_low__bred___gs__4_65675.jpeg","contentUrl":"https:\/\/images.novelship.com\/product\/air_jordan_11_retro_low__bred___gs__0_65674.jpeg;https:\/\/images.novelship.com\/product\/air_jordan_11_retro_low__bred___gs__1_65675.jpeg;https:\/\/images.novelship.com\/product\/air_jordan_11_retro_low__bred___gs__2_65675.jpeg;https:\/\/images.novelship.com\/product\/air_jordan_11_retro_low__bred___gs__3_65675.jpeg;https:\/\/images.novelship.com\/product\/air_jordan_11_retro_low__bred___gs__4_65675.jpeg"},{"@type":"BreadcrumbList","@id":"https:\/\/tourcruiser.com\/fr\/products\/grade-school-air-jordan-11-retro-low-bred-528896-012\/#breadcrumb","itemListElement":[{"@type":"ListItem","position":1,"name":"Home","item":"https:\/\/tourcruiser.com\/fr\/"},{"@type":"ListItem","position":2,"name":"Shop","item":"https:\/\/tourcruiser.com\/fr\/shop\/"},{"@type":"ListItem","position":3,"name":"(Grade School) Air Jordan 11 Retro Low &#8216;Bred&#8217; 528896-012"}]},{"@type":"WebSite","@id":"\/#website","url":"\/","name":"Styloral Jewelry Shop","description":"Tourcruiser Sneaker Store \u2014 L\u2019endroit o\u00f9 l\u2019univers rencontre votre singularit\u00e9.","publisher":{"@id":"\/#organization"},"potentialAction":[{"@type":"SearchAction","target":{"@type":"EntryPoint","urlTemplate":"\/?s={search_term_string}"},"query-input":{"@type":"PropertyValueSpecification","valueRequired":true,"valueName":"search_term_string"}}],"inLanguage":"fr-FR"},{"@type":"Organization","@id":"\/#organization","name":"STYLORAL PTE. LTD","url":"\/","logo":{"@type":"ImageObject","inLanguage":"fr-FR","@id":"\/#\/schema\/logo\/image\/","url":"https:\/\/www.tourcruiser.com\/wp-content\/uploads\/2025\/12\/logo.png","contentUrl":"https:\/\/www.tourcruiser.com\/wp-content\/uploads\/2025\/12\/logo.png","width":200,"height":65,"caption":"STYLORAL PTE. LTD"},"image":{"@id":"\/#\/schema\/logo\/image\/"}}]}},"_links":{"self":[{"href":"https:\/\/tourcruiser.com\/fr\/wp-json\/wp\/v2\/product\/768107","targetHints":{"allow":["GET"]}}],"collection":[{"href":"https:\/\/tourcruiser.com\/fr\/wp-json\/wp\/v2\/product"}],"about":[{"href":"https:\/\/tourcruiser.com\/fr\/wp-json\/wp\/v2\/types\/product"}],"replies":[{"embeddable":true,"href":"https:\/\/tourcruiser.com\/fr\/wp-json\/wp\/v2\/comments?post=768107"}],"wp:featuredmedia":[{"embeddable":true,"href":"https:\/\/tourcruiser.com\/fr\/wp-json\/wp\/v2\/media\/768108"}],"wp:attachment":[{"href":"https:\/\/tourcruiser.com\/fr\/wp-json\/wp\/v2\/media?parent=768107"}],"wp:term":[{"taxonomy":"product_brand","embeddable":true,"href":"https:\/\/tourcruiser.com\/fr\/wp-json\/wp\/v2\/product_brand?post=768107"},{"taxonomy":"product_cat","embeddable":true,"href":"https:\/\/tourcruiser.com\/fr\/wp-json\/wp\/v2\/product_cat?post=768107"},{"taxonomy":"product_tag","embeddable":true,"href":"https:\/\/tourcruiser.com\/fr\/wp-json\/wp\/v2\/product_tag?post=768107"}],"curies":[{"name":"wp","href":"https:\/\/api.w.org\/{rel}","templated":true}]}}