{"id":767983,"date":"2026-04-16T17:12:55","date_gmt":"2026-04-16T10:12:55","guid":{"rendered":"http:\/\/tourcruiser.com\/product\/nike-zoomx-invincible-run-flyknit-3-wake-up-pack-fz4018-100"},"modified":"2026-04-17T23:00:43","modified_gmt":"2026-04-17T16:00:43","slug":"nike-zoomx-invincible-run-flyknit-3-wake-up-pack-fz4018-100","status":"publish","type":"product","link":"https:\/\/tourcruiser.com\/fr\/products\/nike-zoomx-invincible-run-flyknit-3-wake-up-pack-fz4018-100\/","title":{"rendered":"Nike ZoomX Invincible Run Flyknit 3 &lsquo;Wake Up Pack&rsquo; FZ4018-100"},"content":{"rendered":"<p>D\u00e9couvrez un confort optimal et des performances exceptionnelles avec le pack Nike ZoomX Invincible Run Flyknit 3 \u00ab\u00a0Wake Up\u00a0\u00bb. Gr\u00e2ce \u00e0 la technologie Flyknit de pointe et \u00e0 la mousse ZoomX r\u00e9active, ces chaussures offrent un amorti et une respirabilit\u00e9 in\u00e9gal\u00e9s. Le coloris \u00ab\u00a0Wake Up\u00a0\u00bb dynamique apporte une touche de dynamisme \u00e0 vos courses et vous inspire \u00e0 repousser vos limites. Que vous soyez un coureur confirm\u00e9 ou d\u00e9butant, la Nike ZoomX Invincible Run Flyknit 3 vous aide \u00e0 atteindre vos objectifs en toute simplicit\u00e9.<\/p>\n<p>Coloris\u00a0: Blanc\/Vert Pro\/Volt\/Noir\/Voile<br \/>\nCode article\u00a0: FZ4018-100<br \/>\nTige\u00a0: Flyknit<br \/>\nSemelle interm\u00e9diaire\u00a0: Zoom X<br \/>\nAnn\u00e9e de sortie\u00a0: 2024<\/p>\n<p>\u00c2ge\u00a0: Adulte<br \/>\nCouleur\u00a0: Noir\/Argent m\u00e9tallis\u00e9-Blanc-Volt-Bleu g\u00e9ode<br \/>\nGenre\u00a0: Homme<\/p>\n","protected":false},"excerpt":{"rendered":"<p>D\u00e9couvrez un confort optimal et des performances exceptionnelles avec le pack Nike ZoomX Invincible Run Flyknit 3 \u00ab\u00a0Wake Up\u00a0\u00bb. Gr\u00e2ce \u00e0 la technologie Flyknit de pointe et \u00e0 la mousse ZoomX r\u00e9active, ces chaussures offrent un amorti et une respirabilit\u00e9 in\u00e9gal\u00e9s. Le coloris \u00ab\u00a0Wake Up\u00a0\u00bb dynamique apporte une touche de dynamisme \u00e0 vos courses et [&hellip;]<\/p>\n","protected":false},"featured_media":767984,"comment_status":"open","ping_status":"closed","template":"","meta":[],"product_brand":[],"product_cat":[10803],"product_tag":[38861,38913,10839,10840,38866],"class_list":{"0":"post-767983","1":"product","2":"type-product","3":"status-publish","4":"has-post-thumbnail","6":"product_cat-nike","7":"product_tag-below-retail-price","8":"product_tag-gift-idea-for-him-nike-running-shoes-with-maximum-cushioning","9":"product_tag-performance-running-shoes","10":"product_tag-running-shoes","11":"product_tag-sports-shoes","12":"wcpa_has_options","14":"first","15":"instock","16":"taxable","17":"shipping-taxable","18":"purchasable","19":"product-type-simple"},"wcpa_form_fields":{"rules":{"pric_overide_base_price":false,"pric_overide_base_price_if_gt_zero":false,"pric_overide_base_price_fully":false,"pric_cal_option_once":false,"pric_use_as_fee":false,"bind_quantity":false,"quantity_bind_formula":false},"fields":[{"type":"color-group","required":true,"elementId":"wcpa-color-group-66c4a75505e74","label":"Taille","inline":true,"priceOptions":"different_for_all","pricingType":"fixed","className":"hassizechart product-shoes-size-eu product-shoes-size","name":"color-group-66c4a75505e89","disp_type":"square","selection_type":"tick-border","disp_size":"44","show_label_inside":true,"adjust_width":true,"cart_display_type":"text","other_text":"Other","cl_rule":"show","col":6,"values":[{"label":"35.5","value":"EU 35.5","price":"","pimage":"","pimage_id":"","pthumb":"","color":""},{"label":"36","value":"EU 36","price":"","pimage":"","pimage_id":"","pthumb":"","color":"","selected":true},{"label":"36.5","value":"EU 36.5","price":"","pimage":"","pimage_id":"","pthumb":"","color":""},{"label":"37.5","value":"EU 37.5","price":"","pimage":"","pimage_id":"","pthumb":"","color":""},{"label":"38","value":"EU 38","price":"","pimage":"","pimage_id":"","pthumb":"","color":""},{"label":"38.5","value":"EU 38.5","price":"","pimage":"","pimage_id":"","pthumb":"","color":""},{"label":"39","value":"EU 39","price":"","pimage":"","pimage_id":"","pthumb":"","color":""},{"label":"40","value":"EU 40","price":"","pimage":"","pimage_id":"","pthumb":"","color":""},{"label":"40.5","value":"EU 40.5","price":"","pimage":"","pimage_id":"","pthumb":"","color":""},{"label":"41","value":"EU 41","price":"","pimage":"","pimage_id":"","pthumb":"","color":""},{"label":"42","value":"EU 42","price":"","pimage":"","pimage_id":"","pthumb":"","color":""},{"label":"42.5","value":"EU 42.5","price":"","pimage":"","pimage_id":"","pthumb":"","color":""},{"label":"43","value":"EU 43","price":"","pimage":"","pimage_id":"","pthumb":"","color":""},{"label":"44","value":"EU 44","price":"","pimage":"","pimage_id":"","pthumb":"","color":""},{"label":"44.5","value":"EU 44.5","price":"","pimage":"","pimage_id":"","pthumb":"","color":""},{"label":"45","value":"EU 45","price":"","pimage":"","pimage_id":"","pthumb":"","color":""},{"label":"45.5","value":"EU 45.5","price":"","pimage":"","pimage_id":"","pthumb":"","color":""},{"label":"46","value":"EU 46","price":"","pimage":"","pimage_id":"","pthumb":"","color":""},{"label":"47","value":"EU 47","price":"","pimage":"","pimage_id":"","pthumb":"","color":""},{"label":"47.5","value":"EU 47.5","price":"","pimage":"","pimage_id":"","pthumb":"","color":""},{"label":"48","value":"EU 48","price":"","pimage":"","pimage_id":"","pthumb":"","color":""}],"relations":[{"operator":false,"rules":[]}],"form_id":18106,"form_rules":{"pric_cal_option_once":false,"exclude_from_discount":false,"pric_use_as_fee":false,"fee_label":"Fee","render_after_acb":false,"disp_hide_options_price":false}}]},"yoast_head":"<!-- This site is optimized with the Yoast SEO plugin v26.5 - https:\/\/yoast.com\/wordpress\/plugins\/seo\/ -->\n<title>Nike ZoomX Invincible Run Flyknit 3 &#039;Wake Up Pack&#039; FZ4018-100 - TOURCRUISER PTE. LTD<\/title>\n<meta name=\"robots\" content=\"index, follow, max-snippet:-1, max-image-preview:large, max-video-preview:-1\" \/>\n<link rel=\"canonical\" href=\"https:\/\/tourcruiser.com\/fr\/products\/nike-zoomx-invincible-run-flyknit-3-wake-up-pack-fz4018-100\/\" \/>\n<meta property=\"og:locale\" content=\"fr_FR\" \/>\n<meta property=\"og:type\" content=\"article\" \/>\n<meta property=\"og:title\" content=\"Nike ZoomX Invincible Run Flyknit 3 &#039;Wake Up Pack&#039; FZ4018-100 - TOURCRUISER PTE. LTD\" \/>\n<meta property=\"og:description\" content=\"D\u00e9couvrez un confort optimal et des performances exceptionnelles avec le pack Nike ZoomX Invincible Run Flyknit 3 \u00ab\u00a0Wake Up\u00a0\u00bb. Gr\u00e2ce \u00e0 la technologie Flyknit de pointe et \u00e0 la mousse ZoomX r\u00e9active, ces chaussures offrent un amorti et une respirabilit\u00e9 in\u00e9gal\u00e9s. Le coloris \u00ab\u00a0Wake Up\u00a0\u00bb dynamique apporte une touche de dynamisme \u00e0 vos courses et [&hellip;]\" \/>\n<meta property=\"og:url\" content=\"https:\/\/tourcruiser.com\/fr\/products\/nike-zoomx-invincible-run-flyknit-3-wake-up-pack-fz4018-100\/\" \/>\n<meta property=\"og:site_name\" content=\"Tourcruiser Sneaker Store\" \/>\n<meta property=\"article:modified_time\" content=\"2026-04-17T16:00:43+00:00\" \/>\n<meta name=\"twitter:card\" content=\"summary_large_image\" \/>\n<meta name=\"twitter:image\" content=\"https:\/\/images.novelship.com\/product\/nike_zoomx_invincible_run_flyknit_3__wake_up_pack__0_58675.jpeg;https:\/\/images.novelship.com\/product\/nike_zoomx_invincible_run_flyknit_3__wake_up_pack__1_58675.jpeg;https:\/\/images.novelship.com\/product\/nike_zoomx_invincible_run_flyknit_3__wake_up_pack__2_58675.jpeg;https:\/\/images.novelship.com\/product\/nike_zoomx_invincible_run_flyknit_3__wake_up_pack__3_58675.jpeg;https:\/\/images.novelship.com\/product\/nike_zoomx_invincible_run_flyknit_3__wake_up_pack__4_58675.jpeg;https:\/\/images.novelship.com\/product\/nike_zoomx_invincible_run_flyknit_3__wake_up_pack__5_58675.jpeg;https:\/\/images.novelship.com\/product\/nike_zoomx_invincible_run_flyknit_3__wake_up_pack__6_58675.jpeg;https:\/\/images.novelship.com\/product\/nike_zoomx_invincible_run_flyknit_3__wake_up_pack__7_58675.jpeg\" \/>\n<meta name=\"twitter:label1\" content=\"Dur\u00e9e de lecture estim\u00e9e\" \/>\n\t<meta name=\"twitter:data1\" content=\"1 minute\" \/>\n<script type=\"application\/ld+json\" class=\"yoast-schema-graph\">{\"@context\":\"https:\/\/schema.org\",\"@graph\":[{\"@type\":\"WebPage\",\"@id\":\"https:\/\/tourcruiser.com\/fr\/products\/nike-zoomx-invincible-run-flyknit-3-wake-up-pack-fz4018-100\/\",\"url\":\"https:\/\/tourcruiser.com\/fr\/products\/nike-zoomx-invincible-run-flyknit-3-wake-up-pack-fz4018-100\/\",\"name\":\"Nike ZoomX Invincible Run Flyknit 3 'Wake Up Pack' FZ4018-100 - TOURCRUISER PTE. LTD\",\"isPartOf\":{\"@id\":\"\/#website\"},\"primaryImageOfPage\":{\"@id\":\"https:\/\/tourcruiser.com\/fr\/products\/nike-zoomx-invincible-run-flyknit-3-wake-up-pack-fz4018-100\/#primaryimage\"},\"image\":{\"@id\":\"https:\/\/tourcruiser.com\/fr\/products\/nike-zoomx-invincible-run-flyknit-3-wake-up-pack-fz4018-100\/#primaryimage\"},\"thumbnailUrl\":\"https:\/\/images.novelship.com\/product\/nike_zoomx_invincible_run_flyknit_3__wake_up_pack__0_58675.jpeg;https:\/\/images.novelship.com\/product\/nike_zoomx_invincible_run_flyknit_3__wake_up_pack__1_58675.jpeg;https:\/\/images.novelship.com\/product\/nike_zoomx_invincible_run_flyknit_3__wake_up_pack__2_58675.jpeg;https:\/\/images.novelship.com\/product\/nike_zoomx_invincible_run_flyknit_3__wake_up_pack__3_58675.jpeg;https:\/\/images.novelship.com\/product\/nike_zoomx_invincible_run_flyknit_3__wake_up_pack__4_58675.jpeg;https:\/\/images.novelship.com\/product\/nike_zoomx_invincible_run_flyknit_3__wake_up_pack__5_58675.jpeg;https:\/\/images.novelship.com\/product\/nike_zoomx_invincible_run_flyknit_3__wake_up_pack__6_58675.jpeg;https:\/\/images.novelship.com\/product\/nike_zoomx_invincible_run_flyknit_3__wake_up_pack__7_58675.jpeg\",\"datePublished\":\"2026-04-16T10:12:55+00:00\",\"dateModified\":\"2026-04-17T16:00:43+00:00\",\"breadcrumb\":{\"@id\":\"https:\/\/tourcruiser.com\/fr\/products\/nike-zoomx-invincible-run-flyknit-3-wake-up-pack-fz4018-100\/#breadcrumb\"},\"inLanguage\":\"fr-FR\",\"potentialAction\":[{\"@type\":\"ReadAction\",\"target\":[\"https:\/\/tourcruiser.com\/fr\/products\/nike-zoomx-invincible-run-flyknit-3-wake-up-pack-fz4018-100\/\"]}]},{\"@type\":\"ImageObject\",\"inLanguage\":\"fr-FR\",\"@id\":\"https:\/\/tourcruiser.com\/fr\/products\/nike-zoomx-invincible-run-flyknit-3-wake-up-pack-fz4018-100\/#primaryimage\",\"url\":\"https:\/\/images.novelship.com\/product\/nike_zoomx_invincible_run_flyknit_3__wake_up_pack__0_58675.jpeg;https:\/\/images.novelship.com\/product\/nike_zoomx_invincible_run_flyknit_3__wake_up_pack__1_58675.jpeg;https:\/\/images.novelship.com\/product\/nike_zoomx_invincible_run_flyknit_3__wake_up_pack__2_58675.jpeg;https:\/\/images.novelship.com\/product\/nike_zoomx_invincible_run_flyknit_3__wake_up_pack__3_58675.jpeg;https:\/\/images.novelship.com\/product\/nike_zoomx_invincible_run_flyknit_3__wake_up_pack__4_58675.jpeg;https:\/\/images.novelship.com\/product\/nike_zoomx_invincible_run_flyknit_3__wake_up_pack__5_58675.jpeg;https:\/\/images.novelship.com\/product\/nike_zoomx_invincible_run_flyknit_3__wake_up_pack__6_58675.jpeg;https:\/\/images.novelship.com\/product\/nike_zoomx_invincible_run_flyknit_3__wake_up_pack__7_58675.jpeg\",\"contentUrl\":\"https:\/\/images.novelship.com\/product\/nike_zoomx_invincible_run_flyknit_3__wake_up_pack__0_58675.jpeg;https:\/\/images.novelship.com\/product\/nike_zoomx_invincible_run_flyknit_3__wake_up_pack__1_58675.jpeg;https:\/\/images.novelship.com\/product\/nike_zoomx_invincible_run_flyknit_3__wake_up_pack__2_58675.jpeg;https:\/\/images.novelship.com\/product\/nike_zoomx_invincible_run_flyknit_3__wake_up_pack__3_58675.jpeg;https:\/\/images.novelship.com\/product\/nike_zoomx_invincible_run_flyknit_3__wake_up_pack__4_58675.jpeg;https:\/\/images.novelship.com\/product\/nike_zoomx_invincible_run_flyknit_3__wake_up_pack__5_58675.jpeg;https:\/\/images.novelship.com\/product\/nike_zoomx_invincible_run_flyknit_3__wake_up_pack__6_58675.jpeg;https:\/\/images.novelship.com\/product\/nike_zoomx_invincible_run_flyknit_3__wake_up_pack__7_58675.jpeg\"},{\"@type\":\"BreadcrumbList\",\"@id\":\"https:\/\/tourcruiser.com\/fr\/products\/nike-zoomx-invincible-run-flyknit-3-wake-up-pack-fz4018-100\/#breadcrumb\",\"itemListElement\":[{\"@type\":\"ListItem\",\"position\":1,\"name\":\"Home\",\"item\":\"https:\/\/tourcruiser.com\/fr\/\"},{\"@type\":\"ListItem\",\"position\":2,\"name\":\"Shop\",\"item\":\"https:\/\/tourcruiser.com\/fr\/shop\/\"},{\"@type\":\"ListItem\",\"position\":3,\"name\":\"Nike ZoomX Invincible Run Flyknit 3 &#8216;Wake Up Pack&#8217; FZ4018-100\"}]},{\"@type\":\"WebSite\",\"@id\":\"\/#website\",\"url\":\"\/\",\"name\":\"Styloral Jewelry Shop\",\"description\":\"Tourcruiser Sneaker Store \u2014 L\u2019endroit o\u00f9 l\u2019univers rencontre votre singularit\u00e9.\",\"publisher\":{\"@id\":\"\/#organization\"},\"potentialAction\":[{\"@type\":\"SearchAction\",\"target\":{\"@type\":\"EntryPoint\",\"urlTemplate\":\"\/?s={search_term_string}\"},\"query-input\":{\"@type\":\"PropertyValueSpecification\",\"valueRequired\":true,\"valueName\":\"search_term_string\"}}],\"inLanguage\":\"fr-FR\"},{\"@type\":\"Organization\",\"@id\":\"\/#organization\",\"name\":\"STYLORAL PTE. LTD\",\"url\":\"\/\",\"logo\":{\"@type\":\"ImageObject\",\"inLanguage\":\"fr-FR\",\"@id\":\"\/#\/schema\/logo\/image\/\",\"url\":\"https:\/\/www.tourcruiser.com\/wp-content\/uploads\/2025\/12\/logo.png\",\"contentUrl\":\"https:\/\/www.tourcruiser.com\/wp-content\/uploads\/2025\/12\/logo.png\",\"width\":200,\"height\":65,\"caption\":\"STYLORAL PTE. LTD\"},\"image\":{\"@id\":\"\/#\/schema\/logo\/image\/\"}}]}<\/script>\n<!-- \/ Yoast SEO plugin. -->","yoast_head_json":{"title":"Nike ZoomX Invincible Run Flyknit 3 'Wake Up Pack' FZ4018-100 - TOURCRUISER PTE. LTD","robots":{"index":"index","follow":"follow","max-snippet":"max-snippet:-1","max-image-preview":"max-image-preview:large","max-video-preview":"max-video-preview:-1"},"canonical":"https:\/\/tourcruiser.com\/fr\/products\/nike-zoomx-invincible-run-flyknit-3-wake-up-pack-fz4018-100\/","og_locale":"fr_FR","og_type":"article","og_title":"Nike ZoomX Invincible Run Flyknit 3 'Wake Up Pack' FZ4018-100 - TOURCRUISER PTE. LTD","og_description":"D\u00e9couvrez un confort optimal et des performances exceptionnelles avec le pack Nike ZoomX Invincible Run Flyknit 3 \u00ab\u00a0Wake Up\u00a0\u00bb. Gr\u00e2ce \u00e0 la technologie Flyknit de pointe et \u00e0 la mousse ZoomX r\u00e9active, ces chaussures offrent un amorti et une respirabilit\u00e9 in\u00e9gal\u00e9s. Le coloris \u00ab\u00a0Wake Up\u00a0\u00bb dynamique apporte une touche de dynamisme \u00e0 vos courses et [&hellip;]","og_url":"https:\/\/tourcruiser.com\/fr\/products\/nike-zoomx-invincible-run-flyknit-3-wake-up-pack-fz4018-100\/","og_site_name":"Tourcruiser Sneaker Store","article_modified_time":"2026-04-17T16:00:43+00:00","twitter_card":"summary_large_image","twitter_image":"https:\/\/images.novelship.com\/product\/nike_zoomx_invincible_run_flyknit_3__wake_up_pack__0_58675.jpeg;https:\/\/images.novelship.com\/product\/nike_zoomx_invincible_run_flyknit_3__wake_up_pack__1_58675.jpeg;https:\/\/images.novelship.com\/product\/nike_zoomx_invincible_run_flyknit_3__wake_up_pack__2_58675.jpeg;https:\/\/images.novelship.com\/product\/nike_zoomx_invincible_run_flyknit_3__wake_up_pack__3_58675.jpeg;https:\/\/images.novelship.com\/product\/nike_zoomx_invincible_run_flyknit_3__wake_up_pack__4_58675.jpeg;https:\/\/images.novelship.com\/product\/nike_zoomx_invincible_run_flyknit_3__wake_up_pack__5_58675.jpeg;https:\/\/images.novelship.com\/product\/nike_zoomx_invincible_run_flyknit_3__wake_up_pack__6_58675.jpeg;https:\/\/images.novelship.com\/product\/nike_zoomx_invincible_run_flyknit_3__wake_up_pack__7_58675.jpeg","twitter_misc":{"Dur\u00e9e de lecture estim\u00e9e":"1 minute"},"schema":{"@context":"https:\/\/schema.org","@graph":[{"@type":"WebPage","@id":"https:\/\/tourcruiser.com\/fr\/products\/nike-zoomx-invincible-run-flyknit-3-wake-up-pack-fz4018-100\/","url":"https:\/\/tourcruiser.com\/fr\/products\/nike-zoomx-invincible-run-flyknit-3-wake-up-pack-fz4018-100\/","name":"Nike ZoomX Invincible Run Flyknit 3 'Wake Up Pack' FZ4018-100 - TOURCRUISER PTE. LTD","isPartOf":{"@id":"\/#website"},"primaryImageOfPage":{"@id":"https:\/\/tourcruiser.com\/fr\/products\/nike-zoomx-invincible-run-flyknit-3-wake-up-pack-fz4018-100\/#primaryimage"},"image":{"@id":"https:\/\/tourcruiser.com\/fr\/products\/nike-zoomx-invincible-run-flyknit-3-wake-up-pack-fz4018-100\/#primaryimage"},"thumbnailUrl":"https:\/\/images.novelship.com\/product\/nike_zoomx_invincible_run_flyknit_3__wake_up_pack__0_58675.jpeg;https:\/\/images.novelship.com\/product\/nike_zoomx_invincible_run_flyknit_3__wake_up_pack__1_58675.jpeg;https:\/\/images.novelship.com\/product\/nike_zoomx_invincible_run_flyknit_3__wake_up_pack__2_58675.jpeg;https:\/\/images.novelship.com\/product\/nike_zoomx_invincible_run_flyknit_3__wake_up_pack__3_58675.jpeg;https:\/\/images.novelship.com\/product\/nike_zoomx_invincible_run_flyknit_3__wake_up_pack__4_58675.jpeg;https:\/\/images.novelship.com\/product\/nike_zoomx_invincible_run_flyknit_3__wake_up_pack__5_58675.jpeg;https:\/\/images.novelship.com\/product\/nike_zoomx_invincible_run_flyknit_3__wake_up_pack__6_58675.jpeg;https:\/\/images.novelship.com\/product\/nike_zoomx_invincible_run_flyknit_3__wake_up_pack__7_58675.jpeg","datePublished":"2026-04-16T10:12:55+00:00","dateModified":"2026-04-17T16:00:43+00:00","breadcrumb":{"@id":"https:\/\/tourcruiser.com\/fr\/products\/nike-zoomx-invincible-run-flyknit-3-wake-up-pack-fz4018-100\/#breadcrumb"},"inLanguage":"fr-FR","potentialAction":[{"@type":"ReadAction","target":["https:\/\/tourcruiser.com\/fr\/products\/nike-zoomx-invincible-run-flyknit-3-wake-up-pack-fz4018-100\/"]}]},{"@type":"ImageObject","inLanguage":"fr-FR","@id":"https:\/\/tourcruiser.com\/fr\/products\/nike-zoomx-invincible-run-flyknit-3-wake-up-pack-fz4018-100\/#primaryimage","url":"https:\/\/images.novelship.com\/product\/nike_zoomx_invincible_run_flyknit_3__wake_up_pack__0_58675.jpeg;https:\/\/images.novelship.com\/product\/nike_zoomx_invincible_run_flyknit_3__wake_up_pack__1_58675.jpeg;https:\/\/images.novelship.com\/product\/nike_zoomx_invincible_run_flyknit_3__wake_up_pack__2_58675.jpeg;https:\/\/images.novelship.com\/product\/nike_zoomx_invincible_run_flyknit_3__wake_up_pack__3_58675.jpeg;https:\/\/images.novelship.com\/product\/nike_zoomx_invincible_run_flyknit_3__wake_up_pack__4_58675.jpeg;https:\/\/images.novelship.com\/product\/nike_zoomx_invincible_run_flyknit_3__wake_up_pack__5_58675.jpeg;https:\/\/images.novelship.com\/product\/nike_zoomx_invincible_run_flyknit_3__wake_up_pack__6_58675.jpeg;https:\/\/images.novelship.com\/product\/nike_zoomx_invincible_run_flyknit_3__wake_up_pack__7_58675.jpeg","contentUrl":"https:\/\/images.novelship.com\/product\/nike_zoomx_invincible_run_flyknit_3__wake_up_pack__0_58675.jpeg;https:\/\/images.novelship.com\/product\/nike_zoomx_invincible_run_flyknit_3__wake_up_pack__1_58675.jpeg;https:\/\/images.novelship.com\/product\/nike_zoomx_invincible_run_flyknit_3__wake_up_pack__2_58675.jpeg;https:\/\/images.novelship.com\/product\/nike_zoomx_invincible_run_flyknit_3__wake_up_pack__3_58675.jpeg;https:\/\/images.novelship.com\/product\/nike_zoomx_invincible_run_flyknit_3__wake_up_pack__4_58675.jpeg;https:\/\/images.novelship.com\/product\/nike_zoomx_invincible_run_flyknit_3__wake_up_pack__5_58675.jpeg;https:\/\/images.novelship.com\/product\/nike_zoomx_invincible_run_flyknit_3__wake_up_pack__6_58675.jpeg;https:\/\/images.novelship.com\/product\/nike_zoomx_invincible_run_flyknit_3__wake_up_pack__7_58675.jpeg"},{"@type":"BreadcrumbList","@id":"https:\/\/tourcruiser.com\/fr\/products\/nike-zoomx-invincible-run-flyknit-3-wake-up-pack-fz4018-100\/#breadcrumb","itemListElement":[{"@type":"ListItem","position":1,"name":"Home","item":"https:\/\/tourcruiser.com\/fr\/"},{"@type":"ListItem","position":2,"name":"Shop","item":"https:\/\/tourcruiser.com\/fr\/shop\/"},{"@type":"ListItem","position":3,"name":"Nike ZoomX Invincible Run Flyknit 3 &#8216;Wake Up Pack&#8217; FZ4018-100"}]},{"@type":"WebSite","@id":"\/#website","url":"\/","name":"Styloral Jewelry Shop","description":"Tourcruiser Sneaker Store \u2014 L\u2019endroit o\u00f9 l\u2019univers rencontre votre singularit\u00e9.","publisher":{"@id":"\/#organization"},"potentialAction":[{"@type":"SearchAction","target":{"@type":"EntryPoint","urlTemplate":"\/?s={search_term_string}"},"query-input":{"@type":"PropertyValueSpecification","valueRequired":true,"valueName":"search_term_string"}}],"inLanguage":"fr-FR"},{"@type":"Organization","@id":"\/#organization","name":"STYLORAL PTE. LTD","url":"\/","logo":{"@type":"ImageObject","inLanguage":"fr-FR","@id":"\/#\/schema\/logo\/image\/","url":"https:\/\/www.tourcruiser.com\/wp-content\/uploads\/2025\/12\/logo.png","contentUrl":"https:\/\/www.tourcruiser.com\/wp-content\/uploads\/2025\/12\/logo.png","width":200,"height":65,"caption":"STYLORAL PTE. LTD"},"image":{"@id":"\/#\/schema\/logo\/image\/"}}]}},"_links":{"self":[{"href":"https:\/\/tourcruiser.com\/fr\/wp-json\/wp\/v2\/product\/767983","targetHints":{"allow":["GET"]}}],"collection":[{"href":"https:\/\/tourcruiser.com\/fr\/wp-json\/wp\/v2\/product"}],"about":[{"href":"https:\/\/tourcruiser.com\/fr\/wp-json\/wp\/v2\/types\/product"}],"replies":[{"embeddable":true,"href":"https:\/\/tourcruiser.com\/fr\/wp-json\/wp\/v2\/comments?post=767983"}],"wp:featuredmedia":[{"embeddable":true,"href":"https:\/\/tourcruiser.com\/fr\/wp-json\/wp\/v2\/media\/767984"}],"wp:attachment":[{"href":"https:\/\/tourcruiser.com\/fr\/wp-json\/wp\/v2\/media?parent=767983"}],"wp:term":[{"taxonomy":"product_brand","embeddable":true,"href":"https:\/\/tourcruiser.com\/fr\/wp-json\/wp\/v2\/product_brand?post=767983"},{"taxonomy":"product_cat","embeddable":true,"href":"https:\/\/tourcruiser.com\/fr\/wp-json\/wp\/v2\/product_cat?post=767983"},{"taxonomy":"product_tag","embeddable":true,"href":"https:\/\/tourcruiser.com\/fr\/wp-json\/wp\/v2\/product_tag?post=767983"}],"curies":[{"name":"wp","href":"https:\/\/api.w.org\/{rel}","templated":true}]}}