{"id":767744,"date":"2026-04-16T17:12:46","date_gmt":"2026-04-16T10:12:46","guid":{"rendered":"http:\/\/tourcruiser.com\/product\/nike-zoomx-vaporfly-next-2-red-clay-ghost-green-dx3371-600"},"modified":"2026-04-17T23:00:21","modified_gmt":"2026-04-17T16:00:21","slug":"nike-zoomx-vaporfly-next-2-red-clay-ghost-green-dx3371-600","status":"publish","type":"product","link":"https:\/\/tourcruiser.com\/fr\/products\/nike-zoomx-vaporfly-next-2-red-clay-ghost-green-dx3371-600\/","title":{"rendered":"Nike ZoomX Vaporfly NEXT% 2 &lsquo;Red Clay Ghost Green&rsquo; DX3371-600"},"content":{"rendered":"<p>D\u00e9couvrez une vitesse in\u00e9gal\u00e9e avec la Nike ZoomX Vaporfly NEXT% 2 \u00ab\u00a0Red Clay Ghost Green\u00a0\u00bb\u00a0! Cette chaussure de running r\u00e9volutionnaire est dot\u00e9e d&rsquo;une mousse ZoomX r\u00e9active et d&rsquo;une plaque en fibre de carbone pour une acc\u00e9l\u00e9ration explosive. L&#8217;empeigne Vaporweave assure une respirabilit\u00e9 optimale, tandis que le col de talon repens\u00e9 r\u00e9duit la pression et am\u00e9liore le confort. Plongez dans le futur de la course \u00e0 pied avec ces chaussures innovantes, con\u00e7ues pour battre des records et repousser vos limites.<\/p>\n<p>Coloris\u00a0: Red Clay\/Ghost Green\/Phantom\/Game Royale<br \/>\nCode article\u00a0: DX3371-600<br \/>\nEmpeigne\u00a0: Mesh<br \/>\nSemelle interm\u00e9diaire\u00a0: ZoomX<br \/>\nCouleur\u00a0: Rouge<br \/>\nAnn\u00e9e de sortie\u00a0: 2022<\/p>\n<p>Couleur\u00a0: Rouge<br \/>\n\u00c2ge\u00a0: Adulte<br \/>\nCouleur\u00a0: Gris fum\u00e9\/Noir\/Gris fum\u00e9 fonc\u00e9\/Orange s\u00e9curit\u00e9<br \/>\nGenre\u00a0: Homme<\/p>\n","protected":false},"excerpt":{"rendered":"<p>D\u00e9couvrez une vitesse in\u00e9gal\u00e9e avec la Nike ZoomX Vaporfly NEXT% 2 \u00ab\u00a0Red Clay Ghost Green\u00a0\u00bb\u00a0! Cette chaussure de running r\u00e9volutionnaire est dot\u00e9e d&rsquo;une mousse ZoomX r\u00e9active et d&rsquo;une plaque en fibre de carbone pour une acc\u00e9l\u00e9ration explosive. L&#8217;empeigne Vaporweave assure une respirabilit\u00e9 optimale, tandis que le col de talon repens\u00e9 r\u00e9duit la pression et am\u00e9liore [&hellip;]<\/p>\n","protected":false},"featured_media":767745,"comment_status":"open","ping_status":"closed","template":"","meta":[],"product_brand":[],"product_cat":[10803],"product_tag":[38861,38842,39057,10801,10882,38846,10840,39056],"class_list":{"0":"post-767744","1":"product","2":"type-product","3":"status-publish","4":"has-post-thumbnail","6":"product_cat-nike","7":"product_tag-below-retail-price","8":"product_tag-gift-idea-for-him","9":"product_tag-marathon-long-distance-running-shoes","10":"product_tag-nike","11":"product_tag-nike-running-shoes","12":"product_tag-performance-sports-shoes","13":"product_tag-running-shoes","14":"product_tag-running-shoes-with-carbon-coating","15":"wcpa_has_options","17":"first","18":"instock","19":"taxable","20":"shipping-taxable","21":"purchasable","22":"product-type-simple"},"wcpa_form_fields":{"rules":{"pric_overide_base_price":false,"pric_overide_base_price_if_gt_zero":false,"pric_overide_base_price_fully":false,"pric_cal_option_once":false,"pric_use_as_fee":false,"bind_quantity":false,"quantity_bind_formula":false},"fields":[{"type":"color-group","required":true,"elementId":"wcpa-color-group-66c4a75505e74","label":"Taille","inline":true,"priceOptions":"different_for_all","pricingType":"fixed","className":"hassizechart product-shoes-size-eu product-shoes-size","name":"color-group-66c4a75505e89","disp_type":"square","selection_type":"tick-border","disp_size":"44","show_label_inside":true,"adjust_width":true,"cart_display_type":"text","other_text":"Other","cl_rule":"show","col":6,"values":[{"label":"35.5","value":"EU 35.5","price":"","pimage":"","pimage_id":"","pthumb":"","color":""},{"label":"36","value":"EU 36","price":"","pimage":"","pimage_id":"","pthumb":"","color":"","selected":true},{"label":"36.5","value":"EU 36.5","price":"","pimage":"","pimage_id":"","pthumb":"","color":""},{"label":"37.5","value":"EU 37.5","price":"","pimage":"","pimage_id":"","pthumb":"","color":""},{"label":"38","value":"EU 38","price":"","pimage":"","pimage_id":"","pthumb":"","color":""},{"label":"38.5","value":"EU 38.5","price":"","pimage":"","pimage_id":"","pthumb":"","color":""},{"label":"39","value":"EU 39","price":"","pimage":"","pimage_id":"","pthumb":"","color":""},{"label":"40","value":"EU 40","price":"","pimage":"","pimage_id":"","pthumb":"","color":""},{"label":"40.5","value":"EU 40.5","price":"","pimage":"","pimage_id":"","pthumb":"","color":""},{"label":"41","value":"EU 41","price":"","pimage":"","pimage_id":"","pthumb":"","color":""},{"label":"42","value":"EU 42","price":"","pimage":"","pimage_id":"","pthumb":"","color":""},{"label":"42.5","value":"EU 42.5","price":"","pimage":"","pimage_id":"","pthumb":"","color":""},{"label":"43","value":"EU 43","price":"","pimage":"","pimage_id":"","pthumb":"","color":""},{"label":"44","value":"EU 44","price":"","pimage":"","pimage_id":"","pthumb":"","color":""},{"label":"44.5","value":"EU 44.5","price":"","pimage":"","pimage_id":"","pthumb":"","color":""},{"label":"45","value":"EU 45","price":"","pimage":"","pimage_id":"","pthumb":"","color":""},{"label":"45.5","value":"EU 45.5","price":"","pimage":"","pimage_id":"","pthumb":"","color":""},{"label":"46","value":"EU 46","price":"","pimage":"","pimage_id":"","pthumb":"","color":""},{"label":"47","value":"EU 47","price":"","pimage":"","pimage_id":"","pthumb":"","color":""},{"label":"47.5","value":"EU 47.5","price":"","pimage":"","pimage_id":"","pthumb":"","color":""},{"label":"48","value":"EU 48","price":"","pimage":"","pimage_id":"","pthumb":"","color":""}],"relations":[{"operator":false,"rules":[]}],"form_id":18106,"form_rules":{"pric_cal_option_once":false,"exclude_from_discount":false,"pric_use_as_fee":false,"fee_label":"Fee","render_after_acb":false,"disp_hide_options_price":false}}]},"yoast_head":"<!-- This site is optimized with the Yoast SEO plugin v26.5 - https:\/\/yoast.com\/wordpress\/plugins\/seo\/ -->\n<title>Nike ZoomX Vaporfly NEXT% 2 &#039;Red Clay Ghost Green&#039; DX3371-600 - TOURCRUISER PTE. LTD<\/title>\n<meta name=\"robots\" content=\"index, follow, max-snippet:-1, max-image-preview:large, max-video-preview:-1\" \/>\n<link rel=\"canonical\" href=\"https:\/\/tourcruiser.com\/fr\/products\/nike-zoomx-vaporfly-next-2-red-clay-ghost-green-dx3371-600\/\" \/>\n<meta property=\"og:locale\" content=\"fr_FR\" \/>\n<meta property=\"og:type\" content=\"article\" \/>\n<meta property=\"og:title\" content=\"Nike ZoomX Vaporfly NEXT% 2 &#039;Red Clay Ghost Green&#039; DX3371-600 - TOURCRUISER PTE. LTD\" \/>\n<meta property=\"og:description\" content=\"D\u00e9couvrez une vitesse in\u00e9gal\u00e9e avec la Nike ZoomX Vaporfly NEXT% 2 \u00ab\u00a0Red Clay Ghost Green\u00a0\u00bb\u00a0! Cette chaussure de running r\u00e9volutionnaire est dot\u00e9e d&rsquo;une mousse ZoomX r\u00e9active et d&rsquo;une plaque en fibre de carbone pour une acc\u00e9l\u00e9ration explosive. L&#8217;empeigne Vaporweave assure une respirabilit\u00e9 optimale, tandis que le col de talon repens\u00e9 r\u00e9duit la pression et am\u00e9liore [&hellip;]\" \/>\n<meta property=\"og:url\" content=\"https:\/\/tourcruiser.com\/fr\/products\/nike-zoomx-vaporfly-next-2-red-clay-ghost-green-dx3371-600\/\" \/>\n<meta property=\"og:site_name\" content=\"Tourcruiser Sneaker Store\" \/>\n<meta property=\"article:modified_time\" content=\"2026-04-17T16:00:21+00:00\" \/>\n<meta name=\"twitter:card\" content=\"summary_large_image\" \/>\n<meta name=\"twitter:image\" content=\"https:\/\/images.novelship.com\/product\/nike_zoomx_vaporfly_next__2__red_clay_ghost_green__0_84597.jpeg;https:\/\/images.novelship.com\/product\/nike_zoomx_vaporfly_next__2__red_clay_ghost_green__1_84597.jpeg;https:\/\/images.novelship.com\/product\/nike_zoomx_vaporfly_next__2__red_clay_ghost_green__2_84597.jpeg;https:\/\/images.novelship.com\/product\/nike_zoomx_vaporfly_next__2__red_clay_ghost_green__3_84598.jpeg;https:\/\/images.novelship.com\/product\/nike_zoomx_vaporfly_next__2__red_clay_ghost_green__4_84598.jpeg;https:\/\/images.novelship.com\/product\/nike_zoomx_vaporfly_next__2__red_clay_ghost_green__5_84598.jpeg;https:\/\/images.novelship.com\/product\/nike_zoomx_vaporfly_next__2__red_clay_ghost_green__6_84598.jpeg;https:\/\/images.novelship.com\/product\/nike_zoomx_vaporfly_next__2__red_clay_ghost_green__7_84598.jpeg\" \/>\n<meta name=\"twitter:label1\" content=\"Dur\u00e9e de lecture estim\u00e9e\" \/>\n\t<meta name=\"twitter:data1\" content=\"1 minute\" \/>\n<script type=\"application\/ld+json\" class=\"yoast-schema-graph\">{\"@context\":\"https:\/\/schema.org\",\"@graph\":[{\"@type\":\"WebPage\",\"@id\":\"https:\/\/tourcruiser.com\/fr\/products\/nike-zoomx-vaporfly-next-2-red-clay-ghost-green-dx3371-600\/\",\"url\":\"https:\/\/tourcruiser.com\/fr\/products\/nike-zoomx-vaporfly-next-2-red-clay-ghost-green-dx3371-600\/\",\"name\":\"Nike ZoomX Vaporfly NEXT% 2 'Red Clay Ghost Green' DX3371-600 - TOURCRUISER PTE. LTD\",\"isPartOf\":{\"@id\":\"\/#website\"},\"primaryImageOfPage\":{\"@id\":\"https:\/\/tourcruiser.com\/fr\/products\/nike-zoomx-vaporfly-next-2-red-clay-ghost-green-dx3371-600\/#primaryimage\"},\"image\":{\"@id\":\"https:\/\/tourcruiser.com\/fr\/products\/nike-zoomx-vaporfly-next-2-red-clay-ghost-green-dx3371-600\/#primaryimage\"},\"thumbnailUrl\":\"https:\/\/images.novelship.com\/product\/nike_zoomx_vaporfly_next__2__red_clay_ghost_green__0_84597.jpeg;https:\/\/images.novelship.com\/product\/nike_zoomx_vaporfly_next__2__red_clay_ghost_green__1_84597.jpeg;https:\/\/images.novelship.com\/product\/nike_zoomx_vaporfly_next__2__red_clay_ghost_green__2_84597.jpeg;https:\/\/images.novelship.com\/product\/nike_zoomx_vaporfly_next__2__red_clay_ghost_green__3_84598.jpeg;https:\/\/images.novelship.com\/product\/nike_zoomx_vaporfly_next__2__red_clay_ghost_green__4_84598.jpeg;https:\/\/images.novelship.com\/product\/nike_zoomx_vaporfly_next__2__red_clay_ghost_green__5_84598.jpeg;https:\/\/images.novelship.com\/product\/nike_zoomx_vaporfly_next__2__red_clay_ghost_green__6_84598.jpeg;https:\/\/images.novelship.com\/product\/nike_zoomx_vaporfly_next__2__red_clay_ghost_green__7_84598.jpeg\",\"datePublished\":\"2026-04-16T10:12:46+00:00\",\"dateModified\":\"2026-04-17T16:00:21+00:00\",\"breadcrumb\":{\"@id\":\"https:\/\/tourcruiser.com\/fr\/products\/nike-zoomx-vaporfly-next-2-red-clay-ghost-green-dx3371-600\/#breadcrumb\"},\"inLanguage\":\"fr-FR\",\"potentialAction\":[{\"@type\":\"ReadAction\",\"target\":[\"https:\/\/tourcruiser.com\/fr\/products\/nike-zoomx-vaporfly-next-2-red-clay-ghost-green-dx3371-600\/\"]}]},{\"@type\":\"ImageObject\",\"inLanguage\":\"fr-FR\",\"@id\":\"https:\/\/tourcruiser.com\/fr\/products\/nike-zoomx-vaporfly-next-2-red-clay-ghost-green-dx3371-600\/#primaryimage\",\"url\":\"https:\/\/images.novelship.com\/product\/nike_zoomx_vaporfly_next__2__red_clay_ghost_green__0_84597.jpeg;https:\/\/images.novelship.com\/product\/nike_zoomx_vaporfly_next__2__red_clay_ghost_green__1_84597.jpeg;https:\/\/images.novelship.com\/product\/nike_zoomx_vaporfly_next__2__red_clay_ghost_green__2_84597.jpeg;https:\/\/images.novelship.com\/product\/nike_zoomx_vaporfly_next__2__red_clay_ghost_green__3_84598.jpeg;https:\/\/images.novelship.com\/product\/nike_zoomx_vaporfly_next__2__red_clay_ghost_green__4_84598.jpeg;https:\/\/images.novelship.com\/product\/nike_zoomx_vaporfly_next__2__red_clay_ghost_green__5_84598.jpeg;https:\/\/images.novelship.com\/product\/nike_zoomx_vaporfly_next__2__red_clay_ghost_green__6_84598.jpeg;https:\/\/images.novelship.com\/product\/nike_zoomx_vaporfly_next__2__red_clay_ghost_green__7_84598.jpeg\",\"contentUrl\":\"https:\/\/images.novelship.com\/product\/nike_zoomx_vaporfly_next__2__red_clay_ghost_green__0_84597.jpeg;https:\/\/images.novelship.com\/product\/nike_zoomx_vaporfly_next__2__red_clay_ghost_green__1_84597.jpeg;https:\/\/images.novelship.com\/product\/nike_zoomx_vaporfly_next__2__red_clay_ghost_green__2_84597.jpeg;https:\/\/images.novelship.com\/product\/nike_zoomx_vaporfly_next__2__red_clay_ghost_green__3_84598.jpeg;https:\/\/images.novelship.com\/product\/nike_zoomx_vaporfly_next__2__red_clay_ghost_green__4_84598.jpeg;https:\/\/images.novelship.com\/product\/nike_zoomx_vaporfly_next__2__red_clay_ghost_green__5_84598.jpeg;https:\/\/images.novelship.com\/product\/nike_zoomx_vaporfly_next__2__red_clay_ghost_green__6_84598.jpeg;https:\/\/images.novelship.com\/product\/nike_zoomx_vaporfly_next__2__red_clay_ghost_green__7_84598.jpeg\"},{\"@type\":\"BreadcrumbList\",\"@id\":\"https:\/\/tourcruiser.com\/fr\/products\/nike-zoomx-vaporfly-next-2-red-clay-ghost-green-dx3371-600\/#breadcrumb\",\"itemListElement\":[{\"@type\":\"ListItem\",\"position\":1,\"name\":\"Home\",\"item\":\"https:\/\/tourcruiser.com\/fr\/\"},{\"@type\":\"ListItem\",\"position\":2,\"name\":\"Shop\",\"item\":\"https:\/\/tourcruiser.com\/fr\/shop\/\"},{\"@type\":\"ListItem\",\"position\":3,\"name\":\"Nike ZoomX Vaporfly NEXT% 2 &#8216;Red Clay Ghost Green&#8217; DX3371-600\"}]},{\"@type\":\"WebSite\",\"@id\":\"\/#website\",\"url\":\"\/\",\"name\":\"Styloral Jewelry Shop\",\"description\":\"Tourcruiser Sneaker Store \u2014 L\u2019endroit o\u00f9 l\u2019univers rencontre votre singularit\u00e9.\",\"publisher\":{\"@id\":\"\/#organization\"},\"potentialAction\":[{\"@type\":\"SearchAction\",\"target\":{\"@type\":\"EntryPoint\",\"urlTemplate\":\"\/?s={search_term_string}\"},\"query-input\":{\"@type\":\"PropertyValueSpecification\",\"valueRequired\":true,\"valueName\":\"search_term_string\"}}],\"inLanguage\":\"fr-FR\"},{\"@type\":\"Organization\",\"@id\":\"\/#organization\",\"name\":\"STYLORAL PTE. LTD\",\"url\":\"\/\",\"logo\":{\"@type\":\"ImageObject\",\"inLanguage\":\"fr-FR\",\"@id\":\"\/#\/schema\/logo\/image\/\",\"url\":\"https:\/\/www.tourcruiser.com\/wp-content\/uploads\/2025\/12\/logo.png\",\"contentUrl\":\"https:\/\/www.tourcruiser.com\/wp-content\/uploads\/2025\/12\/logo.png\",\"width\":200,\"height\":65,\"caption\":\"STYLORAL PTE. LTD\"},\"image\":{\"@id\":\"\/#\/schema\/logo\/image\/\"}}]}<\/script>\n<!-- \/ Yoast SEO plugin. -->","yoast_head_json":{"title":"Nike ZoomX Vaporfly NEXT% 2 'Red Clay Ghost Green' DX3371-600 - TOURCRUISER PTE. LTD","robots":{"index":"index","follow":"follow","max-snippet":"max-snippet:-1","max-image-preview":"max-image-preview:large","max-video-preview":"max-video-preview:-1"},"canonical":"https:\/\/tourcruiser.com\/fr\/products\/nike-zoomx-vaporfly-next-2-red-clay-ghost-green-dx3371-600\/","og_locale":"fr_FR","og_type":"article","og_title":"Nike ZoomX Vaporfly NEXT% 2 'Red Clay Ghost Green' DX3371-600 - TOURCRUISER PTE. LTD","og_description":"D\u00e9couvrez une vitesse in\u00e9gal\u00e9e avec la Nike ZoomX Vaporfly NEXT% 2 \u00ab\u00a0Red Clay Ghost Green\u00a0\u00bb\u00a0! Cette chaussure de running r\u00e9volutionnaire est dot\u00e9e d&rsquo;une mousse ZoomX r\u00e9active et d&rsquo;une plaque en fibre de carbone pour une acc\u00e9l\u00e9ration explosive. L&#8217;empeigne Vaporweave assure une respirabilit\u00e9 optimale, tandis que le col de talon repens\u00e9 r\u00e9duit la pression et am\u00e9liore [&hellip;]","og_url":"https:\/\/tourcruiser.com\/fr\/products\/nike-zoomx-vaporfly-next-2-red-clay-ghost-green-dx3371-600\/","og_site_name":"Tourcruiser Sneaker Store","article_modified_time":"2026-04-17T16:00:21+00:00","twitter_card":"summary_large_image","twitter_image":"https:\/\/images.novelship.com\/product\/nike_zoomx_vaporfly_next__2__red_clay_ghost_green__0_84597.jpeg;https:\/\/images.novelship.com\/product\/nike_zoomx_vaporfly_next__2__red_clay_ghost_green__1_84597.jpeg;https:\/\/images.novelship.com\/product\/nike_zoomx_vaporfly_next__2__red_clay_ghost_green__2_84597.jpeg;https:\/\/images.novelship.com\/product\/nike_zoomx_vaporfly_next__2__red_clay_ghost_green__3_84598.jpeg;https:\/\/images.novelship.com\/product\/nike_zoomx_vaporfly_next__2__red_clay_ghost_green__4_84598.jpeg;https:\/\/images.novelship.com\/product\/nike_zoomx_vaporfly_next__2__red_clay_ghost_green__5_84598.jpeg;https:\/\/images.novelship.com\/product\/nike_zoomx_vaporfly_next__2__red_clay_ghost_green__6_84598.jpeg;https:\/\/images.novelship.com\/product\/nike_zoomx_vaporfly_next__2__red_clay_ghost_green__7_84598.jpeg","twitter_misc":{"Dur\u00e9e de lecture estim\u00e9e":"1 minute"},"schema":{"@context":"https:\/\/schema.org","@graph":[{"@type":"WebPage","@id":"https:\/\/tourcruiser.com\/fr\/products\/nike-zoomx-vaporfly-next-2-red-clay-ghost-green-dx3371-600\/","url":"https:\/\/tourcruiser.com\/fr\/products\/nike-zoomx-vaporfly-next-2-red-clay-ghost-green-dx3371-600\/","name":"Nike ZoomX Vaporfly NEXT% 2 'Red Clay Ghost Green' DX3371-600 - TOURCRUISER PTE. LTD","isPartOf":{"@id":"\/#website"},"primaryImageOfPage":{"@id":"https:\/\/tourcruiser.com\/fr\/products\/nike-zoomx-vaporfly-next-2-red-clay-ghost-green-dx3371-600\/#primaryimage"},"image":{"@id":"https:\/\/tourcruiser.com\/fr\/products\/nike-zoomx-vaporfly-next-2-red-clay-ghost-green-dx3371-600\/#primaryimage"},"thumbnailUrl":"https:\/\/images.novelship.com\/product\/nike_zoomx_vaporfly_next__2__red_clay_ghost_green__0_84597.jpeg;https:\/\/images.novelship.com\/product\/nike_zoomx_vaporfly_next__2__red_clay_ghost_green__1_84597.jpeg;https:\/\/images.novelship.com\/product\/nike_zoomx_vaporfly_next__2__red_clay_ghost_green__2_84597.jpeg;https:\/\/images.novelship.com\/product\/nike_zoomx_vaporfly_next__2__red_clay_ghost_green__3_84598.jpeg;https:\/\/images.novelship.com\/product\/nike_zoomx_vaporfly_next__2__red_clay_ghost_green__4_84598.jpeg;https:\/\/images.novelship.com\/product\/nike_zoomx_vaporfly_next__2__red_clay_ghost_green__5_84598.jpeg;https:\/\/images.novelship.com\/product\/nike_zoomx_vaporfly_next__2__red_clay_ghost_green__6_84598.jpeg;https:\/\/images.novelship.com\/product\/nike_zoomx_vaporfly_next__2__red_clay_ghost_green__7_84598.jpeg","datePublished":"2026-04-16T10:12:46+00:00","dateModified":"2026-04-17T16:00:21+00:00","breadcrumb":{"@id":"https:\/\/tourcruiser.com\/fr\/products\/nike-zoomx-vaporfly-next-2-red-clay-ghost-green-dx3371-600\/#breadcrumb"},"inLanguage":"fr-FR","potentialAction":[{"@type":"ReadAction","target":["https:\/\/tourcruiser.com\/fr\/products\/nike-zoomx-vaporfly-next-2-red-clay-ghost-green-dx3371-600\/"]}]},{"@type":"ImageObject","inLanguage":"fr-FR","@id":"https:\/\/tourcruiser.com\/fr\/products\/nike-zoomx-vaporfly-next-2-red-clay-ghost-green-dx3371-600\/#primaryimage","url":"https:\/\/images.novelship.com\/product\/nike_zoomx_vaporfly_next__2__red_clay_ghost_green__0_84597.jpeg;https:\/\/images.novelship.com\/product\/nike_zoomx_vaporfly_next__2__red_clay_ghost_green__1_84597.jpeg;https:\/\/images.novelship.com\/product\/nike_zoomx_vaporfly_next__2__red_clay_ghost_green__2_84597.jpeg;https:\/\/images.novelship.com\/product\/nike_zoomx_vaporfly_next__2__red_clay_ghost_green__3_84598.jpeg;https:\/\/images.novelship.com\/product\/nike_zoomx_vaporfly_next__2__red_clay_ghost_green__4_84598.jpeg;https:\/\/images.novelship.com\/product\/nike_zoomx_vaporfly_next__2__red_clay_ghost_green__5_84598.jpeg;https:\/\/images.novelship.com\/product\/nike_zoomx_vaporfly_next__2__red_clay_ghost_green__6_84598.jpeg;https:\/\/images.novelship.com\/product\/nike_zoomx_vaporfly_next__2__red_clay_ghost_green__7_84598.jpeg","contentUrl":"https:\/\/images.novelship.com\/product\/nike_zoomx_vaporfly_next__2__red_clay_ghost_green__0_84597.jpeg;https:\/\/images.novelship.com\/product\/nike_zoomx_vaporfly_next__2__red_clay_ghost_green__1_84597.jpeg;https:\/\/images.novelship.com\/product\/nike_zoomx_vaporfly_next__2__red_clay_ghost_green__2_84597.jpeg;https:\/\/images.novelship.com\/product\/nike_zoomx_vaporfly_next__2__red_clay_ghost_green__3_84598.jpeg;https:\/\/images.novelship.com\/product\/nike_zoomx_vaporfly_next__2__red_clay_ghost_green__4_84598.jpeg;https:\/\/images.novelship.com\/product\/nike_zoomx_vaporfly_next__2__red_clay_ghost_green__5_84598.jpeg;https:\/\/images.novelship.com\/product\/nike_zoomx_vaporfly_next__2__red_clay_ghost_green__6_84598.jpeg;https:\/\/images.novelship.com\/product\/nike_zoomx_vaporfly_next__2__red_clay_ghost_green__7_84598.jpeg"},{"@type":"BreadcrumbList","@id":"https:\/\/tourcruiser.com\/fr\/products\/nike-zoomx-vaporfly-next-2-red-clay-ghost-green-dx3371-600\/#breadcrumb","itemListElement":[{"@type":"ListItem","position":1,"name":"Home","item":"https:\/\/tourcruiser.com\/fr\/"},{"@type":"ListItem","position":2,"name":"Shop","item":"https:\/\/tourcruiser.com\/fr\/shop\/"},{"@type":"ListItem","position":3,"name":"Nike ZoomX Vaporfly NEXT% 2 &#8216;Red Clay Ghost Green&#8217; DX3371-600"}]},{"@type":"WebSite","@id":"\/#website","url":"\/","name":"Styloral Jewelry Shop","description":"Tourcruiser Sneaker Store \u2014 L\u2019endroit o\u00f9 l\u2019univers rencontre votre singularit\u00e9.","publisher":{"@id":"\/#organization"},"potentialAction":[{"@type":"SearchAction","target":{"@type":"EntryPoint","urlTemplate":"\/?s={search_term_string}"},"query-input":{"@type":"PropertyValueSpecification","valueRequired":true,"valueName":"search_term_string"}}],"inLanguage":"fr-FR"},{"@type":"Organization","@id":"\/#organization","name":"STYLORAL PTE. LTD","url":"\/","logo":{"@type":"ImageObject","inLanguage":"fr-FR","@id":"\/#\/schema\/logo\/image\/","url":"https:\/\/www.tourcruiser.com\/wp-content\/uploads\/2025\/12\/logo.png","contentUrl":"https:\/\/www.tourcruiser.com\/wp-content\/uploads\/2025\/12\/logo.png","width":200,"height":65,"caption":"STYLORAL PTE. LTD"},"image":{"@id":"\/#\/schema\/logo\/image\/"}}]}},"_links":{"self":[{"href":"https:\/\/tourcruiser.com\/fr\/wp-json\/wp\/v2\/product\/767744","targetHints":{"allow":["GET"]}}],"collection":[{"href":"https:\/\/tourcruiser.com\/fr\/wp-json\/wp\/v2\/product"}],"about":[{"href":"https:\/\/tourcruiser.com\/fr\/wp-json\/wp\/v2\/types\/product"}],"replies":[{"embeddable":true,"href":"https:\/\/tourcruiser.com\/fr\/wp-json\/wp\/v2\/comments?post=767744"}],"wp:featuredmedia":[{"embeddable":true,"href":"https:\/\/tourcruiser.com\/fr\/wp-json\/wp\/v2\/media\/767745"}],"wp:attachment":[{"href":"https:\/\/tourcruiser.com\/fr\/wp-json\/wp\/v2\/media?parent=767744"}],"wp:term":[{"taxonomy":"product_brand","embeddable":true,"href":"https:\/\/tourcruiser.com\/fr\/wp-json\/wp\/v2\/product_brand?post=767744"},{"taxonomy":"product_cat","embeddable":true,"href":"https:\/\/tourcruiser.com\/fr\/wp-json\/wp\/v2\/product_cat?post=767744"},{"taxonomy":"product_tag","embeddable":true,"href":"https:\/\/tourcruiser.com\/fr\/wp-json\/wp\/v2\/product_tag?post=767744"}],"curies":[{"name":"wp","href":"https:\/\/api.w.org\/{rel}","templated":true}]}}