{"id":767522,"date":"2026-04-16T17:12:39","date_gmt":"2026-04-16T10:12:39","guid":{"rendered":"http:\/\/tourcruiser.com\/product\/youth-nike-free-rn-50-black-pink-ar4143-002"},"modified":"2026-04-17T23:00:03","modified_gmt":"2026-04-17T16:00:03","slug":"youth-nike-free-rn-50-black-pink-ar4143-002","status":"publish","type":"product","link":"https:\/\/tourcruiser.com\/fr\/products\/youth-nike-free-rn-50-black-pink-ar4143-002\/","title":{"rendered":"(Youth) Nike Free RN 5.0 &lsquo;Black Pink&rsquo; AR4143-002"},"content":{"rendered":"<p>Boostez les performances sportives de votre enfant avec la Nike Free RN 5.0 \u00ab\u00a0Noir et Rose\u00a0\u00bb (AR4143-002) pour enfants et adolescents. Cette chaussure de running l\u00e9g\u00e8re offre un maximum de flexibilit\u00e9 et de confort, avec une empeigne noire \u00e9l\u00e9gante rehauss\u00e9e de touches de rose vif. La semelle interm\u00e9diaire en mousse r\u00e9active et les rainures de mouvement naturelles de la Free RN 5.0 procurent une sensation pieds nus, transformant chaque foul\u00e9e en une aventure. Les mat\u00e9riaux respirants garantissent un confort optimal tout au long de la journ\u00e9e, sur la piste comme sur le terrain de jeux. Lib\u00e9rez leur potentiel avec la Nike Free RN 5.0.<\/p>\n<p>Coloris\u00a0: Noir\/Argent m\u00e9tallis\u00e9<\/p>\n<p>R\u00e9f\u00e9rence\u00a0: AR4143-002<br \/>\nEmpeigne\u00a0: Mesh<br \/>\nSemelle interm\u00e9diaire\u00a0: Free<\/p>\n<p>Couleur\u00a0: Noir<\/p>\n<p>Saison\u00a0: Toutes saisons<\/p>\n<p>Ann\u00e9e de sortie\u00a0: 2019<\/p>\n<p>\u00c2ge\u00a0: Adultes<\/p>\n<p>Couleur\u00a0: Noir\/Anthracite\/Brun clair\/Gris fum\u00e9<\/p>\n<p>Genre\u00a0: Jeunes<\/p>\n","protected":false},"excerpt":{"rendered":"<p>Boostez les performances sportives de votre enfant avec la Nike Free RN 5.0 \u00ab\u00a0Noir et Rose\u00a0\u00bb (AR4143-002) pour enfants et adolescents. Cette chaussure de running l\u00e9g\u00e8re offre un maximum de flexibilit\u00e9 et de confort, avec une empeigne noire \u00e9l\u00e9gante rehauss\u00e9e de touches de rose vif. La semelle interm\u00e9diaire en mousse r\u00e9active et les rainures de [&hellip;]<\/p>\n","protected":false},"featured_media":767523,"comment_status":"open","ping_status":"closed","template":"","meta":[],"product_brand":[],"product_cat":[10803],"product_tag":[11053,10801,10882,10839,39051,39052],"class_list":{"0":"post-767522","1":"product","2":"type-product","3":"status-publish","4":"has-post-thumbnail","6":"product_cat-nike","7":"product_tag-lightweight-running-shoes","8":"product_tag-nike","9":"product_tag-nike-running-shoes","10":"product_tag-performance-running-shoes","11":"product_tag-running-shoes-for-children","12":"product_tag-sports-shoes-for-children","13":"wcpa_has_options","15":"first","16":"instock","17":"taxable","18":"shipping-taxable","19":"purchasable","20":"product-type-simple"},"wcpa_form_fields":{"rules":{"pric_overide_base_price":false,"pric_overide_base_price_if_gt_zero":false,"pric_overide_base_price_fully":false,"pric_cal_option_once":false,"pric_use_as_fee":false,"bind_quantity":false,"quantity_bind_formula":false},"fields":[{"type":"color-group","required":true,"elementId":"wcpa-color-group-66c4a75505e74","label":"Taille","inline":true,"priceOptions":"different_for_all","pricingType":"fixed","className":"hassizechart product-shoes-size-eu product-shoes-size","name":"color-group-66c4a75505e89","disp_type":"square","selection_type":"tick-border","disp_size":"44","show_label_inside":true,"adjust_width":true,"cart_display_type":"text","other_text":"Other","cl_rule":"show","col":6,"values":[{"label":"35.5","value":"EU 35.5","price":"","pimage":"","pimage_id":"","pthumb":"","color":""},{"label":"36","value":"EU 36","price":"","pimage":"","pimage_id":"","pthumb":"","color":"","selected":true},{"label":"36.5","value":"EU 36.5","price":"","pimage":"","pimage_id":"","pthumb":"","color":""},{"label":"37.5","value":"EU 37.5","price":"","pimage":"","pimage_id":"","pthumb":"","color":""},{"label":"38","value":"EU 38","price":"","pimage":"","pimage_id":"","pthumb":"","color":""},{"label":"38.5","value":"EU 38.5","price":"","pimage":"","pimage_id":"","pthumb":"","color":""},{"label":"39","value":"EU 39","price":"","pimage":"","pimage_id":"","pthumb":"","color":""},{"label":"40","value":"EU 40","price":"","pimage":"","pimage_id":"","pthumb":"","color":""},{"label":"40.5","value":"EU 40.5","price":"","pimage":"","pimage_id":"","pthumb":"","color":""},{"label":"41","value":"EU 41","price":"","pimage":"","pimage_id":"","pthumb":"","color":""},{"label":"42","value":"EU 42","price":"","pimage":"","pimage_id":"","pthumb":"","color":""},{"label":"42.5","value":"EU 42.5","price":"","pimage":"","pimage_id":"","pthumb":"","color":""},{"label":"43","value":"EU 43","price":"","pimage":"","pimage_id":"","pthumb":"","color":""},{"label":"44","value":"EU 44","price":"","pimage":"","pimage_id":"","pthumb":"","color":""},{"label":"44.5","value":"EU 44.5","price":"","pimage":"","pimage_id":"","pthumb":"","color":""},{"label":"45","value":"EU 45","price":"","pimage":"","pimage_id":"","pthumb":"","color":""},{"label":"45.5","value":"EU 45.5","price":"","pimage":"","pimage_id":"","pthumb":"","color":""},{"label":"46","value":"EU 46","price":"","pimage":"","pimage_id":"","pthumb":"","color":""},{"label":"47","value":"EU 47","price":"","pimage":"","pimage_id":"","pthumb":"","color":""},{"label":"47.5","value":"EU 47.5","price":"","pimage":"","pimage_id":"","pthumb":"","color":""},{"label":"48","value":"EU 48","price":"","pimage":"","pimage_id":"","pthumb":"","color":""}],"relations":[{"operator":false,"rules":[]}],"form_id":18106,"form_rules":{"pric_cal_option_once":false,"exclude_from_discount":false,"pric_use_as_fee":false,"fee_label":"Fee","render_after_acb":false,"disp_hide_options_price":false}}]},"yoast_head":"<!-- This site is optimized with the Yoast SEO plugin v26.5 - https:\/\/yoast.com\/wordpress\/plugins\/seo\/ -->\n<title>(Youth) Nike Free RN 5.0 &#039;Black Pink&#039; AR4143-002 - TOURCRUISER PTE. LTD<\/title>\n<meta name=\"robots\" content=\"index, follow, max-snippet:-1, max-image-preview:large, max-video-preview:-1\" \/>\n<link rel=\"canonical\" href=\"https:\/\/tourcruiser.com\/fr\/products\/youth-nike-free-rn-50-black-pink-ar4143-002\/\" \/>\n<meta property=\"og:locale\" content=\"fr_FR\" \/>\n<meta property=\"og:type\" content=\"article\" \/>\n<meta property=\"og:title\" content=\"(Youth) Nike Free RN 5.0 &#039;Black Pink&#039; AR4143-002 - TOURCRUISER PTE. LTD\" \/>\n<meta property=\"og:description\" content=\"Boostez les performances sportives de votre enfant avec la Nike Free RN 5.0 \u00ab\u00a0Noir et Rose\u00a0\u00bb (AR4143-002) pour enfants et adolescents. Cette chaussure de running l\u00e9g\u00e8re offre un maximum de flexibilit\u00e9 et de confort, avec une empeigne noire \u00e9l\u00e9gante rehauss\u00e9e de touches de rose vif. La semelle interm\u00e9diaire en mousse r\u00e9active et les rainures de [&hellip;]\" \/>\n<meta property=\"og:url\" content=\"https:\/\/tourcruiser.com\/fr\/products\/youth-nike-free-rn-50-black-pink-ar4143-002\/\" \/>\n<meta property=\"og:site_name\" content=\"Tourcruiser Sneaker Store\" \/>\n<meta property=\"article:modified_time\" content=\"2026-04-17T16:00:03+00:00\" \/>\n<meta name=\"twitter:card\" content=\"summary_large_image\" \/>\n<meta name=\"twitter:image\" content=\"https:\/\/images.novelship.com\/product\/_youth__nike_free_rn_5_0__black_pink__ar4143-002_0_78696.jpeg;https:\/\/images.novelship.com\/product\/_youth__nike_free_rn_5_0__black_pink__ar4143-002_1_78696.jpeg;https:\/\/images.novelship.com\/product\/_youth__nike_free_rn_5_0__black_pink__ar4143-002_2_78696.jpeg;https:\/\/images.novelship.com\/product\/_youth__nike_free_rn_5_0__black_pink__ar4143-002_3_78696.jpeg;https:\/\/images.novelship.com\/product\/_youth__nike_free_rn_5_0__black_pink__ar4143-002_4_78696.jpeg;https:\/\/images.novelship.com\/product\/_youth__nike_free_rn_5_0__black_pink__ar4143-002_5_78696.jpeg\" \/>\n<meta name=\"twitter:label1\" content=\"Dur\u00e9e de lecture estim\u00e9e\" \/>\n\t<meta name=\"twitter:data1\" content=\"1 minute\" \/>\n<script type=\"application\/ld+json\" class=\"yoast-schema-graph\">{\"@context\":\"https:\/\/schema.org\",\"@graph\":[{\"@type\":\"WebPage\",\"@id\":\"https:\/\/tourcruiser.com\/fr\/products\/youth-nike-free-rn-50-black-pink-ar4143-002\/\",\"url\":\"https:\/\/tourcruiser.com\/fr\/products\/youth-nike-free-rn-50-black-pink-ar4143-002\/\",\"name\":\"(Youth) Nike Free RN 5.0 'Black Pink' AR4143-002 - TOURCRUISER PTE. LTD\",\"isPartOf\":{\"@id\":\"\/#website\"},\"primaryImageOfPage\":{\"@id\":\"https:\/\/tourcruiser.com\/fr\/products\/youth-nike-free-rn-50-black-pink-ar4143-002\/#primaryimage\"},\"image\":{\"@id\":\"https:\/\/tourcruiser.com\/fr\/products\/youth-nike-free-rn-50-black-pink-ar4143-002\/#primaryimage\"},\"thumbnailUrl\":\"https:\/\/images.novelship.com\/product\/_youth__nike_free_rn_5_0__black_pink__ar4143-002_0_78696.jpeg;https:\/\/images.novelship.com\/product\/_youth__nike_free_rn_5_0__black_pink__ar4143-002_1_78696.jpeg;https:\/\/images.novelship.com\/product\/_youth__nike_free_rn_5_0__black_pink__ar4143-002_2_78696.jpeg;https:\/\/images.novelship.com\/product\/_youth__nike_free_rn_5_0__black_pink__ar4143-002_3_78696.jpeg;https:\/\/images.novelship.com\/product\/_youth__nike_free_rn_5_0__black_pink__ar4143-002_4_78696.jpeg;https:\/\/images.novelship.com\/product\/_youth__nike_free_rn_5_0__black_pink__ar4143-002_5_78696.jpeg\",\"datePublished\":\"2026-04-16T10:12:39+00:00\",\"dateModified\":\"2026-04-17T16:00:03+00:00\",\"breadcrumb\":{\"@id\":\"https:\/\/tourcruiser.com\/fr\/products\/youth-nike-free-rn-50-black-pink-ar4143-002\/#breadcrumb\"},\"inLanguage\":\"fr-FR\",\"potentialAction\":[{\"@type\":\"ReadAction\",\"target\":[\"https:\/\/tourcruiser.com\/fr\/products\/youth-nike-free-rn-50-black-pink-ar4143-002\/\"]}]},{\"@type\":\"ImageObject\",\"inLanguage\":\"fr-FR\",\"@id\":\"https:\/\/tourcruiser.com\/fr\/products\/youth-nike-free-rn-50-black-pink-ar4143-002\/#primaryimage\",\"url\":\"https:\/\/images.novelship.com\/product\/_youth__nike_free_rn_5_0__black_pink__ar4143-002_0_78696.jpeg;https:\/\/images.novelship.com\/product\/_youth__nike_free_rn_5_0__black_pink__ar4143-002_1_78696.jpeg;https:\/\/images.novelship.com\/product\/_youth__nike_free_rn_5_0__black_pink__ar4143-002_2_78696.jpeg;https:\/\/images.novelship.com\/product\/_youth__nike_free_rn_5_0__black_pink__ar4143-002_3_78696.jpeg;https:\/\/images.novelship.com\/product\/_youth__nike_free_rn_5_0__black_pink__ar4143-002_4_78696.jpeg;https:\/\/images.novelship.com\/product\/_youth__nike_free_rn_5_0__black_pink__ar4143-002_5_78696.jpeg\",\"contentUrl\":\"https:\/\/images.novelship.com\/product\/_youth__nike_free_rn_5_0__black_pink__ar4143-002_0_78696.jpeg;https:\/\/images.novelship.com\/product\/_youth__nike_free_rn_5_0__black_pink__ar4143-002_1_78696.jpeg;https:\/\/images.novelship.com\/product\/_youth__nike_free_rn_5_0__black_pink__ar4143-002_2_78696.jpeg;https:\/\/images.novelship.com\/product\/_youth__nike_free_rn_5_0__black_pink__ar4143-002_3_78696.jpeg;https:\/\/images.novelship.com\/product\/_youth__nike_free_rn_5_0__black_pink__ar4143-002_4_78696.jpeg;https:\/\/images.novelship.com\/product\/_youth__nike_free_rn_5_0__black_pink__ar4143-002_5_78696.jpeg\"},{\"@type\":\"BreadcrumbList\",\"@id\":\"https:\/\/tourcruiser.com\/fr\/products\/youth-nike-free-rn-50-black-pink-ar4143-002\/#breadcrumb\",\"itemListElement\":[{\"@type\":\"ListItem\",\"position\":1,\"name\":\"Home\",\"item\":\"https:\/\/tourcruiser.com\/fr\/\"},{\"@type\":\"ListItem\",\"position\":2,\"name\":\"Shop\",\"item\":\"https:\/\/tourcruiser.com\/fr\/shop\/\"},{\"@type\":\"ListItem\",\"position\":3,\"name\":\"(Youth) Nike Free RN 5.0 &#8216;Black Pink&#8217; AR4143-002\"}]},{\"@type\":\"WebSite\",\"@id\":\"\/#website\",\"url\":\"\/\",\"name\":\"Styloral Jewelry Shop\",\"description\":\"Tourcruiser Sneaker Store \u2014 L\u2019endroit o\u00f9 l\u2019univers rencontre votre singularit\u00e9.\",\"publisher\":{\"@id\":\"\/#organization\"},\"potentialAction\":[{\"@type\":\"SearchAction\",\"target\":{\"@type\":\"EntryPoint\",\"urlTemplate\":\"\/?s={search_term_string}\"},\"query-input\":{\"@type\":\"PropertyValueSpecification\",\"valueRequired\":true,\"valueName\":\"search_term_string\"}}],\"inLanguage\":\"fr-FR\"},{\"@type\":\"Organization\",\"@id\":\"\/#organization\",\"name\":\"STYLORAL PTE. LTD\",\"url\":\"\/\",\"logo\":{\"@type\":\"ImageObject\",\"inLanguage\":\"fr-FR\",\"@id\":\"\/#\/schema\/logo\/image\/\",\"url\":\"https:\/\/www.tourcruiser.com\/wp-content\/uploads\/2025\/12\/logo.png\",\"contentUrl\":\"https:\/\/www.tourcruiser.com\/wp-content\/uploads\/2025\/12\/logo.png\",\"width\":200,\"height\":65,\"caption\":\"STYLORAL PTE. LTD\"},\"image\":{\"@id\":\"\/#\/schema\/logo\/image\/\"}}]}<\/script>\n<!-- \/ Yoast SEO plugin. -->","yoast_head_json":{"title":"(Youth) Nike Free RN 5.0 'Black Pink' AR4143-002 - TOURCRUISER PTE. LTD","robots":{"index":"index","follow":"follow","max-snippet":"max-snippet:-1","max-image-preview":"max-image-preview:large","max-video-preview":"max-video-preview:-1"},"canonical":"https:\/\/tourcruiser.com\/fr\/products\/youth-nike-free-rn-50-black-pink-ar4143-002\/","og_locale":"fr_FR","og_type":"article","og_title":"(Youth) Nike Free RN 5.0 'Black Pink' AR4143-002 - TOURCRUISER PTE. LTD","og_description":"Boostez les performances sportives de votre enfant avec la Nike Free RN 5.0 \u00ab\u00a0Noir et Rose\u00a0\u00bb (AR4143-002) pour enfants et adolescents. Cette chaussure de running l\u00e9g\u00e8re offre un maximum de flexibilit\u00e9 et de confort, avec une empeigne noire \u00e9l\u00e9gante rehauss\u00e9e de touches de rose vif. La semelle interm\u00e9diaire en mousse r\u00e9active et les rainures de [&hellip;]","og_url":"https:\/\/tourcruiser.com\/fr\/products\/youth-nike-free-rn-50-black-pink-ar4143-002\/","og_site_name":"Tourcruiser Sneaker Store","article_modified_time":"2026-04-17T16:00:03+00:00","twitter_card":"summary_large_image","twitter_image":"https:\/\/images.novelship.com\/product\/_youth__nike_free_rn_5_0__black_pink__ar4143-002_0_78696.jpeg;https:\/\/images.novelship.com\/product\/_youth__nike_free_rn_5_0__black_pink__ar4143-002_1_78696.jpeg;https:\/\/images.novelship.com\/product\/_youth__nike_free_rn_5_0__black_pink__ar4143-002_2_78696.jpeg;https:\/\/images.novelship.com\/product\/_youth__nike_free_rn_5_0__black_pink__ar4143-002_3_78696.jpeg;https:\/\/images.novelship.com\/product\/_youth__nike_free_rn_5_0__black_pink__ar4143-002_4_78696.jpeg;https:\/\/images.novelship.com\/product\/_youth__nike_free_rn_5_0__black_pink__ar4143-002_5_78696.jpeg","twitter_misc":{"Dur\u00e9e de lecture estim\u00e9e":"1 minute"},"schema":{"@context":"https:\/\/schema.org","@graph":[{"@type":"WebPage","@id":"https:\/\/tourcruiser.com\/fr\/products\/youth-nike-free-rn-50-black-pink-ar4143-002\/","url":"https:\/\/tourcruiser.com\/fr\/products\/youth-nike-free-rn-50-black-pink-ar4143-002\/","name":"(Youth) Nike Free RN 5.0 'Black Pink' AR4143-002 - TOURCRUISER PTE. LTD","isPartOf":{"@id":"\/#website"},"primaryImageOfPage":{"@id":"https:\/\/tourcruiser.com\/fr\/products\/youth-nike-free-rn-50-black-pink-ar4143-002\/#primaryimage"},"image":{"@id":"https:\/\/tourcruiser.com\/fr\/products\/youth-nike-free-rn-50-black-pink-ar4143-002\/#primaryimage"},"thumbnailUrl":"https:\/\/images.novelship.com\/product\/_youth__nike_free_rn_5_0__black_pink__ar4143-002_0_78696.jpeg;https:\/\/images.novelship.com\/product\/_youth__nike_free_rn_5_0__black_pink__ar4143-002_1_78696.jpeg;https:\/\/images.novelship.com\/product\/_youth__nike_free_rn_5_0__black_pink__ar4143-002_2_78696.jpeg;https:\/\/images.novelship.com\/product\/_youth__nike_free_rn_5_0__black_pink__ar4143-002_3_78696.jpeg;https:\/\/images.novelship.com\/product\/_youth__nike_free_rn_5_0__black_pink__ar4143-002_4_78696.jpeg;https:\/\/images.novelship.com\/product\/_youth__nike_free_rn_5_0__black_pink__ar4143-002_5_78696.jpeg","datePublished":"2026-04-16T10:12:39+00:00","dateModified":"2026-04-17T16:00:03+00:00","breadcrumb":{"@id":"https:\/\/tourcruiser.com\/fr\/products\/youth-nike-free-rn-50-black-pink-ar4143-002\/#breadcrumb"},"inLanguage":"fr-FR","potentialAction":[{"@type":"ReadAction","target":["https:\/\/tourcruiser.com\/fr\/products\/youth-nike-free-rn-50-black-pink-ar4143-002\/"]}]},{"@type":"ImageObject","inLanguage":"fr-FR","@id":"https:\/\/tourcruiser.com\/fr\/products\/youth-nike-free-rn-50-black-pink-ar4143-002\/#primaryimage","url":"https:\/\/images.novelship.com\/product\/_youth__nike_free_rn_5_0__black_pink__ar4143-002_0_78696.jpeg;https:\/\/images.novelship.com\/product\/_youth__nike_free_rn_5_0__black_pink__ar4143-002_1_78696.jpeg;https:\/\/images.novelship.com\/product\/_youth__nike_free_rn_5_0__black_pink__ar4143-002_2_78696.jpeg;https:\/\/images.novelship.com\/product\/_youth__nike_free_rn_5_0__black_pink__ar4143-002_3_78696.jpeg;https:\/\/images.novelship.com\/product\/_youth__nike_free_rn_5_0__black_pink__ar4143-002_4_78696.jpeg;https:\/\/images.novelship.com\/product\/_youth__nike_free_rn_5_0__black_pink__ar4143-002_5_78696.jpeg","contentUrl":"https:\/\/images.novelship.com\/product\/_youth__nike_free_rn_5_0__black_pink__ar4143-002_0_78696.jpeg;https:\/\/images.novelship.com\/product\/_youth__nike_free_rn_5_0__black_pink__ar4143-002_1_78696.jpeg;https:\/\/images.novelship.com\/product\/_youth__nike_free_rn_5_0__black_pink__ar4143-002_2_78696.jpeg;https:\/\/images.novelship.com\/product\/_youth__nike_free_rn_5_0__black_pink__ar4143-002_3_78696.jpeg;https:\/\/images.novelship.com\/product\/_youth__nike_free_rn_5_0__black_pink__ar4143-002_4_78696.jpeg;https:\/\/images.novelship.com\/product\/_youth__nike_free_rn_5_0__black_pink__ar4143-002_5_78696.jpeg"},{"@type":"BreadcrumbList","@id":"https:\/\/tourcruiser.com\/fr\/products\/youth-nike-free-rn-50-black-pink-ar4143-002\/#breadcrumb","itemListElement":[{"@type":"ListItem","position":1,"name":"Home","item":"https:\/\/tourcruiser.com\/fr\/"},{"@type":"ListItem","position":2,"name":"Shop","item":"https:\/\/tourcruiser.com\/fr\/shop\/"},{"@type":"ListItem","position":3,"name":"(Youth) Nike Free RN 5.0 &#8216;Black Pink&#8217; AR4143-002"}]},{"@type":"WebSite","@id":"\/#website","url":"\/","name":"Styloral Jewelry Shop","description":"Tourcruiser Sneaker Store \u2014 L\u2019endroit o\u00f9 l\u2019univers rencontre votre singularit\u00e9.","publisher":{"@id":"\/#organization"},"potentialAction":[{"@type":"SearchAction","target":{"@type":"EntryPoint","urlTemplate":"\/?s={search_term_string}"},"query-input":{"@type":"PropertyValueSpecification","valueRequired":true,"valueName":"search_term_string"}}],"inLanguage":"fr-FR"},{"@type":"Organization","@id":"\/#organization","name":"STYLORAL PTE. LTD","url":"\/","logo":{"@type":"ImageObject","inLanguage":"fr-FR","@id":"\/#\/schema\/logo\/image\/","url":"https:\/\/www.tourcruiser.com\/wp-content\/uploads\/2025\/12\/logo.png","contentUrl":"https:\/\/www.tourcruiser.com\/wp-content\/uploads\/2025\/12\/logo.png","width":200,"height":65,"caption":"STYLORAL PTE. LTD"},"image":{"@id":"\/#\/schema\/logo\/image\/"}}]}},"_links":{"self":[{"href":"https:\/\/tourcruiser.com\/fr\/wp-json\/wp\/v2\/product\/767522","targetHints":{"allow":["GET"]}}],"collection":[{"href":"https:\/\/tourcruiser.com\/fr\/wp-json\/wp\/v2\/product"}],"about":[{"href":"https:\/\/tourcruiser.com\/fr\/wp-json\/wp\/v2\/types\/product"}],"replies":[{"embeddable":true,"href":"https:\/\/tourcruiser.com\/fr\/wp-json\/wp\/v2\/comments?post=767522"}],"wp:featuredmedia":[{"embeddable":true,"href":"https:\/\/tourcruiser.com\/fr\/wp-json\/wp\/v2\/media\/767523"}],"wp:attachment":[{"href":"https:\/\/tourcruiser.com\/fr\/wp-json\/wp\/v2\/media?parent=767522"}],"wp:term":[{"taxonomy":"product_brand","embeddable":true,"href":"https:\/\/tourcruiser.com\/fr\/wp-json\/wp\/v2\/product_brand?post=767522"},{"taxonomy":"product_cat","embeddable":true,"href":"https:\/\/tourcruiser.com\/fr\/wp-json\/wp\/v2\/product_cat?post=767522"},{"taxonomy":"product_tag","embeddable":true,"href":"https:\/\/tourcruiser.com\/fr\/wp-json\/wp\/v2\/product_tag?post=767522"}],"curies":[{"name":"wp","href":"https:\/\/api.w.org\/{rel}","templated":true}]}}