{"id":767513,"date":"2026-04-16T17:12:39","date_gmt":"2026-04-16T10:12:39","guid":{"rendered":"http:\/\/tourcruiser.com\/product\/grade-school-air-jordan-4-retro-military-black-408452-111"},"modified":"2026-04-17T21:55:39","modified_gmt":"2026-04-17T14:55:39","slug":"grade-school-air-jordan-4-retro-military-black-408452-111","status":"publish","type":"product","link":"https:\/\/tourcruiser.com\/fr\/products\/grade-school-air-jordan-4-retro-military-black-408452-111\/","title":{"rendered":"(Grade School) Air Jordan 4 Retro &lsquo;Military Black&rsquo; 408452-111"},"content":{"rendered":"<p>Les sneakers Air Jordan 4 Retro Military Black (GS) de Jordan sont un incontournable pour les fans de sneakers. Ces chaussures styl\u00e9es s\u00e9duisent par leur design noir classique et leurs d\u00e9tails d&rsquo;inspiration militaire. Gr\u00e2ce \u00e0 leurs mat\u00e9riaux de haute qualit\u00e9, elles offrent confort et durabilit\u00e9. Que ce soit pour les loisirs ou le sport, ces sneakers sont un ajout intemporel \u00e0 toute collection. Achetez-les d\u00e8s maintenant et affirmez votre style avec les sneakers Air Jordan 4 Retro Military Black (GS)\u00a0!<\/p>\n<p>Coloris\u00a0: Blanc\/Noir\/Gris neutre<\/p>\n<p>Code article\u00a0: 408452-111<\/p>\n<p>Tige\u00a0: Cuir<\/p>\n<p>Semelle interm\u00e9diaire\u00a0: Air<\/p>\n<p>Couleur\u00a0: Blanc<\/p>\n<p>Designer\u00a0: Tinker Hatfield<\/p>\n<p>Saison\u00a0: Printemps<\/p>\n<p>Ann\u00e9e de sortie\u00a0: 2022<\/p>\n<p>\u00c2ge\u00a0: Adulte<br \/>\nCouleur\u00a0: Noir\/Argent m\u00e9tallis\u00e9<br \/>\nGenre\u00a0: Enfant<\/p>\n","protected":false},"excerpt":{"rendered":"<p>Les sneakers Air Jordan 4 Retro Military Black (GS) de Jordan sont un incontournable pour les fans de sneakers. Ces chaussures styl\u00e9es s\u00e9duisent par leur design noir classique et leurs d\u00e9tails d&rsquo;inspiration militaire. Gr\u00e2ce \u00e0 leurs mat\u00e9riaux de haute qualit\u00e9, elles offrent confort et durabilit\u00e9. Que ce soit pour les loisirs ou le sport, ces [&hellip;]<\/p>\n","protected":false},"featured_media":767514,"comment_status":"open","ping_status":"closed","template":"","meta":[],"product_brand":[],"product_cat":[38880],"product_tag":[10750,38988,10776,11349,38875,10756,39039,38902],"class_list":{"0":"post-767513","1":"product","2":"type-product","3":"status-publish","4":"has-post-thumbnail","6":"product_cat-jordan","7":"product_tag-athleisure-shoes","8":"product_tag-casual-shoes-for-kids","9":"product_tag-jordan","10":"product_tag-jordan-basketball-shoes","11":"product_tag-jordan-skateboard-shoes","12":"product_tag-retro-casual-shoes","13":"product_tag-sneakers-for-kids","14":"product_tag-trendy-offers","16":"first","17":"instock","18":"taxable","19":"shipping-taxable","20":"purchasable","21":"product-type-simple"},"wcpa_form_fields":null,"yoast_head":"<!-- This site is optimized with the Yoast SEO plugin v26.5 - https:\/\/yoast.com\/wordpress\/plugins\/seo\/ -->\n<title>(Grade School) Air Jordan 4 Retro &#039;Military Black&#039; 408452-111 - TOURCRUISER PTE. LTD<\/title>\n<meta name=\"robots\" content=\"index, follow, max-snippet:-1, max-image-preview:large, max-video-preview:-1\" \/>\n<link rel=\"canonical\" href=\"https:\/\/tourcruiser.com\/fr\/products\/grade-school-air-jordan-4-retro-military-black-408452-111\/\" \/>\n<meta property=\"og:locale\" content=\"fr_FR\" \/>\n<meta property=\"og:type\" content=\"article\" \/>\n<meta property=\"og:title\" content=\"(Grade School) Air Jordan 4 Retro &#039;Military Black&#039; 408452-111 - TOURCRUISER PTE. LTD\" \/>\n<meta property=\"og:description\" content=\"Les sneakers Air Jordan 4 Retro Military Black (GS) de Jordan sont un incontournable pour les fans de sneakers. Ces chaussures styl\u00e9es s\u00e9duisent par leur design noir classique et leurs d\u00e9tails d&rsquo;inspiration militaire. Gr\u00e2ce \u00e0 leurs mat\u00e9riaux de haute qualit\u00e9, elles offrent confort et durabilit\u00e9. Que ce soit pour les loisirs ou le sport, ces [&hellip;]\" \/>\n<meta property=\"og:url\" content=\"https:\/\/tourcruiser.com\/fr\/products\/grade-school-air-jordan-4-retro-military-black-408452-111\/\" \/>\n<meta property=\"og:site_name\" content=\"Tourcruiser Sneaker Store\" \/>\n<meta property=\"article:modified_time\" content=\"2026-04-17T14:55:39+00:00\" \/>\n<meta name=\"twitter:card\" content=\"summary_large_image\" \/>\n<meta name=\"twitter:image\" content=\"https:\/\/images.novelship.com\/product\/_grade_school__air_jordan_4_retro__military_black__0_46583.jpeg;https:\/\/images.novelship.com\/product\/_grade_school__air_jordan_4_retro__military_black__1_46583.jpeg;https:\/\/images.novelship.com\/product\/_grade_school__air_jordan_4_retro__military_black__2_46583.jpeg;https:\/\/images.novelship.com\/product\/_grade_school__air_jordan_4_retro__military_black__3_46584.jpeg;https:\/\/images.novelship.com\/product\/_grade_school__air_jordan_4_retro__military_black__4_46584.jpeg;https:\/\/images.novelship.com\/product\/_grade_school__air_jordan_4_retro__military_black__5_46584.jpeg;https:\/\/images.novelship.com\/product\/_grade_school__air_jordan_4_retro__military_black__6_46584.jpeg;https:\/\/images.novelship.com\/product\/_grade_school__air_jordan_4_retro__military_black__7_46584.jpeg\" \/>\n<meta name=\"twitter:label1\" content=\"Dur\u00e9e de lecture estim\u00e9e\" \/>\n\t<meta name=\"twitter:data1\" content=\"1 minute\" \/>\n<script type=\"application\/ld+json\" class=\"yoast-schema-graph\">{\"@context\":\"https:\/\/schema.org\",\"@graph\":[{\"@type\":\"WebPage\",\"@id\":\"https:\/\/tourcruiser.com\/fr\/products\/grade-school-air-jordan-4-retro-military-black-408452-111\/\",\"url\":\"https:\/\/tourcruiser.com\/fr\/products\/grade-school-air-jordan-4-retro-military-black-408452-111\/\",\"name\":\"(Grade School) Air Jordan 4 Retro 'Military Black' 408452-111 - TOURCRUISER PTE. LTD\",\"isPartOf\":{\"@id\":\"\/#website\"},\"primaryImageOfPage\":{\"@id\":\"https:\/\/tourcruiser.com\/fr\/products\/grade-school-air-jordan-4-retro-military-black-408452-111\/#primaryimage\"},\"image\":{\"@id\":\"https:\/\/tourcruiser.com\/fr\/products\/grade-school-air-jordan-4-retro-military-black-408452-111\/#primaryimage\"},\"thumbnailUrl\":\"https:\/\/images.novelship.com\/product\/_grade_school__air_jordan_4_retro__military_black__0_46583.jpeg;https:\/\/images.novelship.com\/product\/_grade_school__air_jordan_4_retro__military_black__1_46583.jpeg;https:\/\/images.novelship.com\/product\/_grade_school__air_jordan_4_retro__military_black__2_46583.jpeg;https:\/\/images.novelship.com\/product\/_grade_school__air_jordan_4_retro__military_black__3_46584.jpeg;https:\/\/images.novelship.com\/product\/_grade_school__air_jordan_4_retro__military_black__4_46584.jpeg;https:\/\/images.novelship.com\/product\/_grade_school__air_jordan_4_retro__military_black__5_46584.jpeg;https:\/\/images.novelship.com\/product\/_grade_school__air_jordan_4_retro__military_black__6_46584.jpeg;https:\/\/images.novelship.com\/product\/_grade_school__air_jordan_4_retro__military_black__7_46584.jpeg\",\"datePublished\":\"2026-04-16T10:12:39+00:00\",\"dateModified\":\"2026-04-17T14:55:39+00:00\",\"breadcrumb\":{\"@id\":\"https:\/\/tourcruiser.com\/fr\/products\/grade-school-air-jordan-4-retro-military-black-408452-111\/#breadcrumb\"},\"inLanguage\":\"fr-FR\",\"potentialAction\":[{\"@type\":\"ReadAction\",\"target\":[\"https:\/\/tourcruiser.com\/fr\/products\/grade-school-air-jordan-4-retro-military-black-408452-111\/\"]}]},{\"@type\":\"ImageObject\",\"inLanguage\":\"fr-FR\",\"@id\":\"https:\/\/tourcruiser.com\/fr\/products\/grade-school-air-jordan-4-retro-military-black-408452-111\/#primaryimage\",\"url\":\"https:\/\/images.novelship.com\/product\/_grade_school__air_jordan_4_retro__military_black__0_46583.jpeg;https:\/\/images.novelship.com\/product\/_grade_school__air_jordan_4_retro__military_black__1_46583.jpeg;https:\/\/images.novelship.com\/product\/_grade_school__air_jordan_4_retro__military_black__2_46583.jpeg;https:\/\/images.novelship.com\/product\/_grade_school__air_jordan_4_retro__military_black__3_46584.jpeg;https:\/\/images.novelship.com\/product\/_grade_school__air_jordan_4_retro__military_black__4_46584.jpeg;https:\/\/images.novelship.com\/product\/_grade_school__air_jordan_4_retro__military_black__5_46584.jpeg;https:\/\/images.novelship.com\/product\/_grade_school__air_jordan_4_retro__military_black__6_46584.jpeg;https:\/\/images.novelship.com\/product\/_grade_school__air_jordan_4_retro__military_black__7_46584.jpeg\",\"contentUrl\":\"https:\/\/images.novelship.com\/product\/_grade_school__air_jordan_4_retro__military_black__0_46583.jpeg;https:\/\/images.novelship.com\/product\/_grade_school__air_jordan_4_retro__military_black__1_46583.jpeg;https:\/\/images.novelship.com\/product\/_grade_school__air_jordan_4_retro__military_black__2_46583.jpeg;https:\/\/images.novelship.com\/product\/_grade_school__air_jordan_4_retro__military_black__3_46584.jpeg;https:\/\/images.novelship.com\/product\/_grade_school__air_jordan_4_retro__military_black__4_46584.jpeg;https:\/\/images.novelship.com\/product\/_grade_school__air_jordan_4_retro__military_black__5_46584.jpeg;https:\/\/images.novelship.com\/product\/_grade_school__air_jordan_4_retro__military_black__6_46584.jpeg;https:\/\/images.novelship.com\/product\/_grade_school__air_jordan_4_retro__military_black__7_46584.jpeg\"},{\"@type\":\"BreadcrumbList\",\"@id\":\"https:\/\/tourcruiser.com\/fr\/products\/grade-school-air-jordan-4-retro-military-black-408452-111\/#breadcrumb\",\"itemListElement\":[{\"@type\":\"ListItem\",\"position\":1,\"name\":\"Home\",\"item\":\"https:\/\/tourcruiser.com\/fr\/\"},{\"@type\":\"ListItem\",\"position\":2,\"name\":\"Shop\",\"item\":\"https:\/\/tourcruiser.com\/fr\/shop\/\"},{\"@type\":\"ListItem\",\"position\":3,\"name\":\"(Grade School) Air Jordan 4 Retro &#8216;Military Black&#8217; 408452-111\"}]},{\"@type\":\"WebSite\",\"@id\":\"\/#website\",\"url\":\"\/\",\"name\":\"Styloral Jewelry Shop\",\"description\":\"Tourcruiser Sneaker Store \u2014 L\u2019endroit o\u00f9 l\u2019univers rencontre votre singularit\u00e9.\",\"publisher\":{\"@id\":\"\/#organization\"},\"potentialAction\":[{\"@type\":\"SearchAction\",\"target\":{\"@type\":\"EntryPoint\",\"urlTemplate\":\"\/?s={search_term_string}\"},\"query-input\":{\"@type\":\"PropertyValueSpecification\",\"valueRequired\":true,\"valueName\":\"search_term_string\"}}],\"inLanguage\":\"fr-FR\"},{\"@type\":\"Organization\",\"@id\":\"\/#organization\",\"name\":\"STYLORAL PTE. LTD\",\"url\":\"\/\",\"logo\":{\"@type\":\"ImageObject\",\"inLanguage\":\"fr-FR\",\"@id\":\"\/#\/schema\/logo\/image\/\",\"url\":\"https:\/\/www.tourcruiser.com\/wp-content\/uploads\/2025\/12\/logo.png\",\"contentUrl\":\"https:\/\/www.tourcruiser.com\/wp-content\/uploads\/2025\/12\/logo.png\",\"width\":200,\"height\":65,\"caption\":\"STYLORAL PTE. LTD\"},\"image\":{\"@id\":\"\/#\/schema\/logo\/image\/\"}}]}<\/script>\n<!-- \/ Yoast SEO plugin. -->","yoast_head_json":{"title":"(Grade School) Air Jordan 4 Retro 'Military Black' 408452-111 - TOURCRUISER PTE. LTD","robots":{"index":"index","follow":"follow","max-snippet":"max-snippet:-1","max-image-preview":"max-image-preview:large","max-video-preview":"max-video-preview:-1"},"canonical":"https:\/\/tourcruiser.com\/fr\/products\/grade-school-air-jordan-4-retro-military-black-408452-111\/","og_locale":"fr_FR","og_type":"article","og_title":"(Grade School) Air Jordan 4 Retro 'Military Black' 408452-111 - TOURCRUISER PTE. LTD","og_description":"Les sneakers Air Jordan 4 Retro Military Black (GS) de Jordan sont un incontournable pour les fans de sneakers. Ces chaussures styl\u00e9es s\u00e9duisent par leur design noir classique et leurs d\u00e9tails d&rsquo;inspiration militaire. Gr\u00e2ce \u00e0 leurs mat\u00e9riaux de haute qualit\u00e9, elles offrent confort et durabilit\u00e9. Que ce soit pour les loisirs ou le sport, ces [&hellip;]","og_url":"https:\/\/tourcruiser.com\/fr\/products\/grade-school-air-jordan-4-retro-military-black-408452-111\/","og_site_name":"Tourcruiser Sneaker Store","article_modified_time":"2026-04-17T14:55:39+00:00","twitter_card":"summary_large_image","twitter_image":"https:\/\/images.novelship.com\/product\/_grade_school__air_jordan_4_retro__military_black__0_46583.jpeg;https:\/\/images.novelship.com\/product\/_grade_school__air_jordan_4_retro__military_black__1_46583.jpeg;https:\/\/images.novelship.com\/product\/_grade_school__air_jordan_4_retro__military_black__2_46583.jpeg;https:\/\/images.novelship.com\/product\/_grade_school__air_jordan_4_retro__military_black__3_46584.jpeg;https:\/\/images.novelship.com\/product\/_grade_school__air_jordan_4_retro__military_black__4_46584.jpeg;https:\/\/images.novelship.com\/product\/_grade_school__air_jordan_4_retro__military_black__5_46584.jpeg;https:\/\/images.novelship.com\/product\/_grade_school__air_jordan_4_retro__military_black__6_46584.jpeg;https:\/\/images.novelship.com\/product\/_grade_school__air_jordan_4_retro__military_black__7_46584.jpeg","twitter_misc":{"Dur\u00e9e de lecture estim\u00e9e":"1 minute"},"schema":{"@context":"https:\/\/schema.org","@graph":[{"@type":"WebPage","@id":"https:\/\/tourcruiser.com\/fr\/products\/grade-school-air-jordan-4-retro-military-black-408452-111\/","url":"https:\/\/tourcruiser.com\/fr\/products\/grade-school-air-jordan-4-retro-military-black-408452-111\/","name":"(Grade School) Air Jordan 4 Retro 'Military Black' 408452-111 - TOURCRUISER PTE. LTD","isPartOf":{"@id":"\/#website"},"primaryImageOfPage":{"@id":"https:\/\/tourcruiser.com\/fr\/products\/grade-school-air-jordan-4-retro-military-black-408452-111\/#primaryimage"},"image":{"@id":"https:\/\/tourcruiser.com\/fr\/products\/grade-school-air-jordan-4-retro-military-black-408452-111\/#primaryimage"},"thumbnailUrl":"https:\/\/images.novelship.com\/product\/_grade_school__air_jordan_4_retro__military_black__0_46583.jpeg;https:\/\/images.novelship.com\/product\/_grade_school__air_jordan_4_retro__military_black__1_46583.jpeg;https:\/\/images.novelship.com\/product\/_grade_school__air_jordan_4_retro__military_black__2_46583.jpeg;https:\/\/images.novelship.com\/product\/_grade_school__air_jordan_4_retro__military_black__3_46584.jpeg;https:\/\/images.novelship.com\/product\/_grade_school__air_jordan_4_retro__military_black__4_46584.jpeg;https:\/\/images.novelship.com\/product\/_grade_school__air_jordan_4_retro__military_black__5_46584.jpeg;https:\/\/images.novelship.com\/product\/_grade_school__air_jordan_4_retro__military_black__6_46584.jpeg;https:\/\/images.novelship.com\/product\/_grade_school__air_jordan_4_retro__military_black__7_46584.jpeg","datePublished":"2026-04-16T10:12:39+00:00","dateModified":"2026-04-17T14:55:39+00:00","breadcrumb":{"@id":"https:\/\/tourcruiser.com\/fr\/products\/grade-school-air-jordan-4-retro-military-black-408452-111\/#breadcrumb"},"inLanguage":"fr-FR","potentialAction":[{"@type":"ReadAction","target":["https:\/\/tourcruiser.com\/fr\/products\/grade-school-air-jordan-4-retro-military-black-408452-111\/"]}]},{"@type":"ImageObject","inLanguage":"fr-FR","@id":"https:\/\/tourcruiser.com\/fr\/products\/grade-school-air-jordan-4-retro-military-black-408452-111\/#primaryimage","url":"https:\/\/images.novelship.com\/product\/_grade_school__air_jordan_4_retro__military_black__0_46583.jpeg;https:\/\/images.novelship.com\/product\/_grade_school__air_jordan_4_retro__military_black__1_46583.jpeg;https:\/\/images.novelship.com\/product\/_grade_school__air_jordan_4_retro__military_black__2_46583.jpeg;https:\/\/images.novelship.com\/product\/_grade_school__air_jordan_4_retro__military_black__3_46584.jpeg;https:\/\/images.novelship.com\/product\/_grade_school__air_jordan_4_retro__military_black__4_46584.jpeg;https:\/\/images.novelship.com\/product\/_grade_school__air_jordan_4_retro__military_black__5_46584.jpeg;https:\/\/images.novelship.com\/product\/_grade_school__air_jordan_4_retro__military_black__6_46584.jpeg;https:\/\/images.novelship.com\/product\/_grade_school__air_jordan_4_retro__military_black__7_46584.jpeg","contentUrl":"https:\/\/images.novelship.com\/product\/_grade_school__air_jordan_4_retro__military_black__0_46583.jpeg;https:\/\/images.novelship.com\/product\/_grade_school__air_jordan_4_retro__military_black__1_46583.jpeg;https:\/\/images.novelship.com\/product\/_grade_school__air_jordan_4_retro__military_black__2_46583.jpeg;https:\/\/images.novelship.com\/product\/_grade_school__air_jordan_4_retro__military_black__3_46584.jpeg;https:\/\/images.novelship.com\/product\/_grade_school__air_jordan_4_retro__military_black__4_46584.jpeg;https:\/\/images.novelship.com\/product\/_grade_school__air_jordan_4_retro__military_black__5_46584.jpeg;https:\/\/images.novelship.com\/product\/_grade_school__air_jordan_4_retro__military_black__6_46584.jpeg;https:\/\/images.novelship.com\/product\/_grade_school__air_jordan_4_retro__military_black__7_46584.jpeg"},{"@type":"BreadcrumbList","@id":"https:\/\/tourcruiser.com\/fr\/products\/grade-school-air-jordan-4-retro-military-black-408452-111\/#breadcrumb","itemListElement":[{"@type":"ListItem","position":1,"name":"Home","item":"https:\/\/tourcruiser.com\/fr\/"},{"@type":"ListItem","position":2,"name":"Shop","item":"https:\/\/tourcruiser.com\/fr\/shop\/"},{"@type":"ListItem","position":3,"name":"(Grade School) Air Jordan 4 Retro &#8216;Military Black&#8217; 408452-111"}]},{"@type":"WebSite","@id":"\/#website","url":"\/","name":"Styloral Jewelry Shop","description":"Tourcruiser Sneaker Store \u2014 L\u2019endroit o\u00f9 l\u2019univers rencontre votre singularit\u00e9.","publisher":{"@id":"\/#organization"},"potentialAction":[{"@type":"SearchAction","target":{"@type":"EntryPoint","urlTemplate":"\/?s={search_term_string}"},"query-input":{"@type":"PropertyValueSpecification","valueRequired":true,"valueName":"search_term_string"}}],"inLanguage":"fr-FR"},{"@type":"Organization","@id":"\/#organization","name":"STYLORAL PTE. LTD","url":"\/","logo":{"@type":"ImageObject","inLanguage":"fr-FR","@id":"\/#\/schema\/logo\/image\/","url":"https:\/\/www.tourcruiser.com\/wp-content\/uploads\/2025\/12\/logo.png","contentUrl":"https:\/\/www.tourcruiser.com\/wp-content\/uploads\/2025\/12\/logo.png","width":200,"height":65,"caption":"STYLORAL PTE. LTD"},"image":{"@id":"\/#\/schema\/logo\/image\/"}}]}},"_links":{"self":[{"href":"https:\/\/tourcruiser.com\/fr\/wp-json\/wp\/v2\/product\/767513","targetHints":{"allow":["GET"]}}],"collection":[{"href":"https:\/\/tourcruiser.com\/fr\/wp-json\/wp\/v2\/product"}],"about":[{"href":"https:\/\/tourcruiser.com\/fr\/wp-json\/wp\/v2\/types\/product"}],"replies":[{"embeddable":true,"href":"https:\/\/tourcruiser.com\/fr\/wp-json\/wp\/v2\/comments?post=767513"}],"wp:featuredmedia":[{"embeddable":true,"href":"https:\/\/tourcruiser.com\/fr\/wp-json\/wp\/v2\/media\/767514"}],"wp:attachment":[{"href":"https:\/\/tourcruiser.com\/fr\/wp-json\/wp\/v2\/media?parent=767513"}],"wp:term":[{"taxonomy":"product_brand","embeddable":true,"href":"https:\/\/tourcruiser.com\/fr\/wp-json\/wp\/v2\/product_brand?post=767513"},{"taxonomy":"product_cat","embeddable":true,"href":"https:\/\/tourcruiser.com\/fr\/wp-json\/wp\/v2\/product_cat?post=767513"},{"taxonomy":"product_tag","embeddable":true,"href":"https:\/\/tourcruiser.com\/fr\/wp-json\/wp\/v2\/product_tag?post=767513"}],"curies":[{"name":"wp","href":"https:\/\/api.w.org\/{rel}","templated":true}]}}