{"id":767076,"date":"2026-04-16T17:12:23","date_gmt":"2026-04-16T10:12:23","guid":{"rendered":"http:\/\/tourcruiser.com\/product\/nike-air-zoom-gt-cut-eyblblack-hyper-crimson-dm2826-001"},"modified":"2026-04-17T22:00:38","modified_gmt":"2026-04-17T15:00:38","slug":"nike-air-zoom-gt-cut-eyblblack-hyper-crimson-dm2826-001","status":"publish","type":"product","link":"https:\/\/tourcruiser.com\/fr\/products\/nike-air-zoom-gt-cut-eyblblack-hyper-crimson-dm2826-001\/","title":{"rendered":"Nike Air Zoom GT Cut &lsquo;EYBL &#8211; Black Hyper Crimson&rsquo; DM2826-001"},"content":{"rendered":"<p>Passez au niveau sup\u00e9rieur avec les sneakers Nike Air Zoom GT Cut EYBL noires et rouge vif. Con\u00e7ues pour une performance optimale, ces chaussures offrent un amorti et un maintien exceptionnels gr\u00e2ce \u00e0 la technologie Air Zoom. \u00c9l\u00e9gantes et confortables, ces sneakers Nike apporteront une touche de style \u00e0 votre look, sur le terrain comme en dehors.<\/p>\n<p>Coloris\u00a0: Noir\/Rouge vif<br \/>\nCode article\u00a0: DM2826-001<br \/>\nTige\u00a0: Mesh<br \/>\nSemelle interm\u00e9diaire\u00a0: Zoom Air<br \/>\nCouleur\u00a0: Noir<br \/>\nSaison\u00a0: Toute l\u2019ann\u00e9e<br \/>\nAnn\u00e9e de sortie\u00a0: 2022<\/p>\n<p>\u00c2ge\u00a0: Adulte<br \/>\nCouleur\u00a0: Noir\/Anthracite-Gris fonc\u00e9<br \/>\nGenre\u00a0: Homme<\/p>\n","protected":false},"excerpt":{"rendered":"<p>Passez au niveau sup\u00e9rieur avec les sneakers Nike Air Zoom GT Cut EYBL noires et rouge vif. Con\u00e7ues pour une performance optimale, ces chaussures offrent un amorti et un maintien exceptionnels gr\u00e2ce \u00e0 la technologie Air Zoom. \u00c9l\u00e9gantes et confortables, ces sneakers Nike apporteront une touche de style \u00e0 votre look, sur le terrain comme [&hellip;]<\/p>\n","protected":false},"featured_media":767077,"comment_status":"open","ping_status":"closed","template":"","meta":[],"product_brand":[],"product_cat":[10803],"product_tag":[10800,38839,38878,38842,10801,11223,38887,38846],"class_list":{"0":"post-767076","1":"product","2":"type-product","3":"status-publish","4":"has-post-thumbnail","6":"product_cat-nike","7":"product_tag-basketball-shoes","8":"product_tag-basketball-shoes-with-ankle-support","9":"product_tag-current-offers","10":"product_tag-gift-idea-for-him","11":"product_tag-nike","12":"product_tag-nike-basketball-shoes","13":"product_tag-nike-skateboard-shoes","14":"product_tag-performance-sports-shoes","15":"wcpa_has_options","17":"first","18":"instock","19":"taxable","20":"shipping-taxable","21":"purchasable","22":"product-type-simple"},"wcpa_form_fields":{"rules":{"pric_overide_base_price":false,"pric_overide_base_price_if_gt_zero":false,"pric_overide_base_price_fully":false,"pric_cal_option_once":false,"pric_use_as_fee":false,"bind_quantity":false,"quantity_bind_formula":false},"fields":[{"type":"color-group","required":true,"elementId":"wcpa-color-group-66c4a75505e74","label":"Taille","inline":true,"priceOptions":"different_for_all","pricingType":"fixed","className":"hassizechart product-shoes-size-eu product-shoes-size","name":"color-group-66c4a75505e89","disp_type":"square","selection_type":"tick-border","disp_size":"44","show_label_inside":true,"adjust_width":true,"cart_display_type":"text","other_text":"Other","cl_rule":"show","col":6,"values":[{"label":"35.5","value":"EU 35.5","price":"","pimage":"","pimage_id":"","pthumb":"","color":""},{"label":"36","value":"EU 36","price":"","pimage":"","pimage_id":"","pthumb":"","color":"","selected":true},{"label":"36.5","value":"EU 36.5","price":"","pimage":"","pimage_id":"","pthumb":"","color":""},{"label":"37.5","value":"EU 37.5","price":"","pimage":"","pimage_id":"","pthumb":"","color":""},{"label":"38","value":"EU 38","price":"","pimage":"","pimage_id":"","pthumb":"","color":""},{"label":"38.5","value":"EU 38.5","price":"","pimage":"","pimage_id":"","pthumb":"","color":""},{"label":"39","value":"EU 39","price":"","pimage":"","pimage_id":"","pthumb":"","color":""},{"label":"40","value":"EU 40","price":"","pimage":"","pimage_id":"","pthumb":"","color":""},{"label":"40.5","value":"EU 40.5","price":"","pimage":"","pimage_id":"","pthumb":"","color":""},{"label":"41","value":"EU 41","price":"","pimage":"","pimage_id":"","pthumb":"","color":""},{"label":"42","value":"EU 42","price":"","pimage":"","pimage_id":"","pthumb":"","color":""},{"label":"42.5","value":"EU 42.5","price":"","pimage":"","pimage_id":"","pthumb":"","color":""},{"label":"43","value":"EU 43","price":"","pimage":"","pimage_id":"","pthumb":"","color":""},{"label":"44","value":"EU 44","price":"","pimage":"","pimage_id":"","pthumb":"","color":""},{"label":"44.5","value":"EU 44.5","price":"","pimage":"","pimage_id":"","pthumb":"","color":""},{"label":"45","value":"EU 45","price":"","pimage":"","pimage_id":"","pthumb":"","color":""},{"label":"45.5","value":"EU 45.5","price":"","pimage":"","pimage_id":"","pthumb":"","color":""},{"label":"46","value":"EU 46","price":"","pimage":"","pimage_id":"","pthumb":"","color":""},{"label":"47","value":"EU 47","price":"","pimage":"","pimage_id":"","pthumb":"","color":""},{"label":"47.5","value":"EU 47.5","price":"","pimage":"","pimage_id":"","pthumb":"","color":""},{"label":"48","value":"EU 48","price":"","pimage":"","pimage_id":"","pthumb":"","color":""}],"relations":[{"operator":false,"rules":[]}],"form_id":18106,"form_rules":{"pric_cal_option_once":false,"exclude_from_discount":false,"pric_use_as_fee":false,"fee_label":"Fee","render_after_acb":false,"disp_hide_options_price":false}}]},"yoast_head":"<!-- This site is optimized with the Yoast SEO plugin v26.5 - https:\/\/yoast.com\/wordpress\/plugins\/seo\/ -->\n<title>Nike Air Zoom GT Cut &#039;EYBL - Black Hyper Crimson&#039; DM2826-001 - TOURCRUISER PTE. LTD<\/title>\n<meta name=\"robots\" content=\"index, follow, max-snippet:-1, max-image-preview:large, max-video-preview:-1\" \/>\n<link rel=\"canonical\" href=\"https:\/\/tourcruiser.com\/fr\/products\/nike-air-zoom-gt-cut-eyblblack-hyper-crimson-dm2826-001\/\" \/>\n<meta property=\"og:locale\" content=\"fr_FR\" \/>\n<meta property=\"og:type\" content=\"article\" \/>\n<meta property=\"og:title\" content=\"Nike Air Zoom GT Cut &#039;EYBL - Black Hyper Crimson&#039; DM2826-001 - TOURCRUISER PTE. LTD\" \/>\n<meta property=\"og:description\" content=\"Passez au niveau sup\u00e9rieur avec les sneakers Nike Air Zoom GT Cut EYBL noires et rouge vif. Con\u00e7ues pour une performance optimale, ces chaussures offrent un amorti et un maintien exceptionnels gr\u00e2ce \u00e0 la technologie Air Zoom. \u00c9l\u00e9gantes et confortables, ces sneakers Nike apporteront une touche de style \u00e0 votre look, sur le terrain comme [&hellip;]\" \/>\n<meta property=\"og:url\" content=\"https:\/\/tourcruiser.com\/fr\/products\/nike-air-zoom-gt-cut-eyblblack-hyper-crimson-dm2826-001\/\" \/>\n<meta property=\"og:site_name\" content=\"Tourcruiser Sneaker Store\" \/>\n<meta property=\"article:modified_time\" content=\"2026-04-17T15:00:38+00:00\" \/>\n<meta name=\"twitter:card\" content=\"summary_large_image\" \/>\n<meta name=\"twitter:image\" content=\"https:\/\/images.novelship.com\/product\/nike_air_zoom_gt_cut__eybl___black_hyper_crimson___0_40176.jpeg;https:\/\/images.novelship.com\/product\/nike_air_zoom_gt_cut__eybl___black_hyper_crimson___1_40176.jpeg;https:\/\/images.novelship.com\/product\/nike_air_zoom_gt_cut__eybl___black_hyper_crimson___2_40176.jpeg;https:\/\/images.novelship.com\/product\/nike_air_zoom_gt_cut__eybl___black_hyper_crimson___3_40176.jpeg;https:\/\/images.novelship.com\/product\/nike_air_zoom_gt_cut__eybl___black_hyper_crimson___4_40176.jpeg;https:\/\/images.novelship.com\/product\/nike_air_zoom_gt_cut__eybl___black_hyper_crimson___5_40176.jpeg;https:\/\/images.novelship.com\/product\/nike_air_zoom_gt_cut__eybl___black_hyper_crimson___6_40176.jpeg;https:\/\/images.novelship.com\/product\/nike_air_zoom_gt_cut__eybl___black_hyper_crimson___7_40176.jpeg\" \/>\n<script type=\"application\/ld+json\" class=\"yoast-schema-graph\">{\"@context\":\"https:\/\/schema.org\",\"@graph\":[{\"@type\":\"WebPage\",\"@id\":\"https:\/\/tourcruiser.com\/fr\/products\/nike-air-zoom-gt-cut-eyblblack-hyper-crimson-dm2826-001\/\",\"url\":\"https:\/\/tourcruiser.com\/fr\/products\/nike-air-zoom-gt-cut-eyblblack-hyper-crimson-dm2826-001\/\",\"name\":\"Nike Air Zoom GT Cut 'EYBL - Black Hyper Crimson' DM2826-001 - TOURCRUISER PTE. LTD\",\"isPartOf\":{\"@id\":\"https:\/\/tourcruiser.com\/fr\/#website\"},\"primaryImageOfPage\":{\"@id\":\"https:\/\/tourcruiser.com\/fr\/products\/nike-air-zoom-gt-cut-eyblblack-hyper-crimson-dm2826-001\/#primaryimage\"},\"image\":{\"@id\":\"https:\/\/tourcruiser.com\/fr\/products\/nike-air-zoom-gt-cut-eyblblack-hyper-crimson-dm2826-001\/#primaryimage\"},\"thumbnailUrl\":\"https:\/\/images.novelship.com\/product\/nike_air_zoom_gt_cut__eybl___black_hyper_crimson___0_40176.jpeg;https:\/\/images.novelship.com\/product\/nike_air_zoom_gt_cut__eybl___black_hyper_crimson___1_40176.jpeg;https:\/\/images.novelship.com\/product\/nike_air_zoom_gt_cut__eybl___black_hyper_crimson___2_40176.jpeg;https:\/\/images.novelship.com\/product\/nike_air_zoom_gt_cut__eybl___black_hyper_crimson___3_40176.jpeg;https:\/\/images.novelship.com\/product\/nike_air_zoom_gt_cut__eybl___black_hyper_crimson___4_40176.jpeg;https:\/\/images.novelship.com\/product\/nike_air_zoom_gt_cut__eybl___black_hyper_crimson___5_40176.jpeg;https:\/\/images.novelship.com\/product\/nike_air_zoom_gt_cut__eybl___black_hyper_crimson___6_40176.jpeg;https:\/\/images.novelship.com\/product\/nike_air_zoom_gt_cut__eybl___black_hyper_crimson___7_40176.jpeg\",\"datePublished\":\"2026-04-16T10:12:23+00:00\",\"dateModified\":\"2026-04-17T15:00:38+00:00\",\"breadcrumb\":{\"@id\":\"https:\/\/tourcruiser.com\/fr\/products\/nike-air-zoom-gt-cut-eyblblack-hyper-crimson-dm2826-001\/#breadcrumb\"},\"inLanguage\":\"fr-FR\",\"potentialAction\":[{\"@type\":\"ReadAction\",\"target\":[\"https:\/\/tourcruiser.com\/fr\/products\/nike-air-zoom-gt-cut-eyblblack-hyper-crimson-dm2826-001\/\"]}]},{\"@type\":\"ImageObject\",\"inLanguage\":\"fr-FR\",\"@id\":\"https:\/\/tourcruiser.com\/fr\/products\/nike-air-zoom-gt-cut-eyblblack-hyper-crimson-dm2826-001\/#primaryimage\",\"url\":\"https:\/\/images.novelship.com\/product\/nike_air_zoom_gt_cut__eybl___black_hyper_crimson___0_40176.jpeg;https:\/\/images.novelship.com\/product\/nike_air_zoom_gt_cut__eybl___black_hyper_crimson___1_40176.jpeg;https:\/\/images.novelship.com\/product\/nike_air_zoom_gt_cut__eybl___black_hyper_crimson___2_40176.jpeg;https:\/\/images.novelship.com\/product\/nike_air_zoom_gt_cut__eybl___black_hyper_crimson___3_40176.jpeg;https:\/\/images.novelship.com\/product\/nike_air_zoom_gt_cut__eybl___black_hyper_crimson___4_40176.jpeg;https:\/\/images.novelship.com\/product\/nike_air_zoom_gt_cut__eybl___black_hyper_crimson___5_40176.jpeg;https:\/\/images.novelship.com\/product\/nike_air_zoom_gt_cut__eybl___black_hyper_crimson___6_40176.jpeg;https:\/\/images.novelship.com\/product\/nike_air_zoom_gt_cut__eybl___black_hyper_crimson___7_40176.jpeg\",\"contentUrl\":\"https:\/\/images.novelship.com\/product\/nike_air_zoom_gt_cut__eybl___black_hyper_crimson___0_40176.jpeg;https:\/\/images.novelship.com\/product\/nike_air_zoom_gt_cut__eybl___black_hyper_crimson___1_40176.jpeg;https:\/\/images.novelship.com\/product\/nike_air_zoom_gt_cut__eybl___black_hyper_crimson___2_40176.jpeg;https:\/\/images.novelship.com\/product\/nike_air_zoom_gt_cut__eybl___black_hyper_crimson___3_40176.jpeg;https:\/\/images.novelship.com\/product\/nike_air_zoom_gt_cut__eybl___black_hyper_crimson___4_40176.jpeg;https:\/\/images.novelship.com\/product\/nike_air_zoom_gt_cut__eybl___black_hyper_crimson___5_40176.jpeg;https:\/\/images.novelship.com\/product\/nike_air_zoom_gt_cut__eybl___black_hyper_crimson___6_40176.jpeg;https:\/\/images.novelship.com\/product\/nike_air_zoom_gt_cut__eybl___black_hyper_crimson___7_40176.jpeg\"},{\"@type\":\"BreadcrumbList\",\"@id\":\"https:\/\/tourcruiser.com\/fr\/products\/nike-air-zoom-gt-cut-eyblblack-hyper-crimson-dm2826-001\/#breadcrumb\",\"itemListElement\":[{\"@type\":\"ListItem\",\"position\":1,\"name\":\"Home\",\"item\":\"https:\/\/tourcruiser.com\/fr\/\"},{\"@type\":\"ListItem\",\"position\":2,\"name\":\"Shop\",\"item\":\"https:\/\/tourcruiser.com\/fr\/shop\/\"},{\"@type\":\"ListItem\",\"position\":3,\"name\":\"Nike Air Zoom GT Cut &#8216;EYBL &#8211; Black Hyper Crimson&#8217; DM2826-001\"}]},{\"@type\":\"WebSite\",\"@id\":\"https:\/\/tourcruiser.com\/fr\/#website\",\"url\":\"https:\/\/tourcruiser.com\/fr\/\",\"name\":\"Styloral Jewelry Shop\",\"description\":\"Tourcruiser Sneaker Store \u2014 L\u2019endroit o\u00f9 l\u2019univers rencontre votre singularit\u00e9.\",\"publisher\":{\"@id\":\"https:\/\/tourcruiser.com\/fr\/#organization\"},\"potentialAction\":[{\"@type\":\"SearchAction\",\"target\":{\"@type\":\"EntryPoint\",\"urlTemplate\":\"https:\/\/tourcruiser.com\/fr\/?s={search_term_string}\"},\"query-input\":{\"@type\":\"PropertyValueSpecification\",\"valueRequired\":true,\"valueName\":\"search_term_string\"}}],\"inLanguage\":\"fr-FR\"},{\"@type\":\"Organization\",\"@id\":\"https:\/\/tourcruiser.com\/fr\/#organization\",\"name\":\"STYLORAL PTE. LTD\",\"url\":\"https:\/\/tourcruiser.com\/fr\/\",\"logo\":{\"@type\":\"ImageObject\",\"inLanguage\":\"fr-FR\",\"@id\":\"https:\/\/tourcruiser.com\/fr\/#\/schema\/logo\/image\/\",\"url\":\"https:\/\/www.tourcruiser.com\/wp-content\/uploads\/2025\/12\/logo.png\",\"contentUrl\":\"https:\/\/www.tourcruiser.com\/wp-content\/uploads\/2025\/12\/logo.png\",\"width\":200,\"height\":65,\"caption\":\"STYLORAL PTE. LTD\"},\"image\":{\"@id\":\"https:\/\/tourcruiser.com\/fr\/#\/schema\/logo\/image\/\"}}]}<\/script>\n<!-- \/ Yoast SEO plugin. -->","yoast_head_json":{"title":"Nike Air Zoom GT Cut 'EYBL - Black Hyper Crimson' DM2826-001 - TOURCRUISER PTE. LTD","robots":{"index":"index","follow":"follow","max-snippet":"max-snippet:-1","max-image-preview":"max-image-preview:large","max-video-preview":"max-video-preview:-1"},"canonical":"https:\/\/tourcruiser.com\/fr\/products\/nike-air-zoom-gt-cut-eyblblack-hyper-crimson-dm2826-001\/","og_locale":"fr_FR","og_type":"article","og_title":"Nike Air Zoom GT Cut 'EYBL - Black Hyper Crimson' DM2826-001 - TOURCRUISER PTE. LTD","og_description":"Passez au niveau sup\u00e9rieur avec les sneakers Nike Air Zoom GT Cut EYBL noires et rouge vif. Con\u00e7ues pour une performance optimale, ces chaussures offrent un amorti et un maintien exceptionnels gr\u00e2ce \u00e0 la technologie Air Zoom. \u00c9l\u00e9gantes et confortables, ces sneakers Nike apporteront une touche de style \u00e0 votre look, sur le terrain comme [&hellip;]","og_url":"https:\/\/tourcruiser.com\/fr\/products\/nike-air-zoom-gt-cut-eyblblack-hyper-crimson-dm2826-001\/","og_site_name":"Tourcruiser Sneaker Store","article_modified_time":"2026-04-17T15:00:38+00:00","twitter_card":"summary_large_image","twitter_image":"https:\/\/images.novelship.com\/product\/nike_air_zoom_gt_cut__eybl___black_hyper_crimson___0_40176.jpeg;https:\/\/images.novelship.com\/product\/nike_air_zoom_gt_cut__eybl___black_hyper_crimson___1_40176.jpeg;https:\/\/images.novelship.com\/product\/nike_air_zoom_gt_cut__eybl___black_hyper_crimson___2_40176.jpeg;https:\/\/images.novelship.com\/product\/nike_air_zoom_gt_cut__eybl___black_hyper_crimson___3_40176.jpeg;https:\/\/images.novelship.com\/product\/nike_air_zoom_gt_cut__eybl___black_hyper_crimson___4_40176.jpeg;https:\/\/images.novelship.com\/product\/nike_air_zoom_gt_cut__eybl___black_hyper_crimson___5_40176.jpeg;https:\/\/images.novelship.com\/product\/nike_air_zoom_gt_cut__eybl___black_hyper_crimson___6_40176.jpeg;https:\/\/images.novelship.com\/product\/nike_air_zoom_gt_cut__eybl___black_hyper_crimson___7_40176.jpeg","schema":{"@context":"https:\/\/schema.org","@graph":[{"@type":"WebPage","@id":"https:\/\/tourcruiser.com\/fr\/products\/nike-air-zoom-gt-cut-eyblblack-hyper-crimson-dm2826-001\/","url":"https:\/\/tourcruiser.com\/fr\/products\/nike-air-zoom-gt-cut-eyblblack-hyper-crimson-dm2826-001\/","name":"Nike Air Zoom GT Cut 'EYBL - Black Hyper Crimson' DM2826-001 - TOURCRUISER PTE. LTD","isPartOf":{"@id":"https:\/\/tourcruiser.com\/fr\/#website"},"primaryImageOfPage":{"@id":"https:\/\/tourcruiser.com\/fr\/products\/nike-air-zoom-gt-cut-eyblblack-hyper-crimson-dm2826-001\/#primaryimage"},"image":{"@id":"https:\/\/tourcruiser.com\/fr\/products\/nike-air-zoom-gt-cut-eyblblack-hyper-crimson-dm2826-001\/#primaryimage"},"thumbnailUrl":"https:\/\/images.novelship.com\/product\/nike_air_zoom_gt_cut__eybl___black_hyper_crimson___0_40176.jpeg;https:\/\/images.novelship.com\/product\/nike_air_zoom_gt_cut__eybl___black_hyper_crimson___1_40176.jpeg;https:\/\/images.novelship.com\/product\/nike_air_zoom_gt_cut__eybl___black_hyper_crimson___2_40176.jpeg;https:\/\/images.novelship.com\/product\/nike_air_zoom_gt_cut__eybl___black_hyper_crimson___3_40176.jpeg;https:\/\/images.novelship.com\/product\/nike_air_zoom_gt_cut__eybl___black_hyper_crimson___4_40176.jpeg;https:\/\/images.novelship.com\/product\/nike_air_zoom_gt_cut__eybl___black_hyper_crimson___5_40176.jpeg;https:\/\/images.novelship.com\/product\/nike_air_zoom_gt_cut__eybl___black_hyper_crimson___6_40176.jpeg;https:\/\/images.novelship.com\/product\/nike_air_zoom_gt_cut__eybl___black_hyper_crimson___7_40176.jpeg","datePublished":"2026-04-16T10:12:23+00:00","dateModified":"2026-04-17T15:00:38+00:00","breadcrumb":{"@id":"https:\/\/tourcruiser.com\/fr\/products\/nike-air-zoom-gt-cut-eyblblack-hyper-crimson-dm2826-001\/#breadcrumb"},"inLanguage":"fr-FR","potentialAction":[{"@type":"ReadAction","target":["https:\/\/tourcruiser.com\/fr\/products\/nike-air-zoom-gt-cut-eyblblack-hyper-crimson-dm2826-001\/"]}]},{"@type":"ImageObject","inLanguage":"fr-FR","@id":"https:\/\/tourcruiser.com\/fr\/products\/nike-air-zoom-gt-cut-eyblblack-hyper-crimson-dm2826-001\/#primaryimage","url":"https:\/\/images.novelship.com\/product\/nike_air_zoom_gt_cut__eybl___black_hyper_crimson___0_40176.jpeg;https:\/\/images.novelship.com\/product\/nike_air_zoom_gt_cut__eybl___black_hyper_crimson___1_40176.jpeg;https:\/\/images.novelship.com\/product\/nike_air_zoom_gt_cut__eybl___black_hyper_crimson___2_40176.jpeg;https:\/\/images.novelship.com\/product\/nike_air_zoom_gt_cut__eybl___black_hyper_crimson___3_40176.jpeg;https:\/\/images.novelship.com\/product\/nike_air_zoom_gt_cut__eybl___black_hyper_crimson___4_40176.jpeg;https:\/\/images.novelship.com\/product\/nike_air_zoom_gt_cut__eybl___black_hyper_crimson___5_40176.jpeg;https:\/\/images.novelship.com\/product\/nike_air_zoom_gt_cut__eybl___black_hyper_crimson___6_40176.jpeg;https:\/\/images.novelship.com\/product\/nike_air_zoom_gt_cut__eybl___black_hyper_crimson___7_40176.jpeg","contentUrl":"https:\/\/images.novelship.com\/product\/nike_air_zoom_gt_cut__eybl___black_hyper_crimson___0_40176.jpeg;https:\/\/images.novelship.com\/product\/nike_air_zoom_gt_cut__eybl___black_hyper_crimson___1_40176.jpeg;https:\/\/images.novelship.com\/product\/nike_air_zoom_gt_cut__eybl___black_hyper_crimson___2_40176.jpeg;https:\/\/images.novelship.com\/product\/nike_air_zoom_gt_cut__eybl___black_hyper_crimson___3_40176.jpeg;https:\/\/images.novelship.com\/product\/nike_air_zoom_gt_cut__eybl___black_hyper_crimson___4_40176.jpeg;https:\/\/images.novelship.com\/product\/nike_air_zoom_gt_cut__eybl___black_hyper_crimson___5_40176.jpeg;https:\/\/images.novelship.com\/product\/nike_air_zoom_gt_cut__eybl___black_hyper_crimson___6_40176.jpeg;https:\/\/images.novelship.com\/product\/nike_air_zoom_gt_cut__eybl___black_hyper_crimson___7_40176.jpeg"},{"@type":"BreadcrumbList","@id":"https:\/\/tourcruiser.com\/fr\/products\/nike-air-zoom-gt-cut-eyblblack-hyper-crimson-dm2826-001\/#breadcrumb","itemListElement":[{"@type":"ListItem","position":1,"name":"Home","item":"https:\/\/tourcruiser.com\/fr\/"},{"@type":"ListItem","position":2,"name":"Shop","item":"https:\/\/tourcruiser.com\/fr\/shop\/"},{"@type":"ListItem","position":3,"name":"Nike Air Zoom GT Cut &#8216;EYBL &#8211; Black Hyper Crimson&#8217; DM2826-001"}]},{"@type":"WebSite","@id":"https:\/\/tourcruiser.com\/fr\/#website","url":"https:\/\/tourcruiser.com\/fr\/","name":"Styloral Jewelry Shop","description":"Tourcruiser Sneaker Store \u2014 L\u2019endroit o\u00f9 l\u2019univers rencontre votre singularit\u00e9.","publisher":{"@id":"https:\/\/tourcruiser.com\/fr\/#organization"},"potentialAction":[{"@type":"SearchAction","target":{"@type":"EntryPoint","urlTemplate":"https:\/\/tourcruiser.com\/fr\/?s={search_term_string}"},"query-input":{"@type":"PropertyValueSpecification","valueRequired":true,"valueName":"search_term_string"}}],"inLanguage":"fr-FR"},{"@type":"Organization","@id":"https:\/\/tourcruiser.com\/fr\/#organization","name":"STYLORAL PTE. LTD","url":"https:\/\/tourcruiser.com\/fr\/","logo":{"@type":"ImageObject","inLanguage":"fr-FR","@id":"https:\/\/tourcruiser.com\/fr\/#\/schema\/logo\/image\/","url":"https:\/\/www.tourcruiser.com\/wp-content\/uploads\/2025\/12\/logo.png","contentUrl":"https:\/\/www.tourcruiser.com\/wp-content\/uploads\/2025\/12\/logo.png","width":200,"height":65,"caption":"STYLORAL PTE. LTD"},"image":{"@id":"https:\/\/tourcruiser.com\/fr\/#\/schema\/logo\/image\/"}}]}},"_links":{"self":[{"href":"https:\/\/tourcruiser.com\/fr\/wp-json\/wp\/v2\/product\/767076","targetHints":{"allow":["GET"]}}],"collection":[{"href":"https:\/\/tourcruiser.com\/fr\/wp-json\/wp\/v2\/product"}],"about":[{"href":"https:\/\/tourcruiser.com\/fr\/wp-json\/wp\/v2\/types\/product"}],"replies":[{"embeddable":true,"href":"https:\/\/tourcruiser.com\/fr\/wp-json\/wp\/v2\/comments?post=767076"}],"wp:featuredmedia":[{"embeddable":true,"href":"https:\/\/tourcruiser.com\/fr\/wp-json\/wp\/v2\/media\/767077"}],"wp:attachment":[{"href":"https:\/\/tourcruiser.com\/fr\/wp-json\/wp\/v2\/media?parent=767076"}],"wp:term":[{"taxonomy":"product_brand","embeddable":true,"href":"https:\/\/tourcruiser.com\/fr\/wp-json\/wp\/v2\/product_brand?post=767076"},{"taxonomy":"product_cat","embeddable":true,"href":"https:\/\/tourcruiser.com\/fr\/wp-json\/wp\/v2\/product_cat?post=767076"},{"taxonomy":"product_tag","embeddable":true,"href":"https:\/\/tourcruiser.com\/fr\/wp-json\/wp\/v2\/product_tag?post=767076"}],"curies":[{"name":"wp","href":"https:\/\/api.w.org\/{rel}","templated":true}]}}