{"id":766841,"date":"2026-04-16T17:12:15","date_gmt":"2026-04-16T10:12:15","guid":{"rendered":"http:\/\/tourcruiser.com\/product\/nike-zoom-winflo-5-black-aa7406-002"},"modified":"2026-04-17T22:59:09","modified_gmt":"2026-04-17T15:59:09","slug":"nike-zoom-winflo-5-black-aa7406-002","status":"publish","type":"product","link":"https:\/\/tourcruiser.com\/fr\/products\/nike-zoom-winflo-5-black-aa7406-002\/","title":{"rendered":"Nike Zoom Winflo 5 &lsquo;Black&rsquo; AA7406-002"},"content":{"rendered":"<p>Optimisez votre exp\u00e9rience de course avec la Nike Zoom Winflo 5 \u00ab\u00a0Noire\u00a0\u00bb. Cette chaussure de running performante arbore un design noir \u00e9l\u00e9gant et offre un amorti et un maintien exceptionnels. L&rsquo;unit\u00e9 Zoom Air au talon assure un retour d&rsquo;\u00e9nergie r\u00e9actif, tandis que l&#8217;empeigne Flymesh garantit une respirabilit\u00e9 optimale et un maintien s\u00fbr. Con\u00e7ue pour le confort et la performance, la Winflo 5 vous permet de repousser vos limites et d&rsquo;atteindre vos objectifs de course avec style.<\/p>\n<p>Couleur\u00a0: Noir<\/p>\n<p>R\u00e9f\u00e9rence\u00a0: AA7406-002<br \/>\nMati\u00e8re ext\u00e9rieure\u00a0: Textile<\/p>\n<p>Couleur\u00a0: Noir<br \/>\nSaison\u00a0: Toute l&rsquo;ann\u00e9e<\/p>\n<p>\u00c2ge\u00a0: Adultes<\/p>\n<p>Couleur\u00a0: Olive Aura\/Blanc Sommet\/Noir<\/p>\n<p>Genre\u00a0: Homme<\/p>\n","protected":false},"excerpt":{"rendered":"<p>Optimisez votre exp\u00e9rience de course avec la Nike Zoom Winflo 5 \u00ab\u00a0Noire\u00a0\u00bb. Cette chaussure de running performante arbore un design noir \u00e9l\u00e9gant et offre un amorti et un maintien exceptionnels. L&rsquo;unit\u00e9 Zoom Air au talon assure un retour d&rsquo;\u00e9nergie r\u00e9actif, tandis que l&#8217;empeigne Flymesh garantit une respirabilit\u00e9 optimale et un maintien s\u00fbr. Con\u00e7ue pour le [&hellip;]<\/p>\n","protected":false},"featured_media":766842,"comment_status":"open","ping_status":"closed","template":"","meta":[],"product_brand":[],"product_cat":[10803],"product_tag":[10753,10801,10882,10839,38846,11886,10840],"class_list":{"0":"post-766841","1":"product","2":"type-product","3":"status-publish","4":"has-post-thumbnail","6":"product_cat-nike","7":"product_tag-gift-for-him","8":"product_tag-nike","9":"product_tag-nike-running-shoes","10":"product_tag-performance-running-shoes","11":"product_tag-performance-sports-shoes","12":"product_tag-road-running-shoes","13":"product_tag-running-shoes","14":"wcpa_has_options","16":"first","17":"instock","18":"taxable","19":"shipping-taxable","20":"purchasable","21":"product-type-simple"},"wcpa_form_fields":{"rules":{"pric_overide_base_price":false,"pric_overide_base_price_if_gt_zero":false,"pric_overide_base_price_fully":false,"pric_cal_option_once":false,"pric_use_as_fee":false,"bind_quantity":false,"quantity_bind_formula":false},"fields":[{"type":"color-group","required":true,"elementId":"wcpa-color-group-66c4a75505e74","label":"Taille","inline":true,"priceOptions":"different_for_all","pricingType":"fixed","className":"hassizechart product-shoes-size-eu product-shoes-size","name":"color-group-66c4a75505e89","disp_type":"square","selection_type":"tick-border","disp_size":"44","show_label_inside":true,"adjust_width":true,"cart_display_type":"text","other_text":"Other","cl_rule":"show","col":6,"values":[{"label":"35.5","value":"EU 35.5","price":"","pimage":"","pimage_id":"","pthumb":"","color":""},{"label":"36","value":"EU 36","price":"","pimage":"","pimage_id":"","pthumb":"","color":"","selected":true},{"label":"36.5","value":"EU 36.5","price":"","pimage":"","pimage_id":"","pthumb":"","color":""},{"label":"37.5","value":"EU 37.5","price":"","pimage":"","pimage_id":"","pthumb":"","color":""},{"label":"38","value":"EU 38","price":"","pimage":"","pimage_id":"","pthumb":"","color":""},{"label":"38.5","value":"EU 38.5","price":"","pimage":"","pimage_id":"","pthumb":"","color":""},{"label":"39","value":"EU 39","price":"","pimage":"","pimage_id":"","pthumb":"","color":""},{"label":"40","value":"EU 40","price":"","pimage":"","pimage_id":"","pthumb":"","color":""},{"label":"40.5","value":"EU 40.5","price":"","pimage":"","pimage_id":"","pthumb":"","color":""},{"label":"41","value":"EU 41","price":"","pimage":"","pimage_id":"","pthumb":"","color":""},{"label":"42","value":"EU 42","price":"","pimage":"","pimage_id":"","pthumb":"","color":""},{"label":"42.5","value":"EU 42.5","price":"","pimage":"","pimage_id":"","pthumb":"","color":""},{"label":"43","value":"EU 43","price":"","pimage":"","pimage_id":"","pthumb":"","color":""},{"label":"44","value":"EU 44","price":"","pimage":"","pimage_id":"","pthumb":"","color":""},{"label":"44.5","value":"EU 44.5","price":"","pimage":"","pimage_id":"","pthumb":"","color":""},{"label":"45","value":"EU 45","price":"","pimage":"","pimage_id":"","pthumb":"","color":""},{"label":"45.5","value":"EU 45.5","price":"","pimage":"","pimage_id":"","pthumb":"","color":""},{"label":"46","value":"EU 46","price":"","pimage":"","pimage_id":"","pthumb":"","color":""},{"label":"47","value":"EU 47","price":"","pimage":"","pimage_id":"","pthumb":"","color":""},{"label":"47.5","value":"EU 47.5","price":"","pimage":"","pimage_id":"","pthumb":"","color":""},{"label":"48","value":"EU 48","price":"","pimage":"","pimage_id":"","pthumb":"","color":""}],"relations":[{"operator":false,"rules":[]}],"form_id":18106,"form_rules":{"pric_cal_option_once":false,"exclude_from_discount":false,"pric_use_as_fee":false,"fee_label":"Fee","render_after_acb":false,"disp_hide_options_price":false}}]},"yoast_head":"<!-- This site is optimized with the Yoast SEO plugin v26.5 - https:\/\/yoast.com\/wordpress\/plugins\/seo\/ -->\n<title>Nike Zoom Winflo 5 &#039;Black&#039; AA7406-002 - TOURCRUISER PTE. LTD<\/title>\n<meta name=\"robots\" content=\"index, follow, max-snippet:-1, max-image-preview:large, max-video-preview:-1\" \/>\n<link rel=\"canonical\" href=\"https:\/\/tourcruiser.com\/fr\/products\/nike-zoom-winflo-5-black-aa7406-002\/\" \/>\n<meta property=\"og:locale\" content=\"fr_FR\" \/>\n<meta property=\"og:type\" content=\"article\" \/>\n<meta property=\"og:title\" content=\"Nike Zoom Winflo 5 &#039;Black&#039; AA7406-002 - TOURCRUISER PTE. LTD\" \/>\n<meta property=\"og:description\" content=\"Optimisez votre exp\u00e9rience de course avec la Nike Zoom Winflo 5 \u00ab\u00a0Noire\u00a0\u00bb. Cette chaussure de running performante arbore un design noir \u00e9l\u00e9gant et offre un amorti et un maintien exceptionnels. L&rsquo;unit\u00e9 Zoom Air au talon assure un retour d&rsquo;\u00e9nergie r\u00e9actif, tandis que l&#8217;empeigne Flymesh garantit une respirabilit\u00e9 optimale et un maintien s\u00fbr. Con\u00e7ue pour le [&hellip;]\" \/>\n<meta property=\"og:url\" content=\"https:\/\/tourcruiser.com\/fr\/products\/nike-zoom-winflo-5-black-aa7406-002\/\" \/>\n<meta property=\"og:site_name\" content=\"Tourcruiser Sneaker Store\" \/>\n<meta property=\"article:modified_time\" content=\"2026-04-17T15:59:09+00:00\" \/>\n<meta name=\"twitter:card\" content=\"summary_large_image\" \/>\n<meta name=\"twitter:image\" content=\"https:\/\/images.novelship.com\/product\/nike_zoom_winflo_5__black__aa7406-002_0_98532.jpeg;https:\/\/images.novelship.com\/product\/nike_zoom_winflo_5__black__aa7406-002_1_98532.jpeg;https:\/\/images.novelship.com\/product\/nike_zoom_winflo_5__black__aa7406-002_2_98532.jpeg;https:\/\/images.novelship.com\/product\/nike_zoom_winflo_5__black__aa7406-002_3_98532.jpeg;https:\/\/images.novelship.com\/product\/nike_zoom_winflo_5__black__aa7406-002_4_98532.jpeg;https:\/\/images.novelship.com\/product\/nike_zoom_winflo_5__black__aa7406-002_5_98532.jpeg\" \/>\n<meta name=\"twitter:label1\" content=\"Dur\u00e9e de lecture estim\u00e9e\" \/>\n\t<meta name=\"twitter:data1\" content=\"1 minute\" \/>\n<script type=\"application\/ld+json\" class=\"yoast-schema-graph\">{\"@context\":\"https:\/\/schema.org\",\"@graph\":[{\"@type\":\"WebPage\",\"@id\":\"https:\/\/tourcruiser.com\/fr\/products\/nike-zoom-winflo-5-black-aa7406-002\/\",\"url\":\"https:\/\/tourcruiser.com\/fr\/products\/nike-zoom-winflo-5-black-aa7406-002\/\",\"name\":\"Nike Zoom Winflo 5 'Black' AA7406-002 - TOURCRUISER PTE. LTD\",\"isPartOf\":{\"@id\":\"\/#website\"},\"primaryImageOfPage\":{\"@id\":\"https:\/\/tourcruiser.com\/fr\/products\/nike-zoom-winflo-5-black-aa7406-002\/#primaryimage\"},\"image\":{\"@id\":\"https:\/\/tourcruiser.com\/fr\/products\/nike-zoom-winflo-5-black-aa7406-002\/#primaryimage\"},\"thumbnailUrl\":\"https:\/\/images.novelship.com\/product\/nike_zoom_winflo_5__black__aa7406-002_0_98532.jpeg;https:\/\/images.novelship.com\/product\/nike_zoom_winflo_5__black__aa7406-002_1_98532.jpeg;https:\/\/images.novelship.com\/product\/nike_zoom_winflo_5__black__aa7406-002_2_98532.jpeg;https:\/\/images.novelship.com\/product\/nike_zoom_winflo_5__black__aa7406-002_3_98532.jpeg;https:\/\/images.novelship.com\/product\/nike_zoom_winflo_5__black__aa7406-002_4_98532.jpeg;https:\/\/images.novelship.com\/product\/nike_zoom_winflo_5__black__aa7406-002_5_98532.jpeg\",\"datePublished\":\"2026-04-16T10:12:15+00:00\",\"dateModified\":\"2026-04-17T15:59:09+00:00\",\"breadcrumb\":{\"@id\":\"https:\/\/tourcruiser.com\/fr\/products\/nike-zoom-winflo-5-black-aa7406-002\/#breadcrumb\"},\"inLanguage\":\"fr-FR\",\"potentialAction\":[{\"@type\":\"ReadAction\",\"target\":[\"https:\/\/tourcruiser.com\/fr\/products\/nike-zoom-winflo-5-black-aa7406-002\/\"]}]},{\"@type\":\"ImageObject\",\"inLanguage\":\"fr-FR\",\"@id\":\"https:\/\/tourcruiser.com\/fr\/products\/nike-zoom-winflo-5-black-aa7406-002\/#primaryimage\",\"url\":\"https:\/\/images.novelship.com\/product\/nike_zoom_winflo_5__black__aa7406-002_0_98532.jpeg;https:\/\/images.novelship.com\/product\/nike_zoom_winflo_5__black__aa7406-002_1_98532.jpeg;https:\/\/images.novelship.com\/product\/nike_zoom_winflo_5__black__aa7406-002_2_98532.jpeg;https:\/\/images.novelship.com\/product\/nike_zoom_winflo_5__black__aa7406-002_3_98532.jpeg;https:\/\/images.novelship.com\/product\/nike_zoom_winflo_5__black__aa7406-002_4_98532.jpeg;https:\/\/images.novelship.com\/product\/nike_zoom_winflo_5__black__aa7406-002_5_98532.jpeg\",\"contentUrl\":\"https:\/\/images.novelship.com\/product\/nike_zoom_winflo_5__black__aa7406-002_0_98532.jpeg;https:\/\/images.novelship.com\/product\/nike_zoom_winflo_5__black__aa7406-002_1_98532.jpeg;https:\/\/images.novelship.com\/product\/nike_zoom_winflo_5__black__aa7406-002_2_98532.jpeg;https:\/\/images.novelship.com\/product\/nike_zoom_winflo_5__black__aa7406-002_3_98532.jpeg;https:\/\/images.novelship.com\/product\/nike_zoom_winflo_5__black__aa7406-002_4_98532.jpeg;https:\/\/images.novelship.com\/product\/nike_zoom_winflo_5__black__aa7406-002_5_98532.jpeg\"},{\"@type\":\"BreadcrumbList\",\"@id\":\"https:\/\/tourcruiser.com\/fr\/products\/nike-zoom-winflo-5-black-aa7406-002\/#breadcrumb\",\"itemListElement\":[{\"@type\":\"ListItem\",\"position\":1,\"name\":\"Home\",\"item\":\"https:\/\/tourcruiser.com\/fr\/\"},{\"@type\":\"ListItem\",\"position\":2,\"name\":\"Shop\",\"item\":\"https:\/\/tourcruiser.com\/fr\/shop\/\"},{\"@type\":\"ListItem\",\"position\":3,\"name\":\"Nike Zoom Winflo 5 &#8216;Black&#8217; AA7406-002\"}]},{\"@type\":\"WebSite\",\"@id\":\"\/#website\",\"url\":\"\/\",\"name\":\"Styloral Jewelry Shop\",\"description\":\"Tourcruiser Sneaker Store \u2014 L\u2019endroit o\u00f9 l\u2019univers rencontre votre singularit\u00e9.\",\"publisher\":{\"@id\":\"\/#organization\"},\"potentialAction\":[{\"@type\":\"SearchAction\",\"target\":{\"@type\":\"EntryPoint\",\"urlTemplate\":\"\/?s={search_term_string}\"},\"query-input\":{\"@type\":\"PropertyValueSpecification\",\"valueRequired\":true,\"valueName\":\"search_term_string\"}}],\"inLanguage\":\"fr-FR\"},{\"@type\":\"Organization\",\"@id\":\"\/#organization\",\"name\":\"STYLORAL PTE. LTD\",\"url\":\"\/\",\"logo\":{\"@type\":\"ImageObject\",\"inLanguage\":\"fr-FR\",\"@id\":\"\/#\/schema\/logo\/image\/\",\"url\":\"https:\/\/www.tourcruiser.com\/wp-content\/uploads\/2025\/12\/logo.png\",\"contentUrl\":\"https:\/\/www.tourcruiser.com\/wp-content\/uploads\/2025\/12\/logo.png\",\"width\":200,\"height\":65,\"caption\":\"STYLORAL PTE. LTD\"},\"image\":{\"@id\":\"\/#\/schema\/logo\/image\/\"}}]}<\/script>\n<!-- \/ Yoast SEO plugin. -->","yoast_head_json":{"title":"Nike Zoom Winflo 5 'Black' AA7406-002 - TOURCRUISER PTE. LTD","robots":{"index":"index","follow":"follow","max-snippet":"max-snippet:-1","max-image-preview":"max-image-preview:large","max-video-preview":"max-video-preview:-1"},"canonical":"https:\/\/tourcruiser.com\/fr\/products\/nike-zoom-winflo-5-black-aa7406-002\/","og_locale":"fr_FR","og_type":"article","og_title":"Nike Zoom Winflo 5 'Black' AA7406-002 - TOURCRUISER PTE. LTD","og_description":"Optimisez votre exp\u00e9rience de course avec la Nike Zoom Winflo 5 \u00ab\u00a0Noire\u00a0\u00bb. Cette chaussure de running performante arbore un design noir \u00e9l\u00e9gant et offre un amorti et un maintien exceptionnels. L&rsquo;unit\u00e9 Zoom Air au talon assure un retour d&rsquo;\u00e9nergie r\u00e9actif, tandis que l&#8217;empeigne Flymesh garantit une respirabilit\u00e9 optimale et un maintien s\u00fbr. Con\u00e7ue pour le [&hellip;]","og_url":"https:\/\/tourcruiser.com\/fr\/products\/nike-zoom-winflo-5-black-aa7406-002\/","og_site_name":"Tourcruiser Sneaker Store","article_modified_time":"2026-04-17T15:59:09+00:00","twitter_card":"summary_large_image","twitter_image":"https:\/\/images.novelship.com\/product\/nike_zoom_winflo_5__black__aa7406-002_0_98532.jpeg;https:\/\/images.novelship.com\/product\/nike_zoom_winflo_5__black__aa7406-002_1_98532.jpeg;https:\/\/images.novelship.com\/product\/nike_zoom_winflo_5__black__aa7406-002_2_98532.jpeg;https:\/\/images.novelship.com\/product\/nike_zoom_winflo_5__black__aa7406-002_3_98532.jpeg;https:\/\/images.novelship.com\/product\/nike_zoom_winflo_5__black__aa7406-002_4_98532.jpeg;https:\/\/images.novelship.com\/product\/nike_zoom_winflo_5__black__aa7406-002_5_98532.jpeg","twitter_misc":{"Dur\u00e9e de lecture estim\u00e9e":"1 minute"},"schema":{"@context":"https:\/\/schema.org","@graph":[{"@type":"WebPage","@id":"https:\/\/tourcruiser.com\/fr\/products\/nike-zoom-winflo-5-black-aa7406-002\/","url":"https:\/\/tourcruiser.com\/fr\/products\/nike-zoom-winflo-5-black-aa7406-002\/","name":"Nike Zoom Winflo 5 'Black' AA7406-002 - TOURCRUISER PTE. LTD","isPartOf":{"@id":"\/#website"},"primaryImageOfPage":{"@id":"https:\/\/tourcruiser.com\/fr\/products\/nike-zoom-winflo-5-black-aa7406-002\/#primaryimage"},"image":{"@id":"https:\/\/tourcruiser.com\/fr\/products\/nike-zoom-winflo-5-black-aa7406-002\/#primaryimage"},"thumbnailUrl":"https:\/\/images.novelship.com\/product\/nike_zoom_winflo_5__black__aa7406-002_0_98532.jpeg;https:\/\/images.novelship.com\/product\/nike_zoom_winflo_5__black__aa7406-002_1_98532.jpeg;https:\/\/images.novelship.com\/product\/nike_zoom_winflo_5__black__aa7406-002_2_98532.jpeg;https:\/\/images.novelship.com\/product\/nike_zoom_winflo_5__black__aa7406-002_3_98532.jpeg;https:\/\/images.novelship.com\/product\/nike_zoom_winflo_5__black__aa7406-002_4_98532.jpeg;https:\/\/images.novelship.com\/product\/nike_zoom_winflo_5__black__aa7406-002_5_98532.jpeg","datePublished":"2026-04-16T10:12:15+00:00","dateModified":"2026-04-17T15:59:09+00:00","breadcrumb":{"@id":"https:\/\/tourcruiser.com\/fr\/products\/nike-zoom-winflo-5-black-aa7406-002\/#breadcrumb"},"inLanguage":"fr-FR","potentialAction":[{"@type":"ReadAction","target":["https:\/\/tourcruiser.com\/fr\/products\/nike-zoom-winflo-5-black-aa7406-002\/"]}]},{"@type":"ImageObject","inLanguage":"fr-FR","@id":"https:\/\/tourcruiser.com\/fr\/products\/nike-zoom-winflo-5-black-aa7406-002\/#primaryimage","url":"https:\/\/images.novelship.com\/product\/nike_zoom_winflo_5__black__aa7406-002_0_98532.jpeg;https:\/\/images.novelship.com\/product\/nike_zoom_winflo_5__black__aa7406-002_1_98532.jpeg;https:\/\/images.novelship.com\/product\/nike_zoom_winflo_5__black__aa7406-002_2_98532.jpeg;https:\/\/images.novelship.com\/product\/nike_zoom_winflo_5__black__aa7406-002_3_98532.jpeg;https:\/\/images.novelship.com\/product\/nike_zoom_winflo_5__black__aa7406-002_4_98532.jpeg;https:\/\/images.novelship.com\/product\/nike_zoom_winflo_5__black__aa7406-002_5_98532.jpeg","contentUrl":"https:\/\/images.novelship.com\/product\/nike_zoom_winflo_5__black__aa7406-002_0_98532.jpeg;https:\/\/images.novelship.com\/product\/nike_zoom_winflo_5__black__aa7406-002_1_98532.jpeg;https:\/\/images.novelship.com\/product\/nike_zoom_winflo_5__black__aa7406-002_2_98532.jpeg;https:\/\/images.novelship.com\/product\/nike_zoom_winflo_5__black__aa7406-002_3_98532.jpeg;https:\/\/images.novelship.com\/product\/nike_zoom_winflo_5__black__aa7406-002_4_98532.jpeg;https:\/\/images.novelship.com\/product\/nike_zoom_winflo_5__black__aa7406-002_5_98532.jpeg"},{"@type":"BreadcrumbList","@id":"https:\/\/tourcruiser.com\/fr\/products\/nike-zoom-winflo-5-black-aa7406-002\/#breadcrumb","itemListElement":[{"@type":"ListItem","position":1,"name":"Home","item":"https:\/\/tourcruiser.com\/fr\/"},{"@type":"ListItem","position":2,"name":"Shop","item":"https:\/\/tourcruiser.com\/fr\/shop\/"},{"@type":"ListItem","position":3,"name":"Nike Zoom Winflo 5 &#8216;Black&#8217; AA7406-002"}]},{"@type":"WebSite","@id":"\/#website","url":"\/","name":"Styloral Jewelry Shop","description":"Tourcruiser Sneaker Store \u2014 L\u2019endroit o\u00f9 l\u2019univers rencontre votre singularit\u00e9.","publisher":{"@id":"\/#organization"},"potentialAction":[{"@type":"SearchAction","target":{"@type":"EntryPoint","urlTemplate":"\/?s={search_term_string}"},"query-input":{"@type":"PropertyValueSpecification","valueRequired":true,"valueName":"search_term_string"}}],"inLanguage":"fr-FR"},{"@type":"Organization","@id":"\/#organization","name":"STYLORAL PTE. LTD","url":"\/","logo":{"@type":"ImageObject","inLanguage":"fr-FR","@id":"\/#\/schema\/logo\/image\/","url":"https:\/\/www.tourcruiser.com\/wp-content\/uploads\/2025\/12\/logo.png","contentUrl":"https:\/\/www.tourcruiser.com\/wp-content\/uploads\/2025\/12\/logo.png","width":200,"height":65,"caption":"STYLORAL PTE. LTD"},"image":{"@id":"\/#\/schema\/logo\/image\/"}}]}},"_links":{"self":[{"href":"https:\/\/tourcruiser.com\/fr\/wp-json\/wp\/v2\/product\/766841","targetHints":{"allow":["GET"]}}],"collection":[{"href":"https:\/\/tourcruiser.com\/fr\/wp-json\/wp\/v2\/product"}],"about":[{"href":"https:\/\/tourcruiser.com\/fr\/wp-json\/wp\/v2\/types\/product"}],"replies":[{"embeddable":true,"href":"https:\/\/tourcruiser.com\/fr\/wp-json\/wp\/v2\/comments?post=766841"}],"wp:featuredmedia":[{"embeddable":true,"href":"https:\/\/tourcruiser.com\/fr\/wp-json\/wp\/v2\/media\/766842"}],"wp:attachment":[{"href":"https:\/\/tourcruiser.com\/fr\/wp-json\/wp\/v2\/media?parent=766841"}],"wp:term":[{"taxonomy":"product_brand","embeddable":true,"href":"https:\/\/tourcruiser.com\/fr\/wp-json\/wp\/v2\/product_brand?post=766841"},{"taxonomy":"product_cat","embeddable":true,"href":"https:\/\/tourcruiser.com\/fr\/wp-json\/wp\/v2\/product_cat?post=766841"},{"taxonomy":"product_tag","embeddable":true,"href":"https:\/\/tourcruiser.com\/fr\/wp-json\/wp\/v2\/product_tag?post=766841"}],"curies":[{"name":"wp","href":"https:\/\/api.w.org\/{rel}","templated":true}]}}