{"id":766821,"date":"2026-04-16T17:12:15","date_gmt":"2026-04-16T10:12:15","guid":{"rendered":"http:\/\/tourcruiser.com\/product\/air-jordan-3-retro-og-black-cement-2018-854262-001"},"modified":"2026-04-17T22:59:08","modified_gmt":"2026-04-17T15:59:08","slug":"air-jordan-3-retro-og-black-cement-2018-854262-001","status":"publish","type":"product","link":"https:\/\/tourcruiser.com\/fr\/products\/air-jordan-3-retro-og-black-cement-2018-854262-001\/","title":{"rendered":"Air Jordan 3 Retro OG &lsquo;Black Cement&rsquo; 2018 854262-001"},"content":{"rendered":"<p>La Air Jordan 3 Retro OG Black Cement 2018, aussi appel\u00e9e Black Cement, est un mod\u00e8le classique de la marque Jordan. Cette \u00e9l\u00e9gante chaussure noire a acquis une grande notori\u00e9t\u00e9 gr\u00e2ce \u00e0 Jay Chou. Avec son design iconique et son confort optimal, cette sneaker r\u00e9tro est id\u00e9ale pour les passionn\u00e9s de sport et de style.<\/p>\n<p>Coloris\u00a0: Noir\/Gris Ciment-Blanc-Rouge Feu<\/p>\n<p>Num\u00e9ro d&rsquo;article\u00a0: 854262-001<\/p>\n<p>Tige\u00a0: Cuir<\/p>\n<p>Semelle interm\u00e9diaire\u00a0: Air<\/p>\n<p>Couleur\u00a0: Noir<\/p>\n<p>Designer\u00a0: Tinker Hatfield<\/p>\n<p>Saison\u00a0: Hiver<\/p>\n<p>Ann\u00e9e de sortie\u00a0: 2018<\/p>\n<p>\u00c2ge\u00a0: Adulte<\/p>\n<p>Couleur\u00a0: Gris Fer\/Kumquat\/Gris Loup<\/p>\n<p>Genre\u00a0: Homme<\/p>\n","protected":false},"excerpt":{"rendered":"<p>La Air Jordan 3 Retro OG Black Cement 2018, aussi appel\u00e9e Black Cement, est un mod\u00e8le classique de la marque Jordan. Cette \u00e9l\u00e9gante chaussure noire a acquis une grande notori\u00e9t\u00e9 gr\u00e2ce \u00e0 Jay Chou. Avec son design iconique et son confort optimal, cette sneaker r\u00e9tro est id\u00e9ale pour les passionn\u00e9s de sport et de style. [&hellip;]<\/p>\n","protected":false},"featured_media":766822,"comment_status":"open","ping_status":"closed","template":"","meta":[],"product_brand":[],"product_cat":[38880],"product_tag":[10750,10800,38952,38861,38841,11211,38840,10776,38875,10756],"class_list":{"0":"post-766821","1":"product","2":"type-product","3":"status-publish","4":"has-post-thumbnail","6":"product_cat-jordan","7":"product_tag-athleisure-shoes","8":"product_tag-basketball-shoes","9":"product_tag-basketball-inspired-casual-shoes","10":"product_tag-below-retail-price","11":"product_tag-casual-shoes","12":"product_tag-celebrity-collection","13":"product_tag-gift-ideas-for-him","14":"product_tag-jordan","15":"product_tag-jordan-skateboard-shoes","16":"product_tag-retro-casual-shoes","18":"first","19":"instock","20":"taxable","21":"shipping-taxable","22":"purchasable","23":"product-type-simple"},"wcpa_form_fields":null,"yoast_head":"<!-- This site is optimized with the Yoast SEO plugin v26.5 - https:\/\/yoast.com\/wordpress\/plugins\/seo\/ -->\n<title>Air Jordan 3 Retro OG &#039;Black Cement&#039; 2018 854262-001 - TOURCRUISER PTE. LTD<\/title>\n<meta name=\"robots\" content=\"index, follow, max-snippet:-1, max-image-preview:large, max-video-preview:-1\" \/>\n<link rel=\"canonical\" href=\"https:\/\/tourcruiser.com\/fr\/products\/air-jordan-3-retro-og-black-cement-2018-854262-001\/\" \/>\n<meta property=\"og:locale\" content=\"fr_FR\" \/>\n<meta property=\"og:type\" content=\"article\" \/>\n<meta property=\"og:title\" content=\"Air Jordan 3 Retro OG &#039;Black Cement&#039; 2018 854262-001 - TOURCRUISER PTE. LTD\" \/>\n<meta property=\"og:description\" content=\"La Air Jordan 3 Retro OG Black Cement 2018, aussi appel\u00e9e Black Cement, est un mod\u00e8le classique de la marque Jordan. Cette \u00e9l\u00e9gante chaussure noire a acquis une grande notori\u00e9t\u00e9 gr\u00e2ce \u00e0 Jay Chou. Avec son design iconique et son confort optimal, cette sneaker r\u00e9tro est id\u00e9ale pour les passionn\u00e9s de sport et de style. [&hellip;]\" \/>\n<meta property=\"og:url\" content=\"https:\/\/tourcruiser.com\/fr\/products\/air-jordan-3-retro-og-black-cement-2018-854262-001\/\" \/>\n<meta property=\"og:site_name\" content=\"Tourcruiser Sneaker Store\" \/>\n<meta property=\"article:modified_time\" content=\"2026-04-17T15:59:08+00:00\" \/>\n<meta name=\"twitter:card\" content=\"summary_large_image\" \/>\n<meta name=\"twitter:image\" content=\"https:\/\/images.novelship.com\/product\/air_jordan_3_retro_og__black_cement__2018__also_wo_0_79153.jpeg;https:\/\/images.novelship.com\/product\/air_jordan_3_retro_og__black_cement__2018__also_wo_1_79153.jpeg;https:\/\/images.novelship.com\/product\/air_jordan_3_retro_og__black_cement__2018__also_wo_2_79153.jpeg;https:\/\/images.novelship.com\/product\/air_jordan_3_retro_og__black_cement__2018__also_wo_3_79153.jpeg;https:\/\/images.novelship.com\/product\/air_jordan_3_retro_og__black_cement__2018__also_wo_4_79153.jpeg;https:\/\/images.novelship.com\/product\/air_jordan_3_retro_og__black_cement__2018__also_wo_5_79153.jpeg;https:\/\/images.novelship.com\/product\/air_jordan_3_retro_og__black_cement__2018__also_wo_6_79153.jpeg;https:\/\/images.novelship.com\/product\/air_jordan_3_retro_og__black_cement__2018__also_wo_7_79153.jpeg\" \/>\n<script type=\"application\/ld+json\" class=\"yoast-schema-graph\">{\"@context\":\"https:\/\/schema.org\",\"@graph\":[{\"@type\":\"WebPage\",\"@id\":\"https:\/\/tourcruiser.com\/fr\/products\/air-jordan-3-retro-og-black-cement-2018-854262-001\/\",\"url\":\"https:\/\/tourcruiser.com\/fr\/products\/air-jordan-3-retro-og-black-cement-2018-854262-001\/\",\"name\":\"Air Jordan 3 Retro OG 'Black Cement' 2018 854262-001 - TOURCRUISER PTE. LTD\",\"isPartOf\":{\"@id\":\"\/#website\"},\"primaryImageOfPage\":{\"@id\":\"https:\/\/tourcruiser.com\/fr\/products\/air-jordan-3-retro-og-black-cement-2018-854262-001\/#primaryimage\"},\"image\":{\"@id\":\"https:\/\/tourcruiser.com\/fr\/products\/air-jordan-3-retro-og-black-cement-2018-854262-001\/#primaryimage\"},\"thumbnailUrl\":\"https:\/\/images.novelship.com\/product\/air_jordan_3_retro_og__black_cement__2018__also_wo_0_79153.jpeg;https:\/\/images.novelship.com\/product\/air_jordan_3_retro_og__black_cement__2018__also_wo_1_79153.jpeg;https:\/\/images.novelship.com\/product\/air_jordan_3_retro_og__black_cement__2018__also_wo_2_79153.jpeg;https:\/\/images.novelship.com\/product\/air_jordan_3_retro_og__black_cement__2018__also_wo_3_79153.jpeg;https:\/\/images.novelship.com\/product\/air_jordan_3_retro_og__black_cement__2018__also_wo_4_79153.jpeg;https:\/\/images.novelship.com\/product\/air_jordan_3_retro_og__black_cement__2018__also_wo_5_79153.jpeg;https:\/\/images.novelship.com\/product\/air_jordan_3_retro_og__black_cement__2018__also_wo_6_79153.jpeg;https:\/\/images.novelship.com\/product\/air_jordan_3_retro_og__black_cement__2018__also_wo_7_79153.jpeg\",\"datePublished\":\"2026-04-16T10:12:15+00:00\",\"dateModified\":\"2026-04-17T15:59:08+00:00\",\"breadcrumb\":{\"@id\":\"https:\/\/tourcruiser.com\/fr\/products\/air-jordan-3-retro-og-black-cement-2018-854262-001\/#breadcrumb\"},\"inLanguage\":\"fr-FR\",\"potentialAction\":[{\"@type\":\"ReadAction\",\"target\":[\"https:\/\/tourcruiser.com\/fr\/products\/air-jordan-3-retro-og-black-cement-2018-854262-001\/\"]}]},{\"@type\":\"ImageObject\",\"inLanguage\":\"fr-FR\",\"@id\":\"https:\/\/tourcruiser.com\/fr\/products\/air-jordan-3-retro-og-black-cement-2018-854262-001\/#primaryimage\",\"url\":\"https:\/\/images.novelship.com\/product\/air_jordan_3_retro_og__black_cement__2018__also_wo_0_79153.jpeg;https:\/\/images.novelship.com\/product\/air_jordan_3_retro_og__black_cement__2018__also_wo_1_79153.jpeg;https:\/\/images.novelship.com\/product\/air_jordan_3_retro_og__black_cement__2018__also_wo_2_79153.jpeg;https:\/\/images.novelship.com\/product\/air_jordan_3_retro_og__black_cement__2018__also_wo_3_79153.jpeg;https:\/\/images.novelship.com\/product\/air_jordan_3_retro_og__black_cement__2018__also_wo_4_79153.jpeg;https:\/\/images.novelship.com\/product\/air_jordan_3_retro_og__black_cement__2018__also_wo_5_79153.jpeg;https:\/\/images.novelship.com\/product\/air_jordan_3_retro_og__black_cement__2018__also_wo_6_79153.jpeg;https:\/\/images.novelship.com\/product\/air_jordan_3_retro_og__black_cement__2018__also_wo_7_79153.jpeg\",\"contentUrl\":\"https:\/\/images.novelship.com\/product\/air_jordan_3_retro_og__black_cement__2018__also_wo_0_79153.jpeg;https:\/\/images.novelship.com\/product\/air_jordan_3_retro_og__black_cement__2018__also_wo_1_79153.jpeg;https:\/\/images.novelship.com\/product\/air_jordan_3_retro_og__black_cement__2018__also_wo_2_79153.jpeg;https:\/\/images.novelship.com\/product\/air_jordan_3_retro_og__black_cement__2018__also_wo_3_79153.jpeg;https:\/\/images.novelship.com\/product\/air_jordan_3_retro_og__black_cement__2018__also_wo_4_79153.jpeg;https:\/\/images.novelship.com\/product\/air_jordan_3_retro_og__black_cement__2018__also_wo_5_79153.jpeg;https:\/\/images.novelship.com\/product\/air_jordan_3_retro_og__black_cement__2018__also_wo_6_79153.jpeg;https:\/\/images.novelship.com\/product\/air_jordan_3_retro_og__black_cement__2018__also_wo_7_79153.jpeg\"},{\"@type\":\"BreadcrumbList\",\"@id\":\"https:\/\/tourcruiser.com\/fr\/products\/air-jordan-3-retro-og-black-cement-2018-854262-001\/#breadcrumb\",\"itemListElement\":[{\"@type\":\"ListItem\",\"position\":1,\"name\":\"Home\",\"item\":\"https:\/\/tourcruiser.com\/fr\/\"},{\"@type\":\"ListItem\",\"position\":2,\"name\":\"Shop\",\"item\":\"https:\/\/tourcruiser.com\/fr\/shop\/\"},{\"@type\":\"ListItem\",\"position\":3,\"name\":\"Air Jordan 3 Retro OG &#8216;Black Cement&#8217; 2018 854262-001\"}]},{\"@type\":\"WebSite\",\"@id\":\"\/#website\",\"url\":\"\/\",\"name\":\"Styloral Jewelry Shop\",\"description\":\"Tourcruiser Sneaker Store \u2014 L\u2019endroit o\u00f9 l\u2019univers rencontre votre singularit\u00e9.\",\"publisher\":{\"@id\":\"\/#organization\"},\"potentialAction\":[{\"@type\":\"SearchAction\",\"target\":{\"@type\":\"EntryPoint\",\"urlTemplate\":\"\/?s={search_term_string}\"},\"query-input\":{\"@type\":\"PropertyValueSpecification\",\"valueRequired\":true,\"valueName\":\"search_term_string\"}}],\"inLanguage\":\"fr-FR\"},{\"@type\":\"Organization\",\"@id\":\"\/#organization\",\"name\":\"STYLORAL PTE. LTD\",\"url\":\"\/\",\"logo\":{\"@type\":\"ImageObject\",\"inLanguage\":\"fr-FR\",\"@id\":\"\/#\/schema\/logo\/image\/\",\"url\":\"https:\/\/www.tourcruiser.com\/wp-content\/uploads\/2025\/12\/logo.png\",\"contentUrl\":\"https:\/\/www.tourcruiser.com\/wp-content\/uploads\/2025\/12\/logo.png\",\"width\":200,\"height\":65,\"caption\":\"STYLORAL PTE. LTD\"},\"image\":{\"@id\":\"\/#\/schema\/logo\/image\/\"}}]}<\/script>\n<!-- \/ Yoast SEO plugin. -->","yoast_head_json":{"title":"Air Jordan 3 Retro OG 'Black Cement' 2018 854262-001 - TOURCRUISER PTE. LTD","robots":{"index":"index","follow":"follow","max-snippet":"max-snippet:-1","max-image-preview":"max-image-preview:large","max-video-preview":"max-video-preview:-1"},"canonical":"https:\/\/tourcruiser.com\/fr\/products\/air-jordan-3-retro-og-black-cement-2018-854262-001\/","og_locale":"fr_FR","og_type":"article","og_title":"Air Jordan 3 Retro OG 'Black Cement' 2018 854262-001 - TOURCRUISER PTE. LTD","og_description":"La Air Jordan 3 Retro OG Black Cement 2018, aussi appel\u00e9e Black Cement, est un mod\u00e8le classique de la marque Jordan. Cette \u00e9l\u00e9gante chaussure noire a acquis une grande notori\u00e9t\u00e9 gr\u00e2ce \u00e0 Jay Chou. Avec son design iconique et son confort optimal, cette sneaker r\u00e9tro est id\u00e9ale pour les passionn\u00e9s de sport et de style. [&hellip;]","og_url":"https:\/\/tourcruiser.com\/fr\/products\/air-jordan-3-retro-og-black-cement-2018-854262-001\/","og_site_name":"Tourcruiser Sneaker Store","article_modified_time":"2026-04-17T15:59:08+00:00","twitter_card":"summary_large_image","twitter_image":"https:\/\/images.novelship.com\/product\/air_jordan_3_retro_og__black_cement__2018__also_wo_0_79153.jpeg;https:\/\/images.novelship.com\/product\/air_jordan_3_retro_og__black_cement__2018__also_wo_1_79153.jpeg;https:\/\/images.novelship.com\/product\/air_jordan_3_retro_og__black_cement__2018__also_wo_2_79153.jpeg;https:\/\/images.novelship.com\/product\/air_jordan_3_retro_og__black_cement__2018__also_wo_3_79153.jpeg;https:\/\/images.novelship.com\/product\/air_jordan_3_retro_og__black_cement__2018__also_wo_4_79153.jpeg;https:\/\/images.novelship.com\/product\/air_jordan_3_retro_og__black_cement__2018__also_wo_5_79153.jpeg;https:\/\/images.novelship.com\/product\/air_jordan_3_retro_og__black_cement__2018__also_wo_6_79153.jpeg;https:\/\/images.novelship.com\/product\/air_jordan_3_retro_og__black_cement__2018__also_wo_7_79153.jpeg","schema":{"@context":"https:\/\/schema.org","@graph":[{"@type":"WebPage","@id":"https:\/\/tourcruiser.com\/fr\/products\/air-jordan-3-retro-og-black-cement-2018-854262-001\/","url":"https:\/\/tourcruiser.com\/fr\/products\/air-jordan-3-retro-og-black-cement-2018-854262-001\/","name":"Air Jordan 3 Retro OG 'Black Cement' 2018 854262-001 - TOURCRUISER PTE. LTD","isPartOf":{"@id":"\/#website"},"primaryImageOfPage":{"@id":"https:\/\/tourcruiser.com\/fr\/products\/air-jordan-3-retro-og-black-cement-2018-854262-001\/#primaryimage"},"image":{"@id":"https:\/\/tourcruiser.com\/fr\/products\/air-jordan-3-retro-og-black-cement-2018-854262-001\/#primaryimage"},"thumbnailUrl":"https:\/\/images.novelship.com\/product\/air_jordan_3_retro_og__black_cement__2018__also_wo_0_79153.jpeg;https:\/\/images.novelship.com\/product\/air_jordan_3_retro_og__black_cement__2018__also_wo_1_79153.jpeg;https:\/\/images.novelship.com\/product\/air_jordan_3_retro_og__black_cement__2018__also_wo_2_79153.jpeg;https:\/\/images.novelship.com\/product\/air_jordan_3_retro_og__black_cement__2018__also_wo_3_79153.jpeg;https:\/\/images.novelship.com\/product\/air_jordan_3_retro_og__black_cement__2018__also_wo_4_79153.jpeg;https:\/\/images.novelship.com\/product\/air_jordan_3_retro_og__black_cement__2018__also_wo_5_79153.jpeg;https:\/\/images.novelship.com\/product\/air_jordan_3_retro_og__black_cement__2018__also_wo_6_79153.jpeg;https:\/\/images.novelship.com\/product\/air_jordan_3_retro_og__black_cement__2018__also_wo_7_79153.jpeg","datePublished":"2026-04-16T10:12:15+00:00","dateModified":"2026-04-17T15:59:08+00:00","breadcrumb":{"@id":"https:\/\/tourcruiser.com\/fr\/products\/air-jordan-3-retro-og-black-cement-2018-854262-001\/#breadcrumb"},"inLanguage":"fr-FR","potentialAction":[{"@type":"ReadAction","target":["https:\/\/tourcruiser.com\/fr\/products\/air-jordan-3-retro-og-black-cement-2018-854262-001\/"]}]},{"@type":"ImageObject","inLanguage":"fr-FR","@id":"https:\/\/tourcruiser.com\/fr\/products\/air-jordan-3-retro-og-black-cement-2018-854262-001\/#primaryimage","url":"https:\/\/images.novelship.com\/product\/air_jordan_3_retro_og__black_cement__2018__also_wo_0_79153.jpeg;https:\/\/images.novelship.com\/product\/air_jordan_3_retro_og__black_cement__2018__also_wo_1_79153.jpeg;https:\/\/images.novelship.com\/product\/air_jordan_3_retro_og__black_cement__2018__also_wo_2_79153.jpeg;https:\/\/images.novelship.com\/product\/air_jordan_3_retro_og__black_cement__2018__also_wo_3_79153.jpeg;https:\/\/images.novelship.com\/product\/air_jordan_3_retro_og__black_cement__2018__also_wo_4_79153.jpeg;https:\/\/images.novelship.com\/product\/air_jordan_3_retro_og__black_cement__2018__also_wo_5_79153.jpeg;https:\/\/images.novelship.com\/product\/air_jordan_3_retro_og__black_cement__2018__also_wo_6_79153.jpeg;https:\/\/images.novelship.com\/product\/air_jordan_3_retro_og__black_cement__2018__also_wo_7_79153.jpeg","contentUrl":"https:\/\/images.novelship.com\/product\/air_jordan_3_retro_og__black_cement__2018__also_wo_0_79153.jpeg;https:\/\/images.novelship.com\/product\/air_jordan_3_retro_og__black_cement__2018__also_wo_1_79153.jpeg;https:\/\/images.novelship.com\/product\/air_jordan_3_retro_og__black_cement__2018__also_wo_2_79153.jpeg;https:\/\/images.novelship.com\/product\/air_jordan_3_retro_og__black_cement__2018__also_wo_3_79153.jpeg;https:\/\/images.novelship.com\/product\/air_jordan_3_retro_og__black_cement__2018__also_wo_4_79153.jpeg;https:\/\/images.novelship.com\/product\/air_jordan_3_retro_og__black_cement__2018__also_wo_5_79153.jpeg;https:\/\/images.novelship.com\/product\/air_jordan_3_retro_og__black_cement__2018__also_wo_6_79153.jpeg;https:\/\/images.novelship.com\/product\/air_jordan_3_retro_og__black_cement__2018__also_wo_7_79153.jpeg"},{"@type":"BreadcrumbList","@id":"https:\/\/tourcruiser.com\/fr\/products\/air-jordan-3-retro-og-black-cement-2018-854262-001\/#breadcrumb","itemListElement":[{"@type":"ListItem","position":1,"name":"Home","item":"https:\/\/tourcruiser.com\/fr\/"},{"@type":"ListItem","position":2,"name":"Shop","item":"https:\/\/tourcruiser.com\/fr\/shop\/"},{"@type":"ListItem","position":3,"name":"Air Jordan 3 Retro OG &#8216;Black Cement&#8217; 2018 854262-001"}]},{"@type":"WebSite","@id":"\/#website","url":"\/","name":"Styloral Jewelry Shop","description":"Tourcruiser Sneaker Store \u2014 L\u2019endroit o\u00f9 l\u2019univers rencontre votre singularit\u00e9.","publisher":{"@id":"\/#organization"},"potentialAction":[{"@type":"SearchAction","target":{"@type":"EntryPoint","urlTemplate":"\/?s={search_term_string}"},"query-input":{"@type":"PropertyValueSpecification","valueRequired":true,"valueName":"search_term_string"}}],"inLanguage":"fr-FR"},{"@type":"Organization","@id":"\/#organization","name":"STYLORAL PTE. LTD","url":"\/","logo":{"@type":"ImageObject","inLanguage":"fr-FR","@id":"\/#\/schema\/logo\/image\/","url":"https:\/\/www.tourcruiser.com\/wp-content\/uploads\/2025\/12\/logo.png","contentUrl":"https:\/\/www.tourcruiser.com\/wp-content\/uploads\/2025\/12\/logo.png","width":200,"height":65,"caption":"STYLORAL PTE. LTD"},"image":{"@id":"\/#\/schema\/logo\/image\/"}}]}},"_links":{"self":[{"href":"https:\/\/tourcruiser.com\/fr\/wp-json\/wp\/v2\/product\/766821","targetHints":{"allow":["GET"]}}],"collection":[{"href":"https:\/\/tourcruiser.com\/fr\/wp-json\/wp\/v2\/product"}],"about":[{"href":"https:\/\/tourcruiser.com\/fr\/wp-json\/wp\/v2\/types\/product"}],"replies":[{"embeddable":true,"href":"https:\/\/tourcruiser.com\/fr\/wp-json\/wp\/v2\/comments?post=766821"}],"wp:featuredmedia":[{"embeddable":true,"href":"https:\/\/tourcruiser.com\/fr\/wp-json\/wp\/v2\/media\/766822"}],"wp:attachment":[{"href":"https:\/\/tourcruiser.com\/fr\/wp-json\/wp\/v2\/media?parent=766821"}],"wp:term":[{"taxonomy":"product_brand","embeddable":true,"href":"https:\/\/tourcruiser.com\/fr\/wp-json\/wp\/v2\/product_brand?post=766821"},{"taxonomy":"product_cat","embeddable":true,"href":"https:\/\/tourcruiser.com\/fr\/wp-json\/wp\/v2\/product_cat?post=766821"},{"taxonomy":"product_tag","embeddable":true,"href":"https:\/\/tourcruiser.com\/fr\/wp-json\/wp\/v2\/product_tag?post=766821"}],"curies":[{"name":"wp","href":"https:\/\/api.w.org\/{rel}","templated":true}]}}