{"id":766451,"date":"2026-04-16T17:12:00","date_gmt":"2026-04-16T10:12:00","guid":{"rendered":"http:\/\/tourcruiser.com\/product\/nike-air-zoom-alphafly-next-2-white-clear-jade-dn3555-100"},"modified":"2026-04-17T21:55:38","modified_gmt":"2026-04-17T14:55:38","slug":"nike-air-zoom-alphafly-next-2-white-clear-jade-dn3555-100","status":"publish","type":"product","link":"https:\/\/tourcruiser.com\/fr\/products\/nike-air-zoom-alphafly-next-2-white-clear-jade-dn3555-100\/","title":{"rendered":"Nike Air Zoom Alphafly NEXT 2 &lsquo;White Clear Jade&rsquo; DN3555-100"},"content":{"rendered":"<p>D\u00e9passez vos limites en course \u00e0 pied avec la Nike Air Zoom Alphafly NEXT 2 \u00ab\u00a0White Clear Jade\u00a0\u00bb. Con\u00e7ue pour les athl\u00e8tes de haut niveau, cette chaussure r\u00e9volutionnaire int\u00e8gre des unit\u00e9s Zoom Air pour un retour d&rsquo;\u00e9nergie exceptionnel et une plaque en carbone sur toute la longueur pour une propulsion optimale. L&#8217;empeigne Flyknit respirante offre un maintien s\u00fbr et une grande l\u00e9g\u00e8ret\u00e9, tandis que la semelle ext\u00e9rieure en caoutchouc r\u00e9sistant assure une adh\u00e9rence et une traction optimales sur toutes les surfaces. D\u00e9couvrez une vitesse, un confort et un style in\u00e9gal\u00e9s avec la Nike Air Zoom Alphafly NEXT 2 \u00ab\u00a0White Clear Jade\u00a0\u00bb.<\/p>\n<p>Coloris\u00a0: Blanc\/Jade clair\/Bleu outremer clair\/Bleu jungle profond<\/p>\n<p>Code article\u00a0: DN3555-100<\/p>\n<p>Empeigne\u00a0: Atomknit<\/p>\n<p>Semelle interm\u00e9diaire\u00a0: Zoom X<\/p>\n<p>Couleur\u00a0: Blanc<\/p>\n<p>Ann\u00e9e de sortie\u00a0: 2023<\/p>\n<p>\u00c2ge\u00a0: Adulte<\/p>\n<p>Couleur\u00a0: Noir\/Blanc<\/p>\n<p>Genre\u00a0: Homme<\/p>\n","protected":false},"excerpt":{"rendered":"<p>D\u00e9passez vos limites en course \u00e0 pied avec la Nike Air Zoom Alphafly NEXT 2 \u00ab\u00a0White Clear Jade\u00a0\u00bb. Con\u00e7ue pour les athl\u00e8tes de haut niveau, cette chaussure r\u00e9volutionnaire int\u00e8gre des unit\u00e9s Zoom Air pour un retour d&rsquo;\u00e9nergie exceptionnel et une plaque en carbone sur toute la longueur pour une propulsion optimale. L&#8217;empeigne Flyknit respirante offre [&hellip;]<\/p>\n","protected":false},"featured_media":766452,"comment_status":"open","ping_status":"closed","template":"","meta":[],"product_brand":[],"product_cat":[10803],"product_tag":[38861,38842,39057,10801,10882,38846,10840,39056],"class_list":{"0":"post-766451","1":"product","2":"type-product","3":"status-publish","4":"has-post-thumbnail","6":"product_cat-nike","7":"product_tag-below-retail-price","8":"product_tag-gift-idea-for-him","9":"product_tag-marathon-long-distance-running-shoes","10":"product_tag-nike","11":"product_tag-nike-running-shoes","12":"product_tag-performance-sports-shoes","13":"product_tag-running-shoes","14":"product_tag-running-shoes-with-carbon-coating","15":"wcpa_has_options","17":"first","18":"instock","19":"taxable","20":"shipping-taxable","21":"purchasable","22":"product-type-simple"},"wcpa_form_fields":{"rules":{"pric_overide_base_price":false,"pric_overide_base_price_if_gt_zero":false,"pric_overide_base_price_fully":false,"pric_cal_option_once":false,"pric_use_as_fee":false,"bind_quantity":false,"quantity_bind_formula":false},"fields":[{"type":"color-group","required":true,"elementId":"wcpa-color-group-66c4a75505e74","label":"Taille","inline":true,"priceOptions":"different_for_all","pricingType":"fixed","className":"hassizechart product-shoes-size-eu product-shoes-size","name":"color-group-66c4a75505e89","disp_type":"square","selection_type":"tick-border","disp_size":"44","show_label_inside":true,"adjust_width":true,"cart_display_type":"text","other_text":"Other","cl_rule":"show","col":6,"values":[{"label":"35.5","value":"EU 35.5","price":"","pimage":"","pimage_id":"","pthumb":"","color":""},{"label":"36","value":"EU 36","price":"","pimage":"","pimage_id":"","pthumb":"","color":"","selected":true},{"label":"36.5","value":"EU 36.5","price":"","pimage":"","pimage_id":"","pthumb":"","color":""},{"label":"37.5","value":"EU 37.5","price":"","pimage":"","pimage_id":"","pthumb":"","color":""},{"label":"38","value":"EU 38","price":"","pimage":"","pimage_id":"","pthumb":"","color":""},{"label":"38.5","value":"EU 38.5","price":"","pimage":"","pimage_id":"","pthumb":"","color":""},{"label":"39","value":"EU 39","price":"","pimage":"","pimage_id":"","pthumb":"","color":""},{"label":"40","value":"EU 40","price":"","pimage":"","pimage_id":"","pthumb":"","color":""},{"label":"40.5","value":"EU 40.5","price":"","pimage":"","pimage_id":"","pthumb":"","color":""},{"label":"41","value":"EU 41","price":"","pimage":"","pimage_id":"","pthumb":"","color":""},{"label":"42","value":"EU 42","price":"","pimage":"","pimage_id":"","pthumb":"","color":""},{"label":"42.5","value":"EU 42.5","price":"","pimage":"","pimage_id":"","pthumb":"","color":""},{"label":"43","value":"EU 43","price":"","pimage":"","pimage_id":"","pthumb":"","color":""},{"label":"44","value":"EU 44","price":"","pimage":"","pimage_id":"","pthumb":"","color":""},{"label":"44.5","value":"EU 44.5","price":"","pimage":"","pimage_id":"","pthumb":"","color":""},{"label":"45","value":"EU 45","price":"","pimage":"","pimage_id":"","pthumb":"","color":""},{"label":"45.5","value":"EU 45.5","price":"","pimage":"","pimage_id":"","pthumb":"","color":""},{"label":"46","value":"EU 46","price":"","pimage":"","pimage_id":"","pthumb":"","color":""},{"label":"47","value":"EU 47","price":"","pimage":"","pimage_id":"","pthumb":"","color":""},{"label":"47.5","value":"EU 47.5","price":"","pimage":"","pimage_id":"","pthumb":"","color":""},{"label":"48","value":"EU 48","price":"","pimage":"","pimage_id":"","pthumb":"","color":""}],"relations":[{"operator":false,"rules":[]}],"form_id":18106,"form_rules":{"pric_cal_option_once":false,"exclude_from_discount":false,"pric_use_as_fee":false,"fee_label":"Fee","render_after_acb":false,"disp_hide_options_price":false}}]},"yoast_head":"<!-- This site is optimized with the Yoast SEO plugin v26.5 - https:\/\/yoast.com\/wordpress\/plugins\/seo\/ -->\n<title>Nike Air Zoom Alphafly NEXT 2 &#039;White Clear Jade&#039; DN3555-100 - TOURCRUISER PTE. LTD<\/title>\n<meta name=\"robots\" content=\"index, follow, max-snippet:-1, max-image-preview:large, max-video-preview:-1\" \/>\n<link rel=\"canonical\" href=\"https:\/\/tourcruiser.com\/fr\/products\/nike-air-zoom-alphafly-next-2-white-clear-jade-dn3555-100\/\" \/>\n<meta property=\"og:locale\" content=\"fr_FR\" \/>\n<meta property=\"og:type\" content=\"article\" \/>\n<meta property=\"og:title\" content=\"Nike Air Zoom Alphafly NEXT 2 &#039;White Clear Jade&#039; DN3555-100 - TOURCRUISER PTE. LTD\" \/>\n<meta property=\"og:description\" content=\"D\u00e9passez vos limites en course \u00e0 pied avec la Nike Air Zoom Alphafly NEXT 2 \u00ab\u00a0White Clear Jade\u00a0\u00bb. Con\u00e7ue pour les athl\u00e8tes de haut niveau, cette chaussure r\u00e9volutionnaire int\u00e8gre des unit\u00e9s Zoom Air pour un retour d&rsquo;\u00e9nergie exceptionnel et une plaque en carbone sur toute la longueur pour une propulsion optimale. L&#8217;empeigne Flyknit respirante offre [&hellip;]\" \/>\n<meta property=\"og:url\" content=\"https:\/\/tourcruiser.com\/fr\/products\/nike-air-zoom-alphafly-next-2-white-clear-jade-dn3555-100\/\" \/>\n<meta property=\"og:site_name\" content=\"Tourcruiser Sneaker Store\" \/>\n<meta property=\"article:modified_time\" content=\"2026-04-17T14:55:38+00:00\" \/>\n<meta name=\"twitter:card\" content=\"summary_large_image\" \/>\n<meta name=\"twitter:image\" content=\"https:\/\/images.novelship.com\/product\/nike_air_zoom_alphafly_next_2__white_clear_jade__d_0_37053.jpeg;https:\/\/images.novelship.com\/product\/nike_air_zoom_alphafly_next_2__white_clear_jade__d_1_37053.jpeg;https:\/\/images.novelship.com\/product\/nike_air_zoom_alphafly_next_2__white_clear_jade__d_2_37053.jpeg;https:\/\/images.novelship.com\/product\/nike_air_zoom_alphafly_next_2__white_clear_jade__d_3_37053.jpeg;https:\/\/images.novelship.com\/product\/nike_air_zoom_alphafly_next_2__white_clear_jade__d_4_37053.jpeg;https:\/\/images.novelship.com\/product\/nike_air_zoom_alphafly_next_2__white_clear_jade__d_5_37053.jpeg;https:\/\/images.novelship.com\/product\/nike_air_zoom_alphafly_next_2__white_clear_jade__d_6_37053.jpeg;https:\/\/images.novelship.com\/product\/nike_air_zoom_alphafly_next_2__white_clear_jade__d_7_37053.jpeg\" \/>\n<meta name=\"twitter:label1\" content=\"Dur\u00e9e de lecture estim\u00e9e\" \/>\n\t<meta name=\"twitter:data1\" content=\"1 minute\" \/>\n<script type=\"application\/ld+json\" class=\"yoast-schema-graph\">{\"@context\":\"https:\/\/schema.org\",\"@graph\":[{\"@type\":\"WebPage\",\"@id\":\"https:\/\/tourcruiser.com\/fr\/products\/nike-air-zoom-alphafly-next-2-white-clear-jade-dn3555-100\/\",\"url\":\"https:\/\/tourcruiser.com\/fr\/products\/nike-air-zoom-alphafly-next-2-white-clear-jade-dn3555-100\/\",\"name\":\"Nike Air Zoom Alphafly NEXT 2 'White Clear Jade' DN3555-100 - TOURCRUISER PTE. LTD\",\"isPartOf\":{\"@id\":\"https:\/\/tourcruiser.com\/fr\/#website\"},\"primaryImageOfPage\":{\"@id\":\"https:\/\/tourcruiser.com\/fr\/products\/nike-air-zoom-alphafly-next-2-white-clear-jade-dn3555-100\/#primaryimage\"},\"image\":{\"@id\":\"https:\/\/tourcruiser.com\/fr\/products\/nike-air-zoom-alphafly-next-2-white-clear-jade-dn3555-100\/#primaryimage\"},\"thumbnailUrl\":\"https:\/\/images.novelship.com\/product\/nike_air_zoom_alphafly_next_2__white_clear_jade__d_0_37053.jpeg;https:\/\/images.novelship.com\/product\/nike_air_zoom_alphafly_next_2__white_clear_jade__d_1_37053.jpeg;https:\/\/images.novelship.com\/product\/nike_air_zoom_alphafly_next_2__white_clear_jade__d_2_37053.jpeg;https:\/\/images.novelship.com\/product\/nike_air_zoom_alphafly_next_2__white_clear_jade__d_3_37053.jpeg;https:\/\/images.novelship.com\/product\/nike_air_zoom_alphafly_next_2__white_clear_jade__d_4_37053.jpeg;https:\/\/images.novelship.com\/product\/nike_air_zoom_alphafly_next_2__white_clear_jade__d_5_37053.jpeg;https:\/\/images.novelship.com\/product\/nike_air_zoom_alphafly_next_2__white_clear_jade__d_6_37053.jpeg;https:\/\/images.novelship.com\/product\/nike_air_zoom_alphafly_next_2__white_clear_jade__d_7_37053.jpeg\",\"datePublished\":\"2026-04-16T10:12:00+00:00\",\"dateModified\":\"2026-04-17T14:55:38+00:00\",\"breadcrumb\":{\"@id\":\"https:\/\/tourcruiser.com\/fr\/products\/nike-air-zoom-alphafly-next-2-white-clear-jade-dn3555-100\/#breadcrumb\"},\"inLanguage\":\"fr-FR\",\"potentialAction\":[{\"@type\":\"ReadAction\",\"target\":[\"https:\/\/tourcruiser.com\/fr\/products\/nike-air-zoom-alphafly-next-2-white-clear-jade-dn3555-100\/\"]}]},{\"@type\":\"ImageObject\",\"inLanguage\":\"fr-FR\",\"@id\":\"https:\/\/tourcruiser.com\/fr\/products\/nike-air-zoom-alphafly-next-2-white-clear-jade-dn3555-100\/#primaryimage\",\"url\":\"https:\/\/images.novelship.com\/product\/nike_air_zoom_alphafly_next_2__white_clear_jade__d_0_37053.jpeg;https:\/\/images.novelship.com\/product\/nike_air_zoom_alphafly_next_2__white_clear_jade__d_1_37053.jpeg;https:\/\/images.novelship.com\/product\/nike_air_zoom_alphafly_next_2__white_clear_jade__d_2_37053.jpeg;https:\/\/images.novelship.com\/product\/nike_air_zoom_alphafly_next_2__white_clear_jade__d_3_37053.jpeg;https:\/\/images.novelship.com\/product\/nike_air_zoom_alphafly_next_2__white_clear_jade__d_4_37053.jpeg;https:\/\/images.novelship.com\/product\/nike_air_zoom_alphafly_next_2__white_clear_jade__d_5_37053.jpeg;https:\/\/images.novelship.com\/product\/nike_air_zoom_alphafly_next_2__white_clear_jade__d_6_37053.jpeg;https:\/\/images.novelship.com\/product\/nike_air_zoom_alphafly_next_2__white_clear_jade__d_7_37053.jpeg\",\"contentUrl\":\"https:\/\/images.novelship.com\/product\/nike_air_zoom_alphafly_next_2__white_clear_jade__d_0_37053.jpeg;https:\/\/images.novelship.com\/product\/nike_air_zoom_alphafly_next_2__white_clear_jade__d_1_37053.jpeg;https:\/\/images.novelship.com\/product\/nike_air_zoom_alphafly_next_2__white_clear_jade__d_2_37053.jpeg;https:\/\/images.novelship.com\/product\/nike_air_zoom_alphafly_next_2__white_clear_jade__d_3_37053.jpeg;https:\/\/images.novelship.com\/product\/nike_air_zoom_alphafly_next_2__white_clear_jade__d_4_37053.jpeg;https:\/\/images.novelship.com\/product\/nike_air_zoom_alphafly_next_2__white_clear_jade__d_5_37053.jpeg;https:\/\/images.novelship.com\/product\/nike_air_zoom_alphafly_next_2__white_clear_jade__d_6_37053.jpeg;https:\/\/images.novelship.com\/product\/nike_air_zoom_alphafly_next_2__white_clear_jade__d_7_37053.jpeg\"},{\"@type\":\"BreadcrumbList\",\"@id\":\"https:\/\/tourcruiser.com\/fr\/products\/nike-air-zoom-alphafly-next-2-white-clear-jade-dn3555-100\/#breadcrumb\",\"itemListElement\":[{\"@type\":\"ListItem\",\"position\":1,\"name\":\"Home\",\"item\":\"https:\/\/tourcruiser.com\/fr\/\"},{\"@type\":\"ListItem\",\"position\":2,\"name\":\"Shop\",\"item\":\"https:\/\/tourcruiser.com\/fr\/shop\/\"},{\"@type\":\"ListItem\",\"position\":3,\"name\":\"Nike Air Zoom Alphafly NEXT 2 &#8216;White Clear Jade&#8217; DN3555-100\"}]},{\"@type\":\"WebSite\",\"@id\":\"https:\/\/tourcruiser.com\/fr\/#website\",\"url\":\"https:\/\/tourcruiser.com\/fr\/\",\"name\":\"Styloral Jewelry Shop\",\"description\":\"Tourcruiser Sneaker Store \u2014 L\u2019endroit o\u00f9 l\u2019univers rencontre votre singularit\u00e9.\",\"publisher\":{\"@id\":\"https:\/\/tourcruiser.com\/fr\/#organization\"},\"potentialAction\":[{\"@type\":\"SearchAction\",\"target\":{\"@type\":\"EntryPoint\",\"urlTemplate\":\"https:\/\/tourcruiser.com\/fr\/?s={search_term_string}\"},\"query-input\":{\"@type\":\"PropertyValueSpecification\",\"valueRequired\":true,\"valueName\":\"search_term_string\"}}],\"inLanguage\":\"fr-FR\"},{\"@type\":\"Organization\",\"@id\":\"https:\/\/tourcruiser.com\/fr\/#organization\",\"name\":\"STYLORAL PTE. LTD\",\"url\":\"https:\/\/tourcruiser.com\/fr\/\",\"logo\":{\"@type\":\"ImageObject\",\"inLanguage\":\"fr-FR\",\"@id\":\"https:\/\/tourcruiser.com\/fr\/#\/schema\/logo\/image\/\",\"url\":\"https:\/\/www.tourcruiser.com\/wp-content\/uploads\/2025\/12\/logo.png\",\"contentUrl\":\"https:\/\/www.tourcruiser.com\/wp-content\/uploads\/2025\/12\/logo.png\",\"width\":200,\"height\":65,\"caption\":\"STYLORAL PTE. LTD\"},\"image\":{\"@id\":\"https:\/\/tourcruiser.com\/fr\/#\/schema\/logo\/image\/\"}}]}<\/script>\n<!-- \/ Yoast SEO plugin. -->","yoast_head_json":{"title":"Nike Air Zoom Alphafly NEXT 2 'White Clear Jade' DN3555-100 - TOURCRUISER PTE. LTD","robots":{"index":"index","follow":"follow","max-snippet":"max-snippet:-1","max-image-preview":"max-image-preview:large","max-video-preview":"max-video-preview:-1"},"canonical":"https:\/\/tourcruiser.com\/fr\/products\/nike-air-zoom-alphafly-next-2-white-clear-jade-dn3555-100\/","og_locale":"fr_FR","og_type":"article","og_title":"Nike Air Zoom Alphafly NEXT 2 'White Clear Jade' DN3555-100 - TOURCRUISER PTE. LTD","og_description":"D\u00e9passez vos limites en course \u00e0 pied avec la Nike Air Zoom Alphafly NEXT 2 \u00ab\u00a0White Clear Jade\u00a0\u00bb. Con\u00e7ue pour les athl\u00e8tes de haut niveau, cette chaussure r\u00e9volutionnaire int\u00e8gre des unit\u00e9s Zoom Air pour un retour d&rsquo;\u00e9nergie exceptionnel et une plaque en carbone sur toute la longueur pour une propulsion optimale. L&#8217;empeigne Flyknit respirante offre [&hellip;]","og_url":"https:\/\/tourcruiser.com\/fr\/products\/nike-air-zoom-alphafly-next-2-white-clear-jade-dn3555-100\/","og_site_name":"Tourcruiser Sneaker Store","article_modified_time":"2026-04-17T14:55:38+00:00","twitter_card":"summary_large_image","twitter_image":"https:\/\/images.novelship.com\/product\/nike_air_zoom_alphafly_next_2__white_clear_jade__d_0_37053.jpeg;https:\/\/images.novelship.com\/product\/nike_air_zoom_alphafly_next_2__white_clear_jade__d_1_37053.jpeg;https:\/\/images.novelship.com\/product\/nike_air_zoom_alphafly_next_2__white_clear_jade__d_2_37053.jpeg;https:\/\/images.novelship.com\/product\/nike_air_zoom_alphafly_next_2__white_clear_jade__d_3_37053.jpeg;https:\/\/images.novelship.com\/product\/nike_air_zoom_alphafly_next_2__white_clear_jade__d_4_37053.jpeg;https:\/\/images.novelship.com\/product\/nike_air_zoom_alphafly_next_2__white_clear_jade__d_5_37053.jpeg;https:\/\/images.novelship.com\/product\/nike_air_zoom_alphafly_next_2__white_clear_jade__d_6_37053.jpeg;https:\/\/images.novelship.com\/product\/nike_air_zoom_alphafly_next_2__white_clear_jade__d_7_37053.jpeg","twitter_misc":{"Dur\u00e9e de lecture estim\u00e9e":"1 minute"},"schema":{"@context":"https:\/\/schema.org","@graph":[{"@type":"WebPage","@id":"https:\/\/tourcruiser.com\/fr\/products\/nike-air-zoom-alphafly-next-2-white-clear-jade-dn3555-100\/","url":"https:\/\/tourcruiser.com\/fr\/products\/nike-air-zoom-alphafly-next-2-white-clear-jade-dn3555-100\/","name":"Nike Air Zoom Alphafly NEXT 2 'White Clear Jade' DN3555-100 - TOURCRUISER PTE. LTD","isPartOf":{"@id":"https:\/\/tourcruiser.com\/fr\/#website"},"primaryImageOfPage":{"@id":"https:\/\/tourcruiser.com\/fr\/products\/nike-air-zoom-alphafly-next-2-white-clear-jade-dn3555-100\/#primaryimage"},"image":{"@id":"https:\/\/tourcruiser.com\/fr\/products\/nike-air-zoom-alphafly-next-2-white-clear-jade-dn3555-100\/#primaryimage"},"thumbnailUrl":"https:\/\/images.novelship.com\/product\/nike_air_zoom_alphafly_next_2__white_clear_jade__d_0_37053.jpeg;https:\/\/images.novelship.com\/product\/nike_air_zoom_alphafly_next_2__white_clear_jade__d_1_37053.jpeg;https:\/\/images.novelship.com\/product\/nike_air_zoom_alphafly_next_2__white_clear_jade__d_2_37053.jpeg;https:\/\/images.novelship.com\/product\/nike_air_zoom_alphafly_next_2__white_clear_jade__d_3_37053.jpeg;https:\/\/images.novelship.com\/product\/nike_air_zoom_alphafly_next_2__white_clear_jade__d_4_37053.jpeg;https:\/\/images.novelship.com\/product\/nike_air_zoom_alphafly_next_2__white_clear_jade__d_5_37053.jpeg;https:\/\/images.novelship.com\/product\/nike_air_zoom_alphafly_next_2__white_clear_jade__d_6_37053.jpeg;https:\/\/images.novelship.com\/product\/nike_air_zoom_alphafly_next_2__white_clear_jade__d_7_37053.jpeg","datePublished":"2026-04-16T10:12:00+00:00","dateModified":"2026-04-17T14:55:38+00:00","breadcrumb":{"@id":"https:\/\/tourcruiser.com\/fr\/products\/nike-air-zoom-alphafly-next-2-white-clear-jade-dn3555-100\/#breadcrumb"},"inLanguage":"fr-FR","potentialAction":[{"@type":"ReadAction","target":["https:\/\/tourcruiser.com\/fr\/products\/nike-air-zoom-alphafly-next-2-white-clear-jade-dn3555-100\/"]}]},{"@type":"ImageObject","inLanguage":"fr-FR","@id":"https:\/\/tourcruiser.com\/fr\/products\/nike-air-zoom-alphafly-next-2-white-clear-jade-dn3555-100\/#primaryimage","url":"https:\/\/images.novelship.com\/product\/nike_air_zoom_alphafly_next_2__white_clear_jade__d_0_37053.jpeg;https:\/\/images.novelship.com\/product\/nike_air_zoom_alphafly_next_2__white_clear_jade__d_1_37053.jpeg;https:\/\/images.novelship.com\/product\/nike_air_zoom_alphafly_next_2__white_clear_jade__d_2_37053.jpeg;https:\/\/images.novelship.com\/product\/nike_air_zoom_alphafly_next_2__white_clear_jade__d_3_37053.jpeg;https:\/\/images.novelship.com\/product\/nike_air_zoom_alphafly_next_2__white_clear_jade__d_4_37053.jpeg;https:\/\/images.novelship.com\/product\/nike_air_zoom_alphafly_next_2__white_clear_jade__d_5_37053.jpeg;https:\/\/images.novelship.com\/product\/nike_air_zoom_alphafly_next_2__white_clear_jade__d_6_37053.jpeg;https:\/\/images.novelship.com\/product\/nike_air_zoom_alphafly_next_2__white_clear_jade__d_7_37053.jpeg","contentUrl":"https:\/\/images.novelship.com\/product\/nike_air_zoom_alphafly_next_2__white_clear_jade__d_0_37053.jpeg;https:\/\/images.novelship.com\/product\/nike_air_zoom_alphafly_next_2__white_clear_jade__d_1_37053.jpeg;https:\/\/images.novelship.com\/product\/nike_air_zoom_alphafly_next_2__white_clear_jade__d_2_37053.jpeg;https:\/\/images.novelship.com\/product\/nike_air_zoom_alphafly_next_2__white_clear_jade__d_3_37053.jpeg;https:\/\/images.novelship.com\/product\/nike_air_zoom_alphafly_next_2__white_clear_jade__d_4_37053.jpeg;https:\/\/images.novelship.com\/product\/nike_air_zoom_alphafly_next_2__white_clear_jade__d_5_37053.jpeg;https:\/\/images.novelship.com\/product\/nike_air_zoom_alphafly_next_2__white_clear_jade__d_6_37053.jpeg;https:\/\/images.novelship.com\/product\/nike_air_zoom_alphafly_next_2__white_clear_jade__d_7_37053.jpeg"},{"@type":"BreadcrumbList","@id":"https:\/\/tourcruiser.com\/fr\/products\/nike-air-zoom-alphafly-next-2-white-clear-jade-dn3555-100\/#breadcrumb","itemListElement":[{"@type":"ListItem","position":1,"name":"Home","item":"https:\/\/tourcruiser.com\/fr\/"},{"@type":"ListItem","position":2,"name":"Shop","item":"https:\/\/tourcruiser.com\/fr\/shop\/"},{"@type":"ListItem","position":3,"name":"Nike Air Zoom Alphafly NEXT 2 &#8216;White Clear Jade&#8217; DN3555-100"}]},{"@type":"WebSite","@id":"https:\/\/tourcruiser.com\/fr\/#website","url":"https:\/\/tourcruiser.com\/fr\/","name":"Styloral Jewelry Shop","description":"Tourcruiser Sneaker Store \u2014 L\u2019endroit o\u00f9 l\u2019univers rencontre votre singularit\u00e9.","publisher":{"@id":"https:\/\/tourcruiser.com\/fr\/#organization"},"potentialAction":[{"@type":"SearchAction","target":{"@type":"EntryPoint","urlTemplate":"https:\/\/tourcruiser.com\/fr\/?s={search_term_string}"},"query-input":{"@type":"PropertyValueSpecification","valueRequired":true,"valueName":"search_term_string"}}],"inLanguage":"fr-FR"},{"@type":"Organization","@id":"https:\/\/tourcruiser.com\/fr\/#organization","name":"STYLORAL PTE. LTD","url":"https:\/\/tourcruiser.com\/fr\/","logo":{"@type":"ImageObject","inLanguage":"fr-FR","@id":"https:\/\/tourcruiser.com\/fr\/#\/schema\/logo\/image\/","url":"https:\/\/www.tourcruiser.com\/wp-content\/uploads\/2025\/12\/logo.png","contentUrl":"https:\/\/www.tourcruiser.com\/wp-content\/uploads\/2025\/12\/logo.png","width":200,"height":65,"caption":"STYLORAL PTE. LTD"},"image":{"@id":"https:\/\/tourcruiser.com\/fr\/#\/schema\/logo\/image\/"}}]}},"_links":{"self":[{"href":"https:\/\/tourcruiser.com\/fr\/wp-json\/wp\/v2\/product\/766451","targetHints":{"allow":["GET"]}}],"collection":[{"href":"https:\/\/tourcruiser.com\/fr\/wp-json\/wp\/v2\/product"}],"about":[{"href":"https:\/\/tourcruiser.com\/fr\/wp-json\/wp\/v2\/types\/product"}],"replies":[{"embeddable":true,"href":"https:\/\/tourcruiser.com\/fr\/wp-json\/wp\/v2\/comments?post=766451"}],"wp:featuredmedia":[{"embeddable":true,"href":"https:\/\/tourcruiser.com\/fr\/wp-json\/wp\/v2\/media\/766452"}],"wp:attachment":[{"href":"https:\/\/tourcruiser.com\/fr\/wp-json\/wp\/v2\/media?parent=766451"}],"wp:term":[{"taxonomy":"product_brand","embeddable":true,"href":"https:\/\/tourcruiser.com\/fr\/wp-json\/wp\/v2\/product_brand?post=766451"},{"taxonomy":"product_cat","embeddable":true,"href":"https:\/\/tourcruiser.com\/fr\/wp-json\/wp\/v2\/product_cat?post=766451"},{"taxonomy":"product_tag","embeddable":true,"href":"https:\/\/tourcruiser.com\/fr\/wp-json\/wp\/v2\/product_tag?post=766451"}],"curies":[{"name":"wp","href":"https:\/\/api.w.org\/{rel}","templated":true}]}}