{"id":766442,"date":"2026-04-16T17:12:00","date_gmt":"2026-04-16T10:12:00","guid":{"rendered":"http:\/\/tourcruiser.com\/product\/air-jordan-4-retro-og-white-cement-2016-840606-192"},"modified":"2026-04-17T22:00:36","modified_gmt":"2026-04-17T15:00:36","slug":"air-jordan-4-retro-og-white-cement-2016-840606-192","status":"publish","type":"product","link":"https:\/\/tourcruiser.com\/fr\/products\/air-jordan-4-retro-og-white-cement-2016-840606-192\/","title":{"rendered":"Air Jordan 4 Retro OG &lsquo;White Cement&rsquo; 2016 840606-192"},"content":{"rendered":"<p>La Air Jordan 4 Retro OG White Cement 2016, aussi appel\u00e9e White Cement, est un mod\u00e8le classique de la marque Jordan. Avec son coloris blanc et ses d\u00e9tails effet ciment, cette sneaker est pl\u00e9biscit\u00e9e par les collectionneurs et les fans de Jordan. Cette chaussure iconique arbore le logo Air Jordan et offre un confort optimal tout au long de la journ\u00e9e. Achetez-la d\u00e8s maintenant et ajoutez cette pi\u00e8ce intemporelle \u00e0 votre collection.<\/p>\n<p>Coloris : Blanc\/Rouge Feu-Gris Technique-Noir<\/p>\n<p>Num\u00e9ro d&rsquo;article : 840606-192<\/p>\n<p>Tige : Cuir<\/p>\n<p>Semelle interm\u00e9diaire : Air<\/p>\n<p>Couleur : Blanc<\/p>\n<p>Designer : Tinker Hatfield<\/p>\n<p>Saison : Hiver<\/p>\n<p>Ann\u00e9e de sortie : 2016<\/p>\n<p>\u00c2ge : Adulte<\/p>\n<p>Couleur : Blanc\/Jade Clair\/Bleu Outremer Clair\/Gris Jungle Profond<\/p>\n<p>Genre : Homme<\/p>\n","protected":false},"excerpt":{"rendered":"<p>La Air Jordan 4 Retro OG White Cement 2016, aussi appel\u00e9e White Cement, est un mod\u00e8le classique de la marque Jordan. Avec son coloris blanc et ses d\u00e9tails effet ciment, cette sneaker est pl\u00e9biscit\u00e9e par les collectionneurs et les fans de Jordan. Cette chaussure iconique arbore le logo Air Jordan et offre un confort optimal [&hellip;]<\/p>\n","protected":false},"featured_media":766443,"comment_status":"open","ping_status":"closed","template":"","meta":[],"product_brand":[],"product_cat":[38880],"product_tag":[10750,10800,38841,38842,10776,11349,38875,38886,10756],"class_list":{"0":"post-766442","1":"product","2":"type-product","3":"status-publish","4":"has-post-thumbnail","6":"product_cat-jordan","7":"product_tag-athleisure-shoes","8":"product_tag-basketball-shoes","9":"product_tag-casual-shoes","10":"product_tag-gift-idea-for-him","11":"product_tag-jordan","12":"product_tag-jordan-basketball-shoes","13":"product_tag-jordan-skateboard-shoes","14":"product_tag-lifestyle-shoes-inspired-by-basketball","15":"product_tag-retro-casual-shoes","17":"first","18":"instock","19":"taxable","20":"shipping-taxable","21":"purchasable","22":"product-type-simple"},"wcpa_form_fields":null,"yoast_head":"<!-- This site is optimized with the Yoast SEO plugin v26.5 - https:\/\/yoast.com\/wordpress\/plugins\/seo\/ -->\n<title>Air Jordan 4 Retro OG &#039;White Cement&#039; 2016 840606-192 - TOURCRUISER PTE. LTD<\/title>\n<meta name=\"robots\" content=\"index, follow, max-snippet:-1, max-image-preview:large, max-video-preview:-1\" \/>\n<link rel=\"canonical\" href=\"https:\/\/tourcruiser.com\/fr\/products\/air-jordan-4-retro-og-white-cement-2016-840606-192\/\" \/>\n<meta property=\"og:locale\" content=\"fr_FR\" \/>\n<meta property=\"og:type\" content=\"article\" \/>\n<meta property=\"og:title\" content=\"Air Jordan 4 Retro OG &#039;White Cement&#039; 2016 840606-192 - TOURCRUISER PTE. LTD\" \/>\n<meta property=\"og:description\" content=\"La Air Jordan 4 Retro OG White Cement 2016, aussi appel\u00e9e White Cement, est un mod\u00e8le classique de la marque Jordan. Avec son coloris blanc et ses d\u00e9tails effet ciment, cette sneaker est pl\u00e9biscit\u00e9e par les collectionneurs et les fans de Jordan. Cette chaussure iconique arbore le logo Air Jordan et offre un confort optimal [&hellip;]\" \/>\n<meta property=\"og:url\" content=\"https:\/\/tourcruiser.com\/fr\/products\/air-jordan-4-retro-og-white-cement-2016-840606-192\/\" \/>\n<meta property=\"og:site_name\" content=\"Tourcruiser Sneaker Store\" \/>\n<meta property=\"article:modified_time\" content=\"2026-04-17T15:00:36+00:00\" \/>\n<meta name=\"twitter:card\" content=\"summary_large_image\" \/>\n<meta name=\"twitter:image\" content=\"https:\/\/images.novelship.com\/product\/air_jordan_4_retro_og__white_cement__2016_840606_1_0_43923.jpeg;https:\/\/images.novelship.com\/product\/air_jordan_4_retro_og__white_cement__2016_840606_1_1_43924.jpeg;https:\/\/images.novelship.com\/product\/air_jordan_4_retro_og__white_cement__2016_840606_1_2_43924.jpeg;https:\/\/images.novelship.com\/product\/air_jordan_4_retro_og__white_cement__2016_840606_1_3_43924.jpeg;https:\/\/images.novelship.com\/product\/air_jordan_4_retro_og__white_cement__2016_840606_1_4_43924.jpeg;https:\/\/images.novelship.com\/product\/air_jordan_4_retro_og__white_cement__2016_840606_1_5_43924.jpeg;https:\/\/images.novelship.com\/product\/air_jordan_4_retro_og__white_cement__2016_840606_1_6_43924.jpeg;https:\/\/images.novelship.com\/product\/air_jordan_4_retro_og__white_cement__2016_840606_1_7_43924.jpeg\" \/>\n<meta name=\"twitter:label1\" content=\"Dur\u00e9e de lecture estim\u00e9e\" \/>\n\t<meta name=\"twitter:data1\" content=\"1 minute\" \/>\n<script type=\"application\/ld+json\" class=\"yoast-schema-graph\">{\"@context\":\"https:\/\/schema.org\",\"@graph\":[{\"@type\":\"WebPage\",\"@id\":\"https:\/\/tourcruiser.com\/fr\/products\/air-jordan-4-retro-og-white-cement-2016-840606-192\/\",\"url\":\"https:\/\/tourcruiser.com\/fr\/products\/air-jordan-4-retro-og-white-cement-2016-840606-192\/\",\"name\":\"Air Jordan 4 Retro OG 'White Cement' 2016 840606-192 - TOURCRUISER PTE. LTD\",\"isPartOf\":{\"@id\":\"\/#website\"},\"primaryImageOfPage\":{\"@id\":\"https:\/\/tourcruiser.com\/fr\/products\/air-jordan-4-retro-og-white-cement-2016-840606-192\/#primaryimage\"},\"image\":{\"@id\":\"https:\/\/tourcruiser.com\/fr\/products\/air-jordan-4-retro-og-white-cement-2016-840606-192\/#primaryimage\"},\"thumbnailUrl\":\"https:\/\/images.novelship.com\/product\/air_jordan_4_retro_og__white_cement__2016_840606_1_0_43923.jpeg;https:\/\/images.novelship.com\/product\/air_jordan_4_retro_og__white_cement__2016_840606_1_1_43924.jpeg;https:\/\/images.novelship.com\/product\/air_jordan_4_retro_og__white_cement__2016_840606_1_2_43924.jpeg;https:\/\/images.novelship.com\/product\/air_jordan_4_retro_og__white_cement__2016_840606_1_3_43924.jpeg;https:\/\/images.novelship.com\/product\/air_jordan_4_retro_og__white_cement__2016_840606_1_4_43924.jpeg;https:\/\/images.novelship.com\/product\/air_jordan_4_retro_og__white_cement__2016_840606_1_5_43924.jpeg;https:\/\/images.novelship.com\/product\/air_jordan_4_retro_og__white_cement__2016_840606_1_6_43924.jpeg;https:\/\/images.novelship.com\/product\/air_jordan_4_retro_og__white_cement__2016_840606_1_7_43924.jpeg\",\"datePublished\":\"2026-04-16T10:12:00+00:00\",\"dateModified\":\"2026-04-17T15:00:36+00:00\",\"breadcrumb\":{\"@id\":\"https:\/\/tourcruiser.com\/fr\/products\/air-jordan-4-retro-og-white-cement-2016-840606-192\/#breadcrumb\"},\"inLanguage\":\"fr-FR\",\"potentialAction\":[{\"@type\":\"ReadAction\",\"target\":[\"https:\/\/tourcruiser.com\/fr\/products\/air-jordan-4-retro-og-white-cement-2016-840606-192\/\"]}]},{\"@type\":\"ImageObject\",\"inLanguage\":\"fr-FR\",\"@id\":\"https:\/\/tourcruiser.com\/fr\/products\/air-jordan-4-retro-og-white-cement-2016-840606-192\/#primaryimage\",\"url\":\"https:\/\/images.novelship.com\/product\/air_jordan_4_retro_og__white_cement__2016_840606_1_0_43923.jpeg;https:\/\/images.novelship.com\/product\/air_jordan_4_retro_og__white_cement__2016_840606_1_1_43924.jpeg;https:\/\/images.novelship.com\/product\/air_jordan_4_retro_og__white_cement__2016_840606_1_2_43924.jpeg;https:\/\/images.novelship.com\/product\/air_jordan_4_retro_og__white_cement__2016_840606_1_3_43924.jpeg;https:\/\/images.novelship.com\/product\/air_jordan_4_retro_og__white_cement__2016_840606_1_4_43924.jpeg;https:\/\/images.novelship.com\/product\/air_jordan_4_retro_og__white_cement__2016_840606_1_5_43924.jpeg;https:\/\/images.novelship.com\/product\/air_jordan_4_retro_og__white_cement__2016_840606_1_6_43924.jpeg;https:\/\/images.novelship.com\/product\/air_jordan_4_retro_og__white_cement__2016_840606_1_7_43924.jpeg\",\"contentUrl\":\"https:\/\/images.novelship.com\/product\/air_jordan_4_retro_og__white_cement__2016_840606_1_0_43923.jpeg;https:\/\/images.novelship.com\/product\/air_jordan_4_retro_og__white_cement__2016_840606_1_1_43924.jpeg;https:\/\/images.novelship.com\/product\/air_jordan_4_retro_og__white_cement__2016_840606_1_2_43924.jpeg;https:\/\/images.novelship.com\/product\/air_jordan_4_retro_og__white_cement__2016_840606_1_3_43924.jpeg;https:\/\/images.novelship.com\/product\/air_jordan_4_retro_og__white_cement__2016_840606_1_4_43924.jpeg;https:\/\/images.novelship.com\/product\/air_jordan_4_retro_og__white_cement__2016_840606_1_5_43924.jpeg;https:\/\/images.novelship.com\/product\/air_jordan_4_retro_og__white_cement__2016_840606_1_6_43924.jpeg;https:\/\/images.novelship.com\/product\/air_jordan_4_retro_og__white_cement__2016_840606_1_7_43924.jpeg\"},{\"@type\":\"BreadcrumbList\",\"@id\":\"https:\/\/tourcruiser.com\/fr\/products\/air-jordan-4-retro-og-white-cement-2016-840606-192\/#breadcrumb\",\"itemListElement\":[{\"@type\":\"ListItem\",\"position\":1,\"name\":\"Home\",\"item\":\"https:\/\/tourcruiser.com\/fr\/\"},{\"@type\":\"ListItem\",\"position\":2,\"name\":\"Shop\",\"item\":\"https:\/\/tourcruiser.com\/fr\/shop\/\"},{\"@type\":\"ListItem\",\"position\":3,\"name\":\"Air Jordan 4 Retro OG &#8216;White Cement&#8217; 2016 840606-192\"}]},{\"@type\":\"WebSite\",\"@id\":\"\/#website\",\"url\":\"\/\",\"name\":\"Styloral Jewelry Shop\",\"description\":\"Tourcruiser Sneaker Store \u2014 L\u2019endroit o\u00f9 l\u2019univers rencontre votre singularit\u00e9.\",\"publisher\":{\"@id\":\"\/#organization\"},\"potentialAction\":[{\"@type\":\"SearchAction\",\"target\":{\"@type\":\"EntryPoint\",\"urlTemplate\":\"\/?s={search_term_string}\"},\"query-input\":{\"@type\":\"PropertyValueSpecification\",\"valueRequired\":true,\"valueName\":\"search_term_string\"}}],\"inLanguage\":\"fr-FR\"},{\"@type\":\"Organization\",\"@id\":\"\/#organization\",\"name\":\"STYLORAL PTE. LTD\",\"url\":\"\/\",\"logo\":{\"@type\":\"ImageObject\",\"inLanguage\":\"fr-FR\",\"@id\":\"\/#\/schema\/logo\/image\/\",\"url\":\"https:\/\/www.tourcruiser.com\/wp-content\/uploads\/2025\/12\/logo.png\",\"contentUrl\":\"https:\/\/www.tourcruiser.com\/wp-content\/uploads\/2025\/12\/logo.png\",\"width\":200,\"height\":65,\"caption\":\"STYLORAL PTE. LTD\"},\"image\":{\"@id\":\"\/#\/schema\/logo\/image\/\"}}]}<\/script>\n<!-- \/ Yoast SEO plugin. -->","yoast_head_json":{"title":"Air Jordan 4 Retro OG 'White Cement' 2016 840606-192 - TOURCRUISER PTE. LTD","robots":{"index":"index","follow":"follow","max-snippet":"max-snippet:-1","max-image-preview":"max-image-preview:large","max-video-preview":"max-video-preview:-1"},"canonical":"https:\/\/tourcruiser.com\/fr\/products\/air-jordan-4-retro-og-white-cement-2016-840606-192\/","og_locale":"fr_FR","og_type":"article","og_title":"Air Jordan 4 Retro OG 'White Cement' 2016 840606-192 - TOURCRUISER PTE. LTD","og_description":"La Air Jordan 4 Retro OG White Cement 2016, aussi appel\u00e9e White Cement, est un mod\u00e8le classique de la marque Jordan. Avec son coloris blanc et ses d\u00e9tails effet ciment, cette sneaker est pl\u00e9biscit\u00e9e par les collectionneurs et les fans de Jordan. Cette chaussure iconique arbore le logo Air Jordan et offre un confort optimal [&hellip;]","og_url":"https:\/\/tourcruiser.com\/fr\/products\/air-jordan-4-retro-og-white-cement-2016-840606-192\/","og_site_name":"Tourcruiser Sneaker Store","article_modified_time":"2026-04-17T15:00:36+00:00","twitter_card":"summary_large_image","twitter_image":"https:\/\/images.novelship.com\/product\/air_jordan_4_retro_og__white_cement__2016_840606_1_0_43923.jpeg;https:\/\/images.novelship.com\/product\/air_jordan_4_retro_og__white_cement__2016_840606_1_1_43924.jpeg;https:\/\/images.novelship.com\/product\/air_jordan_4_retro_og__white_cement__2016_840606_1_2_43924.jpeg;https:\/\/images.novelship.com\/product\/air_jordan_4_retro_og__white_cement__2016_840606_1_3_43924.jpeg;https:\/\/images.novelship.com\/product\/air_jordan_4_retro_og__white_cement__2016_840606_1_4_43924.jpeg;https:\/\/images.novelship.com\/product\/air_jordan_4_retro_og__white_cement__2016_840606_1_5_43924.jpeg;https:\/\/images.novelship.com\/product\/air_jordan_4_retro_og__white_cement__2016_840606_1_6_43924.jpeg;https:\/\/images.novelship.com\/product\/air_jordan_4_retro_og__white_cement__2016_840606_1_7_43924.jpeg","twitter_misc":{"Dur\u00e9e de lecture estim\u00e9e":"1 minute"},"schema":{"@context":"https:\/\/schema.org","@graph":[{"@type":"WebPage","@id":"https:\/\/tourcruiser.com\/fr\/products\/air-jordan-4-retro-og-white-cement-2016-840606-192\/","url":"https:\/\/tourcruiser.com\/fr\/products\/air-jordan-4-retro-og-white-cement-2016-840606-192\/","name":"Air Jordan 4 Retro OG 'White Cement' 2016 840606-192 - TOURCRUISER PTE. LTD","isPartOf":{"@id":"\/#website"},"primaryImageOfPage":{"@id":"https:\/\/tourcruiser.com\/fr\/products\/air-jordan-4-retro-og-white-cement-2016-840606-192\/#primaryimage"},"image":{"@id":"https:\/\/tourcruiser.com\/fr\/products\/air-jordan-4-retro-og-white-cement-2016-840606-192\/#primaryimage"},"thumbnailUrl":"https:\/\/images.novelship.com\/product\/air_jordan_4_retro_og__white_cement__2016_840606_1_0_43923.jpeg;https:\/\/images.novelship.com\/product\/air_jordan_4_retro_og__white_cement__2016_840606_1_1_43924.jpeg;https:\/\/images.novelship.com\/product\/air_jordan_4_retro_og__white_cement__2016_840606_1_2_43924.jpeg;https:\/\/images.novelship.com\/product\/air_jordan_4_retro_og__white_cement__2016_840606_1_3_43924.jpeg;https:\/\/images.novelship.com\/product\/air_jordan_4_retro_og__white_cement__2016_840606_1_4_43924.jpeg;https:\/\/images.novelship.com\/product\/air_jordan_4_retro_og__white_cement__2016_840606_1_5_43924.jpeg;https:\/\/images.novelship.com\/product\/air_jordan_4_retro_og__white_cement__2016_840606_1_6_43924.jpeg;https:\/\/images.novelship.com\/product\/air_jordan_4_retro_og__white_cement__2016_840606_1_7_43924.jpeg","datePublished":"2026-04-16T10:12:00+00:00","dateModified":"2026-04-17T15:00:36+00:00","breadcrumb":{"@id":"https:\/\/tourcruiser.com\/fr\/products\/air-jordan-4-retro-og-white-cement-2016-840606-192\/#breadcrumb"},"inLanguage":"fr-FR","potentialAction":[{"@type":"ReadAction","target":["https:\/\/tourcruiser.com\/fr\/products\/air-jordan-4-retro-og-white-cement-2016-840606-192\/"]}]},{"@type":"ImageObject","inLanguage":"fr-FR","@id":"https:\/\/tourcruiser.com\/fr\/products\/air-jordan-4-retro-og-white-cement-2016-840606-192\/#primaryimage","url":"https:\/\/images.novelship.com\/product\/air_jordan_4_retro_og__white_cement__2016_840606_1_0_43923.jpeg;https:\/\/images.novelship.com\/product\/air_jordan_4_retro_og__white_cement__2016_840606_1_1_43924.jpeg;https:\/\/images.novelship.com\/product\/air_jordan_4_retro_og__white_cement__2016_840606_1_2_43924.jpeg;https:\/\/images.novelship.com\/product\/air_jordan_4_retro_og__white_cement__2016_840606_1_3_43924.jpeg;https:\/\/images.novelship.com\/product\/air_jordan_4_retro_og__white_cement__2016_840606_1_4_43924.jpeg;https:\/\/images.novelship.com\/product\/air_jordan_4_retro_og__white_cement__2016_840606_1_5_43924.jpeg;https:\/\/images.novelship.com\/product\/air_jordan_4_retro_og__white_cement__2016_840606_1_6_43924.jpeg;https:\/\/images.novelship.com\/product\/air_jordan_4_retro_og__white_cement__2016_840606_1_7_43924.jpeg","contentUrl":"https:\/\/images.novelship.com\/product\/air_jordan_4_retro_og__white_cement__2016_840606_1_0_43923.jpeg;https:\/\/images.novelship.com\/product\/air_jordan_4_retro_og__white_cement__2016_840606_1_1_43924.jpeg;https:\/\/images.novelship.com\/product\/air_jordan_4_retro_og__white_cement__2016_840606_1_2_43924.jpeg;https:\/\/images.novelship.com\/product\/air_jordan_4_retro_og__white_cement__2016_840606_1_3_43924.jpeg;https:\/\/images.novelship.com\/product\/air_jordan_4_retro_og__white_cement__2016_840606_1_4_43924.jpeg;https:\/\/images.novelship.com\/product\/air_jordan_4_retro_og__white_cement__2016_840606_1_5_43924.jpeg;https:\/\/images.novelship.com\/product\/air_jordan_4_retro_og__white_cement__2016_840606_1_6_43924.jpeg;https:\/\/images.novelship.com\/product\/air_jordan_4_retro_og__white_cement__2016_840606_1_7_43924.jpeg"},{"@type":"BreadcrumbList","@id":"https:\/\/tourcruiser.com\/fr\/products\/air-jordan-4-retro-og-white-cement-2016-840606-192\/#breadcrumb","itemListElement":[{"@type":"ListItem","position":1,"name":"Home","item":"https:\/\/tourcruiser.com\/fr\/"},{"@type":"ListItem","position":2,"name":"Shop","item":"https:\/\/tourcruiser.com\/fr\/shop\/"},{"@type":"ListItem","position":3,"name":"Air Jordan 4 Retro OG &#8216;White Cement&#8217; 2016 840606-192"}]},{"@type":"WebSite","@id":"\/#website","url":"\/","name":"Styloral Jewelry Shop","description":"Tourcruiser Sneaker Store \u2014 L\u2019endroit o\u00f9 l\u2019univers rencontre votre singularit\u00e9.","publisher":{"@id":"\/#organization"},"potentialAction":[{"@type":"SearchAction","target":{"@type":"EntryPoint","urlTemplate":"\/?s={search_term_string}"},"query-input":{"@type":"PropertyValueSpecification","valueRequired":true,"valueName":"search_term_string"}}],"inLanguage":"fr-FR"},{"@type":"Organization","@id":"\/#organization","name":"STYLORAL PTE. LTD","url":"\/","logo":{"@type":"ImageObject","inLanguage":"fr-FR","@id":"\/#\/schema\/logo\/image\/","url":"https:\/\/www.tourcruiser.com\/wp-content\/uploads\/2025\/12\/logo.png","contentUrl":"https:\/\/www.tourcruiser.com\/wp-content\/uploads\/2025\/12\/logo.png","width":200,"height":65,"caption":"STYLORAL PTE. LTD"},"image":{"@id":"\/#\/schema\/logo\/image\/"}}]}},"_links":{"self":[{"href":"https:\/\/tourcruiser.com\/fr\/wp-json\/wp\/v2\/product\/766442","targetHints":{"allow":["GET"]}}],"collection":[{"href":"https:\/\/tourcruiser.com\/fr\/wp-json\/wp\/v2\/product"}],"about":[{"href":"https:\/\/tourcruiser.com\/fr\/wp-json\/wp\/v2\/types\/product"}],"replies":[{"embeddable":true,"href":"https:\/\/tourcruiser.com\/fr\/wp-json\/wp\/v2\/comments?post=766442"}],"wp:featuredmedia":[{"embeddable":true,"href":"https:\/\/tourcruiser.com\/fr\/wp-json\/wp\/v2\/media\/766443"}],"wp:attachment":[{"href":"https:\/\/tourcruiser.com\/fr\/wp-json\/wp\/v2\/media?parent=766442"}],"wp:term":[{"taxonomy":"product_brand","embeddable":true,"href":"https:\/\/tourcruiser.com\/fr\/wp-json\/wp\/v2\/product_brand?post=766442"},{"taxonomy":"product_cat","embeddable":true,"href":"https:\/\/tourcruiser.com\/fr\/wp-json\/wp\/v2\/product_cat?post=766442"},{"taxonomy":"product_tag","embeddable":true,"href":"https:\/\/tourcruiser.com\/fr\/wp-json\/wp\/v2\/product_tag?post=766442"}],"curies":[{"name":"wp","href":"https:\/\/api.w.org\/{rel}","templated":true}]}}