{"id":766028,"date":"2026-04-16T17:11:46","date_gmt":"2026-04-16T10:11:46","guid":{"rendered":"http:\/\/tourcruiser.com\/product\/sabrina-ionescu-x-nike-air-zoom-gt-cut-new-york-liberty-cz0175-901"},"modified":"2026-04-17T22:58:01","modified_gmt":"2026-04-17T15:58:01","slug":"sabrina-ionescu-x-nike-air-zoom-gt-cut-new-york-liberty-cz0175-901","status":"publish","type":"product","link":"https:\/\/tourcruiser.com\/fr\/products\/sabrina-ionescu-x-nike-air-zoom-gt-cut-new-york-liberty-cz0175-901\/","title":{"rendered":"Sabrina Ionescu x Nike Air Zoom GT Cut &lsquo;New York Liberty&rsquo; CZ0175-901"},"content":{"rendered":"<p>La sneaker Sabrina Ionescu x Nike Air Zoom GT Cut New York Liberty est le fruit d&rsquo;une collaboration entre Nike et la basketteuse Sabrina Ionescu. Con\u00e7ue pour des performances optimales sur le terrain, cette sneaker int\u00e8gre la technologie Nike Air Zoom pour un amorti r\u00e9actif, garantissant confort et maintien \u00e0 chaque pas. Avec son design \u00e9l\u00e9gant inspir\u00e9 du New York Liberty, cette sneaker est \u00e0 la fois fonctionnelle et tendance. Parfaite pour les passionn\u00e9s et les fans de basketball, elle deviendra vite un incontournable de toute collection.<\/p>\n<p>Coloris : Multicolore<\/p>\n<p>R\u00e9f\u00e9rence : CZ0175-901<\/p>\n<p>Tige : Mesh<\/p>\n<p>Semelle interm\u00e9diaire : Zoom Air<\/p>\n<p>Couleur : Turquoise<\/p>\n<p>Saison : Toutes saisons<\/p>\n<p>Ann\u00e9e de sortie : 2022<\/p>\n<p>\u00c2ge : Adulte<\/p>\n<p>Couleur : Turquoise<\/p>\n<p>Genre : Homme<\/p>\n","protected":false},"excerpt":{"rendered":"<p>La sneaker Sabrina Ionescu x Nike Air Zoom GT Cut New York Liberty est le fruit d&rsquo;une collaboration entre Nike et la basketteuse Sabrina Ionescu. Con\u00e7ue pour des performances optimales sur le terrain, cette sneaker int\u00e8gre la technologie Nike Air Zoom pour un amorti r\u00e9actif, garantissant confort et maintien \u00e0 chaque pas. Avec son design [&hellip;]<\/p>\n","protected":false},"featured_media":766029,"comment_status":"open","ping_status":"closed","template":"","meta":[],"product_brand":[],"product_cat":[10803],"product_tag":[10800,38839,38878,38842,11129,10801,11223,38887,38846],"class_list":{"0":"post-766028","1":"product","2":"type-product","3":"status-publish","4":"has-post-thumbnail","6":"product_cat-nike","7":"product_tag-basketball-shoes","8":"product_tag-basketball-shoes-with-ankle-support","9":"product_tag-current-offers","10":"product_tag-gift-idea-for-him","11":"product_tag-lightweight-basketball-shoes","12":"product_tag-nike","13":"product_tag-nike-basketball-shoes","14":"product_tag-nike-skateboard-shoes","15":"product_tag-performance-sports-shoes","16":"wcpa_has_options","18":"first","19":"instock","20":"taxable","21":"shipping-taxable","22":"purchasable","23":"product-type-simple"},"wcpa_form_fields":{"rules":{"pric_overide_base_price":false,"pric_overide_base_price_if_gt_zero":false,"pric_overide_base_price_fully":false,"pric_cal_option_once":false,"pric_use_as_fee":false,"bind_quantity":false,"quantity_bind_formula":false},"fields":[{"type":"color-group","required":true,"elementId":"wcpa-color-group-66c4a75505e74","label":"Taille","inline":true,"priceOptions":"different_for_all","pricingType":"fixed","className":"hassizechart product-shoes-size-eu product-shoes-size","name":"color-group-66c4a75505e89","disp_type":"square","selection_type":"tick-border","disp_size":"44","show_label_inside":true,"adjust_width":true,"cart_display_type":"text","other_text":"Other","cl_rule":"show","col":6,"values":[{"label":"35.5","value":"EU 35.5","price":"","pimage":"","pimage_id":"","pthumb":"","color":""},{"label":"36","value":"EU 36","price":"","pimage":"","pimage_id":"","pthumb":"","color":"","selected":true},{"label":"36.5","value":"EU 36.5","price":"","pimage":"","pimage_id":"","pthumb":"","color":""},{"label":"37.5","value":"EU 37.5","price":"","pimage":"","pimage_id":"","pthumb":"","color":""},{"label":"38","value":"EU 38","price":"","pimage":"","pimage_id":"","pthumb":"","color":""},{"label":"38.5","value":"EU 38.5","price":"","pimage":"","pimage_id":"","pthumb":"","color":""},{"label":"39","value":"EU 39","price":"","pimage":"","pimage_id":"","pthumb":"","color":""},{"label":"40","value":"EU 40","price":"","pimage":"","pimage_id":"","pthumb":"","color":""},{"label":"40.5","value":"EU 40.5","price":"","pimage":"","pimage_id":"","pthumb":"","color":""},{"label":"41","value":"EU 41","price":"","pimage":"","pimage_id":"","pthumb":"","color":""},{"label":"42","value":"EU 42","price":"","pimage":"","pimage_id":"","pthumb":"","color":""},{"label":"42.5","value":"EU 42.5","price":"","pimage":"","pimage_id":"","pthumb":"","color":""},{"label":"43","value":"EU 43","price":"","pimage":"","pimage_id":"","pthumb":"","color":""},{"label":"44","value":"EU 44","price":"","pimage":"","pimage_id":"","pthumb":"","color":""},{"label":"44.5","value":"EU 44.5","price":"","pimage":"","pimage_id":"","pthumb":"","color":""},{"label":"45","value":"EU 45","price":"","pimage":"","pimage_id":"","pthumb":"","color":""},{"label":"45.5","value":"EU 45.5","price":"","pimage":"","pimage_id":"","pthumb":"","color":""},{"label":"46","value":"EU 46","price":"","pimage":"","pimage_id":"","pthumb":"","color":""},{"label":"47","value":"EU 47","price":"","pimage":"","pimage_id":"","pthumb":"","color":""},{"label":"47.5","value":"EU 47.5","price":"","pimage":"","pimage_id":"","pthumb":"","color":""},{"label":"48","value":"EU 48","price":"","pimage":"","pimage_id":"","pthumb":"","color":""}],"relations":[{"operator":false,"rules":[]}],"form_id":18106,"form_rules":{"pric_cal_option_once":false,"exclude_from_discount":false,"pric_use_as_fee":false,"fee_label":"Fee","render_after_acb":false,"disp_hide_options_price":false}}]},"yoast_head":"<!-- This site is optimized with the Yoast SEO plugin v26.5 - https:\/\/yoast.com\/wordpress\/plugins\/seo\/ -->\n<title>Sabrina Ionescu x Nike Air Zoom GT Cut &#039;New York Liberty&#039; CZ0175-901 - TOURCRUISER PTE. LTD<\/title>\n<meta name=\"robots\" content=\"index, follow, max-snippet:-1, max-image-preview:large, max-video-preview:-1\" \/>\n<link rel=\"canonical\" href=\"https:\/\/tourcruiser.com\/fr\/products\/sabrina-ionescu-x-nike-air-zoom-gt-cut-new-york-liberty-cz0175-901\/\" \/>\n<meta property=\"og:locale\" content=\"fr_FR\" \/>\n<meta property=\"og:type\" content=\"article\" \/>\n<meta property=\"og:title\" content=\"Sabrina Ionescu x Nike Air Zoom GT Cut &#039;New York Liberty&#039; CZ0175-901 - TOURCRUISER PTE. LTD\" \/>\n<meta property=\"og:description\" content=\"La sneaker Sabrina Ionescu x Nike Air Zoom GT Cut New York Liberty est le fruit d&rsquo;une collaboration entre Nike et la basketteuse Sabrina Ionescu. Con\u00e7ue pour des performances optimales sur le terrain, cette sneaker int\u00e8gre la technologie Nike Air Zoom pour un amorti r\u00e9actif, garantissant confort et maintien \u00e0 chaque pas. Avec son design [&hellip;]\" \/>\n<meta property=\"og:url\" content=\"https:\/\/tourcruiser.com\/fr\/products\/sabrina-ionescu-x-nike-air-zoom-gt-cut-new-york-liberty-cz0175-901\/\" \/>\n<meta property=\"og:site_name\" content=\"Tourcruiser Sneaker Store\" \/>\n<meta property=\"article:modified_time\" content=\"2026-04-17T15:58:01+00:00\" \/>\n<meta name=\"twitter:card\" content=\"summary_large_image\" \/>\n<meta name=\"twitter:image\" content=\"https:\/\/images.novelship.com\/product\/sabrina_ionescu_x_nike_air_zoom_gt_cut__new_york_l_0_4043.jpeg;https:\/\/images.novelship.com\/product\/sabrina_ionescu_x_nike_air_zoom_gt_cut__new_york_l_1_4043.jpeg;https:\/\/images.novelship.com\/product\/sabrina_ionescu_x_nike_air_zoom_gt_cut__new_york_l_2_4044.jpeg;https:\/\/images.novelship.com\/product\/sabrina_ionescu_x_nike_air_zoom_gt_cut__new_york_l_3_4044.jpeg;https:\/\/images.novelship.com\/product\/sabrina_ionescu_x_nike_air_zoom_gt_cut__new_york_l_4_4044.jpeg;https:\/\/images.novelship.com\/product\/sabrina_ionescu_x_nike_air_zoom_gt_cut__new_york_l_5_4044.jpeg;https:\/\/images.novelship.com\/product\/sabrina_ionescu_x_nike_air_zoom_gt_cut__new_york_l_6_4044.jpeg;https:\/\/images.novelship.com\/product\/sabrina_ionescu_x_nike_air_zoom_gt_cut__new_york_l_7_4044.jpeg\" \/>\n<meta name=\"twitter:label1\" content=\"Dur\u00e9e de lecture estim\u00e9e\" \/>\n\t<meta name=\"twitter:data1\" content=\"1 minute\" \/>\n<script type=\"application\/ld+json\" class=\"yoast-schema-graph\">{\"@context\":\"https:\/\/schema.org\",\"@graph\":[{\"@type\":\"WebPage\",\"@id\":\"https:\/\/tourcruiser.com\/fr\/products\/sabrina-ionescu-x-nike-air-zoom-gt-cut-new-york-liberty-cz0175-901\/\",\"url\":\"https:\/\/tourcruiser.com\/fr\/products\/sabrina-ionescu-x-nike-air-zoom-gt-cut-new-york-liberty-cz0175-901\/\",\"name\":\"Sabrina Ionescu x Nike Air Zoom GT Cut 'New York Liberty' CZ0175-901 - TOURCRUISER PTE. LTD\",\"isPartOf\":{\"@id\":\"https:\/\/tourcruiser.com\/fr\/#website\"},\"primaryImageOfPage\":{\"@id\":\"https:\/\/tourcruiser.com\/fr\/products\/sabrina-ionescu-x-nike-air-zoom-gt-cut-new-york-liberty-cz0175-901\/#primaryimage\"},\"image\":{\"@id\":\"https:\/\/tourcruiser.com\/fr\/products\/sabrina-ionescu-x-nike-air-zoom-gt-cut-new-york-liberty-cz0175-901\/#primaryimage\"},\"thumbnailUrl\":\"https:\/\/images.novelship.com\/product\/sabrina_ionescu_x_nike_air_zoom_gt_cut__new_york_l_0_4043.jpeg;https:\/\/images.novelship.com\/product\/sabrina_ionescu_x_nike_air_zoom_gt_cut__new_york_l_1_4043.jpeg;https:\/\/images.novelship.com\/product\/sabrina_ionescu_x_nike_air_zoom_gt_cut__new_york_l_2_4044.jpeg;https:\/\/images.novelship.com\/product\/sabrina_ionescu_x_nike_air_zoom_gt_cut__new_york_l_3_4044.jpeg;https:\/\/images.novelship.com\/product\/sabrina_ionescu_x_nike_air_zoom_gt_cut__new_york_l_4_4044.jpeg;https:\/\/images.novelship.com\/product\/sabrina_ionescu_x_nike_air_zoom_gt_cut__new_york_l_5_4044.jpeg;https:\/\/images.novelship.com\/product\/sabrina_ionescu_x_nike_air_zoom_gt_cut__new_york_l_6_4044.jpeg;https:\/\/images.novelship.com\/product\/sabrina_ionescu_x_nike_air_zoom_gt_cut__new_york_l_7_4044.jpeg\",\"datePublished\":\"2026-04-16T10:11:46+00:00\",\"dateModified\":\"2026-04-17T15:58:01+00:00\",\"breadcrumb\":{\"@id\":\"https:\/\/tourcruiser.com\/fr\/products\/sabrina-ionescu-x-nike-air-zoom-gt-cut-new-york-liberty-cz0175-901\/#breadcrumb\"},\"inLanguage\":\"fr-FR\",\"potentialAction\":[{\"@type\":\"ReadAction\",\"target\":[\"https:\/\/tourcruiser.com\/fr\/products\/sabrina-ionescu-x-nike-air-zoom-gt-cut-new-york-liberty-cz0175-901\/\"]}]},{\"@type\":\"ImageObject\",\"inLanguage\":\"fr-FR\",\"@id\":\"https:\/\/tourcruiser.com\/fr\/products\/sabrina-ionescu-x-nike-air-zoom-gt-cut-new-york-liberty-cz0175-901\/#primaryimage\",\"url\":\"https:\/\/images.novelship.com\/product\/sabrina_ionescu_x_nike_air_zoom_gt_cut__new_york_l_0_4043.jpeg;https:\/\/images.novelship.com\/product\/sabrina_ionescu_x_nike_air_zoom_gt_cut__new_york_l_1_4043.jpeg;https:\/\/images.novelship.com\/product\/sabrina_ionescu_x_nike_air_zoom_gt_cut__new_york_l_2_4044.jpeg;https:\/\/images.novelship.com\/product\/sabrina_ionescu_x_nike_air_zoom_gt_cut__new_york_l_3_4044.jpeg;https:\/\/images.novelship.com\/product\/sabrina_ionescu_x_nike_air_zoom_gt_cut__new_york_l_4_4044.jpeg;https:\/\/images.novelship.com\/product\/sabrina_ionescu_x_nike_air_zoom_gt_cut__new_york_l_5_4044.jpeg;https:\/\/images.novelship.com\/product\/sabrina_ionescu_x_nike_air_zoom_gt_cut__new_york_l_6_4044.jpeg;https:\/\/images.novelship.com\/product\/sabrina_ionescu_x_nike_air_zoom_gt_cut__new_york_l_7_4044.jpeg\",\"contentUrl\":\"https:\/\/images.novelship.com\/product\/sabrina_ionescu_x_nike_air_zoom_gt_cut__new_york_l_0_4043.jpeg;https:\/\/images.novelship.com\/product\/sabrina_ionescu_x_nike_air_zoom_gt_cut__new_york_l_1_4043.jpeg;https:\/\/images.novelship.com\/product\/sabrina_ionescu_x_nike_air_zoom_gt_cut__new_york_l_2_4044.jpeg;https:\/\/images.novelship.com\/product\/sabrina_ionescu_x_nike_air_zoom_gt_cut__new_york_l_3_4044.jpeg;https:\/\/images.novelship.com\/product\/sabrina_ionescu_x_nike_air_zoom_gt_cut__new_york_l_4_4044.jpeg;https:\/\/images.novelship.com\/product\/sabrina_ionescu_x_nike_air_zoom_gt_cut__new_york_l_5_4044.jpeg;https:\/\/images.novelship.com\/product\/sabrina_ionescu_x_nike_air_zoom_gt_cut__new_york_l_6_4044.jpeg;https:\/\/images.novelship.com\/product\/sabrina_ionescu_x_nike_air_zoom_gt_cut__new_york_l_7_4044.jpeg\"},{\"@type\":\"BreadcrumbList\",\"@id\":\"https:\/\/tourcruiser.com\/fr\/products\/sabrina-ionescu-x-nike-air-zoom-gt-cut-new-york-liberty-cz0175-901\/#breadcrumb\",\"itemListElement\":[{\"@type\":\"ListItem\",\"position\":1,\"name\":\"Home\",\"item\":\"https:\/\/tourcruiser.com\/fr\/\"},{\"@type\":\"ListItem\",\"position\":2,\"name\":\"Shop\",\"item\":\"https:\/\/tourcruiser.com\/fr\/shop\/\"},{\"@type\":\"ListItem\",\"position\":3,\"name\":\"Sabrina Ionescu x Nike Air Zoom GT Cut &#8216;New York Liberty&#8217; CZ0175-901\"}]},{\"@type\":\"WebSite\",\"@id\":\"https:\/\/tourcruiser.com\/fr\/#website\",\"url\":\"https:\/\/tourcruiser.com\/fr\/\",\"name\":\"Styloral Jewelry Shop\",\"description\":\"Tourcruiser Sneaker Store \u2014 L\u2019endroit o\u00f9 l\u2019univers rencontre votre singularit\u00e9.\",\"publisher\":{\"@id\":\"https:\/\/tourcruiser.com\/fr\/#organization\"},\"potentialAction\":[{\"@type\":\"SearchAction\",\"target\":{\"@type\":\"EntryPoint\",\"urlTemplate\":\"https:\/\/tourcruiser.com\/fr\/?s={search_term_string}\"},\"query-input\":{\"@type\":\"PropertyValueSpecification\",\"valueRequired\":true,\"valueName\":\"search_term_string\"}}],\"inLanguage\":\"fr-FR\"},{\"@type\":\"Organization\",\"@id\":\"https:\/\/tourcruiser.com\/fr\/#organization\",\"name\":\"STYLORAL PTE. LTD\",\"url\":\"https:\/\/tourcruiser.com\/fr\/\",\"logo\":{\"@type\":\"ImageObject\",\"inLanguage\":\"fr-FR\",\"@id\":\"https:\/\/tourcruiser.com\/fr\/#\/schema\/logo\/image\/\",\"url\":\"https:\/\/www.tourcruiser.com\/wp-content\/uploads\/2025\/12\/logo.png\",\"contentUrl\":\"https:\/\/www.tourcruiser.com\/wp-content\/uploads\/2025\/12\/logo.png\",\"width\":200,\"height\":65,\"caption\":\"STYLORAL PTE. LTD\"},\"image\":{\"@id\":\"https:\/\/tourcruiser.com\/fr\/#\/schema\/logo\/image\/\"}}]}<\/script>\n<!-- \/ Yoast SEO plugin. -->","yoast_head_json":{"title":"Sabrina Ionescu x Nike Air Zoom GT Cut 'New York Liberty' CZ0175-901 - TOURCRUISER PTE. LTD","robots":{"index":"index","follow":"follow","max-snippet":"max-snippet:-1","max-image-preview":"max-image-preview:large","max-video-preview":"max-video-preview:-1"},"canonical":"https:\/\/tourcruiser.com\/fr\/products\/sabrina-ionescu-x-nike-air-zoom-gt-cut-new-york-liberty-cz0175-901\/","og_locale":"fr_FR","og_type":"article","og_title":"Sabrina Ionescu x Nike Air Zoom GT Cut 'New York Liberty' CZ0175-901 - TOURCRUISER PTE. LTD","og_description":"La sneaker Sabrina Ionescu x Nike Air Zoom GT Cut New York Liberty est le fruit d&rsquo;une collaboration entre Nike et la basketteuse Sabrina Ionescu. Con\u00e7ue pour des performances optimales sur le terrain, cette sneaker int\u00e8gre la technologie Nike Air Zoom pour un amorti r\u00e9actif, garantissant confort et maintien \u00e0 chaque pas. Avec son design [&hellip;]","og_url":"https:\/\/tourcruiser.com\/fr\/products\/sabrina-ionescu-x-nike-air-zoom-gt-cut-new-york-liberty-cz0175-901\/","og_site_name":"Tourcruiser Sneaker Store","article_modified_time":"2026-04-17T15:58:01+00:00","twitter_card":"summary_large_image","twitter_image":"https:\/\/images.novelship.com\/product\/sabrina_ionescu_x_nike_air_zoom_gt_cut__new_york_l_0_4043.jpeg;https:\/\/images.novelship.com\/product\/sabrina_ionescu_x_nike_air_zoom_gt_cut__new_york_l_1_4043.jpeg;https:\/\/images.novelship.com\/product\/sabrina_ionescu_x_nike_air_zoom_gt_cut__new_york_l_2_4044.jpeg;https:\/\/images.novelship.com\/product\/sabrina_ionescu_x_nike_air_zoom_gt_cut__new_york_l_3_4044.jpeg;https:\/\/images.novelship.com\/product\/sabrina_ionescu_x_nike_air_zoom_gt_cut__new_york_l_4_4044.jpeg;https:\/\/images.novelship.com\/product\/sabrina_ionescu_x_nike_air_zoom_gt_cut__new_york_l_5_4044.jpeg;https:\/\/images.novelship.com\/product\/sabrina_ionescu_x_nike_air_zoom_gt_cut__new_york_l_6_4044.jpeg;https:\/\/images.novelship.com\/product\/sabrina_ionescu_x_nike_air_zoom_gt_cut__new_york_l_7_4044.jpeg","twitter_misc":{"Dur\u00e9e de lecture estim\u00e9e":"1 minute"},"schema":{"@context":"https:\/\/schema.org","@graph":[{"@type":"WebPage","@id":"https:\/\/tourcruiser.com\/fr\/products\/sabrina-ionescu-x-nike-air-zoom-gt-cut-new-york-liberty-cz0175-901\/","url":"https:\/\/tourcruiser.com\/fr\/products\/sabrina-ionescu-x-nike-air-zoom-gt-cut-new-york-liberty-cz0175-901\/","name":"Sabrina Ionescu x Nike Air Zoom GT Cut 'New York Liberty' CZ0175-901 - TOURCRUISER PTE. LTD","isPartOf":{"@id":"https:\/\/tourcruiser.com\/fr\/#website"},"primaryImageOfPage":{"@id":"https:\/\/tourcruiser.com\/fr\/products\/sabrina-ionescu-x-nike-air-zoom-gt-cut-new-york-liberty-cz0175-901\/#primaryimage"},"image":{"@id":"https:\/\/tourcruiser.com\/fr\/products\/sabrina-ionescu-x-nike-air-zoom-gt-cut-new-york-liberty-cz0175-901\/#primaryimage"},"thumbnailUrl":"https:\/\/images.novelship.com\/product\/sabrina_ionescu_x_nike_air_zoom_gt_cut__new_york_l_0_4043.jpeg;https:\/\/images.novelship.com\/product\/sabrina_ionescu_x_nike_air_zoom_gt_cut__new_york_l_1_4043.jpeg;https:\/\/images.novelship.com\/product\/sabrina_ionescu_x_nike_air_zoom_gt_cut__new_york_l_2_4044.jpeg;https:\/\/images.novelship.com\/product\/sabrina_ionescu_x_nike_air_zoom_gt_cut__new_york_l_3_4044.jpeg;https:\/\/images.novelship.com\/product\/sabrina_ionescu_x_nike_air_zoom_gt_cut__new_york_l_4_4044.jpeg;https:\/\/images.novelship.com\/product\/sabrina_ionescu_x_nike_air_zoom_gt_cut__new_york_l_5_4044.jpeg;https:\/\/images.novelship.com\/product\/sabrina_ionescu_x_nike_air_zoom_gt_cut__new_york_l_6_4044.jpeg;https:\/\/images.novelship.com\/product\/sabrina_ionescu_x_nike_air_zoom_gt_cut__new_york_l_7_4044.jpeg","datePublished":"2026-04-16T10:11:46+00:00","dateModified":"2026-04-17T15:58:01+00:00","breadcrumb":{"@id":"https:\/\/tourcruiser.com\/fr\/products\/sabrina-ionescu-x-nike-air-zoom-gt-cut-new-york-liberty-cz0175-901\/#breadcrumb"},"inLanguage":"fr-FR","potentialAction":[{"@type":"ReadAction","target":["https:\/\/tourcruiser.com\/fr\/products\/sabrina-ionescu-x-nike-air-zoom-gt-cut-new-york-liberty-cz0175-901\/"]}]},{"@type":"ImageObject","inLanguage":"fr-FR","@id":"https:\/\/tourcruiser.com\/fr\/products\/sabrina-ionescu-x-nike-air-zoom-gt-cut-new-york-liberty-cz0175-901\/#primaryimage","url":"https:\/\/images.novelship.com\/product\/sabrina_ionescu_x_nike_air_zoom_gt_cut__new_york_l_0_4043.jpeg;https:\/\/images.novelship.com\/product\/sabrina_ionescu_x_nike_air_zoom_gt_cut__new_york_l_1_4043.jpeg;https:\/\/images.novelship.com\/product\/sabrina_ionescu_x_nike_air_zoom_gt_cut__new_york_l_2_4044.jpeg;https:\/\/images.novelship.com\/product\/sabrina_ionescu_x_nike_air_zoom_gt_cut__new_york_l_3_4044.jpeg;https:\/\/images.novelship.com\/product\/sabrina_ionescu_x_nike_air_zoom_gt_cut__new_york_l_4_4044.jpeg;https:\/\/images.novelship.com\/product\/sabrina_ionescu_x_nike_air_zoom_gt_cut__new_york_l_5_4044.jpeg;https:\/\/images.novelship.com\/product\/sabrina_ionescu_x_nike_air_zoom_gt_cut__new_york_l_6_4044.jpeg;https:\/\/images.novelship.com\/product\/sabrina_ionescu_x_nike_air_zoom_gt_cut__new_york_l_7_4044.jpeg","contentUrl":"https:\/\/images.novelship.com\/product\/sabrina_ionescu_x_nike_air_zoom_gt_cut__new_york_l_0_4043.jpeg;https:\/\/images.novelship.com\/product\/sabrina_ionescu_x_nike_air_zoom_gt_cut__new_york_l_1_4043.jpeg;https:\/\/images.novelship.com\/product\/sabrina_ionescu_x_nike_air_zoom_gt_cut__new_york_l_2_4044.jpeg;https:\/\/images.novelship.com\/product\/sabrina_ionescu_x_nike_air_zoom_gt_cut__new_york_l_3_4044.jpeg;https:\/\/images.novelship.com\/product\/sabrina_ionescu_x_nike_air_zoom_gt_cut__new_york_l_4_4044.jpeg;https:\/\/images.novelship.com\/product\/sabrina_ionescu_x_nike_air_zoom_gt_cut__new_york_l_5_4044.jpeg;https:\/\/images.novelship.com\/product\/sabrina_ionescu_x_nike_air_zoom_gt_cut__new_york_l_6_4044.jpeg;https:\/\/images.novelship.com\/product\/sabrina_ionescu_x_nike_air_zoom_gt_cut__new_york_l_7_4044.jpeg"},{"@type":"BreadcrumbList","@id":"https:\/\/tourcruiser.com\/fr\/products\/sabrina-ionescu-x-nike-air-zoom-gt-cut-new-york-liberty-cz0175-901\/#breadcrumb","itemListElement":[{"@type":"ListItem","position":1,"name":"Home","item":"https:\/\/tourcruiser.com\/fr\/"},{"@type":"ListItem","position":2,"name":"Shop","item":"https:\/\/tourcruiser.com\/fr\/shop\/"},{"@type":"ListItem","position":3,"name":"Sabrina Ionescu x Nike Air Zoom GT Cut &#8216;New York Liberty&#8217; CZ0175-901"}]},{"@type":"WebSite","@id":"https:\/\/tourcruiser.com\/fr\/#website","url":"https:\/\/tourcruiser.com\/fr\/","name":"Styloral Jewelry Shop","description":"Tourcruiser Sneaker Store \u2014 L\u2019endroit o\u00f9 l\u2019univers rencontre votre singularit\u00e9.","publisher":{"@id":"https:\/\/tourcruiser.com\/fr\/#organization"},"potentialAction":[{"@type":"SearchAction","target":{"@type":"EntryPoint","urlTemplate":"https:\/\/tourcruiser.com\/fr\/?s={search_term_string}"},"query-input":{"@type":"PropertyValueSpecification","valueRequired":true,"valueName":"search_term_string"}}],"inLanguage":"fr-FR"},{"@type":"Organization","@id":"https:\/\/tourcruiser.com\/fr\/#organization","name":"STYLORAL PTE. LTD","url":"https:\/\/tourcruiser.com\/fr\/","logo":{"@type":"ImageObject","inLanguage":"fr-FR","@id":"https:\/\/tourcruiser.com\/fr\/#\/schema\/logo\/image\/","url":"https:\/\/www.tourcruiser.com\/wp-content\/uploads\/2025\/12\/logo.png","contentUrl":"https:\/\/www.tourcruiser.com\/wp-content\/uploads\/2025\/12\/logo.png","width":200,"height":65,"caption":"STYLORAL PTE. LTD"},"image":{"@id":"https:\/\/tourcruiser.com\/fr\/#\/schema\/logo\/image\/"}}]}},"_links":{"self":[{"href":"https:\/\/tourcruiser.com\/fr\/wp-json\/wp\/v2\/product\/766028","targetHints":{"allow":["GET"]}}],"collection":[{"href":"https:\/\/tourcruiser.com\/fr\/wp-json\/wp\/v2\/product"}],"about":[{"href":"https:\/\/tourcruiser.com\/fr\/wp-json\/wp\/v2\/types\/product"}],"replies":[{"embeddable":true,"href":"https:\/\/tourcruiser.com\/fr\/wp-json\/wp\/v2\/comments?post=766028"}],"wp:featuredmedia":[{"embeddable":true,"href":"https:\/\/tourcruiser.com\/fr\/wp-json\/wp\/v2\/media\/766029"}],"wp:attachment":[{"href":"https:\/\/tourcruiser.com\/fr\/wp-json\/wp\/v2\/media?parent=766028"}],"wp:term":[{"taxonomy":"product_brand","embeddable":true,"href":"https:\/\/tourcruiser.com\/fr\/wp-json\/wp\/v2\/product_brand?post=766028"},{"taxonomy":"product_cat","embeddable":true,"href":"https:\/\/tourcruiser.com\/fr\/wp-json\/wp\/v2\/product_cat?post=766028"},{"taxonomy":"product_tag","embeddable":true,"href":"https:\/\/tourcruiser.com\/fr\/wp-json\/wp\/v2\/product_tag?post=766028"}],"curies":[{"name":"wp","href":"https:\/\/api.w.org\/{rel}","templated":true}]}}