{"id":765842,"date":"2026-04-16T17:11:40","date_gmt":"2026-04-16T10:11:40","guid":{"rendered":"http:\/\/tourcruiser.com\/product\/xbox-one-x-air-jordan-3-retro-se-unite-special-box-ck5692-600"},"modified":"2026-04-17T22:57:47","modified_gmt":"2026-04-17T15:57:47","slug":"xbox-one-x-air-jordan-3-retro-se-unite-special-box-ck5692-600","status":"publish","type":"product","link":"https:\/\/tourcruiser.com\/fr\/products\/xbox-one-x-air-jordan-3-retro-se-unite-special-box-ck5692-600\/","title":{"rendered":"Xbox One x Air Jordan 3 Retro SE &lsquo;Unite&rsquo; Special Box CK5692-600"},"content":{"rendered":"<p>La Air Jordan 3 Retro SE Unite, aussi appel\u00e9e \u00ab\u00a0Red Cement\u00a0\u00bb, est une sneaker iconique et styl\u00e9e de Jordan. Avec sa couleur rouge \u00e9clatante, elle ne passera pas inaper\u00e7ue. Que vous soyez fan de Jordan ou simplement \u00e0 la recherche d&rsquo;une sneaker unique, la Air Jordan 3 Retro SE Unite est un incontournable.<\/p>\n<p>Coloris\u00a0: Rouge Varsity\/Gris Ciment\/Noir<\/p>\n<p>Code article\u00a0: CK5692-600<\/p>\n<p>Tige\u00a0: Cuir<\/p>\n<p>Semelle interm\u00e9diaire\u00a0: Air<\/p>\n<p>Couleur\u00a0: Rouge<\/p>\n<p>Designer\u00a0: Tinker Hatfield<\/p>\n<p>Saison\u00a0: Hiver<\/p>\n<p>Ann\u00e9e de sortie\u00a0: 2020<\/p>\n<p>\u00c2ge\u00a0: Adulte<\/p>\n<p>Couleur\u00a0: Rouge<br \/>\nGenre\u00a0: Homme<\/p>\n","protected":false},"excerpt":{"rendered":"<p>La Air Jordan 3 Retro SE Unite, aussi appel\u00e9e \u00ab\u00a0Red Cement\u00a0\u00bb, est une sneaker iconique et styl\u00e9e de Jordan. Avec sa couleur rouge \u00e9clatante, elle ne passera pas inaper\u00e7ue. Que vous soyez fan de Jordan ou simplement \u00e0 la recherche d&rsquo;une sneaker unique, la Air Jordan 3 Retro SE Unite est un incontournable. Coloris\u00a0: Rouge [&hellip;]<\/p>\n","protected":false},"featured_media":765843,"comment_status":"open","ping_status":"closed","template":"","meta":[],"product_brand":[],"product_cat":[38880],"product_tag":[10750,38861,38841,38975,38842,10776,11349,38875,10756],"class_list":{"0":"post-765842","1":"product","2":"type-product","3":"status-publish","4":"has-post-thumbnail","6":"product_cat-jordan","7":"product_tag-athleisure-shoes","8":"product_tag-below-retail-price","9":"product_tag-casual-shoes","10":"product_tag-casual-shoes-basketball-inspired","11":"product_tag-gift-idea-for-him","12":"product_tag-jordan","13":"product_tag-jordan-basketball-shoes","14":"product_tag-jordan-skateboard-shoes","15":"product_tag-retro-casual-shoes","17":"first","18":"instock","19":"taxable","20":"shipping-taxable","21":"purchasable","22":"product-type-simple"},"wcpa_form_fields":null,"yoast_head":"<!-- This site is optimized with the Yoast SEO plugin v26.5 - https:\/\/yoast.com\/wordpress\/plugins\/seo\/ -->\n<title>Xbox One x Air Jordan 3 Retro SE &#039;Unite&#039; Special Box CK5692-600 - TOURCRUISER PTE. LTD<\/title>\n<meta name=\"robots\" content=\"index, follow, max-snippet:-1, max-image-preview:large, max-video-preview:-1\" \/>\n<link rel=\"canonical\" href=\"https:\/\/tourcruiser.com\/fr\/products\/xbox-one-x-air-jordan-3-retro-se-unite-special-box-ck5692-600\/\" \/>\n<meta property=\"og:locale\" content=\"fr_FR\" \/>\n<meta property=\"og:type\" content=\"article\" \/>\n<meta property=\"og:title\" content=\"Xbox One x Air Jordan 3 Retro SE &#039;Unite&#039; Special Box CK5692-600 - TOURCRUISER PTE. LTD\" \/>\n<meta property=\"og:description\" content=\"La Air Jordan 3 Retro SE Unite, aussi appel\u00e9e \u00ab\u00a0Red Cement\u00a0\u00bb, est une sneaker iconique et styl\u00e9e de Jordan. Avec sa couleur rouge \u00e9clatante, elle ne passera pas inaper\u00e7ue. Que vous soyez fan de Jordan ou simplement \u00e0 la recherche d&rsquo;une sneaker unique, la Air Jordan 3 Retro SE Unite est un incontournable. Coloris\u00a0: Rouge [&hellip;]\" \/>\n<meta property=\"og:url\" content=\"https:\/\/tourcruiser.com\/fr\/products\/xbox-one-x-air-jordan-3-retro-se-unite-special-box-ck5692-600\/\" \/>\n<meta property=\"og:site_name\" content=\"Tourcruiser Sneaker Store\" \/>\n<meta property=\"article:modified_time\" content=\"2026-04-17T15:57:47+00:00\" \/>\n<meta name=\"twitter:card\" content=\"summary_large_image\" \/>\n<meta name=\"twitter:image\" content=\"https:\/\/images.novelship.com\/product\/xbox_one_x_air_jordan_3_retro_se__unite__special_b_0_53392.jpeg;https:\/\/images.novelship.com\/product\/xbox_one_x_air_jordan_3_retro_se__unite__special_b_1_53392.jpeg;https:\/\/images.novelship.com\/product\/xbox_one_x_air_jordan_3_retro_se__unite__special_b_2_53392.jpeg;https:\/\/images.novelship.com\/product\/xbox_one_x_air_jordan_3_retro_se__unite__special_b_3_53392.jpeg;https:\/\/images.novelship.com\/product\/xbox_one_x_air_jordan_3_retro_se__unite__special_b_4_53392.jpeg;https:\/\/images.novelship.com\/product\/xbox_one_x_air_jordan_3_retro_se__unite__special_b_5_53392.jpeg;https:\/\/images.novelship.com\/product\/xbox_one_x_air_jordan_3_retro_se__unite__special_b_6_53392.jpeg;https:\/\/images.novelship.com\/product\/xbox_one_x_air_jordan_3_retro_se__unite__special_b_7_53392.jpeg\" \/>\n<script type=\"application\/ld+json\" class=\"yoast-schema-graph\">{\"@context\":\"https:\/\/schema.org\",\"@graph\":[{\"@type\":\"WebPage\",\"@id\":\"https:\/\/tourcruiser.com\/fr\/products\/xbox-one-x-air-jordan-3-retro-se-unite-special-box-ck5692-600\/\",\"url\":\"https:\/\/tourcruiser.com\/fr\/products\/xbox-one-x-air-jordan-3-retro-se-unite-special-box-ck5692-600\/\",\"name\":\"Xbox One x Air Jordan 3 Retro SE 'Unite' Special Box CK5692-600 - TOURCRUISER PTE. LTD\",\"isPartOf\":{\"@id\":\"https:\/\/tourcruiser.com\/fr\/#website\"},\"primaryImageOfPage\":{\"@id\":\"https:\/\/tourcruiser.com\/fr\/products\/xbox-one-x-air-jordan-3-retro-se-unite-special-box-ck5692-600\/#primaryimage\"},\"image\":{\"@id\":\"https:\/\/tourcruiser.com\/fr\/products\/xbox-one-x-air-jordan-3-retro-se-unite-special-box-ck5692-600\/#primaryimage\"},\"thumbnailUrl\":\"https:\/\/images.novelship.com\/product\/xbox_one_x_air_jordan_3_retro_se__unite__special_b_0_53392.jpeg;https:\/\/images.novelship.com\/product\/xbox_one_x_air_jordan_3_retro_se__unite__special_b_1_53392.jpeg;https:\/\/images.novelship.com\/product\/xbox_one_x_air_jordan_3_retro_se__unite__special_b_2_53392.jpeg;https:\/\/images.novelship.com\/product\/xbox_one_x_air_jordan_3_retro_se__unite__special_b_3_53392.jpeg;https:\/\/images.novelship.com\/product\/xbox_one_x_air_jordan_3_retro_se__unite__special_b_4_53392.jpeg;https:\/\/images.novelship.com\/product\/xbox_one_x_air_jordan_3_retro_se__unite__special_b_5_53392.jpeg;https:\/\/images.novelship.com\/product\/xbox_one_x_air_jordan_3_retro_se__unite__special_b_6_53392.jpeg;https:\/\/images.novelship.com\/product\/xbox_one_x_air_jordan_3_retro_se__unite__special_b_7_53392.jpeg\",\"datePublished\":\"2026-04-16T10:11:40+00:00\",\"dateModified\":\"2026-04-17T15:57:47+00:00\",\"breadcrumb\":{\"@id\":\"https:\/\/tourcruiser.com\/fr\/products\/xbox-one-x-air-jordan-3-retro-se-unite-special-box-ck5692-600\/#breadcrumb\"},\"inLanguage\":\"fr-FR\",\"potentialAction\":[{\"@type\":\"ReadAction\",\"target\":[\"https:\/\/tourcruiser.com\/fr\/products\/xbox-one-x-air-jordan-3-retro-se-unite-special-box-ck5692-600\/\"]}]},{\"@type\":\"ImageObject\",\"inLanguage\":\"fr-FR\",\"@id\":\"https:\/\/tourcruiser.com\/fr\/products\/xbox-one-x-air-jordan-3-retro-se-unite-special-box-ck5692-600\/#primaryimage\",\"url\":\"https:\/\/images.novelship.com\/product\/xbox_one_x_air_jordan_3_retro_se__unite__special_b_0_53392.jpeg;https:\/\/images.novelship.com\/product\/xbox_one_x_air_jordan_3_retro_se__unite__special_b_1_53392.jpeg;https:\/\/images.novelship.com\/product\/xbox_one_x_air_jordan_3_retro_se__unite__special_b_2_53392.jpeg;https:\/\/images.novelship.com\/product\/xbox_one_x_air_jordan_3_retro_se__unite__special_b_3_53392.jpeg;https:\/\/images.novelship.com\/product\/xbox_one_x_air_jordan_3_retro_se__unite__special_b_4_53392.jpeg;https:\/\/images.novelship.com\/product\/xbox_one_x_air_jordan_3_retro_se__unite__special_b_5_53392.jpeg;https:\/\/images.novelship.com\/product\/xbox_one_x_air_jordan_3_retro_se__unite__special_b_6_53392.jpeg;https:\/\/images.novelship.com\/product\/xbox_one_x_air_jordan_3_retro_se__unite__special_b_7_53392.jpeg\",\"contentUrl\":\"https:\/\/images.novelship.com\/product\/xbox_one_x_air_jordan_3_retro_se__unite__special_b_0_53392.jpeg;https:\/\/images.novelship.com\/product\/xbox_one_x_air_jordan_3_retro_se__unite__special_b_1_53392.jpeg;https:\/\/images.novelship.com\/product\/xbox_one_x_air_jordan_3_retro_se__unite__special_b_2_53392.jpeg;https:\/\/images.novelship.com\/product\/xbox_one_x_air_jordan_3_retro_se__unite__special_b_3_53392.jpeg;https:\/\/images.novelship.com\/product\/xbox_one_x_air_jordan_3_retro_se__unite__special_b_4_53392.jpeg;https:\/\/images.novelship.com\/product\/xbox_one_x_air_jordan_3_retro_se__unite__special_b_5_53392.jpeg;https:\/\/images.novelship.com\/product\/xbox_one_x_air_jordan_3_retro_se__unite__special_b_6_53392.jpeg;https:\/\/images.novelship.com\/product\/xbox_one_x_air_jordan_3_retro_se__unite__special_b_7_53392.jpeg\"},{\"@type\":\"BreadcrumbList\",\"@id\":\"https:\/\/tourcruiser.com\/fr\/products\/xbox-one-x-air-jordan-3-retro-se-unite-special-box-ck5692-600\/#breadcrumb\",\"itemListElement\":[{\"@type\":\"ListItem\",\"position\":1,\"name\":\"Home\",\"item\":\"https:\/\/tourcruiser.com\/fr\/\"},{\"@type\":\"ListItem\",\"position\":2,\"name\":\"Shop\",\"item\":\"https:\/\/tourcruiser.com\/fr\/shop\/\"},{\"@type\":\"ListItem\",\"position\":3,\"name\":\"Xbox One x Air Jordan 3 Retro SE &#8216;Unite&#8217; Special Box CK5692-600\"}]},{\"@type\":\"WebSite\",\"@id\":\"https:\/\/tourcruiser.com\/fr\/#website\",\"url\":\"https:\/\/tourcruiser.com\/fr\/\",\"name\":\"Styloral Jewelry Shop\",\"description\":\"Tourcruiser Sneaker Store \u2014 L\u2019endroit o\u00f9 l\u2019univers rencontre votre singularit\u00e9.\",\"publisher\":{\"@id\":\"https:\/\/tourcruiser.com\/fr\/#organization\"},\"potentialAction\":[{\"@type\":\"SearchAction\",\"target\":{\"@type\":\"EntryPoint\",\"urlTemplate\":\"https:\/\/tourcruiser.com\/fr\/?s={search_term_string}\"},\"query-input\":{\"@type\":\"PropertyValueSpecification\",\"valueRequired\":true,\"valueName\":\"search_term_string\"}}],\"inLanguage\":\"fr-FR\"},{\"@type\":\"Organization\",\"@id\":\"https:\/\/tourcruiser.com\/fr\/#organization\",\"name\":\"STYLORAL PTE. LTD\",\"url\":\"https:\/\/tourcruiser.com\/fr\/\",\"logo\":{\"@type\":\"ImageObject\",\"inLanguage\":\"fr-FR\",\"@id\":\"https:\/\/tourcruiser.com\/fr\/#\/schema\/logo\/image\/\",\"url\":\"https:\/\/www.tourcruiser.com\/wp-content\/uploads\/2025\/12\/logo.png\",\"contentUrl\":\"https:\/\/www.tourcruiser.com\/wp-content\/uploads\/2025\/12\/logo.png\",\"width\":200,\"height\":65,\"caption\":\"STYLORAL PTE. LTD\"},\"image\":{\"@id\":\"https:\/\/tourcruiser.com\/fr\/#\/schema\/logo\/image\/\"}}]}<\/script>\n<!-- \/ Yoast SEO plugin. -->","yoast_head_json":{"title":"Xbox One x Air Jordan 3 Retro SE 'Unite' Special Box CK5692-600 - TOURCRUISER PTE. LTD","robots":{"index":"index","follow":"follow","max-snippet":"max-snippet:-1","max-image-preview":"max-image-preview:large","max-video-preview":"max-video-preview:-1"},"canonical":"https:\/\/tourcruiser.com\/fr\/products\/xbox-one-x-air-jordan-3-retro-se-unite-special-box-ck5692-600\/","og_locale":"fr_FR","og_type":"article","og_title":"Xbox One x Air Jordan 3 Retro SE 'Unite' Special Box CK5692-600 - TOURCRUISER PTE. LTD","og_description":"La Air Jordan 3 Retro SE Unite, aussi appel\u00e9e \u00ab\u00a0Red Cement\u00a0\u00bb, est une sneaker iconique et styl\u00e9e de Jordan. Avec sa couleur rouge \u00e9clatante, elle ne passera pas inaper\u00e7ue. Que vous soyez fan de Jordan ou simplement \u00e0 la recherche d&rsquo;une sneaker unique, la Air Jordan 3 Retro SE Unite est un incontournable. Coloris\u00a0: Rouge [&hellip;]","og_url":"https:\/\/tourcruiser.com\/fr\/products\/xbox-one-x-air-jordan-3-retro-se-unite-special-box-ck5692-600\/","og_site_name":"Tourcruiser Sneaker Store","article_modified_time":"2026-04-17T15:57:47+00:00","twitter_card":"summary_large_image","twitter_image":"https:\/\/images.novelship.com\/product\/xbox_one_x_air_jordan_3_retro_se__unite__special_b_0_53392.jpeg;https:\/\/images.novelship.com\/product\/xbox_one_x_air_jordan_3_retro_se__unite__special_b_1_53392.jpeg;https:\/\/images.novelship.com\/product\/xbox_one_x_air_jordan_3_retro_se__unite__special_b_2_53392.jpeg;https:\/\/images.novelship.com\/product\/xbox_one_x_air_jordan_3_retro_se__unite__special_b_3_53392.jpeg;https:\/\/images.novelship.com\/product\/xbox_one_x_air_jordan_3_retro_se__unite__special_b_4_53392.jpeg;https:\/\/images.novelship.com\/product\/xbox_one_x_air_jordan_3_retro_se__unite__special_b_5_53392.jpeg;https:\/\/images.novelship.com\/product\/xbox_one_x_air_jordan_3_retro_se__unite__special_b_6_53392.jpeg;https:\/\/images.novelship.com\/product\/xbox_one_x_air_jordan_3_retro_se__unite__special_b_7_53392.jpeg","schema":{"@context":"https:\/\/schema.org","@graph":[{"@type":"WebPage","@id":"https:\/\/tourcruiser.com\/fr\/products\/xbox-one-x-air-jordan-3-retro-se-unite-special-box-ck5692-600\/","url":"https:\/\/tourcruiser.com\/fr\/products\/xbox-one-x-air-jordan-3-retro-se-unite-special-box-ck5692-600\/","name":"Xbox One x Air Jordan 3 Retro SE 'Unite' Special Box CK5692-600 - TOURCRUISER PTE. LTD","isPartOf":{"@id":"https:\/\/tourcruiser.com\/fr\/#website"},"primaryImageOfPage":{"@id":"https:\/\/tourcruiser.com\/fr\/products\/xbox-one-x-air-jordan-3-retro-se-unite-special-box-ck5692-600\/#primaryimage"},"image":{"@id":"https:\/\/tourcruiser.com\/fr\/products\/xbox-one-x-air-jordan-3-retro-se-unite-special-box-ck5692-600\/#primaryimage"},"thumbnailUrl":"https:\/\/images.novelship.com\/product\/xbox_one_x_air_jordan_3_retro_se__unite__special_b_0_53392.jpeg;https:\/\/images.novelship.com\/product\/xbox_one_x_air_jordan_3_retro_se__unite__special_b_1_53392.jpeg;https:\/\/images.novelship.com\/product\/xbox_one_x_air_jordan_3_retro_se__unite__special_b_2_53392.jpeg;https:\/\/images.novelship.com\/product\/xbox_one_x_air_jordan_3_retro_se__unite__special_b_3_53392.jpeg;https:\/\/images.novelship.com\/product\/xbox_one_x_air_jordan_3_retro_se__unite__special_b_4_53392.jpeg;https:\/\/images.novelship.com\/product\/xbox_one_x_air_jordan_3_retro_se__unite__special_b_5_53392.jpeg;https:\/\/images.novelship.com\/product\/xbox_one_x_air_jordan_3_retro_se__unite__special_b_6_53392.jpeg;https:\/\/images.novelship.com\/product\/xbox_one_x_air_jordan_3_retro_se__unite__special_b_7_53392.jpeg","datePublished":"2026-04-16T10:11:40+00:00","dateModified":"2026-04-17T15:57:47+00:00","breadcrumb":{"@id":"https:\/\/tourcruiser.com\/fr\/products\/xbox-one-x-air-jordan-3-retro-se-unite-special-box-ck5692-600\/#breadcrumb"},"inLanguage":"fr-FR","potentialAction":[{"@type":"ReadAction","target":["https:\/\/tourcruiser.com\/fr\/products\/xbox-one-x-air-jordan-3-retro-se-unite-special-box-ck5692-600\/"]}]},{"@type":"ImageObject","inLanguage":"fr-FR","@id":"https:\/\/tourcruiser.com\/fr\/products\/xbox-one-x-air-jordan-3-retro-se-unite-special-box-ck5692-600\/#primaryimage","url":"https:\/\/images.novelship.com\/product\/xbox_one_x_air_jordan_3_retro_se__unite__special_b_0_53392.jpeg;https:\/\/images.novelship.com\/product\/xbox_one_x_air_jordan_3_retro_se__unite__special_b_1_53392.jpeg;https:\/\/images.novelship.com\/product\/xbox_one_x_air_jordan_3_retro_se__unite__special_b_2_53392.jpeg;https:\/\/images.novelship.com\/product\/xbox_one_x_air_jordan_3_retro_se__unite__special_b_3_53392.jpeg;https:\/\/images.novelship.com\/product\/xbox_one_x_air_jordan_3_retro_se__unite__special_b_4_53392.jpeg;https:\/\/images.novelship.com\/product\/xbox_one_x_air_jordan_3_retro_se__unite__special_b_5_53392.jpeg;https:\/\/images.novelship.com\/product\/xbox_one_x_air_jordan_3_retro_se__unite__special_b_6_53392.jpeg;https:\/\/images.novelship.com\/product\/xbox_one_x_air_jordan_3_retro_se__unite__special_b_7_53392.jpeg","contentUrl":"https:\/\/images.novelship.com\/product\/xbox_one_x_air_jordan_3_retro_se__unite__special_b_0_53392.jpeg;https:\/\/images.novelship.com\/product\/xbox_one_x_air_jordan_3_retro_se__unite__special_b_1_53392.jpeg;https:\/\/images.novelship.com\/product\/xbox_one_x_air_jordan_3_retro_se__unite__special_b_2_53392.jpeg;https:\/\/images.novelship.com\/product\/xbox_one_x_air_jordan_3_retro_se__unite__special_b_3_53392.jpeg;https:\/\/images.novelship.com\/product\/xbox_one_x_air_jordan_3_retro_se__unite__special_b_4_53392.jpeg;https:\/\/images.novelship.com\/product\/xbox_one_x_air_jordan_3_retro_se__unite__special_b_5_53392.jpeg;https:\/\/images.novelship.com\/product\/xbox_one_x_air_jordan_3_retro_se__unite__special_b_6_53392.jpeg;https:\/\/images.novelship.com\/product\/xbox_one_x_air_jordan_3_retro_se__unite__special_b_7_53392.jpeg"},{"@type":"BreadcrumbList","@id":"https:\/\/tourcruiser.com\/fr\/products\/xbox-one-x-air-jordan-3-retro-se-unite-special-box-ck5692-600\/#breadcrumb","itemListElement":[{"@type":"ListItem","position":1,"name":"Home","item":"https:\/\/tourcruiser.com\/fr\/"},{"@type":"ListItem","position":2,"name":"Shop","item":"https:\/\/tourcruiser.com\/fr\/shop\/"},{"@type":"ListItem","position":3,"name":"Xbox One x Air Jordan 3 Retro SE &#8216;Unite&#8217; Special Box CK5692-600"}]},{"@type":"WebSite","@id":"https:\/\/tourcruiser.com\/fr\/#website","url":"https:\/\/tourcruiser.com\/fr\/","name":"Styloral Jewelry Shop","description":"Tourcruiser Sneaker Store \u2014 L\u2019endroit o\u00f9 l\u2019univers rencontre votre singularit\u00e9.","publisher":{"@id":"https:\/\/tourcruiser.com\/fr\/#organization"},"potentialAction":[{"@type":"SearchAction","target":{"@type":"EntryPoint","urlTemplate":"https:\/\/tourcruiser.com\/fr\/?s={search_term_string}"},"query-input":{"@type":"PropertyValueSpecification","valueRequired":true,"valueName":"search_term_string"}}],"inLanguage":"fr-FR"},{"@type":"Organization","@id":"https:\/\/tourcruiser.com\/fr\/#organization","name":"STYLORAL PTE. LTD","url":"https:\/\/tourcruiser.com\/fr\/","logo":{"@type":"ImageObject","inLanguage":"fr-FR","@id":"https:\/\/tourcruiser.com\/fr\/#\/schema\/logo\/image\/","url":"https:\/\/www.tourcruiser.com\/wp-content\/uploads\/2025\/12\/logo.png","contentUrl":"https:\/\/www.tourcruiser.com\/wp-content\/uploads\/2025\/12\/logo.png","width":200,"height":65,"caption":"STYLORAL PTE. LTD"},"image":{"@id":"https:\/\/tourcruiser.com\/fr\/#\/schema\/logo\/image\/"}}]}},"_links":{"self":[{"href":"https:\/\/tourcruiser.com\/fr\/wp-json\/wp\/v2\/product\/765842","targetHints":{"allow":["GET"]}}],"collection":[{"href":"https:\/\/tourcruiser.com\/fr\/wp-json\/wp\/v2\/product"}],"about":[{"href":"https:\/\/tourcruiser.com\/fr\/wp-json\/wp\/v2\/types\/product"}],"replies":[{"embeddable":true,"href":"https:\/\/tourcruiser.com\/fr\/wp-json\/wp\/v2\/comments?post=765842"}],"wp:featuredmedia":[{"embeddable":true,"href":"https:\/\/tourcruiser.com\/fr\/wp-json\/wp\/v2\/media\/765843"}],"wp:attachment":[{"href":"https:\/\/tourcruiser.com\/fr\/wp-json\/wp\/v2\/media?parent=765842"}],"wp:term":[{"taxonomy":"product_brand","embeddable":true,"href":"https:\/\/tourcruiser.com\/fr\/wp-json\/wp\/v2\/product_brand?post=765842"},{"taxonomy":"product_cat","embeddable":true,"href":"https:\/\/tourcruiser.com\/fr\/wp-json\/wp\/v2\/product_cat?post=765842"},{"taxonomy":"product_tag","embeddable":true,"href":"https:\/\/tourcruiser.com\/fr\/wp-json\/wp\/v2\/product_tag?post=765842"}],"curies":[{"name":"wp","href":"https:\/\/api.w.org\/{rel}","templated":true}]}}