{"id":765244,"date":"2026-04-16T17:11:22","date_gmt":"2026-04-16T10:11:22","guid":{"rendered":"http:\/\/tourcruiser.com\/product\/grade-school-air-jordan-4-retro-red-thunder-408452-016"},"modified":"2026-04-17T22:57:07","modified_gmt":"2026-04-17T15:57:07","slug":"grade-school-air-jordan-4-retro-red-thunder-408452-016","status":"publish","type":"product","link":"https:\/\/tourcruiser.com\/fr\/products\/grade-school-air-jordan-4-retro-red-thunder-408452-016\/","title":{"rendered":"(Grade School) Air Jordan 4 Retro &lsquo;Red Thunder&rsquo; 408452-016"},"content":{"rendered":"<p>D\u00e9couvrez la Air Jordan 4 Retro Red Thunder (GS) de Jordan. Cette sneaker iconique et styl\u00e9e arbore un design rouge et noir saisissant ainsi que le logo Jordan classique. Confectionn\u00e9e \u00e0 partir de mat\u00e9riaux haut de gamme, elle offre un confort et une durabilit\u00e9 exceptionnels. Parfaite pour le sport et les loisirs, cette sneaker est un incontournable pour tous les passionn\u00e9s de sneakers.<\/p>\n<p>Coloris : Noir\/Blanc-Rouge<\/p>\n<p>Code article : 408452-016<\/p>\n<p>Tige : Cuir nubuck<\/p>\n<p>Semelle interm\u00e9diaire : Air<\/p>\n<p>Couleur : Noir<\/p>\n<p>Designer : Tinker Hatfield<\/p>\n<p>Saison : Hiver<\/p>\n<p>Ann\u00e9e de sortie : 2022<br \/>\n\u00c2ge : Adulte<br \/>\nCouleur : Noir<br \/>\nGenre : Enfant<\/p>\n","protected":false},"excerpt":{"rendered":"<p>D\u00e9couvrez la Air Jordan 4 Retro Red Thunder (GS) de Jordan. Cette sneaker iconique et styl\u00e9e arbore un design rouge et noir saisissant ainsi que le logo Jordan classique. Confectionn\u00e9e \u00e0 partir de mat\u00e9riaux haut de gamme, elle offre un confort et une durabilit\u00e9 exceptionnels. Parfaite pour le sport et les loisirs, cette sneaker est [&hellip;]<\/p>\n","protected":false},"featured_media":765245,"comment_status":"open","ping_status":"closed","template":"","meta":[],"product_brand":[],"product_cat":[38880],"product_tag":[10750,38988,10776,38875,10756,39039],"class_list":{"0":"post-765244","1":"product","2":"type-product","3":"status-publish","4":"has-post-thumbnail","6":"product_cat-jordan","7":"product_tag-athleisure-shoes","8":"product_tag-casual-shoes-for-kids","9":"product_tag-jordan","10":"product_tag-jordan-skateboard-shoes","11":"product_tag-retro-casual-shoes","12":"product_tag-sneakers-for-kids","14":"first","15":"instock","16":"taxable","17":"shipping-taxable","18":"purchasable","19":"product-type-simple"},"wcpa_form_fields":null,"yoast_head":"<!-- This site is optimized with the Yoast SEO plugin v26.5 - https:\/\/yoast.com\/wordpress\/plugins\/seo\/ -->\n<title>(Grade School) Air Jordan 4 Retro &#039;Red Thunder&#039; 408452-016 - TOURCRUISER PTE. LTD<\/title>\n<meta name=\"robots\" content=\"index, follow, max-snippet:-1, max-image-preview:large, max-video-preview:-1\" \/>\n<link rel=\"canonical\" href=\"https:\/\/tourcruiser.com\/fr\/products\/grade-school-air-jordan-4-retro-red-thunder-408452-016\/\" \/>\n<meta property=\"og:locale\" content=\"fr_FR\" \/>\n<meta property=\"og:type\" content=\"article\" \/>\n<meta property=\"og:title\" content=\"(Grade School) Air Jordan 4 Retro &#039;Red Thunder&#039; 408452-016 - TOURCRUISER PTE. LTD\" \/>\n<meta property=\"og:description\" content=\"D\u00e9couvrez la Air Jordan 4 Retro Red Thunder (GS) de Jordan. Cette sneaker iconique et styl\u00e9e arbore un design rouge et noir saisissant ainsi que le logo Jordan classique. Confectionn\u00e9e \u00e0 partir de mat\u00e9riaux haut de gamme, elle offre un confort et une durabilit\u00e9 exceptionnels. Parfaite pour le sport et les loisirs, cette sneaker est [&hellip;]\" \/>\n<meta property=\"og:url\" content=\"https:\/\/tourcruiser.com\/fr\/products\/grade-school-air-jordan-4-retro-red-thunder-408452-016\/\" \/>\n<meta property=\"og:site_name\" content=\"Tourcruiser Sneaker Store\" \/>\n<meta property=\"article:modified_time\" content=\"2026-04-17T15:57:07+00:00\" \/>\n<meta name=\"twitter:card\" content=\"summary_large_image\" \/>\n<meta name=\"twitter:image\" content=\"https:\/\/images.novelship.com\/product\/_grade_school__air_jordan_4_retro__red_thunder__40_0_84402.jpeg;https:\/\/images.novelship.com\/product\/_grade_school__air_jordan_4_retro__red_thunder__40_1_84402.jpeg;https:\/\/images.novelship.com\/product\/_grade_school__air_jordan_4_retro__red_thunder__40_2_84402.jpeg;https:\/\/images.novelship.com\/product\/_grade_school__air_jordan_4_retro__red_thunder__40_3_84402.jpeg;https:\/\/images.novelship.com\/product\/_grade_school__air_jordan_4_retro__red_thunder__40_4_84402.jpeg;https:\/\/images.novelship.com\/product\/_grade_school__air_jordan_4_retro__red_thunder__40_5_84402.jpeg;https:\/\/images.novelship.com\/product\/_grade_school__air_jordan_4_retro__red_thunder__40_6_84402.jpeg;https:\/\/images.novelship.com\/product\/_grade_school__air_jordan_4_retro__red_thunder__40_7_84402.jpeg\" \/>\n<script type=\"application\/ld+json\" class=\"yoast-schema-graph\">{\"@context\":\"https:\/\/schema.org\",\"@graph\":[{\"@type\":\"WebPage\",\"@id\":\"https:\/\/tourcruiser.com\/fr\/products\/grade-school-air-jordan-4-retro-red-thunder-408452-016\/\",\"url\":\"https:\/\/tourcruiser.com\/fr\/products\/grade-school-air-jordan-4-retro-red-thunder-408452-016\/\",\"name\":\"(Grade School) Air Jordan 4 Retro 'Red Thunder' 408452-016 - TOURCRUISER PTE. LTD\",\"isPartOf\":{\"@id\":\"\/#website\"},\"primaryImageOfPage\":{\"@id\":\"https:\/\/tourcruiser.com\/fr\/products\/grade-school-air-jordan-4-retro-red-thunder-408452-016\/#primaryimage\"},\"image\":{\"@id\":\"https:\/\/tourcruiser.com\/fr\/products\/grade-school-air-jordan-4-retro-red-thunder-408452-016\/#primaryimage\"},\"thumbnailUrl\":\"https:\/\/images.novelship.com\/product\/_grade_school__air_jordan_4_retro__red_thunder__40_0_84402.jpeg;https:\/\/images.novelship.com\/product\/_grade_school__air_jordan_4_retro__red_thunder__40_1_84402.jpeg;https:\/\/images.novelship.com\/product\/_grade_school__air_jordan_4_retro__red_thunder__40_2_84402.jpeg;https:\/\/images.novelship.com\/product\/_grade_school__air_jordan_4_retro__red_thunder__40_3_84402.jpeg;https:\/\/images.novelship.com\/product\/_grade_school__air_jordan_4_retro__red_thunder__40_4_84402.jpeg;https:\/\/images.novelship.com\/product\/_grade_school__air_jordan_4_retro__red_thunder__40_5_84402.jpeg;https:\/\/images.novelship.com\/product\/_grade_school__air_jordan_4_retro__red_thunder__40_6_84402.jpeg;https:\/\/images.novelship.com\/product\/_grade_school__air_jordan_4_retro__red_thunder__40_7_84402.jpeg\",\"datePublished\":\"2026-04-16T10:11:22+00:00\",\"dateModified\":\"2026-04-17T15:57:07+00:00\",\"breadcrumb\":{\"@id\":\"https:\/\/tourcruiser.com\/fr\/products\/grade-school-air-jordan-4-retro-red-thunder-408452-016\/#breadcrumb\"},\"inLanguage\":\"fr-FR\",\"potentialAction\":[{\"@type\":\"ReadAction\",\"target\":[\"https:\/\/tourcruiser.com\/fr\/products\/grade-school-air-jordan-4-retro-red-thunder-408452-016\/\"]}]},{\"@type\":\"ImageObject\",\"inLanguage\":\"fr-FR\",\"@id\":\"https:\/\/tourcruiser.com\/fr\/products\/grade-school-air-jordan-4-retro-red-thunder-408452-016\/#primaryimage\",\"url\":\"https:\/\/images.novelship.com\/product\/_grade_school__air_jordan_4_retro__red_thunder__40_0_84402.jpeg;https:\/\/images.novelship.com\/product\/_grade_school__air_jordan_4_retro__red_thunder__40_1_84402.jpeg;https:\/\/images.novelship.com\/product\/_grade_school__air_jordan_4_retro__red_thunder__40_2_84402.jpeg;https:\/\/images.novelship.com\/product\/_grade_school__air_jordan_4_retro__red_thunder__40_3_84402.jpeg;https:\/\/images.novelship.com\/product\/_grade_school__air_jordan_4_retro__red_thunder__40_4_84402.jpeg;https:\/\/images.novelship.com\/product\/_grade_school__air_jordan_4_retro__red_thunder__40_5_84402.jpeg;https:\/\/images.novelship.com\/product\/_grade_school__air_jordan_4_retro__red_thunder__40_6_84402.jpeg;https:\/\/images.novelship.com\/product\/_grade_school__air_jordan_4_retro__red_thunder__40_7_84402.jpeg\",\"contentUrl\":\"https:\/\/images.novelship.com\/product\/_grade_school__air_jordan_4_retro__red_thunder__40_0_84402.jpeg;https:\/\/images.novelship.com\/product\/_grade_school__air_jordan_4_retro__red_thunder__40_1_84402.jpeg;https:\/\/images.novelship.com\/product\/_grade_school__air_jordan_4_retro__red_thunder__40_2_84402.jpeg;https:\/\/images.novelship.com\/product\/_grade_school__air_jordan_4_retro__red_thunder__40_3_84402.jpeg;https:\/\/images.novelship.com\/product\/_grade_school__air_jordan_4_retro__red_thunder__40_4_84402.jpeg;https:\/\/images.novelship.com\/product\/_grade_school__air_jordan_4_retro__red_thunder__40_5_84402.jpeg;https:\/\/images.novelship.com\/product\/_grade_school__air_jordan_4_retro__red_thunder__40_6_84402.jpeg;https:\/\/images.novelship.com\/product\/_grade_school__air_jordan_4_retro__red_thunder__40_7_84402.jpeg\"},{\"@type\":\"BreadcrumbList\",\"@id\":\"https:\/\/tourcruiser.com\/fr\/products\/grade-school-air-jordan-4-retro-red-thunder-408452-016\/#breadcrumb\",\"itemListElement\":[{\"@type\":\"ListItem\",\"position\":1,\"name\":\"Home\",\"item\":\"https:\/\/tourcruiser.com\/fr\/\"},{\"@type\":\"ListItem\",\"position\":2,\"name\":\"Shop\",\"item\":\"https:\/\/tourcruiser.com\/fr\/shop\/\"},{\"@type\":\"ListItem\",\"position\":3,\"name\":\"(Grade School) Air Jordan 4 Retro &#8216;Red Thunder&#8217; 408452-016\"}]},{\"@type\":\"WebSite\",\"@id\":\"\/#website\",\"url\":\"\/\",\"name\":\"Styloral Jewelry Shop\",\"description\":\"Tourcruiser Sneaker Store \u2014 L\u2019endroit o\u00f9 l\u2019univers rencontre votre singularit\u00e9.\",\"publisher\":{\"@id\":\"\/#organization\"},\"potentialAction\":[{\"@type\":\"SearchAction\",\"target\":{\"@type\":\"EntryPoint\",\"urlTemplate\":\"\/?s={search_term_string}\"},\"query-input\":{\"@type\":\"PropertyValueSpecification\",\"valueRequired\":true,\"valueName\":\"search_term_string\"}}],\"inLanguage\":\"fr-FR\"},{\"@type\":\"Organization\",\"@id\":\"\/#organization\",\"name\":\"STYLORAL PTE. LTD\",\"url\":\"\/\",\"logo\":{\"@type\":\"ImageObject\",\"inLanguage\":\"fr-FR\",\"@id\":\"\/#\/schema\/logo\/image\/\",\"url\":\"https:\/\/www.tourcruiser.com\/wp-content\/uploads\/2025\/12\/logo.png\",\"contentUrl\":\"https:\/\/www.tourcruiser.com\/wp-content\/uploads\/2025\/12\/logo.png\",\"width\":200,\"height\":65,\"caption\":\"STYLORAL PTE. LTD\"},\"image\":{\"@id\":\"\/#\/schema\/logo\/image\/\"}}]}<\/script>\n<!-- \/ Yoast SEO plugin. -->","yoast_head_json":{"title":"(Grade School) Air Jordan 4 Retro 'Red Thunder' 408452-016 - TOURCRUISER PTE. LTD","robots":{"index":"index","follow":"follow","max-snippet":"max-snippet:-1","max-image-preview":"max-image-preview:large","max-video-preview":"max-video-preview:-1"},"canonical":"https:\/\/tourcruiser.com\/fr\/products\/grade-school-air-jordan-4-retro-red-thunder-408452-016\/","og_locale":"fr_FR","og_type":"article","og_title":"(Grade School) Air Jordan 4 Retro 'Red Thunder' 408452-016 - TOURCRUISER PTE. LTD","og_description":"D\u00e9couvrez la Air Jordan 4 Retro Red Thunder (GS) de Jordan. Cette sneaker iconique et styl\u00e9e arbore un design rouge et noir saisissant ainsi que le logo Jordan classique. Confectionn\u00e9e \u00e0 partir de mat\u00e9riaux haut de gamme, elle offre un confort et une durabilit\u00e9 exceptionnels. Parfaite pour le sport et les loisirs, cette sneaker est [&hellip;]","og_url":"https:\/\/tourcruiser.com\/fr\/products\/grade-school-air-jordan-4-retro-red-thunder-408452-016\/","og_site_name":"Tourcruiser Sneaker Store","article_modified_time":"2026-04-17T15:57:07+00:00","twitter_card":"summary_large_image","twitter_image":"https:\/\/images.novelship.com\/product\/_grade_school__air_jordan_4_retro__red_thunder__40_0_84402.jpeg;https:\/\/images.novelship.com\/product\/_grade_school__air_jordan_4_retro__red_thunder__40_1_84402.jpeg;https:\/\/images.novelship.com\/product\/_grade_school__air_jordan_4_retro__red_thunder__40_2_84402.jpeg;https:\/\/images.novelship.com\/product\/_grade_school__air_jordan_4_retro__red_thunder__40_3_84402.jpeg;https:\/\/images.novelship.com\/product\/_grade_school__air_jordan_4_retro__red_thunder__40_4_84402.jpeg;https:\/\/images.novelship.com\/product\/_grade_school__air_jordan_4_retro__red_thunder__40_5_84402.jpeg;https:\/\/images.novelship.com\/product\/_grade_school__air_jordan_4_retro__red_thunder__40_6_84402.jpeg;https:\/\/images.novelship.com\/product\/_grade_school__air_jordan_4_retro__red_thunder__40_7_84402.jpeg","schema":{"@context":"https:\/\/schema.org","@graph":[{"@type":"WebPage","@id":"https:\/\/tourcruiser.com\/fr\/products\/grade-school-air-jordan-4-retro-red-thunder-408452-016\/","url":"https:\/\/tourcruiser.com\/fr\/products\/grade-school-air-jordan-4-retro-red-thunder-408452-016\/","name":"(Grade School) Air Jordan 4 Retro 'Red Thunder' 408452-016 - TOURCRUISER PTE. LTD","isPartOf":{"@id":"\/#website"},"primaryImageOfPage":{"@id":"https:\/\/tourcruiser.com\/fr\/products\/grade-school-air-jordan-4-retro-red-thunder-408452-016\/#primaryimage"},"image":{"@id":"https:\/\/tourcruiser.com\/fr\/products\/grade-school-air-jordan-4-retro-red-thunder-408452-016\/#primaryimage"},"thumbnailUrl":"https:\/\/images.novelship.com\/product\/_grade_school__air_jordan_4_retro__red_thunder__40_0_84402.jpeg;https:\/\/images.novelship.com\/product\/_grade_school__air_jordan_4_retro__red_thunder__40_1_84402.jpeg;https:\/\/images.novelship.com\/product\/_grade_school__air_jordan_4_retro__red_thunder__40_2_84402.jpeg;https:\/\/images.novelship.com\/product\/_grade_school__air_jordan_4_retro__red_thunder__40_3_84402.jpeg;https:\/\/images.novelship.com\/product\/_grade_school__air_jordan_4_retro__red_thunder__40_4_84402.jpeg;https:\/\/images.novelship.com\/product\/_grade_school__air_jordan_4_retro__red_thunder__40_5_84402.jpeg;https:\/\/images.novelship.com\/product\/_grade_school__air_jordan_4_retro__red_thunder__40_6_84402.jpeg;https:\/\/images.novelship.com\/product\/_grade_school__air_jordan_4_retro__red_thunder__40_7_84402.jpeg","datePublished":"2026-04-16T10:11:22+00:00","dateModified":"2026-04-17T15:57:07+00:00","breadcrumb":{"@id":"https:\/\/tourcruiser.com\/fr\/products\/grade-school-air-jordan-4-retro-red-thunder-408452-016\/#breadcrumb"},"inLanguage":"fr-FR","potentialAction":[{"@type":"ReadAction","target":["https:\/\/tourcruiser.com\/fr\/products\/grade-school-air-jordan-4-retro-red-thunder-408452-016\/"]}]},{"@type":"ImageObject","inLanguage":"fr-FR","@id":"https:\/\/tourcruiser.com\/fr\/products\/grade-school-air-jordan-4-retro-red-thunder-408452-016\/#primaryimage","url":"https:\/\/images.novelship.com\/product\/_grade_school__air_jordan_4_retro__red_thunder__40_0_84402.jpeg;https:\/\/images.novelship.com\/product\/_grade_school__air_jordan_4_retro__red_thunder__40_1_84402.jpeg;https:\/\/images.novelship.com\/product\/_grade_school__air_jordan_4_retro__red_thunder__40_2_84402.jpeg;https:\/\/images.novelship.com\/product\/_grade_school__air_jordan_4_retro__red_thunder__40_3_84402.jpeg;https:\/\/images.novelship.com\/product\/_grade_school__air_jordan_4_retro__red_thunder__40_4_84402.jpeg;https:\/\/images.novelship.com\/product\/_grade_school__air_jordan_4_retro__red_thunder__40_5_84402.jpeg;https:\/\/images.novelship.com\/product\/_grade_school__air_jordan_4_retro__red_thunder__40_6_84402.jpeg;https:\/\/images.novelship.com\/product\/_grade_school__air_jordan_4_retro__red_thunder__40_7_84402.jpeg","contentUrl":"https:\/\/images.novelship.com\/product\/_grade_school__air_jordan_4_retro__red_thunder__40_0_84402.jpeg;https:\/\/images.novelship.com\/product\/_grade_school__air_jordan_4_retro__red_thunder__40_1_84402.jpeg;https:\/\/images.novelship.com\/product\/_grade_school__air_jordan_4_retro__red_thunder__40_2_84402.jpeg;https:\/\/images.novelship.com\/product\/_grade_school__air_jordan_4_retro__red_thunder__40_3_84402.jpeg;https:\/\/images.novelship.com\/product\/_grade_school__air_jordan_4_retro__red_thunder__40_4_84402.jpeg;https:\/\/images.novelship.com\/product\/_grade_school__air_jordan_4_retro__red_thunder__40_5_84402.jpeg;https:\/\/images.novelship.com\/product\/_grade_school__air_jordan_4_retro__red_thunder__40_6_84402.jpeg;https:\/\/images.novelship.com\/product\/_grade_school__air_jordan_4_retro__red_thunder__40_7_84402.jpeg"},{"@type":"BreadcrumbList","@id":"https:\/\/tourcruiser.com\/fr\/products\/grade-school-air-jordan-4-retro-red-thunder-408452-016\/#breadcrumb","itemListElement":[{"@type":"ListItem","position":1,"name":"Home","item":"https:\/\/tourcruiser.com\/fr\/"},{"@type":"ListItem","position":2,"name":"Shop","item":"https:\/\/tourcruiser.com\/fr\/shop\/"},{"@type":"ListItem","position":3,"name":"(Grade School) Air Jordan 4 Retro &#8216;Red Thunder&#8217; 408452-016"}]},{"@type":"WebSite","@id":"\/#website","url":"\/","name":"Styloral Jewelry Shop","description":"Tourcruiser Sneaker Store \u2014 L\u2019endroit o\u00f9 l\u2019univers rencontre votre singularit\u00e9.","publisher":{"@id":"\/#organization"},"potentialAction":[{"@type":"SearchAction","target":{"@type":"EntryPoint","urlTemplate":"\/?s={search_term_string}"},"query-input":{"@type":"PropertyValueSpecification","valueRequired":true,"valueName":"search_term_string"}}],"inLanguage":"fr-FR"},{"@type":"Organization","@id":"\/#organization","name":"STYLORAL PTE. LTD","url":"\/","logo":{"@type":"ImageObject","inLanguage":"fr-FR","@id":"\/#\/schema\/logo\/image\/","url":"https:\/\/www.tourcruiser.com\/wp-content\/uploads\/2025\/12\/logo.png","contentUrl":"https:\/\/www.tourcruiser.com\/wp-content\/uploads\/2025\/12\/logo.png","width":200,"height":65,"caption":"STYLORAL PTE. LTD"},"image":{"@id":"\/#\/schema\/logo\/image\/"}}]}},"_links":{"self":[{"href":"https:\/\/tourcruiser.com\/fr\/wp-json\/wp\/v2\/product\/765244","targetHints":{"allow":["GET"]}}],"collection":[{"href":"https:\/\/tourcruiser.com\/fr\/wp-json\/wp\/v2\/product"}],"about":[{"href":"https:\/\/tourcruiser.com\/fr\/wp-json\/wp\/v2\/types\/product"}],"replies":[{"embeddable":true,"href":"https:\/\/tourcruiser.com\/fr\/wp-json\/wp\/v2\/comments?post=765244"}],"wp:featuredmedia":[{"embeddable":true,"href":"https:\/\/tourcruiser.com\/fr\/wp-json\/wp\/v2\/media\/765245"}],"wp:attachment":[{"href":"https:\/\/tourcruiser.com\/fr\/wp-json\/wp\/v2\/media?parent=765244"}],"wp:term":[{"taxonomy":"product_brand","embeddable":true,"href":"https:\/\/tourcruiser.com\/fr\/wp-json\/wp\/v2\/product_brand?post=765244"},{"taxonomy":"product_cat","embeddable":true,"href":"https:\/\/tourcruiser.com\/fr\/wp-json\/wp\/v2\/product_cat?post=765244"},{"taxonomy":"product_tag","embeddable":true,"href":"https:\/\/tourcruiser.com\/fr\/wp-json\/wp\/v2\/product_tag?post=765244"}],"curies":[{"name":"wp","href":"https:\/\/api.w.org\/{rel}","templated":true}]}}