{"id":765210,"date":"2026-04-16T17:11:21","date_gmt":"2026-04-16T10:11:21","guid":{"rendered":"http:\/\/tourcruiser.com\/product\/nike-zoomx-vaporfly-next-2-steve-prefontaine-volt-dv3030-700"},"modified":"2026-04-17T22:57:04","modified_gmt":"2026-04-17T15:57:04","slug":"nike-zoomx-vaporfly-next-2-steve-prefontaine-volt-dv3030-700","status":"publish","type":"product","link":"https:\/\/tourcruiser.com\/fr\/products\/nike-zoomx-vaporfly-next-2-steve-prefontaine-volt-dv3030-700\/","title":{"rendered":"Nike ZoomX Vaporfly Next% 2 &lsquo;Steve Prefontaine Volt&rsquo; DV3030-700"},"content":{"rendered":"<p>D\u00e9couvrez la Nike ZoomX Vaporfly Next%2 Steve Prefontaine Volt. Con\u00e7ue par Nike, cette chaussure de running est sp\u00e9cialement pens\u00e9e pour vous aider \u00e0 repousser vos limites. Gr\u00e2ce \u00e0 son amorti ZoomX de pointe et \u00e0 sa conception l\u00e9g\u00e8re, elle vous offre l&rsquo;avantage n\u00e9cessaire pour atteindre vos objectifs. Que vous soyez un athl\u00e8te confirm\u00e9 ou d\u00e9butant, la Nike ZoomX Vaporfly Next%2 Steve Prefontaine Volt est un incontournable de votre entra\u00eenement.<\/p>\n<p>Coloris\u00a0: Volt\/Rouge vif\/Bleu clair\/Noir<\/p>\n<p>R\u00e9f\u00e9rence\u00a0: DV3030-700<\/p>\n<p>Tige\u00a0: Mesh<\/p>\n<p>Semelle interm\u00e9diaire\u00a0: ZoomX<\/p>\n<p>Couleur\u00a0: Vert<\/p>\n<p>Saison\u00a0: Toute l&rsquo;ann\u00e9e<\/p>\n<p>\u00c2ge\u00a0: Adulte<\/p>\n<p>Couleur\u00a0: Vert<\/p>\n<p>Genre\u00a0: Homme<\/p>\n","protected":false},"excerpt":{"rendered":"<p>D\u00e9couvrez la Nike ZoomX Vaporfly Next%2 Steve Prefontaine Volt. Con\u00e7ue par Nike, cette chaussure de running est sp\u00e9cialement pens\u00e9e pour vous aider \u00e0 repousser vos limites. Gr\u00e2ce \u00e0 son amorti ZoomX de pointe et \u00e0 sa conception l\u00e9g\u00e8re, elle vous offre l&rsquo;avantage n\u00e9cessaire pour atteindre vos objectifs. Que vous soyez un athl\u00e8te confirm\u00e9 ou d\u00e9butant, [&hellip;]<\/p>\n","protected":false},"featured_media":765211,"comment_status":"open","ping_status":"closed","template":"","meta":[],"product_brand":[],"product_cat":[10803],"product_tag":[38842,39057,10801,10882,38846,10840,39056],"class_list":{"0":"post-765210","1":"product","2":"type-product","3":"status-publish","4":"has-post-thumbnail","6":"product_cat-nike","7":"product_tag-gift-idea-for-him","8":"product_tag-marathon-long-distance-running-shoes","9":"product_tag-nike","10":"product_tag-nike-running-shoes","11":"product_tag-performance-sports-shoes","12":"product_tag-running-shoes","13":"product_tag-running-shoes-with-carbon-coating","14":"wcpa_has_options","16":"first","17":"instock","18":"taxable","19":"shipping-taxable","20":"purchasable","21":"product-type-simple"},"wcpa_form_fields":{"rules":{"pric_overide_base_price":false,"pric_overide_base_price_if_gt_zero":false,"pric_overide_base_price_fully":false,"pric_cal_option_once":false,"pric_use_as_fee":false,"bind_quantity":false,"quantity_bind_formula":false},"fields":[{"type":"color-group","required":true,"elementId":"wcpa-color-group-66c4a75505e74","label":"Taille","inline":true,"priceOptions":"different_for_all","pricingType":"fixed","className":"hassizechart product-shoes-size-eu product-shoes-size","name":"color-group-66c4a75505e89","disp_type":"square","selection_type":"tick-border","disp_size":"44","show_label_inside":true,"adjust_width":true,"cart_display_type":"text","other_text":"Other","cl_rule":"show","col":6,"values":[{"label":"35.5","value":"EU 35.5","price":"","pimage":"","pimage_id":"","pthumb":"","color":""},{"label":"36","value":"EU 36","price":"","pimage":"","pimage_id":"","pthumb":"","color":"","selected":true},{"label":"36.5","value":"EU 36.5","price":"","pimage":"","pimage_id":"","pthumb":"","color":""},{"label":"37.5","value":"EU 37.5","price":"","pimage":"","pimage_id":"","pthumb":"","color":""},{"label":"38","value":"EU 38","price":"","pimage":"","pimage_id":"","pthumb":"","color":""},{"label":"38.5","value":"EU 38.5","price":"","pimage":"","pimage_id":"","pthumb":"","color":""},{"label":"39","value":"EU 39","price":"","pimage":"","pimage_id":"","pthumb":"","color":""},{"label":"40","value":"EU 40","price":"","pimage":"","pimage_id":"","pthumb":"","color":""},{"label":"40.5","value":"EU 40.5","price":"","pimage":"","pimage_id":"","pthumb":"","color":""},{"label":"41","value":"EU 41","price":"","pimage":"","pimage_id":"","pthumb":"","color":""},{"label":"42","value":"EU 42","price":"","pimage":"","pimage_id":"","pthumb":"","color":""},{"label":"42.5","value":"EU 42.5","price":"","pimage":"","pimage_id":"","pthumb":"","color":""},{"label":"43","value":"EU 43","price":"","pimage":"","pimage_id":"","pthumb":"","color":""},{"label":"44","value":"EU 44","price":"","pimage":"","pimage_id":"","pthumb":"","color":""},{"label":"44.5","value":"EU 44.5","price":"","pimage":"","pimage_id":"","pthumb":"","color":""},{"label":"45","value":"EU 45","price":"","pimage":"","pimage_id":"","pthumb":"","color":""},{"label":"45.5","value":"EU 45.5","price":"","pimage":"","pimage_id":"","pthumb":"","color":""},{"label":"46","value":"EU 46","price":"","pimage":"","pimage_id":"","pthumb":"","color":""},{"label":"47","value":"EU 47","price":"","pimage":"","pimage_id":"","pthumb":"","color":""},{"label":"47.5","value":"EU 47.5","price":"","pimage":"","pimage_id":"","pthumb":"","color":""},{"label":"48","value":"EU 48","price":"","pimage":"","pimage_id":"","pthumb":"","color":""}],"relations":[{"operator":false,"rules":[]}],"form_id":18106,"form_rules":{"pric_cal_option_once":false,"exclude_from_discount":false,"pric_use_as_fee":false,"fee_label":"Fee","render_after_acb":false,"disp_hide_options_price":false}}]},"yoast_head":"<!-- This site is optimized with the Yoast SEO plugin v26.5 - https:\/\/yoast.com\/wordpress\/plugins\/seo\/ -->\n<title>Nike ZoomX Vaporfly Next% 2 &#039;Steve Prefontaine Volt&#039; DV3030-700 - TOURCRUISER PTE. LTD<\/title>\n<meta name=\"robots\" content=\"index, follow, max-snippet:-1, max-image-preview:large, max-video-preview:-1\" \/>\n<link rel=\"canonical\" href=\"https:\/\/tourcruiser.com\/fr\/products\/nike-zoomx-vaporfly-next-2-steve-prefontaine-volt-dv3030-700\/\" \/>\n<meta property=\"og:locale\" content=\"fr_FR\" \/>\n<meta property=\"og:type\" content=\"article\" \/>\n<meta property=\"og:title\" content=\"Nike ZoomX Vaporfly Next% 2 &#039;Steve Prefontaine Volt&#039; DV3030-700 - TOURCRUISER PTE. LTD\" \/>\n<meta property=\"og:description\" content=\"D\u00e9couvrez la Nike ZoomX Vaporfly Next%2 Steve Prefontaine Volt. Con\u00e7ue par Nike, cette chaussure de running est sp\u00e9cialement pens\u00e9e pour vous aider \u00e0 repousser vos limites. Gr\u00e2ce \u00e0 son amorti ZoomX de pointe et \u00e0 sa conception l\u00e9g\u00e8re, elle vous offre l&rsquo;avantage n\u00e9cessaire pour atteindre vos objectifs. Que vous soyez un athl\u00e8te confirm\u00e9 ou d\u00e9butant, [&hellip;]\" \/>\n<meta property=\"og:url\" content=\"https:\/\/tourcruiser.com\/fr\/products\/nike-zoomx-vaporfly-next-2-steve-prefontaine-volt-dv3030-700\/\" \/>\n<meta property=\"og:site_name\" content=\"Tourcruiser Sneaker Store\" \/>\n<meta property=\"article:modified_time\" content=\"2026-04-17T15:57:04+00:00\" \/>\n<meta name=\"twitter:card\" content=\"summary_large_image\" \/>\n<meta name=\"twitter:image\" content=\"https:\/\/images.novelship.com\/product\/nike_zoomx_vaporfly_next__2__steve_prefontaine_vol_0_23179.jpeg;https:\/\/images.novelship.com\/product\/nike_zoomx_vaporfly_next__2__steve_prefontaine_vol_1_23179.jpeg;https:\/\/images.novelship.com\/product\/nike_zoomx_vaporfly_next__2__steve_prefontaine_vol_2_23179.jpeg;https:\/\/images.novelship.com\/product\/nike_zoomx_vaporfly_next__2__steve_prefontaine_vol_3_23179.jpeg;https:\/\/images.novelship.com\/product\/nike_zoomx_vaporfly_next__2__steve_prefontaine_vol_4_23179.jpeg;https:\/\/images.novelship.com\/product\/nike_zoomx_vaporfly_next__2__steve_prefontaine_vol_5_23179.jpeg;https:\/\/images.novelship.com\/product\/nike_zoomx_vaporfly_next__2__steve_prefontaine_vol_6_23179.jpeg;https:\/\/images.novelship.com\/product\/nike_zoomx_vaporfly_next__2__steve_prefontaine_vol_7_23179.jpeg\" \/>\n<meta name=\"twitter:label1\" content=\"Dur\u00e9e de lecture estim\u00e9e\" \/>\n\t<meta name=\"twitter:data1\" content=\"1 minute\" \/>\n<script type=\"application\/ld+json\" class=\"yoast-schema-graph\">{\"@context\":\"https:\/\/schema.org\",\"@graph\":[{\"@type\":\"WebPage\",\"@id\":\"https:\/\/tourcruiser.com\/fr\/products\/nike-zoomx-vaporfly-next-2-steve-prefontaine-volt-dv3030-700\/\",\"url\":\"https:\/\/tourcruiser.com\/fr\/products\/nike-zoomx-vaporfly-next-2-steve-prefontaine-volt-dv3030-700\/\",\"name\":\"Nike ZoomX Vaporfly Next% 2 'Steve Prefontaine Volt' DV3030-700 - TOURCRUISER PTE. LTD\",\"isPartOf\":{\"@id\":\"\/#website\"},\"primaryImageOfPage\":{\"@id\":\"https:\/\/tourcruiser.com\/fr\/products\/nike-zoomx-vaporfly-next-2-steve-prefontaine-volt-dv3030-700\/#primaryimage\"},\"image\":{\"@id\":\"https:\/\/tourcruiser.com\/fr\/products\/nike-zoomx-vaporfly-next-2-steve-prefontaine-volt-dv3030-700\/#primaryimage\"},\"thumbnailUrl\":\"https:\/\/images.novelship.com\/product\/nike_zoomx_vaporfly_next__2__steve_prefontaine_vol_0_23179.jpeg;https:\/\/images.novelship.com\/product\/nike_zoomx_vaporfly_next__2__steve_prefontaine_vol_1_23179.jpeg;https:\/\/images.novelship.com\/product\/nike_zoomx_vaporfly_next__2__steve_prefontaine_vol_2_23179.jpeg;https:\/\/images.novelship.com\/product\/nike_zoomx_vaporfly_next__2__steve_prefontaine_vol_3_23179.jpeg;https:\/\/images.novelship.com\/product\/nike_zoomx_vaporfly_next__2__steve_prefontaine_vol_4_23179.jpeg;https:\/\/images.novelship.com\/product\/nike_zoomx_vaporfly_next__2__steve_prefontaine_vol_5_23179.jpeg;https:\/\/images.novelship.com\/product\/nike_zoomx_vaporfly_next__2__steve_prefontaine_vol_6_23179.jpeg;https:\/\/images.novelship.com\/product\/nike_zoomx_vaporfly_next__2__steve_prefontaine_vol_7_23179.jpeg\",\"datePublished\":\"2026-04-16T10:11:21+00:00\",\"dateModified\":\"2026-04-17T15:57:04+00:00\",\"breadcrumb\":{\"@id\":\"https:\/\/tourcruiser.com\/fr\/products\/nike-zoomx-vaporfly-next-2-steve-prefontaine-volt-dv3030-700\/#breadcrumb\"},\"inLanguage\":\"fr-FR\",\"potentialAction\":[{\"@type\":\"ReadAction\",\"target\":[\"https:\/\/tourcruiser.com\/fr\/products\/nike-zoomx-vaporfly-next-2-steve-prefontaine-volt-dv3030-700\/\"]}]},{\"@type\":\"ImageObject\",\"inLanguage\":\"fr-FR\",\"@id\":\"https:\/\/tourcruiser.com\/fr\/products\/nike-zoomx-vaporfly-next-2-steve-prefontaine-volt-dv3030-700\/#primaryimage\",\"url\":\"https:\/\/images.novelship.com\/product\/nike_zoomx_vaporfly_next__2__steve_prefontaine_vol_0_23179.jpeg;https:\/\/images.novelship.com\/product\/nike_zoomx_vaporfly_next__2__steve_prefontaine_vol_1_23179.jpeg;https:\/\/images.novelship.com\/product\/nike_zoomx_vaporfly_next__2__steve_prefontaine_vol_2_23179.jpeg;https:\/\/images.novelship.com\/product\/nike_zoomx_vaporfly_next__2__steve_prefontaine_vol_3_23179.jpeg;https:\/\/images.novelship.com\/product\/nike_zoomx_vaporfly_next__2__steve_prefontaine_vol_4_23179.jpeg;https:\/\/images.novelship.com\/product\/nike_zoomx_vaporfly_next__2__steve_prefontaine_vol_5_23179.jpeg;https:\/\/images.novelship.com\/product\/nike_zoomx_vaporfly_next__2__steve_prefontaine_vol_6_23179.jpeg;https:\/\/images.novelship.com\/product\/nike_zoomx_vaporfly_next__2__steve_prefontaine_vol_7_23179.jpeg\",\"contentUrl\":\"https:\/\/images.novelship.com\/product\/nike_zoomx_vaporfly_next__2__steve_prefontaine_vol_0_23179.jpeg;https:\/\/images.novelship.com\/product\/nike_zoomx_vaporfly_next__2__steve_prefontaine_vol_1_23179.jpeg;https:\/\/images.novelship.com\/product\/nike_zoomx_vaporfly_next__2__steve_prefontaine_vol_2_23179.jpeg;https:\/\/images.novelship.com\/product\/nike_zoomx_vaporfly_next__2__steve_prefontaine_vol_3_23179.jpeg;https:\/\/images.novelship.com\/product\/nike_zoomx_vaporfly_next__2__steve_prefontaine_vol_4_23179.jpeg;https:\/\/images.novelship.com\/product\/nike_zoomx_vaporfly_next__2__steve_prefontaine_vol_5_23179.jpeg;https:\/\/images.novelship.com\/product\/nike_zoomx_vaporfly_next__2__steve_prefontaine_vol_6_23179.jpeg;https:\/\/images.novelship.com\/product\/nike_zoomx_vaporfly_next__2__steve_prefontaine_vol_7_23179.jpeg\"},{\"@type\":\"BreadcrumbList\",\"@id\":\"https:\/\/tourcruiser.com\/fr\/products\/nike-zoomx-vaporfly-next-2-steve-prefontaine-volt-dv3030-700\/#breadcrumb\",\"itemListElement\":[{\"@type\":\"ListItem\",\"position\":1,\"name\":\"Home\",\"item\":\"https:\/\/tourcruiser.com\/fr\/\"},{\"@type\":\"ListItem\",\"position\":2,\"name\":\"Shop\",\"item\":\"https:\/\/tourcruiser.com\/fr\/shop\/\"},{\"@type\":\"ListItem\",\"position\":3,\"name\":\"Nike ZoomX Vaporfly Next% 2 &#8216;Steve Prefontaine Volt&#8217; DV3030-700\"}]},{\"@type\":\"WebSite\",\"@id\":\"\/#website\",\"url\":\"\/\",\"name\":\"Styloral Jewelry Shop\",\"description\":\"Tourcruiser Sneaker Store \u2014 L\u2019endroit o\u00f9 l\u2019univers rencontre votre singularit\u00e9.\",\"publisher\":{\"@id\":\"\/#organization\"},\"potentialAction\":[{\"@type\":\"SearchAction\",\"target\":{\"@type\":\"EntryPoint\",\"urlTemplate\":\"\/?s={search_term_string}\"},\"query-input\":{\"@type\":\"PropertyValueSpecification\",\"valueRequired\":true,\"valueName\":\"search_term_string\"}}],\"inLanguage\":\"fr-FR\"},{\"@type\":\"Organization\",\"@id\":\"\/#organization\",\"name\":\"STYLORAL PTE. LTD\",\"url\":\"\/\",\"logo\":{\"@type\":\"ImageObject\",\"inLanguage\":\"fr-FR\",\"@id\":\"\/#\/schema\/logo\/image\/\",\"url\":\"https:\/\/www.tourcruiser.com\/wp-content\/uploads\/2025\/12\/logo.png\",\"contentUrl\":\"https:\/\/www.tourcruiser.com\/wp-content\/uploads\/2025\/12\/logo.png\",\"width\":200,\"height\":65,\"caption\":\"STYLORAL PTE. LTD\"},\"image\":{\"@id\":\"\/#\/schema\/logo\/image\/\"}}]}<\/script>\n<!-- \/ Yoast SEO plugin. -->","yoast_head_json":{"title":"Nike ZoomX Vaporfly Next% 2 'Steve Prefontaine Volt' DV3030-700 - TOURCRUISER PTE. LTD","robots":{"index":"index","follow":"follow","max-snippet":"max-snippet:-1","max-image-preview":"max-image-preview:large","max-video-preview":"max-video-preview:-1"},"canonical":"https:\/\/tourcruiser.com\/fr\/products\/nike-zoomx-vaporfly-next-2-steve-prefontaine-volt-dv3030-700\/","og_locale":"fr_FR","og_type":"article","og_title":"Nike ZoomX Vaporfly Next% 2 'Steve Prefontaine Volt' DV3030-700 - TOURCRUISER PTE. LTD","og_description":"D\u00e9couvrez la Nike ZoomX Vaporfly Next%2 Steve Prefontaine Volt. Con\u00e7ue par Nike, cette chaussure de running est sp\u00e9cialement pens\u00e9e pour vous aider \u00e0 repousser vos limites. Gr\u00e2ce \u00e0 son amorti ZoomX de pointe et \u00e0 sa conception l\u00e9g\u00e8re, elle vous offre l&rsquo;avantage n\u00e9cessaire pour atteindre vos objectifs. Que vous soyez un athl\u00e8te confirm\u00e9 ou d\u00e9butant, [&hellip;]","og_url":"https:\/\/tourcruiser.com\/fr\/products\/nike-zoomx-vaporfly-next-2-steve-prefontaine-volt-dv3030-700\/","og_site_name":"Tourcruiser Sneaker Store","article_modified_time":"2026-04-17T15:57:04+00:00","twitter_card":"summary_large_image","twitter_image":"https:\/\/images.novelship.com\/product\/nike_zoomx_vaporfly_next__2__steve_prefontaine_vol_0_23179.jpeg;https:\/\/images.novelship.com\/product\/nike_zoomx_vaporfly_next__2__steve_prefontaine_vol_1_23179.jpeg;https:\/\/images.novelship.com\/product\/nike_zoomx_vaporfly_next__2__steve_prefontaine_vol_2_23179.jpeg;https:\/\/images.novelship.com\/product\/nike_zoomx_vaporfly_next__2__steve_prefontaine_vol_3_23179.jpeg;https:\/\/images.novelship.com\/product\/nike_zoomx_vaporfly_next__2__steve_prefontaine_vol_4_23179.jpeg;https:\/\/images.novelship.com\/product\/nike_zoomx_vaporfly_next__2__steve_prefontaine_vol_5_23179.jpeg;https:\/\/images.novelship.com\/product\/nike_zoomx_vaporfly_next__2__steve_prefontaine_vol_6_23179.jpeg;https:\/\/images.novelship.com\/product\/nike_zoomx_vaporfly_next__2__steve_prefontaine_vol_7_23179.jpeg","twitter_misc":{"Dur\u00e9e de lecture estim\u00e9e":"1 minute"},"schema":{"@context":"https:\/\/schema.org","@graph":[{"@type":"WebPage","@id":"https:\/\/tourcruiser.com\/fr\/products\/nike-zoomx-vaporfly-next-2-steve-prefontaine-volt-dv3030-700\/","url":"https:\/\/tourcruiser.com\/fr\/products\/nike-zoomx-vaporfly-next-2-steve-prefontaine-volt-dv3030-700\/","name":"Nike ZoomX Vaporfly Next% 2 'Steve Prefontaine Volt' DV3030-700 - TOURCRUISER PTE. LTD","isPartOf":{"@id":"\/#website"},"primaryImageOfPage":{"@id":"https:\/\/tourcruiser.com\/fr\/products\/nike-zoomx-vaporfly-next-2-steve-prefontaine-volt-dv3030-700\/#primaryimage"},"image":{"@id":"https:\/\/tourcruiser.com\/fr\/products\/nike-zoomx-vaporfly-next-2-steve-prefontaine-volt-dv3030-700\/#primaryimage"},"thumbnailUrl":"https:\/\/images.novelship.com\/product\/nike_zoomx_vaporfly_next__2__steve_prefontaine_vol_0_23179.jpeg;https:\/\/images.novelship.com\/product\/nike_zoomx_vaporfly_next__2__steve_prefontaine_vol_1_23179.jpeg;https:\/\/images.novelship.com\/product\/nike_zoomx_vaporfly_next__2__steve_prefontaine_vol_2_23179.jpeg;https:\/\/images.novelship.com\/product\/nike_zoomx_vaporfly_next__2__steve_prefontaine_vol_3_23179.jpeg;https:\/\/images.novelship.com\/product\/nike_zoomx_vaporfly_next__2__steve_prefontaine_vol_4_23179.jpeg;https:\/\/images.novelship.com\/product\/nike_zoomx_vaporfly_next__2__steve_prefontaine_vol_5_23179.jpeg;https:\/\/images.novelship.com\/product\/nike_zoomx_vaporfly_next__2__steve_prefontaine_vol_6_23179.jpeg;https:\/\/images.novelship.com\/product\/nike_zoomx_vaporfly_next__2__steve_prefontaine_vol_7_23179.jpeg","datePublished":"2026-04-16T10:11:21+00:00","dateModified":"2026-04-17T15:57:04+00:00","breadcrumb":{"@id":"https:\/\/tourcruiser.com\/fr\/products\/nike-zoomx-vaporfly-next-2-steve-prefontaine-volt-dv3030-700\/#breadcrumb"},"inLanguage":"fr-FR","potentialAction":[{"@type":"ReadAction","target":["https:\/\/tourcruiser.com\/fr\/products\/nike-zoomx-vaporfly-next-2-steve-prefontaine-volt-dv3030-700\/"]}]},{"@type":"ImageObject","inLanguage":"fr-FR","@id":"https:\/\/tourcruiser.com\/fr\/products\/nike-zoomx-vaporfly-next-2-steve-prefontaine-volt-dv3030-700\/#primaryimage","url":"https:\/\/images.novelship.com\/product\/nike_zoomx_vaporfly_next__2__steve_prefontaine_vol_0_23179.jpeg;https:\/\/images.novelship.com\/product\/nike_zoomx_vaporfly_next__2__steve_prefontaine_vol_1_23179.jpeg;https:\/\/images.novelship.com\/product\/nike_zoomx_vaporfly_next__2__steve_prefontaine_vol_2_23179.jpeg;https:\/\/images.novelship.com\/product\/nike_zoomx_vaporfly_next__2__steve_prefontaine_vol_3_23179.jpeg;https:\/\/images.novelship.com\/product\/nike_zoomx_vaporfly_next__2__steve_prefontaine_vol_4_23179.jpeg;https:\/\/images.novelship.com\/product\/nike_zoomx_vaporfly_next__2__steve_prefontaine_vol_5_23179.jpeg;https:\/\/images.novelship.com\/product\/nike_zoomx_vaporfly_next__2__steve_prefontaine_vol_6_23179.jpeg;https:\/\/images.novelship.com\/product\/nike_zoomx_vaporfly_next__2__steve_prefontaine_vol_7_23179.jpeg","contentUrl":"https:\/\/images.novelship.com\/product\/nike_zoomx_vaporfly_next__2__steve_prefontaine_vol_0_23179.jpeg;https:\/\/images.novelship.com\/product\/nike_zoomx_vaporfly_next__2__steve_prefontaine_vol_1_23179.jpeg;https:\/\/images.novelship.com\/product\/nike_zoomx_vaporfly_next__2__steve_prefontaine_vol_2_23179.jpeg;https:\/\/images.novelship.com\/product\/nike_zoomx_vaporfly_next__2__steve_prefontaine_vol_3_23179.jpeg;https:\/\/images.novelship.com\/product\/nike_zoomx_vaporfly_next__2__steve_prefontaine_vol_4_23179.jpeg;https:\/\/images.novelship.com\/product\/nike_zoomx_vaporfly_next__2__steve_prefontaine_vol_5_23179.jpeg;https:\/\/images.novelship.com\/product\/nike_zoomx_vaporfly_next__2__steve_prefontaine_vol_6_23179.jpeg;https:\/\/images.novelship.com\/product\/nike_zoomx_vaporfly_next__2__steve_prefontaine_vol_7_23179.jpeg"},{"@type":"BreadcrumbList","@id":"https:\/\/tourcruiser.com\/fr\/products\/nike-zoomx-vaporfly-next-2-steve-prefontaine-volt-dv3030-700\/#breadcrumb","itemListElement":[{"@type":"ListItem","position":1,"name":"Home","item":"https:\/\/tourcruiser.com\/fr\/"},{"@type":"ListItem","position":2,"name":"Shop","item":"https:\/\/tourcruiser.com\/fr\/shop\/"},{"@type":"ListItem","position":3,"name":"Nike ZoomX Vaporfly Next% 2 &#8216;Steve Prefontaine Volt&#8217; DV3030-700"}]},{"@type":"WebSite","@id":"\/#website","url":"\/","name":"Styloral Jewelry Shop","description":"Tourcruiser Sneaker Store \u2014 L\u2019endroit o\u00f9 l\u2019univers rencontre votre singularit\u00e9.","publisher":{"@id":"\/#organization"},"potentialAction":[{"@type":"SearchAction","target":{"@type":"EntryPoint","urlTemplate":"\/?s={search_term_string}"},"query-input":{"@type":"PropertyValueSpecification","valueRequired":true,"valueName":"search_term_string"}}],"inLanguage":"fr-FR"},{"@type":"Organization","@id":"\/#organization","name":"STYLORAL PTE. LTD","url":"\/","logo":{"@type":"ImageObject","inLanguage":"fr-FR","@id":"\/#\/schema\/logo\/image\/","url":"https:\/\/www.tourcruiser.com\/wp-content\/uploads\/2025\/12\/logo.png","contentUrl":"https:\/\/www.tourcruiser.com\/wp-content\/uploads\/2025\/12\/logo.png","width":200,"height":65,"caption":"STYLORAL PTE. LTD"},"image":{"@id":"\/#\/schema\/logo\/image\/"}}]}},"_links":{"self":[{"href":"https:\/\/tourcruiser.com\/fr\/wp-json\/wp\/v2\/product\/765210","targetHints":{"allow":["GET"]}}],"collection":[{"href":"https:\/\/tourcruiser.com\/fr\/wp-json\/wp\/v2\/product"}],"about":[{"href":"https:\/\/tourcruiser.com\/fr\/wp-json\/wp\/v2\/types\/product"}],"replies":[{"embeddable":true,"href":"https:\/\/tourcruiser.com\/fr\/wp-json\/wp\/v2\/comments?post=765210"}],"wp:featuredmedia":[{"embeddable":true,"href":"https:\/\/tourcruiser.com\/fr\/wp-json\/wp\/v2\/media\/765211"}],"wp:attachment":[{"href":"https:\/\/tourcruiser.com\/fr\/wp-json\/wp\/v2\/media?parent=765210"}],"wp:term":[{"taxonomy":"product_brand","embeddable":true,"href":"https:\/\/tourcruiser.com\/fr\/wp-json\/wp\/v2\/product_brand?post=765210"},{"taxonomy":"product_cat","embeddable":true,"href":"https:\/\/tourcruiser.com\/fr\/wp-json\/wp\/v2\/product_cat?post=765210"},{"taxonomy":"product_tag","embeddable":true,"href":"https:\/\/tourcruiser.com\/fr\/wp-json\/wp\/v2\/product_tag?post=765210"}],"curies":[{"name":"wp","href":"https:\/\/api.w.org\/{rel}","templated":true}]}}