{"id":765109,"date":"2026-04-16T17:11:18","date_gmt":"2026-04-16T10:11:18","guid":{"rendered":"http:\/\/tourcruiser.com\/product\/grade-school-air-jordan-12-retro-field-purple-153265-057"},"modified":"2026-04-17T22:56:56","modified_gmt":"2026-04-17T15:56:56","slug":"grade-school-air-jordan-12-retro-field-purple-153265-057","status":"publish","type":"product","link":"https:\/\/tourcruiser.com\/fr\/products\/grade-school-air-jordan-12-retro-field-purple-153265-057\/","title":{"rendered":"(Grade School) Air Jordan 12 Retro &lsquo;Field Purple&rsquo; 153265-057"},"content":{"rendered":"<p>Rehaussez le style de votre enfant avec les Air Jordan 12 Retro \u00ab\u00a0Field Purple\u00a0\u00bb (pour les enfants d&rsquo;\u00e2ge primaire). Ces baskets embl\u00e9matiques arborent une empeigne en cuir grain\u00e9 d&rsquo;un violet \u00e9clatant, des empi\u00e8cements contrastants et un garde-boue textur\u00e9. L&rsquo;amorti Zoom Air offre un confort optimal, tandis que le logo Jumpman signature apporte une touche sportive. Parfaites pour un look d\u00e9contract\u00e9 ou les grandes occasions, ces baskets ne manqueront pas de faire sensation. Votre enfant sera assur\u00e9ment unique.<\/p>\n<p>Coloris\u00a0: Noir\/Violet\/Bleu<\/p>\n<p>R\u00e9f\u00e9rence\u00a0: 153265-057<\/p>\n<p>Empeigne\u00a0: Cuir<\/p>\n<p>Semelle interm\u00e9diaire\u00a0: Zoom Air<\/p>\n<p>Couleur\u00a0: Noir<\/p>\n<p>Cr\u00e9ateur\u00a0: Tinker Hatfield<\/p>\n<p>Ann\u00e9e de sortie\u00a0: 2023<\/p>\n<p>\u00c2ge\u00a0: Adulte<\/p>\n<p>Couleur\u00a0: Noir<\/p>\n<p>Genre\u00a0: Enfant<\/p>\n","protected":false},"excerpt":{"rendered":"<p>Rehaussez le style de votre enfant avec les Air Jordan 12 Retro \u00ab\u00a0Field Purple\u00a0\u00bb (pour les enfants d&rsquo;\u00e2ge primaire). Ces baskets embl\u00e9matiques arborent une empeigne en cuir grain\u00e9 d&rsquo;un violet \u00e9clatant, des empi\u00e8cements contrastants et un garde-boue textur\u00e9. L&rsquo;amorti Zoom Air offre un confort optimal, tandis que le logo Jumpman signature apporte une touche sportive. [&hellip;]<\/p>\n","protected":false},"featured_media":765110,"comment_status":"open","ping_status":"closed","template":"","meta":[],"product_brand":[],"product_cat":[38880],"product_tag":[10800,38876,38839,10776,38877],"class_list":{"0":"post-765109","1":"product","2":"type-product","3":"status-publish","4":"has-post-thumbnail","6":"product_cat-jordan","7":"product_tag-basketball-shoes","8":"product_tag-basketball-shoes-for-kids","9":"product_tag-basketball-shoes-with-ankle-support","10":"product_tag-jordan","11":"product_tag-sports-shoes-for-kids","13":"first","14":"instock","15":"taxable","16":"shipping-taxable","17":"purchasable","18":"product-type-simple"},"wcpa_form_fields":null,"yoast_head":"<!-- This site is optimized with the Yoast SEO plugin v26.5 - https:\/\/yoast.com\/wordpress\/plugins\/seo\/ -->\n<title>(Grade School) Air Jordan 12 Retro &#039;Field Purple&#039; 153265-057 - TOURCRUISER PTE. LTD<\/title>\n<meta name=\"robots\" content=\"index, follow, max-snippet:-1, max-image-preview:large, max-video-preview:-1\" \/>\n<link rel=\"canonical\" href=\"https:\/\/tourcruiser.com\/fr\/products\/grade-school-air-jordan-12-retro-field-purple-153265-057\/\" \/>\n<meta property=\"og:locale\" content=\"fr_FR\" \/>\n<meta property=\"og:type\" content=\"article\" \/>\n<meta property=\"og:title\" content=\"(Grade School) Air Jordan 12 Retro &#039;Field Purple&#039; 153265-057 - TOURCRUISER PTE. LTD\" \/>\n<meta property=\"og:description\" content=\"Rehaussez le style de votre enfant avec les Air Jordan 12 Retro \u00ab\u00a0Field Purple\u00a0\u00bb (pour les enfants d&rsquo;\u00e2ge primaire). Ces baskets embl\u00e9matiques arborent une empeigne en cuir grain\u00e9 d&rsquo;un violet \u00e9clatant, des empi\u00e8cements contrastants et un garde-boue textur\u00e9. L&rsquo;amorti Zoom Air offre un confort optimal, tandis que le logo Jumpman signature apporte une touche sportive. [&hellip;]\" \/>\n<meta property=\"og:url\" content=\"https:\/\/tourcruiser.com\/fr\/products\/grade-school-air-jordan-12-retro-field-purple-153265-057\/\" \/>\n<meta property=\"og:site_name\" content=\"Tourcruiser Sneaker Store\" \/>\n<meta property=\"article:modified_time\" content=\"2026-04-17T15:56:56+00:00\" \/>\n<meta name=\"twitter:card\" content=\"summary_large_image\" \/>\n<meta name=\"twitter:image\" content=\"https:\/\/images.novelship.com\/product\/_grade_school__air_jordan_12_retro__field_purple___0_26100.jpeg;https:\/\/images.novelship.com\/product\/_grade_school__air_jordan_12_retro__field_purple___1_26100.jpeg;https:\/\/images.novelship.com\/product\/_grade_school__air_jordan_12_retro__field_purple___2_26100.jpeg;https:\/\/images.novelship.com\/product\/_grade_school__air_jordan_12_retro__field_purple___3_26100.jpeg;https:\/\/images.novelship.com\/product\/_grade_school__air_jordan_12_retro__field_purple___4_26100.jpeg;https:\/\/images.novelship.com\/product\/_grade_school__air_jordan_12_retro__field_purple___5_26100.jpeg;https:\/\/images.novelship.com\/product\/_grade_school__air_jordan_12_retro__field_purple___6_26100.jpeg;https:\/\/images.novelship.com\/product\/_grade_school__air_jordan_12_retro__field_purple___7_26100.jpeg\" \/>\n<meta name=\"twitter:label1\" content=\"Dur\u00e9e de lecture estim\u00e9e\" \/>\n\t<meta name=\"twitter:data1\" content=\"1 minute\" \/>\n<script type=\"application\/ld+json\" class=\"yoast-schema-graph\">{\"@context\":\"https:\/\/schema.org\",\"@graph\":[{\"@type\":\"WebPage\",\"@id\":\"https:\/\/tourcruiser.com\/fr\/products\/grade-school-air-jordan-12-retro-field-purple-153265-057\/\",\"url\":\"https:\/\/tourcruiser.com\/fr\/products\/grade-school-air-jordan-12-retro-field-purple-153265-057\/\",\"name\":\"(Grade School) Air Jordan 12 Retro 'Field Purple' 153265-057 - TOURCRUISER PTE. LTD\",\"isPartOf\":{\"@id\":\"\/#website\"},\"primaryImageOfPage\":{\"@id\":\"https:\/\/tourcruiser.com\/fr\/products\/grade-school-air-jordan-12-retro-field-purple-153265-057\/#primaryimage\"},\"image\":{\"@id\":\"https:\/\/tourcruiser.com\/fr\/products\/grade-school-air-jordan-12-retro-field-purple-153265-057\/#primaryimage\"},\"thumbnailUrl\":\"https:\/\/images.novelship.com\/product\/_grade_school__air_jordan_12_retro__field_purple___0_26100.jpeg;https:\/\/images.novelship.com\/product\/_grade_school__air_jordan_12_retro__field_purple___1_26100.jpeg;https:\/\/images.novelship.com\/product\/_grade_school__air_jordan_12_retro__field_purple___2_26100.jpeg;https:\/\/images.novelship.com\/product\/_grade_school__air_jordan_12_retro__field_purple___3_26100.jpeg;https:\/\/images.novelship.com\/product\/_grade_school__air_jordan_12_retro__field_purple___4_26100.jpeg;https:\/\/images.novelship.com\/product\/_grade_school__air_jordan_12_retro__field_purple___5_26100.jpeg;https:\/\/images.novelship.com\/product\/_grade_school__air_jordan_12_retro__field_purple___6_26100.jpeg;https:\/\/images.novelship.com\/product\/_grade_school__air_jordan_12_retro__field_purple___7_26100.jpeg\",\"datePublished\":\"2026-04-16T10:11:18+00:00\",\"dateModified\":\"2026-04-17T15:56:56+00:00\",\"breadcrumb\":{\"@id\":\"https:\/\/tourcruiser.com\/fr\/products\/grade-school-air-jordan-12-retro-field-purple-153265-057\/#breadcrumb\"},\"inLanguage\":\"fr-FR\",\"potentialAction\":[{\"@type\":\"ReadAction\",\"target\":[\"https:\/\/tourcruiser.com\/fr\/products\/grade-school-air-jordan-12-retro-field-purple-153265-057\/\"]}]},{\"@type\":\"ImageObject\",\"inLanguage\":\"fr-FR\",\"@id\":\"https:\/\/tourcruiser.com\/fr\/products\/grade-school-air-jordan-12-retro-field-purple-153265-057\/#primaryimage\",\"url\":\"https:\/\/images.novelship.com\/product\/_grade_school__air_jordan_12_retro__field_purple___0_26100.jpeg;https:\/\/images.novelship.com\/product\/_grade_school__air_jordan_12_retro__field_purple___1_26100.jpeg;https:\/\/images.novelship.com\/product\/_grade_school__air_jordan_12_retro__field_purple___2_26100.jpeg;https:\/\/images.novelship.com\/product\/_grade_school__air_jordan_12_retro__field_purple___3_26100.jpeg;https:\/\/images.novelship.com\/product\/_grade_school__air_jordan_12_retro__field_purple___4_26100.jpeg;https:\/\/images.novelship.com\/product\/_grade_school__air_jordan_12_retro__field_purple___5_26100.jpeg;https:\/\/images.novelship.com\/product\/_grade_school__air_jordan_12_retro__field_purple___6_26100.jpeg;https:\/\/images.novelship.com\/product\/_grade_school__air_jordan_12_retro__field_purple___7_26100.jpeg\",\"contentUrl\":\"https:\/\/images.novelship.com\/product\/_grade_school__air_jordan_12_retro__field_purple___0_26100.jpeg;https:\/\/images.novelship.com\/product\/_grade_school__air_jordan_12_retro__field_purple___1_26100.jpeg;https:\/\/images.novelship.com\/product\/_grade_school__air_jordan_12_retro__field_purple___2_26100.jpeg;https:\/\/images.novelship.com\/product\/_grade_school__air_jordan_12_retro__field_purple___3_26100.jpeg;https:\/\/images.novelship.com\/product\/_grade_school__air_jordan_12_retro__field_purple___4_26100.jpeg;https:\/\/images.novelship.com\/product\/_grade_school__air_jordan_12_retro__field_purple___5_26100.jpeg;https:\/\/images.novelship.com\/product\/_grade_school__air_jordan_12_retro__field_purple___6_26100.jpeg;https:\/\/images.novelship.com\/product\/_grade_school__air_jordan_12_retro__field_purple___7_26100.jpeg\"},{\"@type\":\"BreadcrumbList\",\"@id\":\"https:\/\/tourcruiser.com\/fr\/products\/grade-school-air-jordan-12-retro-field-purple-153265-057\/#breadcrumb\",\"itemListElement\":[{\"@type\":\"ListItem\",\"position\":1,\"name\":\"Home\",\"item\":\"https:\/\/tourcruiser.com\/fr\/\"},{\"@type\":\"ListItem\",\"position\":2,\"name\":\"Shop\",\"item\":\"https:\/\/tourcruiser.com\/fr\/shop\/\"},{\"@type\":\"ListItem\",\"position\":3,\"name\":\"(Grade School) Air Jordan 12 Retro &#8216;Field Purple&#8217; 153265-057\"}]},{\"@type\":\"WebSite\",\"@id\":\"\/#website\",\"url\":\"\/\",\"name\":\"Styloral Jewelry Shop\",\"description\":\"Tourcruiser Sneaker Store \u2014 L\u2019endroit o\u00f9 l\u2019univers rencontre votre singularit\u00e9.\",\"publisher\":{\"@id\":\"\/#organization\"},\"potentialAction\":[{\"@type\":\"SearchAction\",\"target\":{\"@type\":\"EntryPoint\",\"urlTemplate\":\"\/?s={search_term_string}\"},\"query-input\":{\"@type\":\"PropertyValueSpecification\",\"valueRequired\":true,\"valueName\":\"search_term_string\"}}],\"inLanguage\":\"fr-FR\"},{\"@type\":\"Organization\",\"@id\":\"\/#organization\",\"name\":\"STYLORAL PTE. LTD\",\"url\":\"\/\",\"logo\":{\"@type\":\"ImageObject\",\"inLanguage\":\"fr-FR\",\"@id\":\"\/#\/schema\/logo\/image\/\",\"url\":\"https:\/\/www.tourcruiser.com\/wp-content\/uploads\/2025\/12\/logo.png\",\"contentUrl\":\"https:\/\/www.tourcruiser.com\/wp-content\/uploads\/2025\/12\/logo.png\",\"width\":200,\"height\":65,\"caption\":\"STYLORAL PTE. LTD\"},\"image\":{\"@id\":\"\/#\/schema\/logo\/image\/\"}}]}<\/script>\n<!-- \/ Yoast SEO plugin. -->","yoast_head_json":{"title":"(Grade School) Air Jordan 12 Retro 'Field Purple' 153265-057 - TOURCRUISER PTE. LTD","robots":{"index":"index","follow":"follow","max-snippet":"max-snippet:-1","max-image-preview":"max-image-preview:large","max-video-preview":"max-video-preview:-1"},"canonical":"https:\/\/tourcruiser.com\/fr\/products\/grade-school-air-jordan-12-retro-field-purple-153265-057\/","og_locale":"fr_FR","og_type":"article","og_title":"(Grade School) Air Jordan 12 Retro 'Field Purple' 153265-057 - TOURCRUISER PTE. LTD","og_description":"Rehaussez le style de votre enfant avec les Air Jordan 12 Retro \u00ab\u00a0Field Purple\u00a0\u00bb (pour les enfants d&rsquo;\u00e2ge primaire). Ces baskets embl\u00e9matiques arborent une empeigne en cuir grain\u00e9 d&rsquo;un violet \u00e9clatant, des empi\u00e8cements contrastants et un garde-boue textur\u00e9. L&rsquo;amorti Zoom Air offre un confort optimal, tandis que le logo Jumpman signature apporte une touche sportive. [&hellip;]","og_url":"https:\/\/tourcruiser.com\/fr\/products\/grade-school-air-jordan-12-retro-field-purple-153265-057\/","og_site_name":"Tourcruiser Sneaker Store","article_modified_time":"2026-04-17T15:56:56+00:00","twitter_card":"summary_large_image","twitter_image":"https:\/\/images.novelship.com\/product\/_grade_school__air_jordan_12_retro__field_purple___0_26100.jpeg;https:\/\/images.novelship.com\/product\/_grade_school__air_jordan_12_retro__field_purple___1_26100.jpeg;https:\/\/images.novelship.com\/product\/_grade_school__air_jordan_12_retro__field_purple___2_26100.jpeg;https:\/\/images.novelship.com\/product\/_grade_school__air_jordan_12_retro__field_purple___3_26100.jpeg;https:\/\/images.novelship.com\/product\/_grade_school__air_jordan_12_retro__field_purple___4_26100.jpeg;https:\/\/images.novelship.com\/product\/_grade_school__air_jordan_12_retro__field_purple___5_26100.jpeg;https:\/\/images.novelship.com\/product\/_grade_school__air_jordan_12_retro__field_purple___6_26100.jpeg;https:\/\/images.novelship.com\/product\/_grade_school__air_jordan_12_retro__field_purple___7_26100.jpeg","twitter_misc":{"Dur\u00e9e de lecture estim\u00e9e":"1 minute"},"schema":{"@context":"https:\/\/schema.org","@graph":[{"@type":"WebPage","@id":"https:\/\/tourcruiser.com\/fr\/products\/grade-school-air-jordan-12-retro-field-purple-153265-057\/","url":"https:\/\/tourcruiser.com\/fr\/products\/grade-school-air-jordan-12-retro-field-purple-153265-057\/","name":"(Grade School) Air Jordan 12 Retro 'Field Purple' 153265-057 - TOURCRUISER PTE. LTD","isPartOf":{"@id":"\/#website"},"primaryImageOfPage":{"@id":"https:\/\/tourcruiser.com\/fr\/products\/grade-school-air-jordan-12-retro-field-purple-153265-057\/#primaryimage"},"image":{"@id":"https:\/\/tourcruiser.com\/fr\/products\/grade-school-air-jordan-12-retro-field-purple-153265-057\/#primaryimage"},"thumbnailUrl":"https:\/\/images.novelship.com\/product\/_grade_school__air_jordan_12_retro__field_purple___0_26100.jpeg;https:\/\/images.novelship.com\/product\/_grade_school__air_jordan_12_retro__field_purple___1_26100.jpeg;https:\/\/images.novelship.com\/product\/_grade_school__air_jordan_12_retro__field_purple___2_26100.jpeg;https:\/\/images.novelship.com\/product\/_grade_school__air_jordan_12_retro__field_purple___3_26100.jpeg;https:\/\/images.novelship.com\/product\/_grade_school__air_jordan_12_retro__field_purple___4_26100.jpeg;https:\/\/images.novelship.com\/product\/_grade_school__air_jordan_12_retro__field_purple___5_26100.jpeg;https:\/\/images.novelship.com\/product\/_grade_school__air_jordan_12_retro__field_purple___6_26100.jpeg;https:\/\/images.novelship.com\/product\/_grade_school__air_jordan_12_retro__field_purple___7_26100.jpeg","datePublished":"2026-04-16T10:11:18+00:00","dateModified":"2026-04-17T15:56:56+00:00","breadcrumb":{"@id":"https:\/\/tourcruiser.com\/fr\/products\/grade-school-air-jordan-12-retro-field-purple-153265-057\/#breadcrumb"},"inLanguage":"fr-FR","potentialAction":[{"@type":"ReadAction","target":["https:\/\/tourcruiser.com\/fr\/products\/grade-school-air-jordan-12-retro-field-purple-153265-057\/"]}]},{"@type":"ImageObject","inLanguage":"fr-FR","@id":"https:\/\/tourcruiser.com\/fr\/products\/grade-school-air-jordan-12-retro-field-purple-153265-057\/#primaryimage","url":"https:\/\/images.novelship.com\/product\/_grade_school__air_jordan_12_retro__field_purple___0_26100.jpeg;https:\/\/images.novelship.com\/product\/_grade_school__air_jordan_12_retro__field_purple___1_26100.jpeg;https:\/\/images.novelship.com\/product\/_grade_school__air_jordan_12_retro__field_purple___2_26100.jpeg;https:\/\/images.novelship.com\/product\/_grade_school__air_jordan_12_retro__field_purple___3_26100.jpeg;https:\/\/images.novelship.com\/product\/_grade_school__air_jordan_12_retro__field_purple___4_26100.jpeg;https:\/\/images.novelship.com\/product\/_grade_school__air_jordan_12_retro__field_purple___5_26100.jpeg;https:\/\/images.novelship.com\/product\/_grade_school__air_jordan_12_retro__field_purple___6_26100.jpeg;https:\/\/images.novelship.com\/product\/_grade_school__air_jordan_12_retro__field_purple___7_26100.jpeg","contentUrl":"https:\/\/images.novelship.com\/product\/_grade_school__air_jordan_12_retro__field_purple___0_26100.jpeg;https:\/\/images.novelship.com\/product\/_grade_school__air_jordan_12_retro__field_purple___1_26100.jpeg;https:\/\/images.novelship.com\/product\/_grade_school__air_jordan_12_retro__field_purple___2_26100.jpeg;https:\/\/images.novelship.com\/product\/_grade_school__air_jordan_12_retro__field_purple___3_26100.jpeg;https:\/\/images.novelship.com\/product\/_grade_school__air_jordan_12_retro__field_purple___4_26100.jpeg;https:\/\/images.novelship.com\/product\/_grade_school__air_jordan_12_retro__field_purple___5_26100.jpeg;https:\/\/images.novelship.com\/product\/_grade_school__air_jordan_12_retro__field_purple___6_26100.jpeg;https:\/\/images.novelship.com\/product\/_grade_school__air_jordan_12_retro__field_purple___7_26100.jpeg"},{"@type":"BreadcrumbList","@id":"https:\/\/tourcruiser.com\/fr\/products\/grade-school-air-jordan-12-retro-field-purple-153265-057\/#breadcrumb","itemListElement":[{"@type":"ListItem","position":1,"name":"Home","item":"https:\/\/tourcruiser.com\/fr\/"},{"@type":"ListItem","position":2,"name":"Shop","item":"https:\/\/tourcruiser.com\/fr\/shop\/"},{"@type":"ListItem","position":3,"name":"(Grade School) Air Jordan 12 Retro &#8216;Field Purple&#8217; 153265-057"}]},{"@type":"WebSite","@id":"\/#website","url":"\/","name":"Styloral Jewelry Shop","description":"Tourcruiser Sneaker Store \u2014 L\u2019endroit o\u00f9 l\u2019univers rencontre votre singularit\u00e9.","publisher":{"@id":"\/#organization"},"potentialAction":[{"@type":"SearchAction","target":{"@type":"EntryPoint","urlTemplate":"\/?s={search_term_string}"},"query-input":{"@type":"PropertyValueSpecification","valueRequired":true,"valueName":"search_term_string"}}],"inLanguage":"fr-FR"},{"@type":"Organization","@id":"\/#organization","name":"STYLORAL PTE. LTD","url":"\/","logo":{"@type":"ImageObject","inLanguage":"fr-FR","@id":"\/#\/schema\/logo\/image\/","url":"https:\/\/www.tourcruiser.com\/wp-content\/uploads\/2025\/12\/logo.png","contentUrl":"https:\/\/www.tourcruiser.com\/wp-content\/uploads\/2025\/12\/logo.png","width":200,"height":65,"caption":"STYLORAL PTE. LTD"},"image":{"@id":"\/#\/schema\/logo\/image\/"}}]}},"_links":{"self":[{"href":"https:\/\/tourcruiser.com\/fr\/wp-json\/wp\/v2\/product\/765109","targetHints":{"allow":["GET"]}}],"collection":[{"href":"https:\/\/tourcruiser.com\/fr\/wp-json\/wp\/v2\/product"}],"about":[{"href":"https:\/\/tourcruiser.com\/fr\/wp-json\/wp\/v2\/types\/product"}],"replies":[{"embeddable":true,"href":"https:\/\/tourcruiser.com\/fr\/wp-json\/wp\/v2\/comments?post=765109"}],"wp:featuredmedia":[{"embeddable":true,"href":"https:\/\/tourcruiser.com\/fr\/wp-json\/wp\/v2\/media\/765110"}],"wp:attachment":[{"href":"https:\/\/tourcruiser.com\/fr\/wp-json\/wp\/v2\/media?parent=765109"}],"wp:term":[{"taxonomy":"product_brand","embeddable":true,"href":"https:\/\/tourcruiser.com\/fr\/wp-json\/wp\/v2\/product_brand?post=765109"},{"taxonomy":"product_cat","embeddable":true,"href":"https:\/\/tourcruiser.com\/fr\/wp-json\/wp\/v2\/product_cat?post=765109"},{"taxonomy":"product_tag","embeddable":true,"href":"https:\/\/tourcruiser.com\/fr\/wp-json\/wp\/v2\/product_tag?post=765109"}],"curies":[{"name":"wp","href":"https:\/\/api.w.org\/{rel}","templated":true}]}}