{"id":764799,"date":"2026-04-16T17:11:09","date_gmt":"2026-04-16T10:11:09","guid":{"rendered":"http:\/\/tourcruiser.com\/product\/nike-waffle-one-the-great-unity-dm5446-701"},"modified":"2026-04-17T21:55:30","modified_gmt":"2026-04-17T14:55:30","slug":"nike-waffle-one-the-great-unity-dm5446-701","status":"publish","type":"product","link":"https:\/\/tourcruiser.com\/fr\/products\/nike-waffle-one-the-great-unity-dm5446-701\/","title":{"rendered":"Nike Waffle One &lsquo;The Great Unity&rsquo; DM5446-701"},"content":{"rendered":"<p>Les sneakers Nike Waffle One The Great Unity allient style et solidarit\u00e9. Con\u00e7ues par Nike, elles s\u00e9duisent par leur \u00e9l\u00e9gante couleur noire, apportant une touche styl\u00e9e \u00e0 toutes vos tenues. La semelle gaufr\u00e9e classique offre une excellente adh\u00e9rence et un confort optimal tout au long de la journ\u00e9e. Affirmez votre style et votre solidarit\u00e9 avec ces sneakers Nike tendance.<\/p>\n<p>Coloris\u00a0: Cachemire\/Noir\/Voile<br \/>\nR\u00e9f\u00e9rence\u00a0: DM5446-701<br \/>\nMati\u00e8re ext\u00e9rieure\u00a0: Mesh<br \/>\nCouleur\u00a0: Multicolore<br \/>\nDesigner\u00a0: Bill Bowerman<br \/>\nSaison\u00a0: Toute l\u2019ann\u00e9e<\/p>\n<p>\u00c2ge\u00a0: Adulte<br \/>\nCouleur\u00a0: Multicolore<br \/>\nGenre\u00a0: Homme<\/p>\n","protected":false},"excerpt":{"rendered":"<p>Les sneakers Nike Waffle One The Great Unity allient style et solidarit\u00e9. Con\u00e7ues par Nike, elles s\u00e9duisent par leur \u00e9l\u00e9gante couleur noire, apportant une touche styl\u00e9e \u00e0 toutes vos tenues. La semelle gaufr\u00e9e classique offre une excellente adh\u00e9rence et un confort optimal tout au long de la journ\u00e9e. Affirmez votre style et votre solidarit\u00e9 avec [&hellip;]<\/p>\n","protected":false},"featured_media":764800,"comment_status":"open","ping_status":"closed","template":"","meta":[],"product_brand":[],"product_cat":[10803],"product_tag":[10750,38841,38842,38894,10801,10768],"class_list":{"0":"post-764799","1":"product","2":"type-product","3":"status-publish","4":"has-post-thumbnail","6":"product_cat-nike","7":"product_tag-athleisure-shoes","8":"product_tag-casual-shoes","9":"product_tag-gift-idea-for-him","10":"product_tag-lifestyle-shoes-running-shoes","11":"product_tag-nike","12":"product_tag-retro-running-shoes","13":"wcpa_has_options","15":"first","16":"instock","17":"taxable","18":"shipping-taxable","19":"purchasable","20":"product-type-simple"},"wcpa_form_fields":{"rules":{"pric_overide_base_price":false,"pric_overide_base_price_if_gt_zero":false,"pric_overide_base_price_fully":false,"pric_cal_option_once":false,"pric_use_as_fee":false,"bind_quantity":false,"quantity_bind_formula":false},"fields":[{"type":"color-group","required":true,"elementId":"wcpa-color-group-66c4a75505e74","label":"Taille","inline":true,"priceOptions":"different_for_all","pricingType":"fixed","className":"hassizechart product-shoes-size-eu product-shoes-size","name":"color-group-66c4a75505e89","disp_type":"square","selection_type":"tick-border","disp_size":"44","show_label_inside":true,"adjust_width":true,"cart_display_type":"text","other_text":"Other","cl_rule":"show","col":6,"values":[{"label":"35.5","value":"EU 35.5","price":"","pimage":"","pimage_id":"","pthumb":"","color":""},{"label":"36","value":"EU 36","price":"","pimage":"","pimage_id":"","pthumb":"","color":"","selected":true},{"label":"36.5","value":"EU 36.5","price":"","pimage":"","pimage_id":"","pthumb":"","color":""},{"label":"37.5","value":"EU 37.5","price":"","pimage":"","pimage_id":"","pthumb":"","color":""},{"label":"38","value":"EU 38","price":"","pimage":"","pimage_id":"","pthumb":"","color":""},{"label":"38.5","value":"EU 38.5","price":"","pimage":"","pimage_id":"","pthumb":"","color":""},{"label":"39","value":"EU 39","price":"","pimage":"","pimage_id":"","pthumb":"","color":""},{"label":"40","value":"EU 40","price":"","pimage":"","pimage_id":"","pthumb":"","color":""},{"label":"40.5","value":"EU 40.5","price":"","pimage":"","pimage_id":"","pthumb":"","color":""},{"label":"41","value":"EU 41","price":"","pimage":"","pimage_id":"","pthumb":"","color":""},{"label":"42","value":"EU 42","price":"","pimage":"","pimage_id":"","pthumb":"","color":""},{"label":"42.5","value":"EU 42.5","price":"","pimage":"","pimage_id":"","pthumb":"","color":""},{"label":"43","value":"EU 43","price":"","pimage":"","pimage_id":"","pthumb":"","color":""},{"label":"44","value":"EU 44","price":"","pimage":"","pimage_id":"","pthumb":"","color":""},{"label":"44.5","value":"EU 44.5","price":"","pimage":"","pimage_id":"","pthumb":"","color":""},{"label":"45","value":"EU 45","price":"","pimage":"","pimage_id":"","pthumb":"","color":""},{"label":"45.5","value":"EU 45.5","price":"","pimage":"","pimage_id":"","pthumb":"","color":""},{"label":"46","value":"EU 46","price":"","pimage":"","pimage_id":"","pthumb":"","color":""},{"label":"47","value":"EU 47","price":"","pimage":"","pimage_id":"","pthumb":"","color":""},{"label":"47.5","value":"EU 47.5","price":"","pimage":"","pimage_id":"","pthumb":"","color":""},{"label":"48","value":"EU 48","price":"","pimage":"","pimage_id":"","pthumb":"","color":""}],"relations":[{"operator":false,"rules":[]}],"form_id":18106,"form_rules":{"pric_cal_option_once":false,"exclude_from_discount":false,"pric_use_as_fee":false,"fee_label":"Fee","render_after_acb":false,"disp_hide_options_price":false}}]},"yoast_head":"<!-- This site is optimized with the Yoast SEO plugin v26.5 - https:\/\/yoast.com\/wordpress\/plugins\/seo\/ -->\n<title>Nike Waffle One &#039;The Great Unity&#039; DM5446-701 - TOURCRUISER PTE. LTD<\/title>\n<meta name=\"robots\" content=\"index, follow, max-snippet:-1, max-image-preview:large, max-video-preview:-1\" \/>\n<link rel=\"canonical\" href=\"https:\/\/tourcruiser.com\/fr\/products\/nike-waffle-one-the-great-unity-dm5446-701\/\" \/>\n<meta property=\"og:locale\" content=\"fr_FR\" \/>\n<meta property=\"og:type\" content=\"article\" \/>\n<meta property=\"og:title\" content=\"Nike Waffle One &#039;The Great Unity&#039; DM5446-701 - TOURCRUISER PTE. LTD\" \/>\n<meta property=\"og:description\" content=\"Les sneakers Nike Waffle One The Great Unity allient style et solidarit\u00e9. Con\u00e7ues par Nike, elles s\u00e9duisent par leur \u00e9l\u00e9gante couleur noire, apportant une touche styl\u00e9e \u00e0 toutes vos tenues. La semelle gaufr\u00e9e classique offre une excellente adh\u00e9rence et un confort optimal tout au long de la journ\u00e9e. Affirmez votre style et votre solidarit\u00e9 avec [&hellip;]\" \/>\n<meta property=\"og:url\" content=\"https:\/\/tourcruiser.com\/fr\/products\/nike-waffle-one-the-great-unity-dm5446-701\/\" \/>\n<meta property=\"og:site_name\" content=\"Tourcruiser Sneaker Store\" \/>\n<meta property=\"article:modified_time\" content=\"2026-04-17T14:55:30+00:00\" \/>\n<meta name=\"twitter:card\" content=\"summary_large_image\" \/>\n<meta name=\"twitter:image\" content=\"https:\/\/images.novelship.com\/product\/nike_waffle_one__the_great_unity__dm5446_701_0_24782.jpeg;https:\/\/images.novelship.com\/product\/nike_waffle_one__the_great_unity__dm5446_701_1_24782.jpeg;https:\/\/images.novelship.com\/product\/nike_waffle_one__the_great_unity__dm5446_701_2_24782.jpeg;https:\/\/images.novelship.com\/product\/nike_waffle_one__the_great_unity__dm5446_701_3_24782.jpeg;https:\/\/images.novelship.com\/product\/nike_waffle_one__the_great_unity__dm5446_701_4_24782.jpeg;https:\/\/images.novelship.com\/product\/nike_waffle_one__the_great_unity__dm5446_701_5_24782.jpeg;https:\/\/images.novelship.com\/product\/nike_waffle_one__the_great_unity__dm5446_701_6_24782.jpeg;https:\/\/images.novelship.com\/product\/nike_waffle_one__the_great_unity__dm5446_701_7_24782.jpeg\" \/>\n<script type=\"application\/ld+json\" class=\"yoast-schema-graph\">{\"@context\":\"https:\/\/schema.org\",\"@graph\":[{\"@type\":\"WebPage\",\"@id\":\"https:\/\/tourcruiser.com\/fr\/products\/nike-waffle-one-the-great-unity-dm5446-701\/\",\"url\":\"https:\/\/tourcruiser.com\/fr\/products\/nike-waffle-one-the-great-unity-dm5446-701\/\",\"name\":\"Nike Waffle One 'The Great Unity' DM5446-701 - TOURCRUISER PTE. LTD\",\"isPartOf\":{\"@id\":\"\/#website\"},\"primaryImageOfPage\":{\"@id\":\"https:\/\/tourcruiser.com\/fr\/products\/nike-waffle-one-the-great-unity-dm5446-701\/#primaryimage\"},\"image\":{\"@id\":\"https:\/\/tourcruiser.com\/fr\/products\/nike-waffle-one-the-great-unity-dm5446-701\/#primaryimage\"},\"thumbnailUrl\":\"https:\/\/images.novelship.com\/product\/nike_waffle_one__the_great_unity__dm5446_701_0_24782.jpeg;https:\/\/images.novelship.com\/product\/nike_waffle_one__the_great_unity__dm5446_701_1_24782.jpeg;https:\/\/images.novelship.com\/product\/nike_waffle_one__the_great_unity__dm5446_701_2_24782.jpeg;https:\/\/images.novelship.com\/product\/nike_waffle_one__the_great_unity__dm5446_701_3_24782.jpeg;https:\/\/images.novelship.com\/product\/nike_waffle_one__the_great_unity__dm5446_701_4_24782.jpeg;https:\/\/images.novelship.com\/product\/nike_waffle_one__the_great_unity__dm5446_701_5_24782.jpeg;https:\/\/images.novelship.com\/product\/nike_waffle_one__the_great_unity__dm5446_701_6_24782.jpeg;https:\/\/images.novelship.com\/product\/nike_waffle_one__the_great_unity__dm5446_701_7_24782.jpeg\",\"datePublished\":\"2026-04-16T10:11:09+00:00\",\"dateModified\":\"2026-04-17T14:55:30+00:00\",\"breadcrumb\":{\"@id\":\"https:\/\/tourcruiser.com\/fr\/products\/nike-waffle-one-the-great-unity-dm5446-701\/#breadcrumb\"},\"inLanguage\":\"fr-FR\",\"potentialAction\":[{\"@type\":\"ReadAction\",\"target\":[\"https:\/\/tourcruiser.com\/fr\/products\/nike-waffle-one-the-great-unity-dm5446-701\/\"]}]},{\"@type\":\"ImageObject\",\"inLanguage\":\"fr-FR\",\"@id\":\"https:\/\/tourcruiser.com\/fr\/products\/nike-waffle-one-the-great-unity-dm5446-701\/#primaryimage\",\"url\":\"https:\/\/images.novelship.com\/product\/nike_waffle_one__the_great_unity__dm5446_701_0_24782.jpeg;https:\/\/images.novelship.com\/product\/nike_waffle_one__the_great_unity__dm5446_701_1_24782.jpeg;https:\/\/images.novelship.com\/product\/nike_waffle_one__the_great_unity__dm5446_701_2_24782.jpeg;https:\/\/images.novelship.com\/product\/nike_waffle_one__the_great_unity__dm5446_701_3_24782.jpeg;https:\/\/images.novelship.com\/product\/nike_waffle_one__the_great_unity__dm5446_701_4_24782.jpeg;https:\/\/images.novelship.com\/product\/nike_waffle_one__the_great_unity__dm5446_701_5_24782.jpeg;https:\/\/images.novelship.com\/product\/nike_waffle_one__the_great_unity__dm5446_701_6_24782.jpeg;https:\/\/images.novelship.com\/product\/nike_waffle_one__the_great_unity__dm5446_701_7_24782.jpeg\",\"contentUrl\":\"https:\/\/images.novelship.com\/product\/nike_waffle_one__the_great_unity__dm5446_701_0_24782.jpeg;https:\/\/images.novelship.com\/product\/nike_waffle_one__the_great_unity__dm5446_701_1_24782.jpeg;https:\/\/images.novelship.com\/product\/nike_waffle_one__the_great_unity__dm5446_701_2_24782.jpeg;https:\/\/images.novelship.com\/product\/nike_waffle_one__the_great_unity__dm5446_701_3_24782.jpeg;https:\/\/images.novelship.com\/product\/nike_waffle_one__the_great_unity__dm5446_701_4_24782.jpeg;https:\/\/images.novelship.com\/product\/nike_waffle_one__the_great_unity__dm5446_701_5_24782.jpeg;https:\/\/images.novelship.com\/product\/nike_waffle_one__the_great_unity__dm5446_701_6_24782.jpeg;https:\/\/images.novelship.com\/product\/nike_waffle_one__the_great_unity__dm5446_701_7_24782.jpeg\"},{\"@type\":\"BreadcrumbList\",\"@id\":\"https:\/\/tourcruiser.com\/fr\/products\/nike-waffle-one-the-great-unity-dm5446-701\/#breadcrumb\",\"itemListElement\":[{\"@type\":\"ListItem\",\"position\":1,\"name\":\"Home\",\"item\":\"https:\/\/tourcruiser.com\/fr\/\"},{\"@type\":\"ListItem\",\"position\":2,\"name\":\"Shop\",\"item\":\"https:\/\/tourcruiser.com\/fr\/shop\/\"},{\"@type\":\"ListItem\",\"position\":3,\"name\":\"Nike Waffle One &#8216;The Great Unity&#8217; DM5446-701\"}]},{\"@type\":\"WebSite\",\"@id\":\"\/#website\",\"url\":\"\/\",\"name\":\"Styloral Jewelry Shop\",\"description\":\"Tourcruiser Sneaker Store \u2014 L\u2019endroit o\u00f9 l\u2019univers rencontre votre singularit\u00e9.\",\"publisher\":{\"@id\":\"\/#organization\"},\"potentialAction\":[{\"@type\":\"SearchAction\",\"target\":{\"@type\":\"EntryPoint\",\"urlTemplate\":\"\/?s={search_term_string}\"},\"query-input\":{\"@type\":\"PropertyValueSpecification\",\"valueRequired\":true,\"valueName\":\"search_term_string\"}}],\"inLanguage\":\"fr-FR\"},{\"@type\":\"Organization\",\"@id\":\"\/#organization\",\"name\":\"STYLORAL PTE. LTD\",\"url\":\"\/\",\"logo\":{\"@type\":\"ImageObject\",\"inLanguage\":\"fr-FR\",\"@id\":\"\/#\/schema\/logo\/image\/\",\"url\":\"https:\/\/www.tourcruiser.com\/wp-content\/uploads\/2025\/12\/logo.png\",\"contentUrl\":\"https:\/\/www.tourcruiser.com\/wp-content\/uploads\/2025\/12\/logo.png\",\"width\":200,\"height\":65,\"caption\":\"STYLORAL PTE. LTD\"},\"image\":{\"@id\":\"\/#\/schema\/logo\/image\/\"}}]}<\/script>\n<!-- \/ Yoast SEO plugin. -->","yoast_head_json":{"title":"Nike Waffle One 'The Great Unity' DM5446-701 - TOURCRUISER PTE. LTD","robots":{"index":"index","follow":"follow","max-snippet":"max-snippet:-1","max-image-preview":"max-image-preview:large","max-video-preview":"max-video-preview:-1"},"canonical":"https:\/\/tourcruiser.com\/fr\/products\/nike-waffle-one-the-great-unity-dm5446-701\/","og_locale":"fr_FR","og_type":"article","og_title":"Nike Waffle One 'The Great Unity' DM5446-701 - TOURCRUISER PTE. LTD","og_description":"Les sneakers Nike Waffle One The Great Unity allient style et solidarit\u00e9. Con\u00e7ues par Nike, elles s\u00e9duisent par leur \u00e9l\u00e9gante couleur noire, apportant une touche styl\u00e9e \u00e0 toutes vos tenues. La semelle gaufr\u00e9e classique offre une excellente adh\u00e9rence et un confort optimal tout au long de la journ\u00e9e. Affirmez votre style et votre solidarit\u00e9 avec [&hellip;]","og_url":"https:\/\/tourcruiser.com\/fr\/products\/nike-waffle-one-the-great-unity-dm5446-701\/","og_site_name":"Tourcruiser Sneaker Store","article_modified_time":"2026-04-17T14:55:30+00:00","twitter_card":"summary_large_image","twitter_image":"https:\/\/images.novelship.com\/product\/nike_waffle_one__the_great_unity__dm5446_701_0_24782.jpeg;https:\/\/images.novelship.com\/product\/nike_waffle_one__the_great_unity__dm5446_701_1_24782.jpeg;https:\/\/images.novelship.com\/product\/nike_waffle_one__the_great_unity__dm5446_701_2_24782.jpeg;https:\/\/images.novelship.com\/product\/nike_waffle_one__the_great_unity__dm5446_701_3_24782.jpeg;https:\/\/images.novelship.com\/product\/nike_waffle_one__the_great_unity__dm5446_701_4_24782.jpeg;https:\/\/images.novelship.com\/product\/nike_waffle_one__the_great_unity__dm5446_701_5_24782.jpeg;https:\/\/images.novelship.com\/product\/nike_waffle_one__the_great_unity__dm5446_701_6_24782.jpeg;https:\/\/images.novelship.com\/product\/nike_waffle_one__the_great_unity__dm5446_701_7_24782.jpeg","schema":{"@context":"https:\/\/schema.org","@graph":[{"@type":"WebPage","@id":"https:\/\/tourcruiser.com\/fr\/products\/nike-waffle-one-the-great-unity-dm5446-701\/","url":"https:\/\/tourcruiser.com\/fr\/products\/nike-waffle-one-the-great-unity-dm5446-701\/","name":"Nike Waffle One 'The Great Unity' DM5446-701 - TOURCRUISER PTE. LTD","isPartOf":{"@id":"\/#website"},"primaryImageOfPage":{"@id":"https:\/\/tourcruiser.com\/fr\/products\/nike-waffle-one-the-great-unity-dm5446-701\/#primaryimage"},"image":{"@id":"https:\/\/tourcruiser.com\/fr\/products\/nike-waffle-one-the-great-unity-dm5446-701\/#primaryimage"},"thumbnailUrl":"https:\/\/images.novelship.com\/product\/nike_waffle_one__the_great_unity__dm5446_701_0_24782.jpeg;https:\/\/images.novelship.com\/product\/nike_waffle_one__the_great_unity__dm5446_701_1_24782.jpeg;https:\/\/images.novelship.com\/product\/nike_waffle_one__the_great_unity__dm5446_701_2_24782.jpeg;https:\/\/images.novelship.com\/product\/nike_waffle_one__the_great_unity__dm5446_701_3_24782.jpeg;https:\/\/images.novelship.com\/product\/nike_waffle_one__the_great_unity__dm5446_701_4_24782.jpeg;https:\/\/images.novelship.com\/product\/nike_waffle_one__the_great_unity__dm5446_701_5_24782.jpeg;https:\/\/images.novelship.com\/product\/nike_waffle_one__the_great_unity__dm5446_701_6_24782.jpeg;https:\/\/images.novelship.com\/product\/nike_waffle_one__the_great_unity__dm5446_701_7_24782.jpeg","datePublished":"2026-04-16T10:11:09+00:00","dateModified":"2026-04-17T14:55:30+00:00","breadcrumb":{"@id":"https:\/\/tourcruiser.com\/fr\/products\/nike-waffle-one-the-great-unity-dm5446-701\/#breadcrumb"},"inLanguage":"fr-FR","potentialAction":[{"@type":"ReadAction","target":["https:\/\/tourcruiser.com\/fr\/products\/nike-waffle-one-the-great-unity-dm5446-701\/"]}]},{"@type":"ImageObject","inLanguage":"fr-FR","@id":"https:\/\/tourcruiser.com\/fr\/products\/nike-waffle-one-the-great-unity-dm5446-701\/#primaryimage","url":"https:\/\/images.novelship.com\/product\/nike_waffle_one__the_great_unity__dm5446_701_0_24782.jpeg;https:\/\/images.novelship.com\/product\/nike_waffle_one__the_great_unity__dm5446_701_1_24782.jpeg;https:\/\/images.novelship.com\/product\/nike_waffle_one__the_great_unity__dm5446_701_2_24782.jpeg;https:\/\/images.novelship.com\/product\/nike_waffle_one__the_great_unity__dm5446_701_3_24782.jpeg;https:\/\/images.novelship.com\/product\/nike_waffle_one__the_great_unity__dm5446_701_4_24782.jpeg;https:\/\/images.novelship.com\/product\/nike_waffle_one__the_great_unity__dm5446_701_5_24782.jpeg;https:\/\/images.novelship.com\/product\/nike_waffle_one__the_great_unity__dm5446_701_6_24782.jpeg;https:\/\/images.novelship.com\/product\/nike_waffle_one__the_great_unity__dm5446_701_7_24782.jpeg","contentUrl":"https:\/\/images.novelship.com\/product\/nike_waffle_one__the_great_unity__dm5446_701_0_24782.jpeg;https:\/\/images.novelship.com\/product\/nike_waffle_one__the_great_unity__dm5446_701_1_24782.jpeg;https:\/\/images.novelship.com\/product\/nike_waffle_one__the_great_unity__dm5446_701_2_24782.jpeg;https:\/\/images.novelship.com\/product\/nike_waffle_one__the_great_unity__dm5446_701_3_24782.jpeg;https:\/\/images.novelship.com\/product\/nike_waffle_one__the_great_unity__dm5446_701_4_24782.jpeg;https:\/\/images.novelship.com\/product\/nike_waffle_one__the_great_unity__dm5446_701_5_24782.jpeg;https:\/\/images.novelship.com\/product\/nike_waffle_one__the_great_unity__dm5446_701_6_24782.jpeg;https:\/\/images.novelship.com\/product\/nike_waffle_one__the_great_unity__dm5446_701_7_24782.jpeg"},{"@type":"BreadcrumbList","@id":"https:\/\/tourcruiser.com\/fr\/products\/nike-waffle-one-the-great-unity-dm5446-701\/#breadcrumb","itemListElement":[{"@type":"ListItem","position":1,"name":"Home","item":"https:\/\/tourcruiser.com\/fr\/"},{"@type":"ListItem","position":2,"name":"Shop","item":"https:\/\/tourcruiser.com\/fr\/shop\/"},{"@type":"ListItem","position":3,"name":"Nike Waffle One &#8216;The Great Unity&#8217; DM5446-701"}]},{"@type":"WebSite","@id":"\/#website","url":"\/","name":"Styloral Jewelry Shop","description":"Tourcruiser Sneaker Store \u2014 L\u2019endroit o\u00f9 l\u2019univers rencontre votre singularit\u00e9.","publisher":{"@id":"\/#organization"},"potentialAction":[{"@type":"SearchAction","target":{"@type":"EntryPoint","urlTemplate":"\/?s={search_term_string}"},"query-input":{"@type":"PropertyValueSpecification","valueRequired":true,"valueName":"search_term_string"}}],"inLanguage":"fr-FR"},{"@type":"Organization","@id":"\/#organization","name":"STYLORAL PTE. LTD","url":"\/","logo":{"@type":"ImageObject","inLanguage":"fr-FR","@id":"\/#\/schema\/logo\/image\/","url":"https:\/\/www.tourcruiser.com\/wp-content\/uploads\/2025\/12\/logo.png","contentUrl":"https:\/\/www.tourcruiser.com\/wp-content\/uploads\/2025\/12\/logo.png","width":200,"height":65,"caption":"STYLORAL PTE. LTD"},"image":{"@id":"\/#\/schema\/logo\/image\/"}}]}},"_links":{"self":[{"href":"https:\/\/tourcruiser.com\/fr\/wp-json\/wp\/v2\/product\/764799","targetHints":{"allow":["GET"]}}],"collection":[{"href":"https:\/\/tourcruiser.com\/fr\/wp-json\/wp\/v2\/product"}],"about":[{"href":"https:\/\/tourcruiser.com\/fr\/wp-json\/wp\/v2\/types\/product"}],"replies":[{"embeddable":true,"href":"https:\/\/tourcruiser.com\/fr\/wp-json\/wp\/v2\/comments?post=764799"}],"wp:featuredmedia":[{"embeddable":true,"href":"https:\/\/tourcruiser.com\/fr\/wp-json\/wp\/v2\/media\/764800"}],"wp:attachment":[{"href":"https:\/\/tourcruiser.com\/fr\/wp-json\/wp\/v2\/media?parent=764799"}],"wp:term":[{"taxonomy":"product_brand","embeddable":true,"href":"https:\/\/tourcruiser.com\/fr\/wp-json\/wp\/v2\/product_brand?post=764799"},{"taxonomy":"product_cat","embeddable":true,"href":"https:\/\/tourcruiser.com\/fr\/wp-json\/wp\/v2\/product_cat?post=764799"},{"taxonomy":"product_tag","embeddable":true,"href":"https:\/\/tourcruiser.com\/fr\/wp-json\/wp\/v2\/product_tag?post=764799"}],"curies":[{"name":"wp","href":"https:\/\/api.w.org\/{rel}","templated":true}]}}