{"id":764700,"date":"2026-04-16T17:11:06","date_gmt":"2026-04-16T10:11:06","guid":{"rendered":"http:\/\/tourcruiser.com\/product\/maison-chteau-rouge-x-air-jordan-1-mid-se-fearless-cu2803-200"},"modified":"2026-04-17T22:56:17","modified_gmt":"2026-04-17T15:56:17","slug":"maison-chteau-rouge-x-air-jordan-1-mid-se-fearless-cu2803-200","status":"publish","type":"product","link":"https:\/\/tourcruiser.com\/fr\/products\/maison-chteau-rouge-x-air-jordan-1-mid-se-fearless-cu2803-200\/","title":{"rendered":"Maison Ch\u00c3\u00a2teau Rouge x Air Jordan 1 Mid SE &lsquo;Fearless&rsquo; CU2803-200"},"content":{"rendered":"<p>D\u00e9couvrez la Maison Ch\u00e2teau Rouge x Air Jordan 1 Mid SE Fearless, fruit de la collaboration entre Jordan et Maison Ch\u00e2teau Rouge. Avec son design multicolore saisissant et vibrant, cette sneaker incarne un style audacieux. Affirmez votre confiance en vous avec ces chaussures qui ne passent pas inaper\u00e7ues.<\/p>\n<p>Coloris\u00a0: Vanille p\u00e2le\/Cannelle<\/p>\n<p>Code article\u00a0: CU2803-200<\/p>\n<p>Tige\u00a0: Cuir<\/p>\n<p>Semelle interm\u00e9diaire\u00a0: Air<\/p>\n<p>Couleur\u00a0: Multicolore<\/p>\n<p>Cr\u00e9ateur\u00a0: Maison Ch\u00e2teau\/Peter Moore<\/p>\n<p>Saison\u00a0: Automne<\/p>\n<p>Ann\u00e9e de sortie\u00a0: 2019<\/p>\n<p>\u00c2ge\u00a0: Adulte<\/p>\n<p>Couleur\u00a0: Multicolore<\/p>\n<p>Genre\u00a0: Homme<\/p>\n","protected":false},"excerpt":{"rendered":"<p>D\u00e9couvrez la Maison Ch\u00e2teau Rouge x Air Jordan 1 Mid SE Fearless, fruit de la collaboration entre Jordan et Maison Ch\u00e2teau Rouge. Avec son design multicolore saisissant et vibrant, cette sneaker incarne un style audacieux. Affirmez votre confiance en vous avec ces chaussures qui ne passent pas inaper\u00e7ues. Coloris\u00a0: Vanille p\u00e2le\/Cannelle Code article\u00a0: CU2803-200 Tige\u00a0: [&hellip;]<\/p>\n","protected":false},"featured_media":764701,"comment_status":"open","ping_status":"closed","template":"","meta":[],"product_brand":[],"product_cat":[38880],"product_tag":[38841,39257,38840,10776,11349,38875,10756,38866,38902],"class_list":{"0":"post-764700","1":"product","2":"type-product","3":"status-publish","4":"has-post-thumbnail","6":"product_cat-jordan","7":"product_tag-casual-shoes","8":"product_tag-casual-shoes-inspired-by-basketball","9":"product_tag-gift-ideas-for-him","10":"product_tag-jordan","11":"product_tag-jordan-basketball-shoes","12":"product_tag-jordan-skateboard-shoes","13":"product_tag-retro-casual-shoes","14":"product_tag-sports-shoes","15":"product_tag-trendy-offers","17":"first","18":"instock","19":"taxable","20":"shipping-taxable","21":"purchasable","22":"product-type-simple"},"wcpa_form_fields":null,"yoast_head":"<!-- This site is optimized with the Yoast SEO plugin v26.5 - https:\/\/yoast.com\/wordpress\/plugins\/seo\/ -->\n<title>Maison Ch\u00c3\u00a2teau Rouge x Air Jordan 1 Mid SE &#039;Fearless&#039; CU2803-200 - TOURCRUISER PTE. LTD<\/title>\n<meta name=\"robots\" content=\"index, follow, max-snippet:-1, max-image-preview:large, max-video-preview:-1\" \/>\n<link rel=\"canonical\" href=\"https:\/\/tourcruiser.com\/fr\/products\/maison-chteau-rouge-x-air-jordan-1-mid-se-fearless-cu2803-200\/\" \/>\n<meta property=\"og:locale\" content=\"fr_FR\" \/>\n<meta property=\"og:type\" content=\"article\" \/>\n<meta property=\"og:title\" content=\"Maison Ch\u00c3\u00a2teau Rouge x Air Jordan 1 Mid SE &#039;Fearless&#039; CU2803-200 - TOURCRUISER PTE. LTD\" \/>\n<meta property=\"og:description\" content=\"D\u00e9couvrez la Maison Ch\u00e2teau Rouge x Air Jordan 1 Mid SE Fearless, fruit de la collaboration entre Jordan et Maison Ch\u00e2teau Rouge. Avec son design multicolore saisissant et vibrant, cette sneaker incarne un style audacieux. Affirmez votre confiance en vous avec ces chaussures qui ne passent pas inaper\u00e7ues. Coloris\u00a0: Vanille p\u00e2le\/Cannelle Code article\u00a0: CU2803-200 Tige\u00a0: [&hellip;]\" \/>\n<meta property=\"og:url\" content=\"https:\/\/tourcruiser.com\/fr\/products\/maison-chteau-rouge-x-air-jordan-1-mid-se-fearless-cu2803-200\/\" \/>\n<meta property=\"og:site_name\" content=\"Tourcruiser Sneaker Store\" \/>\n<meta property=\"article:modified_time\" content=\"2026-04-17T15:56:17+00:00\" \/>\n<meta name=\"twitter:card\" content=\"summary_large_image\" \/>\n<meta name=\"twitter:image\" content=\"https:\/\/images.novelship.com\/product\/maison_ch_teau_rouge_x_air_jordan_1_mid_se__fearle_0_23886.jpeg;https:\/\/images.novelship.com\/product\/maison_ch_teau_rouge_x_air_jordan_1_mid_se__fearle_1_23886.jpeg;https:\/\/images.novelship.com\/product\/maison_ch_teau_rouge_x_air_jordan_1_mid_se__fearle_2_23886.jpeg;https:\/\/images.novelship.com\/product\/maison_ch_teau_rouge_x_air_jordan_1_mid_se__fearle_3_23886.jpeg;https:\/\/images.novelship.com\/product\/maison_ch_teau_rouge_x_air_jordan_1_mid_se__fearle_4_23886.jpeg;https:\/\/images.novelship.com\/product\/maison_ch_teau_rouge_x_air_jordan_1_mid_se__fearle_5_23886.jpeg;https:\/\/images.novelship.com\/product\/maison_ch_teau_rouge_x_air_jordan_1_mid_se__fearle_6_23886.jpeg;https:\/\/images.novelship.com\/product\/maison_ch_teau_rouge_x_air_jordan_1_mid_se__fearle_7_23887.jpeg\" \/>\n<script type=\"application\/ld+json\" class=\"yoast-schema-graph\">{\"@context\":\"https:\/\/schema.org\",\"@graph\":[{\"@type\":\"WebPage\",\"@id\":\"https:\/\/tourcruiser.com\/fr\/products\/maison-chteau-rouge-x-air-jordan-1-mid-se-fearless-cu2803-200\/\",\"url\":\"https:\/\/tourcruiser.com\/fr\/products\/maison-chteau-rouge-x-air-jordan-1-mid-se-fearless-cu2803-200\/\",\"name\":\"Maison Ch\u00c3\u00a2teau Rouge x Air Jordan 1 Mid SE 'Fearless' CU2803-200 - TOURCRUISER PTE. LTD\",\"isPartOf\":{\"@id\":\"\/#website\"},\"primaryImageOfPage\":{\"@id\":\"https:\/\/tourcruiser.com\/fr\/products\/maison-chteau-rouge-x-air-jordan-1-mid-se-fearless-cu2803-200\/#primaryimage\"},\"image\":{\"@id\":\"https:\/\/tourcruiser.com\/fr\/products\/maison-chteau-rouge-x-air-jordan-1-mid-se-fearless-cu2803-200\/#primaryimage\"},\"thumbnailUrl\":\"https:\/\/images.novelship.com\/product\/maison_ch_teau_rouge_x_air_jordan_1_mid_se__fearle_0_23886.jpeg;https:\/\/images.novelship.com\/product\/maison_ch_teau_rouge_x_air_jordan_1_mid_se__fearle_1_23886.jpeg;https:\/\/images.novelship.com\/product\/maison_ch_teau_rouge_x_air_jordan_1_mid_se__fearle_2_23886.jpeg;https:\/\/images.novelship.com\/product\/maison_ch_teau_rouge_x_air_jordan_1_mid_se__fearle_3_23886.jpeg;https:\/\/images.novelship.com\/product\/maison_ch_teau_rouge_x_air_jordan_1_mid_se__fearle_4_23886.jpeg;https:\/\/images.novelship.com\/product\/maison_ch_teau_rouge_x_air_jordan_1_mid_se__fearle_5_23886.jpeg;https:\/\/images.novelship.com\/product\/maison_ch_teau_rouge_x_air_jordan_1_mid_se__fearle_6_23886.jpeg;https:\/\/images.novelship.com\/product\/maison_ch_teau_rouge_x_air_jordan_1_mid_se__fearle_7_23887.jpeg\",\"datePublished\":\"2026-04-16T10:11:06+00:00\",\"dateModified\":\"2026-04-17T15:56:17+00:00\",\"breadcrumb\":{\"@id\":\"https:\/\/tourcruiser.com\/fr\/products\/maison-chteau-rouge-x-air-jordan-1-mid-se-fearless-cu2803-200\/#breadcrumb\"},\"inLanguage\":\"fr-FR\",\"potentialAction\":[{\"@type\":\"ReadAction\",\"target\":[\"https:\/\/tourcruiser.com\/fr\/products\/maison-chteau-rouge-x-air-jordan-1-mid-se-fearless-cu2803-200\/\"]}]},{\"@type\":\"ImageObject\",\"inLanguage\":\"fr-FR\",\"@id\":\"https:\/\/tourcruiser.com\/fr\/products\/maison-chteau-rouge-x-air-jordan-1-mid-se-fearless-cu2803-200\/#primaryimage\",\"url\":\"https:\/\/images.novelship.com\/product\/maison_ch_teau_rouge_x_air_jordan_1_mid_se__fearle_0_23886.jpeg;https:\/\/images.novelship.com\/product\/maison_ch_teau_rouge_x_air_jordan_1_mid_se__fearle_1_23886.jpeg;https:\/\/images.novelship.com\/product\/maison_ch_teau_rouge_x_air_jordan_1_mid_se__fearle_2_23886.jpeg;https:\/\/images.novelship.com\/product\/maison_ch_teau_rouge_x_air_jordan_1_mid_se__fearle_3_23886.jpeg;https:\/\/images.novelship.com\/product\/maison_ch_teau_rouge_x_air_jordan_1_mid_se__fearle_4_23886.jpeg;https:\/\/images.novelship.com\/product\/maison_ch_teau_rouge_x_air_jordan_1_mid_se__fearle_5_23886.jpeg;https:\/\/images.novelship.com\/product\/maison_ch_teau_rouge_x_air_jordan_1_mid_se__fearle_6_23886.jpeg;https:\/\/images.novelship.com\/product\/maison_ch_teau_rouge_x_air_jordan_1_mid_se__fearle_7_23887.jpeg\",\"contentUrl\":\"https:\/\/images.novelship.com\/product\/maison_ch_teau_rouge_x_air_jordan_1_mid_se__fearle_0_23886.jpeg;https:\/\/images.novelship.com\/product\/maison_ch_teau_rouge_x_air_jordan_1_mid_se__fearle_1_23886.jpeg;https:\/\/images.novelship.com\/product\/maison_ch_teau_rouge_x_air_jordan_1_mid_se__fearle_2_23886.jpeg;https:\/\/images.novelship.com\/product\/maison_ch_teau_rouge_x_air_jordan_1_mid_se__fearle_3_23886.jpeg;https:\/\/images.novelship.com\/product\/maison_ch_teau_rouge_x_air_jordan_1_mid_se__fearle_4_23886.jpeg;https:\/\/images.novelship.com\/product\/maison_ch_teau_rouge_x_air_jordan_1_mid_se__fearle_5_23886.jpeg;https:\/\/images.novelship.com\/product\/maison_ch_teau_rouge_x_air_jordan_1_mid_se__fearle_6_23886.jpeg;https:\/\/images.novelship.com\/product\/maison_ch_teau_rouge_x_air_jordan_1_mid_se__fearle_7_23887.jpeg\"},{\"@type\":\"BreadcrumbList\",\"@id\":\"https:\/\/tourcruiser.com\/fr\/products\/maison-chteau-rouge-x-air-jordan-1-mid-se-fearless-cu2803-200\/#breadcrumb\",\"itemListElement\":[{\"@type\":\"ListItem\",\"position\":1,\"name\":\"Home\",\"item\":\"https:\/\/tourcruiser.com\/fr\/\"},{\"@type\":\"ListItem\",\"position\":2,\"name\":\"Shop\",\"item\":\"https:\/\/tourcruiser.com\/fr\/shop\/\"},{\"@type\":\"ListItem\",\"position\":3,\"name\":\"Maison Ch\u00c3\u00a2teau Rouge x Air Jordan 1 Mid SE &#8216;Fearless&#8217; CU2803-200\"}]},{\"@type\":\"WebSite\",\"@id\":\"\/#website\",\"url\":\"\/\",\"name\":\"Styloral Jewelry Shop\",\"description\":\"Tourcruiser Sneaker Store \u2014 L\u2019endroit o\u00f9 l\u2019univers rencontre votre singularit\u00e9.\",\"publisher\":{\"@id\":\"\/#organization\"},\"potentialAction\":[{\"@type\":\"SearchAction\",\"target\":{\"@type\":\"EntryPoint\",\"urlTemplate\":\"\/?s={search_term_string}\"},\"query-input\":{\"@type\":\"PropertyValueSpecification\",\"valueRequired\":true,\"valueName\":\"search_term_string\"}}],\"inLanguage\":\"fr-FR\"},{\"@type\":\"Organization\",\"@id\":\"\/#organization\",\"name\":\"STYLORAL PTE. LTD\",\"url\":\"\/\",\"logo\":{\"@type\":\"ImageObject\",\"inLanguage\":\"fr-FR\",\"@id\":\"\/#\/schema\/logo\/image\/\",\"url\":\"https:\/\/www.tourcruiser.com\/wp-content\/uploads\/2025\/12\/logo.png\",\"contentUrl\":\"https:\/\/www.tourcruiser.com\/wp-content\/uploads\/2025\/12\/logo.png\",\"width\":200,\"height\":65,\"caption\":\"STYLORAL PTE. LTD\"},\"image\":{\"@id\":\"\/#\/schema\/logo\/image\/\"}}]}<\/script>\n<!-- \/ Yoast SEO plugin. -->","yoast_head_json":{"title":"Maison Ch\u00c3\u00a2teau Rouge x Air Jordan 1 Mid SE 'Fearless' CU2803-200 - TOURCRUISER PTE. LTD","robots":{"index":"index","follow":"follow","max-snippet":"max-snippet:-1","max-image-preview":"max-image-preview:large","max-video-preview":"max-video-preview:-1"},"canonical":"https:\/\/tourcruiser.com\/fr\/products\/maison-chteau-rouge-x-air-jordan-1-mid-se-fearless-cu2803-200\/","og_locale":"fr_FR","og_type":"article","og_title":"Maison Ch\u00c3\u00a2teau Rouge x Air Jordan 1 Mid SE 'Fearless' CU2803-200 - TOURCRUISER PTE. LTD","og_description":"D\u00e9couvrez la Maison Ch\u00e2teau Rouge x Air Jordan 1 Mid SE Fearless, fruit de la collaboration entre Jordan et Maison Ch\u00e2teau Rouge. Avec son design multicolore saisissant et vibrant, cette sneaker incarne un style audacieux. Affirmez votre confiance en vous avec ces chaussures qui ne passent pas inaper\u00e7ues. Coloris\u00a0: Vanille p\u00e2le\/Cannelle Code article\u00a0: CU2803-200 Tige\u00a0: [&hellip;]","og_url":"https:\/\/tourcruiser.com\/fr\/products\/maison-chteau-rouge-x-air-jordan-1-mid-se-fearless-cu2803-200\/","og_site_name":"Tourcruiser Sneaker Store","article_modified_time":"2026-04-17T15:56:17+00:00","twitter_card":"summary_large_image","twitter_image":"https:\/\/images.novelship.com\/product\/maison_ch_teau_rouge_x_air_jordan_1_mid_se__fearle_0_23886.jpeg;https:\/\/images.novelship.com\/product\/maison_ch_teau_rouge_x_air_jordan_1_mid_se__fearle_1_23886.jpeg;https:\/\/images.novelship.com\/product\/maison_ch_teau_rouge_x_air_jordan_1_mid_se__fearle_2_23886.jpeg;https:\/\/images.novelship.com\/product\/maison_ch_teau_rouge_x_air_jordan_1_mid_se__fearle_3_23886.jpeg;https:\/\/images.novelship.com\/product\/maison_ch_teau_rouge_x_air_jordan_1_mid_se__fearle_4_23886.jpeg;https:\/\/images.novelship.com\/product\/maison_ch_teau_rouge_x_air_jordan_1_mid_se__fearle_5_23886.jpeg;https:\/\/images.novelship.com\/product\/maison_ch_teau_rouge_x_air_jordan_1_mid_se__fearle_6_23886.jpeg;https:\/\/images.novelship.com\/product\/maison_ch_teau_rouge_x_air_jordan_1_mid_se__fearle_7_23887.jpeg","schema":{"@context":"https:\/\/schema.org","@graph":[{"@type":"WebPage","@id":"https:\/\/tourcruiser.com\/fr\/products\/maison-chteau-rouge-x-air-jordan-1-mid-se-fearless-cu2803-200\/","url":"https:\/\/tourcruiser.com\/fr\/products\/maison-chteau-rouge-x-air-jordan-1-mid-se-fearless-cu2803-200\/","name":"Maison Ch\u00c3\u00a2teau Rouge x Air Jordan 1 Mid SE 'Fearless' CU2803-200 - TOURCRUISER PTE. LTD","isPartOf":{"@id":"\/#website"},"primaryImageOfPage":{"@id":"https:\/\/tourcruiser.com\/fr\/products\/maison-chteau-rouge-x-air-jordan-1-mid-se-fearless-cu2803-200\/#primaryimage"},"image":{"@id":"https:\/\/tourcruiser.com\/fr\/products\/maison-chteau-rouge-x-air-jordan-1-mid-se-fearless-cu2803-200\/#primaryimage"},"thumbnailUrl":"https:\/\/images.novelship.com\/product\/maison_ch_teau_rouge_x_air_jordan_1_mid_se__fearle_0_23886.jpeg;https:\/\/images.novelship.com\/product\/maison_ch_teau_rouge_x_air_jordan_1_mid_se__fearle_1_23886.jpeg;https:\/\/images.novelship.com\/product\/maison_ch_teau_rouge_x_air_jordan_1_mid_se__fearle_2_23886.jpeg;https:\/\/images.novelship.com\/product\/maison_ch_teau_rouge_x_air_jordan_1_mid_se__fearle_3_23886.jpeg;https:\/\/images.novelship.com\/product\/maison_ch_teau_rouge_x_air_jordan_1_mid_se__fearle_4_23886.jpeg;https:\/\/images.novelship.com\/product\/maison_ch_teau_rouge_x_air_jordan_1_mid_se__fearle_5_23886.jpeg;https:\/\/images.novelship.com\/product\/maison_ch_teau_rouge_x_air_jordan_1_mid_se__fearle_6_23886.jpeg;https:\/\/images.novelship.com\/product\/maison_ch_teau_rouge_x_air_jordan_1_mid_se__fearle_7_23887.jpeg","datePublished":"2026-04-16T10:11:06+00:00","dateModified":"2026-04-17T15:56:17+00:00","breadcrumb":{"@id":"https:\/\/tourcruiser.com\/fr\/products\/maison-chteau-rouge-x-air-jordan-1-mid-se-fearless-cu2803-200\/#breadcrumb"},"inLanguage":"fr-FR","potentialAction":[{"@type":"ReadAction","target":["https:\/\/tourcruiser.com\/fr\/products\/maison-chteau-rouge-x-air-jordan-1-mid-se-fearless-cu2803-200\/"]}]},{"@type":"ImageObject","inLanguage":"fr-FR","@id":"https:\/\/tourcruiser.com\/fr\/products\/maison-chteau-rouge-x-air-jordan-1-mid-se-fearless-cu2803-200\/#primaryimage","url":"https:\/\/images.novelship.com\/product\/maison_ch_teau_rouge_x_air_jordan_1_mid_se__fearle_0_23886.jpeg;https:\/\/images.novelship.com\/product\/maison_ch_teau_rouge_x_air_jordan_1_mid_se__fearle_1_23886.jpeg;https:\/\/images.novelship.com\/product\/maison_ch_teau_rouge_x_air_jordan_1_mid_se__fearle_2_23886.jpeg;https:\/\/images.novelship.com\/product\/maison_ch_teau_rouge_x_air_jordan_1_mid_se__fearle_3_23886.jpeg;https:\/\/images.novelship.com\/product\/maison_ch_teau_rouge_x_air_jordan_1_mid_se__fearle_4_23886.jpeg;https:\/\/images.novelship.com\/product\/maison_ch_teau_rouge_x_air_jordan_1_mid_se__fearle_5_23886.jpeg;https:\/\/images.novelship.com\/product\/maison_ch_teau_rouge_x_air_jordan_1_mid_se__fearle_6_23886.jpeg;https:\/\/images.novelship.com\/product\/maison_ch_teau_rouge_x_air_jordan_1_mid_se__fearle_7_23887.jpeg","contentUrl":"https:\/\/images.novelship.com\/product\/maison_ch_teau_rouge_x_air_jordan_1_mid_se__fearle_0_23886.jpeg;https:\/\/images.novelship.com\/product\/maison_ch_teau_rouge_x_air_jordan_1_mid_se__fearle_1_23886.jpeg;https:\/\/images.novelship.com\/product\/maison_ch_teau_rouge_x_air_jordan_1_mid_se__fearle_2_23886.jpeg;https:\/\/images.novelship.com\/product\/maison_ch_teau_rouge_x_air_jordan_1_mid_se__fearle_3_23886.jpeg;https:\/\/images.novelship.com\/product\/maison_ch_teau_rouge_x_air_jordan_1_mid_se__fearle_4_23886.jpeg;https:\/\/images.novelship.com\/product\/maison_ch_teau_rouge_x_air_jordan_1_mid_se__fearle_5_23886.jpeg;https:\/\/images.novelship.com\/product\/maison_ch_teau_rouge_x_air_jordan_1_mid_se__fearle_6_23886.jpeg;https:\/\/images.novelship.com\/product\/maison_ch_teau_rouge_x_air_jordan_1_mid_se__fearle_7_23887.jpeg"},{"@type":"BreadcrumbList","@id":"https:\/\/tourcruiser.com\/fr\/products\/maison-chteau-rouge-x-air-jordan-1-mid-se-fearless-cu2803-200\/#breadcrumb","itemListElement":[{"@type":"ListItem","position":1,"name":"Home","item":"https:\/\/tourcruiser.com\/fr\/"},{"@type":"ListItem","position":2,"name":"Shop","item":"https:\/\/tourcruiser.com\/fr\/shop\/"},{"@type":"ListItem","position":3,"name":"Maison Ch\u00c3\u00a2teau Rouge x Air Jordan 1 Mid SE &#8216;Fearless&#8217; CU2803-200"}]},{"@type":"WebSite","@id":"\/#website","url":"\/","name":"Styloral Jewelry Shop","description":"Tourcruiser Sneaker Store \u2014 L\u2019endroit o\u00f9 l\u2019univers rencontre votre singularit\u00e9.","publisher":{"@id":"\/#organization"},"potentialAction":[{"@type":"SearchAction","target":{"@type":"EntryPoint","urlTemplate":"\/?s={search_term_string}"},"query-input":{"@type":"PropertyValueSpecification","valueRequired":true,"valueName":"search_term_string"}}],"inLanguage":"fr-FR"},{"@type":"Organization","@id":"\/#organization","name":"STYLORAL PTE. LTD","url":"\/","logo":{"@type":"ImageObject","inLanguage":"fr-FR","@id":"\/#\/schema\/logo\/image\/","url":"https:\/\/www.tourcruiser.com\/wp-content\/uploads\/2025\/12\/logo.png","contentUrl":"https:\/\/www.tourcruiser.com\/wp-content\/uploads\/2025\/12\/logo.png","width":200,"height":65,"caption":"STYLORAL PTE. LTD"},"image":{"@id":"\/#\/schema\/logo\/image\/"}}]}},"_links":{"self":[{"href":"https:\/\/tourcruiser.com\/fr\/wp-json\/wp\/v2\/product\/764700","targetHints":{"allow":["GET"]}}],"collection":[{"href":"https:\/\/tourcruiser.com\/fr\/wp-json\/wp\/v2\/product"}],"about":[{"href":"https:\/\/tourcruiser.com\/fr\/wp-json\/wp\/v2\/types\/product"}],"replies":[{"embeddable":true,"href":"https:\/\/tourcruiser.com\/fr\/wp-json\/wp\/v2\/comments?post=764700"}],"wp:featuredmedia":[{"embeddable":true,"href":"https:\/\/tourcruiser.com\/fr\/wp-json\/wp\/v2\/media\/764701"}],"wp:attachment":[{"href":"https:\/\/tourcruiser.com\/fr\/wp-json\/wp\/v2\/media?parent=764700"}],"wp:term":[{"taxonomy":"product_brand","embeddable":true,"href":"https:\/\/tourcruiser.com\/fr\/wp-json\/wp\/v2\/product_brand?post=764700"},{"taxonomy":"product_cat","embeddable":true,"href":"https:\/\/tourcruiser.com\/fr\/wp-json\/wp\/v2\/product_cat?post=764700"},{"taxonomy":"product_tag","embeddable":true,"href":"https:\/\/tourcruiser.com\/fr\/wp-json\/wp\/v2\/product_tag?post=764700"}],"curies":[{"name":"wp","href":"https:\/\/api.w.org\/{rel}","templated":true}]}}