{"id":764601,"date":"2026-04-16T17:11:04","date_gmt":"2026-04-16T10:11:04","guid":{"rendered":"http:\/\/tourcruiser.com\/product\/grade-school-air-jordan-1-mid-medium-soft-pink-fd8780-116"},"modified":"2026-04-17T22:56:11","modified_gmt":"2026-04-17T15:56:11","slug":"grade-school-air-jordan-1-mid-medium-soft-pink-fd8780-116","status":"publish","type":"product","link":"https:\/\/tourcruiser.com\/fr\/products\/grade-school-air-jordan-1-mid-medium-soft-pink-fd8780-116\/","title":{"rendered":"(Grade School) Air Jordan 1 Mid &lsquo;Medium Soft Pink&rsquo; FD8780-116"},"content":{"rendered":"<p>Les sneakers Air Jordan 1 Mid Medium Soft Pink (GS) de Jordan sont le compl\u00e9ment id\u00e9al de toute collection de sneakers. Ces sneakers styl\u00e9es arborent une douce teinte rose qui apporte une touche de couleur \u00e0 toutes vos tenues. Gr\u00e2ce \u00e0 leur confort et au logo embl\u00e9matique de Jordan, elles allient style et fonctionnalit\u00e9. Que vous soyez sur un terrain de basket ou en pleine s\u00e9ance shopping, ces Air Jordan 1 Mid vous garantissent un look styl\u00e9 toute la journ\u00e9e.<\/p>\n<p>Coloris : Blanc\/Rose moyen\/Rose<\/p>\n<p>Code article : FD8780-116<\/p>\n<p>Tige : Cuir<\/p>\n<p>Semelle interm\u00e9diaire : Air<\/p>\n<p>Couleur : Rose<\/p>\n<p>Cr\u00e9ateur : Peter Moore<\/p>\n<p>Saison : Printemps<\/p>\n<p>Ann\u00e9e de sortie : 2023<\/p>\n<p>\u00c2ge : Adulte<\/p>\n<p>Couleur : Rose<\/p>\n<p>Genre : Enfant<\/p>\n","protected":false},"excerpt":{"rendered":"<p>Les sneakers Air Jordan 1 Mid Medium Soft Pink (GS) de Jordan sont le compl\u00e9ment id\u00e9al de toute collection de sneakers. Ces sneakers styl\u00e9es arborent une douce teinte rose qui apporte une touche de couleur \u00e0 toutes vos tenues. Gr\u00e2ce \u00e0 leur confort et au logo embl\u00e9matique de Jordan, elles allient style et fonctionnalit\u00e9. Que [&hellip;]<\/p>\n","protected":false},"featured_media":764602,"comment_status":"open","ping_status":"closed","template":"","meta":[],"product_brand":[],"product_cat":[38880],"product_tag":[10750,38988,10776,11349,38875,10756,39039],"class_list":{"0":"post-764601","1":"product","2":"type-product","3":"status-publish","4":"has-post-thumbnail","6":"product_cat-jordan","7":"product_tag-athleisure-shoes","8":"product_tag-casual-shoes-for-kids","9":"product_tag-jordan","10":"product_tag-jordan-basketball-shoes","11":"product_tag-jordan-skateboard-shoes","12":"product_tag-retro-casual-shoes","13":"product_tag-sneakers-for-kids","15":"first","16":"instock","17":"taxable","18":"shipping-taxable","19":"purchasable","20":"product-type-simple"},"wcpa_form_fields":null,"yoast_head":"<!-- This site is optimized with the Yoast SEO plugin v26.5 - https:\/\/yoast.com\/wordpress\/plugins\/seo\/ -->\n<title>(Grade School) Air Jordan 1 Mid &#039;Medium Soft Pink&#039; FD8780-116 - TOURCRUISER PTE. LTD<\/title>\n<meta name=\"robots\" content=\"index, follow, max-snippet:-1, max-image-preview:large, max-video-preview:-1\" \/>\n<link rel=\"canonical\" href=\"https:\/\/tourcruiser.com\/fr\/products\/grade-school-air-jordan-1-mid-medium-soft-pink-fd8780-116\/\" \/>\n<meta property=\"og:locale\" content=\"fr_FR\" \/>\n<meta property=\"og:type\" content=\"article\" \/>\n<meta property=\"og:title\" content=\"(Grade School) Air Jordan 1 Mid &#039;Medium Soft Pink&#039; FD8780-116 - TOURCRUISER PTE. LTD\" \/>\n<meta property=\"og:description\" content=\"Les sneakers Air Jordan 1 Mid Medium Soft Pink (GS) de Jordan sont le compl\u00e9ment id\u00e9al de toute collection de sneakers. Ces sneakers styl\u00e9es arborent une douce teinte rose qui apporte une touche de couleur \u00e0 toutes vos tenues. Gr\u00e2ce \u00e0 leur confort et au logo embl\u00e9matique de Jordan, elles allient style et fonctionnalit\u00e9. Que [&hellip;]\" \/>\n<meta property=\"og:url\" content=\"https:\/\/tourcruiser.com\/fr\/products\/grade-school-air-jordan-1-mid-medium-soft-pink-fd8780-116\/\" \/>\n<meta property=\"og:site_name\" content=\"Tourcruiser Sneaker Store\" \/>\n<meta property=\"article:modified_time\" content=\"2026-04-17T15:56:11+00:00\" \/>\n<meta name=\"twitter:card\" content=\"summary_large_image\" \/>\n<meta name=\"twitter:image\" content=\"https:\/\/images.novelship.com\/product\/_grade_school__air_jordan_1_mid__medium_soft_pink__0_59023.jpeg;https:\/\/images.novelship.com\/product\/_grade_school__air_jordan_1_mid__medium_soft_pink__1_59023.jpeg;https:\/\/images.novelship.com\/product\/_grade_school__air_jordan_1_mid__medium_soft_pink__2_59023.jpeg;https:\/\/images.novelship.com\/product\/_grade_school__air_jordan_1_mid__medium_soft_pink__3_59023.jpeg;https:\/\/images.novelship.com\/product\/_grade_school__air_jordan_1_mid__medium_soft_pink__4_59023.jpeg;https:\/\/images.novelship.com\/product\/_grade_school__air_jordan_1_mid__medium_soft_pink__5_59023.jpeg;https:\/\/images.novelship.com\/product\/_grade_school__air_jordan_1_mid__medium_soft_pink__6_59023.jpeg;https:\/\/images.novelship.com\/product\/_grade_school__air_jordan_1_mid__medium_soft_pink__7_59023.jpeg\" \/>\n<meta name=\"twitter:label1\" content=\"Dur\u00e9e de lecture estim\u00e9e\" \/>\n\t<meta name=\"twitter:data1\" content=\"1 minute\" \/>\n<script type=\"application\/ld+json\" class=\"yoast-schema-graph\">{\"@context\":\"https:\/\/schema.org\",\"@graph\":[{\"@type\":\"WebPage\",\"@id\":\"https:\/\/tourcruiser.com\/fr\/products\/grade-school-air-jordan-1-mid-medium-soft-pink-fd8780-116\/\",\"url\":\"https:\/\/tourcruiser.com\/fr\/products\/grade-school-air-jordan-1-mid-medium-soft-pink-fd8780-116\/\",\"name\":\"(Grade School) Air Jordan 1 Mid 'Medium Soft Pink' FD8780-116 - TOURCRUISER PTE. LTD\",\"isPartOf\":{\"@id\":\"\/#website\"},\"primaryImageOfPage\":{\"@id\":\"https:\/\/tourcruiser.com\/fr\/products\/grade-school-air-jordan-1-mid-medium-soft-pink-fd8780-116\/#primaryimage\"},\"image\":{\"@id\":\"https:\/\/tourcruiser.com\/fr\/products\/grade-school-air-jordan-1-mid-medium-soft-pink-fd8780-116\/#primaryimage\"},\"thumbnailUrl\":\"https:\/\/images.novelship.com\/product\/_grade_school__air_jordan_1_mid__medium_soft_pink__0_59023.jpeg;https:\/\/images.novelship.com\/product\/_grade_school__air_jordan_1_mid__medium_soft_pink__1_59023.jpeg;https:\/\/images.novelship.com\/product\/_grade_school__air_jordan_1_mid__medium_soft_pink__2_59023.jpeg;https:\/\/images.novelship.com\/product\/_grade_school__air_jordan_1_mid__medium_soft_pink__3_59023.jpeg;https:\/\/images.novelship.com\/product\/_grade_school__air_jordan_1_mid__medium_soft_pink__4_59023.jpeg;https:\/\/images.novelship.com\/product\/_grade_school__air_jordan_1_mid__medium_soft_pink__5_59023.jpeg;https:\/\/images.novelship.com\/product\/_grade_school__air_jordan_1_mid__medium_soft_pink__6_59023.jpeg;https:\/\/images.novelship.com\/product\/_grade_school__air_jordan_1_mid__medium_soft_pink__7_59023.jpeg\",\"datePublished\":\"2026-04-16T10:11:04+00:00\",\"dateModified\":\"2026-04-17T15:56:11+00:00\",\"breadcrumb\":{\"@id\":\"https:\/\/tourcruiser.com\/fr\/products\/grade-school-air-jordan-1-mid-medium-soft-pink-fd8780-116\/#breadcrumb\"},\"inLanguage\":\"fr-FR\",\"potentialAction\":[{\"@type\":\"ReadAction\",\"target\":[\"https:\/\/tourcruiser.com\/fr\/products\/grade-school-air-jordan-1-mid-medium-soft-pink-fd8780-116\/\"]}]},{\"@type\":\"ImageObject\",\"inLanguage\":\"fr-FR\",\"@id\":\"https:\/\/tourcruiser.com\/fr\/products\/grade-school-air-jordan-1-mid-medium-soft-pink-fd8780-116\/#primaryimage\",\"url\":\"https:\/\/images.novelship.com\/product\/_grade_school__air_jordan_1_mid__medium_soft_pink__0_59023.jpeg;https:\/\/images.novelship.com\/product\/_grade_school__air_jordan_1_mid__medium_soft_pink__1_59023.jpeg;https:\/\/images.novelship.com\/product\/_grade_school__air_jordan_1_mid__medium_soft_pink__2_59023.jpeg;https:\/\/images.novelship.com\/product\/_grade_school__air_jordan_1_mid__medium_soft_pink__3_59023.jpeg;https:\/\/images.novelship.com\/product\/_grade_school__air_jordan_1_mid__medium_soft_pink__4_59023.jpeg;https:\/\/images.novelship.com\/product\/_grade_school__air_jordan_1_mid__medium_soft_pink__5_59023.jpeg;https:\/\/images.novelship.com\/product\/_grade_school__air_jordan_1_mid__medium_soft_pink__6_59023.jpeg;https:\/\/images.novelship.com\/product\/_grade_school__air_jordan_1_mid__medium_soft_pink__7_59023.jpeg\",\"contentUrl\":\"https:\/\/images.novelship.com\/product\/_grade_school__air_jordan_1_mid__medium_soft_pink__0_59023.jpeg;https:\/\/images.novelship.com\/product\/_grade_school__air_jordan_1_mid__medium_soft_pink__1_59023.jpeg;https:\/\/images.novelship.com\/product\/_grade_school__air_jordan_1_mid__medium_soft_pink__2_59023.jpeg;https:\/\/images.novelship.com\/product\/_grade_school__air_jordan_1_mid__medium_soft_pink__3_59023.jpeg;https:\/\/images.novelship.com\/product\/_grade_school__air_jordan_1_mid__medium_soft_pink__4_59023.jpeg;https:\/\/images.novelship.com\/product\/_grade_school__air_jordan_1_mid__medium_soft_pink__5_59023.jpeg;https:\/\/images.novelship.com\/product\/_grade_school__air_jordan_1_mid__medium_soft_pink__6_59023.jpeg;https:\/\/images.novelship.com\/product\/_grade_school__air_jordan_1_mid__medium_soft_pink__7_59023.jpeg\"},{\"@type\":\"BreadcrumbList\",\"@id\":\"https:\/\/tourcruiser.com\/fr\/products\/grade-school-air-jordan-1-mid-medium-soft-pink-fd8780-116\/#breadcrumb\",\"itemListElement\":[{\"@type\":\"ListItem\",\"position\":1,\"name\":\"Home\",\"item\":\"https:\/\/tourcruiser.com\/fr\/\"},{\"@type\":\"ListItem\",\"position\":2,\"name\":\"Shop\",\"item\":\"https:\/\/tourcruiser.com\/fr\/shop\/\"},{\"@type\":\"ListItem\",\"position\":3,\"name\":\"(Grade School) Air Jordan 1 Mid &#8216;Medium Soft Pink&#8217; FD8780-116\"}]},{\"@type\":\"WebSite\",\"@id\":\"\/#website\",\"url\":\"\/\",\"name\":\"Styloral Jewelry Shop\",\"description\":\"Tourcruiser Sneaker Store \u2014 L\u2019endroit o\u00f9 l\u2019univers rencontre votre singularit\u00e9.\",\"publisher\":{\"@id\":\"\/#organization\"},\"potentialAction\":[{\"@type\":\"SearchAction\",\"target\":{\"@type\":\"EntryPoint\",\"urlTemplate\":\"\/?s={search_term_string}\"},\"query-input\":{\"@type\":\"PropertyValueSpecification\",\"valueRequired\":true,\"valueName\":\"search_term_string\"}}],\"inLanguage\":\"fr-FR\"},{\"@type\":\"Organization\",\"@id\":\"\/#organization\",\"name\":\"STYLORAL PTE. LTD\",\"url\":\"\/\",\"logo\":{\"@type\":\"ImageObject\",\"inLanguage\":\"fr-FR\",\"@id\":\"\/#\/schema\/logo\/image\/\",\"url\":\"https:\/\/www.tourcruiser.com\/wp-content\/uploads\/2025\/12\/logo.png\",\"contentUrl\":\"https:\/\/www.tourcruiser.com\/wp-content\/uploads\/2025\/12\/logo.png\",\"width\":200,\"height\":65,\"caption\":\"STYLORAL PTE. LTD\"},\"image\":{\"@id\":\"\/#\/schema\/logo\/image\/\"}}]}<\/script>\n<!-- \/ Yoast SEO plugin. -->","yoast_head_json":{"title":"(Grade School) Air Jordan 1 Mid 'Medium Soft Pink' FD8780-116 - TOURCRUISER PTE. LTD","robots":{"index":"index","follow":"follow","max-snippet":"max-snippet:-1","max-image-preview":"max-image-preview:large","max-video-preview":"max-video-preview:-1"},"canonical":"https:\/\/tourcruiser.com\/fr\/products\/grade-school-air-jordan-1-mid-medium-soft-pink-fd8780-116\/","og_locale":"fr_FR","og_type":"article","og_title":"(Grade School) Air Jordan 1 Mid 'Medium Soft Pink' FD8780-116 - TOURCRUISER PTE. LTD","og_description":"Les sneakers Air Jordan 1 Mid Medium Soft Pink (GS) de Jordan sont le compl\u00e9ment id\u00e9al de toute collection de sneakers. Ces sneakers styl\u00e9es arborent une douce teinte rose qui apporte une touche de couleur \u00e0 toutes vos tenues. Gr\u00e2ce \u00e0 leur confort et au logo embl\u00e9matique de Jordan, elles allient style et fonctionnalit\u00e9. Que [&hellip;]","og_url":"https:\/\/tourcruiser.com\/fr\/products\/grade-school-air-jordan-1-mid-medium-soft-pink-fd8780-116\/","og_site_name":"Tourcruiser Sneaker Store","article_modified_time":"2026-04-17T15:56:11+00:00","twitter_card":"summary_large_image","twitter_image":"https:\/\/images.novelship.com\/product\/_grade_school__air_jordan_1_mid__medium_soft_pink__0_59023.jpeg;https:\/\/images.novelship.com\/product\/_grade_school__air_jordan_1_mid__medium_soft_pink__1_59023.jpeg;https:\/\/images.novelship.com\/product\/_grade_school__air_jordan_1_mid__medium_soft_pink__2_59023.jpeg;https:\/\/images.novelship.com\/product\/_grade_school__air_jordan_1_mid__medium_soft_pink__3_59023.jpeg;https:\/\/images.novelship.com\/product\/_grade_school__air_jordan_1_mid__medium_soft_pink__4_59023.jpeg;https:\/\/images.novelship.com\/product\/_grade_school__air_jordan_1_mid__medium_soft_pink__5_59023.jpeg;https:\/\/images.novelship.com\/product\/_grade_school__air_jordan_1_mid__medium_soft_pink__6_59023.jpeg;https:\/\/images.novelship.com\/product\/_grade_school__air_jordan_1_mid__medium_soft_pink__7_59023.jpeg","twitter_misc":{"Dur\u00e9e de lecture estim\u00e9e":"1 minute"},"schema":{"@context":"https:\/\/schema.org","@graph":[{"@type":"WebPage","@id":"https:\/\/tourcruiser.com\/fr\/products\/grade-school-air-jordan-1-mid-medium-soft-pink-fd8780-116\/","url":"https:\/\/tourcruiser.com\/fr\/products\/grade-school-air-jordan-1-mid-medium-soft-pink-fd8780-116\/","name":"(Grade School) Air Jordan 1 Mid 'Medium Soft Pink' FD8780-116 - TOURCRUISER PTE. LTD","isPartOf":{"@id":"\/#website"},"primaryImageOfPage":{"@id":"https:\/\/tourcruiser.com\/fr\/products\/grade-school-air-jordan-1-mid-medium-soft-pink-fd8780-116\/#primaryimage"},"image":{"@id":"https:\/\/tourcruiser.com\/fr\/products\/grade-school-air-jordan-1-mid-medium-soft-pink-fd8780-116\/#primaryimage"},"thumbnailUrl":"https:\/\/images.novelship.com\/product\/_grade_school__air_jordan_1_mid__medium_soft_pink__0_59023.jpeg;https:\/\/images.novelship.com\/product\/_grade_school__air_jordan_1_mid__medium_soft_pink__1_59023.jpeg;https:\/\/images.novelship.com\/product\/_grade_school__air_jordan_1_mid__medium_soft_pink__2_59023.jpeg;https:\/\/images.novelship.com\/product\/_grade_school__air_jordan_1_mid__medium_soft_pink__3_59023.jpeg;https:\/\/images.novelship.com\/product\/_grade_school__air_jordan_1_mid__medium_soft_pink__4_59023.jpeg;https:\/\/images.novelship.com\/product\/_grade_school__air_jordan_1_mid__medium_soft_pink__5_59023.jpeg;https:\/\/images.novelship.com\/product\/_grade_school__air_jordan_1_mid__medium_soft_pink__6_59023.jpeg;https:\/\/images.novelship.com\/product\/_grade_school__air_jordan_1_mid__medium_soft_pink__7_59023.jpeg","datePublished":"2026-04-16T10:11:04+00:00","dateModified":"2026-04-17T15:56:11+00:00","breadcrumb":{"@id":"https:\/\/tourcruiser.com\/fr\/products\/grade-school-air-jordan-1-mid-medium-soft-pink-fd8780-116\/#breadcrumb"},"inLanguage":"fr-FR","potentialAction":[{"@type":"ReadAction","target":["https:\/\/tourcruiser.com\/fr\/products\/grade-school-air-jordan-1-mid-medium-soft-pink-fd8780-116\/"]}]},{"@type":"ImageObject","inLanguage":"fr-FR","@id":"https:\/\/tourcruiser.com\/fr\/products\/grade-school-air-jordan-1-mid-medium-soft-pink-fd8780-116\/#primaryimage","url":"https:\/\/images.novelship.com\/product\/_grade_school__air_jordan_1_mid__medium_soft_pink__0_59023.jpeg;https:\/\/images.novelship.com\/product\/_grade_school__air_jordan_1_mid__medium_soft_pink__1_59023.jpeg;https:\/\/images.novelship.com\/product\/_grade_school__air_jordan_1_mid__medium_soft_pink__2_59023.jpeg;https:\/\/images.novelship.com\/product\/_grade_school__air_jordan_1_mid__medium_soft_pink__3_59023.jpeg;https:\/\/images.novelship.com\/product\/_grade_school__air_jordan_1_mid__medium_soft_pink__4_59023.jpeg;https:\/\/images.novelship.com\/product\/_grade_school__air_jordan_1_mid__medium_soft_pink__5_59023.jpeg;https:\/\/images.novelship.com\/product\/_grade_school__air_jordan_1_mid__medium_soft_pink__6_59023.jpeg;https:\/\/images.novelship.com\/product\/_grade_school__air_jordan_1_mid__medium_soft_pink__7_59023.jpeg","contentUrl":"https:\/\/images.novelship.com\/product\/_grade_school__air_jordan_1_mid__medium_soft_pink__0_59023.jpeg;https:\/\/images.novelship.com\/product\/_grade_school__air_jordan_1_mid__medium_soft_pink__1_59023.jpeg;https:\/\/images.novelship.com\/product\/_grade_school__air_jordan_1_mid__medium_soft_pink__2_59023.jpeg;https:\/\/images.novelship.com\/product\/_grade_school__air_jordan_1_mid__medium_soft_pink__3_59023.jpeg;https:\/\/images.novelship.com\/product\/_grade_school__air_jordan_1_mid__medium_soft_pink__4_59023.jpeg;https:\/\/images.novelship.com\/product\/_grade_school__air_jordan_1_mid__medium_soft_pink__5_59023.jpeg;https:\/\/images.novelship.com\/product\/_grade_school__air_jordan_1_mid__medium_soft_pink__6_59023.jpeg;https:\/\/images.novelship.com\/product\/_grade_school__air_jordan_1_mid__medium_soft_pink__7_59023.jpeg"},{"@type":"BreadcrumbList","@id":"https:\/\/tourcruiser.com\/fr\/products\/grade-school-air-jordan-1-mid-medium-soft-pink-fd8780-116\/#breadcrumb","itemListElement":[{"@type":"ListItem","position":1,"name":"Home","item":"https:\/\/tourcruiser.com\/fr\/"},{"@type":"ListItem","position":2,"name":"Shop","item":"https:\/\/tourcruiser.com\/fr\/shop\/"},{"@type":"ListItem","position":3,"name":"(Grade School) Air Jordan 1 Mid &#8216;Medium Soft Pink&#8217; FD8780-116"}]},{"@type":"WebSite","@id":"\/#website","url":"\/","name":"Styloral Jewelry Shop","description":"Tourcruiser Sneaker Store \u2014 L\u2019endroit o\u00f9 l\u2019univers rencontre votre singularit\u00e9.","publisher":{"@id":"\/#organization"},"potentialAction":[{"@type":"SearchAction","target":{"@type":"EntryPoint","urlTemplate":"\/?s={search_term_string}"},"query-input":{"@type":"PropertyValueSpecification","valueRequired":true,"valueName":"search_term_string"}}],"inLanguage":"fr-FR"},{"@type":"Organization","@id":"\/#organization","name":"STYLORAL PTE. LTD","url":"\/","logo":{"@type":"ImageObject","inLanguage":"fr-FR","@id":"\/#\/schema\/logo\/image\/","url":"https:\/\/www.tourcruiser.com\/wp-content\/uploads\/2025\/12\/logo.png","contentUrl":"https:\/\/www.tourcruiser.com\/wp-content\/uploads\/2025\/12\/logo.png","width":200,"height":65,"caption":"STYLORAL PTE. LTD"},"image":{"@id":"\/#\/schema\/logo\/image\/"}}]}},"_links":{"self":[{"href":"https:\/\/tourcruiser.com\/fr\/wp-json\/wp\/v2\/product\/764601","targetHints":{"allow":["GET"]}}],"collection":[{"href":"https:\/\/tourcruiser.com\/fr\/wp-json\/wp\/v2\/product"}],"about":[{"href":"https:\/\/tourcruiser.com\/fr\/wp-json\/wp\/v2\/types\/product"}],"replies":[{"embeddable":true,"href":"https:\/\/tourcruiser.com\/fr\/wp-json\/wp\/v2\/comments?post=764601"}],"wp:featuredmedia":[{"embeddable":true,"href":"https:\/\/tourcruiser.com\/fr\/wp-json\/wp\/v2\/media\/764602"}],"wp:attachment":[{"href":"https:\/\/tourcruiser.com\/fr\/wp-json\/wp\/v2\/media?parent=764601"}],"wp:term":[{"taxonomy":"product_brand","embeddable":true,"href":"https:\/\/tourcruiser.com\/fr\/wp-json\/wp\/v2\/product_brand?post=764601"},{"taxonomy":"product_cat","embeddable":true,"href":"https:\/\/tourcruiser.com\/fr\/wp-json\/wp\/v2\/product_cat?post=764601"},{"taxonomy":"product_tag","embeddable":true,"href":"https:\/\/tourcruiser.com\/fr\/wp-json\/wp\/v2\/product_tag?post=764601"}],"curies":[{"name":"wp","href":"https:\/\/api.w.org\/{rel}","templated":true}]}}