{"id":764533,"date":"2026-04-16T17:11:01","date_gmt":"2026-04-16T10:11:01","guid":{"rendered":"http:\/\/tourcruiser.com\/product\/slam-jam-x-nike-dunk-high-white-platinum-da1639-100"},"modified":"2026-04-17T22:56:06","modified_gmt":"2026-04-17T15:56:06","slug":"slam-jam-x-nike-dunk-high-white-platinum-da1639-100","status":"publish","type":"product","link":"https:\/\/tourcruiser.com\/fr\/products\/slam-jam-x-nike-dunk-high-white-platinum-da1639-100\/","title":{"rendered":"Slam Jam x Nike Dunk High &lsquo;White Platinum&rsquo; DA1639-100"},"content":{"rendered":"<p>D\u00e9couvrez les sneakers Slam Jam x Nike Dunk High White Platinum, fruit de la collaboration entre Nike et Slam Jam. Ces sneakers \u00e9l\u00e9gantes arborent un design blanc raffin\u00e9 rehauss\u00e9 de d\u00e9tails platine, apportant une touche sophistiqu\u00e9e \u00e0 toutes vos tenues. Que ce soit au quotidien ou pour vos loisirs, ces Nike Dunk High sont un incontournable pour les passionn\u00e9s de sneakers et les personnes soucieuses de leur style.<\/p>\n<p>\u2026 \u00c2ge\u00a0: Adultes<br \/>\nCouleur\u00a0: Blanc<br \/>\nGenre\u00a0: Homme<\/p>\n","protected":false},"excerpt":{"rendered":"<p>D\u00e9couvrez les sneakers Slam Jam x Nike Dunk High White Platinum, fruit de la collaboration entre Nike et Slam Jam. Ces sneakers \u00e9l\u00e9gantes arborent un design blanc raffin\u00e9 rehauss\u00e9 de d\u00e9tails platine, apportant une touche sophistiqu\u00e9e \u00e0 toutes vos tenues. Que ce soit au quotidien ou pour vos loisirs, ces Nike Dunk High sont un [&hellip;]<\/p>\n","protected":false},"featured_media":764534,"comment_status":"open","ping_status":"closed","template":"","meta":[],"product_brand":[],"product_cat":[10803],"product_tag":[38841,38840,10777,10801,38887,10756,38902],"class_list":{"0":"post-764533","1":"product","2":"type-product","3":"status-publish","4":"has-post-thumbnail","6":"product_cat-nike","7":"product_tag-casual-shoes","8":"product_tag-gift-ideas-for-him","9":"product_tag-lifestyle-shoes-basketball-inspired","10":"product_tag-nike","11":"product_tag-nike-skateboard-shoes","12":"product_tag-retro-casual-shoes","13":"product_tag-trendy-offers","14":"wcpa_has_options","16":"first","17":"instock","18":"taxable","19":"shipping-taxable","20":"purchasable","21":"product-type-simple"},"wcpa_form_fields":{"rules":{"pric_overide_base_price":false,"pric_overide_base_price_if_gt_zero":false,"pric_overide_base_price_fully":false,"pric_cal_option_once":false,"pric_use_as_fee":false,"bind_quantity":false,"quantity_bind_formula":false},"fields":[{"type":"color-group","required":true,"elementId":"wcpa-color-group-66c4a75505e74","label":"Taille","inline":true,"priceOptions":"different_for_all","pricingType":"fixed","className":"hassizechart product-shoes-size-eu product-shoes-size","name":"color-group-66c4a75505e89","disp_type":"square","selection_type":"tick-border","disp_size":"44","show_label_inside":true,"adjust_width":true,"cart_display_type":"text","other_text":"Other","cl_rule":"show","col":6,"values":[{"label":"35.5","value":"EU 35.5","price":"","pimage":"","pimage_id":"","pthumb":"","color":""},{"label":"36","value":"EU 36","price":"","pimage":"","pimage_id":"","pthumb":"","color":"","selected":true},{"label":"36.5","value":"EU 36.5","price":"","pimage":"","pimage_id":"","pthumb":"","color":""},{"label":"37.5","value":"EU 37.5","price":"","pimage":"","pimage_id":"","pthumb":"","color":""},{"label":"38","value":"EU 38","price":"","pimage":"","pimage_id":"","pthumb":"","color":""},{"label":"38.5","value":"EU 38.5","price":"","pimage":"","pimage_id":"","pthumb":"","color":""},{"label":"39","value":"EU 39","price":"","pimage":"","pimage_id":"","pthumb":"","color":""},{"label":"40","value":"EU 40","price":"","pimage":"","pimage_id":"","pthumb":"","color":""},{"label":"40.5","value":"EU 40.5","price":"","pimage":"","pimage_id":"","pthumb":"","color":""},{"label":"41","value":"EU 41","price":"","pimage":"","pimage_id":"","pthumb":"","color":""},{"label":"42","value":"EU 42","price":"","pimage":"","pimage_id":"","pthumb":"","color":""},{"label":"42.5","value":"EU 42.5","price":"","pimage":"","pimage_id":"","pthumb":"","color":""},{"label":"43","value":"EU 43","price":"","pimage":"","pimage_id":"","pthumb":"","color":""},{"label":"44","value":"EU 44","price":"","pimage":"","pimage_id":"","pthumb":"","color":""},{"label":"44.5","value":"EU 44.5","price":"","pimage":"","pimage_id":"","pthumb":"","color":""},{"label":"45","value":"EU 45","price":"","pimage":"","pimage_id":"","pthumb":"","color":""},{"label":"45.5","value":"EU 45.5","price":"","pimage":"","pimage_id":"","pthumb":"","color":""},{"label":"46","value":"EU 46","price":"","pimage":"","pimage_id":"","pthumb":"","color":""},{"label":"47","value":"EU 47","price":"","pimage":"","pimage_id":"","pthumb":"","color":""},{"label":"47.5","value":"EU 47.5","price":"","pimage":"","pimage_id":"","pthumb":"","color":""},{"label":"48","value":"EU 48","price":"","pimage":"","pimage_id":"","pthumb":"","color":""}],"relations":[{"operator":false,"rules":[]}],"form_id":18106,"form_rules":{"pric_cal_option_once":false,"exclude_from_discount":false,"pric_use_as_fee":false,"fee_label":"Fee","render_after_acb":false,"disp_hide_options_price":false}}]},"yoast_head":"<!-- This site is optimized with the Yoast SEO plugin v26.5 - https:\/\/yoast.com\/wordpress\/plugins\/seo\/ -->\n<title>Slam Jam x Nike Dunk High &#039;White Platinum&#039; DA1639-100 - TOURCRUISER PTE. LTD<\/title>\n<meta name=\"robots\" content=\"index, follow, max-snippet:-1, max-image-preview:large, max-video-preview:-1\" \/>\n<link rel=\"canonical\" href=\"https:\/\/tourcruiser.com\/fr\/products\/slam-jam-x-nike-dunk-high-white-platinum-da1639-100\/\" \/>\n<meta property=\"og:locale\" content=\"fr_FR\" \/>\n<meta property=\"og:type\" content=\"article\" \/>\n<meta property=\"og:title\" content=\"Slam Jam x Nike Dunk High &#039;White Platinum&#039; DA1639-100 - TOURCRUISER PTE. LTD\" \/>\n<meta property=\"og:description\" content=\"D\u00e9couvrez les sneakers Slam Jam x Nike Dunk High White Platinum, fruit de la collaboration entre Nike et Slam Jam. Ces sneakers \u00e9l\u00e9gantes arborent un design blanc raffin\u00e9 rehauss\u00e9 de d\u00e9tails platine, apportant une touche sophistiqu\u00e9e \u00e0 toutes vos tenues. Que ce soit au quotidien ou pour vos loisirs, ces Nike Dunk High sont un [&hellip;]\" \/>\n<meta property=\"og:url\" content=\"https:\/\/tourcruiser.com\/fr\/products\/slam-jam-x-nike-dunk-high-white-platinum-da1639-100\/\" \/>\n<meta property=\"og:site_name\" content=\"Tourcruiser Sneaker Store\" \/>\n<meta property=\"article:modified_time\" content=\"2026-04-17T15:56:06+00:00\" \/>\n<meta name=\"twitter:card\" content=\"summary_large_image\" \/>\n<meta name=\"twitter:image\" content=\"https:\/\/images.novelship.com\/product\/slam_jam_x_nike_dunk_high__white_platinum__da1639__0_36940.jpeg;https:\/\/images.novelship.com\/product\/slam_jam_x_nike_dunk_high__white_platinum__da1639__1_36941.jpeg;https:\/\/images.novelship.com\/product\/slam_jam_x_nike_dunk_high__white_platinum__da1639__2_36941.jpeg;https:\/\/images.novelship.com\/product\/slam_jam_x_nike_dunk_high__white_platinum__da1639__3_36941.jpeg;https:\/\/images.novelship.com\/product\/slam_jam_x_nike_dunk_high__white_platinum__da1639__4_36941.jpeg;https:\/\/images.novelship.com\/product\/slam_jam_x_nike_dunk_high__white_platinum__da1639__5_36941.jpeg;https:\/\/images.novelship.com\/product\/slam_jam_x_nike_dunk_high__white_platinum__da1639__6_36941.jpeg;https:\/\/images.novelship.com\/product\/slam_jam_x_nike_dunk_high__white_platinum__da1639__7_36941.jpeg\" \/>\n<script type=\"application\/ld+json\" class=\"yoast-schema-graph\">{\"@context\":\"https:\/\/schema.org\",\"@graph\":[{\"@type\":\"WebPage\",\"@id\":\"https:\/\/tourcruiser.com\/fr\/products\/slam-jam-x-nike-dunk-high-white-platinum-da1639-100\/\",\"url\":\"https:\/\/tourcruiser.com\/fr\/products\/slam-jam-x-nike-dunk-high-white-platinum-da1639-100\/\",\"name\":\"Slam Jam x Nike Dunk High 'White Platinum' DA1639-100 - TOURCRUISER PTE. LTD\",\"isPartOf\":{\"@id\":\"https:\/\/tourcruiser.com\/fr\/#website\"},\"primaryImageOfPage\":{\"@id\":\"https:\/\/tourcruiser.com\/fr\/products\/slam-jam-x-nike-dunk-high-white-platinum-da1639-100\/#primaryimage\"},\"image\":{\"@id\":\"https:\/\/tourcruiser.com\/fr\/products\/slam-jam-x-nike-dunk-high-white-platinum-da1639-100\/#primaryimage\"},\"thumbnailUrl\":\"https:\/\/images.novelship.com\/product\/slam_jam_x_nike_dunk_high__white_platinum__da1639__0_36940.jpeg;https:\/\/images.novelship.com\/product\/slam_jam_x_nike_dunk_high__white_platinum__da1639__1_36941.jpeg;https:\/\/images.novelship.com\/product\/slam_jam_x_nike_dunk_high__white_platinum__da1639__2_36941.jpeg;https:\/\/images.novelship.com\/product\/slam_jam_x_nike_dunk_high__white_platinum__da1639__3_36941.jpeg;https:\/\/images.novelship.com\/product\/slam_jam_x_nike_dunk_high__white_platinum__da1639__4_36941.jpeg;https:\/\/images.novelship.com\/product\/slam_jam_x_nike_dunk_high__white_platinum__da1639__5_36941.jpeg;https:\/\/images.novelship.com\/product\/slam_jam_x_nike_dunk_high__white_platinum__da1639__6_36941.jpeg;https:\/\/images.novelship.com\/product\/slam_jam_x_nike_dunk_high__white_platinum__da1639__7_36941.jpeg\",\"datePublished\":\"2026-04-16T10:11:01+00:00\",\"dateModified\":\"2026-04-17T15:56:06+00:00\",\"breadcrumb\":{\"@id\":\"https:\/\/tourcruiser.com\/fr\/products\/slam-jam-x-nike-dunk-high-white-platinum-da1639-100\/#breadcrumb\"},\"inLanguage\":\"fr-FR\",\"potentialAction\":[{\"@type\":\"ReadAction\",\"target\":[\"https:\/\/tourcruiser.com\/fr\/products\/slam-jam-x-nike-dunk-high-white-platinum-da1639-100\/\"]}]},{\"@type\":\"ImageObject\",\"inLanguage\":\"fr-FR\",\"@id\":\"https:\/\/tourcruiser.com\/fr\/products\/slam-jam-x-nike-dunk-high-white-platinum-da1639-100\/#primaryimage\",\"url\":\"https:\/\/images.novelship.com\/product\/slam_jam_x_nike_dunk_high__white_platinum__da1639__0_36940.jpeg;https:\/\/images.novelship.com\/product\/slam_jam_x_nike_dunk_high__white_platinum__da1639__1_36941.jpeg;https:\/\/images.novelship.com\/product\/slam_jam_x_nike_dunk_high__white_platinum__da1639__2_36941.jpeg;https:\/\/images.novelship.com\/product\/slam_jam_x_nike_dunk_high__white_platinum__da1639__3_36941.jpeg;https:\/\/images.novelship.com\/product\/slam_jam_x_nike_dunk_high__white_platinum__da1639__4_36941.jpeg;https:\/\/images.novelship.com\/product\/slam_jam_x_nike_dunk_high__white_platinum__da1639__5_36941.jpeg;https:\/\/images.novelship.com\/product\/slam_jam_x_nike_dunk_high__white_platinum__da1639__6_36941.jpeg;https:\/\/images.novelship.com\/product\/slam_jam_x_nike_dunk_high__white_platinum__da1639__7_36941.jpeg\",\"contentUrl\":\"https:\/\/images.novelship.com\/product\/slam_jam_x_nike_dunk_high__white_platinum__da1639__0_36940.jpeg;https:\/\/images.novelship.com\/product\/slam_jam_x_nike_dunk_high__white_platinum__da1639__1_36941.jpeg;https:\/\/images.novelship.com\/product\/slam_jam_x_nike_dunk_high__white_platinum__da1639__2_36941.jpeg;https:\/\/images.novelship.com\/product\/slam_jam_x_nike_dunk_high__white_platinum__da1639__3_36941.jpeg;https:\/\/images.novelship.com\/product\/slam_jam_x_nike_dunk_high__white_platinum__da1639__4_36941.jpeg;https:\/\/images.novelship.com\/product\/slam_jam_x_nike_dunk_high__white_platinum__da1639__5_36941.jpeg;https:\/\/images.novelship.com\/product\/slam_jam_x_nike_dunk_high__white_platinum__da1639__6_36941.jpeg;https:\/\/images.novelship.com\/product\/slam_jam_x_nike_dunk_high__white_platinum__da1639__7_36941.jpeg\"},{\"@type\":\"BreadcrumbList\",\"@id\":\"https:\/\/tourcruiser.com\/fr\/products\/slam-jam-x-nike-dunk-high-white-platinum-da1639-100\/#breadcrumb\",\"itemListElement\":[{\"@type\":\"ListItem\",\"position\":1,\"name\":\"Home\",\"item\":\"https:\/\/tourcruiser.com\/fr\/\"},{\"@type\":\"ListItem\",\"position\":2,\"name\":\"Shop\",\"item\":\"https:\/\/tourcruiser.com\/fr\/shop\/\"},{\"@type\":\"ListItem\",\"position\":3,\"name\":\"Slam Jam x Nike Dunk High &#8216;White Platinum&#8217; DA1639-100\"}]},{\"@type\":\"WebSite\",\"@id\":\"https:\/\/tourcruiser.com\/fr\/#website\",\"url\":\"https:\/\/tourcruiser.com\/fr\/\",\"name\":\"Styloral Jewelry Shop\",\"description\":\"Tourcruiser Sneaker Store \u2014 L\u2019endroit o\u00f9 l\u2019univers rencontre votre singularit\u00e9.\",\"publisher\":{\"@id\":\"https:\/\/tourcruiser.com\/fr\/#organization\"},\"potentialAction\":[{\"@type\":\"SearchAction\",\"target\":{\"@type\":\"EntryPoint\",\"urlTemplate\":\"https:\/\/tourcruiser.com\/fr\/?s={search_term_string}\"},\"query-input\":{\"@type\":\"PropertyValueSpecification\",\"valueRequired\":true,\"valueName\":\"search_term_string\"}}],\"inLanguage\":\"fr-FR\"},{\"@type\":\"Organization\",\"@id\":\"https:\/\/tourcruiser.com\/fr\/#organization\",\"name\":\"STYLORAL PTE. LTD\",\"url\":\"https:\/\/tourcruiser.com\/fr\/\",\"logo\":{\"@type\":\"ImageObject\",\"inLanguage\":\"fr-FR\",\"@id\":\"https:\/\/tourcruiser.com\/fr\/#\/schema\/logo\/image\/\",\"url\":\"https:\/\/www.tourcruiser.com\/wp-content\/uploads\/2025\/12\/logo.png\",\"contentUrl\":\"https:\/\/www.tourcruiser.com\/wp-content\/uploads\/2025\/12\/logo.png\",\"width\":200,\"height\":65,\"caption\":\"STYLORAL PTE. LTD\"},\"image\":{\"@id\":\"https:\/\/tourcruiser.com\/fr\/#\/schema\/logo\/image\/\"}}]}<\/script>\n<!-- \/ Yoast SEO plugin. -->","yoast_head_json":{"title":"Slam Jam x Nike Dunk High 'White Platinum' DA1639-100 - TOURCRUISER PTE. LTD","robots":{"index":"index","follow":"follow","max-snippet":"max-snippet:-1","max-image-preview":"max-image-preview:large","max-video-preview":"max-video-preview:-1"},"canonical":"https:\/\/tourcruiser.com\/fr\/products\/slam-jam-x-nike-dunk-high-white-platinum-da1639-100\/","og_locale":"fr_FR","og_type":"article","og_title":"Slam Jam x Nike Dunk High 'White Platinum' DA1639-100 - TOURCRUISER PTE. LTD","og_description":"D\u00e9couvrez les sneakers Slam Jam x Nike Dunk High White Platinum, fruit de la collaboration entre Nike et Slam Jam. Ces sneakers \u00e9l\u00e9gantes arborent un design blanc raffin\u00e9 rehauss\u00e9 de d\u00e9tails platine, apportant une touche sophistiqu\u00e9e \u00e0 toutes vos tenues. Que ce soit au quotidien ou pour vos loisirs, ces Nike Dunk High sont un [&hellip;]","og_url":"https:\/\/tourcruiser.com\/fr\/products\/slam-jam-x-nike-dunk-high-white-platinum-da1639-100\/","og_site_name":"Tourcruiser Sneaker Store","article_modified_time":"2026-04-17T15:56:06+00:00","twitter_card":"summary_large_image","twitter_image":"https:\/\/images.novelship.com\/product\/slam_jam_x_nike_dunk_high__white_platinum__da1639__0_36940.jpeg;https:\/\/images.novelship.com\/product\/slam_jam_x_nike_dunk_high__white_platinum__da1639__1_36941.jpeg;https:\/\/images.novelship.com\/product\/slam_jam_x_nike_dunk_high__white_platinum__da1639__2_36941.jpeg;https:\/\/images.novelship.com\/product\/slam_jam_x_nike_dunk_high__white_platinum__da1639__3_36941.jpeg;https:\/\/images.novelship.com\/product\/slam_jam_x_nike_dunk_high__white_platinum__da1639__4_36941.jpeg;https:\/\/images.novelship.com\/product\/slam_jam_x_nike_dunk_high__white_platinum__da1639__5_36941.jpeg;https:\/\/images.novelship.com\/product\/slam_jam_x_nike_dunk_high__white_platinum__da1639__6_36941.jpeg;https:\/\/images.novelship.com\/product\/slam_jam_x_nike_dunk_high__white_platinum__da1639__7_36941.jpeg","schema":{"@context":"https:\/\/schema.org","@graph":[{"@type":"WebPage","@id":"https:\/\/tourcruiser.com\/fr\/products\/slam-jam-x-nike-dunk-high-white-platinum-da1639-100\/","url":"https:\/\/tourcruiser.com\/fr\/products\/slam-jam-x-nike-dunk-high-white-platinum-da1639-100\/","name":"Slam Jam x Nike Dunk High 'White Platinum' DA1639-100 - TOURCRUISER PTE. LTD","isPartOf":{"@id":"https:\/\/tourcruiser.com\/fr\/#website"},"primaryImageOfPage":{"@id":"https:\/\/tourcruiser.com\/fr\/products\/slam-jam-x-nike-dunk-high-white-platinum-da1639-100\/#primaryimage"},"image":{"@id":"https:\/\/tourcruiser.com\/fr\/products\/slam-jam-x-nike-dunk-high-white-platinum-da1639-100\/#primaryimage"},"thumbnailUrl":"https:\/\/images.novelship.com\/product\/slam_jam_x_nike_dunk_high__white_platinum__da1639__0_36940.jpeg;https:\/\/images.novelship.com\/product\/slam_jam_x_nike_dunk_high__white_platinum__da1639__1_36941.jpeg;https:\/\/images.novelship.com\/product\/slam_jam_x_nike_dunk_high__white_platinum__da1639__2_36941.jpeg;https:\/\/images.novelship.com\/product\/slam_jam_x_nike_dunk_high__white_platinum__da1639__3_36941.jpeg;https:\/\/images.novelship.com\/product\/slam_jam_x_nike_dunk_high__white_platinum__da1639__4_36941.jpeg;https:\/\/images.novelship.com\/product\/slam_jam_x_nike_dunk_high__white_platinum__da1639__5_36941.jpeg;https:\/\/images.novelship.com\/product\/slam_jam_x_nike_dunk_high__white_platinum__da1639__6_36941.jpeg;https:\/\/images.novelship.com\/product\/slam_jam_x_nike_dunk_high__white_platinum__da1639__7_36941.jpeg","datePublished":"2026-04-16T10:11:01+00:00","dateModified":"2026-04-17T15:56:06+00:00","breadcrumb":{"@id":"https:\/\/tourcruiser.com\/fr\/products\/slam-jam-x-nike-dunk-high-white-platinum-da1639-100\/#breadcrumb"},"inLanguage":"fr-FR","potentialAction":[{"@type":"ReadAction","target":["https:\/\/tourcruiser.com\/fr\/products\/slam-jam-x-nike-dunk-high-white-platinum-da1639-100\/"]}]},{"@type":"ImageObject","inLanguage":"fr-FR","@id":"https:\/\/tourcruiser.com\/fr\/products\/slam-jam-x-nike-dunk-high-white-platinum-da1639-100\/#primaryimage","url":"https:\/\/images.novelship.com\/product\/slam_jam_x_nike_dunk_high__white_platinum__da1639__0_36940.jpeg;https:\/\/images.novelship.com\/product\/slam_jam_x_nike_dunk_high__white_platinum__da1639__1_36941.jpeg;https:\/\/images.novelship.com\/product\/slam_jam_x_nike_dunk_high__white_platinum__da1639__2_36941.jpeg;https:\/\/images.novelship.com\/product\/slam_jam_x_nike_dunk_high__white_platinum__da1639__3_36941.jpeg;https:\/\/images.novelship.com\/product\/slam_jam_x_nike_dunk_high__white_platinum__da1639__4_36941.jpeg;https:\/\/images.novelship.com\/product\/slam_jam_x_nike_dunk_high__white_platinum__da1639__5_36941.jpeg;https:\/\/images.novelship.com\/product\/slam_jam_x_nike_dunk_high__white_platinum__da1639__6_36941.jpeg;https:\/\/images.novelship.com\/product\/slam_jam_x_nike_dunk_high__white_platinum__da1639__7_36941.jpeg","contentUrl":"https:\/\/images.novelship.com\/product\/slam_jam_x_nike_dunk_high__white_platinum__da1639__0_36940.jpeg;https:\/\/images.novelship.com\/product\/slam_jam_x_nike_dunk_high__white_platinum__da1639__1_36941.jpeg;https:\/\/images.novelship.com\/product\/slam_jam_x_nike_dunk_high__white_platinum__da1639__2_36941.jpeg;https:\/\/images.novelship.com\/product\/slam_jam_x_nike_dunk_high__white_platinum__da1639__3_36941.jpeg;https:\/\/images.novelship.com\/product\/slam_jam_x_nike_dunk_high__white_platinum__da1639__4_36941.jpeg;https:\/\/images.novelship.com\/product\/slam_jam_x_nike_dunk_high__white_platinum__da1639__5_36941.jpeg;https:\/\/images.novelship.com\/product\/slam_jam_x_nike_dunk_high__white_platinum__da1639__6_36941.jpeg;https:\/\/images.novelship.com\/product\/slam_jam_x_nike_dunk_high__white_platinum__da1639__7_36941.jpeg"},{"@type":"BreadcrumbList","@id":"https:\/\/tourcruiser.com\/fr\/products\/slam-jam-x-nike-dunk-high-white-platinum-da1639-100\/#breadcrumb","itemListElement":[{"@type":"ListItem","position":1,"name":"Home","item":"https:\/\/tourcruiser.com\/fr\/"},{"@type":"ListItem","position":2,"name":"Shop","item":"https:\/\/tourcruiser.com\/fr\/shop\/"},{"@type":"ListItem","position":3,"name":"Slam Jam x Nike Dunk High &#8216;White Platinum&#8217; DA1639-100"}]},{"@type":"WebSite","@id":"https:\/\/tourcruiser.com\/fr\/#website","url":"https:\/\/tourcruiser.com\/fr\/","name":"Styloral Jewelry Shop","description":"Tourcruiser Sneaker Store \u2014 L\u2019endroit o\u00f9 l\u2019univers rencontre votre singularit\u00e9.","publisher":{"@id":"https:\/\/tourcruiser.com\/fr\/#organization"},"potentialAction":[{"@type":"SearchAction","target":{"@type":"EntryPoint","urlTemplate":"https:\/\/tourcruiser.com\/fr\/?s={search_term_string}"},"query-input":{"@type":"PropertyValueSpecification","valueRequired":true,"valueName":"search_term_string"}}],"inLanguage":"fr-FR"},{"@type":"Organization","@id":"https:\/\/tourcruiser.com\/fr\/#organization","name":"STYLORAL PTE. LTD","url":"https:\/\/tourcruiser.com\/fr\/","logo":{"@type":"ImageObject","inLanguage":"fr-FR","@id":"https:\/\/tourcruiser.com\/fr\/#\/schema\/logo\/image\/","url":"https:\/\/www.tourcruiser.com\/wp-content\/uploads\/2025\/12\/logo.png","contentUrl":"https:\/\/www.tourcruiser.com\/wp-content\/uploads\/2025\/12\/logo.png","width":200,"height":65,"caption":"STYLORAL PTE. LTD"},"image":{"@id":"https:\/\/tourcruiser.com\/fr\/#\/schema\/logo\/image\/"}}]}},"_links":{"self":[{"href":"https:\/\/tourcruiser.com\/fr\/wp-json\/wp\/v2\/product\/764533","targetHints":{"allow":["GET"]}}],"collection":[{"href":"https:\/\/tourcruiser.com\/fr\/wp-json\/wp\/v2\/product"}],"about":[{"href":"https:\/\/tourcruiser.com\/fr\/wp-json\/wp\/v2\/types\/product"}],"replies":[{"embeddable":true,"href":"https:\/\/tourcruiser.com\/fr\/wp-json\/wp\/v2\/comments?post=764533"}],"wp:featuredmedia":[{"embeddable":true,"href":"https:\/\/tourcruiser.com\/fr\/wp-json\/wp\/v2\/media\/764534"}],"wp:attachment":[{"href":"https:\/\/tourcruiser.com\/fr\/wp-json\/wp\/v2\/media?parent=764533"}],"wp:term":[{"taxonomy":"product_brand","embeddable":true,"href":"https:\/\/tourcruiser.com\/fr\/wp-json\/wp\/v2\/product_brand?post=764533"},{"taxonomy":"product_cat","embeddable":true,"href":"https:\/\/tourcruiser.com\/fr\/wp-json\/wp\/v2\/product_cat?post=764533"},{"taxonomy":"product_tag","embeddable":true,"href":"https:\/\/tourcruiser.com\/fr\/wp-json\/wp\/v2\/product_tag?post=764533"}],"curies":[{"name":"wp","href":"https:\/\/api.w.org\/{rel}","templated":true}]}}