{"id":764212,"date":"2026-04-16T17:10:51","date_gmt":"2026-04-16T10:10:51","guid":{"rendered":"http:\/\/tourcruiser.com\/product\/supreme-x-nike-sb-dunk-low-pro-white-cement-304292-001"},"modified":"2026-04-17T22:55:42","modified_gmt":"2026-04-17T15:55:42","slug":"supreme-x-nike-sb-dunk-low-pro-white-cement-304292-001","status":"publish","type":"product","link":"https:\/\/tourcruiser.com\/fr\/products\/supreme-x-nike-sb-dunk-low-pro-white-cement-304292-001\/","title":{"rendered":"Supreme x Nike SB Dunk Low Pro &lsquo;White Cement&rsquo; 304292-001"},"content":{"rendered":"<p>D\u00e9couvrez les sneakers Supreme x Nike SB Dunk Low Pro White Cement. Ces chaussures Nike embl\u00e9matiques s\u00e9duisent par leur coloris blanc \u00e9l\u00e9gant et leur parfait \u00e9quilibre entre confort et performance. Cette collaboration en \u00e9dition limit\u00e9e, qui associe l&rsquo;esth\u00e9tique streetwear de Supreme \u00e0 la qualit\u00e9 reconnue de Nike, rehaussera votre style. Pr\u00e9parez-vous \u00e0 faire sensation avec ces sneakers incontournables.<\/p>\n<p>Coloris : Blanc\/Gris ciment\/Noir<\/p>\n<p>R\u00e9f\u00e9rence : 304292-001<\/p>\n<p>Tige : Cuir<\/p>\n<p>Semelle interm\u00e9diaire : Air<\/p>\n<p>Couleur : Multicolore<\/p>\n<p>Cr\u00e9ateur : Peter Moore<\/p>\n<p>Saison : Automne<\/p>\n<p>Ann\u00e9e de sortie : 2002<\/p>\n<p>\u00c2ge : Adulte<br \/>\nCouleur : Multicolore<br \/>\nGenre : Homme<\/p>\n","protected":false},"excerpt":{"rendered":"<p>D\u00e9couvrez les sneakers Supreme x Nike SB Dunk Low Pro White Cement. Ces chaussures Nike embl\u00e9matiques s\u00e9duisent par leur coloris blanc \u00e9l\u00e9gant et leur parfait \u00e9quilibre entre confort et performance. Cette collaboration en \u00e9dition limit\u00e9e, qui associe l&rsquo;esth\u00e9tique streetwear de Supreme \u00e0 la qualit\u00e9 reconnue de Nike, rehaussera votre style. Pr\u00e9parez-vous \u00e0 faire sensation avec [&hellip;]<\/p>\n","protected":false},"featured_media":764213,"comment_status":"open","ping_status":"closed","template":"","meta":[],"product_brand":[],"product_cat":[10803],"product_tag":[38842,39067,10801,38887,38846,11153],"class_list":{"0":"post-764212","1":"product","2":"type-product","3":"status-publish","4":"has-post-thumbnail","6":"product_cat-nike","7":"product_tag-gift-idea-for-him","8":"product_tag-low-top-skateboard-shoes","9":"product_tag-nike","10":"product_tag-nike-skateboard-shoes","11":"product_tag-performance-sports-shoes","12":"product_tag-skateboard-shoes","13":"wcpa_has_options","15":"first","16":"instock","17":"taxable","18":"shipping-taxable","19":"purchasable","20":"product-type-simple"},"wcpa_form_fields":{"rules":{"pric_overide_base_price":false,"pric_overide_base_price_if_gt_zero":false,"pric_overide_base_price_fully":false,"pric_cal_option_once":false,"pric_use_as_fee":false,"bind_quantity":false,"quantity_bind_formula":false},"fields":[{"type":"color-group","required":true,"elementId":"wcpa-color-group-66c4a75505e74","label":"Taille","inline":true,"priceOptions":"different_for_all","pricingType":"fixed","className":"hassizechart product-shoes-size-eu product-shoes-size","name":"color-group-66c4a75505e89","disp_type":"square","selection_type":"tick-border","disp_size":"44","show_label_inside":true,"adjust_width":true,"cart_display_type":"text","other_text":"Other","cl_rule":"show","col":6,"values":[{"label":"35.5","value":"EU 35.5","price":"","pimage":"","pimage_id":"","pthumb":"","color":""},{"label":"36","value":"EU 36","price":"","pimage":"","pimage_id":"","pthumb":"","color":"","selected":true},{"label":"36.5","value":"EU 36.5","price":"","pimage":"","pimage_id":"","pthumb":"","color":""},{"label":"37.5","value":"EU 37.5","price":"","pimage":"","pimage_id":"","pthumb":"","color":""},{"label":"38","value":"EU 38","price":"","pimage":"","pimage_id":"","pthumb":"","color":""},{"label":"38.5","value":"EU 38.5","price":"","pimage":"","pimage_id":"","pthumb":"","color":""},{"label":"39","value":"EU 39","price":"","pimage":"","pimage_id":"","pthumb":"","color":""},{"label":"40","value":"EU 40","price":"","pimage":"","pimage_id":"","pthumb":"","color":""},{"label":"40.5","value":"EU 40.5","price":"","pimage":"","pimage_id":"","pthumb":"","color":""},{"label":"41","value":"EU 41","price":"","pimage":"","pimage_id":"","pthumb":"","color":""},{"label":"42","value":"EU 42","price":"","pimage":"","pimage_id":"","pthumb":"","color":""},{"label":"42.5","value":"EU 42.5","price":"","pimage":"","pimage_id":"","pthumb":"","color":""},{"label":"43","value":"EU 43","price":"","pimage":"","pimage_id":"","pthumb":"","color":""},{"label":"44","value":"EU 44","price":"","pimage":"","pimage_id":"","pthumb":"","color":""},{"label":"44.5","value":"EU 44.5","price":"","pimage":"","pimage_id":"","pthumb":"","color":""},{"label":"45","value":"EU 45","price":"","pimage":"","pimage_id":"","pthumb":"","color":""},{"label":"45.5","value":"EU 45.5","price":"","pimage":"","pimage_id":"","pthumb":"","color":""},{"label":"46","value":"EU 46","price":"","pimage":"","pimage_id":"","pthumb":"","color":""},{"label":"47","value":"EU 47","price":"","pimage":"","pimage_id":"","pthumb":"","color":""},{"label":"47.5","value":"EU 47.5","price":"","pimage":"","pimage_id":"","pthumb":"","color":""},{"label":"48","value":"EU 48","price":"","pimage":"","pimage_id":"","pthumb":"","color":""}],"relations":[{"operator":false,"rules":[]}],"form_id":18106,"form_rules":{"pric_cal_option_once":false,"exclude_from_discount":false,"pric_use_as_fee":false,"fee_label":"Fee","render_after_acb":false,"disp_hide_options_price":false}}]},"yoast_head":"<!-- This site is optimized with the Yoast SEO plugin v26.5 - https:\/\/yoast.com\/wordpress\/plugins\/seo\/ -->\n<title>Supreme x Nike SB Dunk Low Pro &#039;White Cement&#039; 304292-001 - TOURCRUISER PTE. LTD<\/title>\n<meta name=\"robots\" content=\"index, follow, max-snippet:-1, max-image-preview:large, max-video-preview:-1\" \/>\n<link rel=\"canonical\" href=\"https:\/\/tourcruiser.com\/fr\/products\/supreme-x-nike-sb-dunk-low-pro-white-cement-304292-001\/\" \/>\n<meta property=\"og:locale\" content=\"fr_FR\" \/>\n<meta property=\"og:type\" content=\"article\" \/>\n<meta property=\"og:title\" content=\"Supreme x Nike SB Dunk Low Pro &#039;White Cement&#039; 304292-001 - TOURCRUISER PTE. LTD\" \/>\n<meta property=\"og:description\" content=\"D\u00e9couvrez les sneakers Supreme x Nike SB Dunk Low Pro White Cement. Ces chaussures Nike embl\u00e9matiques s\u00e9duisent par leur coloris blanc \u00e9l\u00e9gant et leur parfait \u00e9quilibre entre confort et performance. Cette collaboration en \u00e9dition limit\u00e9e, qui associe l&rsquo;esth\u00e9tique streetwear de Supreme \u00e0 la qualit\u00e9 reconnue de Nike, rehaussera votre style. Pr\u00e9parez-vous \u00e0 faire sensation avec [&hellip;]\" \/>\n<meta property=\"og:url\" content=\"https:\/\/tourcruiser.com\/fr\/products\/supreme-x-nike-sb-dunk-low-pro-white-cement-304292-001\/\" \/>\n<meta property=\"og:site_name\" content=\"Tourcruiser Sneaker Store\" \/>\n<meta property=\"article:modified_time\" content=\"2026-04-17T15:55:42+00:00\" \/>\n<meta name=\"twitter:card\" content=\"summary_large_image\" \/>\n<meta name=\"twitter:image\" content=\"https:\/\/images.novelship.com\/product\/supreme_x_nike_sb_dunk_low_pro__white_cement__3042_0_82639.jpeg;https:\/\/images.novelship.com\/product\/supreme_x_nike_sb_dunk_low_pro__white_cement__3042_1_82639.jpeg;https:\/\/images.novelship.com\/product\/supreme_x_nike_sb_dunk_low_pro__white_cement__3042_2_82639.jpeg;https:\/\/images.novelship.com\/product\/supreme_x_nike_sb_dunk_low_pro__white_cement__3042_3_82639.jpeg;https:\/\/images.novelship.com\/product\/supreme_x_nike_sb_dunk_low_pro__white_cement__3042_4_82639.jpeg;https:\/\/images.novelship.com\/product\/supreme_x_nike_sb_dunk_low_pro__white_cement__3042_5_82639.jpeg;https:\/\/images.novelship.com\/product\/supreme_x_nike_sb_dunk_low_pro__white_cement__3042_6_82639.jpeg;https:\/\/images.novelship.com\/product\/supreme_x_nike_sb_dunk_low_pro__white_cement__3042_7_82639.jpeg\" \/>\n<script type=\"application\/ld+json\" class=\"yoast-schema-graph\">{\"@context\":\"https:\/\/schema.org\",\"@graph\":[{\"@type\":\"WebPage\",\"@id\":\"https:\/\/tourcruiser.com\/fr\/products\/supreme-x-nike-sb-dunk-low-pro-white-cement-304292-001\/\",\"url\":\"https:\/\/tourcruiser.com\/fr\/products\/supreme-x-nike-sb-dunk-low-pro-white-cement-304292-001\/\",\"name\":\"Supreme x Nike SB Dunk Low Pro 'White Cement' 304292-001 - TOURCRUISER PTE. LTD\",\"isPartOf\":{\"@id\":\"https:\/\/tourcruiser.com\/fr\/#website\"},\"primaryImageOfPage\":{\"@id\":\"https:\/\/tourcruiser.com\/fr\/products\/supreme-x-nike-sb-dunk-low-pro-white-cement-304292-001\/#primaryimage\"},\"image\":{\"@id\":\"https:\/\/tourcruiser.com\/fr\/products\/supreme-x-nike-sb-dunk-low-pro-white-cement-304292-001\/#primaryimage\"},\"thumbnailUrl\":\"https:\/\/images.novelship.com\/product\/supreme_x_nike_sb_dunk_low_pro__white_cement__3042_0_82639.jpeg;https:\/\/images.novelship.com\/product\/supreme_x_nike_sb_dunk_low_pro__white_cement__3042_1_82639.jpeg;https:\/\/images.novelship.com\/product\/supreme_x_nike_sb_dunk_low_pro__white_cement__3042_2_82639.jpeg;https:\/\/images.novelship.com\/product\/supreme_x_nike_sb_dunk_low_pro__white_cement__3042_3_82639.jpeg;https:\/\/images.novelship.com\/product\/supreme_x_nike_sb_dunk_low_pro__white_cement__3042_4_82639.jpeg;https:\/\/images.novelship.com\/product\/supreme_x_nike_sb_dunk_low_pro__white_cement__3042_5_82639.jpeg;https:\/\/images.novelship.com\/product\/supreme_x_nike_sb_dunk_low_pro__white_cement__3042_6_82639.jpeg;https:\/\/images.novelship.com\/product\/supreme_x_nike_sb_dunk_low_pro__white_cement__3042_7_82639.jpeg\",\"datePublished\":\"2026-04-16T10:10:51+00:00\",\"dateModified\":\"2026-04-17T15:55:42+00:00\",\"breadcrumb\":{\"@id\":\"https:\/\/tourcruiser.com\/fr\/products\/supreme-x-nike-sb-dunk-low-pro-white-cement-304292-001\/#breadcrumb\"},\"inLanguage\":\"fr-FR\",\"potentialAction\":[{\"@type\":\"ReadAction\",\"target\":[\"https:\/\/tourcruiser.com\/fr\/products\/supreme-x-nike-sb-dunk-low-pro-white-cement-304292-001\/\"]}]},{\"@type\":\"ImageObject\",\"inLanguage\":\"fr-FR\",\"@id\":\"https:\/\/tourcruiser.com\/fr\/products\/supreme-x-nike-sb-dunk-low-pro-white-cement-304292-001\/#primaryimage\",\"url\":\"https:\/\/images.novelship.com\/product\/supreme_x_nike_sb_dunk_low_pro__white_cement__3042_0_82639.jpeg;https:\/\/images.novelship.com\/product\/supreme_x_nike_sb_dunk_low_pro__white_cement__3042_1_82639.jpeg;https:\/\/images.novelship.com\/product\/supreme_x_nike_sb_dunk_low_pro__white_cement__3042_2_82639.jpeg;https:\/\/images.novelship.com\/product\/supreme_x_nike_sb_dunk_low_pro__white_cement__3042_3_82639.jpeg;https:\/\/images.novelship.com\/product\/supreme_x_nike_sb_dunk_low_pro__white_cement__3042_4_82639.jpeg;https:\/\/images.novelship.com\/product\/supreme_x_nike_sb_dunk_low_pro__white_cement__3042_5_82639.jpeg;https:\/\/images.novelship.com\/product\/supreme_x_nike_sb_dunk_low_pro__white_cement__3042_6_82639.jpeg;https:\/\/images.novelship.com\/product\/supreme_x_nike_sb_dunk_low_pro__white_cement__3042_7_82639.jpeg\",\"contentUrl\":\"https:\/\/images.novelship.com\/product\/supreme_x_nike_sb_dunk_low_pro__white_cement__3042_0_82639.jpeg;https:\/\/images.novelship.com\/product\/supreme_x_nike_sb_dunk_low_pro__white_cement__3042_1_82639.jpeg;https:\/\/images.novelship.com\/product\/supreme_x_nike_sb_dunk_low_pro__white_cement__3042_2_82639.jpeg;https:\/\/images.novelship.com\/product\/supreme_x_nike_sb_dunk_low_pro__white_cement__3042_3_82639.jpeg;https:\/\/images.novelship.com\/product\/supreme_x_nike_sb_dunk_low_pro__white_cement__3042_4_82639.jpeg;https:\/\/images.novelship.com\/product\/supreme_x_nike_sb_dunk_low_pro__white_cement__3042_5_82639.jpeg;https:\/\/images.novelship.com\/product\/supreme_x_nike_sb_dunk_low_pro__white_cement__3042_6_82639.jpeg;https:\/\/images.novelship.com\/product\/supreme_x_nike_sb_dunk_low_pro__white_cement__3042_7_82639.jpeg\"},{\"@type\":\"BreadcrumbList\",\"@id\":\"https:\/\/tourcruiser.com\/fr\/products\/supreme-x-nike-sb-dunk-low-pro-white-cement-304292-001\/#breadcrumb\",\"itemListElement\":[{\"@type\":\"ListItem\",\"position\":1,\"name\":\"Home\",\"item\":\"https:\/\/tourcruiser.com\/fr\/\"},{\"@type\":\"ListItem\",\"position\":2,\"name\":\"Shop\",\"item\":\"https:\/\/tourcruiser.com\/fr\/shop\/\"},{\"@type\":\"ListItem\",\"position\":3,\"name\":\"Supreme x Nike SB Dunk Low Pro &#8216;White Cement&#8217; 304292-001\"}]},{\"@type\":\"WebSite\",\"@id\":\"https:\/\/tourcruiser.com\/fr\/#website\",\"url\":\"https:\/\/tourcruiser.com\/fr\/\",\"name\":\"Styloral Jewelry Shop\",\"description\":\"Tourcruiser Sneaker Store \u2014 L\u2019endroit o\u00f9 l\u2019univers rencontre votre singularit\u00e9.\",\"publisher\":{\"@id\":\"https:\/\/tourcruiser.com\/fr\/#organization\"},\"potentialAction\":[{\"@type\":\"SearchAction\",\"target\":{\"@type\":\"EntryPoint\",\"urlTemplate\":\"https:\/\/tourcruiser.com\/fr\/?s={search_term_string}\"},\"query-input\":{\"@type\":\"PropertyValueSpecification\",\"valueRequired\":true,\"valueName\":\"search_term_string\"}}],\"inLanguage\":\"fr-FR\"},{\"@type\":\"Organization\",\"@id\":\"https:\/\/tourcruiser.com\/fr\/#organization\",\"name\":\"STYLORAL PTE. LTD\",\"url\":\"https:\/\/tourcruiser.com\/fr\/\",\"logo\":{\"@type\":\"ImageObject\",\"inLanguage\":\"fr-FR\",\"@id\":\"https:\/\/tourcruiser.com\/fr\/#\/schema\/logo\/image\/\",\"url\":\"https:\/\/www.tourcruiser.com\/wp-content\/uploads\/2025\/12\/logo.png\",\"contentUrl\":\"https:\/\/www.tourcruiser.com\/wp-content\/uploads\/2025\/12\/logo.png\",\"width\":200,\"height\":65,\"caption\":\"STYLORAL PTE. LTD\"},\"image\":{\"@id\":\"https:\/\/tourcruiser.com\/fr\/#\/schema\/logo\/image\/\"}}]}<\/script>\n<!-- \/ Yoast SEO plugin. -->","yoast_head_json":{"title":"Supreme x Nike SB Dunk Low Pro 'White Cement' 304292-001 - TOURCRUISER PTE. LTD","robots":{"index":"index","follow":"follow","max-snippet":"max-snippet:-1","max-image-preview":"max-image-preview:large","max-video-preview":"max-video-preview:-1"},"canonical":"https:\/\/tourcruiser.com\/fr\/products\/supreme-x-nike-sb-dunk-low-pro-white-cement-304292-001\/","og_locale":"fr_FR","og_type":"article","og_title":"Supreme x Nike SB Dunk Low Pro 'White Cement' 304292-001 - TOURCRUISER PTE. LTD","og_description":"D\u00e9couvrez les sneakers Supreme x Nike SB Dunk Low Pro White Cement. Ces chaussures Nike embl\u00e9matiques s\u00e9duisent par leur coloris blanc \u00e9l\u00e9gant et leur parfait \u00e9quilibre entre confort et performance. Cette collaboration en \u00e9dition limit\u00e9e, qui associe l&rsquo;esth\u00e9tique streetwear de Supreme \u00e0 la qualit\u00e9 reconnue de Nike, rehaussera votre style. Pr\u00e9parez-vous \u00e0 faire sensation avec [&hellip;]","og_url":"https:\/\/tourcruiser.com\/fr\/products\/supreme-x-nike-sb-dunk-low-pro-white-cement-304292-001\/","og_site_name":"Tourcruiser Sneaker Store","article_modified_time":"2026-04-17T15:55:42+00:00","twitter_card":"summary_large_image","twitter_image":"https:\/\/images.novelship.com\/product\/supreme_x_nike_sb_dunk_low_pro__white_cement__3042_0_82639.jpeg;https:\/\/images.novelship.com\/product\/supreme_x_nike_sb_dunk_low_pro__white_cement__3042_1_82639.jpeg;https:\/\/images.novelship.com\/product\/supreme_x_nike_sb_dunk_low_pro__white_cement__3042_2_82639.jpeg;https:\/\/images.novelship.com\/product\/supreme_x_nike_sb_dunk_low_pro__white_cement__3042_3_82639.jpeg;https:\/\/images.novelship.com\/product\/supreme_x_nike_sb_dunk_low_pro__white_cement__3042_4_82639.jpeg;https:\/\/images.novelship.com\/product\/supreme_x_nike_sb_dunk_low_pro__white_cement__3042_5_82639.jpeg;https:\/\/images.novelship.com\/product\/supreme_x_nike_sb_dunk_low_pro__white_cement__3042_6_82639.jpeg;https:\/\/images.novelship.com\/product\/supreme_x_nike_sb_dunk_low_pro__white_cement__3042_7_82639.jpeg","schema":{"@context":"https:\/\/schema.org","@graph":[{"@type":"WebPage","@id":"https:\/\/tourcruiser.com\/fr\/products\/supreme-x-nike-sb-dunk-low-pro-white-cement-304292-001\/","url":"https:\/\/tourcruiser.com\/fr\/products\/supreme-x-nike-sb-dunk-low-pro-white-cement-304292-001\/","name":"Supreme x Nike SB Dunk Low Pro 'White Cement' 304292-001 - TOURCRUISER PTE. LTD","isPartOf":{"@id":"https:\/\/tourcruiser.com\/fr\/#website"},"primaryImageOfPage":{"@id":"https:\/\/tourcruiser.com\/fr\/products\/supreme-x-nike-sb-dunk-low-pro-white-cement-304292-001\/#primaryimage"},"image":{"@id":"https:\/\/tourcruiser.com\/fr\/products\/supreme-x-nike-sb-dunk-low-pro-white-cement-304292-001\/#primaryimage"},"thumbnailUrl":"https:\/\/images.novelship.com\/product\/supreme_x_nike_sb_dunk_low_pro__white_cement__3042_0_82639.jpeg;https:\/\/images.novelship.com\/product\/supreme_x_nike_sb_dunk_low_pro__white_cement__3042_1_82639.jpeg;https:\/\/images.novelship.com\/product\/supreme_x_nike_sb_dunk_low_pro__white_cement__3042_2_82639.jpeg;https:\/\/images.novelship.com\/product\/supreme_x_nike_sb_dunk_low_pro__white_cement__3042_3_82639.jpeg;https:\/\/images.novelship.com\/product\/supreme_x_nike_sb_dunk_low_pro__white_cement__3042_4_82639.jpeg;https:\/\/images.novelship.com\/product\/supreme_x_nike_sb_dunk_low_pro__white_cement__3042_5_82639.jpeg;https:\/\/images.novelship.com\/product\/supreme_x_nike_sb_dunk_low_pro__white_cement__3042_6_82639.jpeg;https:\/\/images.novelship.com\/product\/supreme_x_nike_sb_dunk_low_pro__white_cement__3042_7_82639.jpeg","datePublished":"2026-04-16T10:10:51+00:00","dateModified":"2026-04-17T15:55:42+00:00","breadcrumb":{"@id":"https:\/\/tourcruiser.com\/fr\/products\/supreme-x-nike-sb-dunk-low-pro-white-cement-304292-001\/#breadcrumb"},"inLanguage":"fr-FR","potentialAction":[{"@type":"ReadAction","target":["https:\/\/tourcruiser.com\/fr\/products\/supreme-x-nike-sb-dunk-low-pro-white-cement-304292-001\/"]}]},{"@type":"ImageObject","inLanguage":"fr-FR","@id":"https:\/\/tourcruiser.com\/fr\/products\/supreme-x-nike-sb-dunk-low-pro-white-cement-304292-001\/#primaryimage","url":"https:\/\/images.novelship.com\/product\/supreme_x_nike_sb_dunk_low_pro__white_cement__3042_0_82639.jpeg;https:\/\/images.novelship.com\/product\/supreme_x_nike_sb_dunk_low_pro__white_cement__3042_1_82639.jpeg;https:\/\/images.novelship.com\/product\/supreme_x_nike_sb_dunk_low_pro__white_cement__3042_2_82639.jpeg;https:\/\/images.novelship.com\/product\/supreme_x_nike_sb_dunk_low_pro__white_cement__3042_3_82639.jpeg;https:\/\/images.novelship.com\/product\/supreme_x_nike_sb_dunk_low_pro__white_cement__3042_4_82639.jpeg;https:\/\/images.novelship.com\/product\/supreme_x_nike_sb_dunk_low_pro__white_cement__3042_5_82639.jpeg;https:\/\/images.novelship.com\/product\/supreme_x_nike_sb_dunk_low_pro__white_cement__3042_6_82639.jpeg;https:\/\/images.novelship.com\/product\/supreme_x_nike_sb_dunk_low_pro__white_cement__3042_7_82639.jpeg","contentUrl":"https:\/\/images.novelship.com\/product\/supreme_x_nike_sb_dunk_low_pro__white_cement__3042_0_82639.jpeg;https:\/\/images.novelship.com\/product\/supreme_x_nike_sb_dunk_low_pro__white_cement__3042_1_82639.jpeg;https:\/\/images.novelship.com\/product\/supreme_x_nike_sb_dunk_low_pro__white_cement__3042_2_82639.jpeg;https:\/\/images.novelship.com\/product\/supreme_x_nike_sb_dunk_low_pro__white_cement__3042_3_82639.jpeg;https:\/\/images.novelship.com\/product\/supreme_x_nike_sb_dunk_low_pro__white_cement__3042_4_82639.jpeg;https:\/\/images.novelship.com\/product\/supreme_x_nike_sb_dunk_low_pro__white_cement__3042_5_82639.jpeg;https:\/\/images.novelship.com\/product\/supreme_x_nike_sb_dunk_low_pro__white_cement__3042_6_82639.jpeg;https:\/\/images.novelship.com\/product\/supreme_x_nike_sb_dunk_low_pro__white_cement__3042_7_82639.jpeg"},{"@type":"BreadcrumbList","@id":"https:\/\/tourcruiser.com\/fr\/products\/supreme-x-nike-sb-dunk-low-pro-white-cement-304292-001\/#breadcrumb","itemListElement":[{"@type":"ListItem","position":1,"name":"Home","item":"https:\/\/tourcruiser.com\/fr\/"},{"@type":"ListItem","position":2,"name":"Shop","item":"https:\/\/tourcruiser.com\/fr\/shop\/"},{"@type":"ListItem","position":3,"name":"Supreme x Nike SB Dunk Low Pro &#8216;White Cement&#8217; 304292-001"}]},{"@type":"WebSite","@id":"https:\/\/tourcruiser.com\/fr\/#website","url":"https:\/\/tourcruiser.com\/fr\/","name":"Styloral Jewelry Shop","description":"Tourcruiser Sneaker Store \u2014 L\u2019endroit o\u00f9 l\u2019univers rencontre votre singularit\u00e9.","publisher":{"@id":"https:\/\/tourcruiser.com\/fr\/#organization"},"potentialAction":[{"@type":"SearchAction","target":{"@type":"EntryPoint","urlTemplate":"https:\/\/tourcruiser.com\/fr\/?s={search_term_string}"},"query-input":{"@type":"PropertyValueSpecification","valueRequired":true,"valueName":"search_term_string"}}],"inLanguage":"fr-FR"},{"@type":"Organization","@id":"https:\/\/tourcruiser.com\/fr\/#organization","name":"STYLORAL PTE. LTD","url":"https:\/\/tourcruiser.com\/fr\/","logo":{"@type":"ImageObject","inLanguage":"fr-FR","@id":"https:\/\/tourcruiser.com\/fr\/#\/schema\/logo\/image\/","url":"https:\/\/www.tourcruiser.com\/wp-content\/uploads\/2025\/12\/logo.png","contentUrl":"https:\/\/www.tourcruiser.com\/wp-content\/uploads\/2025\/12\/logo.png","width":200,"height":65,"caption":"STYLORAL PTE. LTD"},"image":{"@id":"https:\/\/tourcruiser.com\/fr\/#\/schema\/logo\/image\/"}}]}},"_links":{"self":[{"href":"https:\/\/tourcruiser.com\/fr\/wp-json\/wp\/v2\/product\/764212","targetHints":{"allow":["GET"]}}],"collection":[{"href":"https:\/\/tourcruiser.com\/fr\/wp-json\/wp\/v2\/product"}],"about":[{"href":"https:\/\/tourcruiser.com\/fr\/wp-json\/wp\/v2\/types\/product"}],"replies":[{"embeddable":true,"href":"https:\/\/tourcruiser.com\/fr\/wp-json\/wp\/v2\/comments?post=764212"}],"wp:featuredmedia":[{"embeddable":true,"href":"https:\/\/tourcruiser.com\/fr\/wp-json\/wp\/v2\/media\/764213"}],"wp:attachment":[{"href":"https:\/\/tourcruiser.com\/fr\/wp-json\/wp\/v2\/media?parent=764212"}],"wp:term":[{"taxonomy":"product_brand","embeddable":true,"href":"https:\/\/tourcruiser.com\/fr\/wp-json\/wp\/v2\/product_brand?post=764212"},{"taxonomy":"product_cat","embeddable":true,"href":"https:\/\/tourcruiser.com\/fr\/wp-json\/wp\/v2\/product_cat?post=764212"},{"taxonomy":"product_tag","embeddable":true,"href":"https:\/\/tourcruiser.com\/fr\/wp-json\/wp\/v2\/product_tag?post=764212"}],"curies":[{"name":"wp","href":"https:\/\/api.w.org\/{rel}","templated":true}]}}