{"id":764185,"date":"2026-04-16T17:10:51","date_gmt":"2026-04-16T10:10:51","guid":{"rendered":"http:\/\/tourcruiser.com\/product\/air-jordan-8-retro-aqua-2015-305381-025"},"modified":"2026-04-17T21:57:12","modified_gmt":"2026-04-17T14:57:12","slug":"air-jordan-8-retro-aqua-2015-305381-025","status":"publish","type":"product","link":"https:\/\/tourcruiser.com\/fr\/products\/air-jordan-8-retro-aqua-2015-305381-025\/","title":{"rendered":"Air Jordan 8 Retro &lsquo;Aqua&rsquo; 2015 305381-025"},"content":{"rendered":"<p>D\u00e9couvrez la Air Jordan 8 Retro Aqua 2015 de Jordan. Cette sneaker iconique arbore un coloris noir \u00e9l\u00e9gant et s&rsquo;accorde parfaitement avec toutes vos tenues. Avec son style intemporel et son confort in\u00e9gal\u00e9, cette Aqua est un incontournable.<\/p>\n<p>&#8230; \u00c2ge\u00a0: Adultes<br \/>\nCouleur\u00a0: Noir<br \/>\nGenre\u00a0: Homme<\/p>\n","protected":false},"excerpt":{"rendered":"<p>D\u00e9couvrez la Air Jordan 8 Retro Aqua 2015 de Jordan. Cette sneaker iconique arbore un coloris noir \u00e9l\u00e9gant et s&rsquo;accorde parfaitement avec toutes vos tenues. Avec son style intemporel et son confort in\u00e9gal\u00e9, cette Aqua est un incontournable. &#8230; \u00c2ge\u00a0: Adultes Couleur\u00a0: Noir Genre\u00a0: Homme<\/p>\n","protected":false},"featured_media":764186,"comment_status":"open","ping_status":"closed","template":"","meta":[],"product_brand":[],"product_cat":[38880],"product_tag":[10750,10800,39012,38861,38841,38842,10776,11349,38875,10756],"class_list":{"0":"post-764185","1":"product","2":"type-product","3":"status-publish","4":"has-post-thumbnail","6":"product_cat-jordan","7":"product_tag-athleisure-shoes","8":"product_tag-basketball-shoes","9":"product_tag-basketball-inspired-leisure-shoes","10":"product_tag-below-retail-price","11":"product_tag-casual-shoes","12":"product_tag-gift-idea-for-him","13":"product_tag-jordan","14":"product_tag-jordan-basketball-shoes","15":"product_tag-jordan-skateboard-shoes","16":"product_tag-retro-casual-shoes","18":"first","19":"instock","20":"taxable","21":"shipping-taxable","22":"purchasable","23":"product-type-simple"},"wcpa_form_fields":null,"yoast_head":"<!-- This site is optimized with the Yoast SEO plugin v26.5 - https:\/\/yoast.com\/wordpress\/plugins\/seo\/ -->\n<title>Air Jordan 8 Retro &#039;Aqua&#039; 2015 305381-025 - TOURCRUISER PTE. LTD<\/title>\n<meta name=\"robots\" content=\"index, follow, max-snippet:-1, max-image-preview:large, max-video-preview:-1\" \/>\n<link rel=\"canonical\" href=\"https:\/\/tourcruiser.com\/fr\/products\/air-jordan-8-retro-aqua-2015-305381-025\/\" \/>\n<meta property=\"og:locale\" content=\"fr_FR\" \/>\n<meta property=\"og:type\" content=\"article\" \/>\n<meta property=\"og:title\" content=\"Air Jordan 8 Retro &#039;Aqua&#039; 2015 305381-025 - TOURCRUISER PTE. LTD\" \/>\n<meta property=\"og:description\" content=\"D\u00e9couvrez la Air Jordan 8 Retro Aqua 2015 de Jordan. Cette sneaker iconique arbore un coloris noir \u00e9l\u00e9gant et s&rsquo;accorde parfaitement avec toutes vos tenues. Avec son style intemporel et son confort in\u00e9gal\u00e9, cette Aqua est un incontournable. &#8230; \u00c2ge\u00a0: Adultes Couleur\u00a0: Noir Genre\u00a0: Homme\" \/>\n<meta property=\"og:url\" content=\"https:\/\/tourcruiser.com\/fr\/products\/air-jordan-8-retro-aqua-2015-305381-025\/\" \/>\n<meta property=\"og:site_name\" content=\"Tourcruiser Sneaker Store\" \/>\n<meta property=\"article:modified_time\" content=\"2026-04-17T14:57:12+00:00\" \/>\n<meta name=\"twitter:card\" content=\"summary_large_image\" \/>\n<meta name=\"twitter:image\" content=\"https:\/\/images.novelship.com\/product\/air_jordan_8_retro__aqua__2015_305381_025_0_69336.jpeg;https:\/\/images.novelship.com\/product\/air_jordan_8_retro__aqua__2015_305381_025_1_69336.jpeg;https:\/\/images.novelship.com\/product\/air_jordan_8_retro__aqua__2015_305381_025_2_69336.jpeg;https:\/\/images.novelship.com\/product\/air_jordan_8_retro__aqua__2015_305381_025_3_69336.jpeg;https:\/\/images.novelship.com\/product\/air_jordan_8_retro__aqua__2015_305381_025_4_69336.jpeg;https:\/\/images.novelship.com\/product\/air_jordan_8_retro__aqua__2015_305381_025_5_69336.jpeg;https:\/\/images.novelship.com\/product\/air_jordan_8_retro__aqua__2015_305381_025_6_69336.jpeg;https:\/\/images.novelship.com\/product\/air_jordan_8_retro__aqua__2015_305381_025_7_69336.jpeg\" \/>\n<script type=\"application\/ld+json\" class=\"yoast-schema-graph\">{\"@context\":\"https:\/\/schema.org\",\"@graph\":[{\"@type\":\"WebPage\",\"@id\":\"https:\/\/tourcruiser.com\/fr\/products\/air-jordan-8-retro-aqua-2015-305381-025\/\",\"url\":\"https:\/\/tourcruiser.com\/fr\/products\/air-jordan-8-retro-aqua-2015-305381-025\/\",\"name\":\"Air Jordan 8 Retro 'Aqua' 2015 305381-025 - TOURCRUISER PTE. LTD\",\"isPartOf\":{\"@id\":\"\/#website\"},\"primaryImageOfPage\":{\"@id\":\"https:\/\/tourcruiser.com\/fr\/products\/air-jordan-8-retro-aqua-2015-305381-025\/#primaryimage\"},\"image\":{\"@id\":\"https:\/\/tourcruiser.com\/fr\/products\/air-jordan-8-retro-aqua-2015-305381-025\/#primaryimage\"},\"thumbnailUrl\":\"https:\/\/images.novelship.com\/product\/air_jordan_8_retro__aqua__2015_305381_025_0_69336.jpeg;https:\/\/images.novelship.com\/product\/air_jordan_8_retro__aqua__2015_305381_025_1_69336.jpeg;https:\/\/images.novelship.com\/product\/air_jordan_8_retro__aqua__2015_305381_025_2_69336.jpeg;https:\/\/images.novelship.com\/product\/air_jordan_8_retro__aqua__2015_305381_025_3_69336.jpeg;https:\/\/images.novelship.com\/product\/air_jordan_8_retro__aqua__2015_305381_025_4_69336.jpeg;https:\/\/images.novelship.com\/product\/air_jordan_8_retro__aqua__2015_305381_025_5_69336.jpeg;https:\/\/images.novelship.com\/product\/air_jordan_8_retro__aqua__2015_305381_025_6_69336.jpeg;https:\/\/images.novelship.com\/product\/air_jordan_8_retro__aqua__2015_305381_025_7_69336.jpeg\",\"datePublished\":\"2026-04-16T10:10:51+00:00\",\"dateModified\":\"2026-04-17T14:57:12+00:00\",\"breadcrumb\":{\"@id\":\"https:\/\/tourcruiser.com\/fr\/products\/air-jordan-8-retro-aqua-2015-305381-025\/#breadcrumb\"},\"inLanguage\":\"fr-FR\",\"potentialAction\":[{\"@type\":\"ReadAction\",\"target\":[\"https:\/\/tourcruiser.com\/fr\/products\/air-jordan-8-retro-aqua-2015-305381-025\/\"]}]},{\"@type\":\"ImageObject\",\"inLanguage\":\"fr-FR\",\"@id\":\"https:\/\/tourcruiser.com\/fr\/products\/air-jordan-8-retro-aqua-2015-305381-025\/#primaryimage\",\"url\":\"https:\/\/images.novelship.com\/product\/air_jordan_8_retro__aqua__2015_305381_025_0_69336.jpeg;https:\/\/images.novelship.com\/product\/air_jordan_8_retro__aqua__2015_305381_025_1_69336.jpeg;https:\/\/images.novelship.com\/product\/air_jordan_8_retro__aqua__2015_305381_025_2_69336.jpeg;https:\/\/images.novelship.com\/product\/air_jordan_8_retro__aqua__2015_305381_025_3_69336.jpeg;https:\/\/images.novelship.com\/product\/air_jordan_8_retro__aqua__2015_305381_025_4_69336.jpeg;https:\/\/images.novelship.com\/product\/air_jordan_8_retro__aqua__2015_305381_025_5_69336.jpeg;https:\/\/images.novelship.com\/product\/air_jordan_8_retro__aqua__2015_305381_025_6_69336.jpeg;https:\/\/images.novelship.com\/product\/air_jordan_8_retro__aqua__2015_305381_025_7_69336.jpeg\",\"contentUrl\":\"https:\/\/images.novelship.com\/product\/air_jordan_8_retro__aqua__2015_305381_025_0_69336.jpeg;https:\/\/images.novelship.com\/product\/air_jordan_8_retro__aqua__2015_305381_025_1_69336.jpeg;https:\/\/images.novelship.com\/product\/air_jordan_8_retro__aqua__2015_305381_025_2_69336.jpeg;https:\/\/images.novelship.com\/product\/air_jordan_8_retro__aqua__2015_305381_025_3_69336.jpeg;https:\/\/images.novelship.com\/product\/air_jordan_8_retro__aqua__2015_305381_025_4_69336.jpeg;https:\/\/images.novelship.com\/product\/air_jordan_8_retro__aqua__2015_305381_025_5_69336.jpeg;https:\/\/images.novelship.com\/product\/air_jordan_8_retro__aqua__2015_305381_025_6_69336.jpeg;https:\/\/images.novelship.com\/product\/air_jordan_8_retro__aqua__2015_305381_025_7_69336.jpeg\"},{\"@type\":\"BreadcrumbList\",\"@id\":\"https:\/\/tourcruiser.com\/fr\/products\/air-jordan-8-retro-aqua-2015-305381-025\/#breadcrumb\",\"itemListElement\":[{\"@type\":\"ListItem\",\"position\":1,\"name\":\"Home\",\"item\":\"https:\/\/tourcruiser.com\/fr\/\"},{\"@type\":\"ListItem\",\"position\":2,\"name\":\"Shop\",\"item\":\"https:\/\/tourcruiser.com\/fr\/shop\/\"},{\"@type\":\"ListItem\",\"position\":3,\"name\":\"Air Jordan 8 Retro &#8216;Aqua&#8217; 2015 305381-025\"}]},{\"@type\":\"WebSite\",\"@id\":\"\/#website\",\"url\":\"\/\",\"name\":\"Styloral Jewelry Shop\",\"description\":\"Tourcruiser Sneaker Store \u2014 L\u2019endroit o\u00f9 l\u2019univers rencontre votre singularit\u00e9.\",\"publisher\":{\"@id\":\"\/#organization\"},\"potentialAction\":[{\"@type\":\"SearchAction\",\"target\":{\"@type\":\"EntryPoint\",\"urlTemplate\":\"\/?s={search_term_string}\"},\"query-input\":{\"@type\":\"PropertyValueSpecification\",\"valueRequired\":true,\"valueName\":\"search_term_string\"}}],\"inLanguage\":\"fr-FR\"},{\"@type\":\"Organization\",\"@id\":\"\/#organization\",\"name\":\"STYLORAL PTE. LTD\",\"url\":\"\/\",\"logo\":{\"@type\":\"ImageObject\",\"inLanguage\":\"fr-FR\",\"@id\":\"\/#\/schema\/logo\/image\/\",\"url\":\"https:\/\/www.tourcruiser.com\/wp-content\/uploads\/2025\/12\/logo.png\",\"contentUrl\":\"https:\/\/www.tourcruiser.com\/wp-content\/uploads\/2025\/12\/logo.png\",\"width\":200,\"height\":65,\"caption\":\"STYLORAL PTE. LTD\"},\"image\":{\"@id\":\"\/#\/schema\/logo\/image\/\"}}]}<\/script>\n<!-- \/ Yoast SEO plugin. -->","yoast_head_json":{"title":"Air Jordan 8 Retro 'Aqua' 2015 305381-025 - TOURCRUISER PTE. LTD","robots":{"index":"index","follow":"follow","max-snippet":"max-snippet:-1","max-image-preview":"max-image-preview:large","max-video-preview":"max-video-preview:-1"},"canonical":"https:\/\/tourcruiser.com\/fr\/products\/air-jordan-8-retro-aqua-2015-305381-025\/","og_locale":"fr_FR","og_type":"article","og_title":"Air Jordan 8 Retro 'Aqua' 2015 305381-025 - TOURCRUISER PTE. LTD","og_description":"D\u00e9couvrez la Air Jordan 8 Retro Aqua 2015 de Jordan. Cette sneaker iconique arbore un coloris noir \u00e9l\u00e9gant et s&rsquo;accorde parfaitement avec toutes vos tenues. Avec son style intemporel et son confort in\u00e9gal\u00e9, cette Aqua est un incontournable. &#8230; \u00c2ge\u00a0: Adultes Couleur\u00a0: Noir Genre\u00a0: Homme","og_url":"https:\/\/tourcruiser.com\/fr\/products\/air-jordan-8-retro-aqua-2015-305381-025\/","og_site_name":"Tourcruiser Sneaker Store","article_modified_time":"2026-04-17T14:57:12+00:00","twitter_card":"summary_large_image","twitter_image":"https:\/\/images.novelship.com\/product\/air_jordan_8_retro__aqua__2015_305381_025_0_69336.jpeg;https:\/\/images.novelship.com\/product\/air_jordan_8_retro__aqua__2015_305381_025_1_69336.jpeg;https:\/\/images.novelship.com\/product\/air_jordan_8_retro__aqua__2015_305381_025_2_69336.jpeg;https:\/\/images.novelship.com\/product\/air_jordan_8_retro__aqua__2015_305381_025_3_69336.jpeg;https:\/\/images.novelship.com\/product\/air_jordan_8_retro__aqua__2015_305381_025_4_69336.jpeg;https:\/\/images.novelship.com\/product\/air_jordan_8_retro__aqua__2015_305381_025_5_69336.jpeg;https:\/\/images.novelship.com\/product\/air_jordan_8_retro__aqua__2015_305381_025_6_69336.jpeg;https:\/\/images.novelship.com\/product\/air_jordan_8_retro__aqua__2015_305381_025_7_69336.jpeg","schema":{"@context":"https:\/\/schema.org","@graph":[{"@type":"WebPage","@id":"https:\/\/tourcruiser.com\/fr\/products\/air-jordan-8-retro-aqua-2015-305381-025\/","url":"https:\/\/tourcruiser.com\/fr\/products\/air-jordan-8-retro-aqua-2015-305381-025\/","name":"Air Jordan 8 Retro 'Aqua' 2015 305381-025 - TOURCRUISER PTE. LTD","isPartOf":{"@id":"\/#website"},"primaryImageOfPage":{"@id":"https:\/\/tourcruiser.com\/fr\/products\/air-jordan-8-retro-aqua-2015-305381-025\/#primaryimage"},"image":{"@id":"https:\/\/tourcruiser.com\/fr\/products\/air-jordan-8-retro-aqua-2015-305381-025\/#primaryimage"},"thumbnailUrl":"https:\/\/images.novelship.com\/product\/air_jordan_8_retro__aqua__2015_305381_025_0_69336.jpeg;https:\/\/images.novelship.com\/product\/air_jordan_8_retro__aqua__2015_305381_025_1_69336.jpeg;https:\/\/images.novelship.com\/product\/air_jordan_8_retro__aqua__2015_305381_025_2_69336.jpeg;https:\/\/images.novelship.com\/product\/air_jordan_8_retro__aqua__2015_305381_025_3_69336.jpeg;https:\/\/images.novelship.com\/product\/air_jordan_8_retro__aqua__2015_305381_025_4_69336.jpeg;https:\/\/images.novelship.com\/product\/air_jordan_8_retro__aqua__2015_305381_025_5_69336.jpeg;https:\/\/images.novelship.com\/product\/air_jordan_8_retro__aqua__2015_305381_025_6_69336.jpeg;https:\/\/images.novelship.com\/product\/air_jordan_8_retro__aqua__2015_305381_025_7_69336.jpeg","datePublished":"2026-04-16T10:10:51+00:00","dateModified":"2026-04-17T14:57:12+00:00","breadcrumb":{"@id":"https:\/\/tourcruiser.com\/fr\/products\/air-jordan-8-retro-aqua-2015-305381-025\/#breadcrumb"},"inLanguage":"fr-FR","potentialAction":[{"@type":"ReadAction","target":["https:\/\/tourcruiser.com\/fr\/products\/air-jordan-8-retro-aqua-2015-305381-025\/"]}]},{"@type":"ImageObject","inLanguage":"fr-FR","@id":"https:\/\/tourcruiser.com\/fr\/products\/air-jordan-8-retro-aqua-2015-305381-025\/#primaryimage","url":"https:\/\/images.novelship.com\/product\/air_jordan_8_retro__aqua__2015_305381_025_0_69336.jpeg;https:\/\/images.novelship.com\/product\/air_jordan_8_retro__aqua__2015_305381_025_1_69336.jpeg;https:\/\/images.novelship.com\/product\/air_jordan_8_retro__aqua__2015_305381_025_2_69336.jpeg;https:\/\/images.novelship.com\/product\/air_jordan_8_retro__aqua__2015_305381_025_3_69336.jpeg;https:\/\/images.novelship.com\/product\/air_jordan_8_retro__aqua__2015_305381_025_4_69336.jpeg;https:\/\/images.novelship.com\/product\/air_jordan_8_retro__aqua__2015_305381_025_5_69336.jpeg;https:\/\/images.novelship.com\/product\/air_jordan_8_retro__aqua__2015_305381_025_6_69336.jpeg;https:\/\/images.novelship.com\/product\/air_jordan_8_retro__aqua__2015_305381_025_7_69336.jpeg","contentUrl":"https:\/\/images.novelship.com\/product\/air_jordan_8_retro__aqua__2015_305381_025_0_69336.jpeg;https:\/\/images.novelship.com\/product\/air_jordan_8_retro__aqua__2015_305381_025_1_69336.jpeg;https:\/\/images.novelship.com\/product\/air_jordan_8_retro__aqua__2015_305381_025_2_69336.jpeg;https:\/\/images.novelship.com\/product\/air_jordan_8_retro__aqua__2015_305381_025_3_69336.jpeg;https:\/\/images.novelship.com\/product\/air_jordan_8_retro__aqua__2015_305381_025_4_69336.jpeg;https:\/\/images.novelship.com\/product\/air_jordan_8_retro__aqua__2015_305381_025_5_69336.jpeg;https:\/\/images.novelship.com\/product\/air_jordan_8_retro__aqua__2015_305381_025_6_69336.jpeg;https:\/\/images.novelship.com\/product\/air_jordan_8_retro__aqua__2015_305381_025_7_69336.jpeg"},{"@type":"BreadcrumbList","@id":"https:\/\/tourcruiser.com\/fr\/products\/air-jordan-8-retro-aqua-2015-305381-025\/#breadcrumb","itemListElement":[{"@type":"ListItem","position":1,"name":"Home","item":"https:\/\/tourcruiser.com\/fr\/"},{"@type":"ListItem","position":2,"name":"Shop","item":"https:\/\/tourcruiser.com\/fr\/shop\/"},{"@type":"ListItem","position":3,"name":"Air Jordan 8 Retro &#8216;Aqua&#8217; 2015 305381-025"}]},{"@type":"WebSite","@id":"\/#website","url":"\/","name":"Styloral Jewelry Shop","description":"Tourcruiser Sneaker Store \u2014 L\u2019endroit o\u00f9 l\u2019univers rencontre votre singularit\u00e9.","publisher":{"@id":"\/#organization"},"potentialAction":[{"@type":"SearchAction","target":{"@type":"EntryPoint","urlTemplate":"\/?s={search_term_string}"},"query-input":{"@type":"PropertyValueSpecification","valueRequired":true,"valueName":"search_term_string"}}],"inLanguage":"fr-FR"},{"@type":"Organization","@id":"\/#organization","name":"STYLORAL PTE. LTD","url":"\/","logo":{"@type":"ImageObject","inLanguage":"fr-FR","@id":"\/#\/schema\/logo\/image\/","url":"https:\/\/www.tourcruiser.com\/wp-content\/uploads\/2025\/12\/logo.png","contentUrl":"https:\/\/www.tourcruiser.com\/wp-content\/uploads\/2025\/12\/logo.png","width":200,"height":65,"caption":"STYLORAL PTE. LTD"},"image":{"@id":"\/#\/schema\/logo\/image\/"}}]}},"_links":{"self":[{"href":"https:\/\/tourcruiser.com\/fr\/wp-json\/wp\/v2\/product\/764185","targetHints":{"allow":["GET"]}}],"collection":[{"href":"https:\/\/tourcruiser.com\/fr\/wp-json\/wp\/v2\/product"}],"about":[{"href":"https:\/\/tourcruiser.com\/fr\/wp-json\/wp\/v2\/types\/product"}],"replies":[{"embeddable":true,"href":"https:\/\/tourcruiser.com\/fr\/wp-json\/wp\/v2\/comments?post=764185"}],"wp:featuredmedia":[{"embeddable":true,"href":"https:\/\/tourcruiser.com\/fr\/wp-json\/wp\/v2\/media\/764186"}],"wp:attachment":[{"href":"https:\/\/tourcruiser.com\/fr\/wp-json\/wp\/v2\/media?parent=764185"}],"wp:term":[{"taxonomy":"product_brand","embeddable":true,"href":"https:\/\/tourcruiser.com\/fr\/wp-json\/wp\/v2\/product_brand?post=764185"},{"taxonomy":"product_cat","embeddable":true,"href":"https:\/\/tourcruiser.com\/fr\/wp-json\/wp\/v2\/product_cat?post=764185"},{"taxonomy":"product_tag","embeddable":true,"href":"https:\/\/tourcruiser.com\/fr\/wp-json\/wp\/v2\/product_tag?post=764185"}],"curies":[{"name":"wp","href":"https:\/\/api.w.org\/{rel}","templated":true}]}}