{"id":764019,"date":"2026-04-16T17:10:46","date_gmt":"2026-04-16T10:10:46","guid":{"rendered":"http:\/\/tourcruiser.com\/product\/nike-air-zoom-gt-cut-blue-void-siren-red-cz0175-400"},"modified":"2026-04-17T21:52:59","modified_gmt":"2026-04-17T14:52:59","slug":"nike-air-zoom-gt-cut-blue-void-siren-red-cz0175-400","status":"publish","type":"product","link":"https:\/\/tourcruiser.com\/fr\/products\/nike-air-zoom-gt-cut-blue-void-siren-red-cz0175-400\/","title":{"rendered":"Nike Air Zoom GT Cut &lsquo;Blue Void Siren Red&rsquo; CZ0175-400"},"content":{"rendered":"<p>D\u00e9couvrez la Nike Air Zoom GT Cut Blue Void Siren Red. Con\u00e7ue par Nike, cette chaussure arbore une teinte bleu-vert saisissante, alliant style et performance. La technologie Air Zoom offre un confort sup\u00e9rieur et un amorti optimal, id\u00e9al pour toutes vos activit\u00e9s. Vivez une exp\u00e9rience sportive ultime avec la derni\u00e8re cr\u00e9ation de Nike.<\/p>\n<p>\u2026 \u00c2ge\u00a0: Adultes<br \/>\nCouleur\u00a0: Violet<br \/>\nGenre\u00a0: Homme<\/p>\n","protected":false},"excerpt":{"rendered":"<p>D\u00e9couvrez la Nike Air Zoom GT Cut Blue Void Siren Red. Con\u00e7ue par Nike, cette chaussure arbore une teinte bleu-vert saisissante, alliant style et performance. La technologie Air Zoom offre un confort sup\u00e9rieur et un amorti optimal, id\u00e9al pour toutes vos activit\u00e9s. Vivez une exp\u00e9rience sportive ultime avec la derni\u00e8re cr\u00e9ation de Nike. \u2026 \u00c2ge\u00a0: [&hellip;]<\/p>\n","protected":false},"featured_media":764020,"comment_status":"open","ping_status":"closed","template":"","meta":[],"product_brand":[],"product_cat":[10803],"product_tag":[10800,38839,38878,38842,10801,11223,38887,38846],"class_list":{"0":"post-764019","1":"product","2":"type-product","3":"status-publish","4":"has-post-thumbnail","6":"product_cat-nike","7":"product_tag-basketball-shoes","8":"product_tag-basketball-shoes-with-ankle-support","9":"product_tag-current-offers","10":"product_tag-gift-idea-for-him","11":"product_tag-nike","12":"product_tag-nike-basketball-shoes","13":"product_tag-nike-skateboard-shoes","14":"product_tag-performance-sports-shoes","15":"wcpa_has_options","17":"first","18":"instock","19":"taxable","20":"shipping-taxable","21":"purchasable","22":"product-type-simple"},"wcpa_form_fields":{"rules":{"pric_overide_base_price":false,"pric_overide_base_price_if_gt_zero":false,"pric_overide_base_price_fully":false,"pric_cal_option_once":false,"pric_use_as_fee":false,"bind_quantity":false,"quantity_bind_formula":false},"fields":[{"type":"color-group","required":true,"elementId":"wcpa-color-group-66c4a75505e74","label":"Taille","inline":true,"priceOptions":"different_for_all","pricingType":"fixed","className":"hassizechart product-shoes-size-eu product-shoes-size","name":"color-group-66c4a75505e89","disp_type":"square","selection_type":"tick-border","disp_size":"44","show_label_inside":true,"adjust_width":true,"cart_display_type":"text","other_text":"Other","cl_rule":"show","col":6,"values":[{"label":"35.5","value":"EU 35.5","price":"","pimage":"","pimage_id":"","pthumb":"","color":""},{"label":"36","value":"EU 36","price":"","pimage":"","pimage_id":"","pthumb":"","color":"","selected":true},{"label":"36.5","value":"EU 36.5","price":"","pimage":"","pimage_id":"","pthumb":"","color":""},{"label":"37.5","value":"EU 37.5","price":"","pimage":"","pimage_id":"","pthumb":"","color":""},{"label":"38","value":"EU 38","price":"","pimage":"","pimage_id":"","pthumb":"","color":""},{"label":"38.5","value":"EU 38.5","price":"","pimage":"","pimage_id":"","pthumb":"","color":""},{"label":"39","value":"EU 39","price":"","pimage":"","pimage_id":"","pthumb":"","color":""},{"label":"40","value":"EU 40","price":"","pimage":"","pimage_id":"","pthumb":"","color":""},{"label":"40.5","value":"EU 40.5","price":"","pimage":"","pimage_id":"","pthumb":"","color":""},{"label":"41","value":"EU 41","price":"","pimage":"","pimage_id":"","pthumb":"","color":""},{"label":"42","value":"EU 42","price":"","pimage":"","pimage_id":"","pthumb":"","color":""},{"label":"42.5","value":"EU 42.5","price":"","pimage":"","pimage_id":"","pthumb":"","color":""},{"label":"43","value":"EU 43","price":"","pimage":"","pimage_id":"","pthumb":"","color":""},{"label":"44","value":"EU 44","price":"","pimage":"","pimage_id":"","pthumb":"","color":""},{"label":"44.5","value":"EU 44.5","price":"","pimage":"","pimage_id":"","pthumb":"","color":""},{"label":"45","value":"EU 45","price":"","pimage":"","pimage_id":"","pthumb":"","color":""},{"label":"45.5","value":"EU 45.5","price":"","pimage":"","pimage_id":"","pthumb":"","color":""},{"label":"46","value":"EU 46","price":"","pimage":"","pimage_id":"","pthumb":"","color":""},{"label":"47","value":"EU 47","price":"","pimage":"","pimage_id":"","pthumb":"","color":""},{"label":"47.5","value":"EU 47.5","price":"","pimage":"","pimage_id":"","pthumb":"","color":""},{"label":"48","value":"EU 48","price":"","pimage":"","pimage_id":"","pthumb":"","color":""}],"relations":[{"operator":false,"rules":[]}],"form_id":18106,"form_rules":{"pric_cal_option_once":false,"exclude_from_discount":false,"pric_use_as_fee":false,"fee_label":"Fee","render_after_acb":false,"disp_hide_options_price":false}}]},"yoast_head":"<!-- This site is optimized with the Yoast SEO plugin v26.5 - https:\/\/yoast.com\/wordpress\/plugins\/seo\/ -->\n<title>Nike Air Zoom GT Cut &#039;Blue Void Siren Red&#039; CZ0175-400 - TOURCRUISER PTE. LTD<\/title>\n<meta name=\"robots\" content=\"index, follow, max-snippet:-1, max-image-preview:large, max-video-preview:-1\" \/>\n<link rel=\"canonical\" href=\"https:\/\/tourcruiser.com\/fr\/products\/nike-air-zoom-gt-cut-blue-void-siren-red-cz0175-400\/\" \/>\n<meta property=\"og:locale\" content=\"fr_FR\" \/>\n<meta property=\"og:type\" content=\"article\" \/>\n<meta property=\"og:title\" content=\"Nike Air Zoom GT Cut &#039;Blue Void Siren Red&#039; CZ0175-400 - TOURCRUISER PTE. LTD\" \/>\n<meta property=\"og:description\" content=\"D\u00e9couvrez la Nike Air Zoom GT Cut Blue Void Siren Red. Con\u00e7ue par Nike, cette chaussure arbore une teinte bleu-vert saisissante, alliant style et performance. La technologie Air Zoom offre un confort sup\u00e9rieur et un amorti optimal, id\u00e9al pour toutes vos activit\u00e9s. Vivez une exp\u00e9rience sportive ultime avec la derni\u00e8re cr\u00e9ation de Nike. \u2026 \u00c2ge\u00a0: [&hellip;]\" \/>\n<meta property=\"og:url\" content=\"https:\/\/tourcruiser.com\/fr\/products\/nike-air-zoom-gt-cut-blue-void-siren-red-cz0175-400\/\" \/>\n<meta property=\"og:site_name\" content=\"Tourcruiser Sneaker Store\" \/>\n<meta property=\"article:modified_time\" content=\"2026-04-17T14:52:59+00:00\" \/>\n<meta name=\"twitter:card\" content=\"summary_large_image\" \/>\n<meta name=\"twitter:image\" content=\"https:\/\/images.novelship.com\/product\/nike_air_zoom_gt_cut__blue_void_siren_red__cz0175__0_89630.jpeg;https:\/\/images.novelship.com\/product\/nike_air_zoom_gt_cut__blue_void_siren_red__cz0175__1_89630.jpeg;https:\/\/images.novelship.com\/product\/nike_air_zoom_gt_cut__blue_void_siren_red__cz0175__2_89631.jpeg;https:\/\/images.novelship.com\/product\/nike_air_zoom_gt_cut__blue_void_siren_red__cz0175__3_89631.jpeg;https:\/\/images.novelship.com\/product\/nike_air_zoom_gt_cut__blue_void_siren_red__cz0175__4_89631.jpeg;https:\/\/images.novelship.com\/product\/nike_air_zoom_gt_cut__blue_void_siren_red__cz0175__5_89631.jpeg;https:\/\/images.novelship.com\/product\/nike_air_zoom_gt_cut__blue_void_siren_red__cz0175__6_89631.jpeg;https:\/\/images.novelship.com\/product\/nike_air_zoom_gt_cut__blue_void_siren_red__cz0175__7_89631.jpeg\" \/>\n<script type=\"application\/ld+json\" class=\"yoast-schema-graph\">{\"@context\":\"https:\/\/schema.org\",\"@graph\":[{\"@type\":\"WebPage\",\"@id\":\"https:\/\/tourcruiser.com\/fr\/products\/nike-air-zoom-gt-cut-blue-void-siren-red-cz0175-400\/\",\"url\":\"https:\/\/tourcruiser.com\/fr\/products\/nike-air-zoom-gt-cut-blue-void-siren-red-cz0175-400\/\",\"name\":\"Nike Air Zoom GT Cut 'Blue Void Siren Red' CZ0175-400 - TOURCRUISER PTE. LTD\",\"isPartOf\":{\"@id\":\"https:\/\/tourcruiser.com\/fr\/#website\"},\"primaryImageOfPage\":{\"@id\":\"https:\/\/tourcruiser.com\/fr\/products\/nike-air-zoom-gt-cut-blue-void-siren-red-cz0175-400\/#primaryimage\"},\"image\":{\"@id\":\"https:\/\/tourcruiser.com\/fr\/products\/nike-air-zoom-gt-cut-blue-void-siren-red-cz0175-400\/#primaryimage\"},\"thumbnailUrl\":\"https:\/\/images.novelship.com\/product\/nike_air_zoom_gt_cut__blue_void_siren_red__cz0175__0_89630.jpeg;https:\/\/images.novelship.com\/product\/nike_air_zoom_gt_cut__blue_void_siren_red__cz0175__1_89630.jpeg;https:\/\/images.novelship.com\/product\/nike_air_zoom_gt_cut__blue_void_siren_red__cz0175__2_89631.jpeg;https:\/\/images.novelship.com\/product\/nike_air_zoom_gt_cut__blue_void_siren_red__cz0175__3_89631.jpeg;https:\/\/images.novelship.com\/product\/nike_air_zoom_gt_cut__blue_void_siren_red__cz0175__4_89631.jpeg;https:\/\/images.novelship.com\/product\/nike_air_zoom_gt_cut__blue_void_siren_red__cz0175__5_89631.jpeg;https:\/\/images.novelship.com\/product\/nike_air_zoom_gt_cut__blue_void_siren_red__cz0175__6_89631.jpeg;https:\/\/images.novelship.com\/product\/nike_air_zoom_gt_cut__blue_void_siren_red__cz0175__7_89631.jpeg\",\"datePublished\":\"2026-04-16T10:10:46+00:00\",\"dateModified\":\"2026-04-17T14:52:59+00:00\",\"breadcrumb\":{\"@id\":\"https:\/\/tourcruiser.com\/fr\/products\/nike-air-zoom-gt-cut-blue-void-siren-red-cz0175-400\/#breadcrumb\"},\"inLanguage\":\"fr-FR\",\"potentialAction\":[{\"@type\":\"ReadAction\",\"target\":[\"https:\/\/tourcruiser.com\/fr\/products\/nike-air-zoom-gt-cut-blue-void-siren-red-cz0175-400\/\"]}]},{\"@type\":\"ImageObject\",\"inLanguage\":\"fr-FR\",\"@id\":\"https:\/\/tourcruiser.com\/fr\/products\/nike-air-zoom-gt-cut-blue-void-siren-red-cz0175-400\/#primaryimage\",\"url\":\"https:\/\/images.novelship.com\/product\/nike_air_zoom_gt_cut__blue_void_siren_red__cz0175__0_89630.jpeg;https:\/\/images.novelship.com\/product\/nike_air_zoom_gt_cut__blue_void_siren_red__cz0175__1_89630.jpeg;https:\/\/images.novelship.com\/product\/nike_air_zoom_gt_cut__blue_void_siren_red__cz0175__2_89631.jpeg;https:\/\/images.novelship.com\/product\/nike_air_zoom_gt_cut__blue_void_siren_red__cz0175__3_89631.jpeg;https:\/\/images.novelship.com\/product\/nike_air_zoom_gt_cut__blue_void_siren_red__cz0175__4_89631.jpeg;https:\/\/images.novelship.com\/product\/nike_air_zoom_gt_cut__blue_void_siren_red__cz0175__5_89631.jpeg;https:\/\/images.novelship.com\/product\/nike_air_zoom_gt_cut__blue_void_siren_red__cz0175__6_89631.jpeg;https:\/\/images.novelship.com\/product\/nike_air_zoom_gt_cut__blue_void_siren_red__cz0175__7_89631.jpeg\",\"contentUrl\":\"https:\/\/images.novelship.com\/product\/nike_air_zoom_gt_cut__blue_void_siren_red__cz0175__0_89630.jpeg;https:\/\/images.novelship.com\/product\/nike_air_zoom_gt_cut__blue_void_siren_red__cz0175__1_89630.jpeg;https:\/\/images.novelship.com\/product\/nike_air_zoom_gt_cut__blue_void_siren_red__cz0175__2_89631.jpeg;https:\/\/images.novelship.com\/product\/nike_air_zoom_gt_cut__blue_void_siren_red__cz0175__3_89631.jpeg;https:\/\/images.novelship.com\/product\/nike_air_zoom_gt_cut__blue_void_siren_red__cz0175__4_89631.jpeg;https:\/\/images.novelship.com\/product\/nike_air_zoom_gt_cut__blue_void_siren_red__cz0175__5_89631.jpeg;https:\/\/images.novelship.com\/product\/nike_air_zoom_gt_cut__blue_void_siren_red__cz0175__6_89631.jpeg;https:\/\/images.novelship.com\/product\/nike_air_zoom_gt_cut__blue_void_siren_red__cz0175__7_89631.jpeg\"},{\"@type\":\"BreadcrumbList\",\"@id\":\"https:\/\/tourcruiser.com\/fr\/products\/nike-air-zoom-gt-cut-blue-void-siren-red-cz0175-400\/#breadcrumb\",\"itemListElement\":[{\"@type\":\"ListItem\",\"position\":1,\"name\":\"Home\",\"item\":\"https:\/\/tourcruiser.com\/fr\/\"},{\"@type\":\"ListItem\",\"position\":2,\"name\":\"Shop\",\"item\":\"https:\/\/tourcruiser.com\/fr\/shop\/\"},{\"@type\":\"ListItem\",\"position\":3,\"name\":\"Nike Air Zoom GT Cut &#8216;Blue Void Siren Red&#8217; CZ0175-400\"}]},{\"@type\":\"WebSite\",\"@id\":\"https:\/\/tourcruiser.com\/fr\/#website\",\"url\":\"https:\/\/tourcruiser.com\/fr\/\",\"name\":\"Styloral Jewelry Shop\",\"description\":\"Tourcruiser Sneaker Store \u2014 L\u2019endroit o\u00f9 l\u2019univers rencontre votre singularit\u00e9.\",\"publisher\":{\"@id\":\"https:\/\/tourcruiser.com\/fr\/#organization\"},\"potentialAction\":[{\"@type\":\"SearchAction\",\"target\":{\"@type\":\"EntryPoint\",\"urlTemplate\":\"https:\/\/tourcruiser.com\/fr\/?s={search_term_string}\"},\"query-input\":{\"@type\":\"PropertyValueSpecification\",\"valueRequired\":true,\"valueName\":\"search_term_string\"}}],\"inLanguage\":\"fr-FR\"},{\"@type\":\"Organization\",\"@id\":\"https:\/\/tourcruiser.com\/fr\/#organization\",\"name\":\"STYLORAL PTE. LTD\",\"url\":\"https:\/\/tourcruiser.com\/fr\/\",\"logo\":{\"@type\":\"ImageObject\",\"inLanguage\":\"fr-FR\",\"@id\":\"https:\/\/tourcruiser.com\/fr\/#\/schema\/logo\/image\/\",\"url\":\"https:\/\/www.tourcruiser.com\/wp-content\/uploads\/2025\/12\/logo.png\",\"contentUrl\":\"https:\/\/www.tourcruiser.com\/wp-content\/uploads\/2025\/12\/logo.png\",\"width\":200,\"height\":65,\"caption\":\"STYLORAL PTE. LTD\"},\"image\":{\"@id\":\"https:\/\/tourcruiser.com\/fr\/#\/schema\/logo\/image\/\"}}]}<\/script>\n<!-- \/ Yoast SEO plugin. -->","yoast_head_json":{"title":"Nike Air Zoom GT Cut 'Blue Void Siren Red' CZ0175-400 - TOURCRUISER PTE. LTD","robots":{"index":"index","follow":"follow","max-snippet":"max-snippet:-1","max-image-preview":"max-image-preview:large","max-video-preview":"max-video-preview:-1"},"canonical":"https:\/\/tourcruiser.com\/fr\/products\/nike-air-zoom-gt-cut-blue-void-siren-red-cz0175-400\/","og_locale":"fr_FR","og_type":"article","og_title":"Nike Air Zoom GT Cut 'Blue Void Siren Red' CZ0175-400 - TOURCRUISER PTE. LTD","og_description":"D\u00e9couvrez la Nike Air Zoom GT Cut Blue Void Siren Red. Con\u00e7ue par Nike, cette chaussure arbore une teinte bleu-vert saisissante, alliant style et performance. La technologie Air Zoom offre un confort sup\u00e9rieur et un amorti optimal, id\u00e9al pour toutes vos activit\u00e9s. Vivez une exp\u00e9rience sportive ultime avec la derni\u00e8re cr\u00e9ation de Nike. \u2026 \u00c2ge\u00a0: [&hellip;]","og_url":"https:\/\/tourcruiser.com\/fr\/products\/nike-air-zoom-gt-cut-blue-void-siren-red-cz0175-400\/","og_site_name":"Tourcruiser Sneaker Store","article_modified_time":"2026-04-17T14:52:59+00:00","twitter_card":"summary_large_image","twitter_image":"https:\/\/images.novelship.com\/product\/nike_air_zoom_gt_cut__blue_void_siren_red__cz0175__0_89630.jpeg;https:\/\/images.novelship.com\/product\/nike_air_zoom_gt_cut__blue_void_siren_red__cz0175__1_89630.jpeg;https:\/\/images.novelship.com\/product\/nike_air_zoom_gt_cut__blue_void_siren_red__cz0175__2_89631.jpeg;https:\/\/images.novelship.com\/product\/nike_air_zoom_gt_cut__blue_void_siren_red__cz0175__3_89631.jpeg;https:\/\/images.novelship.com\/product\/nike_air_zoom_gt_cut__blue_void_siren_red__cz0175__4_89631.jpeg;https:\/\/images.novelship.com\/product\/nike_air_zoom_gt_cut__blue_void_siren_red__cz0175__5_89631.jpeg;https:\/\/images.novelship.com\/product\/nike_air_zoom_gt_cut__blue_void_siren_red__cz0175__6_89631.jpeg;https:\/\/images.novelship.com\/product\/nike_air_zoom_gt_cut__blue_void_siren_red__cz0175__7_89631.jpeg","schema":{"@context":"https:\/\/schema.org","@graph":[{"@type":"WebPage","@id":"https:\/\/tourcruiser.com\/fr\/products\/nike-air-zoom-gt-cut-blue-void-siren-red-cz0175-400\/","url":"https:\/\/tourcruiser.com\/fr\/products\/nike-air-zoom-gt-cut-blue-void-siren-red-cz0175-400\/","name":"Nike Air Zoom GT Cut 'Blue Void Siren Red' CZ0175-400 - TOURCRUISER PTE. LTD","isPartOf":{"@id":"https:\/\/tourcruiser.com\/fr\/#website"},"primaryImageOfPage":{"@id":"https:\/\/tourcruiser.com\/fr\/products\/nike-air-zoom-gt-cut-blue-void-siren-red-cz0175-400\/#primaryimage"},"image":{"@id":"https:\/\/tourcruiser.com\/fr\/products\/nike-air-zoom-gt-cut-blue-void-siren-red-cz0175-400\/#primaryimage"},"thumbnailUrl":"https:\/\/images.novelship.com\/product\/nike_air_zoom_gt_cut__blue_void_siren_red__cz0175__0_89630.jpeg;https:\/\/images.novelship.com\/product\/nike_air_zoom_gt_cut__blue_void_siren_red__cz0175__1_89630.jpeg;https:\/\/images.novelship.com\/product\/nike_air_zoom_gt_cut__blue_void_siren_red__cz0175__2_89631.jpeg;https:\/\/images.novelship.com\/product\/nike_air_zoom_gt_cut__blue_void_siren_red__cz0175__3_89631.jpeg;https:\/\/images.novelship.com\/product\/nike_air_zoom_gt_cut__blue_void_siren_red__cz0175__4_89631.jpeg;https:\/\/images.novelship.com\/product\/nike_air_zoom_gt_cut__blue_void_siren_red__cz0175__5_89631.jpeg;https:\/\/images.novelship.com\/product\/nike_air_zoom_gt_cut__blue_void_siren_red__cz0175__6_89631.jpeg;https:\/\/images.novelship.com\/product\/nike_air_zoom_gt_cut__blue_void_siren_red__cz0175__7_89631.jpeg","datePublished":"2026-04-16T10:10:46+00:00","dateModified":"2026-04-17T14:52:59+00:00","breadcrumb":{"@id":"https:\/\/tourcruiser.com\/fr\/products\/nike-air-zoom-gt-cut-blue-void-siren-red-cz0175-400\/#breadcrumb"},"inLanguage":"fr-FR","potentialAction":[{"@type":"ReadAction","target":["https:\/\/tourcruiser.com\/fr\/products\/nike-air-zoom-gt-cut-blue-void-siren-red-cz0175-400\/"]}]},{"@type":"ImageObject","inLanguage":"fr-FR","@id":"https:\/\/tourcruiser.com\/fr\/products\/nike-air-zoom-gt-cut-blue-void-siren-red-cz0175-400\/#primaryimage","url":"https:\/\/images.novelship.com\/product\/nike_air_zoom_gt_cut__blue_void_siren_red__cz0175__0_89630.jpeg;https:\/\/images.novelship.com\/product\/nike_air_zoom_gt_cut__blue_void_siren_red__cz0175__1_89630.jpeg;https:\/\/images.novelship.com\/product\/nike_air_zoom_gt_cut__blue_void_siren_red__cz0175__2_89631.jpeg;https:\/\/images.novelship.com\/product\/nike_air_zoom_gt_cut__blue_void_siren_red__cz0175__3_89631.jpeg;https:\/\/images.novelship.com\/product\/nike_air_zoom_gt_cut__blue_void_siren_red__cz0175__4_89631.jpeg;https:\/\/images.novelship.com\/product\/nike_air_zoom_gt_cut__blue_void_siren_red__cz0175__5_89631.jpeg;https:\/\/images.novelship.com\/product\/nike_air_zoom_gt_cut__blue_void_siren_red__cz0175__6_89631.jpeg;https:\/\/images.novelship.com\/product\/nike_air_zoom_gt_cut__blue_void_siren_red__cz0175__7_89631.jpeg","contentUrl":"https:\/\/images.novelship.com\/product\/nike_air_zoom_gt_cut__blue_void_siren_red__cz0175__0_89630.jpeg;https:\/\/images.novelship.com\/product\/nike_air_zoom_gt_cut__blue_void_siren_red__cz0175__1_89630.jpeg;https:\/\/images.novelship.com\/product\/nike_air_zoom_gt_cut__blue_void_siren_red__cz0175__2_89631.jpeg;https:\/\/images.novelship.com\/product\/nike_air_zoom_gt_cut__blue_void_siren_red__cz0175__3_89631.jpeg;https:\/\/images.novelship.com\/product\/nike_air_zoom_gt_cut__blue_void_siren_red__cz0175__4_89631.jpeg;https:\/\/images.novelship.com\/product\/nike_air_zoom_gt_cut__blue_void_siren_red__cz0175__5_89631.jpeg;https:\/\/images.novelship.com\/product\/nike_air_zoom_gt_cut__blue_void_siren_red__cz0175__6_89631.jpeg;https:\/\/images.novelship.com\/product\/nike_air_zoom_gt_cut__blue_void_siren_red__cz0175__7_89631.jpeg"},{"@type":"BreadcrumbList","@id":"https:\/\/tourcruiser.com\/fr\/products\/nike-air-zoom-gt-cut-blue-void-siren-red-cz0175-400\/#breadcrumb","itemListElement":[{"@type":"ListItem","position":1,"name":"Home","item":"https:\/\/tourcruiser.com\/fr\/"},{"@type":"ListItem","position":2,"name":"Shop","item":"https:\/\/tourcruiser.com\/fr\/shop\/"},{"@type":"ListItem","position":3,"name":"Nike Air Zoom GT Cut &#8216;Blue Void Siren Red&#8217; CZ0175-400"}]},{"@type":"WebSite","@id":"https:\/\/tourcruiser.com\/fr\/#website","url":"https:\/\/tourcruiser.com\/fr\/","name":"Styloral Jewelry Shop","description":"Tourcruiser Sneaker Store \u2014 L\u2019endroit o\u00f9 l\u2019univers rencontre votre singularit\u00e9.","publisher":{"@id":"https:\/\/tourcruiser.com\/fr\/#organization"},"potentialAction":[{"@type":"SearchAction","target":{"@type":"EntryPoint","urlTemplate":"https:\/\/tourcruiser.com\/fr\/?s={search_term_string}"},"query-input":{"@type":"PropertyValueSpecification","valueRequired":true,"valueName":"search_term_string"}}],"inLanguage":"fr-FR"},{"@type":"Organization","@id":"https:\/\/tourcruiser.com\/fr\/#organization","name":"STYLORAL PTE. LTD","url":"https:\/\/tourcruiser.com\/fr\/","logo":{"@type":"ImageObject","inLanguage":"fr-FR","@id":"https:\/\/tourcruiser.com\/fr\/#\/schema\/logo\/image\/","url":"https:\/\/www.tourcruiser.com\/wp-content\/uploads\/2025\/12\/logo.png","contentUrl":"https:\/\/www.tourcruiser.com\/wp-content\/uploads\/2025\/12\/logo.png","width":200,"height":65,"caption":"STYLORAL PTE. LTD"},"image":{"@id":"https:\/\/tourcruiser.com\/fr\/#\/schema\/logo\/image\/"}}]}},"_links":{"self":[{"href":"https:\/\/tourcruiser.com\/fr\/wp-json\/wp\/v2\/product\/764019","targetHints":{"allow":["GET"]}}],"collection":[{"href":"https:\/\/tourcruiser.com\/fr\/wp-json\/wp\/v2\/product"}],"about":[{"href":"https:\/\/tourcruiser.com\/fr\/wp-json\/wp\/v2\/types\/product"}],"replies":[{"embeddable":true,"href":"https:\/\/tourcruiser.com\/fr\/wp-json\/wp\/v2\/comments?post=764019"}],"wp:featuredmedia":[{"embeddable":true,"href":"https:\/\/tourcruiser.com\/fr\/wp-json\/wp\/v2\/media\/764020"}],"wp:attachment":[{"href":"https:\/\/tourcruiser.com\/fr\/wp-json\/wp\/v2\/media?parent=764019"}],"wp:term":[{"taxonomy":"product_brand","embeddable":true,"href":"https:\/\/tourcruiser.com\/fr\/wp-json\/wp\/v2\/product_brand?post=764019"},{"taxonomy":"product_cat","embeddable":true,"href":"https:\/\/tourcruiser.com\/fr\/wp-json\/wp\/v2\/product_cat?post=764019"},{"taxonomy":"product_tag","embeddable":true,"href":"https:\/\/tourcruiser.com\/fr\/wp-json\/wp\/v2\/product_tag?post=764019"}],"curies":[{"name":"wp","href":"https:\/\/api.w.org\/{rel}","templated":true}]}}