{"id":763457,"date":"2026-04-16T17:10:27","date_gmt":"2026-04-16T10:10:27","guid":{"rendered":"http:\/\/tourcruiser.com\/product\/youth-new-balance-9060-big-kid-festival-pack-gc9060jf"},"modified":"2026-04-17T22:54:44","modified_gmt":"2026-04-17T15:54:44","slug":"youth-new-balance-9060-big-kid-festival-pack-gc9060jf","status":"publish","type":"product","link":"https:\/\/tourcruiser.com\/fr\/products\/youth-new-balance-9060-big-kid-festival-pack-gc9060jf\/","title":{"rendered":"(Youth) New Balance 9060 Big Kid &lsquo;Festival Pack&rsquo; GC9060JF"},"content":{"rendered":"<p>Avec le pack \u00ab\u00a0Festival\u00a0\u00bb New Balance 9060 Big Kid, vos enfants seront parfaitement \u00e9quip\u00e9s pour le festival\u00a0! Ces baskets styl\u00e9es, aux couleurs vives et aux mat\u00e9riaux haut de gamme, leur garantissent un look unique. Gr\u00e2ce au talon ABZORB SBS confortable et \u00e0 la semelle en caoutchouc r\u00e9sistante, vos petits rockeurs pourront danser jusqu&rsquo;au bout de la nuit. Procurez-vous ce pack en \u00e9dition limit\u00e9e d\u00e8s maintenant\u00a0: id\u00e9al pour se faire remarquer \u00e0 tous les festivals et occasions sp\u00e9ciales.<\/p>\n<p>Coloris\u00a0: Beige\/Blanc cass\u00e9\/Bleu<\/p>\n<p>Code article\u00a0: GC9060JF<\/p>\n<p>Tige\u00a0: Daim<\/p>\n<p>Semelle interm\u00e9diaire\u00a0: ABZORB<\/p>\n<p>\u00c2ge\u00a0: Adultes<\/p>\n<p>Couleur\u00a0: Lin\/Gris\/R\u00e9glisse<\/p>\n<p>Genre\u00a0: Enfant<\/p>\n","protected":false},"excerpt":{"rendered":"<p>Avec le pack \u00ab\u00a0Festival\u00a0\u00bb New Balance 9060 Big Kid, vos enfants seront parfaitement \u00e9quip\u00e9s pour le festival\u00a0! Ces baskets styl\u00e9es, aux couleurs vives et aux mat\u00e9riaux haut de gamme, leur garantissent un look unique. Gr\u00e2ce au talon ABZORB SBS confortable et \u00e0 la semelle en caoutchouc r\u00e9sistante, vos petits rockeurs pourront danser jusqu&rsquo;au bout de [&hellip;]<\/p>\n","protected":false},"featured_media":763458,"comment_status":"open","ping_status":"closed","template":"","meta":[],"product_brand":[],"product_cat":[10771],"product_tag":[10750,38917,38918,10766,10768],"class_list":{"0":"post-763457","1":"product","2":"type-product","3":"status-publish","4":"has-post-thumbnail","6":"product_cat-new-balance","7":"product_tag-athleisure-shoes","8":"product_tag-casual-shoes-for-children","9":"product_tag-children-s-sneakers","10":"product_tag-new-balance","11":"product_tag-retro-running-shoes","12":"wcpa_has_options","14":"first","15":"instock","16":"taxable","17":"shipping-taxable","18":"purchasable","19":"product-type-simple"},"wcpa_form_fields":{"rules":{"pric_overide_base_price":false,"pric_overide_base_price_if_gt_zero":false,"pric_overide_base_price_fully":false,"pric_cal_option_once":false,"pric_use_as_fee":false,"bind_quantity":false,"quantity_bind_formula":false},"fields":[{"type":"color-group","required":true,"elementId":"wcpa-color-group-66c4a928225d2","label":"Taille","inline":true,"priceOptions":"different_for_all","pricingType":"fixed","className":"hassizechart product-shoes-size-eu product-shoes-size","name":"color-group-66c4a928225e2","disp_type":"square","selection_type":"tick-border","disp_size":"50","show_label_inside":true,"adjust_width":true,"cart_display_type":"text","other_text":"Other","cl_rule":"show","col":6,"values":[{"label":"35","value":"EU 35","price":"","pimage":"","pimage_id":"","pthumb":"","color":""},{"label":"36","value":"EU 36","price":"","pimage":"","pimage_id":"","pthumb":"","color":"","selected":true},{"label":"37","value":"EU 37","price":"","pimage":"","pimage_id":"","pthumb":"","color":""},{"label":"37.5","value":"EU 37.5","price":"","pimage":"","pimage_id":"","pthumb":"","color":""},{"label":"38","value":"EU 38","price":"","pimage":"","pimage_id":"","pthumb":"","color":""},{"label":"38.5","value":"EU 38.5","price":"","pimage":"","pimage_id":"","pthumb":"","color":""},{"label":"39","value":"EU 39","price":"","pimage":"","pimage_id":"","pthumb":"","color":""},{"label":"39.5","value":"EU 39.5","price":"","pimage":"","pimage_id":"","pthumb":"","color":""},{"label":"40","value":"EU 40","price":"","pimage":"","pimage_id":"","pthumb":"","color":""},{"label":"40.5","value":"EU 40.5","price":"","pimage":"","pimage_id":"","pthumb":"","color":""},{"label":" 41.5","value":"EU 41.5","price":"","pimage":"","pimage_id":"","pthumb":"","color":""},{"label":"42","value":"EU 42","price":"","pimage":"","pimage_id":"","pthumb":"","color":""},{"label":"42.5","value":"EU 42.5","price":"","pimage":"","pimage_id":"","pthumb":"","color":""},{"label":"43","value":"EU 43","price":"","pimage":"","pimage_id":"","pthumb":"","color":""},{"label":"44","value":"EU 44","price":"","pimage":"","pimage_id":"","pthumb":"","color":""},{"label":"44.5","value":"EU 44.5","price":"","pimage":"","pimage_id":"","pthumb":"","color":""},{"label":"45","value":"EU 45","price":"","pimage":"","pimage_id":"","pthumb":"","color":""},{"label":"45.5","value":"EU 45.5","price":"","pimage":"","pimage_id":"","pthumb":"","color":""},{"label":"46","value":"EU 46","price":"","pimage":"","pimage_id":"","pthumb":"","color":""}],"relations":[{"operator":false,"rules":[]}],"form_id":24803,"form_rules":{"pric_cal_option_once":false,"exclude_from_discount":false,"pric_use_as_fee":false,"fee_label":"Fee","render_after_acb":false,"disp_hide_options_price":false}}]},"yoast_head":"<!-- This site is optimized with the Yoast SEO plugin v26.5 - https:\/\/yoast.com\/wordpress\/plugins\/seo\/ -->\n<title>(Youth) New Balance 9060 Big Kid &#039;Festival Pack&#039; GC9060JF - TOURCRUISER PTE. LTD<\/title>\n<meta name=\"robots\" content=\"index, follow, max-snippet:-1, max-image-preview:large, max-video-preview:-1\" \/>\n<link rel=\"canonical\" href=\"https:\/\/tourcruiser.com\/fr\/products\/youth-new-balance-9060-big-kid-festival-pack-gc9060jf\/\" \/>\n<meta property=\"og:locale\" content=\"fr_FR\" \/>\n<meta property=\"og:type\" content=\"article\" \/>\n<meta property=\"og:title\" content=\"(Youth) New Balance 9060 Big Kid &#039;Festival Pack&#039; GC9060JF - TOURCRUISER PTE. LTD\" \/>\n<meta property=\"og:description\" content=\"Avec le pack \u00ab\u00a0Festival\u00a0\u00bb New Balance 9060 Big Kid, vos enfants seront parfaitement \u00e9quip\u00e9s pour le festival\u00a0! Ces baskets styl\u00e9es, aux couleurs vives et aux mat\u00e9riaux haut de gamme, leur garantissent un look unique. Gr\u00e2ce au talon ABZORB SBS confortable et \u00e0 la semelle en caoutchouc r\u00e9sistante, vos petits rockeurs pourront danser jusqu&rsquo;au bout de [&hellip;]\" \/>\n<meta property=\"og:url\" content=\"https:\/\/tourcruiser.com\/fr\/products\/youth-new-balance-9060-big-kid-festival-pack-gc9060jf\/\" \/>\n<meta property=\"og:site_name\" content=\"Tourcruiser Sneaker Store\" \/>\n<meta property=\"article:modified_time\" content=\"2026-04-17T15:54:44+00:00\" \/>\n<meta name=\"twitter:card\" content=\"summary_large_image\" \/>\n<meta name=\"twitter:image\" content=\"https:\/\/images.novelship.com\/product\/_youth__new_balance_9060_big_kid__festival_pack__g_0_62911.jpeg;https:\/\/images.novelship.com\/product\/_youth__new_balance_9060_big_kid__festival_pack__g_1_62911.jpeg;https:\/\/images.novelship.com\/product\/_youth__new_balance_9060_big_kid__festival_pack__g_2_62911.jpeg;https:\/\/images.novelship.com\/product\/_youth__new_balance_9060_big_kid__festival_pack__g_3_62911.jpeg;https:\/\/images.novelship.com\/product\/_youth__new_balance_9060_big_kid__festival_pack__g_4_62911.jpeg;https:\/\/images.novelship.com\/product\/_youth__new_balance_9060_big_kid__festival_pack__g_5_62911.jpeg;https:\/\/images.novelship.com\/product\/_youth__new_balance_9060_big_kid__festival_pack__g_6_62911.jpeg;https:\/\/images.novelship.com\/product\/_youth__new_balance_9060_big_kid__festival_pack__g_7_62911.jpeg\" \/>\n<meta name=\"twitter:label1\" content=\"Dur\u00e9e de lecture estim\u00e9e\" \/>\n\t<meta name=\"twitter:data1\" content=\"1 minute\" \/>\n<script type=\"application\/ld+json\" class=\"yoast-schema-graph\">{\"@context\":\"https:\/\/schema.org\",\"@graph\":[{\"@type\":\"WebPage\",\"@id\":\"https:\/\/tourcruiser.com\/fr\/products\/youth-new-balance-9060-big-kid-festival-pack-gc9060jf\/\",\"url\":\"https:\/\/tourcruiser.com\/fr\/products\/youth-new-balance-9060-big-kid-festival-pack-gc9060jf\/\",\"name\":\"(Youth) New Balance 9060 Big Kid 'Festival Pack' GC9060JF - TOURCRUISER PTE. LTD\",\"isPartOf\":{\"@id\":\"\/#website\"},\"primaryImageOfPage\":{\"@id\":\"https:\/\/tourcruiser.com\/fr\/products\/youth-new-balance-9060-big-kid-festival-pack-gc9060jf\/#primaryimage\"},\"image\":{\"@id\":\"https:\/\/tourcruiser.com\/fr\/products\/youth-new-balance-9060-big-kid-festival-pack-gc9060jf\/#primaryimage\"},\"thumbnailUrl\":\"https:\/\/images.novelship.com\/product\/_youth__new_balance_9060_big_kid__festival_pack__g_0_62911.jpeg;https:\/\/images.novelship.com\/product\/_youth__new_balance_9060_big_kid__festival_pack__g_1_62911.jpeg;https:\/\/images.novelship.com\/product\/_youth__new_balance_9060_big_kid__festival_pack__g_2_62911.jpeg;https:\/\/images.novelship.com\/product\/_youth__new_balance_9060_big_kid__festival_pack__g_3_62911.jpeg;https:\/\/images.novelship.com\/product\/_youth__new_balance_9060_big_kid__festival_pack__g_4_62911.jpeg;https:\/\/images.novelship.com\/product\/_youth__new_balance_9060_big_kid__festival_pack__g_5_62911.jpeg;https:\/\/images.novelship.com\/product\/_youth__new_balance_9060_big_kid__festival_pack__g_6_62911.jpeg;https:\/\/images.novelship.com\/product\/_youth__new_balance_9060_big_kid__festival_pack__g_7_62911.jpeg\",\"datePublished\":\"2026-04-16T10:10:27+00:00\",\"dateModified\":\"2026-04-17T15:54:44+00:00\",\"breadcrumb\":{\"@id\":\"https:\/\/tourcruiser.com\/fr\/products\/youth-new-balance-9060-big-kid-festival-pack-gc9060jf\/#breadcrumb\"},\"inLanguage\":\"fr-FR\",\"potentialAction\":[{\"@type\":\"ReadAction\",\"target\":[\"https:\/\/tourcruiser.com\/fr\/products\/youth-new-balance-9060-big-kid-festival-pack-gc9060jf\/\"]}]},{\"@type\":\"ImageObject\",\"inLanguage\":\"fr-FR\",\"@id\":\"https:\/\/tourcruiser.com\/fr\/products\/youth-new-balance-9060-big-kid-festival-pack-gc9060jf\/#primaryimage\",\"url\":\"https:\/\/images.novelship.com\/product\/_youth__new_balance_9060_big_kid__festival_pack__g_0_62911.jpeg;https:\/\/images.novelship.com\/product\/_youth__new_balance_9060_big_kid__festival_pack__g_1_62911.jpeg;https:\/\/images.novelship.com\/product\/_youth__new_balance_9060_big_kid__festival_pack__g_2_62911.jpeg;https:\/\/images.novelship.com\/product\/_youth__new_balance_9060_big_kid__festival_pack__g_3_62911.jpeg;https:\/\/images.novelship.com\/product\/_youth__new_balance_9060_big_kid__festival_pack__g_4_62911.jpeg;https:\/\/images.novelship.com\/product\/_youth__new_balance_9060_big_kid__festival_pack__g_5_62911.jpeg;https:\/\/images.novelship.com\/product\/_youth__new_balance_9060_big_kid__festival_pack__g_6_62911.jpeg;https:\/\/images.novelship.com\/product\/_youth__new_balance_9060_big_kid__festival_pack__g_7_62911.jpeg\",\"contentUrl\":\"https:\/\/images.novelship.com\/product\/_youth__new_balance_9060_big_kid__festival_pack__g_0_62911.jpeg;https:\/\/images.novelship.com\/product\/_youth__new_balance_9060_big_kid__festival_pack__g_1_62911.jpeg;https:\/\/images.novelship.com\/product\/_youth__new_balance_9060_big_kid__festival_pack__g_2_62911.jpeg;https:\/\/images.novelship.com\/product\/_youth__new_balance_9060_big_kid__festival_pack__g_3_62911.jpeg;https:\/\/images.novelship.com\/product\/_youth__new_balance_9060_big_kid__festival_pack__g_4_62911.jpeg;https:\/\/images.novelship.com\/product\/_youth__new_balance_9060_big_kid__festival_pack__g_5_62911.jpeg;https:\/\/images.novelship.com\/product\/_youth__new_balance_9060_big_kid__festival_pack__g_6_62911.jpeg;https:\/\/images.novelship.com\/product\/_youth__new_balance_9060_big_kid__festival_pack__g_7_62911.jpeg\"},{\"@type\":\"BreadcrumbList\",\"@id\":\"https:\/\/tourcruiser.com\/fr\/products\/youth-new-balance-9060-big-kid-festival-pack-gc9060jf\/#breadcrumb\",\"itemListElement\":[{\"@type\":\"ListItem\",\"position\":1,\"name\":\"Home\",\"item\":\"https:\/\/tourcruiser.com\/fr\/\"},{\"@type\":\"ListItem\",\"position\":2,\"name\":\"Shop\",\"item\":\"https:\/\/tourcruiser.com\/fr\/shop\/\"},{\"@type\":\"ListItem\",\"position\":3,\"name\":\"(Youth) New Balance 9060 Big Kid &#8216;Festival Pack&#8217; GC9060JF\"}]},{\"@type\":\"WebSite\",\"@id\":\"\/#website\",\"url\":\"\/\",\"name\":\"Styloral Jewelry Shop\",\"description\":\"Tourcruiser Sneaker Store \u2014 L\u2019endroit o\u00f9 l\u2019univers rencontre votre singularit\u00e9.\",\"publisher\":{\"@id\":\"\/#organization\"},\"potentialAction\":[{\"@type\":\"SearchAction\",\"target\":{\"@type\":\"EntryPoint\",\"urlTemplate\":\"\/?s={search_term_string}\"},\"query-input\":{\"@type\":\"PropertyValueSpecification\",\"valueRequired\":true,\"valueName\":\"search_term_string\"}}],\"inLanguage\":\"fr-FR\"},{\"@type\":\"Organization\",\"@id\":\"\/#organization\",\"name\":\"STYLORAL PTE. LTD\",\"url\":\"\/\",\"logo\":{\"@type\":\"ImageObject\",\"inLanguage\":\"fr-FR\",\"@id\":\"\/#\/schema\/logo\/image\/\",\"url\":\"https:\/\/www.tourcruiser.com\/wp-content\/uploads\/2025\/12\/logo.png\",\"contentUrl\":\"https:\/\/www.tourcruiser.com\/wp-content\/uploads\/2025\/12\/logo.png\",\"width\":200,\"height\":65,\"caption\":\"STYLORAL PTE. LTD\"},\"image\":{\"@id\":\"\/#\/schema\/logo\/image\/\"}}]}<\/script>\n<!-- \/ Yoast SEO plugin. -->","yoast_head_json":{"title":"(Youth) New Balance 9060 Big Kid 'Festival Pack' GC9060JF - TOURCRUISER PTE. LTD","robots":{"index":"index","follow":"follow","max-snippet":"max-snippet:-1","max-image-preview":"max-image-preview:large","max-video-preview":"max-video-preview:-1"},"canonical":"https:\/\/tourcruiser.com\/fr\/products\/youth-new-balance-9060-big-kid-festival-pack-gc9060jf\/","og_locale":"fr_FR","og_type":"article","og_title":"(Youth) New Balance 9060 Big Kid 'Festival Pack' GC9060JF - TOURCRUISER PTE. LTD","og_description":"Avec le pack \u00ab\u00a0Festival\u00a0\u00bb New Balance 9060 Big Kid, vos enfants seront parfaitement \u00e9quip\u00e9s pour le festival\u00a0! Ces baskets styl\u00e9es, aux couleurs vives et aux mat\u00e9riaux haut de gamme, leur garantissent un look unique. Gr\u00e2ce au talon ABZORB SBS confortable et \u00e0 la semelle en caoutchouc r\u00e9sistante, vos petits rockeurs pourront danser jusqu&rsquo;au bout de [&hellip;]","og_url":"https:\/\/tourcruiser.com\/fr\/products\/youth-new-balance-9060-big-kid-festival-pack-gc9060jf\/","og_site_name":"Tourcruiser Sneaker Store","article_modified_time":"2026-04-17T15:54:44+00:00","twitter_card":"summary_large_image","twitter_image":"https:\/\/images.novelship.com\/product\/_youth__new_balance_9060_big_kid__festival_pack__g_0_62911.jpeg;https:\/\/images.novelship.com\/product\/_youth__new_balance_9060_big_kid__festival_pack__g_1_62911.jpeg;https:\/\/images.novelship.com\/product\/_youth__new_balance_9060_big_kid__festival_pack__g_2_62911.jpeg;https:\/\/images.novelship.com\/product\/_youth__new_balance_9060_big_kid__festival_pack__g_3_62911.jpeg;https:\/\/images.novelship.com\/product\/_youth__new_balance_9060_big_kid__festival_pack__g_4_62911.jpeg;https:\/\/images.novelship.com\/product\/_youth__new_balance_9060_big_kid__festival_pack__g_5_62911.jpeg;https:\/\/images.novelship.com\/product\/_youth__new_balance_9060_big_kid__festival_pack__g_6_62911.jpeg;https:\/\/images.novelship.com\/product\/_youth__new_balance_9060_big_kid__festival_pack__g_7_62911.jpeg","twitter_misc":{"Dur\u00e9e de lecture estim\u00e9e":"1 minute"},"schema":{"@context":"https:\/\/schema.org","@graph":[{"@type":"WebPage","@id":"https:\/\/tourcruiser.com\/fr\/products\/youth-new-balance-9060-big-kid-festival-pack-gc9060jf\/","url":"https:\/\/tourcruiser.com\/fr\/products\/youth-new-balance-9060-big-kid-festival-pack-gc9060jf\/","name":"(Youth) New Balance 9060 Big Kid 'Festival Pack' GC9060JF - TOURCRUISER PTE. LTD","isPartOf":{"@id":"\/#website"},"primaryImageOfPage":{"@id":"https:\/\/tourcruiser.com\/fr\/products\/youth-new-balance-9060-big-kid-festival-pack-gc9060jf\/#primaryimage"},"image":{"@id":"https:\/\/tourcruiser.com\/fr\/products\/youth-new-balance-9060-big-kid-festival-pack-gc9060jf\/#primaryimage"},"thumbnailUrl":"https:\/\/images.novelship.com\/product\/_youth__new_balance_9060_big_kid__festival_pack__g_0_62911.jpeg;https:\/\/images.novelship.com\/product\/_youth__new_balance_9060_big_kid__festival_pack__g_1_62911.jpeg;https:\/\/images.novelship.com\/product\/_youth__new_balance_9060_big_kid__festival_pack__g_2_62911.jpeg;https:\/\/images.novelship.com\/product\/_youth__new_balance_9060_big_kid__festival_pack__g_3_62911.jpeg;https:\/\/images.novelship.com\/product\/_youth__new_balance_9060_big_kid__festival_pack__g_4_62911.jpeg;https:\/\/images.novelship.com\/product\/_youth__new_balance_9060_big_kid__festival_pack__g_5_62911.jpeg;https:\/\/images.novelship.com\/product\/_youth__new_balance_9060_big_kid__festival_pack__g_6_62911.jpeg;https:\/\/images.novelship.com\/product\/_youth__new_balance_9060_big_kid__festival_pack__g_7_62911.jpeg","datePublished":"2026-04-16T10:10:27+00:00","dateModified":"2026-04-17T15:54:44+00:00","breadcrumb":{"@id":"https:\/\/tourcruiser.com\/fr\/products\/youth-new-balance-9060-big-kid-festival-pack-gc9060jf\/#breadcrumb"},"inLanguage":"fr-FR","potentialAction":[{"@type":"ReadAction","target":["https:\/\/tourcruiser.com\/fr\/products\/youth-new-balance-9060-big-kid-festival-pack-gc9060jf\/"]}]},{"@type":"ImageObject","inLanguage":"fr-FR","@id":"https:\/\/tourcruiser.com\/fr\/products\/youth-new-balance-9060-big-kid-festival-pack-gc9060jf\/#primaryimage","url":"https:\/\/images.novelship.com\/product\/_youth__new_balance_9060_big_kid__festival_pack__g_0_62911.jpeg;https:\/\/images.novelship.com\/product\/_youth__new_balance_9060_big_kid__festival_pack__g_1_62911.jpeg;https:\/\/images.novelship.com\/product\/_youth__new_balance_9060_big_kid__festival_pack__g_2_62911.jpeg;https:\/\/images.novelship.com\/product\/_youth__new_balance_9060_big_kid__festival_pack__g_3_62911.jpeg;https:\/\/images.novelship.com\/product\/_youth__new_balance_9060_big_kid__festival_pack__g_4_62911.jpeg;https:\/\/images.novelship.com\/product\/_youth__new_balance_9060_big_kid__festival_pack__g_5_62911.jpeg;https:\/\/images.novelship.com\/product\/_youth__new_balance_9060_big_kid__festival_pack__g_6_62911.jpeg;https:\/\/images.novelship.com\/product\/_youth__new_balance_9060_big_kid__festival_pack__g_7_62911.jpeg","contentUrl":"https:\/\/images.novelship.com\/product\/_youth__new_balance_9060_big_kid__festival_pack__g_0_62911.jpeg;https:\/\/images.novelship.com\/product\/_youth__new_balance_9060_big_kid__festival_pack__g_1_62911.jpeg;https:\/\/images.novelship.com\/product\/_youth__new_balance_9060_big_kid__festival_pack__g_2_62911.jpeg;https:\/\/images.novelship.com\/product\/_youth__new_balance_9060_big_kid__festival_pack__g_3_62911.jpeg;https:\/\/images.novelship.com\/product\/_youth__new_balance_9060_big_kid__festival_pack__g_4_62911.jpeg;https:\/\/images.novelship.com\/product\/_youth__new_balance_9060_big_kid__festival_pack__g_5_62911.jpeg;https:\/\/images.novelship.com\/product\/_youth__new_balance_9060_big_kid__festival_pack__g_6_62911.jpeg;https:\/\/images.novelship.com\/product\/_youth__new_balance_9060_big_kid__festival_pack__g_7_62911.jpeg"},{"@type":"BreadcrumbList","@id":"https:\/\/tourcruiser.com\/fr\/products\/youth-new-balance-9060-big-kid-festival-pack-gc9060jf\/#breadcrumb","itemListElement":[{"@type":"ListItem","position":1,"name":"Home","item":"https:\/\/tourcruiser.com\/fr\/"},{"@type":"ListItem","position":2,"name":"Shop","item":"https:\/\/tourcruiser.com\/fr\/shop\/"},{"@type":"ListItem","position":3,"name":"(Youth) New Balance 9060 Big Kid &#8216;Festival Pack&#8217; GC9060JF"}]},{"@type":"WebSite","@id":"\/#website","url":"\/","name":"Styloral Jewelry Shop","description":"Tourcruiser Sneaker Store \u2014 L\u2019endroit o\u00f9 l\u2019univers rencontre votre singularit\u00e9.","publisher":{"@id":"\/#organization"},"potentialAction":[{"@type":"SearchAction","target":{"@type":"EntryPoint","urlTemplate":"\/?s={search_term_string}"},"query-input":{"@type":"PropertyValueSpecification","valueRequired":true,"valueName":"search_term_string"}}],"inLanguage":"fr-FR"},{"@type":"Organization","@id":"\/#organization","name":"STYLORAL PTE. LTD","url":"\/","logo":{"@type":"ImageObject","inLanguage":"fr-FR","@id":"\/#\/schema\/logo\/image\/","url":"https:\/\/www.tourcruiser.com\/wp-content\/uploads\/2025\/12\/logo.png","contentUrl":"https:\/\/www.tourcruiser.com\/wp-content\/uploads\/2025\/12\/logo.png","width":200,"height":65,"caption":"STYLORAL PTE. LTD"},"image":{"@id":"\/#\/schema\/logo\/image\/"}}]}},"_links":{"self":[{"href":"https:\/\/tourcruiser.com\/fr\/wp-json\/wp\/v2\/product\/763457","targetHints":{"allow":["GET"]}}],"collection":[{"href":"https:\/\/tourcruiser.com\/fr\/wp-json\/wp\/v2\/product"}],"about":[{"href":"https:\/\/tourcruiser.com\/fr\/wp-json\/wp\/v2\/types\/product"}],"replies":[{"embeddable":true,"href":"https:\/\/tourcruiser.com\/fr\/wp-json\/wp\/v2\/comments?post=763457"}],"wp:featuredmedia":[{"embeddable":true,"href":"https:\/\/tourcruiser.com\/fr\/wp-json\/wp\/v2\/media\/763458"}],"wp:attachment":[{"href":"https:\/\/tourcruiser.com\/fr\/wp-json\/wp\/v2\/media?parent=763457"}],"wp:term":[{"taxonomy":"product_brand","embeddable":true,"href":"https:\/\/tourcruiser.com\/fr\/wp-json\/wp\/v2\/product_brand?post=763457"},{"taxonomy":"product_cat","embeddable":true,"href":"https:\/\/tourcruiser.com\/fr\/wp-json\/wp\/v2\/product_cat?post=763457"},{"taxonomy":"product_tag","embeddable":true,"href":"https:\/\/tourcruiser.com\/fr\/wp-json\/wp\/v2\/product_tag?post=763457"}],"curies":[{"name":"wp","href":"https:\/\/api.w.org\/{rel}","templated":true}]}}