{"id":763361,"date":"2026-04-16T17:10:24","date_gmt":"2026-04-16T10:10:24","guid":{"rendered":"http:\/\/tourcruiser.com\/product\/air-jordan-1-retro-high-sb-nyc-to-paris-cd6578-006"},"modified":"2026-04-17T22:54:34","modified_gmt":"2026-04-17T15:54:34","slug":"air-jordan-1-retro-high-sb-nyc-to-paris-cd6578-006","status":"publish","type":"product","link":"https:\/\/tourcruiser.com\/fr\/products\/air-jordan-1-retro-high-sb-nyc-to-paris-cd6578-006\/","title":{"rendered":"Air Jordan 1 Retro High SB &lsquo;NYC to Paris&rsquo; CD6578-006"},"content":{"rendered":"<p>La Air Jordan 1 Retro High SB NYC to Paris, aussi appel\u00e9e NYC to Paris, est une chaussure de basketball \u00e9l\u00e9gante de la marque embl\u00e9matique Jordan. Avec son design blanc \u00e9pur\u00e9, cette sneaker offre un look moderne et rac\u00e9. Parfaite pour le terrain comme pour le quotidien.<\/p>\n<p>Coloris\u00a0: Light Bone\/Crimson Tint\/Hyper Pink\/Black<\/p>\n<p>Code article\u00a0: CD6578-006<\/p>\n<p>Tige\u00a0: Cuir<\/p>\n<p>Semelle interm\u00e9diaire\u00a0: Air<\/p>\n<p>Couleur\u00a0: Blanc<\/p>\n<p>Designer\u00a0: Peter Moore<\/p>\n<p>Saison\u00a0: Printemps<\/p>\n<p>Ann\u00e9e de sortie\u00a0: 2019<\/p>\n<p>\u00c2ge\u00a0: Adulte<\/p>\n<p>Couleur\u00a0: Blanc<\/p>\n<p>Genre\u00a0: Homme<\/p>\n","protected":false},"excerpt":{"rendered":"<p>La Air Jordan 1 Retro High SB NYC to Paris, aussi appel\u00e9e NYC to Paris, est une chaussure de basketball \u00e9l\u00e9gante de la marque embl\u00e9matique Jordan. Avec son design blanc \u00e9pur\u00e9, cette sneaker offre un look moderne et rac\u00e9. Parfaite pour le terrain comme pour le quotidien. Coloris\u00a0: Light Bone\/Crimson Tint\/Hyper Pink\/Black Code article\u00a0: CD6578-006 [&hellip;]<\/p>\n","protected":false},"featured_media":763362,"comment_status":"open","ping_status":"closed","template":"","meta":[],"product_brand":[],"product_cat":[38880],"product_tag":[10750,10800,39012,38861,38841,38842,10776,11349,38875,10756],"class_list":{"0":"post-763361","1":"product","2":"type-product","3":"status-publish","4":"has-post-thumbnail","6":"product_cat-jordan","7":"product_tag-athleisure-shoes","8":"product_tag-basketball-shoes","9":"product_tag-basketball-inspired-leisure-shoes","10":"product_tag-below-retail-price","11":"product_tag-casual-shoes","12":"product_tag-gift-idea-for-him","13":"product_tag-jordan","14":"product_tag-jordan-basketball-shoes","15":"product_tag-jordan-skateboard-shoes","16":"product_tag-retro-casual-shoes","18":"first","19":"instock","20":"taxable","21":"shipping-taxable","22":"purchasable","23":"product-type-simple"},"wcpa_form_fields":null,"yoast_head":"<!-- This site is optimized with the Yoast SEO plugin v26.5 - https:\/\/yoast.com\/wordpress\/plugins\/seo\/ -->\n<title>Air Jordan 1 Retro High SB &#039;NYC to Paris&#039; CD6578-006 - TOURCRUISER PTE. LTD<\/title>\n<meta name=\"robots\" content=\"index, follow, max-snippet:-1, max-image-preview:large, max-video-preview:-1\" \/>\n<link rel=\"canonical\" href=\"https:\/\/tourcruiser.com\/fr\/products\/air-jordan-1-retro-high-sb-nyc-to-paris-cd6578-006\/\" \/>\n<meta property=\"og:locale\" content=\"fr_FR\" \/>\n<meta property=\"og:type\" content=\"article\" \/>\n<meta property=\"og:title\" content=\"Air Jordan 1 Retro High SB &#039;NYC to Paris&#039; CD6578-006 - TOURCRUISER PTE. LTD\" \/>\n<meta property=\"og:description\" content=\"La Air Jordan 1 Retro High SB NYC to Paris, aussi appel\u00e9e NYC to Paris, est une chaussure de basketball \u00e9l\u00e9gante de la marque embl\u00e9matique Jordan. Avec son design blanc \u00e9pur\u00e9, cette sneaker offre un look moderne et rac\u00e9. Parfaite pour le terrain comme pour le quotidien. Coloris\u00a0: Light Bone\/Crimson Tint\/Hyper Pink\/Black Code article\u00a0: CD6578-006 [&hellip;]\" \/>\n<meta property=\"og:url\" content=\"https:\/\/tourcruiser.com\/fr\/products\/air-jordan-1-retro-high-sb-nyc-to-paris-cd6578-006\/\" \/>\n<meta property=\"og:site_name\" content=\"Tourcruiser Sneaker Store\" \/>\n<meta property=\"article:modified_time\" content=\"2026-04-17T15:54:34+00:00\" \/>\n<meta name=\"twitter:card\" content=\"summary_large_image\" \/>\n<meta name=\"twitter:image\" content=\"https:\/\/images.novelship.com\/product\/air_jordan_1_retro_high_sb__nyc_to_paris__cd6578_0_0_75.jpeg;https:\/\/images.novelship.com\/product\/air_jordan_1_retro_high_sb__nyc_to_paris__cd6578_0_1_75.jpeg;https:\/\/images.novelship.com\/product\/air_jordan_1_retro_high_sb__nyc_to_paris__cd6578_0_2_75.jpeg;https:\/\/images.novelship.com\/product\/air_jordan_1_retro_high_sb__nyc_to_paris__cd6578_0_3_75.jpeg;https:\/\/images.novelship.com\/product\/air_jordan_1_retro_high_sb__nyc_to_paris__cd6578_0_4_75.jpeg;https:\/\/images.novelship.com\/product\/air_jordan_1_retro_high_sb__nyc_to_paris__cd6578_0_5_75.jpeg;https:\/\/images.novelship.com\/product\/air_jordan_1_retro_high_sb__nyc_to_paris__cd6578_0_6_75.jpeg;https:\/\/images.novelship.com\/product\/air_jordan_1_retro_high_sb__nyc_to_paris__cd6578_0_7_75.jpeg\" \/>\n<script type=\"application\/ld+json\" class=\"yoast-schema-graph\">{\"@context\":\"https:\/\/schema.org\",\"@graph\":[{\"@type\":\"WebPage\",\"@id\":\"https:\/\/tourcruiser.com\/fr\/products\/air-jordan-1-retro-high-sb-nyc-to-paris-cd6578-006\/\",\"url\":\"https:\/\/tourcruiser.com\/fr\/products\/air-jordan-1-retro-high-sb-nyc-to-paris-cd6578-006\/\",\"name\":\"Air Jordan 1 Retro High SB 'NYC to Paris' CD6578-006 - TOURCRUISER PTE. LTD\",\"isPartOf\":{\"@id\":\"\/#website\"},\"primaryImageOfPage\":{\"@id\":\"https:\/\/tourcruiser.com\/fr\/products\/air-jordan-1-retro-high-sb-nyc-to-paris-cd6578-006\/#primaryimage\"},\"image\":{\"@id\":\"https:\/\/tourcruiser.com\/fr\/products\/air-jordan-1-retro-high-sb-nyc-to-paris-cd6578-006\/#primaryimage\"},\"thumbnailUrl\":\"https:\/\/images.novelship.com\/product\/air_jordan_1_retro_high_sb__nyc_to_paris__cd6578_0_0_75.jpeg;https:\/\/images.novelship.com\/product\/air_jordan_1_retro_high_sb__nyc_to_paris__cd6578_0_1_75.jpeg;https:\/\/images.novelship.com\/product\/air_jordan_1_retro_high_sb__nyc_to_paris__cd6578_0_2_75.jpeg;https:\/\/images.novelship.com\/product\/air_jordan_1_retro_high_sb__nyc_to_paris__cd6578_0_3_75.jpeg;https:\/\/images.novelship.com\/product\/air_jordan_1_retro_high_sb__nyc_to_paris__cd6578_0_4_75.jpeg;https:\/\/images.novelship.com\/product\/air_jordan_1_retro_high_sb__nyc_to_paris__cd6578_0_5_75.jpeg;https:\/\/images.novelship.com\/product\/air_jordan_1_retro_high_sb__nyc_to_paris__cd6578_0_6_75.jpeg;https:\/\/images.novelship.com\/product\/air_jordan_1_retro_high_sb__nyc_to_paris__cd6578_0_7_75.jpeg\",\"datePublished\":\"2026-04-16T10:10:24+00:00\",\"dateModified\":\"2026-04-17T15:54:34+00:00\",\"breadcrumb\":{\"@id\":\"https:\/\/tourcruiser.com\/fr\/products\/air-jordan-1-retro-high-sb-nyc-to-paris-cd6578-006\/#breadcrumb\"},\"inLanguage\":\"fr-FR\",\"potentialAction\":[{\"@type\":\"ReadAction\",\"target\":[\"https:\/\/tourcruiser.com\/fr\/products\/air-jordan-1-retro-high-sb-nyc-to-paris-cd6578-006\/\"]}]},{\"@type\":\"ImageObject\",\"inLanguage\":\"fr-FR\",\"@id\":\"https:\/\/tourcruiser.com\/fr\/products\/air-jordan-1-retro-high-sb-nyc-to-paris-cd6578-006\/#primaryimage\",\"url\":\"https:\/\/images.novelship.com\/product\/air_jordan_1_retro_high_sb__nyc_to_paris__cd6578_0_0_75.jpeg;https:\/\/images.novelship.com\/product\/air_jordan_1_retro_high_sb__nyc_to_paris__cd6578_0_1_75.jpeg;https:\/\/images.novelship.com\/product\/air_jordan_1_retro_high_sb__nyc_to_paris__cd6578_0_2_75.jpeg;https:\/\/images.novelship.com\/product\/air_jordan_1_retro_high_sb__nyc_to_paris__cd6578_0_3_75.jpeg;https:\/\/images.novelship.com\/product\/air_jordan_1_retro_high_sb__nyc_to_paris__cd6578_0_4_75.jpeg;https:\/\/images.novelship.com\/product\/air_jordan_1_retro_high_sb__nyc_to_paris__cd6578_0_5_75.jpeg;https:\/\/images.novelship.com\/product\/air_jordan_1_retro_high_sb__nyc_to_paris__cd6578_0_6_75.jpeg;https:\/\/images.novelship.com\/product\/air_jordan_1_retro_high_sb__nyc_to_paris__cd6578_0_7_75.jpeg\",\"contentUrl\":\"https:\/\/images.novelship.com\/product\/air_jordan_1_retro_high_sb__nyc_to_paris__cd6578_0_0_75.jpeg;https:\/\/images.novelship.com\/product\/air_jordan_1_retro_high_sb__nyc_to_paris__cd6578_0_1_75.jpeg;https:\/\/images.novelship.com\/product\/air_jordan_1_retro_high_sb__nyc_to_paris__cd6578_0_2_75.jpeg;https:\/\/images.novelship.com\/product\/air_jordan_1_retro_high_sb__nyc_to_paris__cd6578_0_3_75.jpeg;https:\/\/images.novelship.com\/product\/air_jordan_1_retro_high_sb__nyc_to_paris__cd6578_0_4_75.jpeg;https:\/\/images.novelship.com\/product\/air_jordan_1_retro_high_sb__nyc_to_paris__cd6578_0_5_75.jpeg;https:\/\/images.novelship.com\/product\/air_jordan_1_retro_high_sb__nyc_to_paris__cd6578_0_6_75.jpeg;https:\/\/images.novelship.com\/product\/air_jordan_1_retro_high_sb__nyc_to_paris__cd6578_0_7_75.jpeg\"},{\"@type\":\"BreadcrumbList\",\"@id\":\"https:\/\/tourcruiser.com\/fr\/products\/air-jordan-1-retro-high-sb-nyc-to-paris-cd6578-006\/#breadcrumb\",\"itemListElement\":[{\"@type\":\"ListItem\",\"position\":1,\"name\":\"Home\",\"item\":\"https:\/\/tourcruiser.com\/fr\/\"},{\"@type\":\"ListItem\",\"position\":2,\"name\":\"Shop\",\"item\":\"https:\/\/tourcruiser.com\/fr\/shop\/\"},{\"@type\":\"ListItem\",\"position\":3,\"name\":\"Air Jordan 1 Retro High SB &#8216;NYC to Paris&#8217; CD6578-006\"}]},{\"@type\":\"WebSite\",\"@id\":\"\/#website\",\"url\":\"\/\",\"name\":\"Styloral Jewelry Shop\",\"description\":\"Tourcruiser Sneaker Store \u2014 L\u2019endroit o\u00f9 l\u2019univers rencontre votre singularit\u00e9.\",\"publisher\":{\"@id\":\"\/#organization\"},\"potentialAction\":[{\"@type\":\"SearchAction\",\"target\":{\"@type\":\"EntryPoint\",\"urlTemplate\":\"\/?s={search_term_string}\"},\"query-input\":{\"@type\":\"PropertyValueSpecification\",\"valueRequired\":true,\"valueName\":\"search_term_string\"}}],\"inLanguage\":\"fr-FR\"},{\"@type\":\"Organization\",\"@id\":\"\/#organization\",\"name\":\"STYLORAL PTE. LTD\",\"url\":\"\/\",\"logo\":{\"@type\":\"ImageObject\",\"inLanguage\":\"fr-FR\",\"@id\":\"\/#\/schema\/logo\/image\/\",\"url\":\"https:\/\/www.tourcruiser.com\/wp-content\/uploads\/2025\/12\/logo.png\",\"contentUrl\":\"https:\/\/www.tourcruiser.com\/wp-content\/uploads\/2025\/12\/logo.png\",\"width\":200,\"height\":65,\"caption\":\"STYLORAL PTE. LTD\"},\"image\":{\"@id\":\"\/#\/schema\/logo\/image\/\"}}]}<\/script>\n<!-- \/ Yoast SEO plugin. -->","yoast_head_json":{"title":"Air Jordan 1 Retro High SB 'NYC to Paris' CD6578-006 - TOURCRUISER PTE. LTD","robots":{"index":"index","follow":"follow","max-snippet":"max-snippet:-1","max-image-preview":"max-image-preview:large","max-video-preview":"max-video-preview:-1"},"canonical":"https:\/\/tourcruiser.com\/fr\/products\/air-jordan-1-retro-high-sb-nyc-to-paris-cd6578-006\/","og_locale":"fr_FR","og_type":"article","og_title":"Air Jordan 1 Retro High SB 'NYC to Paris' CD6578-006 - TOURCRUISER PTE. LTD","og_description":"La Air Jordan 1 Retro High SB NYC to Paris, aussi appel\u00e9e NYC to Paris, est une chaussure de basketball \u00e9l\u00e9gante de la marque embl\u00e9matique Jordan. Avec son design blanc \u00e9pur\u00e9, cette sneaker offre un look moderne et rac\u00e9. Parfaite pour le terrain comme pour le quotidien. Coloris\u00a0: Light Bone\/Crimson Tint\/Hyper Pink\/Black Code article\u00a0: CD6578-006 [&hellip;]","og_url":"https:\/\/tourcruiser.com\/fr\/products\/air-jordan-1-retro-high-sb-nyc-to-paris-cd6578-006\/","og_site_name":"Tourcruiser Sneaker Store","article_modified_time":"2026-04-17T15:54:34+00:00","twitter_card":"summary_large_image","twitter_image":"https:\/\/images.novelship.com\/product\/air_jordan_1_retro_high_sb__nyc_to_paris__cd6578_0_0_75.jpeg;https:\/\/images.novelship.com\/product\/air_jordan_1_retro_high_sb__nyc_to_paris__cd6578_0_1_75.jpeg;https:\/\/images.novelship.com\/product\/air_jordan_1_retro_high_sb__nyc_to_paris__cd6578_0_2_75.jpeg;https:\/\/images.novelship.com\/product\/air_jordan_1_retro_high_sb__nyc_to_paris__cd6578_0_3_75.jpeg;https:\/\/images.novelship.com\/product\/air_jordan_1_retro_high_sb__nyc_to_paris__cd6578_0_4_75.jpeg;https:\/\/images.novelship.com\/product\/air_jordan_1_retro_high_sb__nyc_to_paris__cd6578_0_5_75.jpeg;https:\/\/images.novelship.com\/product\/air_jordan_1_retro_high_sb__nyc_to_paris__cd6578_0_6_75.jpeg;https:\/\/images.novelship.com\/product\/air_jordan_1_retro_high_sb__nyc_to_paris__cd6578_0_7_75.jpeg","schema":{"@context":"https:\/\/schema.org","@graph":[{"@type":"WebPage","@id":"https:\/\/tourcruiser.com\/fr\/products\/air-jordan-1-retro-high-sb-nyc-to-paris-cd6578-006\/","url":"https:\/\/tourcruiser.com\/fr\/products\/air-jordan-1-retro-high-sb-nyc-to-paris-cd6578-006\/","name":"Air Jordan 1 Retro High SB 'NYC to Paris' CD6578-006 - TOURCRUISER PTE. LTD","isPartOf":{"@id":"\/#website"},"primaryImageOfPage":{"@id":"https:\/\/tourcruiser.com\/fr\/products\/air-jordan-1-retro-high-sb-nyc-to-paris-cd6578-006\/#primaryimage"},"image":{"@id":"https:\/\/tourcruiser.com\/fr\/products\/air-jordan-1-retro-high-sb-nyc-to-paris-cd6578-006\/#primaryimage"},"thumbnailUrl":"https:\/\/images.novelship.com\/product\/air_jordan_1_retro_high_sb__nyc_to_paris__cd6578_0_0_75.jpeg;https:\/\/images.novelship.com\/product\/air_jordan_1_retro_high_sb__nyc_to_paris__cd6578_0_1_75.jpeg;https:\/\/images.novelship.com\/product\/air_jordan_1_retro_high_sb__nyc_to_paris__cd6578_0_2_75.jpeg;https:\/\/images.novelship.com\/product\/air_jordan_1_retro_high_sb__nyc_to_paris__cd6578_0_3_75.jpeg;https:\/\/images.novelship.com\/product\/air_jordan_1_retro_high_sb__nyc_to_paris__cd6578_0_4_75.jpeg;https:\/\/images.novelship.com\/product\/air_jordan_1_retro_high_sb__nyc_to_paris__cd6578_0_5_75.jpeg;https:\/\/images.novelship.com\/product\/air_jordan_1_retro_high_sb__nyc_to_paris__cd6578_0_6_75.jpeg;https:\/\/images.novelship.com\/product\/air_jordan_1_retro_high_sb__nyc_to_paris__cd6578_0_7_75.jpeg","datePublished":"2026-04-16T10:10:24+00:00","dateModified":"2026-04-17T15:54:34+00:00","breadcrumb":{"@id":"https:\/\/tourcruiser.com\/fr\/products\/air-jordan-1-retro-high-sb-nyc-to-paris-cd6578-006\/#breadcrumb"},"inLanguage":"fr-FR","potentialAction":[{"@type":"ReadAction","target":["https:\/\/tourcruiser.com\/fr\/products\/air-jordan-1-retro-high-sb-nyc-to-paris-cd6578-006\/"]}]},{"@type":"ImageObject","inLanguage":"fr-FR","@id":"https:\/\/tourcruiser.com\/fr\/products\/air-jordan-1-retro-high-sb-nyc-to-paris-cd6578-006\/#primaryimage","url":"https:\/\/images.novelship.com\/product\/air_jordan_1_retro_high_sb__nyc_to_paris__cd6578_0_0_75.jpeg;https:\/\/images.novelship.com\/product\/air_jordan_1_retro_high_sb__nyc_to_paris__cd6578_0_1_75.jpeg;https:\/\/images.novelship.com\/product\/air_jordan_1_retro_high_sb__nyc_to_paris__cd6578_0_2_75.jpeg;https:\/\/images.novelship.com\/product\/air_jordan_1_retro_high_sb__nyc_to_paris__cd6578_0_3_75.jpeg;https:\/\/images.novelship.com\/product\/air_jordan_1_retro_high_sb__nyc_to_paris__cd6578_0_4_75.jpeg;https:\/\/images.novelship.com\/product\/air_jordan_1_retro_high_sb__nyc_to_paris__cd6578_0_5_75.jpeg;https:\/\/images.novelship.com\/product\/air_jordan_1_retro_high_sb__nyc_to_paris__cd6578_0_6_75.jpeg;https:\/\/images.novelship.com\/product\/air_jordan_1_retro_high_sb__nyc_to_paris__cd6578_0_7_75.jpeg","contentUrl":"https:\/\/images.novelship.com\/product\/air_jordan_1_retro_high_sb__nyc_to_paris__cd6578_0_0_75.jpeg;https:\/\/images.novelship.com\/product\/air_jordan_1_retro_high_sb__nyc_to_paris__cd6578_0_1_75.jpeg;https:\/\/images.novelship.com\/product\/air_jordan_1_retro_high_sb__nyc_to_paris__cd6578_0_2_75.jpeg;https:\/\/images.novelship.com\/product\/air_jordan_1_retro_high_sb__nyc_to_paris__cd6578_0_3_75.jpeg;https:\/\/images.novelship.com\/product\/air_jordan_1_retro_high_sb__nyc_to_paris__cd6578_0_4_75.jpeg;https:\/\/images.novelship.com\/product\/air_jordan_1_retro_high_sb__nyc_to_paris__cd6578_0_5_75.jpeg;https:\/\/images.novelship.com\/product\/air_jordan_1_retro_high_sb__nyc_to_paris__cd6578_0_6_75.jpeg;https:\/\/images.novelship.com\/product\/air_jordan_1_retro_high_sb__nyc_to_paris__cd6578_0_7_75.jpeg"},{"@type":"BreadcrumbList","@id":"https:\/\/tourcruiser.com\/fr\/products\/air-jordan-1-retro-high-sb-nyc-to-paris-cd6578-006\/#breadcrumb","itemListElement":[{"@type":"ListItem","position":1,"name":"Home","item":"https:\/\/tourcruiser.com\/fr\/"},{"@type":"ListItem","position":2,"name":"Shop","item":"https:\/\/tourcruiser.com\/fr\/shop\/"},{"@type":"ListItem","position":3,"name":"Air Jordan 1 Retro High SB &#8216;NYC to Paris&#8217; CD6578-006"}]},{"@type":"WebSite","@id":"\/#website","url":"\/","name":"Styloral Jewelry Shop","description":"Tourcruiser Sneaker Store \u2014 L\u2019endroit o\u00f9 l\u2019univers rencontre votre singularit\u00e9.","publisher":{"@id":"\/#organization"},"potentialAction":[{"@type":"SearchAction","target":{"@type":"EntryPoint","urlTemplate":"\/?s={search_term_string}"},"query-input":{"@type":"PropertyValueSpecification","valueRequired":true,"valueName":"search_term_string"}}],"inLanguage":"fr-FR"},{"@type":"Organization","@id":"\/#organization","name":"STYLORAL PTE. LTD","url":"\/","logo":{"@type":"ImageObject","inLanguage":"fr-FR","@id":"\/#\/schema\/logo\/image\/","url":"https:\/\/www.tourcruiser.com\/wp-content\/uploads\/2025\/12\/logo.png","contentUrl":"https:\/\/www.tourcruiser.com\/wp-content\/uploads\/2025\/12\/logo.png","width":200,"height":65,"caption":"STYLORAL PTE. LTD"},"image":{"@id":"\/#\/schema\/logo\/image\/"}}]}},"_links":{"self":[{"href":"https:\/\/tourcruiser.com\/fr\/wp-json\/wp\/v2\/product\/763361","targetHints":{"allow":["GET"]}}],"collection":[{"href":"https:\/\/tourcruiser.com\/fr\/wp-json\/wp\/v2\/product"}],"about":[{"href":"https:\/\/tourcruiser.com\/fr\/wp-json\/wp\/v2\/types\/product"}],"replies":[{"embeddable":true,"href":"https:\/\/tourcruiser.com\/fr\/wp-json\/wp\/v2\/comments?post=763361"}],"wp:featuredmedia":[{"embeddable":true,"href":"https:\/\/tourcruiser.com\/fr\/wp-json\/wp\/v2\/media\/763362"}],"wp:attachment":[{"href":"https:\/\/tourcruiser.com\/fr\/wp-json\/wp\/v2\/media?parent=763361"}],"wp:term":[{"taxonomy":"product_brand","embeddable":true,"href":"https:\/\/tourcruiser.com\/fr\/wp-json\/wp\/v2\/product_brand?post=763361"},{"taxonomy":"product_cat","embeddable":true,"href":"https:\/\/tourcruiser.com\/fr\/wp-json\/wp\/v2\/product_cat?post=763361"},{"taxonomy":"product_tag","embeddable":true,"href":"https:\/\/tourcruiser.com\/fr\/wp-json\/wp\/v2\/product_tag?post=763361"}],"curies":[{"name":"wp","href":"https:\/\/api.w.org\/{rel}","templated":true}]}}