{"id":763350,"date":"2026-04-16T17:10:23","date_gmt":"2026-04-16T10:10:23","guid":{"rendered":"http:\/\/tourcruiser.com\/product\/grade-school-air-jordan-11-retro-cool-grey-2021-378038-005"},"modified":"2026-04-17T22:54:34","modified_gmt":"2026-04-17T15:54:34","slug":"grade-school-air-jordan-11-retro-cool-grey-2021-378038-005","status":"publish","type":"product","link":"https:\/\/tourcruiser.com\/fr\/products\/grade-school-air-jordan-11-retro-cool-grey-2021-378038-005\/","title":{"rendered":"(Grade School) Air Jordan 11 Retro &lsquo;Cool Grey&rsquo; 2021 378038-005"},"content":{"rendered":"<p>D\u00e9couvrez la Air Jordan 11 Retro Cool Grey 2021 (GS), une sneaker incontournable de l&#8217;embl\u00e9matique marque Jordan. Ce mod\u00e8le allie style et fonctionnalit\u00e9 gr\u00e2ce \u00e0 sa teinte gris clair et son design r\u00e9tro. Confortable et performante, elle est id\u00e9ale pour les loisirs comme pour le sport. Affirmez votre style avec la Air Jordan 11 Retro Cool Grey 2021 (GS).<\/p>\n<p>Coloris\u00a0: Gris moyen\/Blanc\/Gris froid<\/p>\n<p>Code article\u00a0: 378038-005<\/p>\n<p>Tige\u00a0: Cuir<\/p>\n<p>Semelle interm\u00e9diaire\u00a0: Air<\/p>\n<p>Couleur\u00a0: Gris<\/p>\n<p>Designer\u00a0: Tinker Hatfield<\/p>\n<p>Saison\u00a0: Hiver<br \/>\nAnn\u00e9e de sortie\u00a0: 2021<\/p>\n<p>\u00c2ge\u00a0: Adulte<br \/>\nCouleur\u00a0: Gris<br \/>\nGenre\u00a0: Enfant<\/p>\n","protected":false},"excerpt":{"rendered":"<p>D\u00e9couvrez la Air Jordan 11 Retro Cool Grey 2021 (GS), une sneaker incontournable de l&#8217;embl\u00e9matique marque Jordan. Ce mod\u00e8le allie style et fonctionnalit\u00e9 gr\u00e2ce \u00e0 sa teinte gris clair et son design r\u00e9tro. Confortable et performante, elle est id\u00e9ale pour les loisirs comme pour le sport. Affirmez votre style avec la Air Jordan 11 Retro [&hellip;]<\/p>\n","protected":false},"featured_media":763351,"comment_status":"open","ping_status":"closed","template":"","meta":[],"product_brand":[],"product_cat":[38880],"product_tag":[10800,38876,38861,38874,10776,11349,38875,11129,38877,38844],"class_list":{"0":"post-763350","1":"product","2":"type-product","3":"status-publish","4":"has-post-thumbnail","6":"product_cat-jordan","7":"product_tag-basketball-shoes","8":"product_tag-basketball-shoes-for-kids","9":"product_tag-below-retail-price","10":"product_tag-hari-raya-gs","11":"product_tag-jordan","12":"product_tag-jordan-basketball-shoes","13":"product_tag-jordan-skateboard-shoes","14":"product_tag-lightweight-basketball-shoes","15":"product_tag-sports-shoes-for-kids","16":"product_tag-top-offers","18":"first","19":"instock","20":"taxable","21":"shipping-taxable","22":"purchasable","23":"product-type-simple"},"wcpa_form_fields":null,"yoast_head":"<!-- This site is optimized with the Yoast SEO plugin v26.5 - https:\/\/yoast.com\/wordpress\/plugins\/seo\/ -->\n<title>(Grade School) Air Jordan 11 Retro &#039;Cool Grey&#039; 2021 378038-005 - TOURCRUISER PTE. LTD<\/title>\n<meta name=\"robots\" content=\"index, follow, max-snippet:-1, max-image-preview:large, max-video-preview:-1\" \/>\n<link rel=\"canonical\" href=\"https:\/\/tourcruiser.com\/fr\/products\/grade-school-air-jordan-11-retro-cool-grey-2021-378038-005\/\" \/>\n<meta property=\"og:locale\" content=\"fr_FR\" \/>\n<meta property=\"og:type\" content=\"article\" \/>\n<meta property=\"og:title\" content=\"(Grade School) Air Jordan 11 Retro &#039;Cool Grey&#039; 2021 378038-005 - TOURCRUISER PTE. LTD\" \/>\n<meta property=\"og:description\" content=\"D\u00e9couvrez la Air Jordan 11 Retro Cool Grey 2021 (GS), une sneaker incontournable de l&#8217;embl\u00e9matique marque Jordan. Ce mod\u00e8le allie style et fonctionnalit\u00e9 gr\u00e2ce \u00e0 sa teinte gris clair et son design r\u00e9tro. Confortable et performante, elle est id\u00e9ale pour les loisirs comme pour le sport. Affirmez votre style avec la Air Jordan 11 Retro [&hellip;]\" \/>\n<meta property=\"og:url\" content=\"https:\/\/tourcruiser.com\/fr\/products\/grade-school-air-jordan-11-retro-cool-grey-2021-378038-005\/\" \/>\n<meta property=\"og:site_name\" content=\"Tourcruiser Sneaker Store\" \/>\n<meta property=\"article:modified_time\" content=\"2026-04-17T15:54:34+00:00\" \/>\n<meta name=\"twitter:card\" content=\"summary_large_image\" \/>\n<meta name=\"twitter:image\" content=\"https:\/\/images.novelship.com\/product\/_grade_school__air_jordan_11_retro__cool_grey__202_0_56828.jpeg;https:\/\/images.novelship.com\/product\/_grade_school__air_jordan_11_retro__cool_grey__202_1_56828.jpeg;https:\/\/images.novelship.com\/product\/_grade_school__air_jordan_11_retro__cool_grey__202_2_56828.jpeg;https:\/\/images.novelship.com\/product\/_grade_school__air_jordan_11_retro__cool_grey__202_3_56828.jpeg;https:\/\/images.novelship.com\/product\/_grade_school__air_jordan_11_retro__cool_grey__202_4_56828.jpeg;https:\/\/images.novelship.com\/product\/_grade_school__air_jordan_11_retro__cool_grey__202_5_56828.jpeg;https:\/\/images.novelship.com\/product\/_grade_school__air_jordan_11_retro__cool_grey__202_6_56828.jpeg;https:\/\/images.novelship.com\/product\/_grade_school__air_jordan_11_retro__cool_grey__202_7_56828.jpeg\" \/>\n<script type=\"application\/ld+json\" class=\"yoast-schema-graph\">{\"@context\":\"https:\/\/schema.org\",\"@graph\":[{\"@type\":\"WebPage\",\"@id\":\"https:\/\/tourcruiser.com\/fr\/products\/grade-school-air-jordan-11-retro-cool-grey-2021-378038-005\/\",\"url\":\"https:\/\/tourcruiser.com\/fr\/products\/grade-school-air-jordan-11-retro-cool-grey-2021-378038-005\/\",\"name\":\"(Grade School) Air Jordan 11 Retro 'Cool Grey' 2021 378038-005 - TOURCRUISER PTE. LTD\",\"isPartOf\":{\"@id\":\"\/#website\"},\"primaryImageOfPage\":{\"@id\":\"https:\/\/tourcruiser.com\/fr\/products\/grade-school-air-jordan-11-retro-cool-grey-2021-378038-005\/#primaryimage\"},\"image\":{\"@id\":\"https:\/\/tourcruiser.com\/fr\/products\/grade-school-air-jordan-11-retro-cool-grey-2021-378038-005\/#primaryimage\"},\"thumbnailUrl\":\"https:\/\/images.novelship.com\/product\/_grade_school__air_jordan_11_retro__cool_grey__202_0_56828.jpeg;https:\/\/images.novelship.com\/product\/_grade_school__air_jordan_11_retro__cool_grey__202_1_56828.jpeg;https:\/\/images.novelship.com\/product\/_grade_school__air_jordan_11_retro__cool_grey__202_2_56828.jpeg;https:\/\/images.novelship.com\/product\/_grade_school__air_jordan_11_retro__cool_grey__202_3_56828.jpeg;https:\/\/images.novelship.com\/product\/_grade_school__air_jordan_11_retro__cool_grey__202_4_56828.jpeg;https:\/\/images.novelship.com\/product\/_grade_school__air_jordan_11_retro__cool_grey__202_5_56828.jpeg;https:\/\/images.novelship.com\/product\/_grade_school__air_jordan_11_retro__cool_grey__202_6_56828.jpeg;https:\/\/images.novelship.com\/product\/_grade_school__air_jordan_11_retro__cool_grey__202_7_56828.jpeg\",\"datePublished\":\"2026-04-16T10:10:23+00:00\",\"dateModified\":\"2026-04-17T15:54:34+00:00\",\"breadcrumb\":{\"@id\":\"https:\/\/tourcruiser.com\/fr\/products\/grade-school-air-jordan-11-retro-cool-grey-2021-378038-005\/#breadcrumb\"},\"inLanguage\":\"fr-FR\",\"potentialAction\":[{\"@type\":\"ReadAction\",\"target\":[\"https:\/\/tourcruiser.com\/fr\/products\/grade-school-air-jordan-11-retro-cool-grey-2021-378038-005\/\"]}]},{\"@type\":\"ImageObject\",\"inLanguage\":\"fr-FR\",\"@id\":\"https:\/\/tourcruiser.com\/fr\/products\/grade-school-air-jordan-11-retro-cool-grey-2021-378038-005\/#primaryimage\",\"url\":\"https:\/\/images.novelship.com\/product\/_grade_school__air_jordan_11_retro__cool_grey__202_0_56828.jpeg;https:\/\/images.novelship.com\/product\/_grade_school__air_jordan_11_retro__cool_grey__202_1_56828.jpeg;https:\/\/images.novelship.com\/product\/_grade_school__air_jordan_11_retro__cool_grey__202_2_56828.jpeg;https:\/\/images.novelship.com\/product\/_grade_school__air_jordan_11_retro__cool_grey__202_3_56828.jpeg;https:\/\/images.novelship.com\/product\/_grade_school__air_jordan_11_retro__cool_grey__202_4_56828.jpeg;https:\/\/images.novelship.com\/product\/_grade_school__air_jordan_11_retro__cool_grey__202_5_56828.jpeg;https:\/\/images.novelship.com\/product\/_grade_school__air_jordan_11_retro__cool_grey__202_6_56828.jpeg;https:\/\/images.novelship.com\/product\/_grade_school__air_jordan_11_retro__cool_grey__202_7_56828.jpeg\",\"contentUrl\":\"https:\/\/images.novelship.com\/product\/_grade_school__air_jordan_11_retro__cool_grey__202_0_56828.jpeg;https:\/\/images.novelship.com\/product\/_grade_school__air_jordan_11_retro__cool_grey__202_1_56828.jpeg;https:\/\/images.novelship.com\/product\/_grade_school__air_jordan_11_retro__cool_grey__202_2_56828.jpeg;https:\/\/images.novelship.com\/product\/_grade_school__air_jordan_11_retro__cool_grey__202_3_56828.jpeg;https:\/\/images.novelship.com\/product\/_grade_school__air_jordan_11_retro__cool_grey__202_4_56828.jpeg;https:\/\/images.novelship.com\/product\/_grade_school__air_jordan_11_retro__cool_grey__202_5_56828.jpeg;https:\/\/images.novelship.com\/product\/_grade_school__air_jordan_11_retro__cool_grey__202_6_56828.jpeg;https:\/\/images.novelship.com\/product\/_grade_school__air_jordan_11_retro__cool_grey__202_7_56828.jpeg\"},{\"@type\":\"BreadcrumbList\",\"@id\":\"https:\/\/tourcruiser.com\/fr\/products\/grade-school-air-jordan-11-retro-cool-grey-2021-378038-005\/#breadcrumb\",\"itemListElement\":[{\"@type\":\"ListItem\",\"position\":1,\"name\":\"Home\",\"item\":\"https:\/\/tourcruiser.com\/fr\/\"},{\"@type\":\"ListItem\",\"position\":2,\"name\":\"Shop\",\"item\":\"https:\/\/tourcruiser.com\/fr\/shop\/\"},{\"@type\":\"ListItem\",\"position\":3,\"name\":\"(Grade School) Air Jordan 11 Retro &#8216;Cool Grey&#8217; 2021 378038-005\"}]},{\"@type\":\"WebSite\",\"@id\":\"\/#website\",\"url\":\"\/\",\"name\":\"Styloral Jewelry Shop\",\"description\":\"Tourcruiser Sneaker Store \u2014 L\u2019endroit o\u00f9 l\u2019univers rencontre votre singularit\u00e9.\",\"publisher\":{\"@id\":\"\/#organization\"},\"potentialAction\":[{\"@type\":\"SearchAction\",\"target\":{\"@type\":\"EntryPoint\",\"urlTemplate\":\"\/?s={search_term_string}\"},\"query-input\":{\"@type\":\"PropertyValueSpecification\",\"valueRequired\":true,\"valueName\":\"search_term_string\"}}],\"inLanguage\":\"fr-FR\"},{\"@type\":\"Organization\",\"@id\":\"\/#organization\",\"name\":\"STYLORAL PTE. LTD\",\"url\":\"\/\",\"logo\":{\"@type\":\"ImageObject\",\"inLanguage\":\"fr-FR\",\"@id\":\"\/#\/schema\/logo\/image\/\",\"url\":\"https:\/\/www.tourcruiser.com\/wp-content\/uploads\/2025\/12\/logo.png\",\"contentUrl\":\"https:\/\/www.tourcruiser.com\/wp-content\/uploads\/2025\/12\/logo.png\",\"width\":200,\"height\":65,\"caption\":\"STYLORAL PTE. LTD\"},\"image\":{\"@id\":\"\/#\/schema\/logo\/image\/\"}}]}<\/script>\n<!-- \/ Yoast SEO plugin. -->","yoast_head_json":{"title":"(Grade School) Air Jordan 11 Retro 'Cool Grey' 2021 378038-005 - TOURCRUISER PTE. LTD","robots":{"index":"index","follow":"follow","max-snippet":"max-snippet:-1","max-image-preview":"max-image-preview:large","max-video-preview":"max-video-preview:-1"},"canonical":"https:\/\/tourcruiser.com\/fr\/products\/grade-school-air-jordan-11-retro-cool-grey-2021-378038-005\/","og_locale":"fr_FR","og_type":"article","og_title":"(Grade School) Air Jordan 11 Retro 'Cool Grey' 2021 378038-005 - TOURCRUISER PTE. LTD","og_description":"D\u00e9couvrez la Air Jordan 11 Retro Cool Grey 2021 (GS), une sneaker incontournable de l&#8217;embl\u00e9matique marque Jordan. Ce mod\u00e8le allie style et fonctionnalit\u00e9 gr\u00e2ce \u00e0 sa teinte gris clair et son design r\u00e9tro. Confortable et performante, elle est id\u00e9ale pour les loisirs comme pour le sport. Affirmez votre style avec la Air Jordan 11 Retro [&hellip;]","og_url":"https:\/\/tourcruiser.com\/fr\/products\/grade-school-air-jordan-11-retro-cool-grey-2021-378038-005\/","og_site_name":"Tourcruiser Sneaker Store","article_modified_time":"2026-04-17T15:54:34+00:00","twitter_card":"summary_large_image","twitter_image":"https:\/\/images.novelship.com\/product\/_grade_school__air_jordan_11_retro__cool_grey__202_0_56828.jpeg;https:\/\/images.novelship.com\/product\/_grade_school__air_jordan_11_retro__cool_grey__202_1_56828.jpeg;https:\/\/images.novelship.com\/product\/_grade_school__air_jordan_11_retro__cool_grey__202_2_56828.jpeg;https:\/\/images.novelship.com\/product\/_grade_school__air_jordan_11_retro__cool_grey__202_3_56828.jpeg;https:\/\/images.novelship.com\/product\/_grade_school__air_jordan_11_retro__cool_grey__202_4_56828.jpeg;https:\/\/images.novelship.com\/product\/_grade_school__air_jordan_11_retro__cool_grey__202_5_56828.jpeg;https:\/\/images.novelship.com\/product\/_grade_school__air_jordan_11_retro__cool_grey__202_6_56828.jpeg;https:\/\/images.novelship.com\/product\/_grade_school__air_jordan_11_retro__cool_grey__202_7_56828.jpeg","schema":{"@context":"https:\/\/schema.org","@graph":[{"@type":"WebPage","@id":"https:\/\/tourcruiser.com\/fr\/products\/grade-school-air-jordan-11-retro-cool-grey-2021-378038-005\/","url":"https:\/\/tourcruiser.com\/fr\/products\/grade-school-air-jordan-11-retro-cool-grey-2021-378038-005\/","name":"(Grade School) Air Jordan 11 Retro 'Cool Grey' 2021 378038-005 - TOURCRUISER PTE. LTD","isPartOf":{"@id":"\/#website"},"primaryImageOfPage":{"@id":"https:\/\/tourcruiser.com\/fr\/products\/grade-school-air-jordan-11-retro-cool-grey-2021-378038-005\/#primaryimage"},"image":{"@id":"https:\/\/tourcruiser.com\/fr\/products\/grade-school-air-jordan-11-retro-cool-grey-2021-378038-005\/#primaryimage"},"thumbnailUrl":"https:\/\/images.novelship.com\/product\/_grade_school__air_jordan_11_retro__cool_grey__202_0_56828.jpeg;https:\/\/images.novelship.com\/product\/_grade_school__air_jordan_11_retro__cool_grey__202_1_56828.jpeg;https:\/\/images.novelship.com\/product\/_grade_school__air_jordan_11_retro__cool_grey__202_2_56828.jpeg;https:\/\/images.novelship.com\/product\/_grade_school__air_jordan_11_retro__cool_grey__202_3_56828.jpeg;https:\/\/images.novelship.com\/product\/_grade_school__air_jordan_11_retro__cool_grey__202_4_56828.jpeg;https:\/\/images.novelship.com\/product\/_grade_school__air_jordan_11_retro__cool_grey__202_5_56828.jpeg;https:\/\/images.novelship.com\/product\/_grade_school__air_jordan_11_retro__cool_grey__202_6_56828.jpeg;https:\/\/images.novelship.com\/product\/_grade_school__air_jordan_11_retro__cool_grey__202_7_56828.jpeg","datePublished":"2026-04-16T10:10:23+00:00","dateModified":"2026-04-17T15:54:34+00:00","breadcrumb":{"@id":"https:\/\/tourcruiser.com\/fr\/products\/grade-school-air-jordan-11-retro-cool-grey-2021-378038-005\/#breadcrumb"},"inLanguage":"fr-FR","potentialAction":[{"@type":"ReadAction","target":["https:\/\/tourcruiser.com\/fr\/products\/grade-school-air-jordan-11-retro-cool-grey-2021-378038-005\/"]}]},{"@type":"ImageObject","inLanguage":"fr-FR","@id":"https:\/\/tourcruiser.com\/fr\/products\/grade-school-air-jordan-11-retro-cool-grey-2021-378038-005\/#primaryimage","url":"https:\/\/images.novelship.com\/product\/_grade_school__air_jordan_11_retro__cool_grey__202_0_56828.jpeg;https:\/\/images.novelship.com\/product\/_grade_school__air_jordan_11_retro__cool_grey__202_1_56828.jpeg;https:\/\/images.novelship.com\/product\/_grade_school__air_jordan_11_retro__cool_grey__202_2_56828.jpeg;https:\/\/images.novelship.com\/product\/_grade_school__air_jordan_11_retro__cool_grey__202_3_56828.jpeg;https:\/\/images.novelship.com\/product\/_grade_school__air_jordan_11_retro__cool_grey__202_4_56828.jpeg;https:\/\/images.novelship.com\/product\/_grade_school__air_jordan_11_retro__cool_grey__202_5_56828.jpeg;https:\/\/images.novelship.com\/product\/_grade_school__air_jordan_11_retro__cool_grey__202_6_56828.jpeg;https:\/\/images.novelship.com\/product\/_grade_school__air_jordan_11_retro__cool_grey__202_7_56828.jpeg","contentUrl":"https:\/\/images.novelship.com\/product\/_grade_school__air_jordan_11_retro__cool_grey__202_0_56828.jpeg;https:\/\/images.novelship.com\/product\/_grade_school__air_jordan_11_retro__cool_grey__202_1_56828.jpeg;https:\/\/images.novelship.com\/product\/_grade_school__air_jordan_11_retro__cool_grey__202_2_56828.jpeg;https:\/\/images.novelship.com\/product\/_grade_school__air_jordan_11_retro__cool_grey__202_3_56828.jpeg;https:\/\/images.novelship.com\/product\/_grade_school__air_jordan_11_retro__cool_grey__202_4_56828.jpeg;https:\/\/images.novelship.com\/product\/_grade_school__air_jordan_11_retro__cool_grey__202_5_56828.jpeg;https:\/\/images.novelship.com\/product\/_grade_school__air_jordan_11_retro__cool_grey__202_6_56828.jpeg;https:\/\/images.novelship.com\/product\/_grade_school__air_jordan_11_retro__cool_grey__202_7_56828.jpeg"},{"@type":"BreadcrumbList","@id":"https:\/\/tourcruiser.com\/fr\/products\/grade-school-air-jordan-11-retro-cool-grey-2021-378038-005\/#breadcrumb","itemListElement":[{"@type":"ListItem","position":1,"name":"Home","item":"https:\/\/tourcruiser.com\/fr\/"},{"@type":"ListItem","position":2,"name":"Shop","item":"https:\/\/tourcruiser.com\/fr\/shop\/"},{"@type":"ListItem","position":3,"name":"(Grade School) Air Jordan 11 Retro &#8216;Cool Grey&#8217; 2021 378038-005"}]},{"@type":"WebSite","@id":"\/#website","url":"\/","name":"Styloral Jewelry Shop","description":"Tourcruiser Sneaker Store \u2014 L\u2019endroit o\u00f9 l\u2019univers rencontre votre singularit\u00e9.","publisher":{"@id":"\/#organization"},"potentialAction":[{"@type":"SearchAction","target":{"@type":"EntryPoint","urlTemplate":"\/?s={search_term_string}"},"query-input":{"@type":"PropertyValueSpecification","valueRequired":true,"valueName":"search_term_string"}}],"inLanguage":"fr-FR"},{"@type":"Organization","@id":"\/#organization","name":"STYLORAL PTE. LTD","url":"\/","logo":{"@type":"ImageObject","inLanguage":"fr-FR","@id":"\/#\/schema\/logo\/image\/","url":"https:\/\/www.tourcruiser.com\/wp-content\/uploads\/2025\/12\/logo.png","contentUrl":"https:\/\/www.tourcruiser.com\/wp-content\/uploads\/2025\/12\/logo.png","width":200,"height":65,"caption":"STYLORAL PTE. LTD"},"image":{"@id":"\/#\/schema\/logo\/image\/"}}]}},"_links":{"self":[{"href":"https:\/\/tourcruiser.com\/fr\/wp-json\/wp\/v2\/product\/763350","targetHints":{"allow":["GET"]}}],"collection":[{"href":"https:\/\/tourcruiser.com\/fr\/wp-json\/wp\/v2\/product"}],"about":[{"href":"https:\/\/tourcruiser.com\/fr\/wp-json\/wp\/v2\/types\/product"}],"replies":[{"embeddable":true,"href":"https:\/\/tourcruiser.com\/fr\/wp-json\/wp\/v2\/comments?post=763350"}],"wp:featuredmedia":[{"embeddable":true,"href":"https:\/\/tourcruiser.com\/fr\/wp-json\/wp\/v2\/media\/763351"}],"wp:attachment":[{"href":"https:\/\/tourcruiser.com\/fr\/wp-json\/wp\/v2\/media?parent=763350"}],"wp:term":[{"taxonomy":"product_brand","embeddable":true,"href":"https:\/\/tourcruiser.com\/fr\/wp-json\/wp\/v2\/product_brand?post=763350"},{"taxonomy":"product_cat","embeddable":true,"href":"https:\/\/tourcruiser.com\/fr\/wp-json\/wp\/v2\/product_cat?post=763350"},{"taxonomy":"product_tag","embeddable":true,"href":"https:\/\/tourcruiser.com\/fr\/wp-json\/wp\/v2\/product_tag?post=763350"}],"curies":[{"name":"wp","href":"https:\/\/api.w.org\/{rel}","templated":true}]}}